{"id":299136,"date":"2025-07-24T07:30:22","date_gmt":"2025-07-24T06:30:22","guid":{"rendered":"https:\/\/ecosupplements.be\/product\/ampk-formula\/"},"modified":"2025-08-28T02:13:36","modified_gmt":"2025-08-28T01:13:36","slug":"ampk-formula","status":"publish","type":"product","link":"https:\/\/ecosupplements.be\/fr\/produit\/ampk-formula\/","title":{"rendered":"Formule AMPK"},"content":{"rendered":"<h2>Description du Produit<\/h2>\n<p><strong>Nom du produit :<\/strong> Life Extension AMPK Metabolic Formula (30 comprim\u00e9s)<\/p>\n<p><strong>Ingr\u00e9dients principaux :<\/strong> Hesp\u00e9ridine, extrait de feuille de gynostemma (Gynostemma pentaphyllum), carbonate de calcium. Les agents de charge incluent la cellulose microcristalline et le carboxym\u00e9thylcellulose sodique crois\u00e9, avec des agents anti-agglom\u00e9rants tels que les acides gras et le dioxyde de silicium.<\/p>\n<p>Ce produit est formul\u00e9 \u00e0 partir d&#8217;ingr\u00e9dients d&#8217;origine naturelle, mettant en avant l&#8217;utilisation d&#8217;extrait de feuille de gynostemma et l&#8217;hesp\u00e9ridine. Ces composants sont reconnus pour leur puret\u00e9 \u00e9lev\u00e9e et leur origine naturelle.<\/p>\n<p><strong>Contenu et emballage :<\/strong> Chaque bo\u00eete contient 30 comprim\u00e9s, conditionn\u00e9s pour maintenir la fra\u00eecheur et prot\u00e9g\u00e9s par un emballage pratique \u00e0 ouvrir.<\/p>\n<p><strong>Utilisation :<\/strong> Il est recommand\u00e9 de prendre un (1) comprim\u00e9 par jour. Ce format simple facilite l&#8217;int\u00e9gration du produit dans votre routine quotidienne sans complication.<\/p>\n<p>Ce compl\u00e9ment se distingue par sa facilit\u00e9 d&#8217;utilisation au quotidien. Il s&#8217;int\u00e8gre parfaitement dans un mode de vie actif gr\u00e2ce \u00e0 son format pratique qui peut \u00eatre facilement emport\u00e9 partout.<\/p>\n<p>Avec une approche ax\u00e9e sur la qualit\u00e9 des ingr\u00e9dients naturels, ce produit est un choix id\u00e9al pour ceux qui valorisent les composants purs dans leur r\u00e9gime quotidien sans pr\u00e9tendre \u00e0 des effets sp\u00e9cifiques sur la sant\u00e9 ou le bien-\u00eatre physique.<\/p>\n","protected":false},"excerpt":{"rendered":"<p>Description du Produit Nom du produit : Life Extension AMPK Metabolic Formula (30 comprim\u00e9s) Ingr\u00e9dients principaux : Hesp\u00e9ridine, extrait de feuille de gynostemma (Gynostemma pentaphyllum), carbonate de calcium. Les agents de charge incluent la cellulose microcristalline et le carboxym\u00e9thylcellulose sodique crois\u00e9, avec des agents anti-agglom\u00e9rants tels que les acides gras et le dioxyde de silicium. [&#8230;]\n","protected":false},"featured_media":273282,"comment_status":"closed","ping_status":"open","template":"","meta":[],"product_brand":[4723],"product_cat":[5053],"product_tag":[],"class_list":{"0":"post-299136","1":"product","2":"type-product","3":"status-publish","4":"has-post-thumbnail","6":"product_brand-life-extension-2","7":"product_cat-vitamines-et-mineraux","9":"first","10":"instock","11":"taxable","12":"shipping-taxable","13":"purchasable","14":"product-type-simple"},"yoast_head":"<!-- This site is optimized with the Yoast SEO Premium plugin v27.3 (Yoast SEO v27.3) - https:\/\/yoast.com\/product\/yoast-seo-premium-wordpress\/ -->\n<title>Formule AMPK - ECO Supplements<\/title>\n<meta name=\"description\" content=\"Wij hebben een ruime keuze aan producten van Formule AMPK . Winkel bij Eco Supplements altijd gratis verzending boven 100\u20ac\" \/>\n<meta name=\"robots\" content=\"index, follow, max-snippet:-1, max-image-preview:large, max-video-preview:-1\" \/>\n<link rel=\"canonical\" href=\"https:\/\/ecosupplements.be\/fr\/produit\/ampk-formula\/\" \/>\n<meta property=\"og:locale\" content=\"fr_FR\" \/>\n<meta property=\"og:type\" content=\"article\" \/>\n<meta property=\"og:title\" content=\"Formule AMPK\" \/>\n<meta property=\"og:description\" content=\"Wij hebben een ruime keuze aan producten van Formule AMPK . Winkel bij Eco Supplements altijd gratis verzending boven 100\u20ac\" \/>\n<meta property=\"og:url\" content=\"https:\/\/ecosupplements.be\/fr\/produit\/ampk-formula\/\" \/>\n<meta property=\"og:site_name\" content=\"ECO Supplements\" \/>\n<meta property=\"article:modified_time\" content=\"2025-08-28T01:13:36+00:00\" \/>\n<meta property=\"og:image\" content=\"https:\/\/ecosupplements.be\/wp-content\/uploads\/2025\/08\/Life-Extension-AMPK-Formula.webp\" \/>\n\t<meta property=\"og:image:width\" content=\"1024\" \/>\n\t<meta property=\"og:image:height\" content=\"1024\" \/>\n\t<meta property=\"og:image:type\" content=\"image\/webp\" \/>\n<meta name=\"twitter:card\" content=\"summary_large_image\" \/>\n<meta name=\"twitter:label1\" content=\"Prix\" \/>\n\t<meta name=\"twitter:data1\" content=\"39.81&nbsp;&euro;\" \/>\n\t<meta name=\"twitter:label2\" content=\"Disponibilit\u00e9\" \/>\n\t<meta name=\"twitter:data2\" content=\"En stock\" \/>\n<script type=\"application\/ld+json\" class=\"yoast-schema-graph\">{\"@context\":\"https:\\\/\\\/schema.org\",\"@graph\":[{\"@type\":[\"WebPage\",\"ItemPage\"],\"@id\":\"https:\\\/\\\/ecosupplements.be\\\/fr\\\/produit\\\/ampk-formula\\\/\",\"url\":\"https:\\\/\\\/ecosupplements.be\\\/fr\\\/produit\\\/ampk-formula\\\/\",\"name\":\"Formule AMPK - ECO Supplements\",\"isPartOf\":{\"@id\":\"https:\\\/\\\/ecosupplements.be\\\/fr\\\/#website\"},\"primaryImageOfPage\":{\"@id\":\"https:\\\/\\\/ecosupplements.be\\\/fr\\\/produit\\\/ampk-formula\\\/#primaryimage\"},\"image\":{\"@id\":\"https:\\\/\\\/ecosupplements.be\\\/fr\\\/produit\\\/ampk-formula\\\/#primaryimage\"},\"thumbnailUrl\":\"https:\\\/\\\/ecosupplements.be\\\/wp-content\\\/uploads\\\/2025\\\/08\\\/AMPK-Formula.webp\",\"datePublished\":\"2025-07-24T06:30:22+00:00\",\"dateModified\":\"2025-08-28T01:13:36+00:00\",\"description\":\"Wij hebben een ruime keuze aan producten van Formule AMPK . Winkel bij Eco Supplements altijd gratis verzending boven 100\u20ac\",\"breadcrumb\":{\"@id\":\"https:\\\/\\\/ecosupplements.be\\\/fr\\\/produit\\\/ampk-formula\\\/#breadcrumb\"},\"inLanguage\":\"fr-FR\",\"potentialAction\":[{\"@type\":\"ReadAction\",\"target\":[\"https:\\\/\\\/ecosupplements.be\\\/fr\\\/produit\\\/ampk-formula\\\/\"]}]},{\"@type\":\"ImageObject\",\"inLanguage\":\"fr-FR\",\"@id\":\"https:\\\/\\\/ecosupplements.be\\\/fr\\\/produit\\\/ampk-formula\\\/#primaryimage\",\"url\":\"https:\\\/\\\/ecosupplements.be\\\/wp-content\\\/uploads\\\/2025\\\/08\\\/AMPK-Formula.webp\",\"contentUrl\":\"https:\\\/\\\/ecosupplements.be\\\/wp-content\\\/uploads\\\/2025\\\/08\\\/AMPK-Formula.webp\",\"width\":1024,\"height\":1024},{\"@type\":\"BreadcrumbList\",\"@id\":\"https:\\\/\\\/ecosupplements.be\\\/fr\\\/produit\\\/ampk-formula\\\/#breadcrumb\",\"itemListElement\":[{\"@type\":\"ListItem\",\"position\":1,\"name\":\"Home\",\"item\":\"https:\\\/\\\/ecosupplements.be\\\/fr\\\/\"},{\"@type\":\"ListItem\",\"position\":2,\"name\":\"Boutique\",\"item\":\"https:\\\/\\\/ecosupplements.be\\\/fr\\\/boutique\\\/\"},{\"@type\":\"ListItem\",\"position\":3,\"name\":\"Formule AMPK\"}]},{\"@type\":\"WebSite\",\"@id\":\"https:\\\/\\\/ecosupplements.be\\\/fr\\\/#website\",\"url\":\"https:\\\/\\\/ecosupplements.be\\\/fr\\\/\",\"name\":\"ECO Supplements\",\"description\":\"Eco Supplements - Gezonde supplementen\",\"publisher\":{\"@id\":\"https:\\\/\\\/ecosupplements.be\\\/fr\\\/#organization\"},\"potentialAction\":[{\"@type\":\"SearchAction\",\"target\":{\"@type\":\"EntryPoint\",\"urlTemplate\":\"https:\\\/\\\/ecosupplements.be\\\/fr\\\/?s={search_term_string}\"},\"query-input\":{\"@type\":\"PropertyValueSpecification\",\"valueRequired\":true,\"valueName\":\"search_term_string\"}}],\"inLanguage\":\"fr-FR\"},{\"@type\":\"Organization\",\"@id\":\"https:\\\/\\\/ecosupplements.be\\\/fr\\\/#organization\",\"name\":\"Eco Supplements\",\"url\":\"https:\\\/\\\/ecosupplements.be\\\/fr\\\/\",\"logo\":{\"@type\":\"ImageObject\",\"inLanguage\":\"fr-FR\",\"@id\":\"https:\\\/\\\/ecosupplements.be\\\/fr\\\/#\\\/schema\\\/logo\\\/image\\\/\",\"url\":\"https:\\\/\\\/ecosupplements.be\\\/wp-content\\\/uploads\\\/2022\\\/06\\\/ecosupplement-family.png\",\"contentUrl\":\"https:\\\/\\\/ecosupplements.be\\\/wp-content\\\/uploads\\\/2022\\\/06\\\/ecosupplement-family.png\",\"width\":593,\"height\":374,\"caption\":\"Eco Supplements\"},\"image\":{\"@id\":\"https:\\\/\\\/ecosupplements.be\\\/fr\\\/#\\\/schema\\\/logo\\\/image\\\/\"}}]}<\/script>\n<meta property=\"product:brand\" content=\"Life Extension\" \/>\n<meta property=\"product:price:amount\" content=\"39.81\" \/>\n<meta property=\"product:price:currency\" content=\"EUR\" \/>\n<meta property=\"og:availability\" content=\"instock\" \/>\n<meta property=\"product:availability\" content=\"instock\" \/>\n<meta property=\"product:retailer_item_id\" content=\"8719327044667\" \/>\n<meta property=\"product:condition\" content=\"new\" \/>\n<!-- \/ Yoast SEO Premium plugin. -->","yoast_head_json":{"title":"Formule AMPK - ECO Supplements","description":"Wij hebben een ruime keuze aan producten van Formule AMPK . Winkel bij Eco Supplements altijd gratis verzending boven 100\u20ac","robots":{"index":"index","follow":"follow","max-snippet":"max-snippet:-1","max-image-preview":"max-image-preview:large","max-video-preview":"max-video-preview:-1"},"canonical":"https:\/\/ecosupplements.be\/fr\/produit\/ampk-formula\/","og_locale":"fr_FR","og_type":"article","og_title":"Formule AMPK","og_description":"Wij hebben een ruime keuze aan producten van Formule AMPK . Winkel bij Eco Supplements altijd gratis verzending boven 100\u20ac","og_url":"https:\/\/ecosupplements.be\/fr\/produit\/ampk-formula\/","og_site_name":"ECO Supplements","article_modified_time":"2025-08-28T01:13:36+00:00","og_image":[{"width":1024,"height":1024,"url":"https:\/\/ecosupplements.be\/wp-content\/uploads\/2025\/08\/Life-Extension-AMPK-Formula.webp","type":"image\/webp"}],"twitter_card":"summary_large_image","twitter_misc":{"Prix":"39.81&nbsp;&euro;","Disponibilit\u00e9":"En stock"},"schema":{"@context":"https:\/\/schema.org","@graph":[{"@type":["WebPage","ItemPage"],"@id":"https:\/\/ecosupplements.be\/fr\/produit\/ampk-formula\/","url":"https:\/\/ecosupplements.be\/fr\/produit\/ampk-formula\/","name":"Formule AMPK - ECO Supplements","isPartOf":{"@id":"https:\/\/ecosupplements.be\/fr\/#website"},"primaryImageOfPage":{"@id":"https:\/\/ecosupplements.be\/fr\/produit\/ampk-formula\/#primaryimage"},"image":{"@id":"https:\/\/ecosupplements.be\/fr\/produit\/ampk-formula\/#primaryimage"},"thumbnailUrl":"https:\/\/ecosupplements.be\/wp-content\/uploads\/2025\/08\/AMPK-Formula.webp","datePublished":"2025-07-24T06:30:22+00:00","dateModified":"2025-08-28T01:13:36+00:00","description":"Wij hebben een ruime keuze aan producten van Formule AMPK . Winkel bij Eco Supplements altijd gratis verzending boven 100\u20ac","breadcrumb":{"@id":"https:\/\/ecosupplements.be\/fr\/produit\/ampk-formula\/#breadcrumb"},"inLanguage":"fr-FR","potentialAction":[{"@type":"ReadAction","target":["https:\/\/ecosupplements.be\/fr\/produit\/ampk-formula\/"]}]},{"@type":"ImageObject","inLanguage":"fr-FR","@id":"https:\/\/ecosupplements.be\/fr\/produit\/ampk-formula\/#primaryimage","url":"https:\/\/ecosupplements.be\/wp-content\/uploads\/2025\/08\/AMPK-Formula.webp","contentUrl":"https:\/\/ecosupplements.be\/wp-content\/uploads\/2025\/08\/AMPK-Formula.webp","width":1024,"height":1024},{"@type":"BreadcrumbList","@id":"https:\/\/ecosupplements.be\/fr\/produit\/ampk-formula\/#breadcrumb","itemListElement":[{"@type":"ListItem","position":1,"name":"Home","item":"https:\/\/ecosupplements.be\/fr\/"},{"@type":"ListItem","position":2,"name":"Boutique","item":"https:\/\/ecosupplements.be\/fr\/boutique\/"},{"@type":"ListItem","position":3,"name":"Formule AMPK"}]},{"@type":"WebSite","@id":"https:\/\/ecosupplements.be\/fr\/#website","url":"https:\/\/ecosupplements.be\/fr\/","name":"ECO Supplements","description":"Eco Supplements - Gezonde supplementen","publisher":{"@id":"https:\/\/ecosupplements.be\/fr\/#organization"},"potentialAction":[{"@type":"SearchAction","target":{"@type":"EntryPoint","urlTemplate":"https:\/\/ecosupplements.be\/fr\/?s={search_term_string}"},"query-input":{"@type":"PropertyValueSpecification","valueRequired":true,"valueName":"search_term_string"}}],"inLanguage":"fr-FR"},{"@type":"Organization","@id":"https:\/\/ecosupplements.be\/fr\/#organization","name":"Eco Supplements","url":"https:\/\/ecosupplements.be\/fr\/","logo":{"@type":"ImageObject","inLanguage":"fr-FR","@id":"https:\/\/ecosupplements.be\/fr\/#\/schema\/logo\/image\/","url":"https:\/\/ecosupplements.be\/wp-content\/uploads\/2022\/06\/ecosupplement-family.png","contentUrl":"https:\/\/ecosupplements.be\/wp-content\/uploads\/2022\/06\/ecosupplement-family.png","width":593,"height":374,"caption":"Eco Supplements"},"image":{"@id":"https:\/\/ecosupplements.be\/fr\/#\/schema\/logo\/image\/"}}]},"product_brand":"Life Extension","product_price_amount":"39.81","product_price_currency":"EUR","og_availability":"instock","product_availability":"instock","product_retailer_item_id":"8719327044667","product_condition":"new"},"_links":{"self":[{"href":"https:\/\/ecosupplements.be\/fr\/wp-json\/wp\/v2\/product\/299136","targetHints":{"allow":["GET"]}}],"collection":[{"href":"https:\/\/ecosupplements.be\/fr\/wp-json\/wp\/v2\/product"}],"about":[{"href":"https:\/\/ecosupplements.be\/fr\/wp-json\/wp\/v2\/types\/product"}],"replies":[{"embeddable":true,"href":"https:\/\/ecosupplements.be\/fr\/wp-json\/wp\/v2\/comments?post=299136"}],"wp:featuredmedia":[{"embeddable":true,"href":"https:\/\/ecosupplements.be\/fr\/wp-json\/wp\/v2\/media\/273282"}],"wp:attachment":[{"href":"https:\/\/ecosupplements.be\/fr\/wp-json\/wp\/v2\/media?parent=299136"}],"wp:term":[{"taxonomy":"product_brand","embeddable":true,"href":"https:\/\/ecosupplements.be\/fr\/wp-json\/wp\/v2\/product_brand?post=299136"},{"taxonomy":"product_cat","embeddable":true,"href":"https:\/\/ecosupplements.be\/fr\/wp-json\/wp\/v2\/product_cat?post=299136"},{"taxonomy":"product_tag","embeddable":true,"href":"https:\/\/ecosupplements.be\/fr\/wp-json\/wp\/v2\/product_tag?post=299136"}],"curies":[{"name":"wp","href":"https:\/\/api.w.org\/{rel}","templated":true}]}}