{"id":299191,"date":"2025-07-24T08:01:22","date_gmt":"2025-07-24T07:01:22","guid":{"rendered":"https:\/\/ecosupplements.be\/product\/cardiovascular-support-for-dogs-cats\/"},"modified":"2025-08-28T02:14:25","modified_gmt":"2025-08-28T01:14:25","slug":"cardiovascular-support-for-dogs-cats","status":"publish","type":"product","link":"https:\/\/ecosupplements.be\/fr\/produit\/cardiovascular-support-for-dogs-cats\/","title":{"rendered":"Soutien cardiovasculaire pour chiens et chats"},"content":{"rendered":"<h2>NOW Pet Health Cardiovascular Support for Dogs &amp; Cats<\/h2>\n<p>D\u00e9couvrez notre compl\u00e9ment unique pour chiens et chats, con\u00e7u avec une s\u00e9lection d&#8217;ingr\u00e9dients de haute qualit\u00e9. Ce produit est formul\u00e9 \u00e0 partir de L-Carnitine, Taurine, extrait de feuille\/fleur d&#8217;aub\u00e9pine, CoQ10, racine de pissenlit biologique, vitamine E et magn\u00e9sium.Pour rendre son utilisation plus agr\u00e9able pour vos animaux, il est aromatis\u00e9 avec du bouillon de poulet en poudre et contient un peu de silice.<\/p>\n<p>Ce suppl\u00e9ment se pr\u00e9sente sous forme de poudre dans un emballage pratique contenant 127 grammes du produit. Il est facile \u00e0 utiliser au quotidien gr\u00e2ce \u00e0 sa texture fine qui peut \u00eatre ais\u00e9ment m\u00e9lang\u00e9e \u00e0 la nourriture habituelle de votre animal.<\/p>\n<p>Optez pour ce choix naturel qui int\u00e8gre des composants purs et simples dans la routine quotidienne de vos compagnons \u00e0 quatre pattes. Un produit pratique pour le quotidien qui s&#8217;int\u00e8gre sans effort dans un mode vie actif.<\/p>\n<p><strong>Ingr\u00e9dients principaux :<\/strong> L-Carnitine, Taurine, Extrait d&#8217;Aub\u00e9pine (feuille\/fleur), CoQ10 (Coenzyme Q10), Racine de Pissenlit Biologique, vitamine E et Magn\u00e9sium.<\/p>\n<p><strong>Saveur :<\/strong> Bouillon d&#8217;os de poulet en poudre<\/p>\n<p><strong>Contenu et emballage :<\/strong> Bo\u00eete contenant 127 grammes du produit en poudre.<\/p>\n<p><strong>Utilisation recommand\u00e9e :<\/strong> Ajouter quotidiennement selon les instructions sur l&#8217;emballage ou suivant les recommandations d&#8217;un professionnel.<\/p>\n<p>Faites le choix d&#8217;un compl\u00e9ment simple mais raffin\u00e9 pour vos animaux domestiques avec NOW Pet health Cardiovascular Support for Dogs &amp; Cats!<\/p>\n","protected":false},"excerpt":{"rendered":"<p>NOW Pet Health Cardiovascular Support for Dogs &amp; Cats D\u00e9couvrez notre compl\u00e9ment unique pour chiens et chats, con\u00e7u avec une s\u00e9lection d&#8217;ingr\u00e9dients de haute qualit\u00e9. Ce produit est formul\u00e9 \u00e0 partir de L-Carnitine, Taurine, extrait de feuille\/fleur d&#8217;aub\u00e9pine, CoQ10, racine de pissenlit biologique, vitamine E et magn\u00e9sium.Pour rendre son utilisation plus agr\u00e9able pour vos animaux, [&#8230;]\n","protected":false},"featured_media":299192,"comment_status":"closed","ping_status":"open","template":"","meta":[],"product_brand":[5336],"product_cat":[5052,5133],"product_tag":[],"class_list":{"0":"post-299191","1":"product","2":"type-product","3":"status-publish","4":"has-post-thumbnail","6":"product_brand-now-pets-2","7":"product_cat-sante-et-bien-etre","8":"product_cat-supplements-pour-animaux-de-compagnie","10":"first","11":"outofstock","12":"taxable","13":"shipping-taxable","14":"purchasable","15":"product-type-simple"},"yoast_head":"<!-- This site is optimized with the Yoast SEO Premium plugin v27.3 (Yoast SEO v27.3) - https:\/\/yoast.com\/product\/yoast-seo-premium-wordpress\/ -->\n<title>Soutien cardiovasculaire pour chiens et chats - ECO Supplements<\/title>\n<meta name=\"description\" content=\"Wij hebben een ruime keuze aan producten van Soutien cardiovasculaire pour chiens et chats . Winkel bij Eco Supplements altijd gratis verzending boven 100\u20ac\" \/>\n<meta name=\"robots\" content=\"index, follow, max-snippet:-1, max-image-preview:large, max-video-preview:-1\" \/>\n<link rel=\"canonical\" href=\"https:\/\/ecosupplements.be\/fr\/produit\/cardiovascular-support-for-dogs-cats\/\" \/>\n<meta property=\"og:locale\" content=\"fr_FR\" \/>\n<meta property=\"og:type\" content=\"article\" \/>\n<meta property=\"og:title\" content=\"Soutien cardiovasculaire pour chiens et chats\" \/>\n<meta property=\"og:description\" content=\"Wij hebben een ruime keuze aan producten van Soutien cardiovasculaire pour chiens et chats . Winkel bij Eco Supplements altijd gratis verzending boven 100\u20ac\" \/>\n<meta property=\"og:url\" content=\"https:\/\/ecosupplements.be\/fr\/produit\/cardiovascular-support-for-dogs-cats\/\" \/>\n<meta property=\"og:site_name\" content=\"ECO Supplements\" \/>\n<meta property=\"article:modified_time\" content=\"2025-08-28T01:14:25+00:00\" \/>\n<meta property=\"og:image\" content=\"https:\/\/ecosupplements.be\/wp-content\/uploads\/2025\/08\/NOW-Pets-Cardiovascular-Support-for-Dogs-Cats.webp\" \/>\n\t<meta property=\"og:image:width\" content=\"1024\" \/>\n\t<meta property=\"og:image:height\" content=\"1024\" \/>\n\t<meta property=\"og:image:type\" content=\"image\/webp\" \/>\n<meta name=\"twitter:card\" content=\"summary_large_image\" \/>\n<meta name=\"twitter:label1\" content=\"Prix\" \/>\n\t<meta name=\"twitter:data1\" content=\"26.54&nbsp;&euro;\" \/>\n\t<meta name=\"twitter:label2\" content=\"Disponibilit\u00e9\" \/>\n\t<meta name=\"twitter:data2\" content=\"Rupture de stock\" \/>\n<script type=\"application\/ld+json\" class=\"yoast-schema-graph\">{\"@context\":\"https:\\\/\\\/schema.org\",\"@graph\":[{\"@type\":[\"WebPage\",\"ItemPage\"],\"@id\":\"https:\\\/\\\/ecosupplements.be\\\/fr\\\/produit\\\/cardiovascular-support-for-dogs-cats\\\/\",\"url\":\"https:\\\/\\\/ecosupplements.be\\\/fr\\\/produit\\\/cardiovascular-support-for-dogs-cats\\\/\",\"name\":\"Soutien cardiovasculaire pour chiens et chats - ECO Supplements\",\"isPartOf\":{\"@id\":\"https:\\\/\\\/ecosupplements.be\\\/fr\\\/#website\"},\"primaryImageOfPage\":{\"@id\":\"https:\\\/\\\/ecosupplements.be\\\/fr\\\/produit\\\/cardiovascular-support-for-dogs-cats\\\/#primaryimage\"},\"image\":{\"@id\":\"https:\\\/\\\/ecosupplements.be\\\/fr\\\/produit\\\/cardiovascular-support-for-dogs-cats\\\/#primaryimage\"},\"thumbnailUrl\":\"https:\\\/\\\/ecosupplements.be\\\/wp-content\\\/uploads\\\/2025\\\/08\\\/NOW-Pets-Cardiovascular-Support-for-Dogs-Cats.webp\",\"datePublished\":\"2025-07-24T07:01:22+00:00\",\"dateModified\":\"2025-08-28T01:14:25+00:00\",\"description\":\"Wij hebben een ruime keuze aan producten van Soutien cardiovasculaire pour chiens et chats . Winkel bij Eco Supplements altijd gratis verzending boven 100\u20ac\",\"breadcrumb\":{\"@id\":\"https:\\\/\\\/ecosupplements.be\\\/fr\\\/produit\\\/cardiovascular-support-for-dogs-cats\\\/#breadcrumb\"},\"inLanguage\":\"fr-FR\",\"potentialAction\":[{\"@type\":\"ReadAction\",\"target\":[\"https:\\\/\\\/ecosupplements.be\\\/fr\\\/produit\\\/cardiovascular-support-for-dogs-cats\\\/\"]}]},{\"@type\":\"ImageObject\",\"inLanguage\":\"fr-FR\",\"@id\":\"https:\\\/\\\/ecosupplements.be\\\/fr\\\/produit\\\/cardiovascular-support-for-dogs-cats\\\/#primaryimage\",\"url\":\"https:\\\/\\\/ecosupplements.be\\\/wp-content\\\/uploads\\\/2025\\\/08\\\/NOW-Pets-Cardiovascular-Support-for-Dogs-Cats.webp\",\"contentUrl\":\"https:\\\/\\\/ecosupplements.be\\\/wp-content\\\/uploads\\\/2025\\\/08\\\/NOW-Pets-Cardiovascular-Support-for-Dogs-Cats.webp\",\"width\":1024,\"height\":1024},{\"@type\":\"BreadcrumbList\",\"@id\":\"https:\\\/\\\/ecosupplements.be\\\/fr\\\/produit\\\/cardiovascular-support-for-dogs-cats\\\/#breadcrumb\",\"itemListElement\":[{\"@type\":\"ListItem\",\"position\":1,\"name\":\"Home\",\"item\":\"https:\\\/\\\/ecosupplements.be\\\/fr\\\/\"},{\"@type\":\"ListItem\",\"position\":2,\"name\":\"Boutique\",\"item\":\"https:\\\/\\\/ecosupplements.be\\\/fr\\\/boutique\\\/\"},{\"@type\":\"ListItem\",\"position\":3,\"name\":\"Soutien cardiovasculaire pour chiens et chats\"}]},{\"@type\":\"WebSite\",\"@id\":\"https:\\\/\\\/ecosupplements.be\\\/fr\\\/#website\",\"url\":\"https:\\\/\\\/ecosupplements.be\\\/fr\\\/\",\"name\":\"ECO Supplements\",\"description\":\"Eco Supplements - Gezonde supplementen\",\"publisher\":{\"@id\":\"https:\\\/\\\/ecosupplements.be\\\/fr\\\/#organization\"},\"potentialAction\":[{\"@type\":\"SearchAction\",\"target\":{\"@type\":\"EntryPoint\",\"urlTemplate\":\"https:\\\/\\\/ecosupplements.be\\\/fr\\\/?s={search_term_string}\"},\"query-input\":{\"@type\":\"PropertyValueSpecification\",\"valueRequired\":true,\"valueName\":\"search_term_string\"}}],\"inLanguage\":\"fr-FR\"},{\"@type\":\"Organization\",\"@id\":\"https:\\\/\\\/ecosupplements.be\\\/fr\\\/#organization\",\"name\":\"Eco Supplements\",\"url\":\"https:\\\/\\\/ecosupplements.be\\\/fr\\\/\",\"logo\":{\"@type\":\"ImageObject\",\"inLanguage\":\"fr-FR\",\"@id\":\"https:\\\/\\\/ecosupplements.be\\\/fr\\\/#\\\/schema\\\/logo\\\/image\\\/\",\"url\":\"https:\\\/\\\/ecosupplements.be\\\/wp-content\\\/uploads\\\/2022\\\/06\\\/ecosupplement-family.png\",\"contentUrl\":\"https:\\\/\\\/ecosupplements.be\\\/wp-content\\\/uploads\\\/2022\\\/06\\\/ecosupplement-family.png\",\"width\":593,\"height\":374,\"caption\":\"Eco Supplements\"},\"image\":{\"@id\":\"https:\\\/\\\/ecosupplements.be\\\/fr\\\/#\\\/schema\\\/logo\\\/image\\\/\"}}]}<\/script>\n<meta property=\"product:brand\" content=\"NOW Pets\" \/>\n<meta property=\"product:price:amount\" content=\"26.54\" \/>\n<meta property=\"product:price:currency\" content=\"EUR\" \/>\n<meta property=\"og:availability\" content=\"out of stock\" \/>\n<meta property=\"product:availability\" content=\"out of stock\" \/>\n<meta property=\"product:retailer_item_id\" content=\"733739043061\" \/>\n<meta property=\"product:condition\" content=\"new\" \/>\n<!-- \/ Yoast SEO Premium plugin. -->","yoast_head_json":{"title":"Soutien cardiovasculaire pour chiens et chats - ECO Supplements","description":"Wij hebben een ruime keuze aan producten van Soutien cardiovasculaire pour chiens et chats . Winkel bij Eco Supplements altijd gratis verzending boven 100\u20ac","robots":{"index":"index","follow":"follow","max-snippet":"max-snippet:-1","max-image-preview":"max-image-preview:large","max-video-preview":"max-video-preview:-1"},"canonical":"https:\/\/ecosupplements.be\/fr\/produit\/cardiovascular-support-for-dogs-cats\/","og_locale":"fr_FR","og_type":"article","og_title":"Soutien cardiovasculaire pour chiens et chats","og_description":"Wij hebben een ruime keuze aan producten van Soutien cardiovasculaire pour chiens et chats . Winkel bij Eco Supplements altijd gratis verzending boven 100\u20ac","og_url":"https:\/\/ecosupplements.be\/fr\/produit\/cardiovascular-support-for-dogs-cats\/","og_site_name":"ECO Supplements","article_modified_time":"2025-08-28T01:14:25+00:00","og_image":[{"width":1024,"height":1024,"url":"https:\/\/ecosupplements.be\/wp-content\/uploads\/2025\/08\/NOW-Pets-Cardiovascular-Support-for-Dogs-Cats.webp","type":"image\/webp"}],"twitter_card":"summary_large_image","twitter_misc":{"Prix":"26.54&nbsp;&euro;","Disponibilit\u00e9":"Rupture de stock"},"schema":{"@context":"https:\/\/schema.org","@graph":[{"@type":["WebPage","ItemPage"],"@id":"https:\/\/ecosupplements.be\/fr\/produit\/cardiovascular-support-for-dogs-cats\/","url":"https:\/\/ecosupplements.be\/fr\/produit\/cardiovascular-support-for-dogs-cats\/","name":"Soutien cardiovasculaire pour chiens et chats - ECO Supplements","isPartOf":{"@id":"https:\/\/ecosupplements.be\/fr\/#website"},"primaryImageOfPage":{"@id":"https:\/\/ecosupplements.be\/fr\/produit\/cardiovascular-support-for-dogs-cats\/#primaryimage"},"image":{"@id":"https:\/\/ecosupplements.be\/fr\/produit\/cardiovascular-support-for-dogs-cats\/#primaryimage"},"thumbnailUrl":"https:\/\/ecosupplements.be\/wp-content\/uploads\/2025\/08\/NOW-Pets-Cardiovascular-Support-for-Dogs-Cats.webp","datePublished":"2025-07-24T07:01:22+00:00","dateModified":"2025-08-28T01:14:25+00:00","description":"Wij hebben een ruime keuze aan producten van Soutien cardiovasculaire pour chiens et chats . Winkel bij Eco Supplements altijd gratis verzending boven 100\u20ac","breadcrumb":{"@id":"https:\/\/ecosupplements.be\/fr\/produit\/cardiovascular-support-for-dogs-cats\/#breadcrumb"},"inLanguage":"fr-FR","potentialAction":[{"@type":"ReadAction","target":["https:\/\/ecosupplements.be\/fr\/produit\/cardiovascular-support-for-dogs-cats\/"]}]},{"@type":"ImageObject","inLanguage":"fr-FR","@id":"https:\/\/ecosupplements.be\/fr\/produit\/cardiovascular-support-for-dogs-cats\/#primaryimage","url":"https:\/\/ecosupplements.be\/wp-content\/uploads\/2025\/08\/NOW-Pets-Cardiovascular-Support-for-Dogs-Cats.webp","contentUrl":"https:\/\/ecosupplements.be\/wp-content\/uploads\/2025\/08\/NOW-Pets-Cardiovascular-Support-for-Dogs-Cats.webp","width":1024,"height":1024},{"@type":"BreadcrumbList","@id":"https:\/\/ecosupplements.be\/fr\/produit\/cardiovascular-support-for-dogs-cats\/#breadcrumb","itemListElement":[{"@type":"ListItem","position":1,"name":"Home","item":"https:\/\/ecosupplements.be\/fr\/"},{"@type":"ListItem","position":2,"name":"Boutique","item":"https:\/\/ecosupplements.be\/fr\/boutique\/"},{"@type":"ListItem","position":3,"name":"Soutien cardiovasculaire pour chiens et chats"}]},{"@type":"WebSite","@id":"https:\/\/ecosupplements.be\/fr\/#website","url":"https:\/\/ecosupplements.be\/fr\/","name":"ECO Supplements","description":"Eco Supplements - Gezonde supplementen","publisher":{"@id":"https:\/\/ecosupplements.be\/fr\/#organization"},"potentialAction":[{"@type":"SearchAction","target":{"@type":"EntryPoint","urlTemplate":"https:\/\/ecosupplements.be\/fr\/?s={search_term_string}"},"query-input":{"@type":"PropertyValueSpecification","valueRequired":true,"valueName":"search_term_string"}}],"inLanguage":"fr-FR"},{"@type":"Organization","@id":"https:\/\/ecosupplements.be\/fr\/#organization","name":"Eco Supplements","url":"https:\/\/ecosupplements.be\/fr\/","logo":{"@type":"ImageObject","inLanguage":"fr-FR","@id":"https:\/\/ecosupplements.be\/fr\/#\/schema\/logo\/image\/","url":"https:\/\/ecosupplements.be\/wp-content\/uploads\/2022\/06\/ecosupplement-family.png","contentUrl":"https:\/\/ecosupplements.be\/wp-content\/uploads\/2022\/06\/ecosupplement-family.png","width":593,"height":374,"caption":"Eco Supplements"},"image":{"@id":"https:\/\/ecosupplements.be\/fr\/#\/schema\/logo\/image\/"}}]},"product_brand":"NOW Pets","product_price_amount":"26.54","product_price_currency":"EUR","og_availability":"out of stock","product_availability":"out of stock","product_retailer_item_id":"733739043061","product_condition":"new"},"_links":{"self":[{"href":"https:\/\/ecosupplements.be\/fr\/wp-json\/wp\/v2\/product\/299191","targetHints":{"allow":["GET"]}}],"collection":[{"href":"https:\/\/ecosupplements.be\/fr\/wp-json\/wp\/v2\/product"}],"about":[{"href":"https:\/\/ecosupplements.be\/fr\/wp-json\/wp\/v2\/types\/product"}],"replies":[{"embeddable":true,"href":"https:\/\/ecosupplements.be\/fr\/wp-json\/wp\/v2\/comments?post=299191"}],"wp:featuredmedia":[{"embeddable":true,"href":"https:\/\/ecosupplements.be\/fr\/wp-json\/wp\/v2\/media\/299192"}],"wp:attachment":[{"href":"https:\/\/ecosupplements.be\/fr\/wp-json\/wp\/v2\/media?parent=299191"}],"wp:term":[{"taxonomy":"product_brand","embeddable":true,"href":"https:\/\/ecosupplements.be\/fr\/wp-json\/wp\/v2\/product_brand?post=299191"},{"taxonomy":"product_cat","embeddable":true,"href":"https:\/\/ecosupplements.be\/fr\/wp-json\/wp\/v2\/product_cat?post=299191"},{"taxonomy":"product_tag","embeddable":true,"href":"https:\/\/ecosupplements.be\/fr\/wp-json\/wp\/v2\/product_tag?post=299191"}],"curies":[{"name":"wp","href":"https:\/\/api.w.org\/{rel}","templated":true}]}}