{"id":299282,"date":"2025-07-24T05:30:27","date_gmt":"2025-07-24T04:30:27","guid":{"rendered":"https:\/\/ecosupplements.be\/product\/zinc-capsules-15-mg\/"},"modified":"2025-08-28T02:15:37","modified_gmt":"2025-08-28T01:15:37","slug":"zinc-capsules-15-mg","status":"publish","type":"product","link":"https:\/\/ecosupplements.be\/fr\/produit\/zinc-capsules-15-mg\/","title":{"rendered":"Capsules de Zinc 15 mg"},"content":{"rendered":"<h2>Description du Produit<\/h2>\n<p><strong>Nom du produit :<\/strong> Life Extension Zinc Capsules 15 mg<\/p>\n<p><strong>Ingr\u00e9dients principaux :<\/strong> Ce produit contient une combinaison d&#8217;OptiZinc\u00ae (zinc mono-L-m\u00e9thionine) et de citrate de zinc. Les capsules sont remplies avec de la cellulose microcristalline\/cellulose gel, et les agents anti-agglom\u00e9rants utilis\u00e9s sont les sels de magn\u00e9sium d&#8217;acides gras et le dioxyde de silicium [nano].<\/p>\n<p><strong>Contenu et emballage :<\/strong> Chaque bo\u00eete contient 150 capsules v\u00e9g\u00e9tariennes, adapt\u00e9es aux r\u00e9gimes v\u00e9g\u00e9tariens et v\u00e9gans.<\/p>\n<p><strong>Utilisation :<\/strong> Pour une utilisation quotidienne, suivre la dose recommand\u00e9e indiqu\u00e9e sur l&#8217;emballage.<\/p>\n<p><b>Caract\u00e9ristiques pratiques :<\/b> Ces capsules sont con\u00e7ues pour \u00eatre faciles \u00e0 utiliser au quotidien.Leur format pratique permet une int\u00e9gration simple dans votre routine journali\u00e8re.<\/p>\n<p>Ce produit est un choix parfait pour ceux qui appr\u00e9cient les ingr\u00e9dients naturels dans un mode de vie actif. Il est fabriqu\u00e9 sans OGM,ce qui souligne notre engagement envers des produits de haute qualit\u00e9 respectueux des pr\u00e9f\u00e9rences alimentaires modernes.<\/p>\n","protected":false},"excerpt":{"rendered":"<p>Description du Produit Nom du produit : Life Extension Zinc Capsules 15 mg Ingr\u00e9dients principaux : Ce produit contient une combinaison d&#8217;OptiZinc\u00ae (zinc mono-L-m\u00e9thionine) et de citrate de zinc. Les capsules sont remplies avec de la cellulose microcristalline\/cellulose gel, et les agents anti-agglom\u00e9rants utilis\u00e9s sont les sels de magn\u00e9sium d&#8217;acides gras et le dioxyde de [&#8230;]\n","protected":false},"featured_media":0,"comment_status":"closed","ping_status":"open","template":"","meta":[],"product_brand":[4723],"product_cat":[5064,5053],"product_tag":[],"class_list":{"0":"post-299282","1":"product","2":"type-product","3":"status-publish","5":"product_brand-life-extension-2","6":"product_cat-mineraux-simples","7":"product_cat-vitamines-et-mineraux","9":"first","10":"instock","11":"taxable","12":"shipping-taxable","13":"purchasable","14":"product-type-simple"},"yoast_head":"<!-- This site is optimized with the Yoast SEO Premium plugin v27.5 (Yoast SEO v27.5) - https:\/\/yoast.com\/product\/yoast-seo-premium-wordpress\/ -->\n<title>Capsules de Zinc 15 mg - ECO Supplements<\/title>\n<meta name=\"description\" content=\"Wij hebben een ruime keuze aan producten van Capsules de Zinc 15 mg . Winkel bij Eco Supplements altijd gratis verzending boven 100\u20ac\" \/>\n<meta name=\"robots\" content=\"index, follow, max-snippet:-1, max-image-preview:large, max-video-preview:-1\" \/>\n<link rel=\"canonical\" href=\"https:\/\/ecosupplements.be\/fr\/produit\/zinc-capsules-15-mg\/\" \/>\n<meta property=\"og:locale\" content=\"fr_FR\" \/>\n<meta property=\"og:type\" content=\"article\" \/>\n<meta property=\"og:title\" content=\"Capsules de Zinc 15 mg\" \/>\n<meta property=\"og:description\" content=\"Wij hebben een ruime keuze aan producten van Capsules de Zinc 15 mg . Winkel bij Eco Supplements altijd gratis verzending boven 100\u20ac\" \/>\n<meta property=\"og:url\" content=\"https:\/\/ecosupplements.be\/fr\/produit\/zinc-capsules-15-mg\/\" \/>\n<meta property=\"og:site_name\" content=\"ECO Supplements\" \/>\n<meta property=\"article:modified_time\" content=\"2025-08-28T01:15:37+00:00\" \/>\n<meta property=\"og:image\" content=\"https:\/\/ecosupplements.be\/wp-content\/uploads\/2022\/06\/ecosupplement-family.png\" \/>\n\t<meta property=\"og:image:width\" content=\"593\" \/>\n\t<meta property=\"og:image:height\" content=\"374\" \/>\n\t<meta property=\"og:image:type\" content=\"image\/png\" \/>\n<meta name=\"twitter:card\" content=\"summary_large_image\" \/>\n<meta name=\"twitter:label1\" content=\"Prix\" \/>\n\t<meta name=\"twitter:data1\" content=\"15.29&nbsp;&euro;\" \/>\n\t<meta name=\"twitter:label2\" content=\"Disponibilit\u00e9\" \/>\n\t<meta name=\"twitter:data2\" content=\"En stock\" \/>\n<script type=\"application\/ld+json\" class=\"yoast-schema-graph\">{\"@context\":\"https:\\\/\\\/schema.org\",\"@graph\":[{\"@type\":[\"WebPage\",\"ItemPage\"],\"@id\":\"https:\\\/\\\/ecosupplements.be\\\/fr\\\/produit\\\/zinc-capsules-15-mg\\\/\",\"url\":\"https:\\\/\\\/ecosupplements.be\\\/fr\\\/produit\\\/zinc-capsules-15-mg\\\/\",\"name\":\"Capsules de Zinc 15 mg - ECO Supplements\",\"isPartOf\":{\"@id\":\"https:\\\/\\\/ecosupplements.be\\\/fr\\\/#website\"},\"datePublished\":\"2025-07-24T04:30:27+00:00\",\"dateModified\":\"2025-08-28T01:15:37+00:00\",\"description\":\"Wij hebben een ruime keuze aan producten van Capsules de Zinc 15 mg . Winkel bij Eco Supplements altijd gratis verzending boven 100\u20ac\",\"breadcrumb\":{\"@id\":\"https:\\\/\\\/ecosupplements.be\\\/fr\\\/produit\\\/zinc-capsules-15-mg\\\/#breadcrumb\"},\"inLanguage\":\"fr-FR\",\"potentialAction\":[{\"@type\":\"ReadAction\",\"target\":[\"https:\\\/\\\/ecosupplements.be\\\/fr\\\/produit\\\/zinc-capsules-15-mg\\\/\"]}]},{\"@type\":\"BreadcrumbList\",\"@id\":\"https:\\\/\\\/ecosupplements.be\\\/fr\\\/produit\\\/zinc-capsules-15-mg\\\/#breadcrumb\",\"itemListElement\":[{\"@type\":\"ListItem\",\"position\":1,\"name\":\"Home\",\"item\":\"https:\\\/\\\/ecosupplements.be\\\/fr\\\/\"},{\"@type\":\"ListItem\",\"position\":2,\"name\":\"Boutique\",\"item\":\"https:\\\/\\\/ecosupplements.be\\\/fr\\\/boutique\\\/\"},{\"@type\":\"ListItem\",\"position\":3,\"name\":\"Capsules de Zinc 15 mg\"}]},{\"@type\":\"WebSite\",\"@id\":\"https:\\\/\\\/ecosupplements.be\\\/fr\\\/#website\",\"url\":\"https:\\\/\\\/ecosupplements.be\\\/fr\\\/\",\"name\":\"ECO Supplements\",\"description\":\"Eco Supplements - Gezonde supplementen\",\"publisher\":{\"@id\":\"https:\\\/\\\/ecosupplements.be\\\/fr\\\/#organization\"},\"potentialAction\":[{\"@type\":\"SearchAction\",\"target\":{\"@type\":\"EntryPoint\",\"urlTemplate\":\"https:\\\/\\\/ecosupplements.be\\\/fr\\\/?s={search_term_string}\"},\"query-input\":{\"@type\":\"PropertyValueSpecification\",\"valueRequired\":true,\"valueName\":\"search_term_string\"}}],\"inLanguage\":\"fr-FR\"},{\"@type\":\"Organization\",\"@id\":\"https:\\\/\\\/ecosupplements.be\\\/fr\\\/#organization\",\"name\":\"Eco Supplements\",\"url\":\"https:\\\/\\\/ecosupplements.be\\\/fr\\\/\",\"logo\":{\"@type\":\"ImageObject\",\"inLanguage\":\"fr-FR\",\"@id\":\"https:\\\/\\\/ecosupplements.be\\\/fr\\\/#\\\/schema\\\/logo\\\/image\\\/\",\"url\":\"https:\\\/\\\/ecosupplements.be\\\/wp-content\\\/uploads\\\/2022\\\/06\\\/ecosupplement-family.png\",\"contentUrl\":\"https:\\\/\\\/ecosupplements.be\\\/wp-content\\\/uploads\\\/2022\\\/06\\\/ecosupplement-family.png\",\"width\":593,\"height\":374,\"caption\":\"Eco Supplements\"},\"image\":{\"@id\":\"https:\\\/\\\/ecosupplements.be\\\/fr\\\/#\\\/schema\\\/logo\\\/image\\\/\"}}]}<\/script>\n<meta property=\"product:brand\" content=\"Life Extension\" \/>\n<meta property=\"product:price:amount\" content=\"15.29\" \/>\n<meta property=\"product:price:currency\" content=\"EUR\" \/>\n<meta property=\"og:availability\" content=\"instock\" \/>\n<meta property=\"product:availability\" content=\"instock\" \/>\n<meta property=\"product:retailer_item_id\" content=\"8720648297014\" \/>\n<meta property=\"product:condition\" content=\"new\" \/>\n<!-- \/ Yoast SEO Premium plugin. -->","yoast_head_json":{"title":"Capsules de Zinc 15 mg - ECO Supplements","description":"Wij hebben een ruime keuze aan producten van Capsules de Zinc 15 mg . Winkel bij Eco Supplements altijd gratis verzending boven 100\u20ac","robots":{"index":"index","follow":"follow","max-snippet":"max-snippet:-1","max-image-preview":"max-image-preview:large","max-video-preview":"max-video-preview:-1"},"canonical":"https:\/\/ecosupplements.be\/fr\/produit\/zinc-capsules-15-mg\/","og_locale":"fr_FR","og_type":"article","og_title":"Capsules de Zinc 15 mg","og_description":"Wij hebben een ruime keuze aan producten van Capsules de Zinc 15 mg . Winkel bij Eco Supplements altijd gratis verzending boven 100\u20ac","og_url":"https:\/\/ecosupplements.be\/fr\/produit\/zinc-capsules-15-mg\/","og_site_name":"ECO Supplements","article_modified_time":"2025-08-28T01:15:37+00:00","og_image":[{"width":593,"height":374,"url":"https:\/\/ecosupplements.be\/wp-content\/uploads\/2022\/06\/ecosupplement-family.png","type":"image\/png"}],"twitter_card":"summary_large_image","twitter_misc":{"Prix":"15.29&nbsp;&euro;","Disponibilit\u00e9":"En stock"},"schema":{"@context":"https:\/\/schema.org","@graph":[{"@type":["WebPage","ItemPage"],"@id":"https:\/\/ecosupplements.be\/fr\/produit\/zinc-capsules-15-mg\/","url":"https:\/\/ecosupplements.be\/fr\/produit\/zinc-capsules-15-mg\/","name":"Capsules de Zinc 15 mg - ECO Supplements","isPartOf":{"@id":"https:\/\/ecosupplements.be\/fr\/#website"},"datePublished":"2025-07-24T04:30:27+00:00","dateModified":"2025-08-28T01:15:37+00:00","description":"Wij hebben een ruime keuze aan producten van Capsules de Zinc 15 mg . Winkel bij Eco Supplements altijd gratis verzending boven 100\u20ac","breadcrumb":{"@id":"https:\/\/ecosupplements.be\/fr\/produit\/zinc-capsules-15-mg\/#breadcrumb"},"inLanguage":"fr-FR","potentialAction":[{"@type":"ReadAction","target":["https:\/\/ecosupplements.be\/fr\/produit\/zinc-capsules-15-mg\/"]}]},{"@type":"BreadcrumbList","@id":"https:\/\/ecosupplements.be\/fr\/produit\/zinc-capsules-15-mg\/#breadcrumb","itemListElement":[{"@type":"ListItem","position":1,"name":"Home","item":"https:\/\/ecosupplements.be\/fr\/"},{"@type":"ListItem","position":2,"name":"Boutique","item":"https:\/\/ecosupplements.be\/fr\/boutique\/"},{"@type":"ListItem","position":3,"name":"Capsules de Zinc 15 mg"}]},{"@type":"WebSite","@id":"https:\/\/ecosupplements.be\/fr\/#website","url":"https:\/\/ecosupplements.be\/fr\/","name":"ECO Supplements","description":"Eco Supplements - Gezonde supplementen","publisher":{"@id":"https:\/\/ecosupplements.be\/fr\/#organization"},"potentialAction":[{"@type":"SearchAction","target":{"@type":"EntryPoint","urlTemplate":"https:\/\/ecosupplements.be\/fr\/?s={search_term_string}"},"query-input":{"@type":"PropertyValueSpecification","valueRequired":true,"valueName":"search_term_string"}}],"inLanguage":"fr-FR"},{"@type":"Organization","@id":"https:\/\/ecosupplements.be\/fr\/#organization","name":"Eco Supplements","url":"https:\/\/ecosupplements.be\/fr\/","logo":{"@type":"ImageObject","inLanguage":"fr-FR","@id":"https:\/\/ecosupplements.be\/fr\/#\/schema\/logo\/image\/","url":"https:\/\/ecosupplements.be\/wp-content\/uploads\/2022\/06\/ecosupplement-family.png","contentUrl":"https:\/\/ecosupplements.be\/wp-content\/uploads\/2022\/06\/ecosupplement-family.png","width":593,"height":374,"caption":"Eco Supplements"},"image":{"@id":"https:\/\/ecosupplements.be\/fr\/#\/schema\/logo\/image\/"}}]},"product_brand":"Life Extension","product_price_amount":"15.29","product_price_currency":"EUR","og_availability":"instock","product_availability":"instock","product_retailer_item_id":"8720648297014","product_condition":"new"},"_links":{"self":[{"href":"https:\/\/ecosupplements.be\/fr\/wp-json\/wp\/v2\/product\/299282","targetHints":{"allow":["GET"]}}],"collection":[{"href":"https:\/\/ecosupplements.be\/fr\/wp-json\/wp\/v2\/product"}],"about":[{"href":"https:\/\/ecosupplements.be\/fr\/wp-json\/wp\/v2\/types\/product"}],"replies":[{"embeddable":true,"href":"https:\/\/ecosupplements.be\/fr\/wp-json\/wp\/v2\/comments?post=299282"}],"wp:attachment":[{"href":"https:\/\/ecosupplements.be\/fr\/wp-json\/wp\/v2\/media?parent=299282"}],"wp:term":[{"taxonomy":"product_brand","embeddable":true,"href":"https:\/\/ecosupplements.be\/fr\/wp-json\/wp\/v2\/product_brand?post=299282"},{"taxonomy":"product_cat","embeddable":true,"href":"https:\/\/ecosupplements.be\/fr\/wp-json\/wp\/v2\/product_cat?post=299282"},{"taxonomy":"product_tag","embeddable":true,"href":"https:\/\/ecosupplements.be\/fr\/wp-json\/wp\/v2\/product_tag?post=299282"}],"curies":[{"name":"wp","href":"https:\/\/api.w.org\/{rel}","templated":true}]}}