{"id":299307,"date":"2025-07-24T17:15:40","date_gmt":"2025-07-24T16:15:40","guid":{"rendered":"https:\/\/ecosupplements.be\/product\/magnesium-menopause-bath-flakes-750g\/"},"modified":"2025-08-28T02:15:58","modified_gmt":"2025-08-28T01:15:58","slug":"magnesium-menopause-bath-flakes-750g","status":"publish","type":"product","link":"https:\/\/ecosupplements.be\/fr\/produit\/magnesium-menopause-bath-flakes-750g\/","title":{"rendered":"Flocons de bain pour la m\u00e9nopause au magn\u00e9sium &#8211; 750g"},"content":{"rendered":"<h2>Magnesium Menopause Bath Flakes &#8211; 750g<\/h2>\n<p>D\u00e9couvrez les Magnesium Menopause Bath flakes de BetterYou,un choix parfait pour ceux qui appr\u00e9cient les ingr\u00e9dients naturels dans leur routine quotidienne. Ces flocons de bain sont issus du Royaume-Uni et se distinguent par leur grande puret\u00e9 et leur origine naturelle.<\/p>\n<p>Ce produit est compos\u00e9 principalement de magn\u00e9sium, un min\u00e9ral d&#8217;origine naturelle reconnu pour sa qualit\u00e9 sup\u00e9rieure. Les Magnesium Menopause Bath Flakes sont conditionn\u00e9s dans un emballage pratique de 750g, id\u00e9al pour une utilisation r\u00e9guli\u00e8re.<\/p>\n<p>Utilisation : Ajoutez simplement une quantit\u00e9 appropri\u00e9e de flocons \u00e0 votre bain pour profiter d&#8217;un moment agr\u00e9able. Ce format pratique facilite l&#8217;int\u00e9gration des flocons \u00e0 votre routine bien-\u00eatre quotidienne sans effort.<\/p>\n<p>Les Magnesium Menopause Bath Flakes s&#8217;int\u00e8grent harmonieusement dans un mode de vie \u00e9quilibr\u00e9 et actif, offrant une exp\u00e9rience simple et naturelle au quotidien. Un choix judicieux pour ceux qui valorisent la qualit\u00e9 et la naturalit\u00e9 des produits qu&#8217;ils utilisent.<\/p>\n","protected":false},"excerpt":{"rendered":"<p>Magnesium Menopause Bath Flakes &#8211; 750g D\u00e9couvrez les Magnesium Menopause Bath flakes de BetterYou,un choix parfait pour ceux qui appr\u00e9cient les ingr\u00e9dients naturels dans leur routine quotidienne. Ces flocons de bain sont issus du Royaume-Uni et se distinguent par leur grande puret\u00e9 et leur origine naturelle. Ce produit est compos\u00e9 principalement de magn\u00e9sium, un min\u00e9ral [&#8230;]\n","protected":false},"featured_media":273450,"comment_status":"closed","ping_status":"open","template":"","meta":[],"product_brand":[4663],"product_cat":[5064,5053],"product_tag":[],"class_list":{"0":"post-299307","1":"product","2":"type-product","3":"status-publish","4":"has-post-thumbnail","6":"product_brand-betteryou-2","7":"product_cat-mineraux-simples","8":"product_cat-vitamines-et-mineraux","10":"first","11":"instock","12":"taxable","13":"shipping-taxable","14":"purchasable","15":"product-type-simple"},"yoast_head":"<!-- This site is optimized with the Yoast SEO Premium plugin v27.5 (Yoast SEO v27.5) - https:\/\/yoast.com\/product\/yoast-seo-premium-wordpress\/ -->\n<title>Flocons de bain pour la m\u00e9nopause au magn\u00e9sium - 750g - ECO Supplements<\/title>\n<meta name=\"description\" content=\"Wij hebben een ruime keuze aan producten van Flocons de bain pour la m\u00e9nopause au magn\u00e9sium - 750g . Winkel bij Eco Supplements altijd gratis verzending boven 100\u20ac\" \/>\n<meta name=\"robots\" content=\"index, follow, max-snippet:-1, max-image-preview:large, max-video-preview:-1\" \/>\n<link rel=\"canonical\" href=\"https:\/\/ecosupplements.be\/fr\/produit\/magnesium-menopause-bath-flakes-750g\/\" \/>\n<meta property=\"og:locale\" content=\"fr_FR\" \/>\n<meta property=\"og:type\" content=\"article\" \/>\n<meta property=\"og:title\" content=\"Flocons de bain pour la m\u00e9nopause au magn\u00e9sium - 750g\" \/>\n<meta property=\"og:description\" content=\"Wij hebben een ruime keuze aan producten van Flocons de bain pour la m\u00e9nopause au magn\u00e9sium - 750g . Winkel bij Eco Supplements altijd gratis verzending boven 100\u20ac\" \/>\n<meta property=\"og:url\" content=\"https:\/\/ecosupplements.be\/fr\/produit\/magnesium-menopause-bath-flakes-750g\/\" \/>\n<meta property=\"og:site_name\" content=\"ECO Supplements\" \/>\n<meta property=\"article:modified_time\" content=\"2025-08-28T01:15:58+00:00\" \/>\n<meta property=\"og:image\" content=\"https:\/\/ecosupplements.be\/wp-content\/uploads\/2025\/08\/BetterYou-Magnesium-Menopause-Bath-Flakes-750g.jpg\" \/>\n\t<meta property=\"og:image:width\" content=\"600\" \/>\n\t<meta property=\"og:image:height\" content=\"600\" \/>\n\t<meta property=\"og:image:type\" content=\"image\/jpeg\" \/>\n<meta name=\"twitter:card\" content=\"summary_large_image\" \/>\n<meta name=\"twitter:label1\" content=\"Prix\" \/>\n\t<meta name=\"twitter:data1\" content=\"10.08&nbsp;&euro;\" \/>\n\t<meta name=\"twitter:label2\" content=\"Disponibilit\u00e9\" \/>\n\t<meta name=\"twitter:data2\" content=\"En stock\" \/>\n<script type=\"application\/ld+json\" class=\"yoast-schema-graph\">{\"@context\":\"https:\\\/\\\/schema.org\",\"@graph\":[{\"@type\":[\"WebPage\",\"ItemPage\"],\"@id\":\"https:\\\/\\\/ecosupplements.be\\\/fr\\\/produit\\\/magnesium-menopause-bath-flakes-750g\\\/\",\"url\":\"https:\\\/\\\/ecosupplements.be\\\/fr\\\/produit\\\/magnesium-menopause-bath-flakes-750g\\\/\",\"name\":\"Flocons de bain pour la m\u00e9nopause au magn\u00e9sium - 750g - ECO Supplements\",\"isPartOf\":{\"@id\":\"https:\\\/\\\/ecosupplements.be\\\/fr\\\/#website\"},\"primaryImageOfPage\":{\"@id\":\"https:\\\/\\\/ecosupplements.be\\\/fr\\\/produit\\\/magnesium-menopause-bath-flakes-750g\\\/#primaryimage\"},\"image\":{\"@id\":\"https:\\\/\\\/ecosupplements.be\\\/fr\\\/produit\\\/magnesium-menopause-bath-flakes-750g\\\/#primaryimage\"},\"thumbnailUrl\":\"https:\\\/\\\/ecosupplements.be\\\/wp-content\\\/uploads\\\/2025\\\/08\\\/BetterYou-httpswww.powerbody.commediacatalogproductimimage_2025-07-09_686e78dc4d763.jpg\",\"datePublished\":\"2025-07-24T16:15:40+00:00\",\"dateModified\":\"2025-08-28T01:15:58+00:00\",\"description\":\"Wij hebben een ruime keuze aan producten van Flocons de bain pour la m\u00e9nopause au magn\u00e9sium - 750g . Winkel bij Eco Supplements altijd gratis verzending boven 100\u20ac\",\"breadcrumb\":{\"@id\":\"https:\\\/\\\/ecosupplements.be\\\/fr\\\/produit\\\/magnesium-menopause-bath-flakes-750g\\\/#breadcrumb\"},\"inLanguage\":\"fr-FR\",\"potentialAction\":[{\"@type\":\"ReadAction\",\"target\":[\"https:\\\/\\\/ecosupplements.be\\\/fr\\\/produit\\\/magnesium-menopause-bath-flakes-750g\\\/\"]}]},{\"@type\":\"ImageObject\",\"inLanguage\":\"fr-FR\",\"@id\":\"https:\\\/\\\/ecosupplements.be\\\/fr\\\/produit\\\/magnesium-menopause-bath-flakes-750g\\\/#primaryimage\",\"url\":\"https:\\\/\\\/ecosupplements.be\\\/wp-content\\\/uploads\\\/2025\\\/08\\\/BetterYou-httpswww.powerbody.commediacatalogproductimimage_2025-07-09_686e78dc4d763.jpg\",\"contentUrl\":\"https:\\\/\\\/ecosupplements.be\\\/wp-content\\\/uploads\\\/2025\\\/08\\\/BetterYou-httpswww.powerbody.commediacatalogproductimimage_2025-07-09_686e78dc4d763.jpg\",\"width\":600,\"height\":600},{\"@type\":\"BreadcrumbList\",\"@id\":\"https:\\\/\\\/ecosupplements.be\\\/fr\\\/produit\\\/magnesium-menopause-bath-flakes-750g\\\/#breadcrumb\",\"itemListElement\":[{\"@type\":\"ListItem\",\"position\":1,\"name\":\"Home\",\"item\":\"https:\\\/\\\/ecosupplements.be\\\/fr\\\/\"},{\"@type\":\"ListItem\",\"position\":2,\"name\":\"Boutique\",\"item\":\"https:\\\/\\\/ecosupplements.be\\\/fr\\\/boutique\\\/\"},{\"@type\":\"ListItem\",\"position\":3,\"name\":\"Flocons de bain pour la m\u00e9nopause au magn\u00e9sium &#8211; 750g\"}]},{\"@type\":\"WebSite\",\"@id\":\"https:\\\/\\\/ecosupplements.be\\\/fr\\\/#website\",\"url\":\"https:\\\/\\\/ecosupplements.be\\\/fr\\\/\",\"name\":\"ECO Supplements\",\"description\":\"Eco Supplements - Gezonde supplementen\",\"publisher\":{\"@id\":\"https:\\\/\\\/ecosupplements.be\\\/fr\\\/#organization\"},\"potentialAction\":[{\"@type\":\"SearchAction\",\"target\":{\"@type\":\"EntryPoint\",\"urlTemplate\":\"https:\\\/\\\/ecosupplements.be\\\/fr\\\/?s={search_term_string}\"},\"query-input\":{\"@type\":\"PropertyValueSpecification\",\"valueRequired\":true,\"valueName\":\"search_term_string\"}}],\"inLanguage\":\"fr-FR\"},{\"@type\":\"Organization\",\"@id\":\"https:\\\/\\\/ecosupplements.be\\\/fr\\\/#organization\",\"name\":\"Eco Supplements\",\"url\":\"https:\\\/\\\/ecosupplements.be\\\/fr\\\/\",\"logo\":{\"@type\":\"ImageObject\",\"inLanguage\":\"fr-FR\",\"@id\":\"https:\\\/\\\/ecosupplements.be\\\/fr\\\/#\\\/schema\\\/logo\\\/image\\\/\",\"url\":\"https:\\\/\\\/ecosupplements.be\\\/wp-content\\\/uploads\\\/2022\\\/06\\\/ecosupplement-family.png\",\"contentUrl\":\"https:\\\/\\\/ecosupplements.be\\\/wp-content\\\/uploads\\\/2022\\\/06\\\/ecosupplement-family.png\",\"width\":593,\"height\":374,\"caption\":\"Eco Supplements\"},\"image\":{\"@id\":\"https:\\\/\\\/ecosupplements.be\\\/fr\\\/#\\\/schema\\\/logo\\\/image\\\/\"}}]}<\/script>\n<meta property=\"product:brand\" content=\"BetterYou\" \/>\n<meta property=\"product:price:amount\" content=\"10.08\" \/>\n<meta property=\"product:price:currency\" content=\"EUR\" \/>\n<meta property=\"og:availability\" content=\"instock\" \/>\n<meta property=\"product:availability\" content=\"instock\" \/>\n<meta property=\"product:retailer_item_id\" content=\"5060148524238\" \/>\n<meta property=\"product:condition\" content=\"new\" \/>\n<!-- \/ Yoast SEO Premium plugin. -->","yoast_head_json":{"title":"Flocons de bain pour la m\u00e9nopause au magn\u00e9sium - 750g - ECO Supplements","description":"Wij hebben een ruime keuze aan producten van Flocons de bain pour la m\u00e9nopause au magn\u00e9sium - 750g . Winkel bij Eco Supplements altijd gratis verzending boven 100\u20ac","robots":{"index":"index","follow":"follow","max-snippet":"max-snippet:-1","max-image-preview":"max-image-preview:large","max-video-preview":"max-video-preview:-1"},"canonical":"https:\/\/ecosupplements.be\/fr\/produit\/magnesium-menopause-bath-flakes-750g\/","og_locale":"fr_FR","og_type":"article","og_title":"Flocons de bain pour la m\u00e9nopause au magn\u00e9sium - 750g","og_description":"Wij hebben een ruime keuze aan producten van Flocons de bain pour la m\u00e9nopause au magn\u00e9sium - 750g . Winkel bij Eco Supplements altijd gratis verzending boven 100\u20ac","og_url":"https:\/\/ecosupplements.be\/fr\/produit\/magnesium-menopause-bath-flakes-750g\/","og_site_name":"ECO Supplements","article_modified_time":"2025-08-28T01:15:58+00:00","og_image":[{"width":600,"height":600,"url":"https:\/\/ecosupplements.be\/wp-content\/uploads\/2025\/08\/BetterYou-Magnesium-Menopause-Bath-Flakes-750g.jpg","type":"image\/jpeg"}],"twitter_card":"summary_large_image","twitter_misc":{"Prix":"10.08&nbsp;&euro;","Disponibilit\u00e9":"En stock"},"schema":{"@context":"https:\/\/schema.org","@graph":[{"@type":["WebPage","ItemPage"],"@id":"https:\/\/ecosupplements.be\/fr\/produit\/magnesium-menopause-bath-flakes-750g\/","url":"https:\/\/ecosupplements.be\/fr\/produit\/magnesium-menopause-bath-flakes-750g\/","name":"Flocons de bain pour la m\u00e9nopause au magn\u00e9sium - 750g - ECO Supplements","isPartOf":{"@id":"https:\/\/ecosupplements.be\/fr\/#website"},"primaryImageOfPage":{"@id":"https:\/\/ecosupplements.be\/fr\/produit\/magnesium-menopause-bath-flakes-750g\/#primaryimage"},"image":{"@id":"https:\/\/ecosupplements.be\/fr\/produit\/magnesium-menopause-bath-flakes-750g\/#primaryimage"},"thumbnailUrl":"https:\/\/ecosupplements.be\/wp-content\/uploads\/2025\/08\/BetterYou-httpswww.powerbody.commediacatalogproductimimage_2025-07-09_686e78dc4d763.jpg","datePublished":"2025-07-24T16:15:40+00:00","dateModified":"2025-08-28T01:15:58+00:00","description":"Wij hebben een ruime keuze aan producten van Flocons de bain pour la m\u00e9nopause au magn\u00e9sium - 750g . Winkel bij Eco Supplements altijd gratis verzending boven 100\u20ac","breadcrumb":{"@id":"https:\/\/ecosupplements.be\/fr\/produit\/magnesium-menopause-bath-flakes-750g\/#breadcrumb"},"inLanguage":"fr-FR","potentialAction":[{"@type":"ReadAction","target":["https:\/\/ecosupplements.be\/fr\/produit\/magnesium-menopause-bath-flakes-750g\/"]}]},{"@type":"ImageObject","inLanguage":"fr-FR","@id":"https:\/\/ecosupplements.be\/fr\/produit\/magnesium-menopause-bath-flakes-750g\/#primaryimage","url":"https:\/\/ecosupplements.be\/wp-content\/uploads\/2025\/08\/BetterYou-httpswww.powerbody.commediacatalogproductimimage_2025-07-09_686e78dc4d763.jpg","contentUrl":"https:\/\/ecosupplements.be\/wp-content\/uploads\/2025\/08\/BetterYou-httpswww.powerbody.commediacatalogproductimimage_2025-07-09_686e78dc4d763.jpg","width":600,"height":600},{"@type":"BreadcrumbList","@id":"https:\/\/ecosupplements.be\/fr\/produit\/magnesium-menopause-bath-flakes-750g\/#breadcrumb","itemListElement":[{"@type":"ListItem","position":1,"name":"Home","item":"https:\/\/ecosupplements.be\/fr\/"},{"@type":"ListItem","position":2,"name":"Boutique","item":"https:\/\/ecosupplements.be\/fr\/boutique\/"},{"@type":"ListItem","position":3,"name":"Flocons de bain pour la m\u00e9nopause au magn\u00e9sium &#8211; 750g"}]},{"@type":"WebSite","@id":"https:\/\/ecosupplements.be\/fr\/#website","url":"https:\/\/ecosupplements.be\/fr\/","name":"ECO Supplements","description":"Eco Supplements - Gezonde supplementen","publisher":{"@id":"https:\/\/ecosupplements.be\/fr\/#organization"},"potentialAction":[{"@type":"SearchAction","target":{"@type":"EntryPoint","urlTemplate":"https:\/\/ecosupplements.be\/fr\/?s={search_term_string}"},"query-input":{"@type":"PropertyValueSpecification","valueRequired":true,"valueName":"search_term_string"}}],"inLanguage":"fr-FR"},{"@type":"Organization","@id":"https:\/\/ecosupplements.be\/fr\/#organization","name":"Eco Supplements","url":"https:\/\/ecosupplements.be\/fr\/","logo":{"@type":"ImageObject","inLanguage":"fr-FR","@id":"https:\/\/ecosupplements.be\/fr\/#\/schema\/logo\/image\/","url":"https:\/\/ecosupplements.be\/wp-content\/uploads\/2022\/06\/ecosupplement-family.png","contentUrl":"https:\/\/ecosupplements.be\/wp-content\/uploads\/2022\/06\/ecosupplement-family.png","width":593,"height":374,"caption":"Eco Supplements"},"image":{"@id":"https:\/\/ecosupplements.be\/fr\/#\/schema\/logo\/image\/"}}]},"product_brand":"BetterYou","product_price_amount":"10.08","product_price_currency":"EUR","og_availability":"instock","product_availability":"instock","product_retailer_item_id":"5060148524238","product_condition":"new"},"_links":{"self":[{"href":"https:\/\/ecosupplements.be\/fr\/wp-json\/wp\/v2\/product\/299307","targetHints":{"allow":["GET"]}}],"collection":[{"href":"https:\/\/ecosupplements.be\/fr\/wp-json\/wp\/v2\/product"}],"about":[{"href":"https:\/\/ecosupplements.be\/fr\/wp-json\/wp\/v2\/types\/product"}],"replies":[{"embeddable":true,"href":"https:\/\/ecosupplements.be\/fr\/wp-json\/wp\/v2\/comments?post=299307"}],"wp:featuredmedia":[{"embeddable":true,"href":"https:\/\/ecosupplements.be\/fr\/wp-json\/wp\/v2\/media\/273450"}],"wp:attachment":[{"href":"https:\/\/ecosupplements.be\/fr\/wp-json\/wp\/v2\/media?parent=299307"}],"wp:term":[{"taxonomy":"product_brand","embeddable":true,"href":"https:\/\/ecosupplements.be\/fr\/wp-json\/wp\/v2\/product_brand?post=299307"},{"taxonomy":"product_cat","embeddable":true,"href":"https:\/\/ecosupplements.be\/fr\/wp-json\/wp\/v2\/product_cat?post=299307"},{"taxonomy":"product_tag","embeddable":true,"href":"https:\/\/ecosupplements.be\/fr\/wp-json\/wp\/v2\/product_tag?post=299307"}],"curies":[{"name":"wp","href":"https:\/\/api.w.org\/{rel}","templated":true}]}}