{"id":299310,"date":"2025-07-24T17:15:40","date_gmt":"2025-07-24T16:15:40","guid":{"rendered":"https:\/\/ecosupplements.be\/product\/magnesium-menopause-body-spray-100-ml\/"},"modified":"2025-08-28T02:16:01","modified_gmt":"2025-08-28T01:16:01","slug":"magnesium-menopause-body-spray-100-ml","status":"publish","type":"product","link":"https:\/\/ecosupplements.be\/fr\/produit\/magnesium-menopause-body-spray-100-ml\/","title":{"rendered":"Spray corporel \u00e0 la m\u00e9nopause au magn\u00e9sium &#8211; 100 ml"},"content":{"rendered":"<h2>Magnesium Menopause Body Spray &#8211; 100 ml<\/h2>\n<p>D\u00e9couvrez le <strong>Magnesium Menopause Body Spray<\/strong>, un produit de qualit\u00e9 sup\u00e9rieure con\u00e7u pour s&#8217;int\u00e9grer harmonieusement \u00e0 votre quotidien.Fabriqu\u00e9 au Royaume-Uni, ce spray corporel est \u00e9labor\u00e9 \u00e0 partir d&#8217;ingr\u00e9dients d&#8217;origine naturelle, garantissant une exp\u00e9rience pure et simple.<\/p>\n<p>Ce spray pratique de 100 ml est enrichi en magn\u00e9sium, un min\u00e9ral reconnu pour sa grande puret\u00e9. Sa formulation unique sans additifs artificiels en fait un choix parfait pour ceux qui privil\u00e9gient les composants naturels dans leur routine quotidienne.<\/p>\n<p>Facile \u00e0 utiliser, le Magnesium Menopause Body Spray se pr\u00e9sente dans un emballage ergonomique qui permet une submission ais\u00e9e \u00e0 tout moment de la journ\u00e9e. Son format compact est id\u00e9al pour \u00eatre emport\u00e9 partout avec vous, assurant ainsi une utilisation r\u00e9guli\u00e8re sans contrainte.<\/p>\n<p>Int\u00e9grez ce spray \u00e0 votre routine pour compl\u00e9menter votre style de vie actif et \u00e9quilibr\u00e9. Un geste simple et rapide qui s&#8217;adapte parfaitement aux rythmes modernes de la vie.<\/p>\n<p><em>Un choix naturellement pur pour une utilisation quotidienne pratique.<\/em><\/p>\n","protected":false},"excerpt":{"rendered":"<p>Magnesium Menopause Body Spray &#8211; 100 ml D\u00e9couvrez le Magnesium Menopause Body Spray, un produit de qualit\u00e9 sup\u00e9rieure con\u00e7u pour s&#8217;int\u00e9grer harmonieusement \u00e0 votre quotidien.Fabriqu\u00e9 au Royaume-Uni, ce spray corporel est \u00e9labor\u00e9 \u00e0 partir d&#8217;ingr\u00e9dients d&#8217;origine naturelle, garantissant une exp\u00e9rience pure et simple. Ce spray pratique de 100 ml est enrichi en magn\u00e9sium, un min\u00e9ral [&#8230;]\n","protected":false},"featured_media":273453,"comment_status":"closed","ping_status":"open","template":"","meta":[],"product_brand":[4663],"product_cat":[5076,5053],"product_tag":[],"class_list":{"0":"post-299310","1":"product","2":"type-product","3":"status-publish","4":"has-post-thumbnail","6":"product_brand-betteryou-2","7":"product_cat-complements-en-spray","8":"product_cat-vitamines-et-mineraux","10":"first","11":"instock","12":"taxable","13":"shipping-taxable","14":"purchasable","15":"product-type-simple"},"yoast_head":"<!-- This site is optimized with the Yoast SEO Premium plugin v27.3 (Yoast SEO v27.3) - https:\/\/yoast.com\/product\/yoast-seo-premium-wordpress\/ -->\n<title>Spray corporel \u00e0 la m\u00e9nopause au magn\u00e9sium - 100 ml - ECO Supplements<\/title>\n<meta name=\"description\" content=\"Wij hebben een ruime keuze aan producten van Spray corporel \u00e0 la m\u00e9nopause au magn\u00e9sium - 100 ml . Winkel bij Eco Supplements altijd gratis verzending boven 100\u20ac\" \/>\n<meta name=\"robots\" content=\"index, follow, max-snippet:-1, max-image-preview:large, max-video-preview:-1\" \/>\n<link rel=\"canonical\" href=\"https:\/\/ecosupplements.be\/fr\/produit\/magnesium-menopause-body-spray-100-ml\/\" \/>\n<meta property=\"og:locale\" content=\"fr_FR\" \/>\n<meta property=\"og:type\" content=\"article\" \/>\n<meta property=\"og:title\" content=\"Spray corporel \u00e0 la m\u00e9nopause au magn\u00e9sium - 100 ml\" \/>\n<meta property=\"og:description\" content=\"Wij hebben een ruime keuze aan producten van Spray corporel \u00e0 la m\u00e9nopause au magn\u00e9sium - 100 ml . Winkel bij Eco Supplements altijd gratis verzending boven 100\u20ac\" \/>\n<meta property=\"og:url\" content=\"https:\/\/ecosupplements.be\/fr\/produit\/magnesium-menopause-body-spray-100-ml\/\" \/>\n<meta property=\"og:site_name\" content=\"ECO Supplements\" \/>\n<meta property=\"article:modified_time\" content=\"2025-08-28T01:16:01+00:00\" \/>\n<meta property=\"og:image\" content=\"https:\/\/ecosupplements.be\/wp-content\/uploads\/2025\/08\/BetterYou-Magnesium-Menopause-Body-Spray-100-ml.jpg\" \/>\n\t<meta property=\"og:image:width\" content=\"600\" \/>\n\t<meta property=\"og:image:height\" content=\"600\" \/>\n\t<meta property=\"og:image:type\" content=\"image\/jpeg\" \/>\n<meta name=\"twitter:card\" content=\"summary_large_image\" \/>\n<meta name=\"twitter:label1\" content=\"Prix\" \/>\n\t<meta name=\"twitter:data1\" content=\"14.66&nbsp;&euro;\" \/>\n\t<meta name=\"twitter:label2\" content=\"Disponibilit\u00e9\" \/>\n\t<meta name=\"twitter:data2\" content=\"En stock\" \/>\n<script type=\"application\/ld+json\" class=\"yoast-schema-graph\">{\"@context\":\"https:\\\/\\\/schema.org\",\"@graph\":[{\"@type\":[\"WebPage\",\"ItemPage\"],\"@id\":\"https:\\\/\\\/ecosupplements.be\\\/fr\\\/produit\\\/magnesium-menopause-body-spray-100-ml\\\/\",\"url\":\"https:\\\/\\\/ecosupplements.be\\\/fr\\\/produit\\\/magnesium-menopause-body-spray-100-ml\\\/\",\"name\":\"Spray corporel \u00e0 la m\u00e9nopause au magn\u00e9sium - 100 ml - ECO Supplements\",\"isPartOf\":{\"@id\":\"https:\\\/\\\/ecosupplements.be\\\/fr\\\/#website\"},\"primaryImageOfPage\":{\"@id\":\"https:\\\/\\\/ecosupplements.be\\\/fr\\\/produit\\\/magnesium-menopause-body-spray-100-ml\\\/#primaryimage\"},\"image\":{\"@id\":\"https:\\\/\\\/ecosupplements.be\\\/fr\\\/produit\\\/magnesium-menopause-body-spray-100-ml\\\/#primaryimage\"},\"thumbnailUrl\":\"https:\\\/\\\/ecosupplements.be\\\/wp-content\\\/uploads\\\/2025\\\/08\\\/BetterYou-httpswww.powerbody.commediacatalogproductimimage_2025-07-09_686e744da800f.jpg\",\"datePublished\":\"2025-07-24T16:15:40+00:00\",\"dateModified\":\"2025-08-28T01:16:01+00:00\",\"description\":\"Wij hebben een ruime keuze aan producten van Spray corporel \u00e0 la m\u00e9nopause au magn\u00e9sium - 100 ml . Winkel bij Eco Supplements altijd gratis verzending boven 100\u20ac\",\"breadcrumb\":{\"@id\":\"https:\\\/\\\/ecosupplements.be\\\/fr\\\/produit\\\/magnesium-menopause-body-spray-100-ml\\\/#breadcrumb\"},\"inLanguage\":\"fr-FR\",\"potentialAction\":[{\"@type\":\"ReadAction\",\"target\":[\"https:\\\/\\\/ecosupplements.be\\\/fr\\\/produit\\\/magnesium-menopause-body-spray-100-ml\\\/\"]}]},{\"@type\":\"ImageObject\",\"inLanguage\":\"fr-FR\",\"@id\":\"https:\\\/\\\/ecosupplements.be\\\/fr\\\/produit\\\/magnesium-menopause-body-spray-100-ml\\\/#primaryimage\",\"url\":\"https:\\\/\\\/ecosupplements.be\\\/wp-content\\\/uploads\\\/2025\\\/08\\\/BetterYou-httpswww.powerbody.commediacatalogproductimimage_2025-07-09_686e744da800f.jpg\",\"contentUrl\":\"https:\\\/\\\/ecosupplements.be\\\/wp-content\\\/uploads\\\/2025\\\/08\\\/BetterYou-httpswww.powerbody.commediacatalogproductimimage_2025-07-09_686e744da800f.jpg\",\"width\":600,\"height\":600},{\"@type\":\"BreadcrumbList\",\"@id\":\"https:\\\/\\\/ecosupplements.be\\\/fr\\\/produit\\\/magnesium-menopause-body-spray-100-ml\\\/#breadcrumb\",\"itemListElement\":[{\"@type\":\"ListItem\",\"position\":1,\"name\":\"Home\",\"item\":\"https:\\\/\\\/ecosupplements.be\\\/fr\\\/\"},{\"@type\":\"ListItem\",\"position\":2,\"name\":\"Boutique\",\"item\":\"https:\\\/\\\/ecosupplements.be\\\/fr\\\/boutique\\\/\"},{\"@type\":\"ListItem\",\"position\":3,\"name\":\"Spray corporel \u00e0 la m\u00e9nopause au magn\u00e9sium &#8211; 100 ml\"}]},{\"@type\":\"WebSite\",\"@id\":\"https:\\\/\\\/ecosupplements.be\\\/fr\\\/#website\",\"url\":\"https:\\\/\\\/ecosupplements.be\\\/fr\\\/\",\"name\":\"ECO Supplements\",\"description\":\"Eco Supplements - Gezonde supplementen\",\"publisher\":{\"@id\":\"https:\\\/\\\/ecosupplements.be\\\/fr\\\/#organization\"},\"potentialAction\":[{\"@type\":\"SearchAction\",\"target\":{\"@type\":\"EntryPoint\",\"urlTemplate\":\"https:\\\/\\\/ecosupplements.be\\\/fr\\\/?s={search_term_string}\"},\"query-input\":{\"@type\":\"PropertyValueSpecification\",\"valueRequired\":true,\"valueName\":\"search_term_string\"}}],\"inLanguage\":\"fr-FR\"},{\"@type\":\"Organization\",\"@id\":\"https:\\\/\\\/ecosupplements.be\\\/fr\\\/#organization\",\"name\":\"Eco Supplements\",\"url\":\"https:\\\/\\\/ecosupplements.be\\\/fr\\\/\",\"logo\":{\"@type\":\"ImageObject\",\"inLanguage\":\"fr-FR\",\"@id\":\"https:\\\/\\\/ecosupplements.be\\\/fr\\\/#\\\/schema\\\/logo\\\/image\\\/\",\"url\":\"https:\\\/\\\/ecosupplements.be\\\/wp-content\\\/uploads\\\/2022\\\/06\\\/ecosupplement-family.png\",\"contentUrl\":\"https:\\\/\\\/ecosupplements.be\\\/wp-content\\\/uploads\\\/2022\\\/06\\\/ecosupplement-family.png\",\"width\":593,\"height\":374,\"caption\":\"Eco Supplements\"},\"image\":{\"@id\":\"https:\\\/\\\/ecosupplements.be\\\/fr\\\/#\\\/schema\\\/logo\\\/image\\\/\"}}]}<\/script>\n<meta property=\"product:brand\" content=\"BetterYou\" \/>\n<meta property=\"product:price:amount\" content=\"14.66\" \/>\n<meta property=\"product:price:currency\" content=\"EUR\" \/>\n<meta property=\"og:availability\" content=\"instock\" \/>\n<meta property=\"product:availability\" content=\"instock\" \/>\n<meta property=\"product:retailer_item_id\" content=\"5060148524245\" \/>\n<meta property=\"product:condition\" content=\"new\" \/>\n<!-- \/ Yoast SEO Premium plugin. -->","yoast_head_json":{"title":"Spray corporel \u00e0 la m\u00e9nopause au magn\u00e9sium - 100 ml - ECO Supplements","description":"Wij hebben een ruime keuze aan producten van Spray corporel \u00e0 la m\u00e9nopause au magn\u00e9sium - 100 ml . Winkel bij Eco Supplements altijd gratis verzending boven 100\u20ac","robots":{"index":"index","follow":"follow","max-snippet":"max-snippet:-1","max-image-preview":"max-image-preview:large","max-video-preview":"max-video-preview:-1"},"canonical":"https:\/\/ecosupplements.be\/fr\/produit\/magnesium-menopause-body-spray-100-ml\/","og_locale":"fr_FR","og_type":"article","og_title":"Spray corporel \u00e0 la m\u00e9nopause au magn\u00e9sium - 100 ml","og_description":"Wij hebben een ruime keuze aan producten van Spray corporel \u00e0 la m\u00e9nopause au magn\u00e9sium - 100 ml . Winkel bij Eco Supplements altijd gratis verzending boven 100\u20ac","og_url":"https:\/\/ecosupplements.be\/fr\/produit\/magnesium-menopause-body-spray-100-ml\/","og_site_name":"ECO Supplements","article_modified_time":"2025-08-28T01:16:01+00:00","og_image":[{"width":600,"height":600,"url":"https:\/\/ecosupplements.be\/wp-content\/uploads\/2025\/08\/BetterYou-Magnesium-Menopause-Body-Spray-100-ml.jpg","type":"image\/jpeg"}],"twitter_card":"summary_large_image","twitter_misc":{"Prix":"14.66&nbsp;&euro;","Disponibilit\u00e9":"En stock"},"schema":{"@context":"https:\/\/schema.org","@graph":[{"@type":["WebPage","ItemPage"],"@id":"https:\/\/ecosupplements.be\/fr\/produit\/magnesium-menopause-body-spray-100-ml\/","url":"https:\/\/ecosupplements.be\/fr\/produit\/magnesium-menopause-body-spray-100-ml\/","name":"Spray corporel \u00e0 la m\u00e9nopause au magn\u00e9sium - 100 ml - ECO Supplements","isPartOf":{"@id":"https:\/\/ecosupplements.be\/fr\/#website"},"primaryImageOfPage":{"@id":"https:\/\/ecosupplements.be\/fr\/produit\/magnesium-menopause-body-spray-100-ml\/#primaryimage"},"image":{"@id":"https:\/\/ecosupplements.be\/fr\/produit\/magnesium-menopause-body-spray-100-ml\/#primaryimage"},"thumbnailUrl":"https:\/\/ecosupplements.be\/wp-content\/uploads\/2025\/08\/BetterYou-httpswww.powerbody.commediacatalogproductimimage_2025-07-09_686e744da800f.jpg","datePublished":"2025-07-24T16:15:40+00:00","dateModified":"2025-08-28T01:16:01+00:00","description":"Wij hebben een ruime keuze aan producten van Spray corporel \u00e0 la m\u00e9nopause au magn\u00e9sium - 100 ml . Winkel bij Eco Supplements altijd gratis verzending boven 100\u20ac","breadcrumb":{"@id":"https:\/\/ecosupplements.be\/fr\/produit\/magnesium-menopause-body-spray-100-ml\/#breadcrumb"},"inLanguage":"fr-FR","potentialAction":[{"@type":"ReadAction","target":["https:\/\/ecosupplements.be\/fr\/produit\/magnesium-menopause-body-spray-100-ml\/"]}]},{"@type":"ImageObject","inLanguage":"fr-FR","@id":"https:\/\/ecosupplements.be\/fr\/produit\/magnesium-menopause-body-spray-100-ml\/#primaryimage","url":"https:\/\/ecosupplements.be\/wp-content\/uploads\/2025\/08\/BetterYou-httpswww.powerbody.commediacatalogproductimimage_2025-07-09_686e744da800f.jpg","contentUrl":"https:\/\/ecosupplements.be\/wp-content\/uploads\/2025\/08\/BetterYou-httpswww.powerbody.commediacatalogproductimimage_2025-07-09_686e744da800f.jpg","width":600,"height":600},{"@type":"BreadcrumbList","@id":"https:\/\/ecosupplements.be\/fr\/produit\/magnesium-menopause-body-spray-100-ml\/#breadcrumb","itemListElement":[{"@type":"ListItem","position":1,"name":"Home","item":"https:\/\/ecosupplements.be\/fr\/"},{"@type":"ListItem","position":2,"name":"Boutique","item":"https:\/\/ecosupplements.be\/fr\/boutique\/"},{"@type":"ListItem","position":3,"name":"Spray corporel \u00e0 la m\u00e9nopause au magn\u00e9sium &#8211; 100 ml"}]},{"@type":"WebSite","@id":"https:\/\/ecosupplements.be\/fr\/#website","url":"https:\/\/ecosupplements.be\/fr\/","name":"ECO Supplements","description":"Eco Supplements - Gezonde supplementen","publisher":{"@id":"https:\/\/ecosupplements.be\/fr\/#organization"},"potentialAction":[{"@type":"SearchAction","target":{"@type":"EntryPoint","urlTemplate":"https:\/\/ecosupplements.be\/fr\/?s={search_term_string}"},"query-input":{"@type":"PropertyValueSpecification","valueRequired":true,"valueName":"search_term_string"}}],"inLanguage":"fr-FR"},{"@type":"Organization","@id":"https:\/\/ecosupplements.be\/fr\/#organization","name":"Eco Supplements","url":"https:\/\/ecosupplements.be\/fr\/","logo":{"@type":"ImageObject","inLanguage":"fr-FR","@id":"https:\/\/ecosupplements.be\/fr\/#\/schema\/logo\/image\/","url":"https:\/\/ecosupplements.be\/wp-content\/uploads\/2022\/06\/ecosupplement-family.png","contentUrl":"https:\/\/ecosupplements.be\/wp-content\/uploads\/2022\/06\/ecosupplement-family.png","width":593,"height":374,"caption":"Eco Supplements"},"image":{"@id":"https:\/\/ecosupplements.be\/fr\/#\/schema\/logo\/image\/"}}]},"product_brand":"BetterYou","product_price_amount":"14.66","product_price_currency":"EUR","og_availability":"instock","product_availability":"instock","product_retailer_item_id":"5060148524245","product_condition":"new"},"_links":{"self":[{"href":"https:\/\/ecosupplements.be\/fr\/wp-json\/wp\/v2\/product\/299310","targetHints":{"allow":["GET"]}}],"collection":[{"href":"https:\/\/ecosupplements.be\/fr\/wp-json\/wp\/v2\/product"}],"about":[{"href":"https:\/\/ecosupplements.be\/fr\/wp-json\/wp\/v2\/types\/product"}],"replies":[{"embeddable":true,"href":"https:\/\/ecosupplements.be\/fr\/wp-json\/wp\/v2\/comments?post=299310"}],"wp:featuredmedia":[{"embeddable":true,"href":"https:\/\/ecosupplements.be\/fr\/wp-json\/wp\/v2\/media\/273453"}],"wp:attachment":[{"href":"https:\/\/ecosupplements.be\/fr\/wp-json\/wp\/v2\/media?parent=299310"}],"wp:term":[{"taxonomy":"product_brand","embeddable":true,"href":"https:\/\/ecosupplements.be\/fr\/wp-json\/wp\/v2\/product_brand?post=299310"},{"taxonomy":"product_cat","embeddable":true,"href":"https:\/\/ecosupplements.be\/fr\/wp-json\/wp\/v2\/product_cat?post=299310"},{"taxonomy":"product_tag","embeddable":true,"href":"https:\/\/ecosupplements.be\/fr\/wp-json\/wp\/v2\/product_tag?post=299310"}],"curies":[{"name":"wp","href":"https:\/\/api.w.org\/{rel}","templated":true}]}}