{"id":299328,"date":"2025-07-24T17:30:23","date_gmt":"2025-07-24T16:30:23","guid":{"rendered":"https:\/\/ecosupplements.be\/product\/aura-herbals-calm-down-lactium-60-caps\/"},"modified":"2025-08-28T02:16:24","modified_gmt":"2025-08-28T01:16:24","slug":"aura-herbals-calm-down-lactium-60-caps","status":"publish","type":"product","link":"https:\/\/ecosupplements.be\/fr\/produit\/aura-herbals-calm-down-lactium-60-caps\/","title":{"rendered":"AURA HERBALS Calm down, Lactium\u00ae (60 g\u00e9lules)"},"content":{"rendered":"<h2>AURA HERBALS Calm down,Lactium\u00ae (60 caps)<\/h2>\n<p>D\u00e9couvrez AURA HERBALS Calm down,un produit con\u00e7u avec des ingr\u00e9dients de haute qualit\u00e9 et d&#8217;origine naturelle. Chaque capsule contient un m\u00e9lange soigneusement s\u00e9lectionn\u00e9 pour sa puret\u00e9 et son origine contr\u00f4l\u00e9e.<\/p>\n<h3>Ingr\u00e9dients principaux :<\/h3>\n<ul>\n<li>Extrait de camomille (matricaria chamomilla L.) DER 4:1<\/li>\n<li>Hydrolisat de prot\u00e9ines de lait (Lactium\u00ae)<\/li>\n<li>Inuline<\/li>\n<li>Inositol (myo-inositol)<\/li>\n<li>L-leucine<\/li>\n<\/ul>\n<p>Ce produit est encapsul\u00e9 dans une g\u00e9lule en hydroxypropylm\u00e9thylcellulose, adapt\u00e9e \u00e0 un r\u00e9gime v\u00e9g\u00e9tarien.<\/p>\n<h3>Contenu et emballage :<\/h3>\n<p>Ce paquet contient 60 capsules, offrant une utilisation pratique pour le quotidien.<\/p>\n<h3>utilisation :<\/h3>\n<p>Pour une utilisation quotidienne simple,il est recommand\u00e9 de prendre une capsule par jour avec de l&#8217;eau. Ce format facile \u00e0 utiliser s&#8217;int\u00e8gre parfaitement dans votre routine journali\u00e8re sans complication.<\/p>\n<h3>caract\u00e9ristiques pratiques :<\/h3>\n<p>AURA HERBALS Calm down se distingue par sa facilit\u00e9 d&#8217;utilisation et son format pratique qui conviendra parfaitement \u00e0 ceux qui appr\u00e9cient les produits naturels dans leur quotidien.<\/p>\n<p><strong>Note:<\/strong> Conserver dans un endroit sec \u00e0 une temp\u00e9rature entre 15-25\u00b0C. Tenir hors de port\u00e9e des enfants. Ce produit n&#8217;est pas destin\u00e9 aux enfants ni aux femmes enceintes ou allaitantes. Ne pas utiliser en cas d&#8217;allergie \u00e0 l&#8217;un des composants du suppl\u00e9ment.<\/p>\n<p>Rappelons l&#8217;importance d&#8217;un mode de vie \u00e9quilibr\u00e9 et d&#8217;une alimentation vari\u00e9e pour votre bien-\u00eatre g\u00e9n\u00e9ral.<\/p>\n","protected":false},"excerpt":{"rendered":"<p>AURA HERBALS Calm down,Lactium\u00ae (60 caps) D\u00e9couvrez AURA HERBALS Calm down,un produit con\u00e7u avec des ingr\u00e9dients de haute qualit\u00e9 et d&#8217;origine naturelle. Chaque capsule contient un m\u00e9lange soigneusement s\u00e9lectionn\u00e9 pour sa puret\u00e9 et son origine contr\u00f4l\u00e9e. Ingr\u00e9dients principaux : Extrait de camomille (matricaria chamomilla L.) DER 4:1 Hydrolisat de prot\u00e9ines de lait (Lactium\u00ae) Inuline Inositol [&#8230;]\n","protected":false},"featured_media":273471,"comment_status":"closed","ping_status":"open","template":"","meta":[],"product_brand":[5338],"product_cat":[5053],"product_tag":[],"class_list":{"0":"post-299328","1":"product","2":"type-product","3":"status-publish","4":"has-post-thumbnail","6":"product_brand-aura-herbals-2","7":"product_cat-vitamines-et-mineraux","9":"first","10":"instock","11":"taxable","12":"shipping-taxable","13":"purchasable","14":"product-type-simple"},"yoast_head":"<!-- This site is optimized with the Yoast SEO Premium plugin v27.3 (Yoast SEO v27.3) - https:\/\/yoast.com\/product\/yoast-seo-premium-wordpress\/ -->\n<title>AURA HERBALS Calm down, Lactium\u00ae (60 g\u00e9lules) - ECO Supplements<\/title>\n<meta name=\"description\" content=\"Wij hebben een ruime keuze aan producten van AURA HERBALS Calm down, Lactium\u00ae (60 g\u00e9lules) . Winkel bij Eco Supplements altijd gratis verzending boven 100\u20ac\" \/>\n<meta name=\"robots\" content=\"index, follow, max-snippet:-1, max-image-preview:large, max-video-preview:-1\" \/>\n<link rel=\"canonical\" href=\"https:\/\/ecosupplements.be\/fr\/produit\/aura-herbals-calm-down-lactium-60-caps\/\" \/>\n<meta property=\"og:locale\" content=\"fr_FR\" \/>\n<meta property=\"og:type\" content=\"article\" \/>\n<meta property=\"og:title\" content=\"AURA HERBALS Calm down, Lactium\u00ae (60 g\u00e9lules)\" \/>\n<meta property=\"og:description\" content=\"Wij hebben een ruime keuze aan producten van AURA HERBALS Calm down, Lactium\u00ae (60 g\u00e9lules) . Winkel bij Eco Supplements altijd gratis verzending boven 100\u20ac\" \/>\n<meta property=\"og:url\" content=\"https:\/\/ecosupplements.be\/fr\/produit\/aura-herbals-calm-down-lactium-60-caps\/\" \/>\n<meta property=\"og:site_name\" content=\"ECO Supplements\" \/>\n<meta property=\"article:modified_time\" content=\"2025-08-28T01:16:24+00:00\" \/>\n<meta property=\"og:image\" content=\"https:\/\/ecosupplements.be\/wp-content\/uploads\/2025\/08\/Aura-Herbals-AURA-HERBALS-Calm-down-Lactium\u00ae-60-caps.jpg\" \/>\n\t<meta property=\"og:image:width\" content=\"1080\" \/>\n\t<meta property=\"og:image:height\" content=\"1080\" \/>\n\t<meta property=\"og:image:type\" content=\"image\/jpeg\" \/>\n<meta name=\"twitter:card\" content=\"summary_large_image\" \/>\n<meta name=\"twitter:label1\" content=\"Prix\" \/>\n\t<meta name=\"twitter:data1\" content=\"25.50&nbsp;&euro;\" \/>\n\t<meta name=\"twitter:label2\" content=\"Disponibilit\u00e9\" \/>\n\t<meta name=\"twitter:data2\" content=\"En stock\" \/>\n<script type=\"application\/ld+json\" class=\"yoast-schema-graph\">{\"@context\":\"https:\\\/\\\/schema.org\",\"@graph\":[{\"@type\":[\"WebPage\",\"ItemPage\"],\"@id\":\"https:\\\/\\\/ecosupplements.be\\\/fr\\\/produit\\\/aura-herbals-calm-down-lactium-60-caps\\\/\",\"url\":\"https:\\\/\\\/ecosupplements.be\\\/fr\\\/produit\\\/aura-herbals-calm-down-lactium-60-caps\\\/\",\"name\":\"AURA HERBALS Calm down, Lactium\u00ae (60 g\u00e9lules) - ECO Supplements\",\"isPartOf\":{\"@id\":\"https:\\\/\\\/ecosupplements.be\\\/fr\\\/#website\"},\"primaryImageOfPage\":{\"@id\":\"https:\\\/\\\/ecosupplements.be\\\/fr\\\/produit\\\/aura-herbals-calm-down-lactium-60-caps\\\/#primaryimage\"},\"image\":{\"@id\":\"https:\\\/\\\/ecosupplements.be\\\/fr\\\/produit\\\/aura-herbals-calm-down-lactium-60-caps\\\/#primaryimage\"},\"thumbnailUrl\":\"https:\\\/\\\/ecosupplements.be\\\/wp-content\\\/uploads\\\/2025\\\/08\\\/AURA-HERBALS-Calm-down-Lactium\u00ae-60-caps.jpg\",\"datePublished\":\"2025-07-24T16:30:23+00:00\",\"dateModified\":\"2025-08-28T01:16:24+00:00\",\"description\":\"Wij hebben een ruime keuze aan producten van AURA HERBALS Calm down, Lactium\u00ae (60 g\u00e9lules) . Winkel bij Eco Supplements altijd gratis verzending boven 100\u20ac\",\"breadcrumb\":{\"@id\":\"https:\\\/\\\/ecosupplements.be\\\/fr\\\/produit\\\/aura-herbals-calm-down-lactium-60-caps\\\/#breadcrumb\"},\"inLanguage\":\"fr-FR\",\"potentialAction\":[{\"@type\":\"ReadAction\",\"target\":[\"https:\\\/\\\/ecosupplements.be\\\/fr\\\/produit\\\/aura-herbals-calm-down-lactium-60-caps\\\/\"]}]},{\"@type\":\"ImageObject\",\"inLanguage\":\"fr-FR\",\"@id\":\"https:\\\/\\\/ecosupplements.be\\\/fr\\\/produit\\\/aura-herbals-calm-down-lactium-60-caps\\\/#primaryimage\",\"url\":\"https:\\\/\\\/ecosupplements.be\\\/wp-content\\\/uploads\\\/2025\\\/08\\\/AURA-HERBALS-Calm-down-Lactium\u00ae-60-caps.jpg\",\"contentUrl\":\"https:\\\/\\\/ecosupplements.be\\\/wp-content\\\/uploads\\\/2025\\\/08\\\/AURA-HERBALS-Calm-down-Lactium\u00ae-60-caps.jpg\",\"width\":1080,\"height\":1080},{\"@type\":\"BreadcrumbList\",\"@id\":\"https:\\\/\\\/ecosupplements.be\\\/fr\\\/produit\\\/aura-herbals-calm-down-lactium-60-caps\\\/#breadcrumb\",\"itemListElement\":[{\"@type\":\"ListItem\",\"position\":1,\"name\":\"Home\",\"item\":\"https:\\\/\\\/ecosupplements.be\\\/fr\\\/\"},{\"@type\":\"ListItem\",\"position\":2,\"name\":\"Boutique\",\"item\":\"https:\\\/\\\/ecosupplements.be\\\/fr\\\/boutique\\\/\"},{\"@type\":\"ListItem\",\"position\":3,\"name\":\"AURA HERBALS Calm down, Lactium\u00ae (60 g\u00e9lules)\"}]},{\"@type\":\"WebSite\",\"@id\":\"https:\\\/\\\/ecosupplements.be\\\/fr\\\/#website\",\"url\":\"https:\\\/\\\/ecosupplements.be\\\/fr\\\/\",\"name\":\"ECO Supplements\",\"description\":\"Eco Supplements - Gezonde supplementen\",\"publisher\":{\"@id\":\"https:\\\/\\\/ecosupplements.be\\\/fr\\\/#organization\"},\"potentialAction\":[{\"@type\":\"SearchAction\",\"target\":{\"@type\":\"EntryPoint\",\"urlTemplate\":\"https:\\\/\\\/ecosupplements.be\\\/fr\\\/?s={search_term_string}\"},\"query-input\":{\"@type\":\"PropertyValueSpecification\",\"valueRequired\":true,\"valueName\":\"search_term_string\"}}],\"inLanguage\":\"fr-FR\"},{\"@type\":\"Organization\",\"@id\":\"https:\\\/\\\/ecosupplements.be\\\/fr\\\/#organization\",\"name\":\"Eco Supplements\",\"url\":\"https:\\\/\\\/ecosupplements.be\\\/fr\\\/\",\"logo\":{\"@type\":\"ImageObject\",\"inLanguage\":\"fr-FR\",\"@id\":\"https:\\\/\\\/ecosupplements.be\\\/fr\\\/#\\\/schema\\\/logo\\\/image\\\/\",\"url\":\"https:\\\/\\\/ecosupplements.be\\\/wp-content\\\/uploads\\\/2022\\\/06\\\/ecosupplement-family.png\",\"contentUrl\":\"https:\\\/\\\/ecosupplements.be\\\/wp-content\\\/uploads\\\/2022\\\/06\\\/ecosupplement-family.png\",\"width\":593,\"height\":374,\"caption\":\"Eco Supplements\"},\"image\":{\"@id\":\"https:\\\/\\\/ecosupplements.be\\\/fr\\\/#\\\/schema\\\/logo\\\/image\\\/\"}}]}<\/script>\n<meta property=\"product:brand\" content=\"Aura Herbals\" \/>\n<meta property=\"product:price:amount\" content=\"25.50\" \/>\n<meta property=\"product:price:currency\" content=\"EUR\" \/>\n<meta property=\"og:availability\" content=\"instock\" \/>\n<meta property=\"product:availability\" content=\"instock\" \/>\n<meta property=\"product:retailer_item_id\" content=\"5902479614830\" \/>\n<meta property=\"product:condition\" content=\"new\" \/>\n<!-- \/ Yoast SEO Premium plugin. -->","yoast_head_json":{"title":"AURA HERBALS Calm down, Lactium\u00ae (60 g\u00e9lules) - ECO Supplements","description":"Wij hebben een ruime keuze aan producten van AURA HERBALS Calm down, Lactium\u00ae (60 g\u00e9lules) . Winkel bij Eco Supplements altijd gratis verzending boven 100\u20ac","robots":{"index":"index","follow":"follow","max-snippet":"max-snippet:-1","max-image-preview":"max-image-preview:large","max-video-preview":"max-video-preview:-1"},"canonical":"https:\/\/ecosupplements.be\/fr\/produit\/aura-herbals-calm-down-lactium-60-caps\/","og_locale":"fr_FR","og_type":"article","og_title":"AURA HERBALS Calm down, Lactium\u00ae (60 g\u00e9lules)","og_description":"Wij hebben een ruime keuze aan producten van AURA HERBALS Calm down, Lactium\u00ae (60 g\u00e9lules) . Winkel bij Eco Supplements altijd gratis verzending boven 100\u20ac","og_url":"https:\/\/ecosupplements.be\/fr\/produit\/aura-herbals-calm-down-lactium-60-caps\/","og_site_name":"ECO Supplements","article_modified_time":"2025-08-28T01:16:24+00:00","og_image":[{"width":1080,"height":1080,"url":"https:\/\/ecosupplements.be\/wp-content\/uploads\/2025\/08\/Aura-Herbals-AURA-HERBALS-Calm-down-Lactium\u00ae-60-caps.jpg","type":"image\/jpeg"}],"twitter_card":"summary_large_image","twitter_misc":{"Prix":"25.50&nbsp;&euro;","Disponibilit\u00e9":"En stock"},"schema":{"@context":"https:\/\/schema.org","@graph":[{"@type":["WebPage","ItemPage"],"@id":"https:\/\/ecosupplements.be\/fr\/produit\/aura-herbals-calm-down-lactium-60-caps\/","url":"https:\/\/ecosupplements.be\/fr\/produit\/aura-herbals-calm-down-lactium-60-caps\/","name":"AURA HERBALS Calm down, Lactium\u00ae (60 g\u00e9lules) - ECO Supplements","isPartOf":{"@id":"https:\/\/ecosupplements.be\/fr\/#website"},"primaryImageOfPage":{"@id":"https:\/\/ecosupplements.be\/fr\/produit\/aura-herbals-calm-down-lactium-60-caps\/#primaryimage"},"image":{"@id":"https:\/\/ecosupplements.be\/fr\/produit\/aura-herbals-calm-down-lactium-60-caps\/#primaryimage"},"thumbnailUrl":"https:\/\/ecosupplements.be\/wp-content\/uploads\/2025\/08\/AURA-HERBALS-Calm-down-Lactium\u00ae-60-caps.jpg","datePublished":"2025-07-24T16:30:23+00:00","dateModified":"2025-08-28T01:16:24+00:00","description":"Wij hebben een ruime keuze aan producten van AURA HERBALS Calm down, Lactium\u00ae (60 g\u00e9lules) . Winkel bij Eco Supplements altijd gratis verzending boven 100\u20ac","breadcrumb":{"@id":"https:\/\/ecosupplements.be\/fr\/produit\/aura-herbals-calm-down-lactium-60-caps\/#breadcrumb"},"inLanguage":"fr-FR","potentialAction":[{"@type":"ReadAction","target":["https:\/\/ecosupplements.be\/fr\/produit\/aura-herbals-calm-down-lactium-60-caps\/"]}]},{"@type":"ImageObject","inLanguage":"fr-FR","@id":"https:\/\/ecosupplements.be\/fr\/produit\/aura-herbals-calm-down-lactium-60-caps\/#primaryimage","url":"https:\/\/ecosupplements.be\/wp-content\/uploads\/2025\/08\/AURA-HERBALS-Calm-down-Lactium\u00ae-60-caps.jpg","contentUrl":"https:\/\/ecosupplements.be\/wp-content\/uploads\/2025\/08\/AURA-HERBALS-Calm-down-Lactium\u00ae-60-caps.jpg","width":1080,"height":1080},{"@type":"BreadcrumbList","@id":"https:\/\/ecosupplements.be\/fr\/produit\/aura-herbals-calm-down-lactium-60-caps\/#breadcrumb","itemListElement":[{"@type":"ListItem","position":1,"name":"Home","item":"https:\/\/ecosupplements.be\/fr\/"},{"@type":"ListItem","position":2,"name":"Boutique","item":"https:\/\/ecosupplements.be\/fr\/boutique\/"},{"@type":"ListItem","position":3,"name":"AURA HERBALS Calm down, Lactium\u00ae (60 g\u00e9lules)"}]},{"@type":"WebSite","@id":"https:\/\/ecosupplements.be\/fr\/#website","url":"https:\/\/ecosupplements.be\/fr\/","name":"ECO Supplements","description":"Eco Supplements - Gezonde supplementen","publisher":{"@id":"https:\/\/ecosupplements.be\/fr\/#organization"},"potentialAction":[{"@type":"SearchAction","target":{"@type":"EntryPoint","urlTemplate":"https:\/\/ecosupplements.be\/fr\/?s={search_term_string}"},"query-input":{"@type":"PropertyValueSpecification","valueRequired":true,"valueName":"search_term_string"}}],"inLanguage":"fr-FR"},{"@type":"Organization","@id":"https:\/\/ecosupplements.be\/fr\/#organization","name":"Eco Supplements","url":"https:\/\/ecosupplements.be\/fr\/","logo":{"@type":"ImageObject","inLanguage":"fr-FR","@id":"https:\/\/ecosupplements.be\/fr\/#\/schema\/logo\/image\/","url":"https:\/\/ecosupplements.be\/wp-content\/uploads\/2022\/06\/ecosupplement-family.png","contentUrl":"https:\/\/ecosupplements.be\/wp-content\/uploads\/2022\/06\/ecosupplement-family.png","width":593,"height":374,"caption":"Eco Supplements"},"image":{"@id":"https:\/\/ecosupplements.be\/fr\/#\/schema\/logo\/image\/"}}]},"product_brand":"Aura Herbals","product_price_amount":"25.50","product_price_currency":"EUR","og_availability":"instock","product_availability":"instock","product_retailer_item_id":"5902479614830","product_condition":"new"},"_links":{"self":[{"href":"https:\/\/ecosupplements.be\/fr\/wp-json\/wp\/v2\/product\/299328","targetHints":{"allow":["GET"]}}],"collection":[{"href":"https:\/\/ecosupplements.be\/fr\/wp-json\/wp\/v2\/product"}],"about":[{"href":"https:\/\/ecosupplements.be\/fr\/wp-json\/wp\/v2\/types\/product"}],"replies":[{"embeddable":true,"href":"https:\/\/ecosupplements.be\/fr\/wp-json\/wp\/v2\/comments?post=299328"}],"wp:featuredmedia":[{"embeddable":true,"href":"https:\/\/ecosupplements.be\/fr\/wp-json\/wp\/v2\/media\/273471"}],"wp:attachment":[{"href":"https:\/\/ecosupplements.be\/fr\/wp-json\/wp\/v2\/media?parent=299328"}],"wp:term":[{"taxonomy":"product_brand","embeddable":true,"href":"https:\/\/ecosupplements.be\/fr\/wp-json\/wp\/v2\/product_brand?post=299328"},{"taxonomy":"product_cat","embeddable":true,"href":"https:\/\/ecosupplements.be\/fr\/wp-json\/wp\/v2\/product_cat?post=299328"},{"taxonomy":"product_tag","embeddable":true,"href":"https:\/\/ecosupplements.be\/fr\/wp-json\/wp\/v2\/product_tag?post=299328"}],"curies":[{"name":"wp","href":"https:\/\/api.w.org\/{rel}","templated":true}]}}