{"id":299337,"date":"2025-07-24T17:45:11","date_gmt":"2025-07-24T16:45:11","guid":{"rendered":"https:\/\/ecosupplements.be\/product\/aura-herlas-mct-oil-powder-in-sachets-30-pcs\/"},"modified":"2025-08-28T02:16:33","modified_gmt":"2025-08-28T01:16:33","slug":"aura-herlas-mct-oil-powder-in-sachets-30-pcs","status":"publish","type":"product","link":"https:\/\/ecosupplements.be\/fr\/produit\/aura-herlas-mct-oil-powder-in-sachets-30-pcs\/","title":{"rendered":"Poudre d&#8217;huile MCT en sachets (30 unit\u00e9s)"},"content":{"rendered":"<p><strong>AURA HERLAS &#8211; MCT oil powder in sachets (30 pcs.)<\/strong><\/p>\n<p>D\u00e9couvrez AURA HERLAS &#8211; MCT oil powder, une solution pratique pour int\u00e9grer des triglyc\u00e9rides \u00e0 cha\u00eene moyenne (MCT) dans votre quotidien. Issu de sources naturelles telles que l&#8217;huile de coco, ce produit se distingue par sa puret\u00e9 et son assimilation rapide.<\/p>\n<p><strong>Ingr\u00e9dients principaux :<\/strong> Huile MCT de noix de coco, isomalto-oligosaccharides, \u00e9mulsifiants (sel sodique d&#8217;octenylsuccinate d&#8217;amidon, mono- et diglyc\u00e9rides d&#8217;acides gras), anti-agglom\u00e9rant (dioxyde de silicium).<\/p>\n<p>Ce produit est conditionn\u00e9 en sachets individuels contenant chacun une dose pr\u00e9cise d&#8217;huile MCT. Chaque sachet assure un dosage facile et rapide \u00e0 pr\u00e9parer : il suffit d&#8217;ajouter le contenu \u00e0 au moins 100 ml d&#8217;eau ou autre liquide comme un smoothie ou du caf\u00e9.<\/p>\n<p><strong>utilisation :<\/strong> Ouvrir une sachet et verser le contenu dans 100 ml de liquide, bien m\u00e9langer avant consommation.<\/p>\n<p>AURA HERLAS &#8211; MCT oil powder est id\u00e9al pour ceux qui cherchent \u00e0 incorporer des ingr\u00e9dients naturels dans leur routine quotidienne sans complication. Son format en sachet rend ce produit parfait pour les personnes actives recherchant praticit\u00e9 et qualit\u00e9.<\/p>\n<p><strong>Conservation :<\/strong> Conserver dans un endroit sec \u00e0 une temp\u00e9rature entre 15-25\u00b0C.Tenir hors de port\u00e9e des enfants.<\/p>\n<p>nous rappelons l&#8217;importance d&#8217;un mode de vie \u00e9quilibr\u00e9 et d&#8217;une alimentation vari\u00e9e.<\/p>\n","protected":false},"excerpt":{"rendered":"<p>AURA HERLAS &#8211; MCT oil powder in sachets (30 pcs.) D\u00e9couvrez AURA HERLAS &#8211; MCT oil powder, une solution pratique pour int\u00e9grer des triglyc\u00e9rides \u00e0 cha\u00eene moyenne (MCT) dans votre quotidien. Issu de sources naturelles telles que l&#8217;huile de coco, ce produit se distingue par sa puret\u00e9 et son assimilation rapide. Ingr\u00e9dients principaux : Huile [&#8230;]\n","protected":false},"featured_media":273480,"comment_status":"closed","ping_status":"open","template":"","meta":[],"product_brand":[5338],"product_cat":[5082,5053],"product_tag":[],"class_list":{"0":"post-299337","1":"product","2":"type-product","3":"status-publish","4":"has-post-thumbnail","6":"product_brand-aura-herbals-2","7":"product_cat-omegas-efa-cla-huiles","8":"product_cat-vitamines-et-mineraux","10":"first","11":"instock","12":"taxable","13":"shipping-taxable","14":"purchasable","15":"product-type-simple"},"yoast_head":"<!-- This site is optimized with the Yoast SEO Premium plugin v27.3 (Yoast SEO v27.3) - https:\/\/yoast.com\/product\/yoast-seo-premium-wordpress\/ -->\n<title>Poudre d&#039;huile MCT en sachets (30 unit\u00e9s) - ECO Supplements<\/title>\n<meta name=\"description\" content=\"Wij hebben een ruime keuze aan producten van Poudre d&#039;huile MCT en sachets (30 unit\u00e9s) . Winkel bij Eco Supplements altijd gratis verzending boven 100\u20ac\" \/>\n<meta name=\"robots\" content=\"index, follow, max-snippet:-1, max-image-preview:large, max-video-preview:-1\" \/>\n<link rel=\"canonical\" href=\"https:\/\/ecosupplements.be\/fr\/produit\/aura-herlas-mct-oil-powder-in-sachets-30-pcs\/\" \/>\n<meta property=\"og:locale\" content=\"fr_FR\" \/>\n<meta property=\"og:type\" content=\"article\" \/>\n<meta property=\"og:title\" content=\"Poudre d&#039;huile MCT en sachets (30 unit\u00e9s)\" \/>\n<meta property=\"og:description\" content=\"Wij hebben een ruime keuze aan producten van Poudre d&#039;huile MCT en sachets (30 unit\u00e9s) . Winkel bij Eco Supplements altijd gratis verzending boven 100\u20ac\" \/>\n<meta property=\"og:url\" content=\"https:\/\/ecosupplements.be\/fr\/produit\/aura-herlas-mct-oil-powder-in-sachets-30-pcs\/\" \/>\n<meta property=\"og:site_name\" content=\"ECO Supplements\" \/>\n<meta property=\"article:modified_time\" content=\"2025-08-28T01:16:33+00:00\" \/>\n<meta property=\"og:image\" content=\"https:\/\/ecosupplements.be\/wp-content\/uploads\/2025\/08\/Aura-Herbals-AURA-HERLAS-MCT-oil-powder-in-sachets-30-pcs.jpg\" \/>\n\t<meta property=\"og:image:width\" content=\"488\" \/>\n\t<meta property=\"og:image:height\" content=\"295\" \/>\n\t<meta property=\"og:image:type\" content=\"image\/jpeg\" \/>\n<meta name=\"twitter:card\" content=\"summary_large_image\" \/>\n<meta name=\"twitter:label1\" content=\"Prix\" \/>\n\t<meta name=\"twitter:data1\" content=\"14.17&nbsp;&euro;\" \/>\n\t<meta name=\"twitter:label2\" content=\"Disponibilit\u00e9\" \/>\n\t<meta name=\"twitter:data2\" content=\"En stock\" \/>\n<script type=\"application\/ld+json\" class=\"yoast-schema-graph\">{\"@context\":\"https:\\\/\\\/schema.org\",\"@graph\":[{\"@type\":[\"WebPage\",\"ItemPage\"],\"@id\":\"https:\\\/\\\/ecosupplements.be\\\/fr\\\/produit\\\/aura-herlas-mct-oil-powder-in-sachets-30-pcs\\\/\",\"url\":\"https:\\\/\\\/ecosupplements.be\\\/fr\\\/produit\\\/aura-herlas-mct-oil-powder-in-sachets-30-pcs\\\/\",\"name\":\"Poudre d'huile MCT en sachets (30 unit\u00e9s) - ECO Supplements\",\"isPartOf\":{\"@id\":\"https:\\\/\\\/ecosupplements.be\\\/fr\\\/#website\"},\"primaryImageOfPage\":{\"@id\":\"https:\\\/\\\/ecosupplements.be\\\/fr\\\/produit\\\/aura-herlas-mct-oil-powder-in-sachets-30-pcs\\\/#primaryimage\"},\"image\":{\"@id\":\"https:\\\/\\\/ecosupplements.be\\\/fr\\\/produit\\\/aura-herlas-mct-oil-powder-in-sachets-30-pcs\\\/#primaryimage\"},\"thumbnailUrl\":\"https:\\\/\\\/ecosupplements.be\\\/wp-content\\\/uploads\\\/2025\\\/08\\\/AURA-HERLAS-MCT-oil-powder-in-sachets-30-pcs.jpg\",\"datePublished\":\"2025-07-24T16:45:11+00:00\",\"dateModified\":\"2025-08-28T01:16:33+00:00\",\"description\":\"Wij hebben een ruime keuze aan producten van Poudre d'huile MCT en sachets (30 unit\u00e9s) . Winkel bij Eco Supplements altijd gratis verzending boven 100\u20ac\",\"breadcrumb\":{\"@id\":\"https:\\\/\\\/ecosupplements.be\\\/fr\\\/produit\\\/aura-herlas-mct-oil-powder-in-sachets-30-pcs\\\/#breadcrumb\"},\"inLanguage\":\"fr-FR\",\"potentialAction\":[{\"@type\":\"ReadAction\",\"target\":[\"https:\\\/\\\/ecosupplements.be\\\/fr\\\/produit\\\/aura-herlas-mct-oil-powder-in-sachets-30-pcs\\\/\"]}]},{\"@type\":\"ImageObject\",\"inLanguage\":\"fr-FR\",\"@id\":\"https:\\\/\\\/ecosupplements.be\\\/fr\\\/produit\\\/aura-herlas-mct-oil-powder-in-sachets-30-pcs\\\/#primaryimage\",\"url\":\"https:\\\/\\\/ecosupplements.be\\\/wp-content\\\/uploads\\\/2025\\\/08\\\/AURA-HERLAS-MCT-oil-powder-in-sachets-30-pcs.jpg\",\"contentUrl\":\"https:\\\/\\\/ecosupplements.be\\\/wp-content\\\/uploads\\\/2025\\\/08\\\/AURA-HERLAS-MCT-oil-powder-in-sachets-30-pcs.jpg\",\"width\":488,\"height\":295},{\"@type\":\"BreadcrumbList\",\"@id\":\"https:\\\/\\\/ecosupplements.be\\\/fr\\\/produit\\\/aura-herlas-mct-oil-powder-in-sachets-30-pcs\\\/#breadcrumb\",\"itemListElement\":[{\"@type\":\"ListItem\",\"position\":1,\"name\":\"Home\",\"item\":\"https:\\\/\\\/ecosupplements.be\\\/fr\\\/\"},{\"@type\":\"ListItem\",\"position\":2,\"name\":\"Boutique\",\"item\":\"https:\\\/\\\/ecosupplements.be\\\/fr\\\/boutique\\\/\"},{\"@type\":\"ListItem\",\"position\":3,\"name\":\"Poudre d&#8217;huile MCT en sachets (30 unit\u00e9s)\"}]},{\"@type\":\"WebSite\",\"@id\":\"https:\\\/\\\/ecosupplements.be\\\/fr\\\/#website\",\"url\":\"https:\\\/\\\/ecosupplements.be\\\/fr\\\/\",\"name\":\"ECO Supplements\",\"description\":\"Eco Supplements - Gezonde supplementen\",\"publisher\":{\"@id\":\"https:\\\/\\\/ecosupplements.be\\\/fr\\\/#organization\"},\"potentialAction\":[{\"@type\":\"SearchAction\",\"target\":{\"@type\":\"EntryPoint\",\"urlTemplate\":\"https:\\\/\\\/ecosupplements.be\\\/fr\\\/?s={search_term_string}\"},\"query-input\":{\"@type\":\"PropertyValueSpecification\",\"valueRequired\":true,\"valueName\":\"search_term_string\"}}],\"inLanguage\":\"fr-FR\"},{\"@type\":\"Organization\",\"@id\":\"https:\\\/\\\/ecosupplements.be\\\/fr\\\/#organization\",\"name\":\"Eco Supplements\",\"url\":\"https:\\\/\\\/ecosupplements.be\\\/fr\\\/\",\"logo\":{\"@type\":\"ImageObject\",\"inLanguage\":\"fr-FR\",\"@id\":\"https:\\\/\\\/ecosupplements.be\\\/fr\\\/#\\\/schema\\\/logo\\\/image\\\/\",\"url\":\"https:\\\/\\\/ecosupplements.be\\\/wp-content\\\/uploads\\\/2022\\\/06\\\/ecosupplement-family.png\",\"contentUrl\":\"https:\\\/\\\/ecosupplements.be\\\/wp-content\\\/uploads\\\/2022\\\/06\\\/ecosupplement-family.png\",\"width\":593,\"height\":374,\"caption\":\"Eco Supplements\"},\"image\":{\"@id\":\"https:\\\/\\\/ecosupplements.be\\\/fr\\\/#\\\/schema\\\/logo\\\/image\\\/\"}}]}<\/script>\n<meta property=\"product:brand\" content=\"Aura Herbals\" \/>\n<meta property=\"product:price:amount\" content=\"14.17\" \/>\n<meta property=\"product:price:currency\" content=\"EUR\" \/>\n<meta property=\"og:availability\" content=\"instock\" \/>\n<meta property=\"product:availability\" content=\"instock\" \/>\n<meta property=\"product:retailer_item_id\" content=\"5902479614847\" \/>\n<meta property=\"product:condition\" content=\"new\" \/>\n<!-- \/ Yoast SEO Premium plugin. -->","yoast_head_json":{"title":"Poudre d'huile MCT en sachets (30 unit\u00e9s) - ECO Supplements","description":"Wij hebben een ruime keuze aan producten van Poudre d'huile MCT en sachets (30 unit\u00e9s) . Winkel bij Eco Supplements altijd gratis verzending boven 100\u20ac","robots":{"index":"index","follow":"follow","max-snippet":"max-snippet:-1","max-image-preview":"max-image-preview:large","max-video-preview":"max-video-preview:-1"},"canonical":"https:\/\/ecosupplements.be\/fr\/produit\/aura-herlas-mct-oil-powder-in-sachets-30-pcs\/","og_locale":"fr_FR","og_type":"article","og_title":"Poudre d'huile MCT en sachets (30 unit\u00e9s)","og_description":"Wij hebben een ruime keuze aan producten van Poudre d'huile MCT en sachets (30 unit\u00e9s) . Winkel bij Eco Supplements altijd gratis verzending boven 100\u20ac","og_url":"https:\/\/ecosupplements.be\/fr\/produit\/aura-herlas-mct-oil-powder-in-sachets-30-pcs\/","og_site_name":"ECO Supplements","article_modified_time":"2025-08-28T01:16:33+00:00","og_image":[{"width":488,"height":295,"url":"https:\/\/ecosupplements.be\/wp-content\/uploads\/2025\/08\/Aura-Herbals-AURA-HERLAS-MCT-oil-powder-in-sachets-30-pcs.jpg","type":"image\/jpeg"}],"twitter_card":"summary_large_image","twitter_misc":{"Prix":"14.17&nbsp;&euro;","Disponibilit\u00e9":"En stock"},"schema":{"@context":"https:\/\/schema.org","@graph":[{"@type":["WebPage","ItemPage"],"@id":"https:\/\/ecosupplements.be\/fr\/produit\/aura-herlas-mct-oil-powder-in-sachets-30-pcs\/","url":"https:\/\/ecosupplements.be\/fr\/produit\/aura-herlas-mct-oil-powder-in-sachets-30-pcs\/","name":"Poudre d'huile MCT en sachets (30 unit\u00e9s) - ECO Supplements","isPartOf":{"@id":"https:\/\/ecosupplements.be\/fr\/#website"},"primaryImageOfPage":{"@id":"https:\/\/ecosupplements.be\/fr\/produit\/aura-herlas-mct-oil-powder-in-sachets-30-pcs\/#primaryimage"},"image":{"@id":"https:\/\/ecosupplements.be\/fr\/produit\/aura-herlas-mct-oil-powder-in-sachets-30-pcs\/#primaryimage"},"thumbnailUrl":"https:\/\/ecosupplements.be\/wp-content\/uploads\/2025\/08\/AURA-HERLAS-MCT-oil-powder-in-sachets-30-pcs.jpg","datePublished":"2025-07-24T16:45:11+00:00","dateModified":"2025-08-28T01:16:33+00:00","description":"Wij hebben een ruime keuze aan producten van Poudre d'huile MCT en sachets (30 unit\u00e9s) . Winkel bij Eco Supplements altijd gratis verzending boven 100\u20ac","breadcrumb":{"@id":"https:\/\/ecosupplements.be\/fr\/produit\/aura-herlas-mct-oil-powder-in-sachets-30-pcs\/#breadcrumb"},"inLanguage":"fr-FR","potentialAction":[{"@type":"ReadAction","target":["https:\/\/ecosupplements.be\/fr\/produit\/aura-herlas-mct-oil-powder-in-sachets-30-pcs\/"]}]},{"@type":"ImageObject","inLanguage":"fr-FR","@id":"https:\/\/ecosupplements.be\/fr\/produit\/aura-herlas-mct-oil-powder-in-sachets-30-pcs\/#primaryimage","url":"https:\/\/ecosupplements.be\/wp-content\/uploads\/2025\/08\/AURA-HERLAS-MCT-oil-powder-in-sachets-30-pcs.jpg","contentUrl":"https:\/\/ecosupplements.be\/wp-content\/uploads\/2025\/08\/AURA-HERLAS-MCT-oil-powder-in-sachets-30-pcs.jpg","width":488,"height":295},{"@type":"BreadcrumbList","@id":"https:\/\/ecosupplements.be\/fr\/produit\/aura-herlas-mct-oil-powder-in-sachets-30-pcs\/#breadcrumb","itemListElement":[{"@type":"ListItem","position":1,"name":"Home","item":"https:\/\/ecosupplements.be\/fr\/"},{"@type":"ListItem","position":2,"name":"Boutique","item":"https:\/\/ecosupplements.be\/fr\/boutique\/"},{"@type":"ListItem","position":3,"name":"Poudre d&#8217;huile MCT en sachets (30 unit\u00e9s)"}]},{"@type":"WebSite","@id":"https:\/\/ecosupplements.be\/fr\/#website","url":"https:\/\/ecosupplements.be\/fr\/","name":"ECO Supplements","description":"Eco Supplements - Gezonde supplementen","publisher":{"@id":"https:\/\/ecosupplements.be\/fr\/#organization"},"potentialAction":[{"@type":"SearchAction","target":{"@type":"EntryPoint","urlTemplate":"https:\/\/ecosupplements.be\/fr\/?s={search_term_string}"},"query-input":{"@type":"PropertyValueSpecification","valueRequired":true,"valueName":"search_term_string"}}],"inLanguage":"fr-FR"},{"@type":"Organization","@id":"https:\/\/ecosupplements.be\/fr\/#organization","name":"Eco Supplements","url":"https:\/\/ecosupplements.be\/fr\/","logo":{"@type":"ImageObject","inLanguage":"fr-FR","@id":"https:\/\/ecosupplements.be\/fr\/#\/schema\/logo\/image\/","url":"https:\/\/ecosupplements.be\/wp-content\/uploads\/2022\/06\/ecosupplement-family.png","contentUrl":"https:\/\/ecosupplements.be\/wp-content\/uploads\/2022\/06\/ecosupplement-family.png","width":593,"height":374,"caption":"Eco Supplements"},"image":{"@id":"https:\/\/ecosupplements.be\/fr\/#\/schema\/logo\/image\/"}}]},"product_brand":"Aura Herbals","product_price_amount":"14.17","product_price_currency":"EUR","og_availability":"instock","product_availability":"instock","product_retailer_item_id":"5902479614847","product_condition":"new"},"_links":{"self":[{"href":"https:\/\/ecosupplements.be\/fr\/wp-json\/wp\/v2\/product\/299337","targetHints":{"allow":["GET"]}}],"collection":[{"href":"https:\/\/ecosupplements.be\/fr\/wp-json\/wp\/v2\/product"}],"about":[{"href":"https:\/\/ecosupplements.be\/fr\/wp-json\/wp\/v2\/types\/product"}],"replies":[{"embeddable":true,"href":"https:\/\/ecosupplements.be\/fr\/wp-json\/wp\/v2\/comments?post=299337"}],"wp:featuredmedia":[{"embeddable":true,"href":"https:\/\/ecosupplements.be\/fr\/wp-json\/wp\/v2\/media\/273480"}],"wp:attachment":[{"href":"https:\/\/ecosupplements.be\/fr\/wp-json\/wp\/v2\/media?parent=299337"}],"wp:term":[{"taxonomy":"product_brand","embeddable":true,"href":"https:\/\/ecosupplements.be\/fr\/wp-json\/wp\/v2\/product_brand?post=299337"},{"taxonomy":"product_cat","embeddable":true,"href":"https:\/\/ecosupplements.be\/fr\/wp-json\/wp\/v2\/product_cat?post=299337"},{"taxonomy":"product_tag","embeddable":true,"href":"https:\/\/ecosupplements.be\/fr\/wp-json\/wp\/v2\/product_tag?post=299337"}],"curies":[{"name":"wp","href":"https:\/\/api.w.org\/{rel}","templated":true}]}}