{"id":299340,"date":"2025-07-24T17:45:11","date_gmt":"2025-07-24T16:45:11","guid":{"rendered":"https:\/\/ecosupplements.be\/product\/aura-herbals-colladrop-liquid-fish-collagen-vitamin-c-500-ml-169-fl-oz\/"},"modified":"2025-08-28T02:16:36","modified_gmt":"2025-08-28T01:16:36","slug":"aura-herbals-colladrop-liquid-fish-collagen-vitamin-c-500-ml-169-fl-oz","status":"publish","type":"product","link":"https:\/\/ecosupplements.be\/fr\/produit\/aura-herbals-colladrop-liquid-fish-collagen-vitamin-c-500-ml-169-fl-oz\/","title":{"rendered":"AURA HERBALS Collag\u00e8ne liquide de poisson + Vitamine C (500 ml \/ 16,9 fl. oz.)"},"content":{"rendered":"<h2>AURA HERBALS Colladrop, Collag\u00e8ne liquide de poisson + Vitamine C (500 ml \/ 16,9 fl. oz.)<\/h2>\n<p>D\u00e9couvrez AURA HERBALS Colladrop, une solution simple pour int\u00e9grer des ingr\u00e9dients de haute qualit\u00e9 \u00e0 votre quotidien. Ce produit contient du collag\u00e8ne issu de peaux de poissons marins et de la vitamine C, tous deux reconnus pour leur puret\u00e9 et leur origine naturelle.<\/p>\n<p>Le collag\u00e8ne marin est appr\u00e9ci\u00e9 pour sa qualit\u00e9 sup\u00e9rieure et contribue \u00e0 la richesse naturelle du produit. La vitamine C,quant \u00e0 elle,est incorpor\u00e9e sous forme d&#8217;acide L-ascorbique pour garantir une grande puret\u00e9.<\/p>\n<p>Ce flacon pratique de 500 ml vous offre environ 33 portions. Chaque dose recommand\u00e9e est facile \u00e0 utiliser : il suffit d&#8217;ajouter 15 ml du produit \u00e0 l&#8217;eau ou \u00e0 une boisson non alcoolis\u00e9e.<\/p>\n<p>AURA HERBALS Colladrop se distingue par son engagement envers les standards \u00e9lev\u00e9s dans le choix des ingr\u00e9dients.Sans all\u00e9gations m\u00e9dicales ou th\u00e9rapeutiques, ce produit s&#8217;int\u00e8gre parfaitement dans un mode de vie actif et \u00e9quilibr\u00e9.<\/p>\n<p><strong>Ingr\u00e9dients :<\/strong> Eau, collag\u00e8ne NatiCol\u00ae issu des peaux de poissons marins, acide L-ascorbique (vitamine C), gluconate de zinc, D-alpha-tocoph\u00e9rol (vitamine E), s\u00e9l\u00e9nite de sodium et D-biotine.<\/p>\n<p><strong>Utilisation :<\/strong> Prendre quotidiennement 15 ml m\u00e9lang\u00e9s avec votre boisson pr\u00e9f\u00e9r\u00e9e.<\/p>\n<p><strong>Caract\u00e9ristiques pratiques :<\/strong> Facilement int\u00e9grable dans votre routine quotidienne gr\u00e2ce au format liquide qui simplifie le dosage et l&#8217;administration.<\/p>\n<p>Ce compl\u00e9ment alimentaire ne doit pas \u00eatre utilis\u00e9 comme substitut d&#8217;un r\u00e9gime alimentaire vari\u00e9. Un mode vie sain est crucial.<\/p>\n","protected":false},"excerpt":{"rendered":"<p>AURA HERBALS Colladrop, Collag\u00e8ne liquide de poisson + Vitamine C (500 ml \/ 16,9 fl. oz.) D\u00e9couvrez AURA HERBALS Colladrop, une solution simple pour int\u00e9grer des ingr\u00e9dients de haute qualit\u00e9 \u00e0 votre quotidien. Ce produit contient du collag\u00e8ne issu de peaux de poissons marins et de la vitamine C, tous deux reconnus pour leur puret\u00e9 [&#8230;]\n","protected":false},"featured_media":273483,"comment_status":"closed","ping_status":"open","template":"","meta":[],"product_brand":[5338],"product_cat":[5121,5052,5053],"product_tag":[],"class_list":{"0":"post-299340","1":"product","2":"type-product","3":"status-publish","4":"has-post-thumbnail","6":"product_brand-aura-herbals-2","7":"product_cat-collagene","8":"product_cat-sante-et-bien-etre","9":"product_cat-vitamines-et-mineraux","11":"first","12":"instock","13":"taxable","14":"shipping-taxable","15":"purchasable","16":"product-type-simple"},"yoast_head":"<!-- This site is optimized with the Yoast SEO Premium plugin v27.3 (Yoast SEO v27.3) - https:\/\/yoast.com\/product\/yoast-seo-premium-wordpress\/ -->\n<title>AURA HERBALS Collag\u00e8ne liquide de poisson + Vitamine C (500 ml \/ 16,9 fl. oz.) - ECO Supplements<\/title>\n<meta name=\"description\" content=\"Wij hebben een ruime keuze aan producten van AURA HERBALS Collag\u00e8ne liquide de poisson + Vitamine C (500 ml \/ 16,9 fl. oz.) . Winkel bij Eco Supplements altijd gratis verzending boven 100\u20ac\" \/>\n<meta name=\"robots\" content=\"index, follow, max-snippet:-1, max-image-preview:large, max-video-preview:-1\" \/>\n<link rel=\"canonical\" href=\"https:\/\/ecosupplements.be\/fr\/produit\/aura-herbals-colladrop-liquid-fish-collagen-vitamin-c-500-ml-169-fl-oz\/\" \/>\n<meta property=\"og:locale\" content=\"fr_FR\" \/>\n<meta property=\"og:type\" content=\"article\" \/>\n<meta property=\"og:title\" content=\"AURA HERBALS Collag\u00e8ne liquide de poisson + Vitamine C (500 ml \/ 16,9 fl. oz.)\" \/>\n<meta property=\"og:description\" content=\"Wij hebben een ruime keuze aan producten van AURA HERBALS Collag\u00e8ne liquide de poisson + Vitamine C (500 ml \/ 16,9 fl. oz.) . Winkel bij Eco Supplements altijd gratis verzending boven 100\u20ac\" \/>\n<meta property=\"og:url\" content=\"https:\/\/ecosupplements.be\/fr\/produit\/aura-herbals-colladrop-liquid-fish-collagen-vitamin-c-500-ml-169-fl-oz\/\" \/>\n<meta property=\"og:site_name\" content=\"ECO Supplements\" \/>\n<meta property=\"article:modified_time\" content=\"2025-08-28T01:16:36+00:00\" \/>\n<meta property=\"og:image\" content=\"https:\/\/ecosupplements.be\/wp-content\/uploads\/2025\/08\/Aura-Herbals-AURA-HERBALS-Colladrop-Liquid-fish-collagen-Vitamin-C-500-ml-169-fl.-oz.jpg\" \/>\n\t<meta property=\"og:image:width\" content=\"700\" \/>\n\t<meta property=\"og:image:height\" content=\"700\" \/>\n\t<meta property=\"og:image:type\" content=\"image\/jpeg\" \/>\n<meta name=\"twitter:card\" content=\"summary_large_image\" \/>\n<meta name=\"twitter:label1\" content=\"Prix\" \/>\n\t<meta name=\"twitter:data1\" content=\"12.74&nbsp;&euro;\" \/>\n\t<meta name=\"twitter:label2\" content=\"Disponibilit\u00e9\" \/>\n\t<meta name=\"twitter:data2\" content=\"En stock\" \/>\n<script type=\"application\/ld+json\" class=\"yoast-schema-graph\">{\"@context\":\"https:\\\/\\\/schema.org\",\"@graph\":[{\"@type\":[\"WebPage\",\"ItemPage\"],\"@id\":\"https:\\\/\\\/ecosupplements.be\\\/fr\\\/produit\\\/aura-herbals-colladrop-liquid-fish-collagen-vitamin-c-500-ml-169-fl-oz\\\/\",\"url\":\"https:\\\/\\\/ecosupplements.be\\\/fr\\\/produit\\\/aura-herbals-colladrop-liquid-fish-collagen-vitamin-c-500-ml-169-fl-oz\\\/\",\"name\":\"AURA HERBALS Collag\u00e8ne liquide de poisson + Vitamine C (500 ml \\\/ 16,9 fl. oz.) - ECO Supplements\",\"isPartOf\":{\"@id\":\"https:\\\/\\\/ecosupplements.be\\\/fr\\\/#website\"},\"primaryImageOfPage\":{\"@id\":\"https:\\\/\\\/ecosupplements.be\\\/fr\\\/produit\\\/aura-herbals-colladrop-liquid-fish-collagen-vitamin-c-500-ml-169-fl-oz\\\/#primaryimage\"},\"image\":{\"@id\":\"https:\\\/\\\/ecosupplements.be\\\/fr\\\/produit\\\/aura-herbals-colladrop-liquid-fish-collagen-vitamin-c-500-ml-169-fl-oz\\\/#primaryimage\"},\"thumbnailUrl\":\"https:\\\/\\\/ecosupplements.be\\\/wp-content\\\/uploads\\\/2025\\\/08\\\/AURA-HERBALS-Colladrop-Liquid-fish-collagen-Vitamin-C-500-ml-169-fl.-oz.jpg\",\"datePublished\":\"2025-07-24T16:45:11+00:00\",\"dateModified\":\"2025-08-28T01:16:36+00:00\",\"description\":\"Wij hebben een ruime keuze aan producten van AURA HERBALS Collag\u00e8ne liquide de poisson + Vitamine C (500 ml \\\/ 16,9 fl. oz.) . Winkel bij Eco Supplements altijd gratis verzending boven 100\u20ac\",\"breadcrumb\":{\"@id\":\"https:\\\/\\\/ecosupplements.be\\\/fr\\\/produit\\\/aura-herbals-colladrop-liquid-fish-collagen-vitamin-c-500-ml-169-fl-oz\\\/#breadcrumb\"},\"inLanguage\":\"fr-FR\",\"potentialAction\":[{\"@type\":\"ReadAction\",\"target\":[\"https:\\\/\\\/ecosupplements.be\\\/fr\\\/produit\\\/aura-herbals-colladrop-liquid-fish-collagen-vitamin-c-500-ml-169-fl-oz\\\/\"]}]},{\"@type\":\"ImageObject\",\"inLanguage\":\"fr-FR\",\"@id\":\"https:\\\/\\\/ecosupplements.be\\\/fr\\\/produit\\\/aura-herbals-colladrop-liquid-fish-collagen-vitamin-c-500-ml-169-fl-oz\\\/#primaryimage\",\"url\":\"https:\\\/\\\/ecosupplements.be\\\/wp-content\\\/uploads\\\/2025\\\/08\\\/AURA-HERBALS-Colladrop-Liquid-fish-collagen-Vitamin-C-500-ml-169-fl.-oz.jpg\",\"contentUrl\":\"https:\\\/\\\/ecosupplements.be\\\/wp-content\\\/uploads\\\/2025\\\/08\\\/AURA-HERBALS-Colladrop-Liquid-fish-collagen-Vitamin-C-500-ml-169-fl.-oz.jpg\",\"width\":700,\"height\":700},{\"@type\":\"BreadcrumbList\",\"@id\":\"https:\\\/\\\/ecosupplements.be\\\/fr\\\/produit\\\/aura-herbals-colladrop-liquid-fish-collagen-vitamin-c-500-ml-169-fl-oz\\\/#breadcrumb\",\"itemListElement\":[{\"@type\":\"ListItem\",\"position\":1,\"name\":\"Home\",\"item\":\"https:\\\/\\\/ecosupplements.be\\\/fr\\\/\"},{\"@type\":\"ListItem\",\"position\":2,\"name\":\"Boutique\",\"item\":\"https:\\\/\\\/ecosupplements.be\\\/fr\\\/boutique\\\/\"},{\"@type\":\"ListItem\",\"position\":3,\"name\":\"AURA HERBALS Collag\u00e8ne liquide de poisson + Vitamine C (500 ml \\\/ 16,9 fl. oz.)\"}]},{\"@type\":\"WebSite\",\"@id\":\"https:\\\/\\\/ecosupplements.be\\\/fr\\\/#website\",\"url\":\"https:\\\/\\\/ecosupplements.be\\\/fr\\\/\",\"name\":\"ECO Supplements\",\"description\":\"Eco Supplements - Gezonde supplementen\",\"publisher\":{\"@id\":\"https:\\\/\\\/ecosupplements.be\\\/fr\\\/#organization\"},\"potentialAction\":[{\"@type\":\"SearchAction\",\"target\":{\"@type\":\"EntryPoint\",\"urlTemplate\":\"https:\\\/\\\/ecosupplements.be\\\/fr\\\/?s={search_term_string}\"},\"query-input\":{\"@type\":\"PropertyValueSpecification\",\"valueRequired\":true,\"valueName\":\"search_term_string\"}}],\"inLanguage\":\"fr-FR\"},{\"@type\":\"Organization\",\"@id\":\"https:\\\/\\\/ecosupplements.be\\\/fr\\\/#organization\",\"name\":\"Eco Supplements\",\"url\":\"https:\\\/\\\/ecosupplements.be\\\/fr\\\/\",\"logo\":{\"@type\":\"ImageObject\",\"inLanguage\":\"fr-FR\",\"@id\":\"https:\\\/\\\/ecosupplements.be\\\/fr\\\/#\\\/schema\\\/logo\\\/image\\\/\",\"url\":\"https:\\\/\\\/ecosupplements.be\\\/wp-content\\\/uploads\\\/2022\\\/06\\\/ecosupplement-family.png\",\"contentUrl\":\"https:\\\/\\\/ecosupplements.be\\\/wp-content\\\/uploads\\\/2022\\\/06\\\/ecosupplement-family.png\",\"width\":593,\"height\":374,\"caption\":\"Eco Supplements\"},\"image\":{\"@id\":\"https:\\\/\\\/ecosupplements.be\\\/fr\\\/#\\\/schema\\\/logo\\\/image\\\/\"}}]}<\/script>\n<meta property=\"product:brand\" content=\"Aura Herbals\" \/>\n<meta property=\"product:price:amount\" content=\"12.74\" \/>\n<meta property=\"product:price:currency\" content=\"EUR\" \/>\n<meta property=\"og:availability\" content=\"instock\" \/>\n<meta property=\"product:availability\" content=\"instock\" \/>\n<meta property=\"product:retailer_item_id\" content=\"5902479610863\" \/>\n<meta property=\"product:condition\" content=\"new\" \/>\n<!-- \/ Yoast SEO Premium plugin. -->","yoast_head_json":{"title":"AURA HERBALS Collag\u00e8ne liquide de poisson + Vitamine C (500 ml \/ 16,9 fl. oz.) - ECO Supplements","description":"Wij hebben een ruime keuze aan producten van AURA HERBALS Collag\u00e8ne liquide de poisson + Vitamine C (500 ml \/ 16,9 fl. oz.) . Winkel bij Eco Supplements altijd gratis verzending boven 100\u20ac","robots":{"index":"index","follow":"follow","max-snippet":"max-snippet:-1","max-image-preview":"max-image-preview:large","max-video-preview":"max-video-preview:-1"},"canonical":"https:\/\/ecosupplements.be\/fr\/produit\/aura-herbals-colladrop-liquid-fish-collagen-vitamin-c-500-ml-169-fl-oz\/","og_locale":"fr_FR","og_type":"article","og_title":"AURA HERBALS Collag\u00e8ne liquide de poisson + Vitamine C (500 ml \/ 16,9 fl. oz.)","og_description":"Wij hebben een ruime keuze aan producten van AURA HERBALS Collag\u00e8ne liquide de poisson + Vitamine C (500 ml \/ 16,9 fl. oz.) . Winkel bij Eco Supplements altijd gratis verzending boven 100\u20ac","og_url":"https:\/\/ecosupplements.be\/fr\/produit\/aura-herbals-colladrop-liquid-fish-collagen-vitamin-c-500-ml-169-fl-oz\/","og_site_name":"ECO Supplements","article_modified_time":"2025-08-28T01:16:36+00:00","og_image":[{"width":700,"height":700,"url":"https:\/\/ecosupplements.be\/wp-content\/uploads\/2025\/08\/Aura-Herbals-AURA-HERBALS-Colladrop-Liquid-fish-collagen-Vitamin-C-500-ml-169-fl.-oz.jpg","type":"image\/jpeg"}],"twitter_card":"summary_large_image","twitter_misc":{"Prix":"12.74&nbsp;&euro;","Disponibilit\u00e9":"En stock"},"schema":{"@context":"https:\/\/schema.org","@graph":[{"@type":["WebPage","ItemPage"],"@id":"https:\/\/ecosupplements.be\/fr\/produit\/aura-herbals-colladrop-liquid-fish-collagen-vitamin-c-500-ml-169-fl-oz\/","url":"https:\/\/ecosupplements.be\/fr\/produit\/aura-herbals-colladrop-liquid-fish-collagen-vitamin-c-500-ml-169-fl-oz\/","name":"AURA HERBALS Collag\u00e8ne liquide de poisson + Vitamine C (500 ml \/ 16,9 fl. oz.) - ECO Supplements","isPartOf":{"@id":"https:\/\/ecosupplements.be\/fr\/#website"},"primaryImageOfPage":{"@id":"https:\/\/ecosupplements.be\/fr\/produit\/aura-herbals-colladrop-liquid-fish-collagen-vitamin-c-500-ml-169-fl-oz\/#primaryimage"},"image":{"@id":"https:\/\/ecosupplements.be\/fr\/produit\/aura-herbals-colladrop-liquid-fish-collagen-vitamin-c-500-ml-169-fl-oz\/#primaryimage"},"thumbnailUrl":"https:\/\/ecosupplements.be\/wp-content\/uploads\/2025\/08\/AURA-HERBALS-Colladrop-Liquid-fish-collagen-Vitamin-C-500-ml-169-fl.-oz.jpg","datePublished":"2025-07-24T16:45:11+00:00","dateModified":"2025-08-28T01:16:36+00:00","description":"Wij hebben een ruime keuze aan producten van AURA HERBALS Collag\u00e8ne liquide de poisson + Vitamine C (500 ml \/ 16,9 fl. oz.) . Winkel bij Eco Supplements altijd gratis verzending boven 100\u20ac","breadcrumb":{"@id":"https:\/\/ecosupplements.be\/fr\/produit\/aura-herbals-colladrop-liquid-fish-collagen-vitamin-c-500-ml-169-fl-oz\/#breadcrumb"},"inLanguage":"fr-FR","potentialAction":[{"@type":"ReadAction","target":["https:\/\/ecosupplements.be\/fr\/produit\/aura-herbals-colladrop-liquid-fish-collagen-vitamin-c-500-ml-169-fl-oz\/"]}]},{"@type":"ImageObject","inLanguage":"fr-FR","@id":"https:\/\/ecosupplements.be\/fr\/produit\/aura-herbals-colladrop-liquid-fish-collagen-vitamin-c-500-ml-169-fl-oz\/#primaryimage","url":"https:\/\/ecosupplements.be\/wp-content\/uploads\/2025\/08\/AURA-HERBALS-Colladrop-Liquid-fish-collagen-Vitamin-C-500-ml-169-fl.-oz.jpg","contentUrl":"https:\/\/ecosupplements.be\/wp-content\/uploads\/2025\/08\/AURA-HERBALS-Colladrop-Liquid-fish-collagen-Vitamin-C-500-ml-169-fl.-oz.jpg","width":700,"height":700},{"@type":"BreadcrumbList","@id":"https:\/\/ecosupplements.be\/fr\/produit\/aura-herbals-colladrop-liquid-fish-collagen-vitamin-c-500-ml-169-fl-oz\/#breadcrumb","itemListElement":[{"@type":"ListItem","position":1,"name":"Home","item":"https:\/\/ecosupplements.be\/fr\/"},{"@type":"ListItem","position":2,"name":"Boutique","item":"https:\/\/ecosupplements.be\/fr\/boutique\/"},{"@type":"ListItem","position":3,"name":"AURA HERBALS Collag\u00e8ne liquide de poisson + Vitamine C (500 ml \/ 16,9 fl. oz.)"}]},{"@type":"WebSite","@id":"https:\/\/ecosupplements.be\/fr\/#website","url":"https:\/\/ecosupplements.be\/fr\/","name":"ECO Supplements","description":"Eco Supplements - Gezonde supplementen","publisher":{"@id":"https:\/\/ecosupplements.be\/fr\/#organization"},"potentialAction":[{"@type":"SearchAction","target":{"@type":"EntryPoint","urlTemplate":"https:\/\/ecosupplements.be\/fr\/?s={search_term_string}"},"query-input":{"@type":"PropertyValueSpecification","valueRequired":true,"valueName":"search_term_string"}}],"inLanguage":"fr-FR"},{"@type":"Organization","@id":"https:\/\/ecosupplements.be\/fr\/#organization","name":"Eco Supplements","url":"https:\/\/ecosupplements.be\/fr\/","logo":{"@type":"ImageObject","inLanguage":"fr-FR","@id":"https:\/\/ecosupplements.be\/fr\/#\/schema\/logo\/image\/","url":"https:\/\/ecosupplements.be\/wp-content\/uploads\/2022\/06\/ecosupplement-family.png","contentUrl":"https:\/\/ecosupplements.be\/wp-content\/uploads\/2022\/06\/ecosupplement-family.png","width":593,"height":374,"caption":"Eco Supplements"},"image":{"@id":"https:\/\/ecosupplements.be\/fr\/#\/schema\/logo\/image\/"}}]},"product_brand":"Aura Herbals","product_price_amount":"12.74","product_price_currency":"EUR","og_availability":"instock","product_availability":"instock","product_retailer_item_id":"5902479610863","product_condition":"new"},"_links":{"self":[{"href":"https:\/\/ecosupplements.be\/fr\/wp-json\/wp\/v2\/product\/299340","targetHints":{"allow":["GET"]}}],"collection":[{"href":"https:\/\/ecosupplements.be\/fr\/wp-json\/wp\/v2\/product"}],"about":[{"href":"https:\/\/ecosupplements.be\/fr\/wp-json\/wp\/v2\/types\/product"}],"replies":[{"embeddable":true,"href":"https:\/\/ecosupplements.be\/fr\/wp-json\/wp\/v2\/comments?post=299340"}],"wp:featuredmedia":[{"embeddable":true,"href":"https:\/\/ecosupplements.be\/fr\/wp-json\/wp\/v2\/media\/273483"}],"wp:attachment":[{"href":"https:\/\/ecosupplements.be\/fr\/wp-json\/wp\/v2\/media?parent=299340"}],"wp:term":[{"taxonomy":"product_brand","embeddable":true,"href":"https:\/\/ecosupplements.be\/fr\/wp-json\/wp\/v2\/product_brand?post=299340"},{"taxonomy":"product_cat","embeddable":true,"href":"https:\/\/ecosupplements.be\/fr\/wp-json\/wp\/v2\/product_cat?post=299340"},{"taxonomy":"product_tag","embeddable":true,"href":"https:\/\/ecosupplements.be\/fr\/wp-json\/wp\/v2\/product_tag?post=299340"}],"curies":[{"name":"wp","href":"https:\/\/api.w.org\/{rel}","templated":true}]}}