{"id":299361,"date":"2025-07-24T18:15:12","date_gmt":"2025-07-24T17:15:12","guid":{"rendered":"https:\/\/ecosupplements.be\/product\/aura-herbals-colladrop-beauty-hmg-collagen-10000-mg-mango-sachets-30-pcs\/"},"modified":"2025-08-28T02:17:01","modified_gmt":"2025-08-28T01:17:01","slug":"aura-herbals-colladrop-beauty-hmg-collagen-10000-mg-mango-sachets-30-pcs","status":"publish","type":"product","link":"https:\/\/ecosupplements.be\/fr\/produit\/aura-herbals-colladrop-beauty-hmg-collagen-10000-mg-mango-sachets-30-pcs\/","title":{"rendered":"AURA HERBALS Colladrop\u00ae Beaut\u00e9, collag\u00e8ne HMG\u2122 10000 mg, mangue, sachets (30 pi\u00e8ces)"},"content":{"rendered":"<p><strong>Nom du produit :<\/strong> AURA HERBALS Colladrop\u00ae Beauty, HMG\u2122 collagen 10000 mg, mango, sachets (30 pcs)<\/p>\n<p><strong>Description :<\/strong> D\u00e9couvrez le choix parfait pour ceux qui appr\u00e9cient les ingr\u00e9dients naturels dans un mode de vie actif. Chaque sachet contient 10 000 mg de Collagen HMG\u2122,un collag\u00e8ne marin purifi\u00e9 et hydrolys\u00e9 provenant de poissons sauvages s\u00e9lectionn\u00e9s. Ce processus garantit une neutralit\u00e9 en go\u00fbt et en odeur pour une exp\u00e9rience agr\u00e9able.<\/p>\n<p><strong>Ingr\u00e9dients principaux :<\/strong> Hydrolizowany kolagen typu I i III (Collagen HMG\u2122), vitamine C (Quali\u00ae-C), ar\u00f4me naturel de mangue et passion, coenzyme Q10 d&#8217;origine naturelle et s\u00e9l\u00e9nium.<\/p>\n<p><strong>Contenu et emballage :<\/strong> Le produit est pr\u00e9sent\u00e9 sous forme de sachets pratiques \u00e0 utiliser. Chaque bo\u00eete contient 30 sachets individuels.<\/p>\n<p><strong>Utilisation recommand\u00e9e :<\/strong> Pour une utilisation quotidienne simple, dissolvez le contenu d&#8217;un sachet dans 250 ml d&#8217;eau ou autre liquide de votre choix. M\u00e9langez bien avant consommation.<\/p>\n<p>Ce produit est un excellent ajout \u00e0 votre routine quotidienne gr\u00e2ce \u00e0 son format pratique qui facilite l&#8217;int\u00e9gration dans n&#8217;importe quel emploi du temps charg\u00e9.<\/p>\n<p>AURA HERBALS Colladrop\u00ae Beauty est fabriqu\u00e9 sans OGM ni additifs artificiels, mettant en avant la puret\u00e9 des ingr\u00e9dients utilis\u00e9s. Profitez d&#8217;une touche tropicale avec son d\u00e9licieux go\u00fbt mangue qui rend chaque prise plaisante et rafra\u00eechissante.<\/p>\n","protected":false},"excerpt":{"rendered":"<p>Nom du produit : AURA HERBALS Colladrop\u00ae Beauty, HMG\u2122 collagen 10000 mg, mango, sachets (30 pcs) Description : D\u00e9couvrez le choix parfait pour ceux qui appr\u00e9cient les ingr\u00e9dients naturels dans un mode de vie actif. Chaque sachet contient 10 000 mg de Collagen HMG\u2122,un collag\u00e8ne marin purifi\u00e9 et hydrolys\u00e9 provenant de poissons sauvages s\u00e9lectionn\u00e9s. Ce [&#8230;]\n","protected":false},"featured_media":273504,"comment_status":"closed","ping_status":"open","template":"","meta":[],"product_brand":[5338],"product_cat":[5121,5052,5053],"product_tag":[],"class_list":{"0":"post-299361","1":"product","2":"type-product","3":"status-publish","4":"has-post-thumbnail","6":"product_brand-aura-herbals-2","7":"product_cat-collagene","8":"product_cat-sante-et-bien-etre","9":"product_cat-vitamines-et-mineraux","11":"first","12":"instock","13":"taxable","14":"shipping-taxable","15":"purchasable","16":"product-type-simple"},"yoast_head":"<!-- This site is optimized with the Yoast SEO Premium plugin v27.3 (Yoast SEO v27.3) - https:\/\/yoast.com\/product\/yoast-seo-premium-wordpress\/ -->\n<title>AURA HERBALS Colladrop\u00ae Beaut\u00e9, collag\u00e8ne HMG\u2122 10000 mg, mangue, sachets (30 pi\u00e8ces) - ECO Supplements<\/title>\n<meta name=\"description\" content=\"Wij hebben een ruime keuze aan producten van AURA HERBALS Colladrop\u00ae Beaut\u00e9, collag\u00e8ne HMG\u2122 10000 mg, mangue, sachets (30 pi\u00e8ces) . Winkel bij Eco Supplements altijd gratis verzending boven 100\u20ac\" \/>\n<meta name=\"robots\" content=\"index, follow, max-snippet:-1, max-image-preview:large, max-video-preview:-1\" \/>\n<link rel=\"canonical\" href=\"https:\/\/ecosupplements.be\/fr\/produit\/aura-herbals-colladrop-beauty-hmg-collagen-10000-mg-mango-sachets-30-pcs\/\" \/>\n<meta property=\"og:locale\" content=\"fr_FR\" \/>\n<meta property=\"og:type\" content=\"article\" \/>\n<meta property=\"og:title\" content=\"AURA HERBALS Colladrop\u00ae Beaut\u00e9, collag\u00e8ne HMG\u2122 10000 mg, mangue, sachets (30 pi\u00e8ces)\" \/>\n<meta property=\"og:description\" content=\"Wij hebben een ruime keuze aan producten van AURA HERBALS Colladrop\u00ae Beaut\u00e9, collag\u00e8ne HMG\u2122 10000 mg, mangue, sachets (30 pi\u00e8ces) . Winkel bij Eco Supplements altijd gratis verzending boven 100\u20ac\" \/>\n<meta property=\"og:url\" content=\"https:\/\/ecosupplements.be\/fr\/produit\/aura-herbals-colladrop-beauty-hmg-collagen-10000-mg-mango-sachets-30-pcs\/\" \/>\n<meta property=\"og:site_name\" content=\"ECO Supplements\" \/>\n<meta property=\"article:modified_time\" content=\"2025-08-28T01:17:01+00:00\" \/>\n<meta property=\"og:image\" content=\"https:\/\/ecosupplements.be\/wp-content\/uploads\/2025\/08\/Aura-Herbals-AURA-HERBALS-Colladrop\u00ae-Beauty-HMG\u2122-collagen-10000-mg-mango-sachets-30-pcs.jpg\" \/>\n\t<meta property=\"og:image:width\" content=\"1024\" \/>\n\t<meta property=\"og:image:height\" content=\"1024\" \/>\n\t<meta property=\"og:image:type\" content=\"image\/jpeg\" \/>\n<meta name=\"twitter:card\" content=\"summary_large_image\" \/>\n<meta name=\"twitter:label1\" content=\"Prix\" \/>\n\t<meta name=\"twitter:data1\" content=\"60.04&nbsp;&euro;\" \/>\n\t<meta name=\"twitter:label2\" content=\"Disponibilit\u00e9\" \/>\n\t<meta name=\"twitter:data2\" content=\"En stock\" \/>\n<script type=\"application\/ld+json\" class=\"yoast-schema-graph\">{\"@context\":\"https:\\\/\\\/schema.org\",\"@graph\":[{\"@type\":[\"WebPage\",\"ItemPage\"],\"@id\":\"https:\\\/\\\/ecosupplements.be\\\/fr\\\/produit\\\/aura-herbals-colladrop-beauty-hmg-collagen-10000-mg-mango-sachets-30-pcs\\\/\",\"url\":\"https:\\\/\\\/ecosupplements.be\\\/fr\\\/produit\\\/aura-herbals-colladrop-beauty-hmg-collagen-10000-mg-mango-sachets-30-pcs\\\/\",\"name\":\"AURA HERBALS Colladrop\u00ae Beaut\u00e9, collag\u00e8ne HMG\u2122 10000 mg, mangue, sachets (30 pi\u00e8ces) - ECO Supplements\",\"isPartOf\":{\"@id\":\"https:\\\/\\\/ecosupplements.be\\\/fr\\\/#website\"},\"primaryImageOfPage\":{\"@id\":\"https:\\\/\\\/ecosupplements.be\\\/fr\\\/produit\\\/aura-herbals-colladrop-beauty-hmg-collagen-10000-mg-mango-sachets-30-pcs\\\/#primaryimage\"},\"image\":{\"@id\":\"https:\\\/\\\/ecosupplements.be\\\/fr\\\/produit\\\/aura-herbals-colladrop-beauty-hmg-collagen-10000-mg-mango-sachets-30-pcs\\\/#primaryimage\"},\"thumbnailUrl\":\"https:\\\/\\\/ecosupplements.be\\\/wp-content\\\/uploads\\\/2025\\\/08\\\/AURA-HERBALS-Colladrop\u00ae-Beauty-HMG\u2122-collagen-10000-mg-mango-sachets-30-pcs.jpg\",\"datePublished\":\"2025-07-24T17:15:12+00:00\",\"dateModified\":\"2025-08-28T01:17:01+00:00\",\"description\":\"Wij hebben een ruime keuze aan producten van AURA HERBALS Colladrop\u00ae Beaut\u00e9, collag\u00e8ne HMG\u2122 10000 mg, mangue, sachets (30 pi\u00e8ces) . Winkel bij Eco Supplements altijd gratis verzending boven 100\u20ac\",\"breadcrumb\":{\"@id\":\"https:\\\/\\\/ecosupplements.be\\\/fr\\\/produit\\\/aura-herbals-colladrop-beauty-hmg-collagen-10000-mg-mango-sachets-30-pcs\\\/#breadcrumb\"},\"inLanguage\":\"fr-FR\",\"potentialAction\":[{\"@type\":\"ReadAction\",\"target\":[\"https:\\\/\\\/ecosupplements.be\\\/fr\\\/produit\\\/aura-herbals-colladrop-beauty-hmg-collagen-10000-mg-mango-sachets-30-pcs\\\/\"]}]},{\"@type\":\"ImageObject\",\"inLanguage\":\"fr-FR\",\"@id\":\"https:\\\/\\\/ecosupplements.be\\\/fr\\\/produit\\\/aura-herbals-colladrop-beauty-hmg-collagen-10000-mg-mango-sachets-30-pcs\\\/#primaryimage\",\"url\":\"https:\\\/\\\/ecosupplements.be\\\/wp-content\\\/uploads\\\/2025\\\/08\\\/AURA-HERBALS-Colladrop\u00ae-Beauty-HMG\u2122-collagen-10000-mg-mango-sachets-30-pcs.jpg\",\"contentUrl\":\"https:\\\/\\\/ecosupplements.be\\\/wp-content\\\/uploads\\\/2025\\\/08\\\/AURA-HERBALS-Colladrop\u00ae-Beauty-HMG\u2122-collagen-10000-mg-mango-sachets-30-pcs.jpg\",\"width\":1024,\"height\":1024},{\"@type\":\"BreadcrumbList\",\"@id\":\"https:\\\/\\\/ecosupplements.be\\\/fr\\\/produit\\\/aura-herbals-colladrop-beauty-hmg-collagen-10000-mg-mango-sachets-30-pcs\\\/#breadcrumb\",\"itemListElement\":[{\"@type\":\"ListItem\",\"position\":1,\"name\":\"Home\",\"item\":\"https:\\\/\\\/ecosupplements.be\\\/fr\\\/\"},{\"@type\":\"ListItem\",\"position\":2,\"name\":\"Boutique\",\"item\":\"https:\\\/\\\/ecosupplements.be\\\/fr\\\/boutique\\\/\"},{\"@type\":\"ListItem\",\"position\":3,\"name\":\"AURA HERBALS Colladrop\u00ae Beaut\u00e9, collag\u00e8ne HMG\u2122 10000 mg, mangue, sachets (30 pi\u00e8ces)\"}]},{\"@type\":\"WebSite\",\"@id\":\"https:\\\/\\\/ecosupplements.be\\\/fr\\\/#website\",\"url\":\"https:\\\/\\\/ecosupplements.be\\\/fr\\\/\",\"name\":\"ECO Supplements\",\"description\":\"Eco Supplements - Gezonde supplementen\",\"publisher\":{\"@id\":\"https:\\\/\\\/ecosupplements.be\\\/fr\\\/#organization\"},\"potentialAction\":[{\"@type\":\"SearchAction\",\"target\":{\"@type\":\"EntryPoint\",\"urlTemplate\":\"https:\\\/\\\/ecosupplements.be\\\/fr\\\/?s={search_term_string}\"},\"query-input\":{\"@type\":\"PropertyValueSpecification\",\"valueRequired\":true,\"valueName\":\"search_term_string\"}}],\"inLanguage\":\"fr-FR\"},{\"@type\":\"Organization\",\"@id\":\"https:\\\/\\\/ecosupplements.be\\\/fr\\\/#organization\",\"name\":\"Eco Supplements\",\"url\":\"https:\\\/\\\/ecosupplements.be\\\/fr\\\/\",\"logo\":{\"@type\":\"ImageObject\",\"inLanguage\":\"fr-FR\",\"@id\":\"https:\\\/\\\/ecosupplements.be\\\/fr\\\/#\\\/schema\\\/logo\\\/image\\\/\",\"url\":\"https:\\\/\\\/ecosupplements.be\\\/wp-content\\\/uploads\\\/2022\\\/06\\\/ecosupplement-family.png\",\"contentUrl\":\"https:\\\/\\\/ecosupplements.be\\\/wp-content\\\/uploads\\\/2022\\\/06\\\/ecosupplement-family.png\",\"width\":593,\"height\":374,\"caption\":\"Eco Supplements\"},\"image\":{\"@id\":\"https:\\\/\\\/ecosupplements.be\\\/fr\\\/#\\\/schema\\\/logo\\\/image\\\/\"}}]}<\/script>\n<meta property=\"product:brand\" content=\"Aura Herbals\" \/>\n<meta property=\"product:price:amount\" content=\"60.04\" \/>\n<meta property=\"product:price:currency\" content=\"EUR\" \/>\n<meta property=\"og:availability\" content=\"instock\" \/>\n<meta property=\"product:availability\" content=\"instock\" \/>\n<meta property=\"product:retailer_item_id\" content=\"5902479614564\" \/>\n<meta property=\"product:condition\" content=\"new\" \/>\n<!-- \/ Yoast SEO Premium plugin. -->","yoast_head_json":{"title":"AURA HERBALS Colladrop\u00ae Beaut\u00e9, collag\u00e8ne HMG\u2122 10000 mg, mangue, sachets (30 pi\u00e8ces) - ECO Supplements","description":"Wij hebben een ruime keuze aan producten van AURA HERBALS Colladrop\u00ae Beaut\u00e9, collag\u00e8ne HMG\u2122 10000 mg, mangue, sachets (30 pi\u00e8ces) . Winkel bij Eco Supplements altijd gratis verzending boven 100\u20ac","robots":{"index":"index","follow":"follow","max-snippet":"max-snippet:-1","max-image-preview":"max-image-preview:large","max-video-preview":"max-video-preview:-1"},"canonical":"https:\/\/ecosupplements.be\/fr\/produit\/aura-herbals-colladrop-beauty-hmg-collagen-10000-mg-mango-sachets-30-pcs\/","og_locale":"fr_FR","og_type":"article","og_title":"AURA HERBALS Colladrop\u00ae Beaut\u00e9, collag\u00e8ne HMG\u2122 10000 mg, mangue, sachets (30 pi\u00e8ces)","og_description":"Wij hebben een ruime keuze aan producten van AURA HERBALS Colladrop\u00ae Beaut\u00e9, collag\u00e8ne HMG\u2122 10000 mg, mangue, sachets (30 pi\u00e8ces) . Winkel bij Eco Supplements altijd gratis verzending boven 100\u20ac","og_url":"https:\/\/ecosupplements.be\/fr\/produit\/aura-herbals-colladrop-beauty-hmg-collagen-10000-mg-mango-sachets-30-pcs\/","og_site_name":"ECO Supplements","article_modified_time":"2025-08-28T01:17:01+00:00","og_image":[{"width":1024,"height":1024,"url":"https:\/\/ecosupplements.be\/wp-content\/uploads\/2025\/08\/Aura-Herbals-AURA-HERBALS-Colladrop\u00ae-Beauty-HMG\u2122-collagen-10000-mg-mango-sachets-30-pcs.jpg","type":"image\/jpeg"}],"twitter_card":"summary_large_image","twitter_misc":{"Prix":"60.04&nbsp;&euro;","Disponibilit\u00e9":"En stock"},"schema":{"@context":"https:\/\/schema.org","@graph":[{"@type":["WebPage","ItemPage"],"@id":"https:\/\/ecosupplements.be\/fr\/produit\/aura-herbals-colladrop-beauty-hmg-collagen-10000-mg-mango-sachets-30-pcs\/","url":"https:\/\/ecosupplements.be\/fr\/produit\/aura-herbals-colladrop-beauty-hmg-collagen-10000-mg-mango-sachets-30-pcs\/","name":"AURA HERBALS Colladrop\u00ae Beaut\u00e9, collag\u00e8ne HMG\u2122 10000 mg, mangue, sachets (30 pi\u00e8ces) - ECO Supplements","isPartOf":{"@id":"https:\/\/ecosupplements.be\/fr\/#website"},"primaryImageOfPage":{"@id":"https:\/\/ecosupplements.be\/fr\/produit\/aura-herbals-colladrop-beauty-hmg-collagen-10000-mg-mango-sachets-30-pcs\/#primaryimage"},"image":{"@id":"https:\/\/ecosupplements.be\/fr\/produit\/aura-herbals-colladrop-beauty-hmg-collagen-10000-mg-mango-sachets-30-pcs\/#primaryimage"},"thumbnailUrl":"https:\/\/ecosupplements.be\/wp-content\/uploads\/2025\/08\/AURA-HERBALS-Colladrop\u00ae-Beauty-HMG\u2122-collagen-10000-mg-mango-sachets-30-pcs.jpg","datePublished":"2025-07-24T17:15:12+00:00","dateModified":"2025-08-28T01:17:01+00:00","description":"Wij hebben een ruime keuze aan producten van AURA HERBALS Colladrop\u00ae Beaut\u00e9, collag\u00e8ne HMG\u2122 10000 mg, mangue, sachets (30 pi\u00e8ces) . Winkel bij Eco Supplements altijd gratis verzending boven 100\u20ac","breadcrumb":{"@id":"https:\/\/ecosupplements.be\/fr\/produit\/aura-herbals-colladrop-beauty-hmg-collagen-10000-mg-mango-sachets-30-pcs\/#breadcrumb"},"inLanguage":"fr-FR","potentialAction":[{"@type":"ReadAction","target":["https:\/\/ecosupplements.be\/fr\/produit\/aura-herbals-colladrop-beauty-hmg-collagen-10000-mg-mango-sachets-30-pcs\/"]}]},{"@type":"ImageObject","inLanguage":"fr-FR","@id":"https:\/\/ecosupplements.be\/fr\/produit\/aura-herbals-colladrop-beauty-hmg-collagen-10000-mg-mango-sachets-30-pcs\/#primaryimage","url":"https:\/\/ecosupplements.be\/wp-content\/uploads\/2025\/08\/AURA-HERBALS-Colladrop\u00ae-Beauty-HMG\u2122-collagen-10000-mg-mango-sachets-30-pcs.jpg","contentUrl":"https:\/\/ecosupplements.be\/wp-content\/uploads\/2025\/08\/AURA-HERBALS-Colladrop\u00ae-Beauty-HMG\u2122-collagen-10000-mg-mango-sachets-30-pcs.jpg","width":1024,"height":1024},{"@type":"BreadcrumbList","@id":"https:\/\/ecosupplements.be\/fr\/produit\/aura-herbals-colladrop-beauty-hmg-collagen-10000-mg-mango-sachets-30-pcs\/#breadcrumb","itemListElement":[{"@type":"ListItem","position":1,"name":"Home","item":"https:\/\/ecosupplements.be\/fr\/"},{"@type":"ListItem","position":2,"name":"Boutique","item":"https:\/\/ecosupplements.be\/fr\/boutique\/"},{"@type":"ListItem","position":3,"name":"AURA HERBALS Colladrop\u00ae Beaut\u00e9, collag\u00e8ne HMG\u2122 10000 mg, mangue, sachets (30 pi\u00e8ces)"}]},{"@type":"WebSite","@id":"https:\/\/ecosupplements.be\/fr\/#website","url":"https:\/\/ecosupplements.be\/fr\/","name":"ECO Supplements","description":"Eco Supplements - Gezonde supplementen","publisher":{"@id":"https:\/\/ecosupplements.be\/fr\/#organization"},"potentialAction":[{"@type":"SearchAction","target":{"@type":"EntryPoint","urlTemplate":"https:\/\/ecosupplements.be\/fr\/?s={search_term_string}"},"query-input":{"@type":"PropertyValueSpecification","valueRequired":true,"valueName":"search_term_string"}}],"inLanguage":"fr-FR"},{"@type":"Organization","@id":"https:\/\/ecosupplements.be\/fr\/#organization","name":"Eco Supplements","url":"https:\/\/ecosupplements.be\/fr\/","logo":{"@type":"ImageObject","inLanguage":"fr-FR","@id":"https:\/\/ecosupplements.be\/fr\/#\/schema\/logo\/image\/","url":"https:\/\/ecosupplements.be\/wp-content\/uploads\/2022\/06\/ecosupplement-family.png","contentUrl":"https:\/\/ecosupplements.be\/wp-content\/uploads\/2022\/06\/ecosupplement-family.png","width":593,"height":374,"caption":"Eco Supplements"},"image":{"@id":"https:\/\/ecosupplements.be\/fr\/#\/schema\/logo\/image\/"}}]},"product_brand":"Aura Herbals","product_price_amount":"60.04","product_price_currency":"EUR","og_availability":"instock","product_availability":"instock","product_retailer_item_id":"5902479614564","product_condition":"new"},"_links":{"self":[{"href":"https:\/\/ecosupplements.be\/fr\/wp-json\/wp\/v2\/product\/299361","targetHints":{"allow":["GET"]}}],"collection":[{"href":"https:\/\/ecosupplements.be\/fr\/wp-json\/wp\/v2\/product"}],"about":[{"href":"https:\/\/ecosupplements.be\/fr\/wp-json\/wp\/v2\/types\/product"}],"replies":[{"embeddable":true,"href":"https:\/\/ecosupplements.be\/fr\/wp-json\/wp\/v2\/comments?post=299361"}],"wp:featuredmedia":[{"embeddable":true,"href":"https:\/\/ecosupplements.be\/fr\/wp-json\/wp\/v2\/media\/273504"}],"wp:attachment":[{"href":"https:\/\/ecosupplements.be\/fr\/wp-json\/wp\/v2\/media?parent=299361"}],"wp:term":[{"taxonomy":"product_brand","embeddable":true,"href":"https:\/\/ecosupplements.be\/fr\/wp-json\/wp\/v2\/product_brand?post=299361"},{"taxonomy":"product_cat","embeddable":true,"href":"https:\/\/ecosupplements.be\/fr\/wp-json\/wp\/v2\/product_cat?post=299361"},{"taxonomy":"product_tag","embeddable":true,"href":"https:\/\/ecosupplements.be\/fr\/wp-json\/wp\/v2\/product_tag?post=299361"}],"curies":[{"name":"wp","href":"https:\/\/api.w.org\/{rel}","templated":true}]}}