{"id":299412,"date":"2025-07-24T19:15:14","date_gmt":"2025-07-24T18:15:14","guid":{"rendered":"https:\/\/ecosupplements.be\/product\/aura-herbals-great-hydrate-pineapple-sachets-10-pcs\/"},"modified":"2025-08-28T02:17:57","modified_gmt":"2025-08-28T01:17:57","slug":"aura-herbals-great-hydrate-pineapple-sachets-10-pcs","status":"publish","type":"product","link":"https:\/\/ecosupplements.be\/fr\/produit\/aura-herbals-great-hydrate-pineapple-sachets-10-pcs\/","title":{"rendered":"AURA HERBALS Grand Hydratant, ananas, sachets (10 pi\u00e8ces)"},"content":{"rendered":"<p><strong>AURA HERBALS great hydrate, ananas, sachets (10 pcs)<\/strong><\/p>\n<p>D\u00e9couvrez AURA HERBALS Great Hydrate au go\u00fbt rafra\u00eechissant d&#8217;ananas, une option pratique pour votre quotidien. Ce produit se pr\u00e9sente sous forme de sachets faciles \u00e0 transporter et \u00e0 utiliser, id\u00e9aux pour ceux qui m\u00e8nent une vie active.<\/p>\n<ul>\n<li>Composition naturelle incluant de la glucose et des chlorures de sodium et de potassium.<\/li>\n<li>Format pratique en sachets individuels, parfaits pour emporter avec vous lors d&#8217;activit\u00e9s ext\u00e9rieures ou en voyage.<\/li>\n<li>Produit adapt\u00e9 aux v\u00e9gans, sans additifs inutiles &#8211; un choix respectueux pour tous.<\/li>\n<\/ul>\n<p><strong>Ingr\u00e9dients :<\/strong> Glucose, chlorure de potassium, chlorure de sodium, ar\u00f4mes naturels d&#8217;ananas.<\/p>\n<p><strong>Utilisation :<\/strong> Ouvrir un sachet et verser le contenu dans un verre. Ajouter 250 ml d&#8217;eau ou autre liquide, bien m\u00e9langer puis consommer imm\u00e9diatement. Profitez du go\u00fbt tropical o\u00f9 que vous soyez!<\/p>\n<p>Ce produit est con\u00e7u pour \u00eatre int\u00e9gr\u00e9 dans une routine quotidienne sans complication. Il combine simplicit\u00e9 et naturalit\u00e9 tout en offrant une exp\u00e9rience gustative agr\u00e9able gr\u00e2ce \u00e0 son ar\u00f4me naturel d&#8217;ananas.<\/p>\n<p><em>Note : Ne pas d\u00e9passer la dose journali\u00e8re recommand\u00e9e. Les compl\u00e9ments alimentaires ne doivent pas \u00eatre utilis\u00e9s comme substitut \u00e0 une alimentation vari\u00e9e. \u00c0 conserver dans un endroit sec entre 15-25\u00b0C hors de port\u00e9e des enfants.<\/em><\/p>\n","protected":false},"excerpt":{"rendered":"<p>AURA HERBALS great hydrate, ananas, sachets (10 pcs) D\u00e9couvrez AURA HERBALS Great Hydrate au go\u00fbt rafra\u00eechissant d&#8217;ananas, une option pratique pour votre quotidien. Ce produit se pr\u00e9sente sous forme de sachets faciles \u00e0 transporter et \u00e0 utiliser, id\u00e9aux pour ceux qui m\u00e8nent une vie active. Composition naturelle incluant de la glucose et des chlorures de [&#8230;]\n","protected":false},"featured_media":273555,"comment_status":"closed","ping_status":"open","template":"","meta":[],"product_brand":[5338],"product_cat":[5053],"product_tag":[],"class_list":{"0":"post-299412","1":"product","2":"type-product","3":"status-publish","4":"has-post-thumbnail","6":"product_brand-aura-herbals-2","7":"product_cat-vitamines-et-mineraux","9":"first","10":"instock","11":"taxable","12":"shipping-taxable","13":"purchasable","14":"product-type-simple"},"yoast_head":"<!-- This site is optimized with the Yoast SEO Premium plugin v27.3 (Yoast SEO v27.3) - https:\/\/yoast.com\/product\/yoast-seo-premium-wordpress\/ -->\n<title>AURA HERBALS Grand Hydratant, ananas, sachets (10 pi\u00e8ces) - ECO Supplements<\/title>\n<meta name=\"description\" content=\"Wij hebben een ruime keuze aan producten van AURA HERBALS Grand Hydratant, ananas, sachets (10 pi\u00e8ces) . Winkel bij Eco Supplements altijd gratis verzending boven 100\u20ac\" \/>\n<meta name=\"robots\" content=\"index, follow, max-snippet:-1, max-image-preview:large, max-video-preview:-1\" \/>\n<link rel=\"canonical\" href=\"https:\/\/ecosupplements.be\/fr\/produit\/aura-herbals-great-hydrate-pineapple-sachets-10-pcs\/\" \/>\n<meta property=\"og:locale\" content=\"fr_FR\" \/>\n<meta property=\"og:type\" content=\"article\" \/>\n<meta property=\"og:title\" content=\"AURA HERBALS Grand Hydratant, ananas, sachets (10 pi\u00e8ces)\" \/>\n<meta property=\"og:description\" content=\"Wij hebben een ruime keuze aan producten van AURA HERBALS Grand Hydratant, ananas, sachets (10 pi\u00e8ces) . Winkel bij Eco Supplements altijd gratis verzending boven 100\u20ac\" \/>\n<meta property=\"og:url\" content=\"https:\/\/ecosupplements.be\/fr\/produit\/aura-herbals-great-hydrate-pineapple-sachets-10-pcs\/\" \/>\n<meta property=\"og:site_name\" content=\"ECO Supplements\" \/>\n<meta property=\"article:modified_time\" content=\"2025-08-28T01:17:57+00:00\" \/>\n<meta property=\"og:image\" content=\"https:\/\/ecosupplements.be\/wp-content\/uploads\/2025\/08\/Aura-Herbals-AURA-HERBALS-Great-Hydrate-pineapple-sachets-10-pcs.jpg\" \/>\n\t<meta property=\"og:image:width\" content=\"1024\" \/>\n\t<meta property=\"og:image:height\" content=\"1024\" \/>\n\t<meta property=\"og:image:type\" content=\"image\/jpeg\" \/>\n<meta name=\"twitter:card\" content=\"summary_large_image\" \/>\n<meta name=\"twitter:label1\" content=\"Prix\" \/>\n\t<meta name=\"twitter:data1\" content=\"2.82&nbsp;&euro;\" \/>\n\t<meta name=\"twitter:label2\" content=\"Disponibilit\u00e9\" \/>\n\t<meta name=\"twitter:data2\" content=\"En stock\" \/>\n<script type=\"application\/ld+json\" class=\"yoast-schema-graph\">{\"@context\":\"https:\\\/\\\/schema.org\",\"@graph\":[{\"@type\":[\"WebPage\",\"ItemPage\"],\"@id\":\"https:\\\/\\\/ecosupplements.be\\\/fr\\\/produit\\\/aura-herbals-great-hydrate-pineapple-sachets-10-pcs\\\/\",\"url\":\"https:\\\/\\\/ecosupplements.be\\\/fr\\\/produit\\\/aura-herbals-great-hydrate-pineapple-sachets-10-pcs\\\/\",\"name\":\"AURA HERBALS Grand Hydratant, ananas, sachets (10 pi\u00e8ces) - ECO Supplements\",\"isPartOf\":{\"@id\":\"https:\\\/\\\/ecosupplements.be\\\/fr\\\/#website\"},\"primaryImageOfPage\":{\"@id\":\"https:\\\/\\\/ecosupplements.be\\\/fr\\\/produit\\\/aura-herbals-great-hydrate-pineapple-sachets-10-pcs\\\/#primaryimage\"},\"image\":{\"@id\":\"https:\\\/\\\/ecosupplements.be\\\/fr\\\/produit\\\/aura-herbals-great-hydrate-pineapple-sachets-10-pcs\\\/#primaryimage\"},\"thumbnailUrl\":\"https:\\\/\\\/ecosupplements.be\\\/wp-content\\\/uploads\\\/2025\\\/08\\\/AURA-HERBALS-Great-Hydrate-pineapple-sachets-10-pcs.jpg\",\"datePublished\":\"2025-07-24T18:15:14+00:00\",\"dateModified\":\"2025-08-28T01:17:57+00:00\",\"description\":\"Wij hebben een ruime keuze aan producten van AURA HERBALS Grand Hydratant, ananas, sachets (10 pi\u00e8ces) . Winkel bij Eco Supplements altijd gratis verzending boven 100\u20ac\",\"breadcrumb\":{\"@id\":\"https:\\\/\\\/ecosupplements.be\\\/fr\\\/produit\\\/aura-herbals-great-hydrate-pineapple-sachets-10-pcs\\\/#breadcrumb\"},\"inLanguage\":\"fr-FR\",\"potentialAction\":[{\"@type\":\"ReadAction\",\"target\":[\"https:\\\/\\\/ecosupplements.be\\\/fr\\\/produit\\\/aura-herbals-great-hydrate-pineapple-sachets-10-pcs\\\/\"]}]},{\"@type\":\"ImageObject\",\"inLanguage\":\"fr-FR\",\"@id\":\"https:\\\/\\\/ecosupplements.be\\\/fr\\\/produit\\\/aura-herbals-great-hydrate-pineapple-sachets-10-pcs\\\/#primaryimage\",\"url\":\"https:\\\/\\\/ecosupplements.be\\\/wp-content\\\/uploads\\\/2025\\\/08\\\/AURA-HERBALS-Great-Hydrate-pineapple-sachets-10-pcs.jpg\",\"contentUrl\":\"https:\\\/\\\/ecosupplements.be\\\/wp-content\\\/uploads\\\/2025\\\/08\\\/AURA-HERBALS-Great-Hydrate-pineapple-sachets-10-pcs.jpg\",\"width\":1024,\"height\":1024},{\"@type\":\"BreadcrumbList\",\"@id\":\"https:\\\/\\\/ecosupplements.be\\\/fr\\\/produit\\\/aura-herbals-great-hydrate-pineapple-sachets-10-pcs\\\/#breadcrumb\",\"itemListElement\":[{\"@type\":\"ListItem\",\"position\":1,\"name\":\"Home\",\"item\":\"https:\\\/\\\/ecosupplements.be\\\/fr\\\/\"},{\"@type\":\"ListItem\",\"position\":2,\"name\":\"Boutique\",\"item\":\"https:\\\/\\\/ecosupplements.be\\\/fr\\\/boutique\\\/\"},{\"@type\":\"ListItem\",\"position\":3,\"name\":\"AURA HERBALS Grand Hydratant, ananas, sachets (10 pi\u00e8ces)\"}]},{\"@type\":\"WebSite\",\"@id\":\"https:\\\/\\\/ecosupplements.be\\\/fr\\\/#website\",\"url\":\"https:\\\/\\\/ecosupplements.be\\\/fr\\\/\",\"name\":\"ECO Supplements\",\"description\":\"Eco Supplements - Gezonde supplementen\",\"publisher\":{\"@id\":\"https:\\\/\\\/ecosupplements.be\\\/fr\\\/#organization\"},\"potentialAction\":[{\"@type\":\"SearchAction\",\"target\":{\"@type\":\"EntryPoint\",\"urlTemplate\":\"https:\\\/\\\/ecosupplements.be\\\/fr\\\/?s={search_term_string}\"},\"query-input\":{\"@type\":\"PropertyValueSpecification\",\"valueRequired\":true,\"valueName\":\"search_term_string\"}}],\"inLanguage\":\"fr-FR\"},{\"@type\":\"Organization\",\"@id\":\"https:\\\/\\\/ecosupplements.be\\\/fr\\\/#organization\",\"name\":\"Eco Supplements\",\"url\":\"https:\\\/\\\/ecosupplements.be\\\/fr\\\/\",\"logo\":{\"@type\":\"ImageObject\",\"inLanguage\":\"fr-FR\",\"@id\":\"https:\\\/\\\/ecosupplements.be\\\/fr\\\/#\\\/schema\\\/logo\\\/image\\\/\",\"url\":\"https:\\\/\\\/ecosupplements.be\\\/wp-content\\\/uploads\\\/2022\\\/06\\\/ecosupplement-family.png\",\"contentUrl\":\"https:\\\/\\\/ecosupplements.be\\\/wp-content\\\/uploads\\\/2022\\\/06\\\/ecosupplement-family.png\",\"width\":593,\"height\":374,\"caption\":\"Eco Supplements\"},\"image\":{\"@id\":\"https:\\\/\\\/ecosupplements.be\\\/fr\\\/#\\\/schema\\\/logo\\\/image\\\/\"}}]}<\/script>\n<meta property=\"product:brand\" content=\"Aura Herbals\" \/>\n<meta property=\"product:price:amount\" content=\"2.82\" \/>\n<meta property=\"product:price:currency\" content=\"EUR\" \/>\n<meta property=\"og:availability\" content=\"instock\" \/>\n<meta property=\"product:availability\" content=\"instock\" \/>\n<meta property=\"product:retailer_item_id\" content=\"5902479614397\" \/>\n<meta property=\"product:condition\" content=\"new\" \/>\n<!-- \/ Yoast SEO Premium plugin. -->","yoast_head_json":{"title":"AURA HERBALS Grand Hydratant, ananas, sachets (10 pi\u00e8ces) - ECO Supplements","description":"Wij hebben een ruime keuze aan producten van AURA HERBALS Grand Hydratant, ananas, sachets (10 pi\u00e8ces) . Winkel bij Eco Supplements altijd gratis verzending boven 100\u20ac","robots":{"index":"index","follow":"follow","max-snippet":"max-snippet:-1","max-image-preview":"max-image-preview:large","max-video-preview":"max-video-preview:-1"},"canonical":"https:\/\/ecosupplements.be\/fr\/produit\/aura-herbals-great-hydrate-pineapple-sachets-10-pcs\/","og_locale":"fr_FR","og_type":"article","og_title":"AURA HERBALS Grand Hydratant, ananas, sachets (10 pi\u00e8ces)","og_description":"Wij hebben een ruime keuze aan producten van AURA HERBALS Grand Hydratant, ananas, sachets (10 pi\u00e8ces) . Winkel bij Eco Supplements altijd gratis verzending boven 100\u20ac","og_url":"https:\/\/ecosupplements.be\/fr\/produit\/aura-herbals-great-hydrate-pineapple-sachets-10-pcs\/","og_site_name":"ECO Supplements","article_modified_time":"2025-08-28T01:17:57+00:00","og_image":[{"width":1024,"height":1024,"url":"https:\/\/ecosupplements.be\/wp-content\/uploads\/2025\/08\/Aura-Herbals-AURA-HERBALS-Great-Hydrate-pineapple-sachets-10-pcs.jpg","type":"image\/jpeg"}],"twitter_card":"summary_large_image","twitter_misc":{"Prix":"2.82&nbsp;&euro;","Disponibilit\u00e9":"En stock"},"schema":{"@context":"https:\/\/schema.org","@graph":[{"@type":["WebPage","ItemPage"],"@id":"https:\/\/ecosupplements.be\/fr\/produit\/aura-herbals-great-hydrate-pineapple-sachets-10-pcs\/","url":"https:\/\/ecosupplements.be\/fr\/produit\/aura-herbals-great-hydrate-pineapple-sachets-10-pcs\/","name":"AURA HERBALS Grand Hydratant, ananas, sachets (10 pi\u00e8ces) - ECO Supplements","isPartOf":{"@id":"https:\/\/ecosupplements.be\/fr\/#website"},"primaryImageOfPage":{"@id":"https:\/\/ecosupplements.be\/fr\/produit\/aura-herbals-great-hydrate-pineapple-sachets-10-pcs\/#primaryimage"},"image":{"@id":"https:\/\/ecosupplements.be\/fr\/produit\/aura-herbals-great-hydrate-pineapple-sachets-10-pcs\/#primaryimage"},"thumbnailUrl":"https:\/\/ecosupplements.be\/wp-content\/uploads\/2025\/08\/AURA-HERBALS-Great-Hydrate-pineapple-sachets-10-pcs.jpg","datePublished":"2025-07-24T18:15:14+00:00","dateModified":"2025-08-28T01:17:57+00:00","description":"Wij hebben een ruime keuze aan producten van AURA HERBALS Grand Hydratant, ananas, sachets (10 pi\u00e8ces) . Winkel bij Eco Supplements altijd gratis verzending boven 100\u20ac","breadcrumb":{"@id":"https:\/\/ecosupplements.be\/fr\/produit\/aura-herbals-great-hydrate-pineapple-sachets-10-pcs\/#breadcrumb"},"inLanguage":"fr-FR","potentialAction":[{"@type":"ReadAction","target":["https:\/\/ecosupplements.be\/fr\/produit\/aura-herbals-great-hydrate-pineapple-sachets-10-pcs\/"]}]},{"@type":"ImageObject","inLanguage":"fr-FR","@id":"https:\/\/ecosupplements.be\/fr\/produit\/aura-herbals-great-hydrate-pineapple-sachets-10-pcs\/#primaryimage","url":"https:\/\/ecosupplements.be\/wp-content\/uploads\/2025\/08\/AURA-HERBALS-Great-Hydrate-pineapple-sachets-10-pcs.jpg","contentUrl":"https:\/\/ecosupplements.be\/wp-content\/uploads\/2025\/08\/AURA-HERBALS-Great-Hydrate-pineapple-sachets-10-pcs.jpg","width":1024,"height":1024},{"@type":"BreadcrumbList","@id":"https:\/\/ecosupplements.be\/fr\/produit\/aura-herbals-great-hydrate-pineapple-sachets-10-pcs\/#breadcrumb","itemListElement":[{"@type":"ListItem","position":1,"name":"Home","item":"https:\/\/ecosupplements.be\/fr\/"},{"@type":"ListItem","position":2,"name":"Boutique","item":"https:\/\/ecosupplements.be\/fr\/boutique\/"},{"@type":"ListItem","position":3,"name":"AURA HERBALS Grand Hydratant, ananas, sachets (10 pi\u00e8ces)"}]},{"@type":"WebSite","@id":"https:\/\/ecosupplements.be\/fr\/#website","url":"https:\/\/ecosupplements.be\/fr\/","name":"ECO Supplements","description":"Eco Supplements - Gezonde supplementen","publisher":{"@id":"https:\/\/ecosupplements.be\/fr\/#organization"},"potentialAction":[{"@type":"SearchAction","target":{"@type":"EntryPoint","urlTemplate":"https:\/\/ecosupplements.be\/fr\/?s={search_term_string}"},"query-input":{"@type":"PropertyValueSpecification","valueRequired":true,"valueName":"search_term_string"}}],"inLanguage":"fr-FR"},{"@type":"Organization","@id":"https:\/\/ecosupplements.be\/fr\/#organization","name":"Eco Supplements","url":"https:\/\/ecosupplements.be\/fr\/","logo":{"@type":"ImageObject","inLanguage":"fr-FR","@id":"https:\/\/ecosupplements.be\/fr\/#\/schema\/logo\/image\/","url":"https:\/\/ecosupplements.be\/wp-content\/uploads\/2022\/06\/ecosupplement-family.png","contentUrl":"https:\/\/ecosupplements.be\/wp-content\/uploads\/2022\/06\/ecosupplement-family.png","width":593,"height":374,"caption":"Eco Supplements"},"image":{"@id":"https:\/\/ecosupplements.be\/fr\/#\/schema\/logo\/image\/"}}]},"product_brand":"Aura Herbals","product_price_amount":"2.82","product_price_currency":"EUR","og_availability":"instock","product_availability":"instock","product_retailer_item_id":"5902479614397","product_condition":"new"},"_links":{"self":[{"href":"https:\/\/ecosupplements.be\/fr\/wp-json\/wp\/v2\/product\/299412","targetHints":{"allow":["GET"]}}],"collection":[{"href":"https:\/\/ecosupplements.be\/fr\/wp-json\/wp\/v2\/product"}],"about":[{"href":"https:\/\/ecosupplements.be\/fr\/wp-json\/wp\/v2\/types\/product"}],"replies":[{"embeddable":true,"href":"https:\/\/ecosupplements.be\/fr\/wp-json\/wp\/v2\/comments?post=299412"}],"wp:featuredmedia":[{"embeddable":true,"href":"https:\/\/ecosupplements.be\/fr\/wp-json\/wp\/v2\/media\/273555"}],"wp:attachment":[{"href":"https:\/\/ecosupplements.be\/fr\/wp-json\/wp\/v2\/media?parent=299412"}],"wp:term":[{"taxonomy":"product_brand","embeddable":true,"href":"https:\/\/ecosupplements.be\/fr\/wp-json\/wp\/v2\/product_brand?post=299412"},{"taxonomy":"product_cat","embeddable":true,"href":"https:\/\/ecosupplements.be\/fr\/wp-json\/wp\/v2\/product_cat?post=299412"},{"taxonomy":"product_tag","embeddable":true,"href":"https:\/\/ecosupplements.be\/fr\/wp-json\/wp\/v2\/product_tag?post=299412"}],"curies":[{"name":"wp","href":"https:\/\/api.w.org\/{rel}","templated":true}]}}