{"id":299430,"date":"2025-07-24T19:45:12","date_gmt":"2025-07-24T18:45:12","guid":{"rendered":"https:\/\/ecosupplements.be\/product\/aura-herbals-jodadrop-bioactive-source-of-iodine-concentrate-30-ml-1-fl-oz\/"},"modified":"2025-08-28T02:18:18","modified_gmt":"2025-08-28T01:18:18","slug":"aura-herbals-jodadrop-bioactive-source-of-iodine-concentrate-30-ml-1-fl-oz","status":"publish","type":"product","link":"https:\/\/ecosupplements.be\/fr\/produit\/aura-herbals-jodadrop-bioactive-source-of-iodine-concentrate-30-ml-1-fl-oz\/","title":{"rendered":"Gouttes d&#8217;Iode AURA HERBALS, source bioactive d&#8217;iode, concentr\u00e9 (30 ml \/ 1 fl. oz.)"},"content":{"rendered":"<p><strong>AURA HERBALS Jodadrop, source bioactive d&#8217;iode, concentr\u00e9 (30 ml \/ 1 fl. oz.)<\/strong><\/p>\n<p>D\u00e9couvrez AURA HERBALS Jodadrop, un concentr\u00e9 pratique et de haute qualit\u00e9 qui utilise une combinaison d&#8217;eau et de divers compos\u00e9s iod\u00e9s pour une formulation pure et naturelle. Ce produit est con\u00e7u pour \u00eatre int\u00e9gr\u00e9 facilement dans votre quotidien gr\u00e2ce \u00e0 son format en gouttes facile \u00e0 utiliser.<\/p>\n<p><strong>Ingr\u00e9dients :<\/strong> Eau, iodure de potassium, iodure de sodium, iodate de potassium, iodate de sodium.<\/p>\n<p>Ce m\u00e9lange soigneusement pr\u00e9par\u00e9 offre une solution simple sans surcharger le corps. L&#8217;exc\u00e8s d&#8217;iode est naturellement \u00e9limin\u00e9 par l&#8217;organisme,assurant ainsi un usage serein.<\/p>\n<p><strong>Utilisation :<\/strong> Ajoutez simplement 10 gouttes \u00e0 l&#8217;eau ou \u00e0 une boisson non alcoolis\u00e9e, m\u00e9langez et consommez. Ne d\u00e9passez pas la portion recommand\u00e9e pour la journ\u00e9e.<\/p>\n<p>Ce produit se distingue par sa composition claire et son emballage qui prot\u00e8ge efficacement contre les rayons directs du soleil tout en restant accessible hors de port\u00e9e des enfants. Conservez dans un endroit frais et sec entre 5\u00b0C-25\u00b0C pour maintenir sa qualit\u00e9 optimale.<\/p>\n<p>AURA HERBALS Jodadrop est un choix id\u00e9al pour ceux qui appr\u00e9cient les ingr\u00e9dients purs dans leur routine quotidienne sans complications suppl\u00e9mentaires.<\/p>\n","protected":false},"excerpt":{"rendered":"<p>AURA HERBALS Jodadrop, source bioactive d&#8217;iode, concentr\u00e9 (30 ml \/ 1 fl. oz.) D\u00e9couvrez AURA HERBALS Jodadrop, un concentr\u00e9 pratique et de haute qualit\u00e9 qui utilise une combinaison d&#8217;eau et de divers compos\u00e9s iod\u00e9s pour une formulation pure et naturelle. Ce produit est con\u00e7u pour \u00eatre int\u00e9gr\u00e9 facilement dans votre quotidien gr\u00e2ce \u00e0 son format [&#8230;]\n","protected":false},"featured_media":273573,"comment_status":"closed","ping_status":"open","template":"","meta":[],"product_brand":[5338],"product_cat":[5064,5053],"product_tag":[],"class_list":{"0":"post-299430","1":"product","2":"type-product","3":"status-publish","4":"has-post-thumbnail","6":"product_brand-aura-herbals-2","7":"product_cat-mineraux-simples","8":"product_cat-vitamines-et-mineraux","10":"first","11":"instock","12":"taxable","13":"shipping-taxable","14":"purchasable","15":"product-type-simple"},"yoast_head":"<!-- This site is optimized with the Yoast SEO Premium plugin v27.5 (Yoast SEO v27.5) - https:\/\/yoast.com\/product\/yoast-seo-premium-wordpress\/ -->\n<title>Gouttes d&#039;Iode AURA HERBALS, source bioactive d&#039;iode, concentr\u00e9 (30 ml \/ 1 fl. oz.) - ECO Supplements<\/title>\n<meta name=\"description\" content=\"Wij hebben een ruime keuze aan producten van Gouttes d&#039;Iode AURA HERBALS, source bioactive d&#039;iode, concentr\u00e9 (30 ml \/ 1 fl. oz.) . Winkel bij Eco Supplements altijd gratis verzending boven 100\u20ac\" \/>\n<meta name=\"robots\" content=\"index, follow, max-snippet:-1, max-image-preview:large, max-video-preview:-1\" \/>\n<link rel=\"canonical\" href=\"https:\/\/ecosupplements.be\/fr\/produit\/aura-herbals-jodadrop-bioactive-source-of-iodine-concentrate-30-ml-1-fl-oz\/\" \/>\n<meta property=\"og:locale\" content=\"fr_FR\" \/>\n<meta property=\"og:type\" content=\"article\" \/>\n<meta property=\"og:title\" content=\"Gouttes d&#039;Iode AURA HERBALS, source bioactive d&#039;iode, concentr\u00e9 (30 ml \/ 1 fl. oz.)\" \/>\n<meta property=\"og:description\" content=\"Wij hebben een ruime keuze aan producten van Gouttes d&#039;Iode AURA HERBALS, source bioactive d&#039;iode, concentr\u00e9 (30 ml \/ 1 fl. oz.) . Winkel bij Eco Supplements altijd gratis verzending boven 100\u20ac\" \/>\n<meta property=\"og:url\" content=\"https:\/\/ecosupplements.be\/fr\/produit\/aura-herbals-jodadrop-bioactive-source-of-iodine-concentrate-30-ml-1-fl-oz\/\" \/>\n<meta property=\"og:site_name\" content=\"ECO Supplements\" \/>\n<meta property=\"article:modified_time\" content=\"2025-08-28T01:18:18+00:00\" \/>\n<meta property=\"og:image\" content=\"https:\/\/ecosupplements.be\/wp-content\/uploads\/2025\/08\/Aura-Herbals-AURA-HERBALS-Jodadrop-bioactive-source-of-iodine-concentrate-30-ml-1-fl.-oz.jpg\" \/>\n\t<meta property=\"og:image:width\" content=\"700\" \/>\n\t<meta property=\"og:image:height\" content=\"700\" \/>\n\t<meta property=\"og:image:type\" content=\"image\/jpeg\" \/>\n<meta name=\"twitter:card\" content=\"summary_large_image\" \/>\n<meta name=\"twitter:label1\" content=\"Prix\" \/>\n\t<meta name=\"twitter:data1\" content=\"14.63&nbsp;&euro;\" \/>\n\t<meta name=\"twitter:label2\" content=\"Disponibilit\u00e9\" \/>\n\t<meta name=\"twitter:data2\" content=\"En stock\" \/>\n<script type=\"application\/ld+json\" class=\"yoast-schema-graph\">{\"@context\":\"https:\\\/\\\/schema.org\",\"@graph\":[{\"@type\":[\"WebPage\",\"ItemPage\"],\"@id\":\"https:\\\/\\\/ecosupplements.be\\\/fr\\\/produit\\\/aura-herbals-jodadrop-bioactive-source-of-iodine-concentrate-30-ml-1-fl-oz\\\/\",\"url\":\"https:\\\/\\\/ecosupplements.be\\\/fr\\\/produit\\\/aura-herbals-jodadrop-bioactive-source-of-iodine-concentrate-30-ml-1-fl-oz\\\/\",\"name\":\"Gouttes d'Iode AURA HERBALS, source bioactive d'iode, concentr\u00e9 (30 ml \\\/ 1 fl. oz.) - ECO Supplements\",\"isPartOf\":{\"@id\":\"https:\\\/\\\/ecosupplements.be\\\/fr\\\/#website\"},\"primaryImageOfPage\":{\"@id\":\"https:\\\/\\\/ecosupplements.be\\\/fr\\\/produit\\\/aura-herbals-jodadrop-bioactive-source-of-iodine-concentrate-30-ml-1-fl-oz\\\/#primaryimage\"},\"image\":{\"@id\":\"https:\\\/\\\/ecosupplements.be\\\/fr\\\/produit\\\/aura-herbals-jodadrop-bioactive-source-of-iodine-concentrate-30-ml-1-fl-oz\\\/#primaryimage\"},\"thumbnailUrl\":\"https:\\\/\\\/ecosupplements.be\\\/wp-content\\\/uploads\\\/2025\\\/08\\\/AURA-HERBALS-Jodadrop-bioactive-source-of-iodine-concentrate-30-ml-1-fl.-oz.jpg\",\"datePublished\":\"2025-07-24T18:45:12+00:00\",\"dateModified\":\"2025-08-28T01:18:18+00:00\",\"description\":\"Wij hebben een ruime keuze aan producten van Gouttes d'Iode AURA HERBALS, source bioactive d'iode, concentr\u00e9 (30 ml \\\/ 1 fl. oz.) . Winkel bij Eco Supplements altijd gratis verzending boven 100\u20ac\",\"breadcrumb\":{\"@id\":\"https:\\\/\\\/ecosupplements.be\\\/fr\\\/produit\\\/aura-herbals-jodadrop-bioactive-source-of-iodine-concentrate-30-ml-1-fl-oz\\\/#breadcrumb\"},\"inLanguage\":\"fr-FR\",\"potentialAction\":[{\"@type\":\"ReadAction\",\"target\":[\"https:\\\/\\\/ecosupplements.be\\\/fr\\\/produit\\\/aura-herbals-jodadrop-bioactive-source-of-iodine-concentrate-30-ml-1-fl-oz\\\/\"]}]},{\"@type\":\"ImageObject\",\"inLanguage\":\"fr-FR\",\"@id\":\"https:\\\/\\\/ecosupplements.be\\\/fr\\\/produit\\\/aura-herbals-jodadrop-bioactive-source-of-iodine-concentrate-30-ml-1-fl-oz\\\/#primaryimage\",\"url\":\"https:\\\/\\\/ecosupplements.be\\\/wp-content\\\/uploads\\\/2025\\\/08\\\/AURA-HERBALS-Jodadrop-bioactive-source-of-iodine-concentrate-30-ml-1-fl.-oz.jpg\",\"contentUrl\":\"https:\\\/\\\/ecosupplements.be\\\/wp-content\\\/uploads\\\/2025\\\/08\\\/AURA-HERBALS-Jodadrop-bioactive-source-of-iodine-concentrate-30-ml-1-fl.-oz.jpg\",\"width\":700,\"height\":700},{\"@type\":\"BreadcrumbList\",\"@id\":\"https:\\\/\\\/ecosupplements.be\\\/fr\\\/produit\\\/aura-herbals-jodadrop-bioactive-source-of-iodine-concentrate-30-ml-1-fl-oz\\\/#breadcrumb\",\"itemListElement\":[{\"@type\":\"ListItem\",\"position\":1,\"name\":\"Home\",\"item\":\"https:\\\/\\\/ecosupplements.be\\\/fr\\\/\"},{\"@type\":\"ListItem\",\"position\":2,\"name\":\"Boutique\",\"item\":\"https:\\\/\\\/ecosupplements.be\\\/fr\\\/boutique\\\/\"},{\"@type\":\"ListItem\",\"position\":3,\"name\":\"Gouttes d&#8217;Iode AURA HERBALS, source bioactive d&#8217;iode, concentr\u00e9 (30 ml \\\/ 1 fl. oz.)\"}]},{\"@type\":\"WebSite\",\"@id\":\"https:\\\/\\\/ecosupplements.be\\\/fr\\\/#website\",\"url\":\"https:\\\/\\\/ecosupplements.be\\\/fr\\\/\",\"name\":\"ECO Supplements\",\"description\":\"Eco Supplements - Gezonde supplementen\",\"publisher\":{\"@id\":\"https:\\\/\\\/ecosupplements.be\\\/fr\\\/#organization\"},\"potentialAction\":[{\"@type\":\"SearchAction\",\"target\":{\"@type\":\"EntryPoint\",\"urlTemplate\":\"https:\\\/\\\/ecosupplements.be\\\/fr\\\/?s={search_term_string}\"},\"query-input\":{\"@type\":\"PropertyValueSpecification\",\"valueRequired\":true,\"valueName\":\"search_term_string\"}}],\"inLanguage\":\"fr-FR\"},{\"@type\":\"Organization\",\"@id\":\"https:\\\/\\\/ecosupplements.be\\\/fr\\\/#organization\",\"name\":\"Eco Supplements\",\"url\":\"https:\\\/\\\/ecosupplements.be\\\/fr\\\/\",\"logo\":{\"@type\":\"ImageObject\",\"inLanguage\":\"fr-FR\",\"@id\":\"https:\\\/\\\/ecosupplements.be\\\/fr\\\/#\\\/schema\\\/logo\\\/image\\\/\",\"url\":\"https:\\\/\\\/ecosupplements.be\\\/wp-content\\\/uploads\\\/2022\\\/06\\\/ecosupplement-family.png\",\"contentUrl\":\"https:\\\/\\\/ecosupplements.be\\\/wp-content\\\/uploads\\\/2022\\\/06\\\/ecosupplement-family.png\",\"width\":593,\"height\":374,\"caption\":\"Eco Supplements\"},\"image\":{\"@id\":\"https:\\\/\\\/ecosupplements.be\\\/fr\\\/#\\\/schema\\\/logo\\\/image\\\/\"}}]}<\/script>\n<meta property=\"product:brand\" content=\"Aura Herbals\" \/>\n<meta property=\"product:price:amount\" content=\"14.63\" \/>\n<meta property=\"product:price:currency\" content=\"EUR\" \/>\n<meta property=\"og:availability\" content=\"instock\" \/>\n<meta property=\"product:availability\" content=\"instock\" \/>\n<meta property=\"product:retailer_item_id\" content=\"5902479611112\" \/>\n<meta property=\"product:condition\" content=\"new\" \/>\n<!-- \/ Yoast SEO Premium plugin. -->","yoast_head_json":{"title":"Gouttes d'Iode AURA HERBALS, source bioactive d'iode, concentr\u00e9 (30 ml \/ 1 fl. oz.) - ECO Supplements","description":"Wij hebben een ruime keuze aan producten van Gouttes d'Iode AURA HERBALS, source bioactive d'iode, concentr\u00e9 (30 ml \/ 1 fl. oz.) . Winkel bij Eco Supplements altijd gratis verzending boven 100\u20ac","robots":{"index":"index","follow":"follow","max-snippet":"max-snippet:-1","max-image-preview":"max-image-preview:large","max-video-preview":"max-video-preview:-1"},"canonical":"https:\/\/ecosupplements.be\/fr\/produit\/aura-herbals-jodadrop-bioactive-source-of-iodine-concentrate-30-ml-1-fl-oz\/","og_locale":"fr_FR","og_type":"article","og_title":"Gouttes d'Iode AURA HERBALS, source bioactive d'iode, concentr\u00e9 (30 ml \/ 1 fl. oz.)","og_description":"Wij hebben een ruime keuze aan producten van Gouttes d'Iode AURA HERBALS, source bioactive d'iode, concentr\u00e9 (30 ml \/ 1 fl. oz.) . Winkel bij Eco Supplements altijd gratis verzending boven 100\u20ac","og_url":"https:\/\/ecosupplements.be\/fr\/produit\/aura-herbals-jodadrop-bioactive-source-of-iodine-concentrate-30-ml-1-fl-oz\/","og_site_name":"ECO Supplements","article_modified_time":"2025-08-28T01:18:18+00:00","og_image":[{"width":700,"height":700,"url":"https:\/\/ecosupplements.be\/wp-content\/uploads\/2025\/08\/Aura-Herbals-AURA-HERBALS-Jodadrop-bioactive-source-of-iodine-concentrate-30-ml-1-fl.-oz.jpg","type":"image\/jpeg"}],"twitter_card":"summary_large_image","twitter_misc":{"Prix":"14.63&nbsp;&euro;","Disponibilit\u00e9":"En stock"},"schema":{"@context":"https:\/\/schema.org","@graph":[{"@type":["WebPage","ItemPage"],"@id":"https:\/\/ecosupplements.be\/fr\/produit\/aura-herbals-jodadrop-bioactive-source-of-iodine-concentrate-30-ml-1-fl-oz\/","url":"https:\/\/ecosupplements.be\/fr\/produit\/aura-herbals-jodadrop-bioactive-source-of-iodine-concentrate-30-ml-1-fl-oz\/","name":"Gouttes d'Iode AURA HERBALS, source bioactive d'iode, concentr\u00e9 (30 ml \/ 1 fl. oz.) - ECO Supplements","isPartOf":{"@id":"https:\/\/ecosupplements.be\/fr\/#website"},"primaryImageOfPage":{"@id":"https:\/\/ecosupplements.be\/fr\/produit\/aura-herbals-jodadrop-bioactive-source-of-iodine-concentrate-30-ml-1-fl-oz\/#primaryimage"},"image":{"@id":"https:\/\/ecosupplements.be\/fr\/produit\/aura-herbals-jodadrop-bioactive-source-of-iodine-concentrate-30-ml-1-fl-oz\/#primaryimage"},"thumbnailUrl":"https:\/\/ecosupplements.be\/wp-content\/uploads\/2025\/08\/AURA-HERBALS-Jodadrop-bioactive-source-of-iodine-concentrate-30-ml-1-fl.-oz.jpg","datePublished":"2025-07-24T18:45:12+00:00","dateModified":"2025-08-28T01:18:18+00:00","description":"Wij hebben een ruime keuze aan producten van Gouttes d'Iode AURA HERBALS, source bioactive d'iode, concentr\u00e9 (30 ml \/ 1 fl. oz.) . Winkel bij Eco Supplements altijd gratis verzending boven 100\u20ac","breadcrumb":{"@id":"https:\/\/ecosupplements.be\/fr\/produit\/aura-herbals-jodadrop-bioactive-source-of-iodine-concentrate-30-ml-1-fl-oz\/#breadcrumb"},"inLanguage":"fr-FR","potentialAction":[{"@type":"ReadAction","target":["https:\/\/ecosupplements.be\/fr\/produit\/aura-herbals-jodadrop-bioactive-source-of-iodine-concentrate-30-ml-1-fl-oz\/"]}]},{"@type":"ImageObject","inLanguage":"fr-FR","@id":"https:\/\/ecosupplements.be\/fr\/produit\/aura-herbals-jodadrop-bioactive-source-of-iodine-concentrate-30-ml-1-fl-oz\/#primaryimage","url":"https:\/\/ecosupplements.be\/wp-content\/uploads\/2025\/08\/AURA-HERBALS-Jodadrop-bioactive-source-of-iodine-concentrate-30-ml-1-fl.-oz.jpg","contentUrl":"https:\/\/ecosupplements.be\/wp-content\/uploads\/2025\/08\/AURA-HERBALS-Jodadrop-bioactive-source-of-iodine-concentrate-30-ml-1-fl.-oz.jpg","width":700,"height":700},{"@type":"BreadcrumbList","@id":"https:\/\/ecosupplements.be\/fr\/produit\/aura-herbals-jodadrop-bioactive-source-of-iodine-concentrate-30-ml-1-fl-oz\/#breadcrumb","itemListElement":[{"@type":"ListItem","position":1,"name":"Home","item":"https:\/\/ecosupplements.be\/fr\/"},{"@type":"ListItem","position":2,"name":"Boutique","item":"https:\/\/ecosupplements.be\/fr\/boutique\/"},{"@type":"ListItem","position":3,"name":"Gouttes d&#8217;Iode AURA HERBALS, source bioactive d&#8217;iode, concentr\u00e9 (30 ml \/ 1 fl. oz.)"}]},{"@type":"WebSite","@id":"https:\/\/ecosupplements.be\/fr\/#website","url":"https:\/\/ecosupplements.be\/fr\/","name":"ECO Supplements","description":"Eco Supplements - Gezonde supplementen","publisher":{"@id":"https:\/\/ecosupplements.be\/fr\/#organization"},"potentialAction":[{"@type":"SearchAction","target":{"@type":"EntryPoint","urlTemplate":"https:\/\/ecosupplements.be\/fr\/?s={search_term_string}"},"query-input":{"@type":"PropertyValueSpecification","valueRequired":true,"valueName":"search_term_string"}}],"inLanguage":"fr-FR"},{"@type":"Organization","@id":"https:\/\/ecosupplements.be\/fr\/#organization","name":"Eco Supplements","url":"https:\/\/ecosupplements.be\/fr\/","logo":{"@type":"ImageObject","inLanguage":"fr-FR","@id":"https:\/\/ecosupplements.be\/fr\/#\/schema\/logo\/image\/","url":"https:\/\/ecosupplements.be\/wp-content\/uploads\/2022\/06\/ecosupplement-family.png","contentUrl":"https:\/\/ecosupplements.be\/wp-content\/uploads\/2022\/06\/ecosupplement-family.png","width":593,"height":374,"caption":"Eco Supplements"},"image":{"@id":"https:\/\/ecosupplements.be\/fr\/#\/schema\/logo\/image\/"}}]},"product_brand":"Aura Herbals","product_price_amount":"14.63","product_price_currency":"EUR","og_availability":"instock","product_availability":"instock","product_retailer_item_id":"5902479611112","product_condition":"new"},"_links":{"self":[{"href":"https:\/\/ecosupplements.be\/fr\/wp-json\/wp\/v2\/product\/299430","targetHints":{"allow":["GET"]}}],"collection":[{"href":"https:\/\/ecosupplements.be\/fr\/wp-json\/wp\/v2\/product"}],"about":[{"href":"https:\/\/ecosupplements.be\/fr\/wp-json\/wp\/v2\/types\/product"}],"replies":[{"embeddable":true,"href":"https:\/\/ecosupplements.be\/fr\/wp-json\/wp\/v2\/comments?post=299430"}],"wp:featuredmedia":[{"embeddable":true,"href":"https:\/\/ecosupplements.be\/fr\/wp-json\/wp\/v2\/media\/273573"}],"wp:attachment":[{"href":"https:\/\/ecosupplements.be\/fr\/wp-json\/wp\/v2\/media?parent=299430"}],"wp:term":[{"taxonomy":"product_brand","embeddable":true,"href":"https:\/\/ecosupplements.be\/fr\/wp-json\/wp\/v2\/product_brand?post=299430"},{"taxonomy":"product_cat","embeddable":true,"href":"https:\/\/ecosupplements.be\/fr\/wp-json\/wp\/v2\/product_cat?post=299430"},{"taxonomy":"product_tag","embeddable":true,"href":"https:\/\/ecosupplements.be\/fr\/wp-json\/wp\/v2\/product_tag?post=299430"}],"curies":[{"name":"wp","href":"https:\/\/api.w.org\/{rel}","templated":true}]}}