{"id":299448,"date":"2025-07-24T20:00:29","date_gmt":"2025-07-24T19:00:29","guid":{"rendered":"https:\/\/ecosupplements.be\/product\/aura-herbals-naticol-fish-collagen-hair-skin-nails-60-caps\/"},"modified":"2025-08-28T02:18:39","modified_gmt":"2025-08-28T01:18:39","slug":"aura-herbals-naticol-fish-collagen-hair-skin-nails-60-caps","status":"publish","type":"product","link":"https:\/\/ecosupplements.be\/fr\/produit\/aura-herbals-naticol-fish-collagen-hair-skin-nails-60-caps\/","title":{"rendered":"AURA HERBALS Collag\u00e8ne de poisson NatiCol, Cheveux, Peau, Ongles (60 g\u00e9lules)"},"content":{"rendered":"<p><strong>Nom du produit :<\/strong> AURA HERBALS NatiCol Fish Collagen, Hair, Skin, Nails (60 caps)<\/p>\n<p><strong>Description :<\/strong> D\u00e9couvrez un choix naturel avec le collag\u00e8ne de poisson NatiCol\u00ae, reconnu pour sa haute qualit\u00e9 et son origine contr\u00f4l\u00e9e. Ce produit est compl\u00e9t\u00e9 par des ingr\u00e9dients soigneusement s\u00e9lectionn\u00e9s tels que la vitamine C et E, le zinc et le s\u00e9l\u00e9nium qui contribuent \u00e0 la composition riche et pure de ce compl\u00e9ment.<\/p>\n<p><strong>Ingr\u00e9dients principaux :<\/strong> Collag\u00e8ne de poisson NatiCol\u00ae, inuline, vitamine C (acide L-ascorbique), extrait de p\u00e9pins de raisin (Vitis vinifera), acide hyaluronique, L-leucine, vitamine E (DL-alpha-tocoph\u00e9ryle ac\u00e9tate), gluconate de zinc, s\u00e9l\u00e9nium (sodium selenite), biotine. Capsule : Hydroxypropylm\u00e9thylcellulose.<\/p>\n<p><strong>Contenu et emballage :<\/strong> Bo\u00eete contenant 60 capsules.<\/p>\n<p><strong>Utilisation recommand\u00e9e :<\/strong> Prendre 1 \u00e0 2 capsules par jour avec un verre d&#8217;eau.<\/p>\n<p><em>ce produit est un compl\u00e9ment alimentaire pratique pour une utilisation quotidienne dans le cadre d&#8217;un mode de vie \u00e9quilibr\u00e9. Il n&#8217;est pas destin\u00e9 \u00e0 remplacer une alimentation vari\u00e9e. Pour maintenir une qualit\u00e9 optimale du produit, conservez-le dans un endroit sec entre 15-25\u00b0C et hors de port\u00e9e des enfants.<\/em><\/p>\n","protected":false},"excerpt":{"rendered":"<p>Nom du produit : AURA HERBALS NatiCol Fish Collagen, Hair, Skin, Nails (60 caps) Description : D\u00e9couvrez un choix naturel avec le collag\u00e8ne de poisson NatiCol\u00ae, reconnu pour sa haute qualit\u00e9 et son origine contr\u00f4l\u00e9e. Ce produit est compl\u00e9t\u00e9 par des ingr\u00e9dients soigneusement s\u00e9lectionn\u00e9s tels que la vitamine C et E, le zinc et le [&#8230;]\n","protected":false},"featured_media":273591,"comment_status":"closed","ping_status":"open","template":"","meta":[],"product_brand":[5338],"product_cat":[5121,5052,5053],"product_tag":[],"class_list":{"0":"post-299448","1":"product","2":"type-product","3":"status-publish","4":"has-post-thumbnail","6":"product_brand-aura-herbals-2","7":"product_cat-collagene","8":"product_cat-sante-et-bien-etre","9":"product_cat-vitamines-et-mineraux","11":"first","12":"instock","13":"taxable","14":"shipping-taxable","15":"purchasable","16":"product-type-simple"},"yoast_head":"<!-- This site is optimized with the Yoast SEO Premium plugin v27.3 (Yoast SEO v27.3) - https:\/\/yoast.com\/product\/yoast-seo-premium-wordpress\/ -->\n<title>AURA HERBALS Collag\u00e8ne de poisson NatiCol, Cheveux, Peau, Ongles (60 g\u00e9lules) - ECO Supplements<\/title>\n<meta name=\"description\" content=\"Wij hebben een ruime keuze aan producten van AURA HERBALS Collag\u00e8ne de poisson NatiCol, Cheveux, Peau, Ongles (60 g\u00e9lules) . Winkel bij Eco Supplements altijd gratis verzending boven 100\u20ac\" \/>\n<meta name=\"robots\" content=\"index, follow, max-snippet:-1, max-image-preview:large, max-video-preview:-1\" \/>\n<link rel=\"canonical\" href=\"https:\/\/ecosupplements.be\/fr\/produit\/aura-herbals-naticol-fish-collagen-hair-skin-nails-60-caps\/\" \/>\n<meta property=\"og:locale\" content=\"fr_FR\" \/>\n<meta property=\"og:type\" content=\"article\" \/>\n<meta property=\"og:title\" content=\"AURA HERBALS Collag\u00e8ne de poisson NatiCol, Cheveux, Peau, Ongles (60 g\u00e9lules)\" \/>\n<meta property=\"og:description\" content=\"Wij hebben een ruime keuze aan producten van AURA HERBALS Collag\u00e8ne de poisson NatiCol, Cheveux, Peau, Ongles (60 g\u00e9lules) . Winkel bij Eco Supplements altijd gratis verzending boven 100\u20ac\" \/>\n<meta property=\"og:url\" content=\"https:\/\/ecosupplements.be\/fr\/produit\/aura-herbals-naticol-fish-collagen-hair-skin-nails-60-caps\/\" \/>\n<meta property=\"og:site_name\" content=\"ECO Supplements\" \/>\n<meta property=\"article:modified_time\" content=\"2025-08-28T01:18:39+00:00\" \/>\n<meta property=\"og:image\" content=\"https:\/\/ecosupplements.be\/wp-content\/uploads\/2025\/08\/Aura-Herbals-AURA-HERBALS-NatiCol-Fish-Collagen-Hair-Skin-Nails-60-caps.jpg\" \/>\n\t<meta property=\"og:image:width\" content=\"700\" \/>\n\t<meta property=\"og:image:height\" content=\"700\" \/>\n\t<meta property=\"og:image:type\" content=\"image\/jpeg\" \/>\n<meta name=\"twitter:card\" content=\"summary_large_image\" \/>\n<meta name=\"twitter:label1\" content=\"Prix\" \/>\n\t<meta name=\"twitter:data1\" content=\"11.32&nbsp;&euro;\" \/>\n\t<meta name=\"twitter:label2\" content=\"Disponibilit\u00e9\" \/>\n\t<meta name=\"twitter:data2\" content=\"En stock\" \/>\n<script type=\"application\/ld+json\" class=\"yoast-schema-graph\">{\"@context\":\"https:\\\/\\\/schema.org\",\"@graph\":[{\"@type\":[\"WebPage\",\"ItemPage\"],\"@id\":\"https:\\\/\\\/ecosupplements.be\\\/fr\\\/produit\\\/aura-herbals-naticol-fish-collagen-hair-skin-nails-60-caps\\\/\",\"url\":\"https:\\\/\\\/ecosupplements.be\\\/fr\\\/produit\\\/aura-herbals-naticol-fish-collagen-hair-skin-nails-60-caps\\\/\",\"name\":\"AURA HERBALS Collag\u00e8ne de poisson NatiCol, Cheveux, Peau, Ongles (60 g\u00e9lules) - ECO Supplements\",\"isPartOf\":{\"@id\":\"https:\\\/\\\/ecosupplements.be\\\/fr\\\/#website\"},\"primaryImageOfPage\":{\"@id\":\"https:\\\/\\\/ecosupplements.be\\\/fr\\\/produit\\\/aura-herbals-naticol-fish-collagen-hair-skin-nails-60-caps\\\/#primaryimage\"},\"image\":{\"@id\":\"https:\\\/\\\/ecosupplements.be\\\/fr\\\/produit\\\/aura-herbals-naticol-fish-collagen-hair-skin-nails-60-caps\\\/#primaryimage\"},\"thumbnailUrl\":\"https:\\\/\\\/ecosupplements.be\\\/wp-content\\\/uploads\\\/2025\\\/08\\\/AURA-HERBALS-NatiCol-Fish-Collagen-Hair-Skin-Nails-60-caps.jpg\",\"datePublished\":\"2025-07-24T19:00:29+00:00\",\"dateModified\":\"2025-08-28T01:18:39+00:00\",\"description\":\"Wij hebben een ruime keuze aan producten van AURA HERBALS Collag\u00e8ne de poisson NatiCol, Cheveux, Peau, Ongles (60 g\u00e9lules) . Winkel bij Eco Supplements altijd gratis verzending boven 100\u20ac\",\"breadcrumb\":{\"@id\":\"https:\\\/\\\/ecosupplements.be\\\/fr\\\/produit\\\/aura-herbals-naticol-fish-collagen-hair-skin-nails-60-caps\\\/#breadcrumb\"},\"inLanguage\":\"fr-FR\",\"potentialAction\":[{\"@type\":\"ReadAction\",\"target\":[\"https:\\\/\\\/ecosupplements.be\\\/fr\\\/produit\\\/aura-herbals-naticol-fish-collagen-hair-skin-nails-60-caps\\\/\"]}]},{\"@type\":\"ImageObject\",\"inLanguage\":\"fr-FR\",\"@id\":\"https:\\\/\\\/ecosupplements.be\\\/fr\\\/produit\\\/aura-herbals-naticol-fish-collagen-hair-skin-nails-60-caps\\\/#primaryimage\",\"url\":\"https:\\\/\\\/ecosupplements.be\\\/wp-content\\\/uploads\\\/2025\\\/08\\\/AURA-HERBALS-NatiCol-Fish-Collagen-Hair-Skin-Nails-60-caps.jpg\",\"contentUrl\":\"https:\\\/\\\/ecosupplements.be\\\/wp-content\\\/uploads\\\/2025\\\/08\\\/AURA-HERBALS-NatiCol-Fish-Collagen-Hair-Skin-Nails-60-caps.jpg\",\"width\":700,\"height\":700},{\"@type\":\"BreadcrumbList\",\"@id\":\"https:\\\/\\\/ecosupplements.be\\\/fr\\\/produit\\\/aura-herbals-naticol-fish-collagen-hair-skin-nails-60-caps\\\/#breadcrumb\",\"itemListElement\":[{\"@type\":\"ListItem\",\"position\":1,\"name\":\"Home\",\"item\":\"https:\\\/\\\/ecosupplements.be\\\/fr\\\/\"},{\"@type\":\"ListItem\",\"position\":2,\"name\":\"Boutique\",\"item\":\"https:\\\/\\\/ecosupplements.be\\\/fr\\\/boutique\\\/\"},{\"@type\":\"ListItem\",\"position\":3,\"name\":\"AURA HERBALS Collag\u00e8ne de poisson NatiCol, Cheveux, Peau, Ongles (60 g\u00e9lules)\"}]},{\"@type\":\"WebSite\",\"@id\":\"https:\\\/\\\/ecosupplements.be\\\/fr\\\/#website\",\"url\":\"https:\\\/\\\/ecosupplements.be\\\/fr\\\/\",\"name\":\"ECO Supplements\",\"description\":\"Eco Supplements - Gezonde supplementen\",\"publisher\":{\"@id\":\"https:\\\/\\\/ecosupplements.be\\\/fr\\\/#organization\"},\"potentialAction\":[{\"@type\":\"SearchAction\",\"target\":{\"@type\":\"EntryPoint\",\"urlTemplate\":\"https:\\\/\\\/ecosupplements.be\\\/fr\\\/?s={search_term_string}\"},\"query-input\":{\"@type\":\"PropertyValueSpecification\",\"valueRequired\":true,\"valueName\":\"search_term_string\"}}],\"inLanguage\":\"fr-FR\"},{\"@type\":\"Organization\",\"@id\":\"https:\\\/\\\/ecosupplements.be\\\/fr\\\/#organization\",\"name\":\"Eco Supplements\",\"url\":\"https:\\\/\\\/ecosupplements.be\\\/fr\\\/\",\"logo\":{\"@type\":\"ImageObject\",\"inLanguage\":\"fr-FR\",\"@id\":\"https:\\\/\\\/ecosupplements.be\\\/fr\\\/#\\\/schema\\\/logo\\\/image\\\/\",\"url\":\"https:\\\/\\\/ecosupplements.be\\\/wp-content\\\/uploads\\\/2022\\\/06\\\/ecosupplement-family.png\",\"contentUrl\":\"https:\\\/\\\/ecosupplements.be\\\/wp-content\\\/uploads\\\/2022\\\/06\\\/ecosupplement-family.png\",\"width\":593,\"height\":374,\"caption\":\"Eco Supplements\"},\"image\":{\"@id\":\"https:\\\/\\\/ecosupplements.be\\\/fr\\\/#\\\/schema\\\/logo\\\/image\\\/\"}}]}<\/script>\n<meta property=\"product:brand\" content=\"Aura Herbals\" \/>\n<meta property=\"product:price:amount\" content=\"11.32\" \/>\n<meta property=\"product:price:currency\" content=\"EUR\" \/>\n<meta property=\"og:availability\" content=\"instock\" \/>\n<meta property=\"product:availability\" content=\"instock\" \/>\n<meta property=\"product:retailer_item_id\" content=\"5902479614083\" \/>\n<meta property=\"product:condition\" content=\"new\" \/>\n<!-- \/ Yoast SEO Premium plugin. -->","yoast_head_json":{"title":"AURA HERBALS Collag\u00e8ne de poisson NatiCol, Cheveux, Peau, Ongles (60 g\u00e9lules) - ECO Supplements","description":"Wij hebben een ruime keuze aan producten van AURA HERBALS Collag\u00e8ne de poisson NatiCol, Cheveux, Peau, Ongles (60 g\u00e9lules) . Winkel bij Eco Supplements altijd gratis verzending boven 100\u20ac","robots":{"index":"index","follow":"follow","max-snippet":"max-snippet:-1","max-image-preview":"max-image-preview:large","max-video-preview":"max-video-preview:-1"},"canonical":"https:\/\/ecosupplements.be\/fr\/produit\/aura-herbals-naticol-fish-collagen-hair-skin-nails-60-caps\/","og_locale":"fr_FR","og_type":"article","og_title":"AURA HERBALS Collag\u00e8ne de poisson NatiCol, Cheveux, Peau, Ongles (60 g\u00e9lules)","og_description":"Wij hebben een ruime keuze aan producten van AURA HERBALS Collag\u00e8ne de poisson NatiCol, Cheveux, Peau, Ongles (60 g\u00e9lules) . Winkel bij Eco Supplements altijd gratis verzending boven 100\u20ac","og_url":"https:\/\/ecosupplements.be\/fr\/produit\/aura-herbals-naticol-fish-collagen-hair-skin-nails-60-caps\/","og_site_name":"ECO Supplements","article_modified_time":"2025-08-28T01:18:39+00:00","og_image":[{"width":700,"height":700,"url":"https:\/\/ecosupplements.be\/wp-content\/uploads\/2025\/08\/Aura-Herbals-AURA-HERBALS-NatiCol-Fish-Collagen-Hair-Skin-Nails-60-caps.jpg","type":"image\/jpeg"}],"twitter_card":"summary_large_image","twitter_misc":{"Prix":"11.32&nbsp;&euro;","Disponibilit\u00e9":"En stock"},"schema":{"@context":"https:\/\/schema.org","@graph":[{"@type":["WebPage","ItemPage"],"@id":"https:\/\/ecosupplements.be\/fr\/produit\/aura-herbals-naticol-fish-collagen-hair-skin-nails-60-caps\/","url":"https:\/\/ecosupplements.be\/fr\/produit\/aura-herbals-naticol-fish-collagen-hair-skin-nails-60-caps\/","name":"AURA HERBALS Collag\u00e8ne de poisson NatiCol, Cheveux, Peau, Ongles (60 g\u00e9lules) - ECO Supplements","isPartOf":{"@id":"https:\/\/ecosupplements.be\/fr\/#website"},"primaryImageOfPage":{"@id":"https:\/\/ecosupplements.be\/fr\/produit\/aura-herbals-naticol-fish-collagen-hair-skin-nails-60-caps\/#primaryimage"},"image":{"@id":"https:\/\/ecosupplements.be\/fr\/produit\/aura-herbals-naticol-fish-collagen-hair-skin-nails-60-caps\/#primaryimage"},"thumbnailUrl":"https:\/\/ecosupplements.be\/wp-content\/uploads\/2025\/08\/AURA-HERBALS-NatiCol-Fish-Collagen-Hair-Skin-Nails-60-caps.jpg","datePublished":"2025-07-24T19:00:29+00:00","dateModified":"2025-08-28T01:18:39+00:00","description":"Wij hebben een ruime keuze aan producten van AURA HERBALS Collag\u00e8ne de poisson NatiCol, Cheveux, Peau, Ongles (60 g\u00e9lules) . Winkel bij Eco Supplements altijd gratis verzending boven 100\u20ac","breadcrumb":{"@id":"https:\/\/ecosupplements.be\/fr\/produit\/aura-herbals-naticol-fish-collagen-hair-skin-nails-60-caps\/#breadcrumb"},"inLanguage":"fr-FR","potentialAction":[{"@type":"ReadAction","target":["https:\/\/ecosupplements.be\/fr\/produit\/aura-herbals-naticol-fish-collagen-hair-skin-nails-60-caps\/"]}]},{"@type":"ImageObject","inLanguage":"fr-FR","@id":"https:\/\/ecosupplements.be\/fr\/produit\/aura-herbals-naticol-fish-collagen-hair-skin-nails-60-caps\/#primaryimage","url":"https:\/\/ecosupplements.be\/wp-content\/uploads\/2025\/08\/AURA-HERBALS-NatiCol-Fish-Collagen-Hair-Skin-Nails-60-caps.jpg","contentUrl":"https:\/\/ecosupplements.be\/wp-content\/uploads\/2025\/08\/AURA-HERBALS-NatiCol-Fish-Collagen-Hair-Skin-Nails-60-caps.jpg","width":700,"height":700},{"@type":"BreadcrumbList","@id":"https:\/\/ecosupplements.be\/fr\/produit\/aura-herbals-naticol-fish-collagen-hair-skin-nails-60-caps\/#breadcrumb","itemListElement":[{"@type":"ListItem","position":1,"name":"Home","item":"https:\/\/ecosupplements.be\/fr\/"},{"@type":"ListItem","position":2,"name":"Boutique","item":"https:\/\/ecosupplements.be\/fr\/boutique\/"},{"@type":"ListItem","position":3,"name":"AURA HERBALS Collag\u00e8ne de poisson NatiCol, Cheveux, Peau, Ongles (60 g\u00e9lules)"}]},{"@type":"WebSite","@id":"https:\/\/ecosupplements.be\/fr\/#website","url":"https:\/\/ecosupplements.be\/fr\/","name":"ECO Supplements","description":"Eco Supplements - Gezonde supplementen","publisher":{"@id":"https:\/\/ecosupplements.be\/fr\/#organization"},"potentialAction":[{"@type":"SearchAction","target":{"@type":"EntryPoint","urlTemplate":"https:\/\/ecosupplements.be\/fr\/?s={search_term_string}"},"query-input":{"@type":"PropertyValueSpecification","valueRequired":true,"valueName":"search_term_string"}}],"inLanguage":"fr-FR"},{"@type":"Organization","@id":"https:\/\/ecosupplements.be\/fr\/#organization","name":"Eco Supplements","url":"https:\/\/ecosupplements.be\/fr\/","logo":{"@type":"ImageObject","inLanguage":"fr-FR","@id":"https:\/\/ecosupplements.be\/fr\/#\/schema\/logo\/image\/","url":"https:\/\/ecosupplements.be\/wp-content\/uploads\/2022\/06\/ecosupplement-family.png","contentUrl":"https:\/\/ecosupplements.be\/wp-content\/uploads\/2022\/06\/ecosupplement-family.png","width":593,"height":374,"caption":"Eco Supplements"},"image":{"@id":"https:\/\/ecosupplements.be\/fr\/#\/schema\/logo\/image\/"}}]},"product_brand":"Aura Herbals","product_price_amount":"11.32","product_price_currency":"EUR","og_availability":"instock","product_availability":"instock","product_retailer_item_id":"5902479614083","product_condition":"new"},"_links":{"self":[{"href":"https:\/\/ecosupplements.be\/fr\/wp-json\/wp\/v2\/product\/299448","targetHints":{"allow":["GET"]}}],"collection":[{"href":"https:\/\/ecosupplements.be\/fr\/wp-json\/wp\/v2\/product"}],"about":[{"href":"https:\/\/ecosupplements.be\/fr\/wp-json\/wp\/v2\/types\/product"}],"replies":[{"embeddable":true,"href":"https:\/\/ecosupplements.be\/fr\/wp-json\/wp\/v2\/comments?post=299448"}],"wp:featuredmedia":[{"embeddable":true,"href":"https:\/\/ecosupplements.be\/fr\/wp-json\/wp\/v2\/media\/273591"}],"wp:attachment":[{"href":"https:\/\/ecosupplements.be\/fr\/wp-json\/wp\/v2\/media?parent=299448"}],"wp:term":[{"taxonomy":"product_brand","embeddable":true,"href":"https:\/\/ecosupplements.be\/fr\/wp-json\/wp\/v2\/product_brand?post=299448"},{"taxonomy":"product_cat","embeddable":true,"href":"https:\/\/ecosupplements.be\/fr\/wp-json\/wp\/v2\/product_cat?post=299448"},{"taxonomy":"product_tag","embeddable":true,"href":"https:\/\/ecosupplements.be\/fr\/wp-json\/wp\/v2\/product_tag?post=299448"}],"curies":[{"name":"wp","href":"https:\/\/api.w.org\/{rel}","templated":true}]}}