{"id":299454,"date":"2025-07-24T20:15:13","date_gmt":"2025-07-24T19:15:13","guid":{"rendered":"https:\/\/ecosupplements.be\/product\/aura-herbals-turmeric-500-mg-bcm-95-piperine-60-caps\/"},"modified":"2025-08-28T02:18:44","modified_gmt":"2025-08-28T01:18:44","slug":"aura-herbals-turmeric-500-mg-bcm-95-piperine-60-caps","status":"publish","type":"product","link":"https:\/\/ecosupplements.be\/fr\/produit\/aura-herbals-turmeric-500-mg-bcm-95-piperine-60-caps\/","title":{"rendered":"AURA HERBALS Curcuma 500 mg BCM-95\u00ae + pip\u00e9rine (60 g\u00e9lules)"},"content":{"rendered":"<p><strong>Nom du produit :<\/strong> AURA HERBALS Turmeric 500 mg BCM-95\u00ae + pip\u00e9rine (60 caps.)<\/p>\n<p><strong>Description :<\/strong> D\u00e9couvrez le choix naturel pour les amateurs de qualit\u00e9 avec AURA HERBALS Turmeric 500 mg BCM-95\u00ae + pip\u00e9rine. Ce compl\u00e9ment alimentaire est compos\u00e9 d&#8217;ingr\u00e9dients d&#8217;origine naturelle, dont un extrait de curcuma (Curcuma longa) et de BioPerine\u00ae, un extrait de poivre noir (Piper nigrum). Les capsules sont fabriqu\u00e9es \u00e0 partir de cellulose v\u00e9g\u00e9tale, ce qui les rend parfaitement adapt\u00e9es aux v\u00e9gans et v\u00e9g\u00e9tariens.<\/p>\n<p><strong>Ingr\u00e9dients principaux :<\/strong> Inuline, extrait de curcuma BCM-95\u00ae standardis\u00e9 \u00e0 86% de curcumino\u00efdes et 65% de curcumine, L-leucine, BioPerine\u00ae &#8211; extrait du fruit du poivre noir standardis\u00e9 \u00e0 95% pip\u00e9rine.<\/p>\n<p><strong>Contenu et emballage :<\/strong> Le produit est pr\u00e9sent\u00e9 dans un emballage contenant 60 capsules faciles \u00e0 avaler pour une lib\u00e9ration prolong\u00e9e des actifs.<\/p>\n<p><strong>Utilisation recommand\u00e9e :<\/strong> Prendre une capsule avec un verre d&#8217;eau deux fois par jour. Ne pas d\u00e9passer la dose journali\u00e8re recommand\u00e9e.<\/p>\n<p><strong>Caract\u00e9ristiques pratiques :<\/strong> Ces capsules offrent une m\u00e9thode simple et pratique pour int\u00e9grer des ingr\u00e9dients naturels dans votre quotidien sans g\u00e9latines animales. Elles sont con\u00e7ues pour \u00eatre facilement ing\u00e9r\u00e9es gr\u00e2ce \u00e0 leur enveloppe lisse en hydroxypropylm\u00e9thylcellulose.<\/p>\n<p><em>Note : Il est crucial d&#8217;adopter un mode de vie \u00e9quilibr\u00e9 et actif ainsi qu&#8217;une alimentation vari\u00e9e. Ce produit ne doit pas \u00eatre utilis\u00e9 comme substitut d&#8217;un r\u00e9gime alimentaire vari\u00e9. Pour toute condition particuli\u00e8re ou allergie aux ingr\u00e9dients mentionn\u00e9s, il est conseill\u00e9 de consulter un professionnel avant utilisation. Conserver dans un endroit sec entre 15-25\u00b0C et hors de port\u00e9e des enfants.<\/em><\/p>\n","protected":false},"excerpt":{"rendered":"<p>Nom du produit : AURA HERBALS Turmeric 500 mg BCM-95\u00ae + pip\u00e9rine (60 caps.) Description : D\u00e9couvrez le choix naturel pour les amateurs de qualit\u00e9 avec AURA HERBALS Turmeric 500 mg BCM-95\u00ae + pip\u00e9rine. Ce compl\u00e9ment alimentaire est compos\u00e9 d&#8217;ingr\u00e9dients d&#8217;origine naturelle, dont un extrait de curcuma (Curcuma longa) et de BioPerine\u00ae, un extrait de [&#8230;]\n","protected":false},"featured_media":273597,"comment_status":"closed","ping_status":"open","template":"","meta":[],"product_brand":[5338],"product_cat":[5052,5094,5053],"product_tag":[],"class_list":{"0":"post-299454","1":"product","2":"type-product","3":"status-publish","4":"has-post-thumbnail","6":"product_brand-aura-herbals-2","7":"product_cat-sante-et-bien-etre","8":"product_cat-supplements-a-base-de-plantes","9":"product_cat-vitamines-et-mineraux","11":"first","12":"instock","13":"taxable","14":"shipping-taxable","15":"purchasable","16":"product-type-simple"},"yoast_head":"<!-- This site is optimized with the Yoast SEO Premium plugin v27.5 (Yoast SEO v27.5) - https:\/\/yoast.com\/product\/yoast-seo-premium-wordpress\/ -->\n<title>AURA HERBALS Curcuma 500 mg BCM-95\u00ae + pip\u00e9rine (60 g\u00e9lules) - ECO Supplements<\/title>\n<meta name=\"description\" content=\"Wij hebben een ruime keuze aan producten van AURA HERBALS Curcuma 500 mg BCM-95\u00ae + pip\u00e9rine (60 g\u00e9lules) . Winkel bij Eco Supplements altijd gratis verzending boven 100\u20ac\" \/>\n<meta name=\"robots\" content=\"index, follow, max-snippet:-1, max-image-preview:large, max-video-preview:-1\" \/>\n<link rel=\"canonical\" href=\"https:\/\/ecosupplements.be\/fr\/produit\/aura-herbals-turmeric-500-mg-bcm-95-piperine-60-caps\/\" \/>\n<meta property=\"og:locale\" content=\"fr_FR\" \/>\n<meta property=\"og:type\" content=\"article\" \/>\n<meta property=\"og:title\" content=\"AURA HERBALS Curcuma 500 mg BCM-95\u00ae + pip\u00e9rine (60 g\u00e9lules)\" \/>\n<meta property=\"og:description\" content=\"Wij hebben een ruime keuze aan producten van AURA HERBALS Curcuma 500 mg BCM-95\u00ae + pip\u00e9rine (60 g\u00e9lules) . Winkel bij Eco Supplements altijd gratis verzending boven 100\u20ac\" \/>\n<meta property=\"og:url\" content=\"https:\/\/ecosupplements.be\/fr\/produit\/aura-herbals-turmeric-500-mg-bcm-95-piperine-60-caps\/\" \/>\n<meta property=\"og:site_name\" content=\"ECO Supplements\" \/>\n<meta property=\"article:modified_time\" content=\"2025-08-28T01:18:44+00:00\" \/>\n<meta property=\"og:image\" content=\"https:\/\/ecosupplements.be\/wp-content\/uploads\/2025\/08\/Aura-Herbals-AURA-HERBALS-Turmeric-500-mg-BCM-95\u00ae-piperine-60-caps.jpg\" \/>\n\t<meta property=\"og:image:width\" content=\"1080\" \/>\n\t<meta property=\"og:image:height\" content=\"1080\" \/>\n\t<meta property=\"og:image:type\" content=\"image\/jpeg\" \/>\n<meta name=\"twitter:card\" content=\"summary_large_image\" \/>\n<meta name=\"twitter:label1\" content=\"Prix\" \/>\n\t<meta name=\"twitter:data1\" content=\"14.15&nbsp;&euro;\" \/>\n\t<meta name=\"twitter:label2\" content=\"Disponibilit\u00e9\" \/>\n\t<meta name=\"twitter:data2\" content=\"En stock\" \/>\n<script type=\"application\/ld+json\" class=\"yoast-schema-graph\">{\"@context\":\"https:\\\/\\\/schema.org\",\"@graph\":[{\"@type\":[\"WebPage\",\"ItemPage\"],\"@id\":\"https:\\\/\\\/ecosupplements.be\\\/fr\\\/produit\\\/aura-herbals-turmeric-500-mg-bcm-95-piperine-60-caps\\\/\",\"url\":\"https:\\\/\\\/ecosupplements.be\\\/fr\\\/produit\\\/aura-herbals-turmeric-500-mg-bcm-95-piperine-60-caps\\\/\",\"name\":\"AURA HERBALS Curcuma 500 mg BCM-95\u00ae + pip\u00e9rine (60 g\u00e9lules) - ECO Supplements\",\"isPartOf\":{\"@id\":\"https:\\\/\\\/ecosupplements.be\\\/fr\\\/#website\"},\"primaryImageOfPage\":{\"@id\":\"https:\\\/\\\/ecosupplements.be\\\/fr\\\/produit\\\/aura-herbals-turmeric-500-mg-bcm-95-piperine-60-caps\\\/#primaryimage\"},\"image\":{\"@id\":\"https:\\\/\\\/ecosupplements.be\\\/fr\\\/produit\\\/aura-herbals-turmeric-500-mg-bcm-95-piperine-60-caps\\\/#primaryimage\"},\"thumbnailUrl\":\"https:\\\/\\\/ecosupplements.be\\\/wp-content\\\/uploads\\\/2025\\\/08\\\/AURA-HERBALS-Turmeric-500-mg-BCM-95\u00ae-piperine-60-caps.jpg\",\"datePublished\":\"2025-07-24T19:15:13+00:00\",\"dateModified\":\"2025-08-28T01:18:44+00:00\",\"description\":\"Wij hebben een ruime keuze aan producten van AURA HERBALS Curcuma 500 mg BCM-95\u00ae + pip\u00e9rine (60 g\u00e9lules) . Winkel bij Eco Supplements altijd gratis verzending boven 100\u20ac\",\"breadcrumb\":{\"@id\":\"https:\\\/\\\/ecosupplements.be\\\/fr\\\/produit\\\/aura-herbals-turmeric-500-mg-bcm-95-piperine-60-caps\\\/#breadcrumb\"},\"inLanguage\":\"fr-FR\",\"potentialAction\":[{\"@type\":\"ReadAction\",\"target\":[\"https:\\\/\\\/ecosupplements.be\\\/fr\\\/produit\\\/aura-herbals-turmeric-500-mg-bcm-95-piperine-60-caps\\\/\"]}]},{\"@type\":\"ImageObject\",\"inLanguage\":\"fr-FR\",\"@id\":\"https:\\\/\\\/ecosupplements.be\\\/fr\\\/produit\\\/aura-herbals-turmeric-500-mg-bcm-95-piperine-60-caps\\\/#primaryimage\",\"url\":\"https:\\\/\\\/ecosupplements.be\\\/wp-content\\\/uploads\\\/2025\\\/08\\\/AURA-HERBALS-Turmeric-500-mg-BCM-95\u00ae-piperine-60-caps.jpg\",\"contentUrl\":\"https:\\\/\\\/ecosupplements.be\\\/wp-content\\\/uploads\\\/2025\\\/08\\\/AURA-HERBALS-Turmeric-500-mg-BCM-95\u00ae-piperine-60-caps.jpg\",\"width\":1080,\"height\":1080},{\"@type\":\"BreadcrumbList\",\"@id\":\"https:\\\/\\\/ecosupplements.be\\\/fr\\\/produit\\\/aura-herbals-turmeric-500-mg-bcm-95-piperine-60-caps\\\/#breadcrumb\",\"itemListElement\":[{\"@type\":\"ListItem\",\"position\":1,\"name\":\"Home\",\"item\":\"https:\\\/\\\/ecosupplements.be\\\/fr\\\/\"},{\"@type\":\"ListItem\",\"position\":2,\"name\":\"Boutique\",\"item\":\"https:\\\/\\\/ecosupplements.be\\\/fr\\\/boutique\\\/\"},{\"@type\":\"ListItem\",\"position\":3,\"name\":\"AURA HERBALS Curcuma 500 mg BCM-95\u00ae + pip\u00e9rine (60 g\u00e9lules)\"}]},{\"@type\":\"WebSite\",\"@id\":\"https:\\\/\\\/ecosupplements.be\\\/fr\\\/#website\",\"url\":\"https:\\\/\\\/ecosupplements.be\\\/fr\\\/\",\"name\":\"ECO Supplements\",\"description\":\"Eco Supplements - Gezonde supplementen\",\"publisher\":{\"@id\":\"https:\\\/\\\/ecosupplements.be\\\/fr\\\/#organization\"},\"potentialAction\":[{\"@type\":\"SearchAction\",\"target\":{\"@type\":\"EntryPoint\",\"urlTemplate\":\"https:\\\/\\\/ecosupplements.be\\\/fr\\\/?s={search_term_string}\"},\"query-input\":{\"@type\":\"PropertyValueSpecification\",\"valueRequired\":true,\"valueName\":\"search_term_string\"}}],\"inLanguage\":\"fr-FR\"},{\"@type\":\"Organization\",\"@id\":\"https:\\\/\\\/ecosupplements.be\\\/fr\\\/#organization\",\"name\":\"Eco Supplements\",\"url\":\"https:\\\/\\\/ecosupplements.be\\\/fr\\\/\",\"logo\":{\"@type\":\"ImageObject\",\"inLanguage\":\"fr-FR\",\"@id\":\"https:\\\/\\\/ecosupplements.be\\\/fr\\\/#\\\/schema\\\/logo\\\/image\\\/\",\"url\":\"https:\\\/\\\/ecosupplements.be\\\/wp-content\\\/uploads\\\/2022\\\/06\\\/ecosupplement-family.png\",\"contentUrl\":\"https:\\\/\\\/ecosupplements.be\\\/wp-content\\\/uploads\\\/2022\\\/06\\\/ecosupplement-family.png\",\"width\":593,\"height\":374,\"caption\":\"Eco Supplements\"},\"image\":{\"@id\":\"https:\\\/\\\/ecosupplements.be\\\/fr\\\/#\\\/schema\\\/logo\\\/image\\\/\"}}]}<\/script>\n<meta property=\"product:brand\" content=\"Aura Herbals\" \/>\n<meta property=\"product:price:amount\" content=\"14.15\" \/>\n<meta property=\"product:price:currency\" content=\"EUR\" \/>\n<meta property=\"og:availability\" content=\"instock\" \/>\n<meta property=\"product:availability\" content=\"instock\" \/>\n<meta property=\"product:retailer_item_id\" content=\"5902479614755\" \/>\n<meta property=\"product:condition\" content=\"new\" \/>\n<!-- \/ Yoast SEO Premium plugin. -->","yoast_head_json":{"title":"AURA HERBALS Curcuma 500 mg BCM-95\u00ae + pip\u00e9rine (60 g\u00e9lules) - ECO Supplements","description":"Wij hebben een ruime keuze aan producten van AURA HERBALS Curcuma 500 mg BCM-95\u00ae + pip\u00e9rine (60 g\u00e9lules) . Winkel bij Eco Supplements altijd gratis verzending boven 100\u20ac","robots":{"index":"index","follow":"follow","max-snippet":"max-snippet:-1","max-image-preview":"max-image-preview:large","max-video-preview":"max-video-preview:-1"},"canonical":"https:\/\/ecosupplements.be\/fr\/produit\/aura-herbals-turmeric-500-mg-bcm-95-piperine-60-caps\/","og_locale":"fr_FR","og_type":"article","og_title":"AURA HERBALS Curcuma 500 mg BCM-95\u00ae + pip\u00e9rine (60 g\u00e9lules)","og_description":"Wij hebben een ruime keuze aan producten van AURA HERBALS Curcuma 500 mg BCM-95\u00ae + pip\u00e9rine (60 g\u00e9lules) . Winkel bij Eco Supplements altijd gratis verzending boven 100\u20ac","og_url":"https:\/\/ecosupplements.be\/fr\/produit\/aura-herbals-turmeric-500-mg-bcm-95-piperine-60-caps\/","og_site_name":"ECO Supplements","article_modified_time":"2025-08-28T01:18:44+00:00","og_image":[{"width":1080,"height":1080,"url":"https:\/\/ecosupplements.be\/wp-content\/uploads\/2025\/08\/Aura-Herbals-AURA-HERBALS-Turmeric-500-mg-BCM-95\u00ae-piperine-60-caps.jpg","type":"image\/jpeg"}],"twitter_card":"summary_large_image","twitter_misc":{"Prix":"14.15&nbsp;&euro;","Disponibilit\u00e9":"En stock"},"schema":{"@context":"https:\/\/schema.org","@graph":[{"@type":["WebPage","ItemPage"],"@id":"https:\/\/ecosupplements.be\/fr\/produit\/aura-herbals-turmeric-500-mg-bcm-95-piperine-60-caps\/","url":"https:\/\/ecosupplements.be\/fr\/produit\/aura-herbals-turmeric-500-mg-bcm-95-piperine-60-caps\/","name":"AURA HERBALS Curcuma 500 mg BCM-95\u00ae + pip\u00e9rine (60 g\u00e9lules) - ECO Supplements","isPartOf":{"@id":"https:\/\/ecosupplements.be\/fr\/#website"},"primaryImageOfPage":{"@id":"https:\/\/ecosupplements.be\/fr\/produit\/aura-herbals-turmeric-500-mg-bcm-95-piperine-60-caps\/#primaryimage"},"image":{"@id":"https:\/\/ecosupplements.be\/fr\/produit\/aura-herbals-turmeric-500-mg-bcm-95-piperine-60-caps\/#primaryimage"},"thumbnailUrl":"https:\/\/ecosupplements.be\/wp-content\/uploads\/2025\/08\/AURA-HERBALS-Turmeric-500-mg-BCM-95\u00ae-piperine-60-caps.jpg","datePublished":"2025-07-24T19:15:13+00:00","dateModified":"2025-08-28T01:18:44+00:00","description":"Wij hebben een ruime keuze aan producten van AURA HERBALS Curcuma 500 mg BCM-95\u00ae + pip\u00e9rine (60 g\u00e9lules) . Winkel bij Eco Supplements altijd gratis verzending boven 100\u20ac","breadcrumb":{"@id":"https:\/\/ecosupplements.be\/fr\/produit\/aura-herbals-turmeric-500-mg-bcm-95-piperine-60-caps\/#breadcrumb"},"inLanguage":"fr-FR","potentialAction":[{"@type":"ReadAction","target":["https:\/\/ecosupplements.be\/fr\/produit\/aura-herbals-turmeric-500-mg-bcm-95-piperine-60-caps\/"]}]},{"@type":"ImageObject","inLanguage":"fr-FR","@id":"https:\/\/ecosupplements.be\/fr\/produit\/aura-herbals-turmeric-500-mg-bcm-95-piperine-60-caps\/#primaryimage","url":"https:\/\/ecosupplements.be\/wp-content\/uploads\/2025\/08\/AURA-HERBALS-Turmeric-500-mg-BCM-95\u00ae-piperine-60-caps.jpg","contentUrl":"https:\/\/ecosupplements.be\/wp-content\/uploads\/2025\/08\/AURA-HERBALS-Turmeric-500-mg-BCM-95\u00ae-piperine-60-caps.jpg","width":1080,"height":1080},{"@type":"BreadcrumbList","@id":"https:\/\/ecosupplements.be\/fr\/produit\/aura-herbals-turmeric-500-mg-bcm-95-piperine-60-caps\/#breadcrumb","itemListElement":[{"@type":"ListItem","position":1,"name":"Home","item":"https:\/\/ecosupplements.be\/fr\/"},{"@type":"ListItem","position":2,"name":"Boutique","item":"https:\/\/ecosupplements.be\/fr\/boutique\/"},{"@type":"ListItem","position":3,"name":"AURA HERBALS Curcuma 500 mg BCM-95\u00ae + pip\u00e9rine (60 g\u00e9lules)"}]},{"@type":"WebSite","@id":"https:\/\/ecosupplements.be\/fr\/#website","url":"https:\/\/ecosupplements.be\/fr\/","name":"ECO Supplements","description":"Eco Supplements - Gezonde supplementen","publisher":{"@id":"https:\/\/ecosupplements.be\/fr\/#organization"},"potentialAction":[{"@type":"SearchAction","target":{"@type":"EntryPoint","urlTemplate":"https:\/\/ecosupplements.be\/fr\/?s={search_term_string}"},"query-input":{"@type":"PropertyValueSpecification","valueRequired":true,"valueName":"search_term_string"}}],"inLanguage":"fr-FR"},{"@type":"Organization","@id":"https:\/\/ecosupplements.be\/fr\/#organization","name":"Eco Supplements","url":"https:\/\/ecosupplements.be\/fr\/","logo":{"@type":"ImageObject","inLanguage":"fr-FR","@id":"https:\/\/ecosupplements.be\/fr\/#\/schema\/logo\/image\/","url":"https:\/\/ecosupplements.be\/wp-content\/uploads\/2022\/06\/ecosupplement-family.png","contentUrl":"https:\/\/ecosupplements.be\/wp-content\/uploads\/2022\/06\/ecosupplement-family.png","width":593,"height":374,"caption":"Eco Supplements"},"image":{"@id":"https:\/\/ecosupplements.be\/fr\/#\/schema\/logo\/image\/"}}]},"product_brand":"Aura Herbals","product_price_amount":"14.15","product_price_currency":"EUR","og_availability":"instock","product_availability":"instock","product_retailer_item_id":"5902479614755","product_condition":"new"},"_links":{"self":[{"href":"https:\/\/ecosupplements.be\/fr\/wp-json\/wp\/v2\/product\/299454","targetHints":{"allow":["GET"]}}],"collection":[{"href":"https:\/\/ecosupplements.be\/fr\/wp-json\/wp\/v2\/product"}],"about":[{"href":"https:\/\/ecosupplements.be\/fr\/wp-json\/wp\/v2\/types\/product"}],"replies":[{"embeddable":true,"href":"https:\/\/ecosupplements.be\/fr\/wp-json\/wp\/v2\/comments?post=299454"}],"wp:featuredmedia":[{"embeddable":true,"href":"https:\/\/ecosupplements.be\/fr\/wp-json\/wp\/v2\/media\/273597"}],"wp:attachment":[{"href":"https:\/\/ecosupplements.be\/fr\/wp-json\/wp\/v2\/media?parent=299454"}],"wp:term":[{"taxonomy":"product_brand","embeddable":true,"href":"https:\/\/ecosupplements.be\/fr\/wp-json\/wp\/v2\/product_brand?post=299454"},{"taxonomy":"product_cat","embeddable":true,"href":"https:\/\/ecosupplements.be\/fr\/wp-json\/wp\/v2\/product_cat?post=299454"},{"taxonomy":"product_tag","embeddable":true,"href":"https:\/\/ecosupplements.be\/fr\/wp-json\/wp\/v2\/product_tag?post=299454"}],"curies":[{"name":"wp","href":"https:\/\/api.w.org\/{rel}","templated":true}]}}