{"id":299481,"date":"2025-07-24T20:45:12","date_gmt":"2025-07-24T19:45:12","guid":{"rendered":"https:\/\/ecosupplements.be\/product\/aura-herbals-magnesium-complex-ata-mg-120-caps\/"},"modified":"2025-08-28T02:19:14","modified_gmt":"2025-08-28T01:19:14","slug":"aura-herbals-magnesium-complex-ata-mg-120-caps","status":"publish","type":"product","link":"https:\/\/ecosupplements.be\/fr\/produit\/aura-herbals-magnesium-complex-ata-mg-120-caps\/","title":{"rendered":"Complexe de Magn\u00e9sium AURA HERBALS, ATA Mg (120 g\u00e9lules)"},"content":{"rendered":"<p><strong>Nom du produit :<\/strong> AURA HERBALS Magnesium Complex,ATA Mg (120 caps)<\/p>\n<p><strong>Description :<\/strong><\/p>\n<p>D\u00e9couvrez le complexe de magn\u00e9sium d&#8217;AURA HERBALS,une formule innovante con\u00e7ue pour s&#8217;int\u00e9grer harmonieusement \u00e0 votre quotidien. Ce produit se distingue par son utilisation de l&#8217;ATA Mg\u00ae, une source de magn\u00e9sium hautement pure et facilement utilisable. Chaque capsule est envelopp\u00e9e dans une g\u00e9lule v\u00e9g\u00e9tale Vcaps\u00ae faite \u00e0 partir de cellulose v\u00e9g\u00e9tale et d&#8217;un colorant naturel issu du concentr\u00e9 de carotte, garantissant un produit clean label sans additifs superflus.<\/p>\n<p><strong>Ingr\u00e9dients principaux :<\/strong><\/p>\n<ul>\n<li>Magn\u00e9sium sous diff\u00e9rentes formes (jab\u0142czan magnezu, sels magnezowe kwasu cytrynowego, taurynian acetylu magnezu) pour une composition diversifi\u00e9e.<\/li>\n<li>Inuline<\/li>\n<li>L-leucine<\/li>\n<li>G\u00e9lule : hydroxypropylm\u00e9thylcellulose (colorant : concentr\u00e9 de carotte).<\/li>\n<\/ul>\n<p><strong>Contenu et emballage :<\/strong><\/p>\n<p>Ce produit est pr\u00e9sent\u00e9 dans un emballage contenant 120 capsules v\u00e9g\u00e9tales.<\/p>\n<p><strong>Utilisation recommand\u00e9e :<\/strong><\/p>\n<p>Prendre deux capsules avec un verre d&#8217;eau deux fois par jour. Ne pas d\u00e9passer la dose journali\u00e8re recommand\u00e9e.<\/p>\n<p><b>Caract\u00e9ristiques pratiques :<\/b><\/p>\n<ul>\n<li>Capsules faciles \u00e0 avaler<\/li>\n<li>packaging pratique pour un suivi quotidien sans effort<\/li>\n<li>Sans ar\u00f4mes artificiels ni conservateurs ajout\u00e9s<\/li>\n<\/ul>\n<p><b>Note:<\/b> ce compl\u00e9ment alimentaire n&#8217;est pas destin\u00e9 aux enfants ni aux adolescents de moins de 18 ans, ainsi qu&#8217;aux femmes enceintes ou allaitantes.<\/p>\n<p><b>Rangement:<\/b> Conserver dans un endroit sec entre 15-25\u00b0C hors de port\u00e9e des enfants.<\/p>\n<p>Ce compl\u00e9ment est id\u00e9al pour ceux qui cherchent \u00e0 int\u00e9grer des ingr\u00e9dients naturels dans leur routine quotidienne tout en respectant les normes les plus \u00e9lev\u00e9es en mati\u00e8re de qualit\u00e9 et puret\u00e9.<\/p>\n","protected":false},"excerpt":{"rendered":"<p>Nom du produit : AURA HERBALS Magnesium Complex,ATA Mg (120 caps) Description : D\u00e9couvrez le complexe de magn\u00e9sium d&#8217;AURA HERBALS,une formule innovante con\u00e7ue pour s&#8217;int\u00e9grer harmonieusement \u00e0 votre quotidien. Ce produit se distingue par son utilisation de l&#8217;ATA Mg\u00ae, une source de magn\u00e9sium hautement pure et facilement utilisable. Chaque capsule est envelopp\u00e9e dans une g\u00e9lule [&#8230;]\n","protected":false},"featured_media":273624,"comment_status":"closed","ping_status":"open","template":"","meta":[],"product_brand":[5338],"product_cat":[5064,5053],"product_tag":[],"class_list":{"0":"post-299481","1":"product","2":"type-product","3":"status-publish","4":"has-post-thumbnail","6":"product_brand-aura-herbals-2","7":"product_cat-mineraux-simples","8":"product_cat-vitamines-et-mineraux","10":"first","11":"instock","12":"taxable","13":"shipping-taxable","14":"purchasable","15":"product-type-simple"},"yoast_head":"<!-- This site is optimized with the Yoast SEO Premium plugin v27.5 (Yoast SEO v27.5) - https:\/\/yoast.com\/product\/yoast-seo-premium-wordpress\/ -->\n<title>Complexe de Magn\u00e9sium AURA HERBALS, ATA Mg (120 g\u00e9lules) - ECO Supplements<\/title>\n<meta name=\"description\" content=\"Wij hebben een ruime keuze aan producten van Complexe de Magn\u00e9sium AURA HERBALS, ATA Mg (120 g\u00e9lules) . Winkel bij Eco Supplements altijd gratis verzending boven 100\u20ac\" \/>\n<meta name=\"robots\" content=\"index, follow, max-snippet:-1, max-image-preview:large, max-video-preview:-1\" \/>\n<link rel=\"canonical\" href=\"https:\/\/ecosupplements.be\/fr\/produit\/aura-herbals-magnesium-complex-ata-mg-120-caps\/\" \/>\n<meta property=\"og:locale\" content=\"fr_FR\" \/>\n<meta property=\"og:type\" content=\"article\" \/>\n<meta property=\"og:title\" content=\"Complexe de Magn\u00e9sium AURA HERBALS, ATA Mg (120 g\u00e9lules)\" \/>\n<meta property=\"og:description\" content=\"Wij hebben een ruime keuze aan producten van Complexe de Magn\u00e9sium AURA HERBALS, ATA Mg (120 g\u00e9lules) . Winkel bij Eco Supplements altijd gratis verzending boven 100\u20ac\" \/>\n<meta property=\"og:url\" content=\"https:\/\/ecosupplements.be\/fr\/produit\/aura-herbals-magnesium-complex-ata-mg-120-caps\/\" \/>\n<meta property=\"og:site_name\" content=\"ECO Supplements\" \/>\n<meta property=\"article:modified_time\" content=\"2025-08-28T01:19:14+00:00\" \/>\n<meta property=\"og:image\" content=\"https:\/\/ecosupplements.be\/wp-content\/uploads\/2025\/08\/Aura-Herbals-AURA-HERBALS-Magnesium-Complex-ATA-Mg-120-caps.jpg\" \/>\n\t<meta property=\"og:image:width\" content=\"1080\" \/>\n\t<meta property=\"og:image:height\" content=\"1080\" \/>\n\t<meta property=\"og:image:type\" content=\"image\/jpeg\" \/>\n<meta name=\"twitter:card\" content=\"summary_large_image\" \/>\n<meta name=\"twitter:label1\" content=\"Prix\" \/>\n\t<meta name=\"twitter:data1\" content=\"17&nbsp;&euro;\" \/>\n\t<meta name=\"twitter:label2\" content=\"Disponibilit\u00e9\" \/>\n\t<meta name=\"twitter:data2\" content=\"En stock\" \/>\n<script type=\"application\/ld+json\" class=\"yoast-schema-graph\">{\"@context\":\"https:\\\/\\\/schema.org\",\"@graph\":[{\"@type\":[\"WebPage\",\"ItemPage\"],\"@id\":\"https:\\\/\\\/ecosupplements.be\\\/fr\\\/produit\\\/aura-herbals-magnesium-complex-ata-mg-120-caps\\\/\",\"url\":\"https:\\\/\\\/ecosupplements.be\\\/fr\\\/produit\\\/aura-herbals-magnesium-complex-ata-mg-120-caps\\\/\",\"name\":\"Complexe de Magn\u00e9sium AURA HERBALS, ATA Mg (120 g\u00e9lules) - ECO Supplements\",\"isPartOf\":{\"@id\":\"https:\\\/\\\/ecosupplements.be\\\/fr\\\/#website\"},\"primaryImageOfPage\":{\"@id\":\"https:\\\/\\\/ecosupplements.be\\\/fr\\\/produit\\\/aura-herbals-magnesium-complex-ata-mg-120-caps\\\/#primaryimage\"},\"image\":{\"@id\":\"https:\\\/\\\/ecosupplements.be\\\/fr\\\/produit\\\/aura-herbals-magnesium-complex-ata-mg-120-caps\\\/#primaryimage\"},\"thumbnailUrl\":\"https:\\\/\\\/ecosupplements.be\\\/wp-content\\\/uploads\\\/2025\\\/08\\\/AURA-HERBALS-Magnesium-Complex-ATA-Mg-120-caps.jpg\",\"datePublished\":\"2025-07-24T19:45:12+00:00\",\"dateModified\":\"2025-08-28T01:19:14+00:00\",\"description\":\"Wij hebben een ruime keuze aan producten van Complexe de Magn\u00e9sium AURA HERBALS, ATA Mg (120 g\u00e9lules) . Winkel bij Eco Supplements altijd gratis verzending boven 100\u20ac\",\"breadcrumb\":{\"@id\":\"https:\\\/\\\/ecosupplements.be\\\/fr\\\/produit\\\/aura-herbals-magnesium-complex-ata-mg-120-caps\\\/#breadcrumb\"},\"inLanguage\":\"fr-FR\",\"potentialAction\":[{\"@type\":\"ReadAction\",\"target\":[\"https:\\\/\\\/ecosupplements.be\\\/fr\\\/produit\\\/aura-herbals-magnesium-complex-ata-mg-120-caps\\\/\"]}]},{\"@type\":\"ImageObject\",\"inLanguage\":\"fr-FR\",\"@id\":\"https:\\\/\\\/ecosupplements.be\\\/fr\\\/produit\\\/aura-herbals-magnesium-complex-ata-mg-120-caps\\\/#primaryimage\",\"url\":\"https:\\\/\\\/ecosupplements.be\\\/wp-content\\\/uploads\\\/2025\\\/08\\\/AURA-HERBALS-Magnesium-Complex-ATA-Mg-120-caps.jpg\",\"contentUrl\":\"https:\\\/\\\/ecosupplements.be\\\/wp-content\\\/uploads\\\/2025\\\/08\\\/AURA-HERBALS-Magnesium-Complex-ATA-Mg-120-caps.jpg\",\"width\":1080,\"height\":1080},{\"@type\":\"BreadcrumbList\",\"@id\":\"https:\\\/\\\/ecosupplements.be\\\/fr\\\/produit\\\/aura-herbals-magnesium-complex-ata-mg-120-caps\\\/#breadcrumb\",\"itemListElement\":[{\"@type\":\"ListItem\",\"position\":1,\"name\":\"Home\",\"item\":\"https:\\\/\\\/ecosupplements.be\\\/fr\\\/\"},{\"@type\":\"ListItem\",\"position\":2,\"name\":\"Boutique\",\"item\":\"https:\\\/\\\/ecosupplements.be\\\/fr\\\/boutique\\\/\"},{\"@type\":\"ListItem\",\"position\":3,\"name\":\"Complexe de Magn\u00e9sium AURA HERBALS, ATA Mg (120 g\u00e9lules)\"}]},{\"@type\":\"WebSite\",\"@id\":\"https:\\\/\\\/ecosupplements.be\\\/fr\\\/#website\",\"url\":\"https:\\\/\\\/ecosupplements.be\\\/fr\\\/\",\"name\":\"ECO Supplements\",\"description\":\"Eco Supplements - Gezonde supplementen\",\"publisher\":{\"@id\":\"https:\\\/\\\/ecosupplements.be\\\/fr\\\/#organization\"},\"potentialAction\":[{\"@type\":\"SearchAction\",\"target\":{\"@type\":\"EntryPoint\",\"urlTemplate\":\"https:\\\/\\\/ecosupplements.be\\\/fr\\\/?s={search_term_string}\"},\"query-input\":{\"@type\":\"PropertyValueSpecification\",\"valueRequired\":true,\"valueName\":\"search_term_string\"}}],\"inLanguage\":\"fr-FR\"},{\"@type\":\"Organization\",\"@id\":\"https:\\\/\\\/ecosupplements.be\\\/fr\\\/#organization\",\"name\":\"Eco Supplements\",\"url\":\"https:\\\/\\\/ecosupplements.be\\\/fr\\\/\",\"logo\":{\"@type\":\"ImageObject\",\"inLanguage\":\"fr-FR\",\"@id\":\"https:\\\/\\\/ecosupplements.be\\\/fr\\\/#\\\/schema\\\/logo\\\/image\\\/\",\"url\":\"https:\\\/\\\/ecosupplements.be\\\/wp-content\\\/uploads\\\/2022\\\/06\\\/ecosupplement-family.png\",\"contentUrl\":\"https:\\\/\\\/ecosupplements.be\\\/wp-content\\\/uploads\\\/2022\\\/06\\\/ecosupplement-family.png\",\"width\":593,\"height\":374,\"caption\":\"Eco Supplements\"},\"image\":{\"@id\":\"https:\\\/\\\/ecosupplements.be\\\/fr\\\/#\\\/schema\\\/logo\\\/image\\\/\"}}]}<\/script>\n<meta property=\"product:brand\" content=\"Aura Herbals\" \/>\n<meta property=\"product:price:amount\" content=\"17.00\" \/>\n<meta property=\"product:price:currency\" content=\"EUR\" \/>\n<meta property=\"og:availability\" content=\"instock\" \/>\n<meta property=\"product:availability\" content=\"instock\" \/>\n<meta property=\"product:retailer_item_id\" content=\"5902479614199\" \/>\n<meta property=\"product:condition\" content=\"new\" \/>\n<!-- \/ Yoast SEO Premium plugin. -->","yoast_head_json":{"title":"Complexe de Magn\u00e9sium AURA HERBALS, ATA Mg (120 g\u00e9lules) - ECO Supplements","description":"Wij hebben een ruime keuze aan producten van Complexe de Magn\u00e9sium AURA HERBALS, ATA Mg (120 g\u00e9lules) . Winkel bij Eco Supplements altijd gratis verzending boven 100\u20ac","robots":{"index":"index","follow":"follow","max-snippet":"max-snippet:-1","max-image-preview":"max-image-preview:large","max-video-preview":"max-video-preview:-1"},"canonical":"https:\/\/ecosupplements.be\/fr\/produit\/aura-herbals-magnesium-complex-ata-mg-120-caps\/","og_locale":"fr_FR","og_type":"article","og_title":"Complexe de Magn\u00e9sium AURA HERBALS, ATA Mg (120 g\u00e9lules)","og_description":"Wij hebben een ruime keuze aan producten van Complexe de Magn\u00e9sium AURA HERBALS, ATA Mg (120 g\u00e9lules) . Winkel bij Eco Supplements altijd gratis verzending boven 100\u20ac","og_url":"https:\/\/ecosupplements.be\/fr\/produit\/aura-herbals-magnesium-complex-ata-mg-120-caps\/","og_site_name":"ECO Supplements","article_modified_time":"2025-08-28T01:19:14+00:00","og_image":[{"width":1080,"height":1080,"url":"https:\/\/ecosupplements.be\/wp-content\/uploads\/2025\/08\/Aura-Herbals-AURA-HERBALS-Magnesium-Complex-ATA-Mg-120-caps.jpg","type":"image\/jpeg"}],"twitter_card":"summary_large_image","twitter_misc":{"Prix":"17&nbsp;&euro;","Disponibilit\u00e9":"En stock"},"schema":{"@context":"https:\/\/schema.org","@graph":[{"@type":["WebPage","ItemPage"],"@id":"https:\/\/ecosupplements.be\/fr\/produit\/aura-herbals-magnesium-complex-ata-mg-120-caps\/","url":"https:\/\/ecosupplements.be\/fr\/produit\/aura-herbals-magnesium-complex-ata-mg-120-caps\/","name":"Complexe de Magn\u00e9sium AURA HERBALS, ATA Mg (120 g\u00e9lules) - ECO Supplements","isPartOf":{"@id":"https:\/\/ecosupplements.be\/fr\/#website"},"primaryImageOfPage":{"@id":"https:\/\/ecosupplements.be\/fr\/produit\/aura-herbals-magnesium-complex-ata-mg-120-caps\/#primaryimage"},"image":{"@id":"https:\/\/ecosupplements.be\/fr\/produit\/aura-herbals-magnesium-complex-ata-mg-120-caps\/#primaryimage"},"thumbnailUrl":"https:\/\/ecosupplements.be\/wp-content\/uploads\/2025\/08\/AURA-HERBALS-Magnesium-Complex-ATA-Mg-120-caps.jpg","datePublished":"2025-07-24T19:45:12+00:00","dateModified":"2025-08-28T01:19:14+00:00","description":"Wij hebben een ruime keuze aan producten van Complexe de Magn\u00e9sium AURA HERBALS, ATA Mg (120 g\u00e9lules) . Winkel bij Eco Supplements altijd gratis verzending boven 100\u20ac","breadcrumb":{"@id":"https:\/\/ecosupplements.be\/fr\/produit\/aura-herbals-magnesium-complex-ata-mg-120-caps\/#breadcrumb"},"inLanguage":"fr-FR","potentialAction":[{"@type":"ReadAction","target":["https:\/\/ecosupplements.be\/fr\/produit\/aura-herbals-magnesium-complex-ata-mg-120-caps\/"]}]},{"@type":"ImageObject","inLanguage":"fr-FR","@id":"https:\/\/ecosupplements.be\/fr\/produit\/aura-herbals-magnesium-complex-ata-mg-120-caps\/#primaryimage","url":"https:\/\/ecosupplements.be\/wp-content\/uploads\/2025\/08\/AURA-HERBALS-Magnesium-Complex-ATA-Mg-120-caps.jpg","contentUrl":"https:\/\/ecosupplements.be\/wp-content\/uploads\/2025\/08\/AURA-HERBALS-Magnesium-Complex-ATA-Mg-120-caps.jpg","width":1080,"height":1080},{"@type":"BreadcrumbList","@id":"https:\/\/ecosupplements.be\/fr\/produit\/aura-herbals-magnesium-complex-ata-mg-120-caps\/#breadcrumb","itemListElement":[{"@type":"ListItem","position":1,"name":"Home","item":"https:\/\/ecosupplements.be\/fr\/"},{"@type":"ListItem","position":2,"name":"Boutique","item":"https:\/\/ecosupplements.be\/fr\/boutique\/"},{"@type":"ListItem","position":3,"name":"Complexe de Magn\u00e9sium AURA HERBALS, ATA Mg (120 g\u00e9lules)"}]},{"@type":"WebSite","@id":"https:\/\/ecosupplements.be\/fr\/#website","url":"https:\/\/ecosupplements.be\/fr\/","name":"ECO Supplements","description":"Eco Supplements - Gezonde supplementen","publisher":{"@id":"https:\/\/ecosupplements.be\/fr\/#organization"},"potentialAction":[{"@type":"SearchAction","target":{"@type":"EntryPoint","urlTemplate":"https:\/\/ecosupplements.be\/fr\/?s={search_term_string}"},"query-input":{"@type":"PropertyValueSpecification","valueRequired":true,"valueName":"search_term_string"}}],"inLanguage":"fr-FR"},{"@type":"Organization","@id":"https:\/\/ecosupplements.be\/fr\/#organization","name":"Eco Supplements","url":"https:\/\/ecosupplements.be\/fr\/","logo":{"@type":"ImageObject","inLanguage":"fr-FR","@id":"https:\/\/ecosupplements.be\/fr\/#\/schema\/logo\/image\/","url":"https:\/\/ecosupplements.be\/wp-content\/uploads\/2022\/06\/ecosupplement-family.png","contentUrl":"https:\/\/ecosupplements.be\/wp-content\/uploads\/2022\/06\/ecosupplement-family.png","width":593,"height":374,"caption":"Eco Supplements"},"image":{"@id":"https:\/\/ecosupplements.be\/fr\/#\/schema\/logo\/image\/"}}]},"product_brand":"Aura Herbals","product_price_amount":"17.00","product_price_currency":"EUR","og_availability":"instock","product_availability":"instock","product_retailer_item_id":"5902479614199","product_condition":"new"},"_links":{"self":[{"href":"https:\/\/ecosupplements.be\/fr\/wp-json\/wp\/v2\/product\/299481","targetHints":{"allow":["GET"]}}],"collection":[{"href":"https:\/\/ecosupplements.be\/fr\/wp-json\/wp\/v2\/product"}],"about":[{"href":"https:\/\/ecosupplements.be\/fr\/wp-json\/wp\/v2\/types\/product"}],"replies":[{"embeddable":true,"href":"https:\/\/ecosupplements.be\/fr\/wp-json\/wp\/v2\/comments?post=299481"}],"wp:featuredmedia":[{"embeddable":true,"href":"https:\/\/ecosupplements.be\/fr\/wp-json\/wp\/v2\/media\/273624"}],"wp:attachment":[{"href":"https:\/\/ecosupplements.be\/fr\/wp-json\/wp\/v2\/media?parent=299481"}],"wp:term":[{"taxonomy":"product_brand","embeddable":true,"href":"https:\/\/ecosupplements.be\/fr\/wp-json\/wp\/v2\/product_brand?post=299481"},{"taxonomy":"product_cat","embeddable":true,"href":"https:\/\/ecosupplements.be\/fr\/wp-json\/wp\/v2\/product_cat?post=299481"},{"taxonomy":"product_tag","embeddable":true,"href":"https:\/\/ecosupplements.be\/fr\/wp-json\/wp\/v2\/product_tag?post=299481"}],"curies":[{"name":"wp","href":"https:\/\/api.w.org\/{rel}","templated":true}]}}