{"id":299493,"date":"2025-07-24T21:00:31","date_gmt":"2025-07-24T20:00:31","guid":{"rendered":"https:\/\/ecosupplements.be\/product\/aura-herbals-slimming-support-appetite-suppressant-60-caps\/"},"modified":"2025-08-28T02:19:28","modified_gmt":"2025-08-28T01:19:28","slug":"aura-herbals-slimming-support-appetite-suppressant-60-caps","status":"publish","type":"product","link":"https:\/\/ecosupplements.be\/fr\/produit\/aura-herbals-slimming-support-appetite-suppressant-60-caps\/","title":{"rendered":"Soutien Minceur d&#8217;AURA HERBALS, Coupe-Faim (60 g\u00e9lules)"},"content":{"rendered":"<p><strong>Opuncja figowa<\/strong> to rodzaj kaktusa posiadaj\u0105cy jadalne owoce, kwiaty oraz li\u015bcie. Pochodzi z Meksyku, jednak ze wzgl\u0119du na swoje cenne w\u0142a\u015bciwo\u015bci uprawiany jest na ca\u0142ym \u015bwiecie, r\u00f3wnie\u017c w po\u0142udniowych pa\u0144stwach europejskiego kontynentu.<\/p>\n<p><strong>Gurmar<\/strong>, znana r\u00f3wnie\u017c jest jako Gymnema Sylvestre, to ro\u015blina wykorzystywana w ajurwedzie od wielu lat. W j\u0119zyku Hindus\u00f3w \u201cgurmar\u201d oznacza &#8220;niszczyciel cukru&#8221;. Ta drzewna winoro\u015bl ro\u015bnie w klimacie tropikalnym na terenie Azji, P\u00f3\u0142wyspu Arabskiego, Afryki i Australii.<\/p>\n<p><strong>Garcinia Cambogia<\/strong>, inaczej tamaryndowiec malabarski, to indonezyjska ro\u015blina, kt\u00f3ra uprawiana jest r\u00f3wnie\u017c w Afryce.<\/p>\n<p>Wszystkie ekstrakty wykorzystane w preparacie oznaczone s\u0105 wska\u017anikiem <strong>Drug Extract Ratio (DER)<\/strong>). Wska\u017anik ten pozwala odczyta\u0107 z ilu gram substancji ro\u015blinnej otrzymano ekstrakt (np. DER 4:1 &#8211; z 4 g substancji ro\u015blinnej otrzymano 1 g ekstraktu). Wybieraj\u0105c ekstrakty DER masz gwarancj\u0119 najwy\u017cszej zawarto\u015bci cennych sk\u0142adnik\u00f3w aktywnych.<\/p>\n<p>Otoczka kapsu\u0142ki z celulozy ro\u015blinnej odpowiednia dla wegan i wegetarian.<\/p>\n<h2>Dlaczego warto wybra\u0107 preparat Moja Figura &#8211; ograniczenie \u0142aknienia Aura Herbals?<\/h2>\n<div class=\"liclass\"><img loading=\"lazy\" decoding=\"async\" alt=\"lisc\" src=\"https:\/\/sklep.auraherbals.pl\/skins\/user\/rwd_shoper_1\/images\/user\/Lisc-li_Obszar%20roboczy%201.png\" width=\"15\" height=\"15\" \/>\u00a0948 mg ekstrakt\u00f3w ro\u015blinnych w dziennej porcji<\/div>\n<div class=\"liclass\"><img loading=\"lazy\" decoding=\"async\" alt=\"lisc\" src=\"https:\/\/sklep.auraherbals.pl\/skins\/user\/rwd_shoper_1\/images\/user\/Lisc-li_Obszar%20roboczy%201.png\" width=\"15\" height=\"15\" \/>\u00a0naturalne ekstrakty ro\u015blinne<\/div>\n<div class=\"liclass\"><img loading=\"lazy\" decoding=\"async\" alt=\"lisc\" src=\"https:\/\/sklep.auraherbals.pl\/skins\/user\/rwd_shoper_1\/images\/user\/Lisc-li_Obszar%20roboczy%201.png\" width=\"15\" height=\"15\" \/>\u00a0clean label &#8211; najprostszy sk\u0142ad, bez zb\u0119dnych dodatk\u00f3w<\/div>\n<div class=\"liclass\"><img loading=\"lazy\" decoding=\"async\" alt=\"lisc\" src=\"https:\/\/sklep.auraherbals.pl\/skins\/user\/rwd_shoper_1\/images\/user\/Lisc-li_Obszar%20roboczy%201.png\" width=\"15\" height=\"15\" \/>\u00a0w 100% odpowiedni dla wegan<\/div>\n<h2>Szczeg\u00f3lne w\u0142a\u015bciwo\u015bci sk\u0142adnik\u00f3w aktywnych<\/h2>\n<ul>\n<li><sup>1<\/sup><strong>Opuncja figowa<\/strong> &#8211; wspiera odchudzanie, wp\u0142ywa na zmniejszenie apetytu, przyczynia si\u0119 do metabolizmu t\u0142uszcz\u00f3w.<\/li>\n<li><sup>2<\/sup><strong>Zielona herbata<\/strong> wspomaga metabolizm i utlenianie t\u0142uszcz\u00f3w. Pomaga kontrolowa\u0107 mas\u0119 cia\u0142a oraz zmniejszy\u0107 apetyt.<\/li>\n<li><sup>3<\/sup><strong>Garcinia cambogia i Gurmar<\/strong> &#8211; pomagj\u0105 zmniejszy\u0107 apetyt i uczucie g\u0142odu.<\/li>\n<\/ul>\n<h2>Wa\u017cne informacje<\/h2>\n<h4>Zalecana dzienne spo\u017cycie<\/h4>\n<p>Zalecana porcja do spo\u017cycia w ci\u0105gu dnia: 2 kapsu\u0142ki.<\/p>\n<p>Nie przekraczaj zalecanej porcji do spo\u017cycia w ci\u0105gu dnia.<\/p>\n<h4>Sk\u0142adniki w dziennej porcji<\/h4>\n<table id=\"tabelaskladniki\">\n<tbody>\n<tr style=\"color:#ffffff;background-color:#2a5236\">\n<th>Sk\u0142adniki aktywne<\/th>\n<th>2 kapsu\u0142ki<\/th>\n<\/tr>\n<tr>\n<td>Ekstrakt z opuncji figowej<\/td>\n<td>237 mg<\/td>\n<\/tr>\n<tr>\n<td>Ekstrakt z zielonej herbaty<\/td>\n<td>237 mg<\/td>\n<\/tr>\n<tr>\n<td>Ekstrakt z garcinia cambogia (tamaryndowiec)<\/td>\n<td>237 mg<\/td>\n<\/tr>\n<tr>\n<td>Ekstrakt z gurmaru<\/td>\n<td>237 mg<\/td>\n<\/tr>\n<\/tbody>\n<\/table>\n<h4>Spos\u00f3b u\u017cycia<\/h4>\n<p>1 kapsu\u0142k\u0119 popi\u0107 wod\u0105. Stosowa\u0107 dwa razy dziennie.<\/p>\n<h4>Wa\u017cne informacje<\/h4>\n<p>Nie stosowa\u0107 w przypadku alergii na jakikolwiek sk\u0142adnik suplementu.<\/p>\n<p>Suplement diety nie mo\u017ce by\u0107 stosowany jako substytut zr\u00f3\u017cnicowanej diety. Pami\u0119taj, \u017ce bardzo wa\u017cny i zalecany jest zr\u00f3wnowa\u017cony spos\u00f3b \u017cywienia i zdrowy tryb \u017cycia.<\/p>\n<h4>Sk\u0142adniki<\/h4>\n<p>Inulina, ekstrakt z owoc\u00f3w opuncji figowej DER 4:1, ekstrakt z li\u015bci zielonej herbaty DER 4:1, ekstrakt z owoc\u00f3w garcinia cambogia (tamaryndowiec) DER 4:1, ekstrakt z li\u015bci gurmaru DER 4:1, L-leucyna, otoczka kapsu\u0142ki: Hydroksypropylometyloceluloza.<\/p>\n<h4>Ilo\u015b\u0107 netto<\/h4>\n<p>49,8 g (60 kapsu\u0142ek).<\/p>\n<h4>Przechowywanie<\/h4>\n<p>Przechowuj w suchym miejscu w temperaturze poni\u017cej 25\u00b0C.<\/p>\n<p>Suplement diety przechowuj w spos\u00f3b niedost\u0119pny dla ma\u0142ych dzieci.<\/p>\n","protected":false},"excerpt":{"rendered":"<p>Opuncja figowa to rodzaj kaktusa posiadaj\u0105cy jadalne owoce, kwiaty oraz li\u015bcie. Pochodzi z Meksyku, jednak ze wzgl\u0119du na swoje cenne w\u0142a\u015bciwo\u015bci uprawiany jest na ca\u0142ym \u015bwiecie, r\u00f3wnie\u017c w po\u0142udniowych pa\u0144stwach europejskiego kontynentu. Gurmar, znana r\u00f3wnie\u017c jest jako Gymnema Sylvestre, to ro\u015blina wykorzystywana w ajurwedzie od wielu lat. W j\u0119zyku Hindus\u00f3w \u201cgurmar\u201d oznacza &#8220;niszczyciel cukru&#8221;. Ta [&#8230;]\n","protected":false},"featured_media":273636,"comment_status":"closed","ping_status":"open","template":"","meta":[],"product_brand":[5338],"product_cat":[5053],"product_tag":[],"class_list":{"0":"post-299493","1":"product","2":"type-product","3":"status-publish","4":"has-post-thumbnail","6":"product_brand-aura-herbals-2","7":"product_cat-vitamines-et-mineraux","9":"first","10":"instock","11":"taxable","12":"shipping-taxable","13":"purchasable","14":"product-type-simple"},"yoast_head":"<!-- This site is optimized with the Yoast SEO Premium plugin v27.3 (Yoast SEO v27.3) - https:\/\/yoast.com\/product\/yoast-seo-premium-wordpress\/ -->\n<title>Soutien Minceur d&#039;AURA HERBALS, Coupe-Faim (60 g\u00e9lules) - ECO Supplements<\/title>\n<meta name=\"description\" content=\"Wij hebben een ruime keuze aan producten van Soutien Minceur d&#039;AURA HERBALS, Coupe-Faim (60 g\u00e9lules) . Winkel bij Eco Supplements altijd gratis verzending boven 100\u20ac\" \/>\n<meta name=\"robots\" content=\"index, follow, max-snippet:-1, max-image-preview:large, max-video-preview:-1\" \/>\n<link rel=\"canonical\" href=\"https:\/\/ecosupplements.be\/fr\/produit\/aura-herbals-slimming-support-appetite-suppressant-60-caps\/\" \/>\n<meta property=\"og:locale\" content=\"fr_FR\" \/>\n<meta property=\"og:type\" content=\"article\" \/>\n<meta property=\"og:title\" content=\"Soutien Minceur d&#039;AURA HERBALS, Coupe-Faim (60 g\u00e9lules)\" \/>\n<meta property=\"og:description\" content=\"Wij hebben een ruime keuze aan producten van Soutien Minceur d&#039;AURA HERBALS, Coupe-Faim (60 g\u00e9lules) . Winkel bij Eco Supplements altijd gratis verzending boven 100\u20ac\" \/>\n<meta property=\"og:url\" content=\"https:\/\/ecosupplements.be\/fr\/produit\/aura-herbals-slimming-support-appetite-suppressant-60-caps\/\" \/>\n<meta property=\"og:site_name\" content=\"ECO Supplements\" \/>\n<meta property=\"article:modified_time\" content=\"2025-08-28T01:19:28+00:00\" \/>\n<meta property=\"og:image\" content=\"https:\/\/ecosupplements.be\/wp-content\/uploads\/2025\/08\/AURA-HERBALS-Slimming-Support-Appetite-Suppressant-60-caps.jpg\" \/>\n\t<meta property=\"og:image:width\" content=\"700\" \/>\n\t<meta property=\"og:image:height\" content=\"700\" \/>\n\t<meta property=\"og:image:type\" content=\"image\/jpeg\" \/>\n<meta name=\"twitter:card\" content=\"summary_large_image\" \/>\n<meta name=\"twitter:label1\" content=\"Prix\" \/>\n\t<meta name=\"twitter:data1\" content=\"9.60&nbsp;&euro;\" \/>\n\t<meta name=\"twitter:label2\" content=\"Disponibilit\u00e9\" \/>\n\t<meta name=\"twitter:data2\" content=\"En stock\" \/>\n<script type=\"application\/ld+json\" class=\"yoast-schema-graph\">{\"@context\":\"https:\\\/\\\/schema.org\",\"@graph\":[{\"@type\":[\"WebPage\",\"ItemPage\"],\"@id\":\"https:\\\/\\\/ecosupplements.be\\\/fr\\\/produit\\\/aura-herbals-slimming-support-appetite-suppressant-60-caps\\\/\",\"url\":\"https:\\\/\\\/ecosupplements.be\\\/fr\\\/produit\\\/aura-herbals-slimming-support-appetite-suppressant-60-caps\\\/\",\"name\":\"Soutien Minceur d'AURA HERBALS, Coupe-Faim (60 g\u00e9lules) - ECO Supplements\",\"isPartOf\":{\"@id\":\"https:\\\/\\\/ecosupplements.be\\\/fr\\\/#website\"},\"primaryImageOfPage\":{\"@id\":\"https:\\\/\\\/ecosupplements.be\\\/fr\\\/produit\\\/aura-herbals-slimming-support-appetite-suppressant-60-caps\\\/#primaryimage\"},\"image\":{\"@id\":\"https:\\\/\\\/ecosupplements.be\\\/fr\\\/produit\\\/aura-herbals-slimming-support-appetite-suppressant-60-caps\\\/#primaryimage\"},\"thumbnailUrl\":\"https:\\\/\\\/ecosupplements.be\\\/wp-content\\\/uploads\\\/2025\\\/08\\\/AURA-HERBALS-Slimming-Support-Appetite-Suppressant-60-caps.jpg\",\"datePublished\":\"2025-07-24T20:00:31+00:00\",\"dateModified\":\"2025-08-28T01:19:28+00:00\",\"description\":\"Wij hebben een ruime keuze aan producten van Soutien Minceur d'AURA HERBALS, Coupe-Faim (60 g\u00e9lules) . Winkel bij Eco Supplements altijd gratis verzending boven 100\u20ac\",\"breadcrumb\":{\"@id\":\"https:\\\/\\\/ecosupplements.be\\\/fr\\\/produit\\\/aura-herbals-slimming-support-appetite-suppressant-60-caps\\\/#breadcrumb\"},\"inLanguage\":\"fr-FR\",\"potentialAction\":[{\"@type\":\"ReadAction\",\"target\":[\"https:\\\/\\\/ecosupplements.be\\\/fr\\\/produit\\\/aura-herbals-slimming-support-appetite-suppressant-60-caps\\\/\"]}]},{\"@type\":\"ImageObject\",\"inLanguage\":\"fr-FR\",\"@id\":\"https:\\\/\\\/ecosupplements.be\\\/fr\\\/produit\\\/aura-herbals-slimming-support-appetite-suppressant-60-caps\\\/#primaryimage\",\"url\":\"https:\\\/\\\/ecosupplements.be\\\/wp-content\\\/uploads\\\/2025\\\/08\\\/AURA-HERBALS-Slimming-Support-Appetite-Suppressant-60-caps.jpg\",\"contentUrl\":\"https:\\\/\\\/ecosupplements.be\\\/wp-content\\\/uploads\\\/2025\\\/08\\\/AURA-HERBALS-Slimming-Support-Appetite-Suppressant-60-caps.jpg\",\"width\":700,\"height\":700},{\"@type\":\"BreadcrumbList\",\"@id\":\"https:\\\/\\\/ecosupplements.be\\\/fr\\\/produit\\\/aura-herbals-slimming-support-appetite-suppressant-60-caps\\\/#breadcrumb\",\"itemListElement\":[{\"@type\":\"ListItem\",\"position\":1,\"name\":\"Home\",\"item\":\"https:\\\/\\\/ecosupplements.be\\\/fr\\\/\"},{\"@type\":\"ListItem\",\"position\":2,\"name\":\"Boutique\",\"item\":\"https:\\\/\\\/ecosupplements.be\\\/fr\\\/boutique\\\/\"},{\"@type\":\"ListItem\",\"position\":3,\"name\":\"Soutien Minceur d&#8217;AURA HERBALS, Coupe-Faim (60 g\u00e9lules)\"}]},{\"@type\":\"WebSite\",\"@id\":\"https:\\\/\\\/ecosupplements.be\\\/fr\\\/#website\",\"url\":\"https:\\\/\\\/ecosupplements.be\\\/fr\\\/\",\"name\":\"ECO Supplements\",\"description\":\"Eco Supplements - Gezonde supplementen\",\"publisher\":{\"@id\":\"https:\\\/\\\/ecosupplements.be\\\/fr\\\/#organization\"},\"potentialAction\":[{\"@type\":\"SearchAction\",\"target\":{\"@type\":\"EntryPoint\",\"urlTemplate\":\"https:\\\/\\\/ecosupplements.be\\\/fr\\\/?s={search_term_string}\"},\"query-input\":{\"@type\":\"PropertyValueSpecification\",\"valueRequired\":true,\"valueName\":\"search_term_string\"}}],\"inLanguage\":\"fr-FR\"},{\"@type\":\"Organization\",\"@id\":\"https:\\\/\\\/ecosupplements.be\\\/fr\\\/#organization\",\"name\":\"Eco Supplements\",\"url\":\"https:\\\/\\\/ecosupplements.be\\\/fr\\\/\",\"logo\":{\"@type\":\"ImageObject\",\"inLanguage\":\"fr-FR\",\"@id\":\"https:\\\/\\\/ecosupplements.be\\\/fr\\\/#\\\/schema\\\/logo\\\/image\\\/\",\"url\":\"https:\\\/\\\/ecosupplements.be\\\/wp-content\\\/uploads\\\/2022\\\/06\\\/ecosupplement-family.png\",\"contentUrl\":\"https:\\\/\\\/ecosupplements.be\\\/wp-content\\\/uploads\\\/2022\\\/06\\\/ecosupplement-family.png\",\"width\":593,\"height\":374,\"caption\":\"Eco Supplements\"},\"image\":{\"@id\":\"https:\\\/\\\/ecosupplements.be\\\/fr\\\/#\\\/schema\\\/logo\\\/image\\\/\"}}]}<\/script>\n<meta property=\"product:brand\" content=\"Aura Herbals\" \/>\n<meta property=\"product:price:amount\" content=\"9.60\" \/>\n<meta property=\"product:price:currency\" content=\"EUR\" \/>\n<meta property=\"og:availability\" content=\"instock\" \/>\n<meta property=\"product:availability\" content=\"instock\" \/>\n<meta property=\"product:retailer_item_id\" content=\"5902479612263\" \/>\n<meta property=\"product:condition\" content=\"new\" \/>\n<!-- \/ Yoast SEO Premium plugin. -->","yoast_head_json":{"title":"Soutien Minceur d'AURA HERBALS, Coupe-Faim (60 g\u00e9lules) - ECO Supplements","description":"Wij hebben een ruime keuze aan producten van Soutien Minceur d'AURA HERBALS, Coupe-Faim (60 g\u00e9lules) . Winkel bij Eco Supplements altijd gratis verzending boven 100\u20ac","robots":{"index":"index","follow":"follow","max-snippet":"max-snippet:-1","max-image-preview":"max-image-preview:large","max-video-preview":"max-video-preview:-1"},"canonical":"https:\/\/ecosupplements.be\/fr\/produit\/aura-herbals-slimming-support-appetite-suppressant-60-caps\/","og_locale":"fr_FR","og_type":"article","og_title":"Soutien Minceur d'AURA HERBALS, Coupe-Faim (60 g\u00e9lules)","og_description":"Wij hebben een ruime keuze aan producten van Soutien Minceur d'AURA HERBALS, Coupe-Faim (60 g\u00e9lules) . Winkel bij Eco Supplements altijd gratis verzending boven 100\u20ac","og_url":"https:\/\/ecosupplements.be\/fr\/produit\/aura-herbals-slimming-support-appetite-suppressant-60-caps\/","og_site_name":"ECO Supplements","article_modified_time":"2025-08-28T01:19:28+00:00","og_image":[{"width":700,"height":700,"url":"https:\/\/ecosupplements.be\/wp-content\/uploads\/2025\/08\/AURA-HERBALS-Slimming-Support-Appetite-Suppressant-60-caps.jpg","type":"image\/jpeg"}],"twitter_card":"summary_large_image","twitter_misc":{"Prix":"9.60&nbsp;&euro;","Disponibilit\u00e9":"En stock"},"schema":{"@context":"https:\/\/schema.org","@graph":[{"@type":["WebPage","ItemPage"],"@id":"https:\/\/ecosupplements.be\/fr\/produit\/aura-herbals-slimming-support-appetite-suppressant-60-caps\/","url":"https:\/\/ecosupplements.be\/fr\/produit\/aura-herbals-slimming-support-appetite-suppressant-60-caps\/","name":"Soutien Minceur d'AURA HERBALS, Coupe-Faim (60 g\u00e9lules) - ECO Supplements","isPartOf":{"@id":"https:\/\/ecosupplements.be\/fr\/#website"},"primaryImageOfPage":{"@id":"https:\/\/ecosupplements.be\/fr\/produit\/aura-herbals-slimming-support-appetite-suppressant-60-caps\/#primaryimage"},"image":{"@id":"https:\/\/ecosupplements.be\/fr\/produit\/aura-herbals-slimming-support-appetite-suppressant-60-caps\/#primaryimage"},"thumbnailUrl":"https:\/\/ecosupplements.be\/wp-content\/uploads\/2025\/08\/AURA-HERBALS-Slimming-Support-Appetite-Suppressant-60-caps.jpg","datePublished":"2025-07-24T20:00:31+00:00","dateModified":"2025-08-28T01:19:28+00:00","description":"Wij hebben een ruime keuze aan producten van Soutien Minceur d'AURA HERBALS, Coupe-Faim (60 g\u00e9lules) . Winkel bij Eco Supplements altijd gratis verzending boven 100\u20ac","breadcrumb":{"@id":"https:\/\/ecosupplements.be\/fr\/produit\/aura-herbals-slimming-support-appetite-suppressant-60-caps\/#breadcrumb"},"inLanguage":"fr-FR","potentialAction":[{"@type":"ReadAction","target":["https:\/\/ecosupplements.be\/fr\/produit\/aura-herbals-slimming-support-appetite-suppressant-60-caps\/"]}]},{"@type":"ImageObject","inLanguage":"fr-FR","@id":"https:\/\/ecosupplements.be\/fr\/produit\/aura-herbals-slimming-support-appetite-suppressant-60-caps\/#primaryimage","url":"https:\/\/ecosupplements.be\/wp-content\/uploads\/2025\/08\/AURA-HERBALS-Slimming-Support-Appetite-Suppressant-60-caps.jpg","contentUrl":"https:\/\/ecosupplements.be\/wp-content\/uploads\/2025\/08\/AURA-HERBALS-Slimming-Support-Appetite-Suppressant-60-caps.jpg","width":700,"height":700},{"@type":"BreadcrumbList","@id":"https:\/\/ecosupplements.be\/fr\/produit\/aura-herbals-slimming-support-appetite-suppressant-60-caps\/#breadcrumb","itemListElement":[{"@type":"ListItem","position":1,"name":"Home","item":"https:\/\/ecosupplements.be\/fr\/"},{"@type":"ListItem","position":2,"name":"Boutique","item":"https:\/\/ecosupplements.be\/fr\/boutique\/"},{"@type":"ListItem","position":3,"name":"Soutien Minceur d&#8217;AURA HERBALS, Coupe-Faim (60 g\u00e9lules)"}]},{"@type":"WebSite","@id":"https:\/\/ecosupplements.be\/fr\/#website","url":"https:\/\/ecosupplements.be\/fr\/","name":"ECO Supplements","description":"Eco Supplements - Gezonde supplementen","publisher":{"@id":"https:\/\/ecosupplements.be\/fr\/#organization"},"potentialAction":[{"@type":"SearchAction","target":{"@type":"EntryPoint","urlTemplate":"https:\/\/ecosupplements.be\/fr\/?s={search_term_string}"},"query-input":{"@type":"PropertyValueSpecification","valueRequired":true,"valueName":"search_term_string"}}],"inLanguage":"fr-FR"},{"@type":"Organization","@id":"https:\/\/ecosupplements.be\/fr\/#organization","name":"Eco Supplements","url":"https:\/\/ecosupplements.be\/fr\/","logo":{"@type":"ImageObject","inLanguage":"fr-FR","@id":"https:\/\/ecosupplements.be\/fr\/#\/schema\/logo\/image\/","url":"https:\/\/ecosupplements.be\/wp-content\/uploads\/2022\/06\/ecosupplement-family.png","contentUrl":"https:\/\/ecosupplements.be\/wp-content\/uploads\/2022\/06\/ecosupplement-family.png","width":593,"height":374,"caption":"Eco Supplements"},"image":{"@id":"https:\/\/ecosupplements.be\/fr\/#\/schema\/logo\/image\/"}}]},"product_brand":"Aura Herbals","product_price_amount":"9.60","product_price_currency":"EUR","og_availability":"instock","product_availability":"instock","product_retailer_item_id":"5902479612263","product_condition":"new"},"_links":{"self":[{"href":"https:\/\/ecosupplements.be\/fr\/wp-json\/wp\/v2\/product\/299493","targetHints":{"allow":["GET"]}}],"collection":[{"href":"https:\/\/ecosupplements.be\/fr\/wp-json\/wp\/v2\/product"}],"about":[{"href":"https:\/\/ecosupplements.be\/fr\/wp-json\/wp\/v2\/types\/product"}],"replies":[{"embeddable":true,"href":"https:\/\/ecosupplements.be\/fr\/wp-json\/wp\/v2\/comments?post=299493"}],"wp:featuredmedia":[{"embeddable":true,"href":"https:\/\/ecosupplements.be\/fr\/wp-json\/wp\/v2\/media\/273636"}],"wp:attachment":[{"href":"https:\/\/ecosupplements.be\/fr\/wp-json\/wp\/v2\/media?parent=299493"}],"wp:term":[{"taxonomy":"product_brand","embeddable":true,"href":"https:\/\/ecosupplements.be\/fr\/wp-json\/wp\/v2\/product_brand?post=299493"},{"taxonomy":"product_cat","embeddable":true,"href":"https:\/\/ecosupplements.be\/fr\/wp-json\/wp\/v2\/product_cat?post=299493"},{"taxonomy":"product_tag","embeddable":true,"href":"https:\/\/ecosupplements.be\/fr\/wp-json\/wp\/v2\/product_tag?post=299493"}],"curies":[{"name":"wp","href":"https:\/\/api.w.org\/{rel}","templated":true}]}}