{"id":299499,"date":"2025-07-24T21:15:13","date_gmt":"2025-07-24T20:15:13","guid":{"rendered":"https:\/\/ecosupplements.be\/product\/aura-herbals-immune-system-support-minerals-and-vitamins-60-caps\/"},"modified":"2025-08-28T02:19:35","modified_gmt":"2025-08-28T01:19:35","slug":"aura-herbals-immune-system-support-minerals-and-vitamins-60-caps","status":"publish","type":"product","link":"https:\/\/ecosupplements.be\/fr\/produit\/aura-herbals-immune-system-support-minerals-and-vitamins-60-caps\/","title":{"rendered":"Soutien du syst\u00e8me immunitaire, min\u00e9raux et vitamines (60 g\u00e9lules)"},"content":{"rendered":"<div class=\"liclass\"><img loading=\"lazy\" decoding=\"async\" alt=\"lisc\" src=\"https:\/\/sklep.auraherbals.pl\/skins\/user\/rwd_shoper_1\/images\/user\/Lisc-li_Obszar%20roboczy%201.png\" width=\"15\" height=\"15\" \/>\u00a0naturalna i certyfikowana witamina D (Quali\u00ae-D) z lanoliny<\/div>\n<div class=\"liclass\"><img loading=\"lazy\" decoding=\"async\" alt=\"lisc\" src=\"https:\/\/sklep.auraherbals.pl\/skins\/user\/rwd_shoper_1\/images\/user\/Lisc-li_Obszar%20roboczy%201.png\" width=\"15\" height=\"15\" \/>\u00a0certyfikowana witamina C (Quali\u00ae-C)<\/div>\n<div class=\"liclass\"><img loading=\"lazy\" decoding=\"async\" alt=\"lisc\" src=\"https:\/\/sklep.auraherbals.pl\/skins\/user\/rwd_shoper_1\/images\/user\/Lisc-li_Obszar%20roboczy%201.png\" width=\"15\" height=\"15\" \/>\u00a0wysoka zawarto\u015b\u0107 sk\u0142adnik\u00f3w aktywnych<\/div>\n<div class=\"liclass\"><img loading=\"lazy\" decoding=\"async\" alt=\"lisc\" src=\"https:\/\/sklep.auraherbals.pl\/skins\/user\/rwd_shoper_1\/images\/user\/Lisc-li_Obszar%20roboczy%201.png\" width=\"15\" height=\"15\" \/>\u00a0zawiera ekstrakt z cytrus\u00f3w, standaryzowany na 60% bioflawonoid\u00f3w<\/div>\n<div class=\"liclass\"><img loading=\"lazy\" decoding=\"async\" alt=\"lisc\" src=\"https:\/\/sklep.auraherbals.pl\/skins\/user\/rwd_shoper_1\/images\/user\/Lisc-li_Obszar%20roboczy%201.png\" width=\"15\" height=\"15\" \/>\u00a0clean label &#8211; najprostszy sk\u0142ad, bez zb\u0119dnych dodatk\u00f3w<\/div>\n<h2>Szczeg\u00f3lne w\u0142a\u015bciwo\u015bci sk\u0142adnik\u00f3w aktywnych<\/h2>\n<ul>\n<li><sup>1<\/sup><strong>Witaminy C i D, Selen<\/strong> oraz <strong>Cynk<\/strong> pomagaj\u0105 w prawid\u0142owym funkcjonowaniu uk\u0142adu odporno\u015bciowego.<\/li>\n<li><strong>Witamina C i Selen<\/strong> chroni\u0105 kom\u00f3rki przed stresem oksydacyjnym.<\/li>\n<li><strong>Witamina D<\/strong> pomaga w utrzymaniu zdrowych ko\u015bci oraz w prawid\u0142owym funkcjonowaniu mi\u0119\u015bni.<\/li>\n<li><strong>Cynk<\/strong> pomaga w utrzymaniu prawid\u0142owej r\u00f3wnowagi kwasowo-zasadowej.<\/li>\n<\/ul>\n<h2>Gwarancja jako\u015bci<\/h2>\n<p>Do jej produkcji wykorzystali\u015bmy certyfikowan\u0105 witamin\u0119 D \u2013 Quali\u00ae-D i C &#8211; Quali\u00ae-C. To najwy\u017cszej jako\u015bci witaminy wyprodukowane w zak\u0142adach szwajcarskiej firmy DSM.<\/p>\n<p>Witamina D pozyskana zosta\u0142a z lanoliny, czyli we\u0142ny \u017cywych i zdrowych owiec, \u017cyj\u0105cych na australijskich i nowozelandzkich pastwiskach. Dzi\u0119ki drobno rozproszonym cz\u0105steczkom, pozyskanym w specjalistycznych, szwajcarskich laboratoriach, Quali-D\u00ae charakteryzuje si\u0119 bardzo stabiln\u0105 form\u0105. Ten innowacyjny proces sprawi\u0142, \u017ce w preparacie Aura Herbals znajdziesz witamin\u0119 D naturalnego pochodzenia, kt\u00f3ra jest jeszcze szybciej i \u0142atwiej wch\u0142aniana przez organizm ludzki.<\/p>\n<h2>Wa\u017cne informacje<\/h2>\n<h4>Zalecana dzienne spo\u017cycie<\/h4>\n<p>Zalecana porcja do spo\u017cycia w ci\u0105gu dnia: 2 kapsu\u0142ki.<\/p>\n<p>Nie przekraczaj zalecanej dziennej porcji do spo\u017cycia.<\/p>\n<h4>Sk\u0142adniki w dziennej porcji<\/h4>\n<table id=\"tabelaskladniki\">\n<tbody>\n<tr style=\"color:#ffffff;background-color:#2a5236\">\n<th>Sk\u0142adniki aktywne<\/th>\n<th>2 kapsu\u0142ki<\/th>\n<th>RWS*<\/th>\n<\/tr>\n<tr>\n<td>Witamina C<\/td>\n<td>120 mg<\/td>\n<td>150%<\/td>\n<\/tr>\n<tr>\n<td>Witamina D<\/td>\n<td>50 \u00b5g (2000 IU)<\/td>\n<td>1000%<\/td>\n<\/tr>\n<tr>\n<td>Cynk<\/td>\n<td>3 mg<\/td>\n<td>30%<\/td>\n<\/tr>\n<tr>\n<td>Selen<\/td>\n<td>16,5 \u00b5g<\/td>\n<td>31%<\/td>\n<\/tr>\n<tr>\n<td>Rutyna<\/td>\n<td>100 mg<\/td>\n<td>&#8211;<\/td>\n<\/tr>\n<tr>\n<td>Ekstrakt z cytrus\u00f3w<\/td>\n<td>84 mg<\/td>\n<td>&#8211;<\/td>\n<\/tr>\n<tr>\n<td>\n<ul>\n<li>w tym bioflawonoidy cytrusowe 60%<\/li>\n<\/ul>\n<\/td>\n<td>50 mg<\/td>\n<td>&#8211;<\/td>\n<\/tr>\n<\/tbody>\n<\/table>\n<h4>Spos\u00f3b u\u017cycia<\/h4>\n<p>1 kapsu\u0142k\u0119 popi\u0107 wod\u0105. Stosowa\u0107 dwa razy dziennie.<\/p>\n<h4>Wa\u017cne informacje<\/h4>\n<p>Nie stosowa\u0107 w przypadku alergii na jakikolwiek sk\u0142adnik suplementu.<\/p>\n<p>Produkt niewskazany dla dzieci, kobiet w ci\u0105\u017cy i karmi\u0105cych piersi\u0105.<\/p>\n<p>Suplement diety nie mo\u017ce by\u0107 stosowany jako substytut zr\u00f3\u017cnicowanej diety. Pami\u0119taj, \u017ce bardzo wa\u017cny i zalecany jest zr\u00f3wnowa\u017cony spos\u00f3b \u017cywienia i zdrowy tryb \u017cycia.<\/p>\n<h4>Sk\u0142adniki<\/h4>\n<p>Inulina, kwas L-askorbinowy (witamina C), rutyna, ekstrakt z cytrus\u00f3w standaryzowany na 60% bioflawonoid\u00f3w cytrusowych, cholekalcyferol (witamina D), glukonian cynku (cynk), L-leucyna, selenian (IV)\u00a0sodu (selen), otoczka kapsu\u0142ki: Hydroksypropylometyloceluloza.<\/p>\n<h4>Ilo\u015b\u0107 netto<\/h4>\n<p>41 g (60 kapsu\u0142ek).<\/p>\n<h4>Przechowywanie<\/h4>\n<p>Przechowuj w suchym miejscu, w temperaturze poni\u017cej 25\u00b0C.<\/p>\n<p>Suplement diety przechowuj w spos\u00f3b niedost\u0119pny dla ma\u0142ych dzieci.<\/p>\n","protected":false},"excerpt":{"rendered":"<p>\u00a0naturalna i certyfikowana witamina D (Quali\u00ae-D) z lanoliny \u00a0certyfikowana witamina C (Quali\u00ae-C) \u00a0wysoka zawarto\u015b\u0107 sk\u0142adnik\u00f3w aktywnych \u00a0zawiera ekstrakt z cytrus\u00f3w, standaryzowany na 60% bioflawonoid\u00f3w \u00a0clean label &#8211; najprostszy sk\u0142ad, bez zb\u0119dnych dodatk\u00f3w Szczeg\u00f3lne w\u0142a\u015bciwo\u015bci sk\u0142adnik\u00f3w aktywnych 1Witaminy C i D, Selen oraz Cynk pomagaj\u0105 w prawid\u0142owym funkcjonowaniu uk\u0142adu odporno\u015bciowego. Witamina C i Selen chroni\u0105 kom\u00f3rki [&#8230;]\n","protected":false},"featured_media":273642,"comment_status":"closed","ping_status":"open","template":"","meta":[],"product_brand":[5338],"product_cat":[5053],"product_tag":[],"class_list":{"0":"post-299499","1":"product","2":"type-product","3":"status-publish","4":"has-post-thumbnail","6":"product_brand-aura-herbals-2","7":"product_cat-vitamines-et-mineraux","9":"first","10":"instock","11":"taxable","12":"shipping-taxable","13":"purchasable","14":"product-type-simple"},"yoast_head":"<!-- This site is optimized with the Yoast SEO Premium plugin v27.3 (Yoast SEO v27.3) - https:\/\/yoast.com\/product\/yoast-seo-premium-wordpress\/ -->\n<title>Soutien du syst\u00e8me immunitaire, min\u00e9raux et vitamines (60 g\u00e9lules) - ECO Supplements<\/title>\n<meta name=\"description\" content=\"Wij hebben een ruime keuze aan producten van Soutien du syst\u00e8me immunitaire, min\u00e9raux et vitamines (60 g\u00e9lules) . Winkel bij Eco Supplements altijd gratis verzending boven 100\u20ac\" \/>\n<meta name=\"robots\" content=\"index, follow, max-snippet:-1, max-image-preview:large, max-video-preview:-1\" \/>\n<link rel=\"canonical\" href=\"https:\/\/ecosupplements.be\/fr\/produit\/aura-herbals-immune-system-support-minerals-and-vitamins-60-caps\/\" \/>\n<meta property=\"og:locale\" content=\"fr_FR\" \/>\n<meta property=\"og:type\" content=\"article\" \/>\n<meta property=\"og:title\" content=\"Soutien du syst\u00e8me immunitaire, min\u00e9raux et vitamines (60 g\u00e9lules)\" \/>\n<meta property=\"og:description\" content=\"Wij hebben een ruime keuze aan producten van Soutien du syst\u00e8me immunitaire, min\u00e9raux et vitamines (60 g\u00e9lules) . Winkel bij Eco Supplements altijd gratis verzending boven 100\u20ac\" \/>\n<meta property=\"og:url\" content=\"https:\/\/ecosupplements.be\/fr\/produit\/aura-herbals-immune-system-support-minerals-and-vitamins-60-caps\/\" \/>\n<meta property=\"og:site_name\" content=\"ECO Supplements\" \/>\n<meta property=\"article:modified_time\" content=\"2025-08-28T01:19:35+00:00\" \/>\n<meta property=\"og:image\" content=\"https:\/\/ecosupplements.be\/wp-content\/uploads\/2025\/08\/AURA-HERBALS-Immune-System-Support-Minerals-and-Vitamins-60-caps.jpg\" \/>\n\t<meta property=\"og:image:width\" content=\"700\" \/>\n\t<meta property=\"og:image:height\" content=\"700\" \/>\n\t<meta property=\"og:image:type\" content=\"image\/jpeg\" \/>\n<meta name=\"twitter:card\" content=\"summary_large_image\" \/>\n<meta name=\"twitter:label1\" content=\"Prix\" \/>\n\t<meta name=\"twitter:data1\" content=\"9.28&nbsp;&euro;\" \/>\n\t<meta name=\"twitter:label2\" content=\"Disponibilit\u00e9\" \/>\n\t<meta name=\"twitter:data2\" content=\"En stock\" \/>\n<script type=\"application\/ld+json\" class=\"yoast-schema-graph\">{\"@context\":\"https:\\\/\\\/schema.org\",\"@graph\":[{\"@type\":[\"WebPage\",\"ItemPage\"],\"@id\":\"https:\\\/\\\/ecosupplements.be\\\/fr\\\/produit\\\/aura-herbals-immune-system-support-minerals-and-vitamins-60-caps\\\/\",\"url\":\"https:\\\/\\\/ecosupplements.be\\\/fr\\\/produit\\\/aura-herbals-immune-system-support-minerals-and-vitamins-60-caps\\\/\",\"name\":\"Soutien du syst\u00e8me immunitaire, min\u00e9raux et vitamines (60 g\u00e9lules) - ECO Supplements\",\"isPartOf\":{\"@id\":\"https:\\\/\\\/ecosupplements.be\\\/fr\\\/#website\"},\"primaryImageOfPage\":{\"@id\":\"https:\\\/\\\/ecosupplements.be\\\/fr\\\/produit\\\/aura-herbals-immune-system-support-minerals-and-vitamins-60-caps\\\/#primaryimage\"},\"image\":{\"@id\":\"https:\\\/\\\/ecosupplements.be\\\/fr\\\/produit\\\/aura-herbals-immune-system-support-minerals-and-vitamins-60-caps\\\/#primaryimage\"},\"thumbnailUrl\":\"https:\\\/\\\/ecosupplements.be\\\/wp-content\\\/uploads\\\/2025\\\/08\\\/AURA-HERBALS-Immune-System-Support-Minerals-and-Vitamins-60-caps.jpg\",\"datePublished\":\"2025-07-24T20:15:13+00:00\",\"dateModified\":\"2025-08-28T01:19:35+00:00\",\"description\":\"Wij hebben een ruime keuze aan producten van Soutien du syst\u00e8me immunitaire, min\u00e9raux et vitamines (60 g\u00e9lules) . Winkel bij Eco Supplements altijd gratis verzending boven 100\u20ac\",\"breadcrumb\":{\"@id\":\"https:\\\/\\\/ecosupplements.be\\\/fr\\\/produit\\\/aura-herbals-immune-system-support-minerals-and-vitamins-60-caps\\\/#breadcrumb\"},\"inLanguage\":\"fr-FR\",\"potentialAction\":[{\"@type\":\"ReadAction\",\"target\":[\"https:\\\/\\\/ecosupplements.be\\\/fr\\\/produit\\\/aura-herbals-immune-system-support-minerals-and-vitamins-60-caps\\\/\"]}]},{\"@type\":\"ImageObject\",\"inLanguage\":\"fr-FR\",\"@id\":\"https:\\\/\\\/ecosupplements.be\\\/fr\\\/produit\\\/aura-herbals-immune-system-support-minerals-and-vitamins-60-caps\\\/#primaryimage\",\"url\":\"https:\\\/\\\/ecosupplements.be\\\/wp-content\\\/uploads\\\/2025\\\/08\\\/AURA-HERBALS-Immune-System-Support-Minerals-and-Vitamins-60-caps.jpg\",\"contentUrl\":\"https:\\\/\\\/ecosupplements.be\\\/wp-content\\\/uploads\\\/2025\\\/08\\\/AURA-HERBALS-Immune-System-Support-Minerals-and-Vitamins-60-caps.jpg\",\"width\":700,\"height\":700},{\"@type\":\"BreadcrumbList\",\"@id\":\"https:\\\/\\\/ecosupplements.be\\\/fr\\\/produit\\\/aura-herbals-immune-system-support-minerals-and-vitamins-60-caps\\\/#breadcrumb\",\"itemListElement\":[{\"@type\":\"ListItem\",\"position\":1,\"name\":\"Home\",\"item\":\"https:\\\/\\\/ecosupplements.be\\\/fr\\\/\"},{\"@type\":\"ListItem\",\"position\":2,\"name\":\"Boutique\",\"item\":\"https:\\\/\\\/ecosupplements.be\\\/fr\\\/boutique\\\/\"},{\"@type\":\"ListItem\",\"position\":3,\"name\":\"Soutien du syst\u00e8me immunitaire, min\u00e9raux et vitamines (60 g\u00e9lules)\"}]},{\"@type\":\"WebSite\",\"@id\":\"https:\\\/\\\/ecosupplements.be\\\/fr\\\/#website\",\"url\":\"https:\\\/\\\/ecosupplements.be\\\/fr\\\/\",\"name\":\"ECO Supplements\",\"description\":\"Eco Supplements - Gezonde supplementen\",\"publisher\":{\"@id\":\"https:\\\/\\\/ecosupplements.be\\\/fr\\\/#organization\"},\"potentialAction\":[{\"@type\":\"SearchAction\",\"target\":{\"@type\":\"EntryPoint\",\"urlTemplate\":\"https:\\\/\\\/ecosupplements.be\\\/fr\\\/?s={search_term_string}\"},\"query-input\":{\"@type\":\"PropertyValueSpecification\",\"valueRequired\":true,\"valueName\":\"search_term_string\"}}],\"inLanguage\":\"fr-FR\"},{\"@type\":\"Organization\",\"@id\":\"https:\\\/\\\/ecosupplements.be\\\/fr\\\/#organization\",\"name\":\"Eco Supplements\",\"url\":\"https:\\\/\\\/ecosupplements.be\\\/fr\\\/\",\"logo\":{\"@type\":\"ImageObject\",\"inLanguage\":\"fr-FR\",\"@id\":\"https:\\\/\\\/ecosupplements.be\\\/fr\\\/#\\\/schema\\\/logo\\\/image\\\/\",\"url\":\"https:\\\/\\\/ecosupplements.be\\\/wp-content\\\/uploads\\\/2022\\\/06\\\/ecosupplement-family.png\",\"contentUrl\":\"https:\\\/\\\/ecosupplements.be\\\/wp-content\\\/uploads\\\/2022\\\/06\\\/ecosupplement-family.png\",\"width\":593,\"height\":374,\"caption\":\"Eco Supplements\"},\"image\":{\"@id\":\"https:\\\/\\\/ecosupplements.be\\\/fr\\\/#\\\/schema\\\/logo\\\/image\\\/\"}}]}<\/script>\n<meta property=\"product:brand\" content=\"Aura Herbals\" \/>\n<meta property=\"product:price:amount\" content=\"9.28\" \/>\n<meta property=\"product:price:currency\" content=\"EUR\" \/>\n<meta property=\"og:availability\" content=\"instock\" \/>\n<meta property=\"product:availability\" content=\"instock\" \/>\n<meta property=\"product:retailer_item_id\" content=\"5902479612317\" \/>\n<meta property=\"product:condition\" content=\"new\" \/>\n<!-- \/ Yoast SEO Premium plugin. -->","yoast_head_json":{"title":"Soutien du syst\u00e8me immunitaire, min\u00e9raux et vitamines (60 g\u00e9lules) - ECO Supplements","description":"Wij hebben een ruime keuze aan producten van Soutien du syst\u00e8me immunitaire, min\u00e9raux et vitamines (60 g\u00e9lules) . Winkel bij Eco Supplements altijd gratis verzending boven 100\u20ac","robots":{"index":"index","follow":"follow","max-snippet":"max-snippet:-1","max-image-preview":"max-image-preview:large","max-video-preview":"max-video-preview:-1"},"canonical":"https:\/\/ecosupplements.be\/fr\/produit\/aura-herbals-immune-system-support-minerals-and-vitamins-60-caps\/","og_locale":"fr_FR","og_type":"article","og_title":"Soutien du syst\u00e8me immunitaire, min\u00e9raux et vitamines (60 g\u00e9lules)","og_description":"Wij hebben een ruime keuze aan producten van Soutien du syst\u00e8me immunitaire, min\u00e9raux et vitamines (60 g\u00e9lules) . Winkel bij Eco Supplements altijd gratis verzending boven 100\u20ac","og_url":"https:\/\/ecosupplements.be\/fr\/produit\/aura-herbals-immune-system-support-minerals-and-vitamins-60-caps\/","og_site_name":"ECO Supplements","article_modified_time":"2025-08-28T01:19:35+00:00","og_image":[{"width":700,"height":700,"url":"https:\/\/ecosupplements.be\/wp-content\/uploads\/2025\/08\/AURA-HERBALS-Immune-System-Support-Minerals-and-Vitamins-60-caps.jpg","type":"image\/jpeg"}],"twitter_card":"summary_large_image","twitter_misc":{"Prix":"9.28&nbsp;&euro;","Disponibilit\u00e9":"En stock"},"schema":{"@context":"https:\/\/schema.org","@graph":[{"@type":["WebPage","ItemPage"],"@id":"https:\/\/ecosupplements.be\/fr\/produit\/aura-herbals-immune-system-support-minerals-and-vitamins-60-caps\/","url":"https:\/\/ecosupplements.be\/fr\/produit\/aura-herbals-immune-system-support-minerals-and-vitamins-60-caps\/","name":"Soutien du syst\u00e8me immunitaire, min\u00e9raux et vitamines (60 g\u00e9lules) - ECO Supplements","isPartOf":{"@id":"https:\/\/ecosupplements.be\/fr\/#website"},"primaryImageOfPage":{"@id":"https:\/\/ecosupplements.be\/fr\/produit\/aura-herbals-immune-system-support-minerals-and-vitamins-60-caps\/#primaryimage"},"image":{"@id":"https:\/\/ecosupplements.be\/fr\/produit\/aura-herbals-immune-system-support-minerals-and-vitamins-60-caps\/#primaryimage"},"thumbnailUrl":"https:\/\/ecosupplements.be\/wp-content\/uploads\/2025\/08\/AURA-HERBALS-Immune-System-Support-Minerals-and-Vitamins-60-caps.jpg","datePublished":"2025-07-24T20:15:13+00:00","dateModified":"2025-08-28T01:19:35+00:00","description":"Wij hebben een ruime keuze aan producten van Soutien du syst\u00e8me immunitaire, min\u00e9raux et vitamines (60 g\u00e9lules) . Winkel bij Eco Supplements altijd gratis verzending boven 100\u20ac","breadcrumb":{"@id":"https:\/\/ecosupplements.be\/fr\/produit\/aura-herbals-immune-system-support-minerals-and-vitamins-60-caps\/#breadcrumb"},"inLanguage":"fr-FR","potentialAction":[{"@type":"ReadAction","target":["https:\/\/ecosupplements.be\/fr\/produit\/aura-herbals-immune-system-support-minerals-and-vitamins-60-caps\/"]}]},{"@type":"ImageObject","inLanguage":"fr-FR","@id":"https:\/\/ecosupplements.be\/fr\/produit\/aura-herbals-immune-system-support-minerals-and-vitamins-60-caps\/#primaryimage","url":"https:\/\/ecosupplements.be\/wp-content\/uploads\/2025\/08\/AURA-HERBALS-Immune-System-Support-Minerals-and-Vitamins-60-caps.jpg","contentUrl":"https:\/\/ecosupplements.be\/wp-content\/uploads\/2025\/08\/AURA-HERBALS-Immune-System-Support-Minerals-and-Vitamins-60-caps.jpg","width":700,"height":700},{"@type":"BreadcrumbList","@id":"https:\/\/ecosupplements.be\/fr\/produit\/aura-herbals-immune-system-support-minerals-and-vitamins-60-caps\/#breadcrumb","itemListElement":[{"@type":"ListItem","position":1,"name":"Home","item":"https:\/\/ecosupplements.be\/fr\/"},{"@type":"ListItem","position":2,"name":"Boutique","item":"https:\/\/ecosupplements.be\/fr\/boutique\/"},{"@type":"ListItem","position":3,"name":"Soutien du syst\u00e8me immunitaire, min\u00e9raux et vitamines (60 g\u00e9lules)"}]},{"@type":"WebSite","@id":"https:\/\/ecosupplements.be\/fr\/#website","url":"https:\/\/ecosupplements.be\/fr\/","name":"ECO Supplements","description":"Eco Supplements - Gezonde supplementen","publisher":{"@id":"https:\/\/ecosupplements.be\/fr\/#organization"},"potentialAction":[{"@type":"SearchAction","target":{"@type":"EntryPoint","urlTemplate":"https:\/\/ecosupplements.be\/fr\/?s={search_term_string}"},"query-input":{"@type":"PropertyValueSpecification","valueRequired":true,"valueName":"search_term_string"}}],"inLanguage":"fr-FR"},{"@type":"Organization","@id":"https:\/\/ecosupplements.be\/fr\/#organization","name":"Eco Supplements","url":"https:\/\/ecosupplements.be\/fr\/","logo":{"@type":"ImageObject","inLanguage":"fr-FR","@id":"https:\/\/ecosupplements.be\/fr\/#\/schema\/logo\/image\/","url":"https:\/\/ecosupplements.be\/wp-content\/uploads\/2022\/06\/ecosupplement-family.png","contentUrl":"https:\/\/ecosupplements.be\/wp-content\/uploads\/2022\/06\/ecosupplement-family.png","width":593,"height":374,"caption":"Eco Supplements"},"image":{"@id":"https:\/\/ecosupplements.be\/fr\/#\/schema\/logo\/image\/"}}]},"product_brand":"Aura Herbals","product_price_amount":"9.28","product_price_currency":"EUR","og_availability":"instock","product_availability":"instock","product_retailer_item_id":"5902479612317","product_condition":"new"},"_links":{"self":[{"href":"https:\/\/ecosupplements.be\/fr\/wp-json\/wp\/v2\/product\/299499","targetHints":{"allow":["GET"]}}],"collection":[{"href":"https:\/\/ecosupplements.be\/fr\/wp-json\/wp\/v2\/product"}],"about":[{"href":"https:\/\/ecosupplements.be\/fr\/wp-json\/wp\/v2\/types\/product"}],"replies":[{"embeddable":true,"href":"https:\/\/ecosupplements.be\/fr\/wp-json\/wp\/v2\/comments?post=299499"}],"wp:featuredmedia":[{"embeddable":true,"href":"https:\/\/ecosupplements.be\/fr\/wp-json\/wp\/v2\/media\/273642"}],"wp:attachment":[{"href":"https:\/\/ecosupplements.be\/fr\/wp-json\/wp\/v2\/media?parent=299499"}],"wp:term":[{"taxonomy":"product_brand","embeddable":true,"href":"https:\/\/ecosupplements.be\/fr\/wp-json\/wp\/v2\/product_brand?post=299499"},{"taxonomy":"product_cat","embeddable":true,"href":"https:\/\/ecosupplements.be\/fr\/wp-json\/wp\/v2\/product_cat?post=299499"},{"taxonomy":"product_tag","embeddable":true,"href":"https:\/\/ecosupplements.be\/fr\/wp-json\/wp\/v2\/product_tag?post=299499"}],"curies":[{"name":"wp","href":"https:\/\/api.w.org\/{rel}","templated":true}]}}