{"id":299502,"date":"2025-07-24T21:15:13","date_gmt":"2025-07-24T20:15:13","guid":{"rendered":"https:\/\/ecosupplements.be\/product\/aura-herbals-immune-system-support-natural-complex-60-caps\/"},"modified":"2025-08-28T02:19:39","modified_gmt":"2025-08-28T01:19:39","slug":"aura-herbals-immune-system-support-natural-complex-60-caps","status":"publish","type":"product","link":"https:\/\/ecosupplements.be\/fr\/produit\/aura-herbals-immune-system-support-natural-complex-60-caps\/","title":{"rendered":"Soutien du syst\u00e8me immunitaire AURA HERBALS, Complexe naturel (60 g\u00e9lules)"},"content":{"rendered":"<h2>Dlaczego warto wybra\u0107 preparat Moja Odporno\u015b\u0107 Aura Herbals?<\/h2>\n<div class=\"liclass\"><img loading=\"lazy\" decoding=\"async\" alt=\"lisc\" src=\"https:\/\/sklep.auraherbals.pl\/skins\/user\/rwd_shoper_1\/images\/user\/Lisc-li_Obszar%20roboczy%201.png\" width=\"15\" height=\"15\" \/>\u00a0w 100% odpowiedni dla wegan<\/div>\n<div class=\"liclass\"><img loading=\"lazy\" decoding=\"async\" alt=\"lisc\" src=\"https:\/\/sklep.auraherbals.pl\/skins\/user\/rwd_shoper_1\/images\/user\/Lisc-li_Obszar%20roboczy%201.png\" width=\"15\" height=\"15\" \/>\u00a0naturalne ekstrakty ro\u015blinne<\/div>\n<div class=\"liclass\"><img loading=\"lazy\" decoding=\"async\" alt=\"lisc\" src=\"https:\/\/sklep.auraherbals.pl\/skins\/user\/rwd_shoper_1\/images\/user\/Lisc-li_Obszar%20roboczy%201.png\" width=\"15\" height=\"15\" \/>\u00a0standaryzowany ekstrakt z imbiru (na ginegrol\u0119) i czosnku (na alliny)<\/div>\n<div class=\"liclass\"><img loading=\"lazy\" decoding=\"async\" alt=\"lisc\" src=\"https:\/\/sklep.auraherbals.pl\/skins\/user\/rwd_shoper_1\/images\/user\/Lisc-li_Obszar%20roboczy%201.png\" width=\"15\" height=\"15\" \/>\u00a0wysoka zawrto\u015b\u0107 sk\u0142adnik\u00f3w aktywnych<\/div>\n<div class=\"liclass\"><img loading=\"lazy\" decoding=\"async\" alt=\"lisc\" src=\"https:\/\/sklep.auraherbals.pl\/skins\/user\/rwd_shoper_1\/images\/user\/Lisc-li_Obszar%20roboczy%201.png\" width=\"15\" height=\"15\" \/>\u00a0wyprodukowane zgodnie z zasad\u0105 Clean Label<\/div>\n<h2>Szczeg\u00f3lne w\u0142a\u015bciwo\u015bci sk\u0142adnik\u00f3w aktywnych<\/h2>\n<ul>\n<li>Imbir wspiera uk\u0142ad odporno\u015bciowy organizmu oraz przyczynia si\u0119 do poprawy witalno\u015bci<\/li>\n<li>Je\u017c\u00f3wka purpurowa pomaga w funkcjonowaniu naturalnego systemu obronnego<\/li>\n<li>Rokitnik wspiera uk\u0142ad immunologiczny<\/li>\n<li>Czosnek przyczynia si\u0119 do prawid\u0142owego funkcjonowania uk\u0142adu odporno\u015bciowego i pomaga utrzyma\u0107 zdrowe funkcjonowanie uk\u0142adu oddechowego<\/li>\n<\/ul>\n<h2>Wa\u017cne informacje<\/h2>\n<h4>Zalecana dzienne spo\u017cycie<\/h4>\n<p>Zalecana porcja do spo\u017cycia w ci\u0105gu dnia: 2 kapsu\u0142ki.<\/p>\n<p>Nie przekraczaj zalecanej porcji do spo\u017cycia w ci\u0105gu dnia.<\/p>\n<h4>Sk\u0142adniki w dziennej porcji<\/h4>\n<table id=\"tabelaskladniki\">\n<tbody>\n<tr style=\"color:#ffffff;background-color:#2a5236\">\n<th>Sk\u0142adniki aktywne<\/th>\n<th>2 kapsu\u0142ki<\/th>\n<\/tr>\n<tr>\n<td>Ekstrakt z je\u017c\u00f3wki purpurowej<\/td>\n<td>315 mg<\/td>\n<\/tr>\n<tr>\n<td>Ekstrakt z imbiru lekarskiego stand. na 5% gingeroli<\/td>\n<td>262 mg<\/td>\n<\/tr>\n<tr>\n<td>Ekstrakt z czosnku stand. na 2% alliny<\/td>\n<td>210 mg<\/td>\n<\/tr>\n<tr>\n<td>Ekstrakt z rokitnika<\/td>\n<td>210 mg<\/td>\n<\/tr>\n<\/tbody>\n<\/table>\n<h4>Spos\u00f3b u\u017cycia<\/h4>\n<p>1 kapsu\u0142k\u0119 popi\u0107 wod\u0105. Stosowa\u0107 dwa razy dziennie.<\/p>\n<h4>Wa\u017cne informacje<\/h4>\n<p>Nie stosowa\u0107 u os\u00f3b uczulonych na jakikolwiek sk\u0142adnik suplementu.<\/p>\n<p>Suplement diety nie mo\u017ce by\u0107 stosowany jako substytut zr\u00f3\u017cnicowanej diety. Pami\u0119taj, \u017ce bardzo wa\u017cny i zalecany jest zr\u00f3wnowa\u017cony spos\u00f3b \u017cywienia i zdrowy tryb \u017cycia.<\/p>\n<h4>Sk\u0142adniki<\/h4>\n<p>Inulina, ekstrakt z korzeni je\u017c\u00f3wki purpurowej DER 4:1, ekstrakt z k\u0142\u0105cza imbiru lekarskiego standaryzowany na 5% gingeroli DER 10:1, ekstrakt z czosnku standaryzowany na 2% alliny DER 10:1, ekstrakt z owoc\u00f3w rokitnika DER 4:1, L-leucyna, otoczka kapsu\u0142ki: Hydroksypropylometyloceluloza.<\/p>\n<h4>Ilo\u015b\u0107 netto<\/h4>\n<p>52 g (60 szt. wega\u0144skich kapsu\u0142ek)<\/p>\n<h4>Przechowywanie<\/h4>\n<p>Przechowuj w suchym miejscu w temperaturze 15-25\u00b0C. Nie zamra\u017caj.<\/p>\n<p>Suplement diety przechowuj w spos\u00f3b niedost\u0119pny dla ma\u0142ych dzieci.<\/p>\n","protected":false},"excerpt":{"rendered":"<p>Dlaczego warto wybra\u0107 preparat Moja Odporno\u015b\u0107 Aura Herbals? \u00a0w 100% odpowiedni dla wegan \u00a0naturalne ekstrakty ro\u015blinne \u00a0standaryzowany ekstrakt z imbiru (na ginegrol\u0119) i czosnku (na alliny) \u00a0wysoka zawrto\u015b\u0107 sk\u0142adnik\u00f3w aktywnych \u00a0wyprodukowane zgodnie z zasad\u0105 Clean Label Szczeg\u00f3lne w\u0142a\u015bciwo\u015bci sk\u0142adnik\u00f3w aktywnych Imbir wspiera uk\u0142ad odporno\u015bciowy organizmu oraz przyczynia si\u0119 do poprawy witalno\u015bci Je\u017c\u00f3wka purpurowa pomaga w [&#8230;]\n","protected":false},"featured_media":273645,"comment_status":"closed","ping_status":"open","template":"","meta":[],"product_brand":[5338],"product_cat":[5053],"product_tag":[],"class_list":{"0":"post-299502","1":"product","2":"type-product","3":"status-publish","4":"has-post-thumbnail","6":"product_brand-aura-herbals-2","7":"product_cat-vitamines-et-mineraux","9":"first","10":"instock","11":"taxable","12":"shipping-taxable","13":"purchasable","14":"product-type-simple"},"yoast_head":"<!-- This site is optimized with the Yoast SEO Premium plugin v27.3 (Yoast SEO v27.3) - https:\/\/yoast.com\/product\/yoast-seo-premium-wordpress\/ -->\n<title>Soutien du syst\u00e8me immunitaire AURA HERBALS, Complexe naturel (60 g\u00e9lules) - ECO Supplements<\/title>\n<meta name=\"description\" content=\"Wij hebben een ruime keuze aan producten van Soutien du syst\u00e8me immunitaire AURA HERBALS, Complexe naturel (60 g\u00e9lules) . Winkel bij Eco Supplements altijd gratis verzending boven 100\u20ac\" \/>\n<meta name=\"robots\" content=\"index, follow, max-snippet:-1, max-image-preview:large, max-video-preview:-1\" \/>\n<link rel=\"canonical\" href=\"https:\/\/ecosupplements.be\/fr\/produit\/aura-herbals-immune-system-support-natural-complex-60-caps\/\" \/>\n<meta property=\"og:locale\" content=\"fr_FR\" \/>\n<meta property=\"og:type\" content=\"article\" \/>\n<meta property=\"og:title\" content=\"Soutien du syst\u00e8me immunitaire AURA HERBALS, Complexe naturel (60 g\u00e9lules)\" \/>\n<meta property=\"og:description\" content=\"Wij hebben een ruime keuze aan producten van Soutien du syst\u00e8me immunitaire AURA HERBALS, Complexe naturel (60 g\u00e9lules) . Winkel bij Eco Supplements altijd gratis verzending boven 100\u20ac\" \/>\n<meta property=\"og:url\" content=\"https:\/\/ecosupplements.be\/fr\/produit\/aura-herbals-immune-system-support-natural-complex-60-caps\/\" \/>\n<meta property=\"og:site_name\" content=\"ECO Supplements\" \/>\n<meta property=\"article:modified_time\" content=\"2025-08-28T01:19:39+00:00\" \/>\n<meta property=\"og:image\" content=\"https:\/\/ecosupplements.be\/wp-content\/uploads\/2025\/08\/AURA-HERBALS-Immune-System-Support-Natural-Complex-60-caps.jpg\" \/>\n\t<meta property=\"og:image:width\" content=\"700\" \/>\n\t<meta property=\"og:image:height\" content=\"700\" \/>\n\t<meta property=\"og:image:type\" content=\"image\/jpeg\" \/>\n<meta name=\"twitter:card\" content=\"summary_large_image\" \/>\n<meta name=\"twitter:label1\" content=\"Prix\" \/>\n\t<meta name=\"twitter:data1\" content=\"6.41&nbsp;&euro;\" \/>\n\t<meta name=\"twitter:label2\" content=\"Disponibilit\u00e9\" \/>\n\t<meta name=\"twitter:data2\" content=\"En stock\" \/>\n<script type=\"application\/ld+json\" class=\"yoast-schema-graph\">{\"@context\":\"https:\\\/\\\/schema.org\",\"@graph\":[{\"@type\":[\"WebPage\",\"ItemPage\"],\"@id\":\"https:\\\/\\\/ecosupplements.be\\\/fr\\\/produit\\\/aura-herbals-immune-system-support-natural-complex-60-caps\\\/\",\"url\":\"https:\\\/\\\/ecosupplements.be\\\/fr\\\/produit\\\/aura-herbals-immune-system-support-natural-complex-60-caps\\\/\",\"name\":\"Soutien du syst\u00e8me immunitaire AURA HERBALS, Complexe naturel (60 g\u00e9lules) - ECO Supplements\",\"isPartOf\":{\"@id\":\"https:\\\/\\\/ecosupplements.be\\\/fr\\\/#website\"},\"primaryImageOfPage\":{\"@id\":\"https:\\\/\\\/ecosupplements.be\\\/fr\\\/produit\\\/aura-herbals-immune-system-support-natural-complex-60-caps\\\/#primaryimage\"},\"image\":{\"@id\":\"https:\\\/\\\/ecosupplements.be\\\/fr\\\/produit\\\/aura-herbals-immune-system-support-natural-complex-60-caps\\\/#primaryimage\"},\"thumbnailUrl\":\"https:\\\/\\\/ecosupplements.be\\\/wp-content\\\/uploads\\\/2025\\\/08\\\/AURA-HERBALS-Immune-System-Support-Natural-Complex-60-caps.jpg\",\"datePublished\":\"2025-07-24T20:15:13+00:00\",\"dateModified\":\"2025-08-28T01:19:39+00:00\",\"description\":\"Wij hebben een ruime keuze aan producten van Soutien du syst\u00e8me immunitaire AURA HERBALS, Complexe naturel (60 g\u00e9lules) . Winkel bij Eco Supplements altijd gratis verzending boven 100\u20ac\",\"breadcrumb\":{\"@id\":\"https:\\\/\\\/ecosupplements.be\\\/fr\\\/produit\\\/aura-herbals-immune-system-support-natural-complex-60-caps\\\/#breadcrumb\"},\"inLanguage\":\"fr-FR\",\"potentialAction\":[{\"@type\":\"ReadAction\",\"target\":[\"https:\\\/\\\/ecosupplements.be\\\/fr\\\/produit\\\/aura-herbals-immune-system-support-natural-complex-60-caps\\\/\"]}]},{\"@type\":\"ImageObject\",\"inLanguage\":\"fr-FR\",\"@id\":\"https:\\\/\\\/ecosupplements.be\\\/fr\\\/produit\\\/aura-herbals-immune-system-support-natural-complex-60-caps\\\/#primaryimage\",\"url\":\"https:\\\/\\\/ecosupplements.be\\\/wp-content\\\/uploads\\\/2025\\\/08\\\/AURA-HERBALS-Immune-System-Support-Natural-Complex-60-caps.jpg\",\"contentUrl\":\"https:\\\/\\\/ecosupplements.be\\\/wp-content\\\/uploads\\\/2025\\\/08\\\/AURA-HERBALS-Immune-System-Support-Natural-Complex-60-caps.jpg\",\"width\":700,\"height\":700},{\"@type\":\"BreadcrumbList\",\"@id\":\"https:\\\/\\\/ecosupplements.be\\\/fr\\\/produit\\\/aura-herbals-immune-system-support-natural-complex-60-caps\\\/#breadcrumb\",\"itemListElement\":[{\"@type\":\"ListItem\",\"position\":1,\"name\":\"Home\",\"item\":\"https:\\\/\\\/ecosupplements.be\\\/fr\\\/\"},{\"@type\":\"ListItem\",\"position\":2,\"name\":\"Boutique\",\"item\":\"https:\\\/\\\/ecosupplements.be\\\/fr\\\/boutique\\\/\"},{\"@type\":\"ListItem\",\"position\":3,\"name\":\"Soutien du syst\u00e8me immunitaire AURA HERBALS, Complexe naturel (60 g\u00e9lules)\"}]},{\"@type\":\"WebSite\",\"@id\":\"https:\\\/\\\/ecosupplements.be\\\/fr\\\/#website\",\"url\":\"https:\\\/\\\/ecosupplements.be\\\/fr\\\/\",\"name\":\"ECO Supplements\",\"description\":\"Eco Supplements - Gezonde supplementen\",\"publisher\":{\"@id\":\"https:\\\/\\\/ecosupplements.be\\\/fr\\\/#organization\"},\"potentialAction\":[{\"@type\":\"SearchAction\",\"target\":{\"@type\":\"EntryPoint\",\"urlTemplate\":\"https:\\\/\\\/ecosupplements.be\\\/fr\\\/?s={search_term_string}\"},\"query-input\":{\"@type\":\"PropertyValueSpecification\",\"valueRequired\":true,\"valueName\":\"search_term_string\"}}],\"inLanguage\":\"fr-FR\"},{\"@type\":\"Organization\",\"@id\":\"https:\\\/\\\/ecosupplements.be\\\/fr\\\/#organization\",\"name\":\"Eco Supplements\",\"url\":\"https:\\\/\\\/ecosupplements.be\\\/fr\\\/\",\"logo\":{\"@type\":\"ImageObject\",\"inLanguage\":\"fr-FR\",\"@id\":\"https:\\\/\\\/ecosupplements.be\\\/fr\\\/#\\\/schema\\\/logo\\\/image\\\/\",\"url\":\"https:\\\/\\\/ecosupplements.be\\\/wp-content\\\/uploads\\\/2022\\\/06\\\/ecosupplement-family.png\",\"contentUrl\":\"https:\\\/\\\/ecosupplements.be\\\/wp-content\\\/uploads\\\/2022\\\/06\\\/ecosupplement-family.png\",\"width\":593,\"height\":374,\"caption\":\"Eco Supplements\"},\"image\":{\"@id\":\"https:\\\/\\\/ecosupplements.be\\\/fr\\\/#\\\/schema\\\/logo\\\/image\\\/\"}}]}<\/script>\n<meta property=\"product:brand\" content=\"Aura Herbals\" \/>\n<meta property=\"product:price:amount\" content=\"6.41\" \/>\n<meta property=\"product:price:currency\" content=\"EUR\" \/>\n<meta property=\"og:availability\" content=\"instock\" \/>\n<meta property=\"product:availability\" content=\"instock\" \/>\n<meta property=\"product:retailer_item_id\" content=\"5902479612027\" \/>\n<meta property=\"product:condition\" content=\"new\" \/>\n<!-- \/ Yoast SEO Premium plugin. -->","yoast_head_json":{"title":"Soutien du syst\u00e8me immunitaire AURA HERBALS, Complexe naturel (60 g\u00e9lules) - ECO Supplements","description":"Wij hebben een ruime keuze aan producten van Soutien du syst\u00e8me immunitaire AURA HERBALS, Complexe naturel (60 g\u00e9lules) . Winkel bij Eco Supplements altijd gratis verzending boven 100\u20ac","robots":{"index":"index","follow":"follow","max-snippet":"max-snippet:-1","max-image-preview":"max-image-preview:large","max-video-preview":"max-video-preview:-1"},"canonical":"https:\/\/ecosupplements.be\/fr\/produit\/aura-herbals-immune-system-support-natural-complex-60-caps\/","og_locale":"fr_FR","og_type":"article","og_title":"Soutien du syst\u00e8me immunitaire AURA HERBALS, Complexe naturel (60 g\u00e9lules)","og_description":"Wij hebben een ruime keuze aan producten van Soutien du syst\u00e8me immunitaire AURA HERBALS, Complexe naturel (60 g\u00e9lules) . Winkel bij Eco Supplements altijd gratis verzending boven 100\u20ac","og_url":"https:\/\/ecosupplements.be\/fr\/produit\/aura-herbals-immune-system-support-natural-complex-60-caps\/","og_site_name":"ECO Supplements","article_modified_time":"2025-08-28T01:19:39+00:00","og_image":[{"width":700,"height":700,"url":"https:\/\/ecosupplements.be\/wp-content\/uploads\/2025\/08\/AURA-HERBALS-Immune-System-Support-Natural-Complex-60-caps.jpg","type":"image\/jpeg"}],"twitter_card":"summary_large_image","twitter_misc":{"Prix":"6.41&nbsp;&euro;","Disponibilit\u00e9":"En stock"},"schema":{"@context":"https:\/\/schema.org","@graph":[{"@type":["WebPage","ItemPage"],"@id":"https:\/\/ecosupplements.be\/fr\/produit\/aura-herbals-immune-system-support-natural-complex-60-caps\/","url":"https:\/\/ecosupplements.be\/fr\/produit\/aura-herbals-immune-system-support-natural-complex-60-caps\/","name":"Soutien du syst\u00e8me immunitaire AURA HERBALS, Complexe naturel (60 g\u00e9lules) - ECO Supplements","isPartOf":{"@id":"https:\/\/ecosupplements.be\/fr\/#website"},"primaryImageOfPage":{"@id":"https:\/\/ecosupplements.be\/fr\/produit\/aura-herbals-immune-system-support-natural-complex-60-caps\/#primaryimage"},"image":{"@id":"https:\/\/ecosupplements.be\/fr\/produit\/aura-herbals-immune-system-support-natural-complex-60-caps\/#primaryimage"},"thumbnailUrl":"https:\/\/ecosupplements.be\/wp-content\/uploads\/2025\/08\/AURA-HERBALS-Immune-System-Support-Natural-Complex-60-caps.jpg","datePublished":"2025-07-24T20:15:13+00:00","dateModified":"2025-08-28T01:19:39+00:00","description":"Wij hebben een ruime keuze aan producten van Soutien du syst\u00e8me immunitaire AURA HERBALS, Complexe naturel (60 g\u00e9lules) . Winkel bij Eco Supplements altijd gratis verzending boven 100\u20ac","breadcrumb":{"@id":"https:\/\/ecosupplements.be\/fr\/produit\/aura-herbals-immune-system-support-natural-complex-60-caps\/#breadcrumb"},"inLanguage":"fr-FR","potentialAction":[{"@type":"ReadAction","target":["https:\/\/ecosupplements.be\/fr\/produit\/aura-herbals-immune-system-support-natural-complex-60-caps\/"]}]},{"@type":"ImageObject","inLanguage":"fr-FR","@id":"https:\/\/ecosupplements.be\/fr\/produit\/aura-herbals-immune-system-support-natural-complex-60-caps\/#primaryimage","url":"https:\/\/ecosupplements.be\/wp-content\/uploads\/2025\/08\/AURA-HERBALS-Immune-System-Support-Natural-Complex-60-caps.jpg","contentUrl":"https:\/\/ecosupplements.be\/wp-content\/uploads\/2025\/08\/AURA-HERBALS-Immune-System-Support-Natural-Complex-60-caps.jpg","width":700,"height":700},{"@type":"BreadcrumbList","@id":"https:\/\/ecosupplements.be\/fr\/produit\/aura-herbals-immune-system-support-natural-complex-60-caps\/#breadcrumb","itemListElement":[{"@type":"ListItem","position":1,"name":"Home","item":"https:\/\/ecosupplements.be\/fr\/"},{"@type":"ListItem","position":2,"name":"Boutique","item":"https:\/\/ecosupplements.be\/fr\/boutique\/"},{"@type":"ListItem","position":3,"name":"Soutien du syst\u00e8me immunitaire AURA HERBALS, Complexe naturel (60 g\u00e9lules)"}]},{"@type":"WebSite","@id":"https:\/\/ecosupplements.be\/fr\/#website","url":"https:\/\/ecosupplements.be\/fr\/","name":"ECO Supplements","description":"Eco Supplements - Gezonde supplementen","publisher":{"@id":"https:\/\/ecosupplements.be\/fr\/#organization"},"potentialAction":[{"@type":"SearchAction","target":{"@type":"EntryPoint","urlTemplate":"https:\/\/ecosupplements.be\/fr\/?s={search_term_string}"},"query-input":{"@type":"PropertyValueSpecification","valueRequired":true,"valueName":"search_term_string"}}],"inLanguage":"fr-FR"},{"@type":"Organization","@id":"https:\/\/ecosupplements.be\/fr\/#organization","name":"Eco Supplements","url":"https:\/\/ecosupplements.be\/fr\/","logo":{"@type":"ImageObject","inLanguage":"fr-FR","@id":"https:\/\/ecosupplements.be\/fr\/#\/schema\/logo\/image\/","url":"https:\/\/ecosupplements.be\/wp-content\/uploads\/2022\/06\/ecosupplement-family.png","contentUrl":"https:\/\/ecosupplements.be\/wp-content\/uploads\/2022\/06\/ecosupplement-family.png","width":593,"height":374,"caption":"Eco Supplements"},"image":{"@id":"https:\/\/ecosupplements.be\/fr\/#\/schema\/logo\/image\/"}}]},"product_brand":"Aura Herbals","product_price_amount":"6.41","product_price_currency":"EUR","og_availability":"instock","product_availability":"instock","product_retailer_item_id":"5902479612027","product_condition":"new"},"_links":{"self":[{"href":"https:\/\/ecosupplements.be\/fr\/wp-json\/wp\/v2\/product\/299502","targetHints":{"allow":["GET"]}}],"collection":[{"href":"https:\/\/ecosupplements.be\/fr\/wp-json\/wp\/v2\/product"}],"about":[{"href":"https:\/\/ecosupplements.be\/fr\/wp-json\/wp\/v2\/types\/product"}],"replies":[{"embeddable":true,"href":"https:\/\/ecosupplements.be\/fr\/wp-json\/wp\/v2\/comments?post=299502"}],"wp:featuredmedia":[{"embeddable":true,"href":"https:\/\/ecosupplements.be\/fr\/wp-json\/wp\/v2\/media\/273645"}],"wp:attachment":[{"href":"https:\/\/ecosupplements.be\/fr\/wp-json\/wp\/v2\/media?parent=299502"}],"wp:term":[{"taxonomy":"product_brand","embeddable":true,"href":"https:\/\/ecosupplements.be\/fr\/wp-json\/wp\/v2\/product_brand?post=299502"},{"taxonomy":"product_cat","embeddable":true,"href":"https:\/\/ecosupplements.be\/fr\/wp-json\/wp\/v2\/product_cat?post=299502"},{"taxonomy":"product_tag","embeddable":true,"href":"https:\/\/ecosupplements.be\/fr\/wp-json\/wp\/v2\/product_tag?post=299502"}],"curies":[{"name":"wp","href":"https:\/\/api.w.org\/{rel}","templated":true}]}}