{"id":299508,"date":"2025-07-24T21:15:13","date_gmt":"2025-07-24T20:15:13","guid":{"rendered":"https:\/\/ecosupplements.be\/product\/aura-herbals-liver-support-artichoke-milk-thistle-turmeric-60-caps\/"},"modified":"2025-08-28T02:19:47","modified_gmt":"2025-08-28T01:19:47","slug":"aura-herbals-liver-support-artichoke-milk-thistle-turmeric-60-caps","status":"publish","type":"product","link":"https:\/\/ecosupplements.be\/fr\/produit\/aura-herbals-liver-support-artichoke-milk-thistle-turmeric-60-caps\/","title":{"rendered":"Soutien h\u00e9patique AURA HERBALS, Artichaut, Chardon-Marie, Curcuma (60 g\u00e9lules)"},"content":{"rendered":"<h4 style=\"font-family:Poppins, sans-serif;font-size:16px;margin-top:15px;margin-bottom:10px;font-weight:500;line-height:20px;color:#000000;font-style:normal;letter-spacing:normal;text-indent:0px;text-transform:none;background-color:#ffffff\"><b style=\"font-family:Poppins, CenturyGothic, Geneva, AppleGothic, sans-serif;font-weight:bold\">AURA HERBALS Liver Support &#8211; Artichaut, Chardon-Marie, Curcuma (60 caps)<\/b><\/h4>\n<p style=\"font-family:Poppins, sans-serif;margin-top:0px;font-size:14px;line-height:23px;color:#303030;font-style:normal;font-weight:400;letter-spacing:normal;text-indent:0px;text-transform:none;background-color:#ffffff\">D\u00e9couvrez un choix naturel pour les amateurs de qualit\u00e9 avec AURA HERBALS Liver Support. Ce produit est compos\u00e9 d&#8217;ingr\u00e9dients d&#8217;origine naturelle tels que l&#8217;extrait d&#8217;artichaut, le chardon-marie et le curcuma.<\/p>\n<p style=\"font-family:Poppins, sans-serif;margin-top:0px;font-size:14x\">Ces composants sont reconnus pour leur grande puret\u00e9 et leur origine contr\u00f4l\u00e9e. Le format pratique de 60 capsules rend ce produit facile \u00e0 int\u00e9grer dans votre quotidien.<\/p>\n<p style=\"font-family:Poppins,sans-serif\">Utilisation recommand\u00e9e : Prendre une capsule par jour avec un verre d&#8217;eau.<\/p>\n<p style=\"font-family:poppins,sans-serif;line-height-23x;style-normal;width-400\">Ce compl\u00e9ment est un excellent ajout \u00e0 un mode de vie \u00e9quilibr\u00e9 et actif.Il est importent de rappeler que ce produit ne doit pas remplacer une alimentation vari\u00e9e et \u00e9quilibr\u00e9e ni un mode de vie sain.<\/p>\n<h4 style=\"font-family:Poppins, sans-serif;font-size:16px;margin-top:15px;margin-bottom:10px;font-weight:500;line-height:20px;color:#000000;font-style:normal;letter-spacing:normal;text-indent:0px;text-transform:none;background-color:#ffffff\"><b>Nom du produit :<\/b> AURA HERBALS Liver Support, Artichoke, Milk Thistle, Turmeric (60 caps)<\/h4>\n<p style=\"font-family:Poppins, sans-serif;margin-top:0px;font-size:14px;line-height:23px;color:#303030;font-style:normal;font-weight:400;letter-spacing:normal;text-indent:0px;text-transform:none;background-color:#ffffff\">D\u00e9couvrez un choix naturel avec les capsules AURA HERBALS. Chaque capsule contient une s\u00e9lection d&#8217;ingr\u00e9dients d&#8217;origine naturelle tels que l&#8217;extrait de chardon-Marie standardis\u00e9 \u00e0 70% de silymarine, l&#8217;extrait sec d&#8217;artichaut et la curcuma moulue.<\/p>\n<h4 style=\"font-family:Poppins, sans-serif;font-size:16px\">Ingr\u00e9dients principaux :<\/h4>\n<ul>\n<li>Extrait sec d&#8217;artichaut<\/li>\n<li>Extrait de chardon-Marie standardis\u00e9 \u00e0 70% de silymarine<\/li>\n<li>Inuline<\/li>\n<li>Curcuma moulue<\/li>\n<li>Extrait sec du rhizome de curcuma longa<\/li>\n<li>L-leucine<\/li>\n<\/ul>\n<p style=\"font-family:Poppins,sans-serif\">Contenu et emballage : Bo\u00eete contenant 60 capsules pour un usage pratique et facile.<\/p>\n<p style=\"font-family:Poppins,sans-serif\">Utilisation recommand\u00e9e : Suivre les indications sur l&#8217;emballage pour une utilisation quotidienne simple.<\/p>\n<p style=\"font-family:poppins,sans-serif;line-height-23 pt\">Caract\u00e9ristiques pratiques : ces capsules sont con\u00e7ues pour \u00eatre int\u00e9gr\u00e9es facilement dans votre routine quotidienne gr\u00e2ce \u00e0 leur format compact et leur facilit\u00e9 d&#8217;utilisation.<\/p>\n<h4 style=\"font-family:Poppins,sans-serif;font-size-16 pt;top-margin-15 pt,bottom-margin-10 pt;weight-500 line\"><b>Conservation :<\/b><\/h4>\n<p>Maintenir dans un endroit frais et sec. Tenir hors de port\u00e9e des enfants.<\/p>\n<p><\/p>\n<p>Date minimale de durabilit\u00e9 ainsi que le num\u00e9ro du lot indiqu\u00e9s sur le flacon.<\/p>\n","protected":false},"excerpt":{"rendered":"<p>AURA HERBALS Liver Support &#8211; Artichaut, Chardon-Marie, Curcuma (60 caps) D\u00e9couvrez un choix naturel pour les amateurs de qualit\u00e9 avec AURA HERBALS Liver Support. Ce produit est compos\u00e9 d&#8217;ingr\u00e9dients d&#8217;origine naturelle tels que l&#8217;extrait d&#8217;artichaut, le chardon-marie et le curcuma. Ces composants sont reconnus pour leur grande puret\u00e9 et leur origine contr\u00f4l\u00e9e. Le format pratique [&#8230;]\n","protected":false},"featured_media":273651,"comment_status":"closed","ping_status":"open","template":"","meta":[],"product_brand":[5338],"product_cat":[5053],"product_tag":[],"class_list":{"0":"post-299508","1":"product","2":"type-product","3":"status-publish","4":"has-post-thumbnail","6":"product_brand-aura-herbals-2","7":"product_cat-vitamines-et-mineraux","9":"first","10":"instock","11":"taxable","12":"shipping-taxable","13":"purchasable","14":"product-type-simple"},"yoast_head":"<!-- This site is optimized with the Yoast SEO Premium plugin v27.3 (Yoast SEO v27.3) - https:\/\/yoast.com\/product\/yoast-seo-premium-wordpress\/ -->\n<title>Soutien h\u00e9patique AURA HERBALS, Artichaut, Chardon-Marie, Curcuma (60 g\u00e9lules) - ECO Supplements<\/title>\n<meta name=\"description\" content=\"Wij hebben een ruime keuze aan producten van Soutien h\u00e9patique AURA HERBALS, Artichaut, Chardon-Marie, Curcuma (60 g\u00e9lules) . Winkel bij Eco Supplements altijd gratis verzending boven 100\u20ac\" \/>\n<meta name=\"robots\" content=\"index, follow, max-snippet:-1, max-image-preview:large, max-video-preview:-1\" \/>\n<link rel=\"canonical\" href=\"https:\/\/ecosupplements.be\/fr\/produit\/aura-herbals-liver-support-artichoke-milk-thistle-turmeric-60-caps\/\" \/>\n<meta property=\"og:locale\" content=\"fr_FR\" \/>\n<meta property=\"og:type\" content=\"article\" \/>\n<meta property=\"og:title\" content=\"Soutien h\u00e9patique AURA HERBALS, Artichaut, Chardon-Marie, Curcuma (60 g\u00e9lules)\" \/>\n<meta property=\"og:description\" content=\"Wij hebben een ruime keuze aan producten van Soutien h\u00e9patique AURA HERBALS, Artichaut, Chardon-Marie, Curcuma (60 g\u00e9lules) . Winkel bij Eco Supplements altijd gratis verzending boven 100\u20ac\" \/>\n<meta property=\"og:url\" content=\"https:\/\/ecosupplements.be\/fr\/produit\/aura-herbals-liver-support-artichoke-milk-thistle-turmeric-60-caps\/\" \/>\n<meta property=\"og:site_name\" content=\"ECO Supplements\" \/>\n<meta property=\"article:modified_time\" content=\"2025-08-28T01:19:47+00:00\" \/>\n<meta property=\"og:image\" content=\"https:\/\/ecosupplements.be\/wp-content\/uploads\/2025\/08\/Aura-Herbals-AURA-HERBALS-Liver-Support-Artichoke-Milk-Thistle-Turmeric-60-caps.jpg\" \/>\n\t<meta property=\"og:image:width\" content=\"700\" \/>\n\t<meta property=\"og:image:height\" content=\"700\" \/>\n\t<meta property=\"og:image:type\" content=\"image\/jpeg\" \/>\n<meta name=\"twitter:card\" content=\"summary_large_image\" \/>\n<meta name=\"twitter:label1\" content=\"Prix\" \/>\n\t<meta name=\"twitter:data1\" content=\"10.75&nbsp;&euro;\" \/>\n\t<meta name=\"twitter:label2\" content=\"Disponibilit\u00e9\" \/>\n\t<meta name=\"twitter:data2\" content=\"En stock\" \/>\n<script type=\"application\/ld+json\" class=\"yoast-schema-graph\">{\"@context\":\"https:\\\/\\\/schema.org\",\"@graph\":[{\"@type\":[\"WebPage\",\"ItemPage\"],\"@id\":\"https:\\\/\\\/ecosupplements.be\\\/fr\\\/produit\\\/aura-herbals-liver-support-artichoke-milk-thistle-turmeric-60-caps\\\/\",\"url\":\"https:\\\/\\\/ecosupplements.be\\\/fr\\\/produit\\\/aura-herbals-liver-support-artichoke-milk-thistle-turmeric-60-caps\\\/\",\"name\":\"Soutien h\u00e9patique AURA HERBALS, Artichaut, Chardon-Marie, Curcuma (60 g\u00e9lules) - ECO Supplements\",\"isPartOf\":{\"@id\":\"https:\\\/\\\/ecosupplements.be\\\/fr\\\/#website\"},\"primaryImageOfPage\":{\"@id\":\"https:\\\/\\\/ecosupplements.be\\\/fr\\\/produit\\\/aura-herbals-liver-support-artichoke-milk-thistle-turmeric-60-caps\\\/#primaryimage\"},\"image\":{\"@id\":\"https:\\\/\\\/ecosupplements.be\\\/fr\\\/produit\\\/aura-herbals-liver-support-artichoke-milk-thistle-turmeric-60-caps\\\/#primaryimage\"},\"thumbnailUrl\":\"https:\\\/\\\/ecosupplements.be\\\/wp-content\\\/uploads\\\/2025\\\/08\\\/AURA-HERBALS-Liver-Support-Artichoke-Milk-Thistle-Turmeric-60-caps.jpg\",\"datePublished\":\"2025-07-24T20:15:13+00:00\",\"dateModified\":\"2025-08-28T01:19:47+00:00\",\"description\":\"Wij hebben een ruime keuze aan producten van Soutien h\u00e9patique AURA HERBALS, Artichaut, Chardon-Marie, Curcuma (60 g\u00e9lules) . Winkel bij Eco Supplements altijd gratis verzending boven 100\u20ac\",\"breadcrumb\":{\"@id\":\"https:\\\/\\\/ecosupplements.be\\\/fr\\\/produit\\\/aura-herbals-liver-support-artichoke-milk-thistle-turmeric-60-caps\\\/#breadcrumb\"},\"inLanguage\":\"fr-FR\",\"potentialAction\":[{\"@type\":\"ReadAction\",\"target\":[\"https:\\\/\\\/ecosupplements.be\\\/fr\\\/produit\\\/aura-herbals-liver-support-artichoke-milk-thistle-turmeric-60-caps\\\/\"]}]},{\"@type\":\"ImageObject\",\"inLanguage\":\"fr-FR\",\"@id\":\"https:\\\/\\\/ecosupplements.be\\\/fr\\\/produit\\\/aura-herbals-liver-support-artichoke-milk-thistle-turmeric-60-caps\\\/#primaryimage\",\"url\":\"https:\\\/\\\/ecosupplements.be\\\/wp-content\\\/uploads\\\/2025\\\/08\\\/AURA-HERBALS-Liver-Support-Artichoke-Milk-Thistle-Turmeric-60-caps.jpg\",\"contentUrl\":\"https:\\\/\\\/ecosupplements.be\\\/wp-content\\\/uploads\\\/2025\\\/08\\\/AURA-HERBALS-Liver-Support-Artichoke-Milk-Thistle-Turmeric-60-caps.jpg\",\"width\":700,\"height\":700},{\"@type\":\"BreadcrumbList\",\"@id\":\"https:\\\/\\\/ecosupplements.be\\\/fr\\\/produit\\\/aura-herbals-liver-support-artichoke-milk-thistle-turmeric-60-caps\\\/#breadcrumb\",\"itemListElement\":[{\"@type\":\"ListItem\",\"position\":1,\"name\":\"Home\",\"item\":\"https:\\\/\\\/ecosupplements.be\\\/fr\\\/\"},{\"@type\":\"ListItem\",\"position\":2,\"name\":\"Boutique\",\"item\":\"https:\\\/\\\/ecosupplements.be\\\/fr\\\/boutique\\\/\"},{\"@type\":\"ListItem\",\"position\":3,\"name\":\"Soutien h\u00e9patique AURA HERBALS, Artichaut, Chardon-Marie, Curcuma (60 g\u00e9lules)\"}]},{\"@type\":\"WebSite\",\"@id\":\"https:\\\/\\\/ecosupplements.be\\\/fr\\\/#website\",\"url\":\"https:\\\/\\\/ecosupplements.be\\\/fr\\\/\",\"name\":\"ECO Supplements\",\"description\":\"Eco Supplements - Gezonde supplementen\",\"publisher\":{\"@id\":\"https:\\\/\\\/ecosupplements.be\\\/fr\\\/#organization\"},\"potentialAction\":[{\"@type\":\"SearchAction\",\"target\":{\"@type\":\"EntryPoint\",\"urlTemplate\":\"https:\\\/\\\/ecosupplements.be\\\/fr\\\/?s={search_term_string}\"},\"query-input\":{\"@type\":\"PropertyValueSpecification\",\"valueRequired\":true,\"valueName\":\"search_term_string\"}}],\"inLanguage\":\"fr-FR\"},{\"@type\":\"Organization\",\"@id\":\"https:\\\/\\\/ecosupplements.be\\\/fr\\\/#organization\",\"name\":\"Eco Supplements\",\"url\":\"https:\\\/\\\/ecosupplements.be\\\/fr\\\/\",\"logo\":{\"@type\":\"ImageObject\",\"inLanguage\":\"fr-FR\",\"@id\":\"https:\\\/\\\/ecosupplements.be\\\/fr\\\/#\\\/schema\\\/logo\\\/image\\\/\",\"url\":\"https:\\\/\\\/ecosupplements.be\\\/wp-content\\\/uploads\\\/2022\\\/06\\\/ecosupplement-family.png\",\"contentUrl\":\"https:\\\/\\\/ecosupplements.be\\\/wp-content\\\/uploads\\\/2022\\\/06\\\/ecosupplement-family.png\",\"width\":593,\"height\":374,\"caption\":\"Eco Supplements\"},\"image\":{\"@id\":\"https:\\\/\\\/ecosupplements.be\\\/fr\\\/#\\\/schema\\\/logo\\\/image\\\/\"}}]}<\/script>\n<meta property=\"product:brand\" content=\"Aura Herbals\" \/>\n<meta property=\"product:price:amount\" content=\"10.75\" \/>\n<meta property=\"product:price:currency\" content=\"EUR\" \/>\n<meta property=\"og:availability\" content=\"instock\" \/>\n<meta property=\"product:availability\" content=\"instock\" \/>\n<meta property=\"product:retailer_item_id\" content=\"5902479612362\" \/>\n<meta property=\"product:condition\" content=\"new\" \/>\n<!-- \/ Yoast SEO Premium plugin. -->","yoast_head_json":{"title":"Soutien h\u00e9patique AURA HERBALS, Artichaut, Chardon-Marie, Curcuma (60 g\u00e9lules) - ECO Supplements","description":"Wij hebben een ruime keuze aan producten van Soutien h\u00e9patique AURA HERBALS, Artichaut, Chardon-Marie, Curcuma (60 g\u00e9lules) . Winkel bij Eco Supplements altijd gratis verzending boven 100\u20ac","robots":{"index":"index","follow":"follow","max-snippet":"max-snippet:-1","max-image-preview":"max-image-preview:large","max-video-preview":"max-video-preview:-1"},"canonical":"https:\/\/ecosupplements.be\/fr\/produit\/aura-herbals-liver-support-artichoke-milk-thistle-turmeric-60-caps\/","og_locale":"fr_FR","og_type":"article","og_title":"Soutien h\u00e9patique AURA HERBALS, Artichaut, Chardon-Marie, Curcuma (60 g\u00e9lules)","og_description":"Wij hebben een ruime keuze aan producten van Soutien h\u00e9patique AURA HERBALS, Artichaut, Chardon-Marie, Curcuma (60 g\u00e9lules) . Winkel bij Eco Supplements altijd gratis verzending boven 100\u20ac","og_url":"https:\/\/ecosupplements.be\/fr\/produit\/aura-herbals-liver-support-artichoke-milk-thistle-turmeric-60-caps\/","og_site_name":"ECO Supplements","article_modified_time":"2025-08-28T01:19:47+00:00","og_image":[{"width":700,"height":700,"url":"https:\/\/ecosupplements.be\/wp-content\/uploads\/2025\/08\/Aura-Herbals-AURA-HERBALS-Liver-Support-Artichoke-Milk-Thistle-Turmeric-60-caps.jpg","type":"image\/jpeg"}],"twitter_card":"summary_large_image","twitter_misc":{"Prix":"10.75&nbsp;&euro;","Disponibilit\u00e9":"En stock"},"schema":{"@context":"https:\/\/schema.org","@graph":[{"@type":["WebPage","ItemPage"],"@id":"https:\/\/ecosupplements.be\/fr\/produit\/aura-herbals-liver-support-artichoke-milk-thistle-turmeric-60-caps\/","url":"https:\/\/ecosupplements.be\/fr\/produit\/aura-herbals-liver-support-artichoke-milk-thistle-turmeric-60-caps\/","name":"Soutien h\u00e9patique AURA HERBALS, Artichaut, Chardon-Marie, Curcuma (60 g\u00e9lules) - ECO Supplements","isPartOf":{"@id":"https:\/\/ecosupplements.be\/fr\/#website"},"primaryImageOfPage":{"@id":"https:\/\/ecosupplements.be\/fr\/produit\/aura-herbals-liver-support-artichoke-milk-thistle-turmeric-60-caps\/#primaryimage"},"image":{"@id":"https:\/\/ecosupplements.be\/fr\/produit\/aura-herbals-liver-support-artichoke-milk-thistle-turmeric-60-caps\/#primaryimage"},"thumbnailUrl":"https:\/\/ecosupplements.be\/wp-content\/uploads\/2025\/08\/AURA-HERBALS-Liver-Support-Artichoke-Milk-Thistle-Turmeric-60-caps.jpg","datePublished":"2025-07-24T20:15:13+00:00","dateModified":"2025-08-28T01:19:47+00:00","description":"Wij hebben een ruime keuze aan producten van Soutien h\u00e9patique AURA HERBALS, Artichaut, Chardon-Marie, Curcuma (60 g\u00e9lules) . Winkel bij Eco Supplements altijd gratis verzending boven 100\u20ac","breadcrumb":{"@id":"https:\/\/ecosupplements.be\/fr\/produit\/aura-herbals-liver-support-artichoke-milk-thistle-turmeric-60-caps\/#breadcrumb"},"inLanguage":"fr-FR","potentialAction":[{"@type":"ReadAction","target":["https:\/\/ecosupplements.be\/fr\/produit\/aura-herbals-liver-support-artichoke-milk-thistle-turmeric-60-caps\/"]}]},{"@type":"ImageObject","inLanguage":"fr-FR","@id":"https:\/\/ecosupplements.be\/fr\/produit\/aura-herbals-liver-support-artichoke-milk-thistle-turmeric-60-caps\/#primaryimage","url":"https:\/\/ecosupplements.be\/wp-content\/uploads\/2025\/08\/AURA-HERBALS-Liver-Support-Artichoke-Milk-Thistle-Turmeric-60-caps.jpg","contentUrl":"https:\/\/ecosupplements.be\/wp-content\/uploads\/2025\/08\/AURA-HERBALS-Liver-Support-Artichoke-Milk-Thistle-Turmeric-60-caps.jpg","width":700,"height":700},{"@type":"BreadcrumbList","@id":"https:\/\/ecosupplements.be\/fr\/produit\/aura-herbals-liver-support-artichoke-milk-thistle-turmeric-60-caps\/#breadcrumb","itemListElement":[{"@type":"ListItem","position":1,"name":"Home","item":"https:\/\/ecosupplements.be\/fr\/"},{"@type":"ListItem","position":2,"name":"Boutique","item":"https:\/\/ecosupplements.be\/fr\/boutique\/"},{"@type":"ListItem","position":3,"name":"Soutien h\u00e9patique AURA HERBALS, Artichaut, Chardon-Marie, Curcuma (60 g\u00e9lules)"}]},{"@type":"WebSite","@id":"https:\/\/ecosupplements.be\/fr\/#website","url":"https:\/\/ecosupplements.be\/fr\/","name":"ECO Supplements","description":"Eco Supplements - Gezonde supplementen","publisher":{"@id":"https:\/\/ecosupplements.be\/fr\/#organization"},"potentialAction":[{"@type":"SearchAction","target":{"@type":"EntryPoint","urlTemplate":"https:\/\/ecosupplements.be\/fr\/?s={search_term_string}"},"query-input":{"@type":"PropertyValueSpecification","valueRequired":true,"valueName":"search_term_string"}}],"inLanguage":"fr-FR"},{"@type":"Organization","@id":"https:\/\/ecosupplements.be\/fr\/#organization","name":"Eco Supplements","url":"https:\/\/ecosupplements.be\/fr\/","logo":{"@type":"ImageObject","inLanguage":"fr-FR","@id":"https:\/\/ecosupplements.be\/fr\/#\/schema\/logo\/image\/","url":"https:\/\/ecosupplements.be\/wp-content\/uploads\/2022\/06\/ecosupplement-family.png","contentUrl":"https:\/\/ecosupplements.be\/wp-content\/uploads\/2022\/06\/ecosupplement-family.png","width":593,"height":374,"caption":"Eco Supplements"},"image":{"@id":"https:\/\/ecosupplements.be\/fr\/#\/schema\/logo\/image\/"}}]},"product_brand":"Aura Herbals","product_price_amount":"10.75","product_price_currency":"EUR","og_availability":"instock","product_availability":"instock","product_retailer_item_id":"5902479612362","product_condition":"new"},"_links":{"self":[{"href":"https:\/\/ecosupplements.be\/fr\/wp-json\/wp\/v2\/product\/299508","targetHints":{"allow":["GET"]}}],"collection":[{"href":"https:\/\/ecosupplements.be\/fr\/wp-json\/wp\/v2\/product"}],"about":[{"href":"https:\/\/ecosupplements.be\/fr\/wp-json\/wp\/v2\/types\/product"}],"replies":[{"embeddable":true,"href":"https:\/\/ecosupplements.be\/fr\/wp-json\/wp\/v2\/comments?post=299508"}],"wp:featuredmedia":[{"embeddable":true,"href":"https:\/\/ecosupplements.be\/fr\/wp-json\/wp\/v2\/media\/273651"}],"wp:attachment":[{"href":"https:\/\/ecosupplements.be\/fr\/wp-json\/wp\/v2\/media?parent=299508"}],"wp:term":[{"taxonomy":"product_brand","embeddable":true,"href":"https:\/\/ecosupplements.be\/fr\/wp-json\/wp\/v2\/product_brand?post=299508"},{"taxonomy":"product_cat","embeddable":true,"href":"https:\/\/ecosupplements.be\/fr\/wp-json\/wp\/v2\/product_cat?post=299508"},{"taxonomy":"product_tag","embeddable":true,"href":"https:\/\/ecosupplements.be\/fr\/wp-json\/wp\/v2\/product_tag?post=299508"}],"curies":[{"name":"wp","href":"https:\/\/api.w.org\/{rel}","templated":true}]}}