{"id":299514,"date":"2025-07-24T21:30:24","date_gmt":"2025-07-24T20:30:24","guid":{"rendered":"https:\/\/ecosupplements.be\/product\/aura-herbals-heart-support-60-caps\/"},"modified":"2025-08-28T02:19:55","modified_gmt":"2025-08-28T01:19:55","slug":"aura-herbals-heart-support-60-caps","status":"publish","type":"product","link":"https:\/\/ecosupplements.be\/fr\/produit\/aura-herbals-heart-support-60-caps\/","title":{"rendered":"Soutien cardiaque AURA HERBALS (60 g\u00e9lules)"},"content":{"rendered":"<p><strong>G\u0142\u00f3g dwuszyjkowy<\/strong> to ro\u015blina powszechnie wyst\u0119puj\u0105ca w Europie. W okresie kwitnienia g\u0142\u00f3g pokrywa si\u0119 kwiatami w kolorze r\u00f3\u017cowy, czerwonym lub bia\u0142ym. Jesieni\u0105 pojawiaj\u0105 si\u0119 na nim charakterystyczne czerwone owoce o cennych w\u0142a\u015bciwo\u015bciach.<\/p>\n<p><strong>Go\u017adzikowiec<\/strong> korzenny to drzewo nale\u017c\u0105ce do rodziny mirtowatych. Wyst\u0119puje g\u0142\u00f3wnie w Indonezji i Azji. Suszone p\u0105ki kwiat\u00f3w go\u017adzikowca (go\u017adziki korzenne) s\u0105 popularnym dodatkiem do potraw i rozgrzewaj\u0105cych napoj\u00f3w. Pozyskuje si\u0119 z nich tak\u017ce olejek go\u017adzikowy.<\/p>\n<p><strong>Rokitnik<\/strong> zwyczajny to ro\u015blina o pomara\u0144czowych owocach wyst\u0119puj\u0105ca w Europie i Azji. Owoce rokitnika cz\u0119sto wykorzystywane s\u0105 jako sk\u0142adnik da\u0144, zimowych przetwor\u00f3w oraz kosmetyk\u00f3w do piel\u0119gnacji twarzy i cia\u0142a.<\/p>\n<p><strong>Kolendra<\/strong> siewna pochodzi z regionu Morza \u015ar\u00f3dziemnego, ale uprawiana jest r\u00f3wnie\u017c w Europie. Ceniona jest za swoje dobroczynne w\u0142a\u015bciwo\u015bci i aromatyczny smak i zapach. Li\u015bcie, owoce i nasiona kolendry dodaje si\u0119 do potraw, aby nada\u0107 im wyrazisty charakter.<\/p>\n<p><strong>Oregano<\/strong> (lebiodka pospolita) to nie tylko jedna z najbardziej znanych przypraw, ale r\u00f3wnie\u017c ro\u015blina o dobroczynnym dzia\u0142aniu. Ziele lebiodki wykorzystywane jest zar\u00f3wno w kuchni jak i w kosmetyce. Olejek z oregano jest popularnym dodatkiem do k\u0105pieli, przyrz\u0105dza si\u0119 z niego r\u00f3wnie\u017c naturalne p\u0142ukanki i napary.<\/p>\n<\/p>\n<h2>Dlaczego warto wybra\u0107 preparat Moje Serce Aura Herbals?<\/h2>\n<div class=\"liclass\"><img loading=\"lazy\" decoding=\"async\" alt=\"lisc\" src=\"https:\/\/sklep.auraherbals.pl\/skins\/user\/rwd_shoper_1\/images\/user\/Lisc-li_Obszar%20roboczy%201.png\" width=\"15\" height=\"15\" \/>\u00a0w 100% odpowiedni dla wegan<\/div>\n<div class=\"liclass\"><img loading=\"lazy\" decoding=\"async\" alt=\"lisc\" src=\"https:\/\/sklep.auraherbals.pl\/skins\/user\/rwd_shoper_1\/images\/user\/Lisc-li_Obszar%20roboczy%201.png\" width=\"15\" height=\"15\" \/>\u00a0100% naturalne ekstrakty ro\u015blinne<\/div>\n<div class=\"liclass\"><img loading=\"lazy\" decoding=\"async\" alt=\"lisc\" src=\"https:\/\/sklep.auraherbals.pl\/skins\/user\/rwd_shoper_1\/images\/user\/Lisc-li_Obszar%20roboczy%201.png\" width=\"15\" height=\"15\" \/>\u00a01000 mg ekstrakt\u00f3w ro\u015blinnych w dziennej porcji<\/div>\n<div class=\"liclass\"><img loading=\"lazy\" decoding=\"async\" alt=\"lisc\" src=\"https:\/\/sklep.auraherbals.pl\/skins\/user\/rwd_shoper_1\/images\/user\/Lisc-li_Obszar%20roboczy%201.png\" width=\"15\" height=\"15\" \/>\u00a0ekstrakt z g\u0142ogu, go\u017adzikowca, kolendry i rokitnika<\/div>\n<div class=\"liclass\"><img loading=\"lazy\" decoding=\"async\" alt=\"lisc\" src=\"https:\/\/sklep.auraherbals.pl\/skins\/user\/rwd_shoper_1\/images\/user\/Lisc-li_Obszar%20roboczy%201.png\" width=\"15\" height=\"15\" \/>\u00a0ekstrakt z oregano standaryzowany na 10% karwakrolu<\/div>\n<div class=\"liclass\"><img loading=\"lazy\" decoding=\"async\" alt=\"lisc\" src=\"https:\/\/sklep.auraherbals.pl\/skins\/user\/rwd_shoper_1\/images\/user\/Lisc-li_Obszar%20roboczy%201.png\" width=\"15\" height=\"15\" \/>\u00a0clean label &#8211; najprostszy sk\u0142ad, bez zb\u0119dnych dodatk\u00f3w<\/div>\n<h2>Szczeg\u00f3lne w\u0142a\u015bciwo\u015bci sk\u0142adnik\u00f3w aktywnych<\/h2>\n<ul>\n<li><strong>G\u0142\u00f3g dwuszyjkowy<\/strong> reguluje aktywno\u015b\u0107 serca.<\/li>\n<li><strong>Go\u017adzikowiec<\/strong> wspiera funkcje sercowo-naczyniowe, stymuluje kr\u0105\u017cenie oraz pomaga utrzyma\u0107 prawid\u0142owy przep\u0142yw krwi.<\/li>\n<li><strong>Kolendra<\/strong> wspiera funkcje serca.<\/li>\n<li><strong>Oregano<\/strong> poprawia prac\u0119 serca, zwi\u0119ksza elastyczno\u015b\u0107 i wytrzyma\u0142o\u015b\u0107 naczy\u0144 krwiono\u015bnych i \u015bcian naczy\u0144 w\u0142osowatych.<\/li>\n<\/ul>\n<h2><\/h2>\n<h2>Wa\u017cne informacje<\/h2>\n<h4>Zalecana dzienne spo\u017cycie<\/h4>\n<p>Zalecana porcja do spo\u017cycia w ci\u0105gu dnia: 2 kapsu\u0142ki.<\/p>\n<p>Nie przekraczaj zalecanej porcji do spo\u017cycia w ci\u0105gu dnia.<\/p>\n<h4>Sk\u0142adniki w dziennej porcji<span><\/span><\/span><\/h4>\n<table id=\"tabelaskladniki\">\n<tbody>\n<tr style=\"color:#ffffff;background-color:#2a5236\">\n<th>Sk\u0142adniki aktywne<\/th>\n<th>2 kapsu\u0142ki<\/th>\n<\/tr>\n<tr>\n<td>Ekstrakt z g\u0142ogu dwuszyjkowego DER 20:1<\/td>\n<td>200 mg<\/td>\n<\/tr>\n<tr>\n<td>Ekstrakt z go\u017adzikowca korzennego DER 4:1<\/td>\n<td>200 mg<\/td>\n<\/tr>\n<tr>\n<td>Ekstrakt z rokitnika zwyczajnego DER 4:1<\/td>\n<td>200 mg<\/td>\n<\/tr>\n<tr>\n<td>Ekstrakt z kolendry siewnej DER 4:1<\/td>\n<td>200 mg<\/td>\n<\/tr>\n<tr>\n<td>Ekstrakt z oregano DER 15:1, w tym:<\/td>\n<td>200 mg<\/td>\n<\/tr>\n<tr>\n<td>\n<ul>\n<li>10% karwakrolu<\/li>\n<\/ul>\n<\/td>\n<td>20 mg<\/td>\n<\/tr>\n<\/tbody>\n<\/table>\n<h4><\/h4>\n<p>1 kapsu\u0142k\u0119 popi\u0107 wod\u0105. Stosowa\u0107 dwa razy dziennie.<\/p>\n<p>Nie stosowa\u0107 w przypadku alergii na jakikolwiek sk\u0142adnik suplementu.<\/p>\n<p>Suplement diety nie mo\u017ce by\u0107 stosowany jako substytut zr\u00f3\u017cnicowanej diety. Pami\u0119taj, \u017ce bardzo wa\u017cny i zalecany jest zr\u00f3wnowa\u017cony spos\u00f3b \u017cywienia i zdrowy tryb \u017cycia.<\/p>\n<h4>Sk\u0142adniki<\/h4>\n<p><span><span>Inulina, ekstrakt z owoc\u00f3w g\u0142ogu dwuszyjkowego DER 20:1, ekstrakt z kwiat\u00f3w go\u017adzikowca korzennego DER 4:1, ekstrakt z owoc\u00f3w rokitnika zwyczajnego DER 4:1, ekstrakt z owoc\u00f3w kolendry siewnej DER 4:1, ekstrakt z oregano DER 15:1 standaryzowany na 10% karwakrolu, L-leucyna, otoczka kapsu\u0142ki: hydroksypropylometyloceluloza.<\/span><\/span><\/span><\/span><\/p>\n<h4>Ilo\u015b\u0107 netto<\/h4>\n<p><span><span>46,8 g (60 kapsu\u0142ek).<\/span><\/span><\/span><\/span><\/p>\n","protected":false},"excerpt":{"rendered":"<p>G\u0142\u00f3g dwuszyjkowy to ro\u015blina powszechnie wyst\u0119puj\u0105ca w Europie. W okresie kwitnienia g\u0142\u00f3g pokrywa si\u0119 kwiatami w kolorze r\u00f3\u017cowy, czerwonym lub bia\u0142ym. Jesieni\u0105 pojawiaj\u0105 si\u0119 na nim charakterystyczne czerwone owoce o cennych w\u0142a\u015bciwo\u015bciach. Go\u017adzikowiec korzenny to drzewo nale\u017c\u0105ce do rodziny mirtowatych. Wyst\u0119puje g\u0142\u00f3wnie w Indonezji i Azji. Suszone p\u0105ki kwiat\u00f3w go\u017adzikowca (go\u017adziki korzenne) s\u0105 popularnym dodatkiem [&#8230;]\n","protected":false},"featured_media":273657,"comment_status":"closed","ping_status":"open","template":"","meta":[],"product_brand":[5338],"product_cat":[5053],"product_tag":[],"class_list":{"0":"post-299514","1":"product","2":"type-product","3":"status-publish","4":"has-post-thumbnail","6":"product_brand-aura-herbals-2","7":"product_cat-vitamines-et-mineraux","9":"first","10":"instock","11":"taxable","12":"shipping-taxable","13":"purchasable","14":"product-type-simple"},"yoast_head":"<!-- This site is optimized with the Yoast SEO Premium plugin v27.3 (Yoast SEO v27.3) - https:\/\/yoast.com\/product\/yoast-seo-premium-wordpress\/ -->\n<title>Soutien cardiaque AURA HERBALS (60 g\u00e9lules) - ECO Supplements<\/title>\n<meta name=\"description\" content=\"Wij hebben een ruime keuze aan producten van Soutien cardiaque AURA HERBALS (60 g\u00e9lules) . Winkel bij Eco Supplements altijd gratis verzending boven 100\u20ac\" \/>\n<meta name=\"robots\" content=\"index, follow, max-snippet:-1, max-image-preview:large, max-video-preview:-1\" \/>\n<link rel=\"canonical\" href=\"https:\/\/ecosupplements.be\/fr\/produit\/aura-herbals-heart-support-60-caps\/\" \/>\n<meta property=\"og:locale\" content=\"fr_FR\" \/>\n<meta property=\"og:type\" content=\"article\" \/>\n<meta property=\"og:title\" content=\"Soutien cardiaque AURA HERBALS (60 g\u00e9lules)\" \/>\n<meta property=\"og:description\" content=\"Wij hebben een ruime keuze aan producten van Soutien cardiaque AURA HERBALS (60 g\u00e9lules) . Winkel bij Eco Supplements altijd gratis verzending boven 100\u20ac\" \/>\n<meta property=\"og:url\" content=\"https:\/\/ecosupplements.be\/fr\/produit\/aura-herbals-heart-support-60-caps\/\" \/>\n<meta property=\"og:site_name\" content=\"ECO Supplements\" \/>\n<meta property=\"article:modified_time\" content=\"2025-08-28T01:19:55+00:00\" \/>\n<meta property=\"og:image\" content=\"https:\/\/ecosupplements.be\/wp-content\/uploads\/2025\/08\/AURA-HERBALS-Heart-Support-60-caps.jpg\" \/>\n\t<meta property=\"og:image:width\" content=\"700\" \/>\n\t<meta property=\"og:image:height\" content=\"700\" \/>\n\t<meta property=\"og:image:type\" content=\"image\/jpeg\" \/>\n<meta name=\"twitter:card\" content=\"summary_large_image\" \/>\n<meta name=\"twitter:label1\" content=\"Prix\" \/>\n\t<meta name=\"twitter:data1\" content=\"9.75&nbsp;&euro;\" \/>\n\t<meta name=\"twitter:label2\" content=\"Disponibilit\u00e9\" \/>\n\t<meta name=\"twitter:data2\" content=\"En stock\" \/>\n<script type=\"application\/ld+json\" class=\"yoast-schema-graph\">{\"@context\":\"https:\\\/\\\/schema.org\",\"@graph\":[{\"@type\":[\"WebPage\",\"ItemPage\"],\"@id\":\"https:\\\/\\\/ecosupplements.be\\\/fr\\\/produit\\\/aura-herbals-heart-support-60-caps\\\/\",\"url\":\"https:\\\/\\\/ecosupplements.be\\\/fr\\\/produit\\\/aura-herbals-heart-support-60-caps\\\/\",\"name\":\"Soutien cardiaque AURA HERBALS (60 g\u00e9lules) - ECO Supplements\",\"isPartOf\":{\"@id\":\"https:\\\/\\\/ecosupplements.be\\\/fr\\\/#website\"},\"primaryImageOfPage\":{\"@id\":\"https:\\\/\\\/ecosupplements.be\\\/fr\\\/produit\\\/aura-herbals-heart-support-60-caps\\\/#primaryimage\"},\"image\":{\"@id\":\"https:\\\/\\\/ecosupplements.be\\\/fr\\\/produit\\\/aura-herbals-heart-support-60-caps\\\/#primaryimage\"},\"thumbnailUrl\":\"https:\\\/\\\/ecosupplements.be\\\/wp-content\\\/uploads\\\/2025\\\/08\\\/AURA-HERBALS-Heart-Support-60-caps.jpg\",\"datePublished\":\"2025-07-24T20:30:24+00:00\",\"dateModified\":\"2025-08-28T01:19:55+00:00\",\"description\":\"Wij hebben een ruime keuze aan producten van Soutien cardiaque AURA HERBALS (60 g\u00e9lules) . Winkel bij Eco Supplements altijd gratis verzending boven 100\u20ac\",\"breadcrumb\":{\"@id\":\"https:\\\/\\\/ecosupplements.be\\\/fr\\\/produit\\\/aura-herbals-heart-support-60-caps\\\/#breadcrumb\"},\"inLanguage\":\"fr-FR\",\"potentialAction\":[{\"@type\":\"ReadAction\",\"target\":[\"https:\\\/\\\/ecosupplements.be\\\/fr\\\/produit\\\/aura-herbals-heart-support-60-caps\\\/\"]}]},{\"@type\":\"ImageObject\",\"inLanguage\":\"fr-FR\",\"@id\":\"https:\\\/\\\/ecosupplements.be\\\/fr\\\/produit\\\/aura-herbals-heart-support-60-caps\\\/#primaryimage\",\"url\":\"https:\\\/\\\/ecosupplements.be\\\/wp-content\\\/uploads\\\/2025\\\/08\\\/AURA-HERBALS-Heart-Support-60-caps.jpg\",\"contentUrl\":\"https:\\\/\\\/ecosupplements.be\\\/wp-content\\\/uploads\\\/2025\\\/08\\\/AURA-HERBALS-Heart-Support-60-caps.jpg\",\"width\":700,\"height\":700},{\"@type\":\"BreadcrumbList\",\"@id\":\"https:\\\/\\\/ecosupplements.be\\\/fr\\\/produit\\\/aura-herbals-heart-support-60-caps\\\/#breadcrumb\",\"itemListElement\":[{\"@type\":\"ListItem\",\"position\":1,\"name\":\"Home\",\"item\":\"https:\\\/\\\/ecosupplements.be\\\/fr\\\/\"},{\"@type\":\"ListItem\",\"position\":2,\"name\":\"Boutique\",\"item\":\"https:\\\/\\\/ecosupplements.be\\\/fr\\\/boutique\\\/\"},{\"@type\":\"ListItem\",\"position\":3,\"name\":\"Soutien cardiaque AURA HERBALS (60 g\u00e9lules)\"}]},{\"@type\":\"WebSite\",\"@id\":\"https:\\\/\\\/ecosupplements.be\\\/fr\\\/#website\",\"url\":\"https:\\\/\\\/ecosupplements.be\\\/fr\\\/\",\"name\":\"ECO Supplements\",\"description\":\"Eco Supplements - Gezonde supplementen\",\"publisher\":{\"@id\":\"https:\\\/\\\/ecosupplements.be\\\/fr\\\/#organization\"},\"potentialAction\":[{\"@type\":\"SearchAction\",\"target\":{\"@type\":\"EntryPoint\",\"urlTemplate\":\"https:\\\/\\\/ecosupplements.be\\\/fr\\\/?s={search_term_string}\"},\"query-input\":{\"@type\":\"PropertyValueSpecification\",\"valueRequired\":true,\"valueName\":\"search_term_string\"}}],\"inLanguage\":\"fr-FR\"},{\"@type\":\"Organization\",\"@id\":\"https:\\\/\\\/ecosupplements.be\\\/fr\\\/#organization\",\"name\":\"Eco Supplements\",\"url\":\"https:\\\/\\\/ecosupplements.be\\\/fr\\\/\",\"logo\":{\"@type\":\"ImageObject\",\"inLanguage\":\"fr-FR\",\"@id\":\"https:\\\/\\\/ecosupplements.be\\\/fr\\\/#\\\/schema\\\/logo\\\/image\\\/\",\"url\":\"https:\\\/\\\/ecosupplements.be\\\/wp-content\\\/uploads\\\/2022\\\/06\\\/ecosupplement-family.png\",\"contentUrl\":\"https:\\\/\\\/ecosupplements.be\\\/wp-content\\\/uploads\\\/2022\\\/06\\\/ecosupplement-family.png\",\"width\":593,\"height\":374,\"caption\":\"Eco Supplements\"},\"image\":{\"@id\":\"https:\\\/\\\/ecosupplements.be\\\/fr\\\/#\\\/schema\\\/logo\\\/image\\\/\"}}]}<\/script>\n<meta property=\"product:brand\" content=\"Aura Herbals\" \/>\n<meta property=\"product:price:amount\" content=\"9.75\" \/>\n<meta property=\"product:price:currency\" content=\"EUR\" \/>\n<meta property=\"og:availability\" content=\"instock\" \/>\n<meta property=\"product:availability\" content=\"instock\" \/>\n<meta property=\"product:retailer_item_id\" content=\"5902479612379\" \/>\n<meta property=\"product:condition\" content=\"new\" \/>\n<!-- \/ Yoast SEO Premium plugin. -->","yoast_head_json":{"title":"Soutien cardiaque AURA HERBALS (60 g\u00e9lules) - ECO Supplements","description":"Wij hebben een ruime keuze aan producten van Soutien cardiaque AURA HERBALS (60 g\u00e9lules) . Winkel bij Eco Supplements altijd gratis verzending boven 100\u20ac","robots":{"index":"index","follow":"follow","max-snippet":"max-snippet:-1","max-image-preview":"max-image-preview:large","max-video-preview":"max-video-preview:-1"},"canonical":"https:\/\/ecosupplements.be\/fr\/produit\/aura-herbals-heart-support-60-caps\/","og_locale":"fr_FR","og_type":"article","og_title":"Soutien cardiaque AURA HERBALS (60 g\u00e9lules)","og_description":"Wij hebben een ruime keuze aan producten van Soutien cardiaque AURA HERBALS (60 g\u00e9lules) . Winkel bij Eco Supplements altijd gratis verzending boven 100\u20ac","og_url":"https:\/\/ecosupplements.be\/fr\/produit\/aura-herbals-heart-support-60-caps\/","og_site_name":"ECO Supplements","article_modified_time":"2025-08-28T01:19:55+00:00","og_image":[{"width":700,"height":700,"url":"https:\/\/ecosupplements.be\/wp-content\/uploads\/2025\/08\/AURA-HERBALS-Heart-Support-60-caps.jpg","type":"image\/jpeg"}],"twitter_card":"summary_large_image","twitter_misc":{"Prix":"9.75&nbsp;&euro;","Disponibilit\u00e9":"En stock"},"schema":{"@context":"https:\/\/schema.org","@graph":[{"@type":["WebPage","ItemPage"],"@id":"https:\/\/ecosupplements.be\/fr\/produit\/aura-herbals-heart-support-60-caps\/","url":"https:\/\/ecosupplements.be\/fr\/produit\/aura-herbals-heart-support-60-caps\/","name":"Soutien cardiaque AURA HERBALS (60 g\u00e9lules) - ECO Supplements","isPartOf":{"@id":"https:\/\/ecosupplements.be\/fr\/#website"},"primaryImageOfPage":{"@id":"https:\/\/ecosupplements.be\/fr\/produit\/aura-herbals-heart-support-60-caps\/#primaryimage"},"image":{"@id":"https:\/\/ecosupplements.be\/fr\/produit\/aura-herbals-heart-support-60-caps\/#primaryimage"},"thumbnailUrl":"https:\/\/ecosupplements.be\/wp-content\/uploads\/2025\/08\/AURA-HERBALS-Heart-Support-60-caps.jpg","datePublished":"2025-07-24T20:30:24+00:00","dateModified":"2025-08-28T01:19:55+00:00","description":"Wij hebben een ruime keuze aan producten van Soutien cardiaque AURA HERBALS (60 g\u00e9lules) . Winkel bij Eco Supplements altijd gratis verzending boven 100\u20ac","breadcrumb":{"@id":"https:\/\/ecosupplements.be\/fr\/produit\/aura-herbals-heart-support-60-caps\/#breadcrumb"},"inLanguage":"fr-FR","potentialAction":[{"@type":"ReadAction","target":["https:\/\/ecosupplements.be\/fr\/produit\/aura-herbals-heart-support-60-caps\/"]}]},{"@type":"ImageObject","inLanguage":"fr-FR","@id":"https:\/\/ecosupplements.be\/fr\/produit\/aura-herbals-heart-support-60-caps\/#primaryimage","url":"https:\/\/ecosupplements.be\/wp-content\/uploads\/2025\/08\/AURA-HERBALS-Heart-Support-60-caps.jpg","contentUrl":"https:\/\/ecosupplements.be\/wp-content\/uploads\/2025\/08\/AURA-HERBALS-Heart-Support-60-caps.jpg","width":700,"height":700},{"@type":"BreadcrumbList","@id":"https:\/\/ecosupplements.be\/fr\/produit\/aura-herbals-heart-support-60-caps\/#breadcrumb","itemListElement":[{"@type":"ListItem","position":1,"name":"Home","item":"https:\/\/ecosupplements.be\/fr\/"},{"@type":"ListItem","position":2,"name":"Boutique","item":"https:\/\/ecosupplements.be\/fr\/boutique\/"},{"@type":"ListItem","position":3,"name":"Soutien cardiaque AURA HERBALS (60 g\u00e9lules)"}]},{"@type":"WebSite","@id":"https:\/\/ecosupplements.be\/fr\/#website","url":"https:\/\/ecosupplements.be\/fr\/","name":"ECO Supplements","description":"Eco Supplements - Gezonde supplementen","publisher":{"@id":"https:\/\/ecosupplements.be\/fr\/#organization"},"potentialAction":[{"@type":"SearchAction","target":{"@type":"EntryPoint","urlTemplate":"https:\/\/ecosupplements.be\/fr\/?s={search_term_string}"},"query-input":{"@type":"PropertyValueSpecification","valueRequired":true,"valueName":"search_term_string"}}],"inLanguage":"fr-FR"},{"@type":"Organization","@id":"https:\/\/ecosupplements.be\/fr\/#organization","name":"Eco Supplements","url":"https:\/\/ecosupplements.be\/fr\/","logo":{"@type":"ImageObject","inLanguage":"fr-FR","@id":"https:\/\/ecosupplements.be\/fr\/#\/schema\/logo\/image\/","url":"https:\/\/ecosupplements.be\/wp-content\/uploads\/2022\/06\/ecosupplement-family.png","contentUrl":"https:\/\/ecosupplements.be\/wp-content\/uploads\/2022\/06\/ecosupplement-family.png","width":593,"height":374,"caption":"Eco Supplements"},"image":{"@id":"https:\/\/ecosupplements.be\/fr\/#\/schema\/logo\/image\/"}}]},"product_brand":"Aura Herbals","product_price_amount":"9.75","product_price_currency":"EUR","og_availability":"instock","product_availability":"instock","product_retailer_item_id":"5902479612379","product_condition":"new"},"_links":{"self":[{"href":"https:\/\/ecosupplements.be\/fr\/wp-json\/wp\/v2\/product\/299514","targetHints":{"allow":["GET"]}}],"collection":[{"href":"https:\/\/ecosupplements.be\/fr\/wp-json\/wp\/v2\/product"}],"about":[{"href":"https:\/\/ecosupplements.be\/fr\/wp-json\/wp\/v2\/types\/product"}],"replies":[{"embeddable":true,"href":"https:\/\/ecosupplements.be\/fr\/wp-json\/wp\/v2\/comments?post=299514"}],"wp:featuredmedia":[{"embeddable":true,"href":"https:\/\/ecosupplements.be\/fr\/wp-json\/wp\/v2\/media\/273657"}],"wp:attachment":[{"href":"https:\/\/ecosupplements.be\/fr\/wp-json\/wp\/v2\/media?parent=299514"}],"wp:term":[{"taxonomy":"product_brand","embeddable":true,"href":"https:\/\/ecosupplements.be\/fr\/wp-json\/wp\/v2\/product_brand?post=299514"},{"taxonomy":"product_cat","embeddable":true,"href":"https:\/\/ecosupplements.be\/fr\/wp-json\/wp\/v2\/product_cat?post=299514"},{"taxonomy":"product_tag","embeddable":true,"href":"https:\/\/ecosupplements.be\/fr\/wp-json\/wp\/v2\/product_tag?post=299514"}],"curies":[{"name":"wp","href":"https:\/\/api.w.org\/{rel}","templated":true}]}}