{"id":299520,"date":"2025-07-24T21:30:24","date_gmt":"2025-07-24T20:30:24","guid":{"rendered":"https:\/\/ecosupplements.be\/product\/aura-herbals-vision-support-60-caps\/"},"modified":"2025-08-28T02:20:02","modified_gmt":"2025-08-28T01:20:02","slug":"aura-herbals-vision-support-60-caps","status":"publish","type":"product","link":"https:\/\/ecosupplements.be\/fr\/produit\/aura-herbals-vision-support-60-caps\/","title":{"rendered":"Soutien de la vision AURA HERBALS (60 g\u00e9lules)"},"content":{"rendered":"<p><strong>Bor\u00f3wka<\/strong> czarna to ro\u015blina powszechnie wyst\u0119puj\u0105ca w Azji, Ameryce P\u00f3\u0142nocnej i Europie. W Polsce wyst\u0119puje przewa\u017cnie na le\u015bnych obszarach. Owoce bor\u00f3wki czarnej zawieraj\u0105 antocyjany &#8211; cenne zwi\u0105zki chemiczne z grupy flawonoid\u00f3w.<\/p>\n<p><strong>Aksamitka wzniesiona<\/strong> to ro\u015blina z gatunku astrowatych o pomara\u0144czowych i \u017c\u00f3\u0142tych kwiatach zawieraj\u0105cych lutein\u0119 i zeaksantyn\u0119.<\/p>\n<p><strong>Aksamitka rozpierzch\u0142a<\/strong> to gatunek pochodz\u0105cy z Meksyku i Ameryki \u015arodkowej. Posiada charakterystyczne \u017c\u00f3\u0142topomara\u0144czowe kwiaty. Aksamitka rozpierzch\u0142a cz\u0119sto uprawiana jest jako ro\u015blina ogrodowa. Kwiaty aksamitki s\u0105 bogate w lutein\u0119 &#8211; \u017c\u00f3\u0142ty barwnik ro\u015blinny z grupy karotenoid\u00f3w.<\/p>\n<p><strong>Mi\u0142orz\u0105b japo\u0144ski (ginkgo biloba)<\/strong> ze wzgl\u0119du na swoje w\u0142a\u015bciwo\u015bci cz\u0119sto stosowany jest w krajach Dalekiego Wschodu. Sproszkowane li\u015bcie mi\u0142orz\u0119bu wykorzystuje si\u0119 do przyrz\u0105dzania napar\u00f3w i nalewek. Pra\u017cone nasiona mi\u0142orz\u0119bu japo\u0144skiego to tak\u017ce popularny przysmak kuchni azjatyckiej.<\/p>\n<p>Otoczka kapsu\u0142ki z celulozy ro\u015blinnej odpowiednia dla wegan i wegetarian.<\/p>\n<h2>Dlaczego warto wybra\u0107 preparat M\u00f3j Wzrok &#8211; Naturalne Wsparcie Wzroku Aura Herbals?<\/h2>\n<div class=\"liclass\"><img loading=\"lazy\" decoding=\"async\" alt=\"lisc\" src=\"https:\/\/sklep.auraherbals.pl\/skins\/user\/rwd_shoper_1\/images\/user\/Lisc-li_Obszar%20roboczy%201.png\" width=\"15\" height=\"15\" \/>\u00a0w 100% odpowiedni dla wegan<\/div>\n<div class=\"liclass\"><img loading=\"lazy\" decoding=\"async\" alt=\"lisc\" src=\"https:\/\/sklep.auraherbals.pl\/skins\/user\/rwd_shoper_1\/images\/user\/Lisc-li_Obszar%20roboczy%201.png\" width=\"15\" height=\"15\" \/>\u00a0100% naturalne ekstrakty ro\u015blinne<\/div>\n<div class=\"liclass\"><img loading=\"lazy\" decoding=\"async\" alt=\"lisc\" src=\"https:\/\/sklep.auraherbals.pl\/skins\/user\/rwd_shoper_1\/images\/user\/Lisc-li_Obszar%20roboczy%201.png\" width=\"15\" height=\"15\" \/>\u00a0ekstrakt z owoc\u00f3w bor\u00f3wki czarnej stand. na 25% antocyjanozyd\u00f3w<\/div>\n<div class=\"liclass\"><img loading=\"lazy\" decoding=\"async\" alt=\"lisc\" src=\"https:\/\/sklep.auraherbals.pl\/skins\/user\/rwd_shoper_1\/images\/user\/Lisc-li_Obszar%20roboczy%201.png\" width=\"15\" height=\"15\" \/>\u00a0ekstrakt z kwiat\u00f3w aksamitki rozpierzch\u0142ej stand. na 20% luteiny<\/div>\n<div class=\"liclass\"><img loading=\"lazy\" decoding=\"async\" alt=\"lisc\" src=\"https:\/\/sklep.auraherbals.pl\/skins\/user\/rwd_shoper_1\/images\/user\/Lisc-li_Obszar%20roboczy%201.png\" width=\"15\" height=\"15\" \/>\u00a0ekstrakt z kwiat\u00f3w aksamitki wzniesionej stand. na 20% luteiny i 4% zeaksantyny<\/div>\n<div class=\"liclass\"><img loading=\"lazy\" decoding=\"async\" alt=\"lisc\" src=\"https:\/\/sklep.auraherbals.pl\/skins\/user\/rwd_shoper_1\/images\/user\/Lisc-li_Obszar%20roboczy%201.png\" width=\"15\" height=\"15\" \/>\u00a0clean label &#8211; najprostszy sk\u0142ad, bez zb\u0119dnych dodatk\u00f3w<\/div>\n<\/p>\n<h2>Szczeg\u00f3lne w\u0142a\u015bciwo\u015bci sk\u0142adnik\u00f3w aktywnych<span><\/span><\/span><\/h2>\n<ul>\n<li><sup>1<\/sup><strong>Bor\u00f3wka czarna<\/strong> &#8211; antocyjanozydy zawarte w bor\u00f3wkach pomagaj\u0105 utrzyma\u0107 prawid\u0142owe funkcje siatk\u00f3wki oraz mog\u0105 pom\u00f3c w stabilizacji zdrowego poziomu kolagenu w oku.<\/li>\n<li><sup>2<\/sup><strong>Aksamitka rozpierzch\u0142a<\/strong> &#8211; przyczynia si\u0119 do poprawy ostro\u015bci wzroku.<\/li>\n<li><sup>3<\/sup><strong>Mi\u0142orz\u0105b japo\u0144ski<\/strong> &#8211; przyczynia si\u0119 do dobrego widzenia.<\/li>\n<\/ul>\n<h2><\/h2>\n<h2>Wa\u017cne informacje<\/h2>\n<h4>Zalecana dzienne spo\u017cycie<\/h4>\n<p>Zalecana porcja do spo\u017cycia w ci\u0105gu dnia: 2 kapsu\u0142ki.<\/p>\n<p>Nie przekraczaj zalecanej porcji do spo\u017cycia w ci\u0105gu dnia.<\/p>\n<h4>Sk\u0142adniki w dziennej porcji<\/h4>\n<table id=\"tabelaskladniki\">\n<tbody>\n<tr style=\"color:#ffffff;background-color:#2a5236\">\n<th>Sk\u0142adniki aktywne<\/th>\n<th>2 kapsu\u0142ki<\/th>\n<\/tr>\n<tr>\n<td>Ekstrakt z bor\u00f3wki czarnej, w tym:<\/td>\n<td>200 mg<\/td>\n<\/tr>\n<tr>\n<td>\n<ul>\n<li>25% antocyjanozyd\u00f3w<\/li>\n<\/ul>\n<\/td>\n<td>50 mg<\/td>\n<\/tr>\n<tr>\n<td>Ekstrakt z aksamitki wzniesionej, w tym:<\/td>\n<td>40 mg<\/td>\n<\/tr>\n<tr>\n<td>\n<ul>\n<li>20% luteiny<\/li>\n<\/ul>\n<\/td>\n<td>8 mg<\/td>\n<\/tr>\n<tr>\n<td>\n<ul>\n<li>4% zeaksantyny<\/li>\n<\/ul>\n<\/td>\n<td>1,6 mg<\/td>\n<\/tr>\n<tr>\n<td>Ekstrakt z aksamitki rozpierzch\u0142ej, w tym:<\/td>\n<td>200 mg<\/td>\n<\/tr>\n<tr>\n<td>\n<ul>\n<li>20% luteiny<\/li>\n<\/ul>\n<\/td>\n<td>40 mg<\/td>\n<\/tr>\n<tr>\n<td>Ekstrakt z mi\u0142orz\u0119bu japo\u0144skiego<\/td>\n<td>200 mg<\/td>\n<\/tr>\n<\/tbody>\n<\/table>\n<h4>Spos\u00f3b u\u017cycia<\/h4>\n<p>1 kapsu\u0142k\u0119 popi\u0107 wod\u0105. Stosowa\u0107 dwa razy dziennie.<\/p>\n<h4>Wa\u017cne informacje<\/h4>\n<p>Nie stosowa\u0107 w przypadku alergii na jakikolwiek sk\u0142adnik suplementu.<\/p>\n<p>Suplement diety nie mo\u017ce by\u0107 stosowany jako substytut zr\u00f3\u017cnicowanej diety. Pami\u0119taj, \u017ce bardzo wa\u017cny i zalecany jest zr\u00f3wnowa\u017cony spos\u00f3b \u017cywienia i zdrowy tryb \u017cycia.<\/p>\n<h4>Sk\u0142adniki<\/h4>\n<p><span>Inulina, ekstrakt z owoc\u00f3w bor\u00f3wki czarnej DER 100:1 standaryzowany na 25% antocyjanozyd\u00f3w, ekstrakt z kwiat\u00f3w aksamitki rozpierzch\u0142ej DER 20:1 standaryzowany na 20% luteiny, ekstrakt z li\u015bci mi\u0142orz\u0119bu japo\u0144skiego DER 4:1, ekstrakt z kwiat\u00f3w aksamitki wzniesionej standaryzowany na 20% luteiny i 4% zeaksantyny, L-leucyna, otoczka kapsu\u0142ki: hydroksypropylometyloceluloza.<\/span><\/span><\/p>\n<h4>Ilo\u015b\u0107 netto<\/h4>\n<p><span>45 g (60 kapsu\u0142ek).<\/span><\/span><\/p>\n<h4>Przechowywanie<\/h4>\n<p>Przechowuj w suchym miejscu w temperaturze poni\u017cej 25\u00b0C.<\/p>\n<p>Suplement diety przechowuj w spos\u00f3b niedost\u0119pny dla ma\u0142ych dzieci.<\/p>\n","protected":false},"excerpt":{"rendered":"<p>Bor\u00f3wka czarna to ro\u015blina powszechnie wyst\u0119puj\u0105ca w Azji, Ameryce P\u00f3\u0142nocnej i Europie. W Polsce wyst\u0119puje przewa\u017cnie na le\u015bnych obszarach. Owoce bor\u00f3wki czarnej zawieraj\u0105 antocyjany &#8211; cenne zwi\u0105zki chemiczne z grupy flawonoid\u00f3w. Aksamitka wzniesiona to ro\u015blina z gatunku astrowatych o pomara\u0144czowych i \u017c\u00f3\u0142tych kwiatach zawieraj\u0105cych lutein\u0119 i zeaksantyn\u0119. Aksamitka rozpierzch\u0142a to gatunek pochodz\u0105cy z Meksyku i [&#8230;]\n","protected":false},"featured_media":273663,"comment_status":"closed","ping_status":"open","template":"","meta":[],"product_brand":[5338],"product_cat":[5053],"product_tag":[],"class_list":{"0":"post-299520","1":"product","2":"type-product","3":"status-publish","4":"has-post-thumbnail","6":"product_brand-aura-herbals-2","7":"product_cat-vitamines-et-mineraux","9":"first","10":"instock","11":"taxable","12":"shipping-taxable","13":"purchasable","14":"product-type-simple"},"yoast_head":"<!-- This site is optimized with the Yoast SEO Premium plugin v27.3 (Yoast SEO v27.3) - https:\/\/yoast.com\/product\/yoast-seo-premium-wordpress\/ -->\n<title>Soutien de la vision AURA HERBALS (60 g\u00e9lules) - ECO Supplements<\/title>\n<meta name=\"description\" content=\"Wij hebben een ruime keuze aan producten van Soutien de la vision AURA HERBALS (60 g\u00e9lules) . Winkel bij Eco Supplements altijd gratis verzending boven 100\u20ac\" \/>\n<meta name=\"robots\" content=\"index, follow, max-snippet:-1, max-image-preview:large, max-video-preview:-1\" \/>\n<link rel=\"canonical\" href=\"https:\/\/ecosupplements.be\/fr\/produit\/aura-herbals-vision-support-60-caps\/\" \/>\n<meta property=\"og:locale\" content=\"fr_FR\" \/>\n<meta property=\"og:type\" content=\"article\" \/>\n<meta property=\"og:title\" content=\"Soutien de la vision AURA HERBALS (60 g\u00e9lules)\" \/>\n<meta property=\"og:description\" content=\"Wij hebben een ruime keuze aan producten van Soutien de la vision AURA HERBALS (60 g\u00e9lules) . Winkel bij Eco Supplements altijd gratis verzending boven 100\u20ac\" \/>\n<meta property=\"og:url\" content=\"https:\/\/ecosupplements.be\/fr\/produit\/aura-herbals-vision-support-60-caps\/\" \/>\n<meta property=\"og:site_name\" content=\"ECO Supplements\" \/>\n<meta property=\"article:modified_time\" content=\"2025-08-28T01:20:02+00:00\" \/>\n<meta property=\"og:image\" content=\"https:\/\/ecosupplements.be\/wp-content\/uploads\/2025\/08\/AURA-HERBALS-Vision-Support-60-caps.jpg\" \/>\n\t<meta property=\"og:image:width\" content=\"700\" \/>\n\t<meta property=\"og:image:height\" content=\"700\" \/>\n\t<meta property=\"og:image:type\" content=\"image\/jpeg\" \/>\n<meta name=\"twitter:card\" content=\"summary_large_image\" \/>\n<meta name=\"twitter:label1\" content=\"Prix\" \/>\n\t<meta name=\"twitter:data1\" content=\"9.60&nbsp;&euro;\" \/>\n\t<meta name=\"twitter:label2\" content=\"Disponibilit\u00e9\" \/>\n\t<meta name=\"twitter:data2\" content=\"En stock\" \/>\n<script type=\"application\/ld+json\" class=\"yoast-schema-graph\">{\"@context\":\"https:\\\/\\\/schema.org\",\"@graph\":[{\"@type\":[\"WebPage\",\"ItemPage\"],\"@id\":\"https:\\\/\\\/ecosupplements.be\\\/fr\\\/produit\\\/aura-herbals-vision-support-60-caps\\\/\",\"url\":\"https:\\\/\\\/ecosupplements.be\\\/fr\\\/produit\\\/aura-herbals-vision-support-60-caps\\\/\",\"name\":\"Soutien de la vision AURA HERBALS (60 g\u00e9lules) - ECO Supplements\",\"isPartOf\":{\"@id\":\"https:\\\/\\\/ecosupplements.be\\\/fr\\\/#website\"},\"primaryImageOfPage\":{\"@id\":\"https:\\\/\\\/ecosupplements.be\\\/fr\\\/produit\\\/aura-herbals-vision-support-60-caps\\\/#primaryimage\"},\"image\":{\"@id\":\"https:\\\/\\\/ecosupplements.be\\\/fr\\\/produit\\\/aura-herbals-vision-support-60-caps\\\/#primaryimage\"},\"thumbnailUrl\":\"https:\\\/\\\/ecosupplements.be\\\/wp-content\\\/uploads\\\/2025\\\/08\\\/AURA-HERBALS-Vision-Support-60-caps.jpg\",\"datePublished\":\"2025-07-24T20:30:24+00:00\",\"dateModified\":\"2025-08-28T01:20:02+00:00\",\"description\":\"Wij hebben een ruime keuze aan producten van Soutien de la vision AURA HERBALS (60 g\u00e9lules) . Winkel bij Eco Supplements altijd gratis verzending boven 100\u20ac\",\"breadcrumb\":{\"@id\":\"https:\\\/\\\/ecosupplements.be\\\/fr\\\/produit\\\/aura-herbals-vision-support-60-caps\\\/#breadcrumb\"},\"inLanguage\":\"fr-FR\",\"potentialAction\":[{\"@type\":\"ReadAction\",\"target\":[\"https:\\\/\\\/ecosupplements.be\\\/fr\\\/produit\\\/aura-herbals-vision-support-60-caps\\\/\"]}]},{\"@type\":\"ImageObject\",\"inLanguage\":\"fr-FR\",\"@id\":\"https:\\\/\\\/ecosupplements.be\\\/fr\\\/produit\\\/aura-herbals-vision-support-60-caps\\\/#primaryimage\",\"url\":\"https:\\\/\\\/ecosupplements.be\\\/wp-content\\\/uploads\\\/2025\\\/08\\\/AURA-HERBALS-Vision-Support-60-caps.jpg\",\"contentUrl\":\"https:\\\/\\\/ecosupplements.be\\\/wp-content\\\/uploads\\\/2025\\\/08\\\/AURA-HERBALS-Vision-Support-60-caps.jpg\",\"width\":700,\"height\":700},{\"@type\":\"BreadcrumbList\",\"@id\":\"https:\\\/\\\/ecosupplements.be\\\/fr\\\/produit\\\/aura-herbals-vision-support-60-caps\\\/#breadcrumb\",\"itemListElement\":[{\"@type\":\"ListItem\",\"position\":1,\"name\":\"Home\",\"item\":\"https:\\\/\\\/ecosupplements.be\\\/fr\\\/\"},{\"@type\":\"ListItem\",\"position\":2,\"name\":\"Boutique\",\"item\":\"https:\\\/\\\/ecosupplements.be\\\/fr\\\/boutique\\\/\"},{\"@type\":\"ListItem\",\"position\":3,\"name\":\"Soutien de la vision AURA HERBALS (60 g\u00e9lules)\"}]},{\"@type\":\"WebSite\",\"@id\":\"https:\\\/\\\/ecosupplements.be\\\/fr\\\/#website\",\"url\":\"https:\\\/\\\/ecosupplements.be\\\/fr\\\/\",\"name\":\"ECO Supplements\",\"description\":\"Eco Supplements - Gezonde supplementen\",\"publisher\":{\"@id\":\"https:\\\/\\\/ecosupplements.be\\\/fr\\\/#organization\"},\"potentialAction\":[{\"@type\":\"SearchAction\",\"target\":{\"@type\":\"EntryPoint\",\"urlTemplate\":\"https:\\\/\\\/ecosupplements.be\\\/fr\\\/?s={search_term_string}\"},\"query-input\":{\"@type\":\"PropertyValueSpecification\",\"valueRequired\":true,\"valueName\":\"search_term_string\"}}],\"inLanguage\":\"fr-FR\"},{\"@type\":\"Organization\",\"@id\":\"https:\\\/\\\/ecosupplements.be\\\/fr\\\/#organization\",\"name\":\"Eco Supplements\",\"url\":\"https:\\\/\\\/ecosupplements.be\\\/fr\\\/\",\"logo\":{\"@type\":\"ImageObject\",\"inLanguage\":\"fr-FR\",\"@id\":\"https:\\\/\\\/ecosupplements.be\\\/fr\\\/#\\\/schema\\\/logo\\\/image\\\/\",\"url\":\"https:\\\/\\\/ecosupplements.be\\\/wp-content\\\/uploads\\\/2022\\\/06\\\/ecosupplement-family.png\",\"contentUrl\":\"https:\\\/\\\/ecosupplements.be\\\/wp-content\\\/uploads\\\/2022\\\/06\\\/ecosupplement-family.png\",\"width\":593,\"height\":374,\"caption\":\"Eco Supplements\"},\"image\":{\"@id\":\"https:\\\/\\\/ecosupplements.be\\\/fr\\\/#\\\/schema\\\/logo\\\/image\\\/\"}}]}<\/script>\n<meta property=\"product:brand\" content=\"Aura Herbals\" \/>\n<meta property=\"product:price:amount\" content=\"9.60\" \/>\n<meta property=\"product:price:currency\" content=\"EUR\" \/>\n<meta property=\"og:availability\" content=\"instock\" \/>\n<meta property=\"product:availability\" content=\"instock\" \/>\n<meta property=\"product:retailer_item_id\" content=\"5902479612355\" \/>\n<meta property=\"product:condition\" content=\"new\" \/>\n<!-- \/ Yoast SEO Premium plugin. -->","yoast_head_json":{"title":"Soutien de la vision AURA HERBALS (60 g\u00e9lules) - ECO Supplements","description":"Wij hebben een ruime keuze aan producten van Soutien de la vision AURA HERBALS (60 g\u00e9lules) . Winkel bij Eco Supplements altijd gratis verzending boven 100\u20ac","robots":{"index":"index","follow":"follow","max-snippet":"max-snippet:-1","max-image-preview":"max-image-preview:large","max-video-preview":"max-video-preview:-1"},"canonical":"https:\/\/ecosupplements.be\/fr\/produit\/aura-herbals-vision-support-60-caps\/","og_locale":"fr_FR","og_type":"article","og_title":"Soutien de la vision AURA HERBALS (60 g\u00e9lules)","og_description":"Wij hebben een ruime keuze aan producten van Soutien de la vision AURA HERBALS (60 g\u00e9lules) . Winkel bij Eco Supplements altijd gratis verzending boven 100\u20ac","og_url":"https:\/\/ecosupplements.be\/fr\/produit\/aura-herbals-vision-support-60-caps\/","og_site_name":"ECO Supplements","article_modified_time":"2025-08-28T01:20:02+00:00","og_image":[{"width":700,"height":700,"url":"https:\/\/ecosupplements.be\/wp-content\/uploads\/2025\/08\/AURA-HERBALS-Vision-Support-60-caps.jpg","type":"image\/jpeg"}],"twitter_card":"summary_large_image","twitter_misc":{"Prix":"9.60&nbsp;&euro;","Disponibilit\u00e9":"En stock"},"schema":{"@context":"https:\/\/schema.org","@graph":[{"@type":["WebPage","ItemPage"],"@id":"https:\/\/ecosupplements.be\/fr\/produit\/aura-herbals-vision-support-60-caps\/","url":"https:\/\/ecosupplements.be\/fr\/produit\/aura-herbals-vision-support-60-caps\/","name":"Soutien de la vision AURA HERBALS (60 g\u00e9lules) - ECO Supplements","isPartOf":{"@id":"https:\/\/ecosupplements.be\/fr\/#website"},"primaryImageOfPage":{"@id":"https:\/\/ecosupplements.be\/fr\/produit\/aura-herbals-vision-support-60-caps\/#primaryimage"},"image":{"@id":"https:\/\/ecosupplements.be\/fr\/produit\/aura-herbals-vision-support-60-caps\/#primaryimage"},"thumbnailUrl":"https:\/\/ecosupplements.be\/wp-content\/uploads\/2025\/08\/AURA-HERBALS-Vision-Support-60-caps.jpg","datePublished":"2025-07-24T20:30:24+00:00","dateModified":"2025-08-28T01:20:02+00:00","description":"Wij hebben een ruime keuze aan producten van Soutien de la vision AURA HERBALS (60 g\u00e9lules) . Winkel bij Eco Supplements altijd gratis verzending boven 100\u20ac","breadcrumb":{"@id":"https:\/\/ecosupplements.be\/fr\/produit\/aura-herbals-vision-support-60-caps\/#breadcrumb"},"inLanguage":"fr-FR","potentialAction":[{"@type":"ReadAction","target":["https:\/\/ecosupplements.be\/fr\/produit\/aura-herbals-vision-support-60-caps\/"]}]},{"@type":"ImageObject","inLanguage":"fr-FR","@id":"https:\/\/ecosupplements.be\/fr\/produit\/aura-herbals-vision-support-60-caps\/#primaryimage","url":"https:\/\/ecosupplements.be\/wp-content\/uploads\/2025\/08\/AURA-HERBALS-Vision-Support-60-caps.jpg","contentUrl":"https:\/\/ecosupplements.be\/wp-content\/uploads\/2025\/08\/AURA-HERBALS-Vision-Support-60-caps.jpg","width":700,"height":700},{"@type":"BreadcrumbList","@id":"https:\/\/ecosupplements.be\/fr\/produit\/aura-herbals-vision-support-60-caps\/#breadcrumb","itemListElement":[{"@type":"ListItem","position":1,"name":"Home","item":"https:\/\/ecosupplements.be\/fr\/"},{"@type":"ListItem","position":2,"name":"Boutique","item":"https:\/\/ecosupplements.be\/fr\/boutique\/"},{"@type":"ListItem","position":3,"name":"Soutien de la vision AURA HERBALS (60 g\u00e9lules)"}]},{"@type":"WebSite","@id":"https:\/\/ecosupplements.be\/fr\/#website","url":"https:\/\/ecosupplements.be\/fr\/","name":"ECO Supplements","description":"Eco Supplements - Gezonde supplementen","publisher":{"@id":"https:\/\/ecosupplements.be\/fr\/#organization"},"potentialAction":[{"@type":"SearchAction","target":{"@type":"EntryPoint","urlTemplate":"https:\/\/ecosupplements.be\/fr\/?s={search_term_string}"},"query-input":{"@type":"PropertyValueSpecification","valueRequired":true,"valueName":"search_term_string"}}],"inLanguage":"fr-FR"},{"@type":"Organization","@id":"https:\/\/ecosupplements.be\/fr\/#organization","name":"Eco Supplements","url":"https:\/\/ecosupplements.be\/fr\/","logo":{"@type":"ImageObject","inLanguage":"fr-FR","@id":"https:\/\/ecosupplements.be\/fr\/#\/schema\/logo\/image\/","url":"https:\/\/ecosupplements.be\/wp-content\/uploads\/2022\/06\/ecosupplement-family.png","contentUrl":"https:\/\/ecosupplements.be\/wp-content\/uploads\/2022\/06\/ecosupplement-family.png","width":593,"height":374,"caption":"Eco Supplements"},"image":{"@id":"https:\/\/ecosupplements.be\/fr\/#\/schema\/logo\/image\/"}}]},"product_brand":"Aura Herbals","product_price_amount":"9.60","product_price_currency":"EUR","og_availability":"instock","product_availability":"instock","product_retailer_item_id":"5902479612355","product_condition":"new"},"_links":{"self":[{"href":"https:\/\/ecosupplements.be\/fr\/wp-json\/wp\/v2\/product\/299520","targetHints":{"allow":["GET"]}}],"collection":[{"href":"https:\/\/ecosupplements.be\/fr\/wp-json\/wp\/v2\/product"}],"about":[{"href":"https:\/\/ecosupplements.be\/fr\/wp-json\/wp\/v2\/types\/product"}],"replies":[{"embeddable":true,"href":"https:\/\/ecosupplements.be\/fr\/wp-json\/wp\/v2\/comments?post=299520"}],"wp:featuredmedia":[{"embeddable":true,"href":"https:\/\/ecosupplements.be\/fr\/wp-json\/wp\/v2\/media\/273663"}],"wp:attachment":[{"href":"https:\/\/ecosupplements.be\/fr\/wp-json\/wp\/v2\/media?parent=299520"}],"wp:term":[{"taxonomy":"product_brand","embeddable":true,"href":"https:\/\/ecosupplements.be\/fr\/wp-json\/wp\/v2\/product_brand?post=299520"},{"taxonomy":"product_cat","embeddable":true,"href":"https:\/\/ecosupplements.be\/fr\/wp-json\/wp\/v2\/product_cat?post=299520"},{"taxonomy":"product_tag","embeddable":true,"href":"https:\/\/ecosupplements.be\/fr\/wp-json\/wp\/v2\/product_tag?post=299520"}],"curies":[{"name":"wp","href":"https:\/\/api.w.org\/{rel}","templated":true}]}}