{"id":299544,"date":"2025-07-24T22:00:31","date_gmt":"2025-07-24T21:00:31","guid":{"rendered":"https:\/\/ecosupplements.be\/product\/aura-herbals-omega-vitamin-d3-2000-iu-vitamin-k2-60-sgel-caps\/"},"modified":"2025-08-28T02:20:29","modified_gmt":"2025-08-28T01:20:29","slug":"aura-herbals-omega-vitamin-d3-2000-iu-vitamin-k2-60-sgel-caps","status":"publish","type":"product","link":"https:\/\/ecosupplements.be\/fr\/produit\/aura-herbals-omega-vitamin-d3-2000-iu-vitamin-k2-60-sgel-caps\/","title":{"rendered":"AURA HERBALS Om\u00e9ga+ Vitamine D3 2000 UI + Vitamine K2 (60 capsules molles)"},"content":{"rendered":"<h2>AURA HERBALS Omega+ Vitamin D3 2000 IU + Vitamin K2 (60 sgel caps)<\/h2>\n<p>D\u00e9couvrez AURA HERBALS Omega+ Vitamin D3 2000 IU + Vitamin K2, un produit con\u00e7u avec des ingr\u00e9dients de haute qualit\u00e9 pour accompagner votre quotidien. Chaque capsule contient une s\u00e9lection d&#8217;ingr\u00e9dients naturels, offrant une exp\u00e9rience pure et simple.<\/p>\n<h3>Composition<\/h3>\n<ul>\n<li><strong>Huile de poisson :<\/strong> Source naturelle d&#8217;acides gras omega-3, incluant EPA et DHA, provenant exclusivement de sardines.<\/li>\n<li><strong>Vitamine D :<\/strong> Extraite naturellement de la lanoline pour une origine plus pure.<\/li>\n<li><strong>Vitamine K :<\/strong> issue du natto,connue pour sa source v\u00e9g\u00e9tale naturelle.<\/li>\n<\/ul>\n<h3>Contenu et emballage<\/h3>\n<p>Ce produit est pr\u00e9sent\u00e9 sous forme de capsules souples (softgel), dans un emballage contenant 60 unit\u00e9s. La capsule est compos\u00e9e de g\u00e9latine, glyc\u00e9rine, eau et caramel pour envelopper d\u00e9licatement les actifs sans alt\u00e9rer leur qualit\u00e9.<\/p>\n<h3>Utilisation<\/h3>\n<p>pour une utilisation optimale, il est recommand\u00e9 de prendre 1 \u00e0 2 capsules par jour avec un verre d&#8217;eau. Ce format pratique permet une int\u00e9gration facile \u00e0 votre routine quotidienne.<\/p>\n<h4>Note Importante:<\/h4>\n<p>Ce compl\u00e9ment alimentaire ne doit pas \u00eatre utilis\u00e9 comme substitut \u00e0 une alimentation vari\u00e9e et \u00e9quilibr\u00e9e ni \u00e0 un mode de vie sain. conservez le produit dans un endroit sec en dessous de 25\u00b0C et hors de port\u00e9e des enfants.<\/p>\n<p>AURA HERBALS Omega+ est le choix parfait pour ceux qui appr\u00e9cient les produits pratiques au quotidien tout en privil\u00e9giant des ingr\u00e9dients issus d&#8217;une source naturelle. Un alli\u00e9 simple mais raffin\u00e9 pour votre bien-\u00eatre g\u00e9n\u00e9ral sans pr\u00e9tentions m\u00e9dicales ou th\u00e9rapeutiques explicites.<\/p>\n","protected":false},"excerpt":{"rendered":"<p>AURA HERBALS Omega+ Vitamin D3 2000 IU + Vitamin K2 (60 sgel caps) D\u00e9couvrez AURA HERBALS Omega+ Vitamin D3 2000 IU + Vitamin K2, un produit con\u00e7u avec des ingr\u00e9dients de haute qualit\u00e9 pour accompagner votre quotidien. Chaque capsule contient une s\u00e9lection d&#8217;ingr\u00e9dients naturels, offrant une exp\u00e9rience pure et simple. Composition Huile de poisson : [&#8230;]\n","protected":false},"featured_media":273687,"comment_status":"closed","ping_status":"open","template":"","meta":[],"product_brand":[5338],"product_cat":[5082,5053],"product_tag":[],"class_list":{"0":"post-299544","1":"product","2":"type-product","3":"status-publish","4":"has-post-thumbnail","6":"product_brand-aura-herbals-2","7":"product_cat-omegas-efa-cla-huiles","8":"product_cat-vitamines-et-mineraux","10":"first","11":"instock","12":"taxable","13":"shipping-taxable","14":"purchasable","15":"product-type-simple"},"yoast_head":"<!-- This site is optimized with the Yoast SEO Premium plugin v27.3 (Yoast SEO v27.3) - https:\/\/yoast.com\/product\/yoast-seo-premium-wordpress\/ -->\n<title>AURA HERBALS Om\u00e9ga+ Vitamine D3 2000 UI + Vitamine K2 (60 capsules molles) - ECO Supplements<\/title>\n<meta name=\"description\" content=\"Wij hebben een ruime keuze aan producten van AURA HERBALS Om\u00e9ga+ Vitamine D3 2000 UI + Vitamine K2 (60 capsules molles) . Winkel bij Eco Supplements altijd gratis verzending boven 100\u20ac\" \/>\n<meta name=\"robots\" content=\"index, follow, max-snippet:-1, max-image-preview:large, max-video-preview:-1\" \/>\n<link rel=\"canonical\" href=\"https:\/\/ecosupplements.be\/fr\/produit\/aura-herbals-omega-vitamin-d3-2000-iu-vitamin-k2-60-sgel-caps\/\" \/>\n<meta property=\"og:locale\" content=\"fr_FR\" \/>\n<meta property=\"og:type\" content=\"article\" \/>\n<meta property=\"og:title\" content=\"AURA HERBALS Om\u00e9ga+ Vitamine D3 2000 UI + Vitamine K2 (60 capsules molles)\" \/>\n<meta property=\"og:description\" content=\"Wij hebben een ruime keuze aan producten van AURA HERBALS Om\u00e9ga+ Vitamine D3 2000 UI + Vitamine K2 (60 capsules molles) . Winkel bij Eco Supplements altijd gratis verzending boven 100\u20ac\" \/>\n<meta property=\"og:url\" content=\"https:\/\/ecosupplements.be\/fr\/produit\/aura-herbals-omega-vitamin-d3-2000-iu-vitamin-k2-60-sgel-caps\/\" \/>\n<meta property=\"og:site_name\" content=\"ECO Supplements\" \/>\n<meta property=\"article:modified_time\" content=\"2025-08-28T01:20:29+00:00\" \/>\n<meta property=\"og:image\" content=\"https:\/\/ecosupplements.be\/wp-content\/uploads\/2025\/08\/Aura-Herbals-AURA-HERBALS-Omega-Vitamin-D3-2000-IU-Vitamin-K2-60-sgel-caps.jpg\" \/>\n\t<meta property=\"og:image:width\" content=\"1024\" \/>\n\t<meta property=\"og:image:height\" content=\"1024\" \/>\n\t<meta property=\"og:image:type\" content=\"image\/jpeg\" \/>\n<meta name=\"twitter:card\" content=\"summary_large_image\" \/>\n<meta name=\"twitter:label1\" content=\"Prix\" \/>\n\t<meta name=\"twitter:data1\" content=\"14.15&nbsp;&euro;\" \/>\n\t<meta name=\"twitter:label2\" content=\"Disponibilit\u00e9\" \/>\n\t<meta name=\"twitter:data2\" content=\"En stock\" \/>\n<script type=\"application\/ld+json\" class=\"yoast-schema-graph\">{\"@context\":\"https:\\\/\\\/schema.org\",\"@graph\":[{\"@type\":[\"WebPage\",\"ItemPage\"],\"@id\":\"https:\\\/\\\/ecosupplements.be\\\/fr\\\/produit\\\/aura-herbals-omega-vitamin-d3-2000-iu-vitamin-k2-60-sgel-caps\\\/\",\"url\":\"https:\\\/\\\/ecosupplements.be\\\/fr\\\/produit\\\/aura-herbals-omega-vitamin-d3-2000-iu-vitamin-k2-60-sgel-caps\\\/\",\"name\":\"AURA HERBALS Om\u00e9ga+ Vitamine D3 2000 UI + Vitamine K2 (60 capsules molles) - ECO Supplements\",\"isPartOf\":{\"@id\":\"https:\\\/\\\/ecosupplements.be\\\/fr\\\/#website\"},\"primaryImageOfPage\":{\"@id\":\"https:\\\/\\\/ecosupplements.be\\\/fr\\\/produit\\\/aura-herbals-omega-vitamin-d3-2000-iu-vitamin-k2-60-sgel-caps\\\/#primaryimage\"},\"image\":{\"@id\":\"https:\\\/\\\/ecosupplements.be\\\/fr\\\/produit\\\/aura-herbals-omega-vitamin-d3-2000-iu-vitamin-k2-60-sgel-caps\\\/#primaryimage\"},\"thumbnailUrl\":\"https:\\\/\\\/ecosupplements.be\\\/wp-content\\\/uploads\\\/2025\\\/08\\\/AURA-HERBALS-Omega-Vitamin-D3-2000-IU-Vitamin-K2-60-sgel-caps.jpg\",\"datePublished\":\"2025-07-24T21:00:31+00:00\",\"dateModified\":\"2025-08-28T01:20:29+00:00\",\"description\":\"Wij hebben een ruime keuze aan producten van AURA HERBALS Om\u00e9ga+ Vitamine D3 2000 UI + Vitamine K2 (60 capsules molles) . Winkel bij Eco Supplements altijd gratis verzending boven 100\u20ac\",\"breadcrumb\":{\"@id\":\"https:\\\/\\\/ecosupplements.be\\\/fr\\\/produit\\\/aura-herbals-omega-vitamin-d3-2000-iu-vitamin-k2-60-sgel-caps\\\/#breadcrumb\"},\"inLanguage\":\"fr-FR\",\"potentialAction\":[{\"@type\":\"ReadAction\",\"target\":[\"https:\\\/\\\/ecosupplements.be\\\/fr\\\/produit\\\/aura-herbals-omega-vitamin-d3-2000-iu-vitamin-k2-60-sgel-caps\\\/\"]}]},{\"@type\":\"ImageObject\",\"inLanguage\":\"fr-FR\",\"@id\":\"https:\\\/\\\/ecosupplements.be\\\/fr\\\/produit\\\/aura-herbals-omega-vitamin-d3-2000-iu-vitamin-k2-60-sgel-caps\\\/#primaryimage\",\"url\":\"https:\\\/\\\/ecosupplements.be\\\/wp-content\\\/uploads\\\/2025\\\/08\\\/AURA-HERBALS-Omega-Vitamin-D3-2000-IU-Vitamin-K2-60-sgel-caps.jpg\",\"contentUrl\":\"https:\\\/\\\/ecosupplements.be\\\/wp-content\\\/uploads\\\/2025\\\/08\\\/AURA-HERBALS-Omega-Vitamin-D3-2000-IU-Vitamin-K2-60-sgel-caps.jpg\",\"width\":1024,\"height\":1024},{\"@type\":\"BreadcrumbList\",\"@id\":\"https:\\\/\\\/ecosupplements.be\\\/fr\\\/produit\\\/aura-herbals-omega-vitamin-d3-2000-iu-vitamin-k2-60-sgel-caps\\\/#breadcrumb\",\"itemListElement\":[{\"@type\":\"ListItem\",\"position\":1,\"name\":\"Home\",\"item\":\"https:\\\/\\\/ecosupplements.be\\\/fr\\\/\"},{\"@type\":\"ListItem\",\"position\":2,\"name\":\"Boutique\",\"item\":\"https:\\\/\\\/ecosupplements.be\\\/fr\\\/boutique\\\/\"},{\"@type\":\"ListItem\",\"position\":3,\"name\":\"AURA HERBALS Om\u00e9ga+ Vitamine D3 2000 UI + Vitamine K2 (60 capsules molles)\"}]},{\"@type\":\"WebSite\",\"@id\":\"https:\\\/\\\/ecosupplements.be\\\/fr\\\/#website\",\"url\":\"https:\\\/\\\/ecosupplements.be\\\/fr\\\/\",\"name\":\"ECO Supplements\",\"description\":\"Eco Supplements - Gezonde supplementen\",\"publisher\":{\"@id\":\"https:\\\/\\\/ecosupplements.be\\\/fr\\\/#organization\"},\"potentialAction\":[{\"@type\":\"SearchAction\",\"target\":{\"@type\":\"EntryPoint\",\"urlTemplate\":\"https:\\\/\\\/ecosupplements.be\\\/fr\\\/?s={search_term_string}\"},\"query-input\":{\"@type\":\"PropertyValueSpecification\",\"valueRequired\":true,\"valueName\":\"search_term_string\"}}],\"inLanguage\":\"fr-FR\"},{\"@type\":\"Organization\",\"@id\":\"https:\\\/\\\/ecosupplements.be\\\/fr\\\/#organization\",\"name\":\"Eco Supplements\",\"url\":\"https:\\\/\\\/ecosupplements.be\\\/fr\\\/\",\"logo\":{\"@type\":\"ImageObject\",\"inLanguage\":\"fr-FR\",\"@id\":\"https:\\\/\\\/ecosupplements.be\\\/fr\\\/#\\\/schema\\\/logo\\\/image\\\/\",\"url\":\"https:\\\/\\\/ecosupplements.be\\\/wp-content\\\/uploads\\\/2022\\\/06\\\/ecosupplement-family.png\",\"contentUrl\":\"https:\\\/\\\/ecosupplements.be\\\/wp-content\\\/uploads\\\/2022\\\/06\\\/ecosupplement-family.png\",\"width\":593,\"height\":374,\"caption\":\"Eco Supplements\"},\"image\":{\"@id\":\"https:\\\/\\\/ecosupplements.be\\\/fr\\\/#\\\/schema\\\/logo\\\/image\\\/\"}}]}<\/script>\n<meta property=\"product:brand\" content=\"Aura Herbals\" \/>\n<meta property=\"product:price:amount\" content=\"14.15\" \/>\n<meta property=\"product:price:currency\" content=\"EUR\" \/>\n<meta property=\"og:availability\" content=\"instock\" \/>\n<meta property=\"product:availability\" content=\"instock\" \/>\n<meta property=\"product:retailer_item_id\" content=\"5902479612928\" \/>\n<meta property=\"product:condition\" content=\"new\" \/>\n<!-- \/ Yoast SEO Premium plugin. -->","yoast_head_json":{"title":"AURA HERBALS Om\u00e9ga+ Vitamine D3 2000 UI + Vitamine K2 (60 capsules molles) - ECO Supplements","description":"Wij hebben een ruime keuze aan producten van AURA HERBALS Om\u00e9ga+ Vitamine D3 2000 UI + Vitamine K2 (60 capsules molles) . Winkel bij Eco Supplements altijd gratis verzending boven 100\u20ac","robots":{"index":"index","follow":"follow","max-snippet":"max-snippet:-1","max-image-preview":"max-image-preview:large","max-video-preview":"max-video-preview:-1"},"canonical":"https:\/\/ecosupplements.be\/fr\/produit\/aura-herbals-omega-vitamin-d3-2000-iu-vitamin-k2-60-sgel-caps\/","og_locale":"fr_FR","og_type":"article","og_title":"AURA HERBALS Om\u00e9ga+ Vitamine D3 2000 UI + Vitamine K2 (60 capsules molles)","og_description":"Wij hebben een ruime keuze aan producten van AURA HERBALS Om\u00e9ga+ Vitamine D3 2000 UI + Vitamine K2 (60 capsules molles) . Winkel bij Eco Supplements altijd gratis verzending boven 100\u20ac","og_url":"https:\/\/ecosupplements.be\/fr\/produit\/aura-herbals-omega-vitamin-d3-2000-iu-vitamin-k2-60-sgel-caps\/","og_site_name":"ECO Supplements","article_modified_time":"2025-08-28T01:20:29+00:00","og_image":[{"width":1024,"height":1024,"url":"https:\/\/ecosupplements.be\/wp-content\/uploads\/2025\/08\/Aura-Herbals-AURA-HERBALS-Omega-Vitamin-D3-2000-IU-Vitamin-K2-60-sgel-caps.jpg","type":"image\/jpeg"}],"twitter_card":"summary_large_image","twitter_misc":{"Prix":"14.15&nbsp;&euro;","Disponibilit\u00e9":"En stock"},"schema":{"@context":"https:\/\/schema.org","@graph":[{"@type":["WebPage","ItemPage"],"@id":"https:\/\/ecosupplements.be\/fr\/produit\/aura-herbals-omega-vitamin-d3-2000-iu-vitamin-k2-60-sgel-caps\/","url":"https:\/\/ecosupplements.be\/fr\/produit\/aura-herbals-omega-vitamin-d3-2000-iu-vitamin-k2-60-sgel-caps\/","name":"AURA HERBALS Om\u00e9ga+ Vitamine D3 2000 UI + Vitamine K2 (60 capsules molles) - ECO Supplements","isPartOf":{"@id":"https:\/\/ecosupplements.be\/fr\/#website"},"primaryImageOfPage":{"@id":"https:\/\/ecosupplements.be\/fr\/produit\/aura-herbals-omega-vitamin-d3-2000-iu-vitamin-k2-60-sgel-caps\/#primaryimage"},"image":{"@id":"https:\/\/ecosupplements.be\/fr\/produit\/aura-herbals-omega-vitamin-d3-2000-iu-vitamin-k2-60-sgel-caps\/#primaryimage"},"thumbnailUrl":"https:\/\/ecosupplements.be\/wp-content\/uploads\/2025\/08\/AURA-HERBALS-Omega-Vitamin-D3-2000-IU-Vitamin-K2-60-sgel-caps.jpg","datePublished":"2025-07-24T21:00:31+00:00","dateModified":"2025-08-28T01:20:29+00:00","description":"Wij hebben een ruime keuze aan producten van AURA HERBALS Om\u00e9ga+ Vitamine D3 2000 UI + Vitamine K2 (60 capsules molles) . Winkel bij Eco Supplements altijd gratis verzending boven 100\u20ac","breadcrumb":{"@id":"https:\/\/ecosupplements.be\/fr\/produit\/aura-herbals-omega-vitamin-d3-2000-iu-vitamin-k2-60-sgel-caps\/#breadcrumb"},"inLanguage":"fr-FR","potentialAction":[{"@type":"ReadAction","target":["https:\/\/ecosupplements.be\/fr\/produit\/aura-herbals-omega-vitamin-d3-2000-iu-vitamin-k2-60-sgel-caps\/"]}]},{"@type":"ImageObject","inLanguage":"fr-FR","@id":"https:\/\/ecosupplements.be\/fr\/produit\/aura-herbals-omega-vitamin-d3-2000-iu-vitamin-k2-60-sgel-caps\/#primaryimage","url":"https:\/\/ecosupplements.be\/wp-content\/uploads\/2025\/08\/AURA-HERBALS-Omega-Vitamin-D3-2000-IU-Vitamin-K2-60-sgel-caps.jpg","contentUrl":"https:\/\/ecosupplements.be\/wp-content\/uploads\/2025\/08\/AURA-HERBALS-Omega-Vitamin-D3-2000-IU-Vitamin-K2-60-sgel-caps.jpg","width":1024,"height":1024},{"@type":"BreadcrumbList","@id":"https:\/\/ecosupplements.be\/fr\/produit\/aura-herbals-omega-vitamin-d3-2000-iu-vitamin-k2-60-sgel-caps\/#breadcrumb","itemListElement":[{"@type":"ListItem","position":1,"name":"Home","item":"https:\/\/ecosupplements.be\/fr\/"},{"@type":"ListItem","position":2,"name":"Boutique","item":"https:\/\/ecosupplements.be\/fr\/boutique\/"},{"@type":"ListItem","position":3,"name":"AURA HERBALS Om\u00e9ga+ Vitamine D3 2000 UI + Vitamine K2 (60 capsules molles)"}]},{"@type":"WebSite","@id":"https:\/\/ecosupplements.be\/fr\/#website","url":"https:\/\/ecosupplements.be\/fr\/","name":"ECO Supplements","description":"Eco Supplements - Gezonde supplementen","publisher":{"@id":"https:\/\/ecosupplements.be\/fr\/#organization"},"potentialAction":[{"@type":"SearchAction","target":{"@type":"EntryPoint","urlTemplate":"https:\/\/ecosupplements.be\/fr\/?s={search_term_string}"},"query-input":{"@type":"PropertyValueSpecification","valueRequired":true,"valueName":"search_term_string"}}],"inLanguage":"fr-FR"},{"@type":"Organization","@id":"https:\/\/ecosupplements.be\/fr\/#organization","name":"Eco Supplements","url":"https:\/\/ecosupplements.be\/fr\/","logo":{"@type":"ImageObject","inLanguage":"fr-FR","@id":"https:\/\/ecosupplements.be\/fr\/#\/schema\/logo\/image\/","url":"https:\/\/ecosupplements.be\/wp-content\/uploads\/2022\/06\/ecosupplement-family.png","contentUrl":"https:\/\/ecosupplements.be\/wp-content\/uploads\/2022\/06\/ecosupplement-family.png","width":593,"height":374,"caption":"Eco Supplements"},"image":{"@id":"https:\/\/ecosupplements.be\/fr\/#\/schema\/logo\/image\/"}}]},"product_brand":"Aura Herbals","product_price_amount":"14.15","product_price_currency":"EUR","og_availability":"instock","product_availability":"instock","product_retailer_item_id":"5902479612928","product_condition":"new"},"_links":{"self":[{"href":"https:\/\/ecosupplements.be\/fr\/wp-json\/wp\/v2\/product\/299544","targetHints":{"allow":["GET"]}}],"collection":[{"href":"https:\/\/ecosupplements.be\/fr\/wp-json\/wp\/v2\/product"}],"about":[{"href":"https:\/\/ecosupplements.be\/fr\/wp-json\/wp\/v2\/types\/product"}],"replies":[{"embeddable":true,"href":"https:\/\/ecosupplements.be\/fr\/wp-json\/wp\/v2\/comments?post=299544"}],"wp:featuredmedia":[{"embeddable":true,"href":"https:\/\/ecosupplements.be\/fr\/wp-json\/wp\/v2\/media\/273687"}],"wp:attachment":[{"href":"https:\/\/ecosupplements.be\/fr\/wp-json\/wp\/v2\/media?parent=299544"}],"wp:term":[{"taxonomy":"product_brand","embeddable":true,"href":"https:\/\/ecosupplements.be\/fr\/wp-json\/wp\/v2\/product_brand?post=299544"},{"taxonomy":"product_cat","embeddable":true,"href":"https:\/\/ecosupplements.be\/fr\/wp-json\/wp\/v2\/product_cat?post=299544"},{"taxonomy":"product_tag","embeddable":true,"href":"https:\/\/ecosupplements.be\/fr\/wp-json\/wp\/v2\/product_tag?post=299544"}],"curies":[{"name":"wp","href":"https:\/\/api.w.org\/{rel}","templated":true}]}}