{"id":299550,"date":"2025-07-24T22:15:12","date_gmt":"2025-07-24T21:15:12","guid":{"rendered":"https:\/\/ecosupplements.be\/product\/aura-herbals-omega-3-370-dha-700-epa-d3-2000-iu-k2-200-ml-676-fl-oz\/"},"modified":"2025-08-28T02:20:36","modified_gmt":"2025-08-28T01:20:36","slug":"aura-herbals-omega-3-370-dha-700-epa-d3-2000-iu-k2-200-ml-676-fl-oz","status":"publish","type":"product","link":"https:\/\/ecosupplements.be\/fr\/produit\/aura-herbals-omega-3-370-dha-700-epa-d3-2000-iu-k2-200-ml-676-fl-oz\/","title":{"rendered":"AURA HERBALS Om\u00e9ga-3 &#8211; 370 DHA \/ 700 EPA + D3 2000 UI + K2 (200 ml \/ 6,76 fl. oz.)"},"content":{"rendered":"<h3>AURA HERBALS omega-3 &#8211; 370 DHA \/ 700 EPA + D3 2000 IU + K2 (200 ml \/ 6,76 fl. oz.)<\/h3>\n<p>D\u00e9couvrez AURA HERBALS Omega-3, un choix parfait pour ceux qui appr\u00e9cient les ingr\u00e9dients naturels dans un mode de vie sain. Ce produit est formul\u00e9 \u00e0 partir d&#8217;huile de poisson de haute puret\u00e9, source naturelle d&#8217;acides gras Omega-3.<\/p>\n<p>enrichi en vitamines D3 et K2, ce compl\u00e9ment est pr\u00e9sent\u00e9 dans un format liquide pratique de 200 ml, facile \u00e0 int\u00e9grer \u00e0 votre quotidien gr\u00e2ce \u00e0 son go\u00fbt agr\u00e9able. Il peut \u00eatre consomm\u00e9 directement ou ajout\u00e9 \u00e0 des aliments froids comme des salades.<\/p>\n<h4>Composition<\/h4>\n<ul>\n<li>Huile de poisson (source d&#8217;Omega-3)<\/li>\n<li>Vitamine K2 issue du Natto<\/li>\n<li>Vitamine D3 extraite de la lanoline<\/li>\n<li>M\u00e9lange de tocoph\u00e9rols (Vitamine E) comme antioxydant<\/li>\n<\/ul>\n<h4>Utilisation recommand\u00e9e<\/h4>\n<p>Pour une utilisation quotidienne simple et pratique, il est conseill\u00e9 d&#8217;utiliser entre 5 et 10 ml par jour. Ne pas d\u00e9passer la dose journali\u00e8re recommand\u00e9e.<\/p>\n<h4>Caract\u00e8res pratiques:<\/h4>\n<p>Ce produit se pr\u00e9sente sous forme liquide pour une utilisation ais\u00e9e au quotidien. Apr\u00e8s ouverture, conservez le flacon au r\u00e9frig\u00e9rateur pour maintenir sa fra\u00eecheur.<\/p>\n<h4>Conservation:<\/h4>\n<p>Gardez le produit dans un endroit sec et frais avant ouverture. Assurez-vous qu&#8217;il reste hors de port\u00e9e des enfants.<\/p>\n<p>AURA HERBALS Omega-3 est plus qu&#8217;un simple compl\u00e9ment; c&#8217;est une partie int\u00e9grante d&#8217;un style de vie \u00e9quilibr\u00e9 sans pr\u00e9tendre remplacer une alimentation vari\u00e9e et \u00e9quilibr\u00e9e ni un mode de vie sain.<\/p>\n","protected":false},"excerpt":{"rendered":"<p>AURA HERBALS omega-3 &#8211; 370 DHA \/ 700 EPA + D3 2000 IU + K2 (200 ml \/ 6,76 fl. oz.) D\u00e9couvrez AURA HERBALS Omega-3, un choix parfait pour ceux qui appr\u00e9cient les ingr\u00e9dients naturels dans un mode de vie sain. Ce produit est formul\u00e9 \u00e0 partir d&#8217;huile de poisson de haute puret\u00e9, source naturelle [&#8230;]\n","protected":false},"featured_media":273693,"comment_status":"closed","ping_status":"open","template":"","meta":[],"product_brand":[5338],"product_cat":[5082,5053],"product_tag":[],"class_list":{"0":"post-299550","1":"product","2":"type-product","3":"status-publish","4":"has-post-thumbnail","6":"product_brand-aura-herbals-2","7":"product_cat-omegas-efa-cla-huiles","8":"product_cat-vitamines-et-mineraux","10":"first","11":"instock","12":"taxable","13":"shipping-taxable","14":"purchasable","15":"product-type-simple"},"yoast_head":"<!-- This site is optimized with the Yoast SEO Premium plugin v27.3 (Yoast SEO v27.3) - https:\/\/yoast.com\/product\/yoast-seo-premium-wordpress\/ -->\n<title>AURA HERBALS Om\u00e9ga-3 - 370 DHA \/ 700 EPA + D3 2000 UI + K2 (200 ml \/ 6,76 fl. oz.) - ECO Supplements<\/title>\n<meta name=\"description\" content=\"Wij hebben een ruime keuze aan producten van AURA HERBALS Om\u00e9ga-3 - 370 DHA \/ 700 EPA + D3 2000 UI + K2 (200 ml \/ 6,76 fl. oz.) . Winkel bij Eco Supplements altijd gratis verzending boven 100\u20ac\" \/>\n<meta name=\"robots\" content=\"index, follow, max-snippet:-1, max-image-preview:large, max-video-preview:-1\" \/>\n<link rel=\"canonical\" href=\"https:\/\/ecosupplements.be\/fr\/produit\/aura-herbals-omega-3-370-dha-700-epa-d3-2000-iu-k2-200-ml-676-fl-oz\/\" \/>\n<meta property=\"og:locale\" content=\"fr_FR\" \/>\n<meta property=\"og:type\" content=\"article\" \/>\n<meta property=\"og:title\" content=\"AURA HERBALS Om\u00e9ga-3 - 370 DHA \/ 700 EPA + D3 2000 UI + K2 (200 ml \/ 6,76 fl. oz.)\" \/>\n<meta property=\"og:description\" content=\"Wij hebben een ruime keuze aan producten van AURA HERBALS Om\u00e9ga-3 - 370 DHA \/ 700 EPA + D3 2000 UI + K2 (200 ml \/ 6,76 fl. oz.) . Winkel bij Eco Supplements altijd gratis verzending boven 100\u20ac\" \/>\n<meta property=\"og:url\" content=\"https:\/\/ecosupplements.be\/fr\/produit\/aura-herbals-omega-3-370-dha-700-epa-d3-2000-iu-k2-200-ml-676-fl-oz\/\" \/>\n<meta property=\"og:site_name\" content=\"ECO Supplements\" \/>\n<meta property=\"article:modified_time\" content=\"2025-08-28T01:20:36+00:00\" \/>\n<meta property=\"og:image\" content=\"https:\/\/ecosupplements.be\/wp-content\/uploads\/2025\/08\/Aura-Herbals-AURA-HERBALS-Omega-3-370-DHA-700-EPA-D3-2000-IU-K2-200-ml-676-fl.-oz.jpg\" \/>\n\t<meta property=\"og:image:width\" content=\"700\" \/>\n\t<meta property=\"og:image:height\" content=\"700\" \/>\n\t<meta property=\"og:image:type\" content=\"image\/jpeg\" \/>\n<meta name=\"twitter:card\" content=\"summary_large_image\" \/>\n<meta name=\"twitter:label1\" content=\"Prix\" \/>\n\t<meta name=\"twitter:data1\" content=\"14.72&nbsp;&euro;\" \/>\n\t<meta name=\"twitter:label2\" content=\"Disponibilit\u00e9\" \/>\n\t<meta name=\"twitter:data2\" content=\"En stock\" \/>\n<script type=\"application\/ld+json\" class=\"yoast-schema-graph\">{\"@context\":\"https:\\\/\\\/schema.org\",\"@graph\":[{\"@type\":[\"WebPage\",\"ItemPage\"],\"@id\":\"https:\\\/\\\/ecosupplements.be\\\/fr\\\/produit\\\/aura-herbals-omega-3-370-dha-700-epa-d3-2000-iu-k2-200-ml-676-fl-oz\\\/\",\"url\":\"https:\\\/\\\/ecosupplements.be\\\/fr\\\/produit\\\/aura-herbals-omega-3-370-dha-700-epa-d3-2000-iu-k2-200-ml-676-fl-oz\\\/\",\"name\":\"AURA HERBALS Om\u00e9ga-3 - 370 DHA \\\/ 700 EPA + D3 2000 UI + K2 (200 ml \\\/ 6,76 fl. oz.) - ECO Supplements\",\"isPartOf\":{\"@id\":\"https:\\\/\\\/ecosupplements.be\\\/fr\\\/#website\"},\"primaryImageOfPage\":{\"@id\":\"https:\\\/\\\/ecosupplements.be\\\/fr\\\/produit\\\/aura-herbals-omega-3-370-dha-700-epa-d3-2000-iu-k2-200-ml-676-fl-oz\\\/#primaryimage\"},\"image\":{\"@id\":\"https:\\\/\\\/ecosupplements.be\\\/fr\\\/produit\\\/aura-herbals-omega-3-370-dha-700-epa-d3-2000-iu-k2-200-ml-676-fl-oz\\\/#primaryimage\"},\"thumbnailUrl\":\"https:\\\/\\\/ecosupplements.be\\\/wp-content\\\/uploads\\\/2025\\\/08\\\/AURA-HERBALS-Omega-3-370-DHA-700-EPA-D3-2000-IU-K2-200-ml-676-fl.-oz.jpg\",\"datePublished\":\"2025-07-24T21:15:12+00:00\",\"dateModified\":\"2025-08-28T01:20:36+00:00\",\"description\":\"Wij hebben een ruime keuze aan producten van AURA HERBALS Om\u00e9ga-3 - 370 DHA \\\/ 700 EPA + D3 2000 UI + K2 (200 ml \\\/ 6,76 fl. oz.) . Winkel bij Eco Supplements altijd gratis verzending boven 100\u20ac\",\"breadcrumb\":{\"@id\":\"https:\\\/\\\/ecosupplements.be\\\/fr\\\/produit\\\/aura-herbals-omega-3-370-dha-700-epa-d3-2000-iu-k2-200-ml-676-fl-oz\\\/#breadcrumb\"},\"inLanguage\":\"fr-FR\",\"potentialAction\":[{\"@type\":\"ReadAction\",\"target\":[\"https:\\\/\\\/ecosupplements.be\\\/fr\\\/produit\\\/aura-herbals-omega-3-370-dha-700-epa-d3-2000-iu-k2-200-ml-676-fl-oz\\\/\"]}]},{\"@type\":\"ImageObject\",\"inLanguage\":\"fr-FR\",\"@id\":\"https:\\\/\\\/ecosupplements.be\\\/fr\\\/produit\\\/aura-herbals-omega-3-370-dha-700-epa-d3-2000-iu-k2-200-ml-676-fl-oz\\\/#primaryimage\",\"url\":\"https:\\\/\\\/ecosupplements.be\\\/wp-content\\\/uploads\\\/2025\\\/08\\\/AURA-HERBALS-Omega-3-370-DHA-700-EPA-D3-2000-IU-K2-200-ml-676-fl.-oz.jpg\",\"contentUrl\":\"https:\\\/\\\/ecosupplements.be\\\/wp-content\\\/uploads\\\/2025\\\/08\\\/AURA-HERBALS-Omega-3-370-DHA-700-EPA-D3-2000-IU-K2-200-ml-676-fl.-oz.jpg\",\"width\":700,\"height\":700},{\"@type\":\"BreadcrumbList\",\"@id\":\"https:\\\/\\\/ecosupplements.be\\\/fr\\\/produit\\\/aura-herbals-omega-3-370-dha-700-epa-d3-2000-iu-k2-200-ml-676-fl-oz\\\/#breadcrumb\",\"itemListElement\":[{\"@type\":\"ListItem\",\"position\":1,\"name\":\"Home\",\"item\":\"https:\\\/\\\/ecosupplements.be\\\/fr\\\/\"},{\"@type\":\"ListItem\",\"position\":2,\"name\":\"Boutique\",\"item\":\"https:\\\/\\\/ecosupplements.be\\\/fr\\\/boutique\\\/\"},{\"@type\":\"ListItem\",\"position\":3,\"name\":\"AURA HERBALS Om\u00e9ga-3 &#8211; 370 DHA \\\/ 700 EPA + D3 2000 UI + K2 (200 ml \\\/ 6,76 fl. oz.)\"}]},{\"@type\":\"WebSite\",\"@id\":\"https:\\\/\\\/ecosupplements.be\\\/fr\\\/#website\",\"url\":\"https:\\\/\\\/ecosupplements.be\\\/fr\\\/\",\"name\":\"ECO Supplements\",\"description\":\"Eco Supplements - Gezonde supplementen\",\"publisher\":{\"@id\":\"https:\\\/\\\/ecosupplements.be\\\/fr\\\/#organization\"},\"potentialAction\":[{\"@type\":\"SearchAction\",\"target\":{\"@type\":\"EntryPoint\",\"urlTemplate\":\"https:\\\/\\\/ecosupplements.be\\\/fr\\\/?s={search_term_string}\"},\"query-input\":{\"@type\":\"PropertyValueSpecification\",\"valueRequired\":true,\"valueName\":\"search_term_string\"}}],\"inLanguage\":\"fr-FR\"},{\"@type\":\"Organization\",\"@id\":\"https:\\\/\\\/ecosupplements.be\\\/fr\\\/#organization\",\"name\":\"Eco Supplements\",\"url\":\"https:\\\/\\\/ecosupplements.be\\\/fr\\\/\",\"logo\":{\"@type\":\"ImageObject\",\"inLanguage\":\"fr-FR\",\"@id\":\"https:\\\/\\\/ecosupplements.be\\\/fr\\\/#\\\/schema\\\/logo\\\/image\\\/\",\"url\":\"https:\\\/\\\/ecosupplements.be\\\/wp-content\\\/uploads\\\/2022\\\/06\\\/ecosupplement-family.png\",\"contentUrl\":\"https:\\\/\\\/ecosupplements.be\\\/wp-content\\\/uploads\\\/2022\\\/06\\\/ecosupplement-family.png\",\"width\":593,\"height\":374,\"caption\":\"Eco Supplements\"},\"image\":{\"@id\":\"https:\\\/\\\/ecosupplements.be\\\/fr\\\/#\\\/schema\\\/logo\\\/image\\\/\"}}]}<\/script>\n<meta property=\"product:brand\" content=\"Aura Herbals\" \/>\n<meta property=\"product:price:amount\" content=\"14.72\" \/>\n<meta property=\"product:price:currency\" content=\"EUR\" \/>\n<meta property=\"og:availability\" content=\"instock\" \/>\n<meta property=\"product:availability\" content=\"instock\" \/>\n<meta property=\"product:retailer_item_id\" content=\"5902479611129\" \/>\n<meta property=\"product:condition\" content=\"new\" \/>\n<!-- \/ Yoast SEO Premium plugin. -->","yoast_head_json":{"title":"AURA HERBALS Om\u00e9ga-3 - 370 DHA \/ 700 EPA + D3 2000 UI + K2 (200 ml \/ 6,76 fl. oz.) - ECO Supplements","description":"Wij hebben een ruime keuze aan producten van AURA HERBALS Om\u00e9ga-3 - 370 DHA \/ 700 EPA + D3 2000 UI + K2 (200 ml \/ 6,76 fl. oz.) . Winkel bij Eco Supplements altijd gratis verzending boven 100\u20ac","robots":{"index":"index","follow":"follow","max-snippet":"max-snippet:-1","max-image-preview":"max-image-preview:large","max-video-preview":"max-video-preview:-1"},"canonical":"https:\/\/ecosupplements.be\/fr\/produit\/aura-herbals-omega-3-370-dha-700-epa-d3-2000-iu-k2-200-ml-676-fl-oz\/","og_locale":"fr_FR","og_type":"article","og_title":"AURA HERBALS Om\u00e9ga-3 - 370 DHA \/ 700 EPA + D3 2000 UI + K2 (200 ml \/ 6,76 fl. oz.)","og_description":"Wij hebben een ruime keuze aan producten van AURA HERBALS Om\u00e9ga-3 - 370 DHA \/ 700 EPA + D3 2000 UI + K2 (200 ml \/ 6,76 fl. oz.) . Winkel bij Eco Supplements altijd gratis verzending boven 100\u20ac","og_url":"https:\/\/ecosupplements.be\/fr\/produit\/aura-herbals-omega-3-370-dha-700-epa-d3-2000-iu-k2-200-ml-676-fl-oz\/","og_site_name":"ECO Supplements","article_modified_time":"2025-08-28T01:20:36+00:00","og_image":[{"width":700,"height":700,"url":"https:\/\/ecosupplements.be\/wp-content\/uploads\/2025\/08\/Aura-Herbals-AURA-HERBALS-Omega-3-370-DHA-700-EPA-D3-2000-IU-K2-200-ml-676-fl.-oz.jpg","type":"image\/jpeg"}],"twitter_card":"summary_large_image","twitter_misc":{"Prix":"14.72&nbsp;&euro;","Disponibilit\u00e9":"En stock"},"schema":{"@context":"https:\/\/schema.org","@graph":[{"@type":["WebPage","ItemPage"],"@id":"https:\/\/ecosupplements.be\/fr\/produit\/aura-herbals-omega-3-370-dha-700-epa-d3-2000-iu-k2-200-ml-676-fl-oz\/","url":"https:\/\/ecosupplements.be\/fr\/produit\/aura-herbals-omega-3-370-dha-700-epa-d3-2000-iu-k2-200-ml-676-fl-oz\/","name":"AURA HERBALS Om\u00e9ga-3 - 370 DHA \/ 700 EPA + D3 2000 UI + K2 (200 ml \/ 6,76 fl. oz.) - ECO Supplements","isPartOf":{"@id":"https:\/\/ecosupplements.be\/fr\/#website"},"primaryImageOfPage":{"@id":"https:\/\/ecosupplements.be\/fr\/produit\/aura-herbals-omega-3-370-dha-700-epa-d3-2000-iu-k2-200-ml-676-fl-oz\/#primaryimage"},"image":{"@id":"https:\/\/ecosupplements.be\/fr\/produit\/aura-herbals-omega-3-370-dha-700-epa-d3-2000-iu-k2-200-ml-676-fl-oz\/#primaryimage"},"thumbnailUrl":"https:\/\/ecosupplements.be\/wp-content\/uploads\/2025\/08\/AURA-HERBALS-Omega-3-370-DHA-700-EPA-D3-2000-IU-K2-200-ml-676-fl.-oz.jpg","datePublished":"2025-07-24T21:15:12+00:00","dateModified":"2025-08-28T01:20:36+00:00","description":"Wij hebben een ruime keuze aan producten van AURA HERBALS Om\u00e9ga-3 - 370 DHA \/ 700 EPA + D3 2000 UI + K2 (200 ml \/ 6,76 fl. oz.) . Winkel bij Eco Supplements altijd gratis verzending boven 100\u20ac","breadcrumb":{"@id":"https:\/\/ecosupplements.be\/fr\/produit\/aura-herbals-omega-3-370-dha-700-epa-d3-2000-iu-k2-200-ml-676-fl-oz\/#breadcrumb"},"inLanguage":"fr-FR","potentialAction":[{"@type":"ReadAction","target":["https:\/\/ecosupplements.be\/fr\/produit\/aura-herbals-omega-3-370-dha-700-epa-d3-2000-iu-k2-200-ml-676-fl-oz\/"]}]},{"@type":"ImageObject","inLanguage":"fr-FR","@id":"https:\/\/ecosupplements.be\/fr\/produit\/aura-herbals-omega-3-370-dha-700-epa-d3-2000-iu-k2-200-ml-676-fl-oz\/#primaryimage","url":"https:\/\/ecosupplements.be\/wp-content\/uploads\/2025\/08\/AURA-HERBALS-Omega-3-370-DHA-700-EPA-D3-2000-IU-K2-200-ml-676-fl.-oz.jpg","contentUrl":"https:\/\/ecosupplements.be\/wp-content\/uploads\/2025\/08\/AURA-HERBALS-Omega-3-370-DHA-700-EPA-D3-2000-IU-K2-200-ml-676-fl.-oz.jpg","width":700,"height":700},{"@type":"BreadcrumbList","@id":"https:\/\/ecosupplements.be\/fr\/produit\/aura-herbals-omega-3-370-dha-700-epa-d3-2000-iu-k2-200-ml-676-fl-oz\/#breadcrumb","itemListElement":[{"@type":"ListItem","position":1,"name":"Home","item":"https:\/\/ecosupplements.be\/fr\/"},{"@type":"ListItem","position":2,"name":"Boutique","item":"https:\/\/ecosupplements.be\/fr\/boutique\/"},{"@type":"ListItem","position":3,"name":"AURA HERBALS Om\u00e9ga-3 &#8211; 370 DHA \/ 700 EPA + D3 2000 UI + K2 (200 ml \/ 6,76 fl. oz.)"}]},{"@type":"WebSite","@id":"https:\/\/ecosupplements.be\/fr\/#website","url":"https:\/\/ecosupplements.be\/fr\/","name":"ECO Supplements","description":"Eco Supplements - Gezonde supplementen","publisher":{"@id":"https:\/\/ecosupplements.be\/fr\/#organization"},"potentialAction":[{"@type":"SearchAction","target":{"@type":"EntryPoint","urlTemplate":"https:\/\/ecosupplements.be\/fr\/?s={search_term_string}"},"query-input":{"@type":"PropertyValueSpecification","valueRequired":true,"valueName":"search_term_string"}}],"inLanguage":"fr-FR"},{"@type":"Organization","@id":"https:\/\/ecosupplements.be\/fr\/#organization","name":"Eco Supplements","url":"https:\/\/ecosupplements.be\/fr\/","logo":{"@type":"ImageObject","inLanguage":"fr-FR","@id":"https:\/\/ecosupplements.be\/fr\/#\/schema\/logo\/image\/","url":"https:\/\/ecosupplements.be\/wp-content\/uploads\/2022\/06\/ecosupplement-family.png","contentUrl":"https:\/\/ecosupplements.be\/wp-content\/uploads\/2022\/06\/ecosupplement-family.png","width":593,"height":374,"caption":"Eco Supplements"},"image":{"@id":"https:\/\/ecosupplements.be\/fr\/#\/schema\/logo\/image\/"}}]},"product_brand":"Aura Herbals","product_price_amount":"14.72","product_price_currency":"EUR","og_availability":"instock","product_availability":"instock","product_retailer_item_id":"5902479611129","product_condition":"new"},"_links":{"self":[{"href":"https:\/\/ecosupplements.be\/fr\/wp-json\/wp\/v2\/product\/299550","targetHints":{"allow":["GET"]}}],"collection":[{"href":"https:\/\/ecosupplements.be\/fr\/wp-json\/wp\/v2\/product"}],"about":[{"href":"https:\/\/ecosupplements.be\/fr\/wp-json\/wp\/v2\/types\/product"}],"replies":[{"embeddable":true,"href":"https:\/\/ecosupplements.be\/fr\/wp-json\/wp\/v2\/comments?post=299550"}],"wp:featuredmedia":[{"embeddable":true,"href":"https:\/\/ecosupplements.be\/fr\/wp-json\/wp\/v2\/media\/273693"}],"wp:attachment":[{"href":"https:\/\/ecosupplements.be\/fr\/wp-json\/wp\/v2\/media?parent=299550"}],"wp:term":[{"taxonomy":"product_brand","embeddable":true,"href":"https:\/\/ecosupplements.be\/fr\/wp-json\/wp\/v2\/product_brand?post=299550"},{"taxonomy":"product_cat","embeddable":true,"href":"https:\/\/ecosupplements.be\/fr\/wp-json\/wp\/v2\/product_cat?post=299550"},{"taxonomy":"product_tag","embeddable":true,"href":"https:\/\/ecosupplements.be\/fr\/wp-json\/wp\/v2\/product_tag?post=299550"}],"curies":[{"name":"wp","href":"https:\/\/api.w.org\/{rel}","templated":true}]}}