{"id":299556,"date":"2025-07-24T22:15:12","date_gmt":"2025-07-24T21:15:12","guid":{"rendered":"https:\/\/ecosupplements.be\/product\/aura-herbals-opc-95-grape-seed-extract-50-caps\/"},"modified":"2025-08-28T02:20:42","modified_gmt":"2025-08-28T01:20:42","slug":"aura-herbals-opc-95-grape-seed-extract-50-caps","status":"publish","type":"product","link":"https:\/\/ecosupplements.be\/fr\/produit\/aura-herbals-opc-95-grape-seed-extract-50-caps\/","title":{"rendered":"Extrait de p\u00e9pins de raisin OPC 95% &#8211; AURA HERBALS (50 g\u00e9lules)"},"content":{"rendered":"<h2>AURA HERBALS OPC 95% &#8211; Extrait de P\u00e9pins de Raisin (50 capsules)<\/h2>\n<p>D\u00e9couvrez AURA HERBALS OPC 95%,un choix parfait pour ceux qui appr\u00e9cient les ingr\u00e9dients naturels dans un mode de vie sain. Ce produit est formul\u00e9 \u00e0 partir d&#8217;extrait de p\u00e9pins de raisin (Vitis vinifera L.) hautement concentr\u00e9, standardis\u00e9 \u00e0 95% en proanthocyanidines (OPC) et enrichi avec 12,5% de trans-resv\u00e9ratrol. Il contient \u00e9galement BioPerine\u00ae,un extrait du fruit du poivre noir standardis\u00e9 \u00e0 95% en pip\u00e9rine,ainsi que de l&#8217;inuline et L-leucine.<\/p>\n<table border=\"1\">\n<tbody>\n<tr>\n<td><strong>ingr\u00e9dients:<\/strong><\/td>\n<td><strong>Par dose journali\u00e8re (1 capsule)<\/strong><\/td>\n<\/tr>\n<tr>\n<td>Extrait de p\u00e9pins de raisin DER 20:1<\/td>\n<td>550 mg<\/td>\n<\/tr>\n<tr>\n<td>&#8211; dont proanthocyanidines (OPC) \u00e0 95%<\/span><\/td>\n<td>523 mg<\/td>\n<\/tr>\n<tr>\n<td>&#8211; dont trans-resv\u00e9ratrol \u00e0 12,5%<\/span><\/span><\/span><\/span><\/span><\/span><\/span>&nbsp;&lt;\/spanspan&gt;&nbsp;&lt;\/spanspan&gt;&nbsp;&lt;\/spanspan&gt;&nbsp;&lt;\/spanspan&gt;&nbsp;&lt;\/spanspan&gt;&nbsp;69 mg&lt;\/tddddd<br \/>\n&lt;trr<br \/>\n&lt;td&amp;ggt;Extraittde poivre noir BioPerinee\u00ae DERER5050:11,,dont::&amp;nbspp;\/tddddd<br \/>\n&lt;trr<\/p>\n<td>\/ttddddddddddddddddddddd<br \/>\n&lt;trr<\/p>\n<td>\/ttddddddddddddddddd<\/p>\n<p><strong>Mode d&#8217;emploi :<\/strong><br \/>Prendre une capsule par jour avec un verre d&#8217;eau.<\/p>\n<p>Ce compl\u00e9ment alimentaire est pr\u00e9sent\u00e9 sous forme pratique en capsules faciles \u00e0 consommer au quotidien. Il est crucial d&#8217;adopter une alimentation vari\u00e9e et \u00e9quilibr\u00e9e ainsi qu&#8217;un style de vie sain.<\/p>\n<p><strong>Note :<\/strong><br \/>ne pas utiliser si vous \u00eates allergique \u00e0 l&#8217;un des composants du suppl\u00e9ment. Ce produit n&#8217;est pas destin\u00e9 \u00e0 remplacer une alimentation diversifi\u00e9e.<\/p>\n<p><strong>Conservation :<\/strong><br \/>Conserver dans un endroit sec et frais, hors de port\u00e9e des enfants.<\/p>\n<p>AURA HERBALS OPC 95% est votre choix naturel pour int\u00e9grer des extraits v\u00e9g\u00e9taux purs dans votre routine quotidienne sans pr\u00e9tentions m\u00e9dicales ou th\u00e9rapeutiques explicites.<\/p>\n","protected":false},"excerpt":{"rendered":"<p>AURA HERBALS OPC 95% &#8211; Extrait de P\u00e9pins de Raisin (50 capsules) D\u00e9couvrez AURA HERBALS OPC 95%,un choix parfait pour ceux qui appr\u00e9cient les ingr\u00e9dients naturels dans un mode de vie sain. Ce produit est formul\u00e9 \u00e0 partir d&#8217;extrait de p\u00e9pins de raisin (Vitis vinifera L.) hautement concentr\u00e9, standardis\u00e9 \u00e0 95% en proanthocyanidines (OPC) et [&#8230;]\n","protected":false},"featured_media":273699,"comment_status":"closed","ping_status":"open","template":"","meta":[],"product_brand":[5338],"product_cat":[5053],"product_tag":[],"class_list":{"0":"post-299556","1":"product","2":"type-product","3":"status-publish","4":"has-post-thumbnail","6":"product_brand-aura-herbals-2","7":"product_cat-vitamines-et-mineraux","9":"first","10":"instock","11":"taxable","12":"shipping-taxable","13":"purchasable","14":"product-type-simple"},"yoast_head":"<!-- This site is optimized with the Yoast SEO Premium plugin v27.5 (Yoast SEO v27.5) - https:\/\/yoast.com\/product\/yoast-seo-premium-wordpress\/ -->\n<title>Extrait de p\u00e9pins de raisin OPC 95% - AURA HERBALS (50 g\u00e9lules) - ECO Supplements<\/title>\n<meta name=\"description\" content=\"Wij hebben een ruime keuze aan producten van Extrait de p\u00e9pins de raisin OPC 95% - AURA HERBALS (50 g\u00e9lules) . Winkel bij Eco Supplements altijd gratis verzending boven 100\u20ac\" \/>\n<meta name=\"robots\" content=\"index, follow, max-snippet:-1, max-image-preview:large, max-video-preview:-1\" \/>\n<link rel=\"canonical\" href=\"https:\/\/ecosupplements.be\/fr\/produit\/aura-herbals-opc-95-grape-seed-extract-50-caps\/\" \/>\n<meta property=\"og:locale\" content=\"fr_FR\" \/>\n<meta property=\"og:type\" content=\"article\" \/>\n<meta property=\"og:title\" content=\"Extrait de p\u00e9pins de raisin OPC 95% - AURA HERBALS (50 g\u00e9lules)\" \/>\n<meta property=\"og:description\" content=\"Wij hebben een ruime keuze aan producten van Extrait de p\u00e9pins de raisin OPC 95% - AURA HERBALS (50 g\u00e9lules) . Winkel bij Eco Supplements altijd gratis verzending boven 100\u20ac\" \/>\n<meta property=\"og:url\" content=\"https:\/\/ecosupplements.be\/fr\/produit\/aura-herbals-opc-95-grape-seed-extract-50-caps\/\" \/>\n<meta property=\"og:site_name\" content=\"ECO Supplements\" \/>\n<meta property=\"article:modified_time\" content=\"2025-08-28T01:20:42+00:00\" \/>\n<meta property=\"og:image\" content=\"https:\/\/ecosupplements.be\/wp-content\/uploads\/2025\/08\/Aura-Herbals-AURA-HERBALS-OPC-95-grape-seed-extract-50-caps.jpg\" \/>\n\t<meta property=\"og:image:width\" content=\"1080\" \/>\n\t<meta property=\"og:image:height\" content=\"1080\" \/>\n\t<meta property=\"og:image:type\" content=\"image\/jpeg\" \/>\n<meta name=\"twitter:card\" content=\"summary_large_image\" \/>\n<meta name=\"twitter:label1\" content=\"Prix\" \/>\n\t<meta name=\"twitter:data1\" content=\"14.15&nbsp;&euro;\" \/>\n\t<meta name=\"twitter:label2\" content=\"Disponibilit\u00e9\" \/>\n\t<meta name=\"twitter:data2\" content=\"En stock\" \/>\n<script type=\"application\/ld+json\" class=\"yoast-schema-graph\">{\"@context\":\"https:\\\/\\\/schema.org\",\"@graph\":[{\"@type\":[\"WebPage\",\"ItemPage\"],\"@id\":\"https:\\\/\\\/ecosupplements.be\\\/fr\\\/produit\\\/aura-herbals-opc-95-grape-seed-extract-50-caps\\\/\",\"url\":\"https:\\\/\\\/ecosupplements.be\\\/fr\\\/produit\\\/aura-herbals-opc-95-grape-seed-extract-50-caps\\\/\",\"name\":\"Extrait de p\u00e9pins de raisin OPC 95% - AURA HERBALS (50 g\u00e9lules) - ECO Supplements\",\"isPartOf\":{\"@id\":\"https:\\\/\\\/ecosupplements.be\\\/fr\\\/#website\"},\"primaryImageOfPage\":{\"@id\":\"https:\\\/\\\/ecosupplements.be\\\/fr\\\/produit\\\/aura-herbals-opc-95-grape-seed-extract-50-caps\\\/#primaryimage\"},\"image\":{\"@id\":\"https:\\\/\\\/ecosupplements.be\\\/fr\\\/produit\\\/aura-herbals-opc-95-grape-seed-extract-50-caps\\\/#primaryimage\"},\"thumbnailUrl\":\"https:\\\/\\\/ecosupplements.be\\\/wp-content\\\/uploads\\\/2025\\\/08\\\/AURA-HERBALS-OPC-95-grape-seed-extract-50-caps.jpg\",\"datePublished\":\"2025-07-24T21:15:12+00:00\",\"dateModified\":\"2025-08-28T01:20:42+00:00\",\"description\":\"Wij hebben een ruime keuze aan producten van Extrait de p\u00e9pins de raisin OPC 95% - AURA HERBALS (50 g\u00e9lules) . Winkel bij Eco Supplements altijd gratis verzending boven 100\u20ac\",\"breadcrumb\":{\"@id\":\"https:\\\/\\\/ecosupplements.be\\\/fr\\\/produit\\\/aura-herbals-opc-95-grape-seed-extract-50-caps\\\/#breadcrumb\"},\"inLanguage\":\"fr-FR\",\"potentialAction\":[{\"@type\":\"ReadAction\",\"target\":[\"https:\\\/\\\/ecosupplements.be\\\/fr\\\/produit\\\/aura-herbals-opc-95-grape-seed-extract-50-caps\\\/\"]}]},{\"@type\":\"ImageObject\",\"inLanguage\":\"fr-FR\",\"@id\":\"https:\\\/\\\/ecosupplements.be\\\/fr\\\/produit\\\/aura-herbals-opc-95-grape-seed-extract-50-caps\\\/#primaryimage\",\"url\":\"https:\\\/\\\/ecosupplements.be\\\/wp-content\\\/uploads\\\/2025\\\/08\\\/AURA-HERBALS-OPC-95-grape-seed-extract-50-caps.jpg\",\"contentUrl\":\"https:\\\/\\\/ecosupplements.be\\\/wp-content\\\/uploads\\\/2025\\\/08\\\/AURA-HERBALS-OPC-95-grape-seed-extract-50-caps.jpg\",\"width\":1080,\"height\":1080},{\"@type\":\"BreadcrumbList\",\"@id\":\"https:\\\/\\\/ecosupplements.be\\\/fr\\\/produit\\\/aura-herbals-opc-95-grape-seed-extract-50-caps\\\/#breadcrumb\",\"itemListElement\":[{\"@type\":\"ListItem\",\"position\":1,\"name\":\"Home\",\"item\":\"https:\\\/\\\/ecosupplements.be\\\/fr\\\/\"},{\"@type\":\"ListItem\",\"position\":2,\"name\":\"Boutique\",\"item\":\"https:\\\/\\\/ecosupplements.be\\\/fr\\\/boutique\\\/\"},{\"@type\":\"ListItem\",\"position\":3,\"name\":\"Extrait de p\u00e9pins de raisin OPC 95% &#8211; AURA HERBALS (50 g\u00e9lules)\"}]},{\"@type\":\"WebSite\",\"@id\":\"https:\\\/\\\/ecosupplements.be\\\/fr\\\/#website\",\"url\":\"https:\\\/\\\/ecosupplements.be\\\/fr\\\/\",\"name\":\"ECO Supplements\",\"description\":\"Eco Supplements - Gezonde supplementen\",\"publisher\":{\"@id\":\"https:\\\/\\\/ecosupplements.be\\\/fr\\\/#organization\"},\"potentialAction\":[{\"@type\":\"SearchAction\",\"target\":{\"@type\":\"EntryPoint\",\"urlTemplate\":\"https:\\\/\\\/ecosupplements.be\\\/fr\\\/?s={search_term_string}\"},\"query-input\":{\"@type\":\"PropertyValueSpecification\",\"valueRequired\":true,\"valueName\":\"search_term_string\"}}],\"inLanguage\":\"fr-FR\"},{\"@type\":\"Organization\",\"@id\":\"https:\\\/\\\/ecosupplements.be\\\/fr\\\/#organization\",\"name\":\"Eco Supplements\",\"url\":\"https:\\\/\\\/ecosupplements.be\\\/fr\\\/\",\"logo\":{\"@type\":\"ImageObject\",\"inLanguage\":\"fr-FR\",\"@id\":\"https:\\\/\\\/ecosupplements.be\\\/fr\\\/#\\\/schema\\\/logo\\\/image\\\/\",\"url\":\"https:\\\/\\\/ecosupplements.be\\\/wp-content\\\/uploads\\\/2022\\\/06\\\/ecosupplement-family.png\",\"contentUrl\":\"https:\\\/\\\/ecosupplements.be\\\/wp-content\\\/uploads\\\/2022\\\/06\\\/ecosupplement-family.png\",\"width\":593,\"height\":374,\"caption\":\"Eco Supplements\"},\"image\":{\"@id\":\"https:\\\/\\\/ecosupplements.be\\\/fr\\\/#\\\/schema\\\/logo\\\/image\\\/\"}}]}<\/script>\n<meta property=\"product:brand\" content=\"Aura Herbals\" \/>\n<meta property=\"product:price:amount\" content=\"14.15\" \/>\n<meta property=\"product:price:currency\" content=\"EUR\" \/>\n<meta property=\"og:availability\" content=\"instock\" \/>\n<meta property=\"product:availability\" content=\"instock\" \/>\n<meta property=\"product:retailer_item_id\" content=\"5902479613956\" \/>\n<meta property=\"product:condition\" content=\"new\" \/>\n<!-- \/ Yoast SEO Premium plugin. -->","yoast_head_json":{"title":"Extrait de p\u00e9pins de raisin OPC 95% - AURA HERBALS (50 g\u00e9lules) - ECO Supplements","description":"Wij hebben een ruime keuze aan producten van Extrait de p\u00e9pins de raisin OPC 95% - AURA HERBALS (50 g\u00e9lules) . Winkel bij Eco Supplements altijd gratis verzending boven 100\u20ac","robots":{"index":"index","follow":"follow","max-snippet":"max-snippet:-1","max-image-preview":"max-image-preview:large","max-video-preview":"max-video-preview:-1"},"canonical":"https:\/\/ecosupplements.be\/fr\/produit\/aura-herbals-opc-95-grape-seed-extract-50-caps\/","og_locale":"fr_FR","og_type":"article","og_title":"Extrait de p\u00e9pins de raisin OPC 95% - AURA HERBALS (50 g\u00e9lules)","og_description":"Wij hebben een ruime keuze aan producten van Extrait de p\u00e9pins de raisin OPC 95% - AURA HERBALS (50 g\u00e9lules) . Winkel bij Eco Supplements altijd gratis verzending boven 100\u20ac","og_url":"https:\/\/ecosupplements.be\/fr\/produit\/aura-herbals-opc-95-grape-seed-extract-50-caps\/","og_site_name":"ECO Supplements","article_modified_time":"2025-08-28T01:20:42+00:00","og_image":[{"width":1080,"height":1080,"url":"https:\/\/ecosupplements.be\/wp-content\/uploads\/2025\/08\/Aura-Herbals-AURA-HERBALS-OPC-95-grape-seed-extract-50-caps.jpg","type":"image\/jpeg"}],"twitter_card":"summary_large_image","twitter_misc":{"Prix":"14.15&nbsp;&euro;","Disponibilit\u00e9":"En stock"},"schema":{"@context":"https:\/\/schema.org","@graph":[{"@type":["WebPage","ItemPage"],"@id":"https:\/\/ecosupplements.be\/fr\/produit\/aura-herbals-opc-95-grape-seed-extract-50-caps\/","url":"https:\/\/ecosupplements.be\/fr\/produit\/aura-herbals-opc-95-grape-seed-extract-50-caps\/","name":"Extrait de p\u00e9pins de raisin OPC 95% - AURA HERBALS (50 g\u00e9lules) - ECO Supplements","isPartOf":{"@id":"https:\/\/ecosupplements.be\/fr\/#website"},"primaryImageOfPage":{"@id":"https:\/\/ecosupplements.be\/fr\/produit\/aura-herbals-opc-95-grape-seed-extract-50-caps\/#primaryimage"},"image":{"@id":"https:\/\/ecosupplements.be\/fr\/produit\/aura-herbals-opc-95-grape-seed-extract-50-caps\/#primaryimage"},"thumbnailUrl":"https:\/\/ecosupplements.be\/wp-content\/uploads\/2025\/08\/AURA-HERBALS-OPC-95-grape-seed-extract-50-caps.jpg","datePublished":"2025-07-24T21:15:12+00:00","dateModified":"2025-08-28T01:20:42+00:00","description":"Wij hebben een ruime keuze aan producten van Extrait de p\u00e9pins de raisin OPC 95% - AURA HERBALS (50 g\u00e9lules) . Winkel bij Eco Supplements altijd gratis verzending boven 100\u20ac","breadcrumb":{"@id":"https:\/\/ecosupplements.be\/fr\/produit\/aura-herbals-opc-95-grape-seed-extract-50-caps\/#breadcrumb"},"inLanguage":"fr-FR","potentialAction":[{"@type":"ReadAction","target":["https:\/\/ecosupplements.be\/fr\/produit\/aura-herbals-opc-95-grape-seed-extract-50-caps\/"]}]},{"@type":"ImageObject","inLanguage":"fr-FR","@id":"https:\/\/ecosupplements.be\/fr\/produit\/aura-herbals-opc-95-grape-seed-extract-50-caps\/#primaryimage","url":"https:\/\/ecosupplements.be\/wp-content\/uploads\/2025\/08\/AURA-HERBALS-OPC-95-grape-seed-extract-50-caps.jpg","contentUrl":"https:\/\/ecosupplements.be\/wp-content\/uploads\/2025\/08\/AURA-HERBALS-OPC-95-grape-seed-extract-50-caps.jpg","width":1080,"height":1080},{"@type":"BreadcrumbList","@id":"https:\/\/ecosupplements.be\/fr\/produit\/aura-herbals-opc-95-grape-seed-extract-50-caps\/#breadcrumb","itemListElement":[{"@type":"ListItem","position":1,"name":"Home","item":"https:\/\/ecosupplements.be\/fr\/"},{"@type":"ListItem","position":2,"name":"Boutique","item":"https:\/\/ecosupplements.be\/fr\/boutique\/"},{"@type":"ListItem","position":3,"name":"Extrait de p\u00e9pins de raisin OPC 95% &#8211; AURA HERBALS (50 g\u00e9lules)"}]},{"@type":"WebSite","@id":"https:\/\/ecosupplements.be\/fr\/#website","url":"https:\/\/ecosupplements.be\/fr\/","name":"ECO Supplements","description":"Eco Supplements - Gezonde supplementen","publisher":{"@id":"https:\/\/ecosupplements.be\/fr\/#organization"},"potentialAction":[{"@type":"SearchAction","target":{"@type":"EntryPoint","urlTemplate":"https:\/\/ecosupplements.be\/fr\/?s={search_term_string}"},"query-input":{"@type":"PropertyValueSpecification","valueRequired":true,"valueName":"search_term_string"}}],"inLanguage":"fr-FR"},{"@type":"Organization","@id":"https:\/\/ecosupplements.be\/fr\/#organization","name":"Eco Supplements","url":"https:\/\/ecosupplements.be\/fr\/","logo":{"@type":"ImageObject","inLanguage":"fr-FR","@id":"https:\/\/ecosupplements.be\/fr\/#\/schema\/logo\/image\/","url":"https:\/\/ecosupplements.be\/wp-content\/uploads\/2022\/06\/ecosupplement-family.png","contentUrl":"https:\/\/ecosupplements.be\/wp-content\/uploads\/2022\/06\/ecosupplement-family.png","width":593,"height":374,"caption":"Eco Supplements"},"image":{"@id":"https:\/\/ecosupplements.be\/fr\/#\/schema\/logo\/image\/"}}]},"product_brand":"Aura Herbals","product_price_amount":"14.15","product_price_currency":"EUR","og_availability":"instock","product_availability":"instock","product_retailer_item_id":"5902479613956","product_condition":"new"},"_links":{"self":[{"href":"https:\/\/ecosupplements.be\/fr\/wp-json\/wp\/v2\/product\/299556","targetHints":{"allow":["GET"]}}],"collection":[{"href":"https:\/\/ecosupplements.be\/fr\/wp-json\/wp\/v2\/product"}],"about":[{"href":"https:\/\/ecosupplements.be\/fr\/wp-json\/wp\/v2\/types\/product"}],"replies":[{"embeddable":true,"href":"https:\/\/ecosupplements.be\/fr\/wp-json\/wp\/v2\/comments?post=299556"}],"wp:featuredmedia":[{"embeddable":true,"href":"https:\/\/ecosupplements.be\/fr\/wp-json\/wp\/v2\/media\/273699"}],"wp:attachment":[{"href":"https:\/\/ecosupplements.be\/fr\/wp-json\/wp\/v2\/media?parent=299556"}],"wp:term":[{"taxonomy":"product_brand","embeddable":true,"href":"https:\/\/ecosupplements.be\/fr\/wp-json\/wp\/v2\/product_brand?post=299556"},{"taxonomy":"product_cat","embeddable":true,"href":"https:\/\/ecosupplements.be\/fr\/wp-json\/wp\/v2\/product_cat?post=299556"},{"taxonomy":"product_tag","embeddable":true,"href":"https:\/\/ecosupplements.be\/fr\/wp-json\/wp\/v2\/product_tag?post=299556"}],"curies":[{"name":"wp","href":"https:\/\/api.w.org\/{rel}","templated":true}]}}