{"id":299571,"date":"2025-07-24T22:45:13","date_gmt":"2025-07-24T21:45:13","guid":{"rendered":"https:\/\/ecosupplements.be\/product\/aura-herbals-reishi-spores-800-mg-vitamin-c-60-caps\/"},"modified":"2025-08-28T02:20:58","modified_gmt":"2025-08-28T01:20:58","slug":"aura-herbals-reishi-spores-800-mg-vitamin-c-60-caps","status":"publish","type":"product","link":"https:\/\/ecosupplements.be\/fr\/produit\/aura-herbals-reishi-spores-800-mg-vitamin-c-60-caps\/","title":{"rendered":"Spores de Reishi AURA HERBALS, 800 mg + Vitamine C (60 g\u00e9lules)"},"content":{"rendered":"<h2>AURA HERBALS Reishi Spores, 800 mg + Vitamin C (60 caps)<\/h2>\n<p>D\u00e9couvrez AURA HERBALS Reishi Spores enrichi en vitamine C, un compl\u00e9ment de choix pour ceux qui privil\u00e9gient les ingr\u00e9dients naturels dans leur quotidien. Chaque capsule contient un extrait de spores de champignons reishi (Ganoderma lucidum) \u00e0 haute concentration (DER 4:1) et est compl\u00e9t\u00e9e par de la vitamine C pour soutenir votre style de vie actif.<\/p>\n<h3>Composition<\/h3>\n<ul>\n<li>Extrait de spores de reishi : 800 mg<\/li>\n<li>Vitamine C : 100 mg,soit 125% des valeurs quotidiennes recommand\u00e9es<\/li>\n<li>Inuline,L-leucine<\/li>\n<li>Capsule v\u00e9g\u00e9tale : hydroxypropylm\u00e9thylcellulose<\/li>\n<\/ul>\n<h3>Utilisation Recommand\u00e9e<\/h3>\n<p>Prendre une capsule avec un verre d&#8217;eau deux fois par jour.Ce produit est un suppl\u00e9ment alimentaire et doit \u00eatre utilis\u00e9 dans le cadre d&#8217;un mode de vie \u00e9quilibr\u00e9.<\/p>\n<h3>Caract\u00e9ristiques du Produit:<\/h3>\n<ul>\n<li><strong>naturel :<\/strong> Formul\u00e9 \u00e0 partir d&#8217;ingr\u00e9dients naturels et purs.<\/li>\n<li><strong>Sans allerg\u00e8nes :<\/strong> Ne contient aucun composant susceptible de provoquer des allergies.<\/li>\n<li><strong>Fabrication contr\u00f4l\u00e9e :<\/strong> Produit sous strictes normes de qualit\u00e9 pour assurer une grande puret\u00e9.<\/li>\n<\/ul>\n<h3>Packaging et Conservation:<\/h3>\n<p>Ce produit est pr\u00e9sent\u00e9 dans un emballage contenant 60 capsules.Conservez le flacon dans un endroit sec \u00e0 temp\u00e9rature ambiante inf\u00e9rieure \u00e0 25\u00b0C et hors port\u00e9e des enfants.<\/p>\n<p>AURA HERBALS Reishi spores avec Vitamine C est votre choix quotidien id\u00e9al pour int\u00e9grer des \u00e9l\u00e9ments naturels \u00e0 votre routine sans compromis sur la qualit\u00e9 ou la commodit\u00e9.<\/p>\n","protected":false},"excerpt":{"rendered":"<p>AURA HERBALS Reishi Spores, 800 mg + Vitamin C (60 caps) D\u00e9couvrez AURA HERBALS Reishi Spores enrichi en vitamine C, un compl\u00e9ment de choix pour ceux qui privil\u00e9gient les ingr\u00e9dients naturels dans leur quotidien. Chaque capsule contient un extrait de spores de champignons reishi (Ganoderma lucidum) \u00e0 haute concentration (DER 4:1) et est compl\u00e9t\u00e9e par [&#8230;]\n","protected":false},"featured_media":273714,"comment_status":"closed","ping_status":"open","template":"","meta":[],"product_brand":[5338],"product_cat":[5168,5053],"product_tag":[],"class_list":{"0":"post-299571","1":"product","2":"type-product","3":"status-publish","4":"has-post-thumbnail","6":"product_brand-aura-herbals-2","7":"product_cat-champignons","8":"product_cat-vitamines-et-mineraux","10":"first","11":"instock","12":"taxable","13":"shipping-taxable","14":"purchasable","15":"product-type-simple"},"yoast_head":"<!-- This site is optimized with the Yoast SEO Premium plugin v27.3 (Yoast SEO v27.3) - https:\/\/yoast.com\/product\/yoast-seo-premium-wordpress\/ -->\n<title>Spores de Reishi AURA HERBALS, 800 mg + Vitamine C (60 g\u00e9lules) - ECO Supplements<\/title>\n<meta name=\"description\" content=\"Wij hebben een ruime keuze aan producten van Spores de Reishi AURA HERBALS, 800 mg + Vitamine C (60 g\u00e9lules) . Winkel bij Eco Supplements altijd gratis verzending boven 100\u20ac\" \/>\n<meta name=\"robots\" content=\"index, follow, max-snippet:-1, max-image-preview:large, max-video-preview:-1\" \/>\n<link rel=\"canonical\" href=\"https:\/\/ecosupplements.be\/fr\/produit\/aura-herbals-reishi-spores-800-mg-vitamin-c-60-caps\/\" \/>\n<meta property=\"og:locale\" content=\"fr_FR\" \/>\n<meta property=\"og:type\" content=\"article\" \/>\n<meta property=\"og:title\" content=\"Spores de Reishi AURA HERBALS, 800 mg + Vitamine C (60 g\u00e9lules)\" \/>\n<meta property=\"og:description\" content=\"Wij hebben een ruime keuze aan producten van Spores de Reishi AURA HERBALS, 800 mg + Vitamine C (60 g\u00e9lules) . Winkel bij Eco Supplements altijd gratis verzending boven 100\u20ac\" \/>\n<meta property=\"og:url\" content=\"https:\/\/ecosupplements.be\/fr\/produit\/aura-herbals-reishi-spores-800-mg-vitamin-c-60-caps\/\" \/>\n<meta property=\"og:site_name\" content=\"ECO Supplements\" \/>\n<meta property=\"article:modified_time\" content=\"2025-08-28T01:20:58+00:00\" \/>\n<meta property=\"og:image\" content=\"https:\/\/ecosupplements.be\/wp-content\/uploads\/2025\/08\/Aura-Herbals-AURA-HERBALS-Reishi-spores-800-mg-Vitamin-C-60-caps.jpg\" \/>\n\t<meta property=\"og:image:width\" content=\"1024\" \/>\n\t<meta property=\"og:image:height\" content=\"1024\" \/>\n\t<meta property=\"og:image:type\" content=\"image\/jpeg\" \/>\n<meta name=\"twitter:card\" content=\"summary_large_image\" \/>\n<meta name=\"twitter:label1\" content=\"Prix\" \/>\n\t<meta name=\"twitter:data1\" content=\"8.49&nbsp;&euro;\" \/>\n\t<meta name=\"twitter:label2\" content=\"Disponibilit\u00e9\" \/>\n\t<meta name=\"twitter:data2\" content=\"En stock\" \/>\n<script type=\"application\/ld+json\" class=\"yoast-schema-graph\">{\"@context\":\"https:\\\/\\\/schema.org\",\"@graph\":[{\"@type\":[\"WebPage\",\"ItemPage\"],\"@id\":\"https:\\\/\\\/ecosupplements.be\\\/fr\\\/produit\\\/aura-herbals-reishi-spores-800-mg-vitamin-c-60-caps\\\/\",\"url\":\"https:\\\/\\\/ecosupplements.be\\\/fr\\\/produit\\\/aura-herbals-reishi-spores-800-mg-vitamin-c-60-caps\\\/\",\"name\":\"Spores de Reishi AURA HERBALS, 800 mg + Vitamine C (60 g\u00e9lules) - ECO Supplements\",\"isPartOf\":{\"@id\":\"https:\\\/\\\/ecosupplements.be\\\/fr\\\/#website\"},\"primaryImageOfPage\":{\"@id\":\"https:\\\/\\\/ecosupplements.be\\\/fr\\\/produit\\\/aura-herbals-reishi-spores-800-mg-vitamin-c-60-caps\\\/#primaryimage\"},\"image\":{\"@id\":\"https:\\\/\\\/ecosupplements.be\\\/fr\\\/produit\\\/aura-herbals-reishi-spores-800-mg-vitamin-c-60-caps\\\/#primaryimage\"},\"thumbnailUrl\":\"https:\\\/\\\/ecosupplements.be\\\/wp-content\\\/uploads\\\/2025\\\/08\\\/AURA-HERBALS-Reishi-spores-800-mg-Vitamin-C-60-caps.jpg\",\"datePublished\":\"2025-07-24T21:45:13+00:00\",\"dateModified\":\"2025-08-28T01:20:58+00:00\",\"description\":\"Wij hebben een ruime keuze aan producten van Spores de Reishi AURA HERBALS, 800 mg + Vitamine C (60 g\u00e9lules) . Winkel bij Eco Supplements altijd gratis verzending boven 100\u20ac\",\"breadcrumb\":{\"@id\":\"https:\\\/\\\/ecosupplements.be\\\/fr\\\/produit\\\/aura-herbals-reishi-spores-800-mg-vitamin-c-60-caps\\\/#breadcrumb\"},\"inLanguage\":\"fr-FR\",\"potentialAction\":[{\"@type\":\"ReadAction\",\"target\":[\"https:\\\/\\\/ecosupplements.be\\\/fr\\\/produit\\\/aura-herbals-reishi-spores-800-mg-vitamin-c-60-caps\\\/\"]}]},{\"@type\":\"ImageObject\",\"inLanguage\":\"fr-FR\",\"@id\":\"https:\\\/\\\/ecosupplements.be\\\/fr\\\/produit\\\/aura-herbals-reishi-spores-800-mg-vitamin-c-60-caps\\\/#primaryimage\",\"url\":\"https:\\\/\\\/ecosupplements.be\\\/wp-content\\\/uploads\\\/2025\\\/08\\\/AURA-HERBALS-Reishi-spores-800-mg-Vitamin-C-60-caps.jpg\",\"contentUrl\":\"https:\\\/\\\/ecosupplements.be\\\/wp-content\\\/uploads\\\/2025\\\/08\\\/AURA-HERBALS-Reishi-spores-800-mg-Vitamin-C-60-caps.jpg\",\"width\":1024,\"height\":1024},{\"@type\":\"BreadcrumbList\",\"@id\":\"https:\\\/\\\/ecosupplements.be\\\/fr\\\/produit\\\/aura-herbals-reishi-spores-800-mg-vitamin-c-60-caps\\\/#breadcrumb\",\"itemListElement\":[{\"@type\":\"ListItem\",\"position\":1,\"name\":\"Home\",\"item\":\"https:\\\/\\\/ecosupplements.be\\\/fr\\\/\"},{\"@type\":\"ListItem\",\"position\":2,\"name\":\"Boutique\",\"item\":\"https:\\\/\\\/ecosupplements.be\\\/fr\\\/boutique\\\/\"},{\"@type\":\"ListItem\",\"position\":3,\"name\":\"Spores de Reishi AURA HERBALS, 800 mg + Vitamine C (60 g\u00e9lules)\"}]},{\"@type\":\"WebSite\",\"@id\":\"https:\\\/\\\/ecosupplements.be\\\/fr\\\/#website\",\"url\":\"https:\\\/\\\/ecosupplements.be\\\/fr\\\/\",\"name\":\"ECO Supplements\",\"description\":\"Eco Supplements - Gezonde supplementen\",\"publisher\":{\"@id\":\"https:\\\/\\\/ecosupplements.be\\\/fr\\\/#organization\"},\"potentialAction\":[{\"@type\":\"SearchAction\",\"target\":{\"@type\":\"EntryPoint\",\"urlTemplate\":\"https:\\\/\\\/ecosupplements.be\\\/fr\\\/?s={search_term_string}\"},\"query-input\":{\"@type\":\"PropertyValueSpecification\",\"valueRequired\":true,\"valueName\":\"search_term_string\"}}],\"inLanguage\":\"fr-FR\"},{\"@type\":\"Organization\",\"@id\":\"https:\\\/\\\/ecosupplements.be\\\/fr\\\/#organization\",\"name\":\"Eco Supplements\",\"url\":\"https:\\\/\\\/ecosupplements.be\\\/fr\\\/\",\"logo\":{\"@type\":\"ImageObject\",\"inLanguage\":\"fr-FR\",\"@id\":\"https:\\\/\\\/ecosupplements.be\\\/fr\\\/#\\\/schema\\\/logo\\\/image\\\/\",\"url\":\"https:\\\/\\\/ecosupplements.be\\\/wp-content\\\/uploads\\\/2022\\\/06\\\/ecosupplement-family.png\",\"contentUrl\":\"https:\\\/\\\/ecosupplements.be\\\/wp-content\\\/uploads\\\/2022\\\/06\\\/ecosupplement-family.png\",\"width\":593,\"height\":374,\"caption\":\"Eco Supplements\"},\"image\":{\"@id\":\"https:\\\/\\\/ecosupplements.be\\\/fr\\\/#\\\/schema\\\/logo\\\/image\\\/\"}}]}<\/script>\n<meta property=\"product:brand\" content=\"Aura Herbals\" \/>\n<meta property=\"product:price:amount\" content=\"8.49\" \/>\n<meta property=\"product:price:currency\" content=\"EUR\" \/>\n<meta property=\"og:availability\" content=\"instock\" \/>\n<meta property=\"product:availability\" content=\"instock\" \/>\n<meta property=\"product:retailer_item_id\" content=\"5902479613321\" \/>\n<meta property=\"product:condition\" content=\"new\" \/>\n<!-- \/ Yoast SEO Premium plugin. -->","yoast_head_json":{"title":"Spores de Reishi AURA HERBALS, 800 mg + Vitamine C (60 g\u00e9lules) - ECO Supplements","description":"Wij hebben een ruime keuze aan producten van Spores de Reishi AURA HERBALS, 800 mg + Vitamine C (60 g\u00e9lules) . Winkel bij Eco Supplements altijd gratis verzending boven 100\u20ac","robots":{"index":"index","follow":"follow","max-snippet":"max-snippet:-1","max-image-preview":"max-image-preview:large","max-video-preview":"max-video-preview:-1"},"canonical":"https:\/\/ecosupplements.be\/fr\/produit\/aura-herbals-reishi-spores-800-mg-vitamin-c-60-caps\/","og_locale":"fr_FR","og_type":"article","og_title":"Spores de Reishi AURA HERBALS, 800 mg + Vitamine C (60 g\u00e9lules)","og_description":"Wij hebben een ruime keuze aan producten van Spores de Reishi AURA HERBALS, 800 mg + Vitamine C (60 g\u00e9lules) . Winkel bij Eco Supplements altijd gratis verzending boven 100\u20ac","og_url":"https:\/\/ecosupplements.be\/fr\/produit\/aura-herbals-reishi-spores-800-mg-vitamin-c-60-caps\/","og_site_name":"ECO Supplements","article_modified_time":"2025-08-28T01:20:58+00:00","og_image":[{"width":1024,"height":1024,"url":"https:\/\/ecosupplements.be\/wp-content\/uploads\/2025\/08\/Aura-Herbals-AURA-HERBALS-Reishi-spores-800-mg-Vitamin-C-60-caps.jpg","type":"image\/jpeg"}],"twitter_card":"summary_large_image","twitter_misc":{"Prix":"8.49&nbsp;&euro;","Disponibilit\u00e9":"En stock"},"schema":{"@context":"https:\/\/schema.org","@graph":[{"@type":["WebPage","ItemPage"],"@id":"https:\/\/ecosupplements.be\/fr\/produit\/aura-herbals-reishi-spores-800-mg-vitamin-c-60-caps\/","url":"https:\/\/ecosupplements.be\/fr\/produit\/aura-herbals-reishi-spores-800-mg-vitamin-c-60-caps\/","name":"Spores de Reishi AURA HERBALS, 800 mg + Vitamine C (60 g\u00e9lules) - ECO Supplements","isPartOf":{"@id":"https:\/\/ecosupplements.be\/fr\/#website"},"primaryImageOfPage":{"@id":"https:\/\/ecosupplements.be\/fr\/produit\/aura-herbals-reishi-spores-800-mg-vitamin-c-60-caps\/#primaryimage"},"image":{"@id":"https:\/\/ecosupplements.be\/fr\/produit\/aura-herbals-reishi-spores-800-mg-vitamin-c-60-caps\/#primaryimage"},"thumbnailUrl":"https:\/\/ecosupplements.be\/wp-content\/uploads\/2025\/08\/AURA-HERBALS-Reishi-spores-800-mg-Vitamin-C-60-caps.jpg","datePublished":"2025-07-24T21:45:13+00:00","dateModified":"2025-08-28T01:20:58+00:00","description":"Wij hebben een ruime keuze aan producten van Spores de Reishi AURA HERBALS, 800 mg + Vitamine C (60 g\u00e9lules) . Winkel bij Eco Supplements altijd gratis verzending boven 100\u20ac","breadcrumb":{"@id":"https:\/\/ecosupplements.be\/fr\/produit\/aura-herbals-reishi-spores-800-mg-vitamin-c-60-caps\/#breadcrumb"},"inLanguage":"fr-FR","potentialAction":[{"@type":"ReadAction","target":["https:\/\/ecosupplements.be\/fr\/produit\/aura-herbals-reishi-spores-800-mg-vitamin-c-60-caps\/"]}]},{"@type":"ImageObject","inLanguage":"fr-FR","@id":"https:\/\/ecosupplements.be\/fr\/produit\/aura-herbals-reishi-spores-800-mg-vitamin-c-60-caps\/#primaryimage","url":"https:\/\/ecosupplements.be\/wp-content\/uploads\/2025\/08\/AURA-HERBALS-Reishi-spores-800-mg-Vitamin-C-60-caps.jpg","contentUrl":"https:\/\/ecosupplements.be\/wp-content\/uploads\/2025\/08\/AURA-HERBALS-Reishi-spores-800-mg-Vitamin-C-60-caps.jpg","width":1024,"height":1024},{"@type":"BreadcrumbList","@id":"https:\/\/ecosupplements.be\/fr\/produit\/aura-herbals-reishi-spores-800-mg-vitamin-c-60-caps\/#breadcrumb","itemListElement":[{"@type":"ListItem","position":1,"name":"Home","item":"https:\/\/ecosupplements.be\/fr\/"},{"@type":"ListItem","position":2,"name":"Boutique","item":"https:\/\/ecosupplements.be\/fr\/boutique\/"},{"@type":"ListItem","position":3,"name":"Spores de Reishi AURA HERBALS, 800 mg + Vitamine C (60 g\u00e9lules)"}]},{"@type":"WebSite","@id":"https:\/\/ecosupplements.be\/fr\/#website","url":"https:\/\/ecosupplements.be\/fr\/","name":"ECO Supplements","description":"Eco Supplements - Gezonde supplementen","publisher":{"@id":"https:\/\/ecosupplements.be\/fr\/#organization"},"potentialAction":[{"@type":"SearchAction","target":{"@type":"EntryPoint","urlTemplate":"https:\/\/ecosupplements.be\/fr\/?s={search_term_string}"},"query-input":{"@type":"PropertyValueSpecification","valueRequired":true,"valueName":"search_term_string"}}],"inLanguage":"fr-FR"},{"@type":"Organization","@id":"https:\/\/ecosupplements.be\/fr\/#organization","name":"Eco Supplements","url":"https:\/\/ecosupplements.be\/fr\/","logo":{"@type":"ImageObject","inLanguage":"fr-FR","@id":"https:\/\/ecosupplements.be\/fr\/#\/schema\/logo\/image\/","url":"https:\/\/ecosupplements.be\/wp-content\/uploads\/2022\/06\/ecosupplement-family.png","contentUrl":"https:\/\/ecosupplements.be\/wp-content\/uploads\/2022\/06\/ecosupplement-family.png","width":593,"height":374,"caption":"Eco Supplements"},"image":{"@id":"https:\/\/ecosupplements.be\/fr\/#\/schema\/logo\/image\/"}}]},"product_brand":"Aura Herbals","product_price_amount":"8.49","product_price_currency":"EUR","og_availability":"instock","product_availability":"instock","product_retailer_item_id":"5902479613321","product_condition":"new"},"_links":{"self":[{"href":"https:\/\/ecosupplements.be\/fr\/wp-json\/wp\/v2\/product\/299571","targetHints":{"allow":["GET"]}}],"collection":[{"href":"https:\/\/ecosupplements.be\/fr\/wp-json\/wp\/v2\/product"}],"about":[{"href":"https:\/\/ecosupplements.be\/fr\/wp-json\/wp\/v2\/types\/product"}],"replies":[{"embeddable":true,"href":"https:\/\/ecosupplements.be\/fr\/wp-json\/wp\/v2\/comments?post=299571"}],"wp:featuredmedia":[{"embeddable":true,"href":"https:\/\/ecosupplements.be\/fr\/wp-json\/wp\/v2\/media\/273714"}],"wp:attachment":[{"href":"https:\/\/ecosupplements.be\/fr\/wp-json\/wp\/v2\/media?parent=299571"}],"wp:term":[{"taxonomy":"product_brand","embeddable":true,"href":"https:\/\/ecosupplements.be\/fr\/wp-json\/wp\/v2\/product_brand?post=299571"},{"taxonomy":"product_cat","embeddable":true,"href":"https:\/\/ecosupplements.be\/fr\/wp-json\/wp\/v2\/product_cat?post=299571"},{"taxonomy":"product_tag","embeddable":true,"href":"https:\/\/ecosupplements.be\/fr\/wp-json\/wp\/v2\/product_tag?post=299571"}],"curies":[{"name":"wp","href":"https:\/\/api.w.org\/{rel}","templated":true}]}}