{"id":299580,"date":"2025-07-24T22:45:13","date_gmt":"2025-07-24T21:45:13","guid":{"rendered":"https:\/\/ecosupplements.be\/product\/aura-herbals-seledrop-selenium-110-mcg-aerosol-30-ml-1-fl-oz\/"},"modified":"2025-08-28T02:21:07","modified_gmt":"2025-08-28T01:21:07","slug":"aura-herbals-seledrop-selenium-110-mcg-aerosol-30-ml-1-fl-oz","status":"publish","type":"product","link":"https:\/\/ecosupplements.be\/fr\/produit\/aura-herbals-seledrop-selenium-110-mcg-aerosol-30-ml-1-fl-oz\/","title":{"rendered":"Gouttes de s\u00e9l\u00e9nium AURA HERBALS, 110 mcg, a\u00e9rosol (30 ml \/ 1 fl. oz.)"},"content":{"rendered":"<div>\n<h2>AURA HERBALS Seledrop, s\u00e9l\u00e9nium, 110 mcg, a\u00e9rosol (30 ml \/ 1 fl. oz.)<\/h2>\n<p>D\u00e9couvrez AURA HERBALS Seledrop,un produit con\u00e7u pour s&#8217;int\u00e9grer harmonieusement \u00e0 votre quotidien. Ce spray pratique contient du s\u00e9l\u00e9nium d&#8217;origine naturelle et est pr\u00e9sent\u00e9 dans un format a\u00e9rosol de 30 ml facile \u00e0 utiliser.<\/p>\n<h3>Ingr\u00e9dients principaux :<\/h3>\n<ul>\n<li>Eau purifi\u00e9e<\/li>\n<li>Ar\u00f4me naturel de menthe pour une sensation de fra\u00eecheur<\/li>\n<li>S\u00e9l\u00e9niate de sodium<\/li>\n<\/ul>\n<h3>Utilisation :<\/h3>\n<p>Simple d&#8217;utilisation, il suffit de diriger l&#8217;a\u00e9rosol vers la bouche et d&#8217;effectuer une pulv\u00e9risation ou d&#8217;ajouter quelques gouttes \u00e0 votre boisson pr\u00e9f\u00e9r\u00e9e.<\/p>\n<h3>caract\u00e9ristiques pratiques :<\/h3>\n<p>Ce produit se distingue par sa facilit\u00e9 d&#8217;utilisation au quotidien et son format compact qui le rend id\u00e9al pour \u00eatre emport\u00e9 partout avec vous.<\/p>\n<h4>Contenu et emballage :<\/h4>\n<p>L&#8217;emballage contient un flacon a\u00e9rosol de 30 ml.<\/p>\n<h4>Pour un mode de vie \u00e9quilibr\u00e9 :<\/h4>\n<p>AURA HERBALS Seledrop est un choix parfait pour ceux qui appr\u00e9cient les ingr\u00e9dients naturels dans leur routine quotidienne. Il compl\u00e8te votre style de vie actif sans pr\u00e9tendre \u00e0 des effets sur la sant\u00e9.<\/p>\n<h5>Note importante:<\/h5>\n<p><\/p>\n<p>Ce produit est destin\u00e9 aux adultes. Il ne doit pas \u00eatre utilis\u00e9e comme substitut \u00e0 une alimentation vari\u00e9e et \u00e9quilibr\u00e9e ni \u00e0 un mode de vie sain. Conservez le flacon dans un endroit sec et frais, hors de port\u00e9e des enfants.<\/p>\n<\/div>\n","protected":false},"excerpt":{"rendered":"<p>AURA HERBALS Seledrop, s\u00e9l\u00e9nium, 110 mcg, a\u00e9rosol (30 ml \/ 1 fl. oz.) D\u00e9couvrez AURA HERBALS Seledrop,un produit con\u00e7u pour s&#8217;int\u00e9grer harmonieusement \u00e0 votre quotidien. Ce spray pratique contient du s\u00e9l\u00e9nium d&#8217;origine naturelle et est pr\u00e9sent\u00e9 dans un format a\u00e9rosol de 30 ml facile \u00e0 utiliser. Ingr\u00e9dients principaux : Eau purifi\u00e9e Ar\u00f4me naturel de menthe [&#8230;]\n","protected":false},"featured_media":273723,"comment_status":"closed","ping_status":"open","template":"","meta":[],"product_brand":[5338],"product_cat":[5064,5053],"product_tag":[],"class_list":{"0":"post-299580","1":"product","2":"type-product","3":"status-publish","4":"has-post-thumbnail","6":"product_brand-aura-herbals-2","7":"product_cat-mineraux-simples","8":"product_cat-vitamines-et-mineraux","10":"first","11":"instock","12":"taxable","13":"shipping-taxable","14":"purchasable","15":"product-type-simple"},"yoast_head":"<!-- This site is optimized with the Yoast SEO Premium plugin v27.5 (Yoast SEO v27.5) - https:\/\/yoast.com\/product\/yoast-seo-premium-wordpress\/ -->\n<title>Gouttes de s\u00e9l\u00e9nium AURA HERBALS, 110 mcg, a\u00e9rosol (30 ml \/ 1 fl. oz.) - ECO Supplements<\/title>\n<meta name=\"description\" content=\"Wij hebben een ruime keuze aan producten van Gouttes de s\u00e9l\u00e9nium AURA HERBALS, 110 mcg, a\u00e9rosol (30 ml \/ 1 fl. oz.) . Winkel bij Eco Supplements altijd gratis verzending boven 100\u20ac\" \/>\n<meta name=\"robots\" content=\"index, follow, max-snippet:-1, max-image-preview:large, max-video-preview:-1\" \/>\n<link rel=\"canonical\" href=\"https:\/\/ecosupplements.be\/fr\/produit\/aura-herbals-seledrop-selenium-110-mcg-aerosol-30-ml-1-fl-oz\/\" \/>\n<meta property=\"og:locale\" content=\"fr_FR\" \/>\n<meta property=\"og:type\" content=\"article\" \/>\n<meta property=\"og:title\" content=\"Gouttes de s\u00e9l\u00e9nium AURA HERBALS, 110 mcg, a\u00e9rosol (30 ml \/ 1 fl. oz.)\" \/>\n<meta property=\"og:description\" content=\"Wij hebben een ruime keuze aan producten van Gouttes de s\u00e9l\u00e9nium AURA HERBALS, 110 mcg, a\u00e9rosol (30 ml \/ 1 fl. oz.) . Winkel bij Eco Supplements altijd gratis verzending boven 100\u20ac\" \/>\n<meta property=\"og:url\" content=\"https:\/\/ecosupplements.be\/fr\/produit\/aura-herbals-seledrop-selenium-110-mcg-aerosol-30-ml-1-fl-oz\/\" \/>\n<meta property=\"og:site_name\" content=\"ECO Supplements\" \/>\n<meta property=\"article:modified_time\" content=\"2025-08-28T01:21:07+00:00\" \/>\n<meta property=\"og:image\" content=\"https:\/\/ecosupplements.be\/wp-content\/uploads\/2025\/08\/Aura-Herbals-AURA-HERBALS-Seledrop-selenium-110-mcg-aerosol-30-ml-1-fl.-oz.jpg\" \/>\n\t<meta property=\"og:image:width\" content=\"700\" \/>\n\t<meta property=\"og:image:height\" content=\"700\" \/>\n\t<meta property=\"og:image:type\" content=\"image\/jpeg\" \/>\n<meta name=\"twitter:card\" content=\"summary_large_image\" \/>\n<meta name=\"twitter:label1\" content=\"Prix\" \/>\n\t<meta name=\"twitter:data1\" content=\"6.22&nbsp;&euro;\" \/>\n\t<meta name=\"twitter:label2\" content=\"Disponibilit\u00e9\" \/>\n\t<meta name=\"twitter:data2\" content=\"En stock\" \/>\n<script type=\"application\/ld+json\" class=\"yoast-schema-graph\">{\"@context\":\"https:\\\/\\\/schema.org\",\"@graph\":[{\"@type\":[\"WebPage\",\"ItemPage\"],\"@id\":\"https:\\\/\\\/ecosupplements.be\\\/fr\\\/produit\\\/aura-herbals-seledrop-selenium-110-mcg-aerosol-30-ml-1-fl-oz\\\/\",\"url\":\"https:\\\/\\\/ecosupplements.be\\\/fr\\\/produit\\\/aura-herbals-seledrop-selenium-110-mcg-aerosol-30-ml-1-fl-oz\\\/\",\"name\":\"Gouttes de s\u00e9l\u00e9nium AURA HERBALS, 110 mcg, a\u00e9rosol (30 ml \\\/ 1 fl. oz.) - ECO Supplements\",\"isPartOf\":{\"@id\":\"https:\\\/\\\/ecosupplements.be\\\/fr\\\/#website\"},\"primaryImageOfPage\":{\"@id\":\"https:\\\/\\\/ecosupplements.be\\\/fr\\\/produit\\\/aura-herbals-seledrop-selenium-110-mcg-aerosol-30-ml-1-fl-oz\\\/#primaryimage\"},\"image\":{\"@id\":\"https:\\\/\\\/ecosupplements.be\\\/fr\\\/produit\\\/aura-herbals-seledrop-selenium-110-mcg-aerosol-30-ml-1-fl-oz\\\/#primaryimage\"},\"thumbnailUrl\":\"https:\\\/\\\/ecosupplements.be\\\/wp-content\\\/uploads\\\/2025\\\/08\\\/AURA-HERBALS-Seledrop-selenium-110-mcg-aerosol-30-ml-1-fl.-oz.jpg\",\"datePublished\":\"2025-07-24T21:45:13+00:00\",\"dateModified\":\"2025-08-28T01:21:07+00:00\",\"description\":\"Wij hebben een ruime keuze aan producten van Gouttes de s\u00e9l\u00e9nium AURA HERBALS, 110 mcg, a\u00e9rosol (30 ml \\\/ 1 fl. oz.) . Winkel bij Eco Supplements altijd gratis verzending boven 100\u20ac\",\"breadcrumb\":{\"@id\":\"https:\\\/\\\/ecosupplements.be\\\/fr\\\/produit\\\/aura-herbals-seledrop-selenium-110-mcg-aerosol-30-ml-1-fl-oz\\\/#breadcrumb\"},\"inLanguage\":\"fr-FR\",\"potentialAction\":[{\"@type\":\"ReadAction\",\"target\":[\"https:\\\/\\\/ecosupplements.be\\\/fr\\\/produit\\\/aura-herbals-seledrop-selenium-110-mcg-aerosol-30-ml-1-fl-oz\\\/\"]}]},{\"@type\":\"ImageObject\",\"inLanguage\":\"fr-FR\",\"@id\":\"https:\\\/\\\/ecosupplements.be\\\/fr\\\/produit\\\/aura-herbals-seledrop-selenium-110-mcg-aerosol-30-ml-1-fl-oz\\\/#primaryimage\",\"url\":\"https:\\\/\\\/ecosupplements.be\\\/wp-content\\\/uploads\\\/2025\\\/08\\\/AURA-HERBALS-Seledrop-selenium-110-mcg-aerosol-30-ml-1-fl.-oz.jpg\",\"contentUrl\":\"https:\\\/\\\/ecosupplements.be\\\/wp-content\\\/uploads\\\/2025\\\/08\\\/AURA-HERBALS-Seledrop-selenium-110-mcg-aerosol-30-ml-1-fl.-oz.jpg\",\"width\":700,\"height\":700},{\"@type\":\"BreadcrumbList\",\"@id\":\"https:\\\/\\\/ecosupplements.be\\\/fr\\\/produit\\\/aura-herbals-seledrop-selenium-110-mcg-aerosol-30-ml-1-fl-oz\\\/#breadcrumb\",\"itemListElement\":[{\"@type\":\"ListItem\",\"position\":1,\"name\":\"Home\",\"item\":\"https:\\\/\\\/ecosupplements.be\\\/fr\\\/\"},{\"@type\":\"ListItem\",\"position\":2,\"name\":\"Boutique\",\"item\":\"https:\\\/\\\/ecosupplements.be\\\/fr\\\/boutique\\\/\"},{\"@type\":\"ListItem\",\"position\":3,\"name\":\"Gouttes de s\u00e9l\u00e9nium AURA HERBALS, 110 mcg, a\u00e9rosol (30 ml \\\/ 1 fl. oz.)\"}]},{\"@type\":\"WebSite\",\"@id\":\"https:\\\/\\\/ecosupplements.be\\\/fr\\\/#website\",\"url\":\"https:\\\/\\\/ecosupplements.be\\\/fr\\\/\",\"name\":\"ECO Supplements\",\"description\":\"Eco Supplements - Gezonde supplementen\",\"publisher\":{\"@id\":\"https:\\\/\\\/ecosupplements.be\\\/fr\\\/#organization\"},\"potentialAction\":[{\"@type\":\"SearchAction\",\"target\":{\"@type\":\"EntryPoint\",\"urlTemplate\":\"https:\\\/\\\/ecosupplements.be\\\/fr\\\/?s={search_term_string}\"},\"query-input\":{\"@type\":\"PropertyValueSpecification\",\"valueRequired\":true,\"valueName\":\"search_term_string\"}}],\"inLanguage\":\"fr-FR\"},{\"@type\":\"Organization\",\"@id\":\"https:\\\/\\\/ecosupplements.be\\\/fr\\\/#organization\",\"name\":\"Eco Supplements\",\"url\":\"https:\\\/\\\/ecosupplements.be\\\/fr\\\/\",\"logo\":{\"@type\":\"ImageObject\",\"inLanguage\":\"fr-FR\",\"@id\":\"https:\\\/\\\/ecosupplements.be\\\/fr\\\/#\\\/schema\\\/logo\\\/image\\\/\",\"url\":\"https:\\\/\\\/ecosupplements.be\\\/wp-content\\\/uploads\\\/2022\\\/06\\\/ecosupplement-family.png\",\"contentUrl\":\"https:\\\/\\\/ecosupplements.be\\\/wp-content\\\/uploads\\\/2022\\\/06\\\/ecosupplement-family.png\",\"width\":593,\"height\":374,\"caption\":\"Eco Supplements\"},\"image\":{\"@id\":\"https:\\\/\\\/ecosupplements.be\\\/fr\\\/#\\\/schema\\\/logo\\\/image\\\/\"}}]}<\/script>\n<meta property=\"product:brand\" content=\"Aura Herbals\" \/>\n<meta property=\"product:price:amount\" content=\"6.22\" \/>\n<meta property=\"product:price:currency\" content=\"EUR\" \/>\n<meta property=\"og:availability\" content=\"instock\" \/>\n<meta property=\"product:availability\" content=\"instock\" \/>\n<meta property=\"product:retailer_item_id\" content=\"5902479611921\" \/>\n<meta property=\"product:condition\" content=\"new\" \/>\n<!-- \/ Yoast SEO Premium plugin. -->","yoast_head_json":{"title":"Gouttes de s\u00e9l\u00e9nium AURA HERBALS, 110 mcg, a\u00e9rosol (30 ml \/ 1 fl. oz.) - ECO Supplements","description":"Wij hebben een ruime keuze aan producten van Gouttes de s\u00e9l\u00e9nium AURA HERBALS, 110 mcg, a\u00e9rosol (30 ml \/ 1 fl. oz.) . Winkel bij Eco Supplements altijd gratis verzending boven 100\u20ac","robots":{"index":"index","follow":"follow","max-snippet":"max-snippet:-1","max-image-preview":"max-image-preview:large","max-video-preview":"max-video-preview:-1"},"canonical":"https:\/\/ecosupplements.be\/fr\/produit\/aura-herbals-seledrop-selenium-110-mcg-aerosol-30-ml-1-fl-oz\/","og_locale":"fr_FR","og_type":"article","og_title":"Gouttes de s\u00e9l\u00e9nium AURA HERBALS, 110 mcg, a\u00e9rosol (30 ml \/ 1 fl. oz.)","og_description":"Wij hebben een ruime keuze aan producten van Gouttes de s\u00e9l\u00e9nium AURA HERBALS, 110 mcg, a\u00e9rosol (30 ml \/ 1 fl. oz.) . Winkel bij Eco Supplements altijd gratis verzending boven 100\u20ac","og_url":"https:\/\/ecosupplements.be\/fr\/produit\/aura-herbals-seledrop-selenium-110-mcg-aerosol-30-ml-1-fl-oz\/","og_site_name":"ECO Supplements","article_modified_time":"2025-08-28T01:21:07+00:00","og_image":[{"width":700,"height":700,"url":"https:\/\/ecosupplements.be\/wp-content\/uploads\/2025\/08\/Aura-Herbals-AURA-HERBALS-Seledrop-selenium-110-mcg-aerosol-30-ml-1-fl.-oz.jpg","type":"image\/jpeg"}],"twitter_card":"summary_large_image","twitter_misc":{"Prix":"6.22&nbsp;&euro;","Disponibilit\u00e9":"En stock"},"schema":{"@context":"https:\/\/schema.org","@graph":[{"@type":["WebPage","ItemPage"],"@id":"https:\/\/ecosupplements.be\/fr\/produit\/aura-herbals-seledrop-selenium-110-mcg-aerosol-30-ml-1-fl-oz\/","url":"https:\/\/ecosupplements.be\/fr\/produit\/aura-herbals-seledrop-selenium-110-mcg-aerosol-30-ml-1-fl-oz\/","name":"Gouttes de s\u00e9l\u00e9nium AURA HERBALS, 110 mcg, a\u00e9rosol (30 ml \/ 1 fl. oz.) - ECO Supplements","isPartOf":{"@id":"https:\/\/ecosupplements.be\/fr\/#website"},"primaryImageOfPage":{"@id":"https:\/\/ecosupplements.be\/fr\/produit\/aura-herbals-seledrop-selenium-110-mcg-aerosol-30-ml-1-fl-oz\/#primaryimage"},"image":{"@id":"https:\/\/ecosupplements.be\/fr\/produit\/aura-herbals-seledrop-selenium-110-mcg-aerosol-30-ml-1-fl-oz\/#primaryimage"},"thumbnailUrl":"https:\/\/ecosupplements.be\/wp-content\/uploads\/2025\/08\/AURA-HERBALS-Seledrop-selenium-110-mcg-aerosol-30-ml-1-fl.-oz.jpg","datePublished":"2025-07-24T21:45:13+00:00","dateModified":"2025-08-28T01:21:07+00:00","description":"Wij hebben een ruime keuze aan producten van Gouttes de s\u00e9l\u00e9nium AURA HERBALS, 110 mcg, a\u00e9rosol (30 ml \/ 1 fl. oz.) . Winkel bij Eco Supplements altijd gratis verzending boven 100\u20ac","breadcrumb":{"@id":"https:\/\/ecosupplements.be\/fr\/produit\/aura-herbals-seledrop-selenium-110-mcg-aerosol-30-ml-1-fl-oz\/#breadcrumb"},"inLanguage":"fr-FR","potentialAction":[{"@type":"ReadAction","target":["https:\/\/ecosupplements.be\/fr\/produit\/aura-herbals-seledrop-selenium-110-mcg-aerosol-30-ml-1-fl-oz\/"]}]},{"@type":"ImageObject","inLanguage":"fr-FR","@id":"https:\/\/ecosupplements.be\/fr\/produit\/aura-herbals-seledrop-selenium-110-mcg-aerosol-30-ml-1-fl-oz\/#primaryimage","url":"https:\/\/ecosupplements.be\/wp-content\/uploads\/2025\/08\/AURA-HERBALS-Seledrop-selenium-110-mcg-aerosol-30-ml-1-fl.-oz.jpg","contentUrl":"https:\/\/ecosupplements.be\/wp-content\/uploads\/2025\/08\/AURA-HERBALS-Seledrop-selenium-110-mcg-aerosol-30-ml-1-fl.-oz.jpg","width":700,"height":700},{"@type":"BreadcrumbList","@id":"https:\/\/ecosupplements.be\/fr\/produit\/aura-herbals-seledrop-selenium-110-mcg-aerosol-30-ml-1-fl-oz\/#breadcrumb","itemListElement":[{"@type":"ListItem","position":1,"name":"Home","item":"https:\/\/ecosupplements.be\/fr\/"},{"@type":"ListItem","position":2,"name":"Boutique","item":"https:\/\/ecosupplements.be\/fr\/boutique\/"},{"@type":"ListItem","position":3,"name":"Gouttes de s\u00e9l\u00e9nium AURA HERBALS, 110 mcg, a\u00e9rosol (30 ml \/ 1 fl. oz.)"}]},{"@type":"WebSite","@id":"https:\/\/ecosupplements.be\/fr\/#website","url":"https:\/\/ecosupplements.be\/fr\/","name":"ECO Supplements","description":"Eco Supplements - Gezonde supplementen","publisher":{"@id":"https:\/\/ecosupplements.be\/fr\/#organization"},"potentialAction":[{"@type":"SearchAction","target":{"@type":"EntryPoint","urlTemplate":"https:\/\/ecosupplements.be\/fr\/?s={search_term_string}"},"query-input":{"@type":"PropertyValueSpecification","valueRequired":true,"valueName":"search_term_string"}}],"inLanguage":"fr-FR"},{"@type":"Organization","@id":"https:\/\/ecosupplements.be\/fr\/#organization","name":"Eco Supplements","url":"https:\/\/ecosupplements.be\/fr\/","logo":{"@type":"ImageObject","inLanguage":"fr-FR","@id":"https:\/\/ecosupplements.be\/fr\/#\/schema\/logo\/image\/","url":"https:\/\/ecosupplements.be\/wp-content\/uploads\/2022\/06\/ecosupplement-family.png","contentUrl":"https:\/\/ecosupplements.be\/wp-content\/uploads\/2022\/06\/ecosupplement-family.png","width":593,"height":374,"caption":"Eco Supplements"},"image":{"@id":"https:\/\/ecosupplements.be\/fr\/#\/schema\/logo\/image\/"}}]},"product_brand":"Aura Herbals","product_price_amount":"6.22","product_price_currency":"EUR","og_availability":"instock","product_availability":"instock","product_retailer_item_id":"5902479611921","product_condition":"new"},"_links":{"self":[{"href":"https:\/\/ecosupplements.be\/fr\/wp-json\/wp\/v2\/product\/299580","targetHints":{"allow":["GET"]}}],"collection":[{"href":"https:\/\/ecosupplements.be\/fr\/wp-json\/wp\/v2\/product"}],"about":[{"href":"https:\/\/ecosupplements.be\/fr\/wp-json\/wp\/v2\/types\/product"}],"replies":[{"embeddable":true,"href":"https:\/\/ecosupplements.be\/fr\/wp-json\/wp\/v2\/comments?post=299580"}],"wp:featuredmedia":[{"embeddable":true,"href":"https:\/\/ecosupplements.be\/fr\/wp-json\/wp\/v2\/media\/273723"}],"wp:attachment":[{"href":"https:\/\/ecosupplements.be\/fr\/wp-json\/wp\/v2\/media?parent=299580"}],"wp:term":[{"taxonomy":"product_brand","embeddable":true,"href":"https:\/\/ecosupplements.be\/fr\/wp-json\/wp\/v2\/product_brand?post=299580"},{"taxonomy":"product_cat","embeddable":true,"href":"https:\/\/ecosupplements.be\/fr\/wp-json\/wp\/v2\/product_cat?post=299580"},{"taxonomy":"product_tag","embeddable":true,"href":"https:\/\/ecosupplements.be\/fr\/wp-json\/wp\/v2\/product_tag?post=299580"}],"curies":[{"name":"wp","href":"https:\/\/api.w.org\/{rel}","templated":true}]}}