{"id":299637,"date":"2025-07-25T00:00:33","date_gmt":"2025-07-24T23:00:33","guid":{"rendered":"https:\/\/ecosupplements.be\/product\/aura-herbals-vitamin-a-forte-mct-oil-50-ml-169-fl-oz\/"},"modified":"2025-08-28T02:22:06","modified_gmt":"2025-08-28T01:22:06","slug":"aura-herbals-vitamin-a-forte-mct-oil-50-ml-169-fl-oz","status":"publish","type":"product","link":"https:\/\/ecosupplements.be\/fr\/produit\/aura-herbals-vitamin-a-forte-mct-oil-50-ml-169-fl-oz\/","title":{"rendered":"Vitamine A FORTE, Huile de TCM (50 ml \/ 1,69 fl. oz.)"},"content":{"rendered":"<h3>AURA HERBALS Vitamin A FORTE, MCT-Oil (50 ml \/ 1,69 fl. oz.)<\/h3>\n<p>D\u00e9couvrez le choix naturel pour les amateurs de qualit\u00e9 avec AURA HERBALS Vitamin A FORTE enrichi en huile MCT. Ce produit est con\u00e7u pour s&#8217;int\u00e9grer harmonieusement \u00e0 un mode de vie actif gr\u00e2ce \u00e0 sa composition soigneusement s\u00e9lectionn\u00e9e.<\/p>\n<p><strong>Ingr\u00e9dients principaux :<\/strong> L&#8217;huile MCT issue de la noix de coco offre une base neutre et pure. Elle est compl\u00e9t\u00e9e par des tocoph\u00e9rols mixtes (vitamine E naturelle) et du palmitate de r\u00e9tinyle (vitamine A),tous issus de sources contr\u00f4l\u00e9es pour garantir la plus haute qualit\u00e9.<\/p>\n<p><strong>Utilisation :<\/strong> Agitez avant usage. mesurez 12 gouttes sur une cuill\u00e8re et consommez directement ou ajoutez \u00e0 un repas froid, comme une salade. La dose quotidienne recommand\u00e9e est de 12 gouttes.<\/p>\n<p>Ce produit se pr\u00e9sente dans un emballage pratique qui facilite son utilisation quotidienne,tout en maintenant l&#8217;int\u00e9grit\u00e9 du contenu gr\u00e2ce \u00e0 son conditionnement protecteur.<\/p>\n<p><strong>Caract\u00e9ristiques pratiques :<\/strong> Le format en gouttes permet une utilisation facile et pr\u00e9cise, id\u00e9al pour ceux qui cherchent \u00e0 int\u00e9grer des \u00e9l\u00e9ments naturels dans leur routine sans complication.<\/p>\n<p>AURA HERBALS Vitamin A FORTE est plus qu&#8217;un simple ajout \u00e0 votre quotidien; c&#8217;est un choix raffin\u00e9 qui souligne l&#8217;importance d&#8217;une vie bien \u00e9quilibr\u00e9e avec des produits authentiques et purs.<\/p>\n","protected":false},"excerpt":{"rendered":"<p>AURA HERBALS Vitamin A FORTE, MCT-Oil (50 ml \/ 1,69 fl. oz.) D\u00e9couvrez le choix naturel pour les amateurs de qualit\u00e9 avec AURA HERBALS Vitamin A FORTE enrichi en huile MCT. Ce produit est con\u00e7u pour s&#8217;int\u00e9grer harmonieusement \u00e0 un mode de vie actif gr\u00e2ce \u00e0 sa composition soigneusement s\u00e9lectionn\u00e9e. Ingr\u00e9dients principaux : L&#8217;huile MCT [&#8230;]\n","protected":false},"featured_media":273780,"comment_status":"closed","ping_status":"open","template":"","meta":[],"product_brand":[5338],"product_cat":[5053,5059],"product_tag":[],"class_list":{"0":"post-299637","1":"product","2":"type-product","3":"status-publish","4":"has-post-thumbnail","6":"product_brand-aura-herbals-2","7":"product_cat-vitamines-et-mineraux","8":"product_cat-vitamines-simples","10":"first","11":"instock","12":"taxable","13":"shipping-taxable","14":"purchasable","15":"product-type-simple"},"yoast_head":"<!-- This site is optimized with the Yoast SEO Premium plugin v27.3 (Yoast SEO v27.3) - https:\/\/yoast.com\/product\/yoast-seo-premium-wordpress\/ -->\n<title>Vitamine A FORTE, Huile de TCM (50 ml \/ 1,69 fl. oz.) - ECO Supplements<\/title>\n<meta name=\"description\" content=\"Wij hebben een ruime keuze aan producten van Vitamine A FORTE, Huile de TCM (50 ml \/ 1,69 fl. oz.) . Winkel bij Eco Supplements altijd gratis verzending boven 100\u20ac\" \/>\n<meta name=\"robots\" content=\"index, follow, max-snippet:-1, max-image-preview:large, max-video-preview:-1\" \/>\n<link rel=\"canonical\" href=\"https:\/\/ecosupplements.be\/fr\/produit\/aura-herbals-vitamin-a-forte-mct-oil-50-ml-169-fl-oz\/\" \/>\n<meta property=\"og:locale\" content=\"fr_FR\" \/>\n<meta property=\"og:type\" content=\"article\" \/>\n<meta property=\"og:title\" content=\"Vitamine A FORTE, Huile de TCM (50 ml \/ 1,69 fl. oz.)\" \/>\n<meta property=\"og:description\" content=\"Wij hebben een ruime keuze aan producten van Vitamine A FORTE, Huile de TCM (50 ml \/ 1,69 fl. oz.) . Winkel bij Eco Supplements altijd gratis verzending boven 100\u20ac\" \/>\n<meta property=\"og:url\" content=\"https:\/\/ecosupplements.be\/fr\/produit\/aura-herbals-vitamin-a-forte-mct-oil-50-ml-169-fl-oz\/\" \/>\n<meta property=\"og:site_name\" content=\"ECO Supplements\" \/>\n<meta property=\"article:modified_time\" content=\"2025-08-28T01:22:06+00:00\" \/>\n<meta property=\"og:image\" content=\"https:\/\/ecosupplements.be\/wp-content\/uploads\/2025\/08\/Aura-Herbals-AURA-HERBALS-Vitamin-A-FORTE-MCT-Oil-50-ml-169-fl.-oz.jpg\" \/>\n\t<meta property=\"og:image:width\" content=\"700\" \/>\n\t<meta property=\"og:image:height\" content=\"700\" \/>\n\t<meta property=\"og:image:type\" content=\"image\/jpeg\" \/>\n<meta name=\"twitter:card\" content=\"summary_large_image\" \/>\n<meta name=\"twitter:label1\" content=\"Prix\" \/>\n\t<meta name=\"twitter:data1\" content=\"7.63&nbsp;&euro;\" \/>\n\t<meta name=\"twitter:label2\" content=\"Disponibilit\u00e9\" \/>\n\t<meta name=\"twitter:data2\" content=\"En stock\" \/>\n<script type=\"application\/ld+json\" class=\"yoast-schema-graph\">{\"@context\":\"https:\\\/\\\/schema.org\",\"@graph\":[{\"@type\":[\"WebPage\",\"ItemPage\"],\"@id\":\"https:\\\/\\\/ecosupplements.be\\\/fr\\\/produit\\\/aura-herbals-vitamin-a-forte-mct-oil-50-ml-169-fl-oz\\\/\",\"url\":\"https:\\\/\\\/ecosupplements.be\\\/fr\\\/produit\\\/aura-herbals-vitamin-a-forte-mct-oil-50-ml-169-fl-oz\\\/\",\"name\":\"Vitamine A FORTE, Huile de TCM (50 ml \\\/ 1,69 fl. oz.) - ECO Supplements\",\"isPartOf\":{\"@id\":\"https:\\\/\\\/ecosupplements.be\\\/fr\\\/#website\"},\"primaryImageOfPage\":{\"@id\":\"https:\\\/\\\/ecosupplements.be\\\/fr\\\/produit\\\/aura-herbals-vitamin-a-forte-mct-oil-50-ml-169-fl-oz\\\/#primaryimage\"},\"image\":{\"@id\":\"https:\\\/\\\/ecosupplements.be\\\/fr\\\/produit\\\/aura-herbals-vitamin-a-forte-mct-oil-50-ml-169-fl-oz\\\/#primaryimage\"},\"thumbnailUrl\":\"https:\\\/\\\/ecosupplements.be\\\/wp-content\\\/uploads\\\/2025\\\/08\\\/AURA-HERBALS-Vitamin-A-FORTE-MCT-Oil-50-ml-169-fl.-oz.jpg\",\"datePublished\":\"2025-07-24T23:00:33+00:00\",\"dateModified\":\"2025-08-28T01:22:06+00:00\",\"description\":\"Wij hebben een ruime keuze aan producten van Vitamine A FORTE, Huile de TCM (50 ml \\\/ 1,69 fl. oz.) . Winkel bij Eco Supplements altijd gratis verzending boven 100\u20ac\",\"breadcrumb\":{\"@id\":\"https:\\\/\\\/ecosupplements.be\\\/fr\\\/produit\\\/aura-herbals-vitamin-a-forte-mct-oil-50-ml-169-fl-oz\\\/#breadcrumb\"},\"inLanguage\":\"fr-FR\",\"potentialAction\":[{\"@type\":\"ReadAction\",\"target\":[\"https:\\\/\\\/ecosupplements.be\\\/fr\\\/produit\\\/aura-herbals-vitamin-a-forte-mct-oil-50-ml-169-fl-oz\\\/\"]}]},{\"@type\":\"ImageObject\",\"inLanguage\":\"fr-FR\",\"@id\":\"https:\\\/\\\/ecosupplements.be\\\/fr\\\/produit\\\/aura-herbals-vitamin-a-forte-mct-oil-50-ml-169-fl-oz\\\/#primaryimage\",\"url\":\"https:\\\/\\\/ecosupplements.be\\\/wp-content\\\/uploads\\\/2025\\\/08\\\/AURA-HERBALS-Vitamin-A-FORTE-MCT-Oil-50-ml-169-fl.-oz.jpg\",\"contentUrl\":\"https:\\\/\\\/ecosupplements.be\\\/wp-content\\\/uploads\\\/2025\\\/08\\\/AURA-HERBALS-Vitamin-A-FORTE-MCT-Oil-50-ml-169-fl.-oz.jpg\",\"width\":700,\"height\":700},{\"@type\":\"BreadcrumbList\",\"@id\":\"https:\\\/\\\/ecosupplements.be\\\/fr\\\/produit\\\/aura-herbals-vitamin-a-forte-mct-oil-50-ml-169-fl-oz\\\/#breadcrumb\",\"itemListElement\":[{\"@type\":\"ListItem\",\"position\":1,\"name\":\"Home\",\"item\":\"https:\\\/\\\/ecosupplements.be\\\/fr\\\/\"},{\"@type\":\"ListItem\",\"position\":2,\"name\":\"Boutique\",\"item\":\"https:\\\/\\\/ecosupplements.be\\\/fr\\\/boutique\\\/\"},{\"@type\":\"ListItem\",\"position\":3,\"name\":\"Vitamine A FORTE, Huile de TCM (50 ml \\\/ 1,69 fl. oz.)\"}]},{\"@type\":\"WebSite\",\"@id\":\"https:\\\/\\\/ecosupplements.be\\\/fr\\\/#website\",\"url\":\"https:\\\/\\\/ecosupplements.be\\\/fr\\\/\",\"name\":\"ECO Supplements\",\"description\":\"Eco Supplements - Gezonde supplementen\",\"publisher\":{\"@id\":\"https:\\\/\\\/ecosupplements.be\\\/fr\\\/#organization\"},\"potentialAction\":[{\"@type\":\"SearchAction\",\"target\":{\"@type\":\"EntryPoint\",\"urlTemplate\":\"https:\\\/\\\/ecosupplements.be\\\/fr\\\/?s={search_term_string}\"},\"query-input\":{\"@type\":\"PropertyValueSpecification\",\"valueRequired\":true,\"valueName\":\"search_term_string\"}}],\"inLanguage\":\"fr-FR\"},{\"@type\":\"Organization\",\"@id\":\"https:\\\/\\\/ecosupplements.be\\\/fr\\\/#organization\",\"name\":\"Eco Supplements\",\"url\":\"https:\\\/\\\/ecosupplements.be\\\/fr\\\/\",\"logo\":{\"@type\":\"ImageObject\",\"inLanguage\":\"fr-FR\",\"@id\":\"https:\\\/\\\/ecosupplements.be\\\/fr\\\/#\\\/schema\\\/logo\\\/image\\\/\",\"url\":\"https:\\\/\\\/ecosupplements.be\\\/wp-content\\\/uploads\\\/2022\\\/06\\\/ecosupplement-family.png\",\"contentUrl\":\"https:\\\/\\\/ecosupplements.be\\\/wp-content\\\/uploads\\\/2022\\\/06\\\/ecosupplement-family.png\",\"width\":593,\"height\":374,\"caption\":\"Eco Supplements\"},\"image\":{\"@id\":\"https:\\\/\\\/ecosupplements.be\\\/fr\\\/#\\\/schema\\\/logo\\\/image\\\/\"}}]}<\/script>\n<meta property=\"product:brand\" content=\"Aura Herbals\" \/>\n<meta property=\"product:price:amount\" content=\"7.63\" \/>\n<meta property=\"product:price:currency\" content=\"EUR\" \/>\n<meta property=\"og:availability\" content=\"instock\" \/>\n<meta property=\"product:availability\" content=\"instock\" \/>\n<meta property=\"product:retailer_item_id\" content=\"5902479611877\" \/>\n<meta property=\"product:condition\" content=\"new\" \/>\n<!-- \/ Yoast SEO Premium plugin. -->","yoast_head_json":{"title":"Vitamine A FORTE, Huile de TCM (50 ml \/ 1,69 fl. oz.) - ECO Supplements","description":"Wij hebben een ruime keuze aan producten van Vitamine A FORTE, Huile de TCM (50 ml \/ 1,69 fl. oz.) . Winkel bij Eco Supplements altijd gratis verzending boven 100\u20ac","robots":{"index":"index","follow":"follow","max-snippet":"max-snippet:-1","max-image-preview":"max-image-preview:large","max-video-preview":"max-video-preview:-1"},"canonical":"https:\/\/ecosupplements.be\/fr\/produit\/aura-herbals-vitamin-a-forte-mct-oil-50-ml-169-fl-oz\/","og_locale":"fr_FR","og_type":"article","og_title":"Vitamine A FORTE, Huile de TCM (50 ml \/ 1,69 fl. oz.)","og_description":"Wij hebben een ruime keuze aan producten van Vitamine A FORTE, Huile de TCM (50 ml \/ 1,69 fl. oz.) . Winkel bij Eco Supplements altijd gratis verzending boven 100\u20ac","og_url":"https:\/\/ecosupplements.be\/fr\/produit\/aura-herbals-vitamin-a-forte-mct-oil-50-ml-169-fl-oz\/","og_site_name":"ECO Supplements","article_modified_time":"2025-08-28T01:22:06+00:00","og_image":[{"width":700,"height":700,"url":"https:\/\/ecosupplements.be\/wp-content\/uploads\/2025\/08\/Aura-Herbals-AURA-HERBALS-Vitamin-A-FORTE-MCT-Oil-50-ml-169-fl.-oz.jpg","type":"image\/jpeg"}],"twitter_card":"summary_large_image","twitter_misc":{"Prix":"7.63&nbsp;&euro;","Disponibilit\u00e9":"En stock"},"schema":{"@context":"https:\/\/schema.org","@graph":[{"@type":["WebPage","ItemPage"],"@id":"https:\/\/ecosupplements.be\/fr\/produit\/aura-herbals-vitamin-a-forte-mct-oil-50-ml-169-fl-oz\/","url":"https:\/\/ecosupplements.be\/fr\/produit\/aura-herbals-vitamin-a-forte-mct-oil-50-ml-169-fl-oz\/","name":"Vitamine A FORTE, Huile de TCM (50 ml \/ 1,69 fl. oz.) - ECO Supplements","isPartOf":{"@id":"https:\/\/ecosupplements.be\/fr\/#website"},"primaryImageOfPage":{"@id":"https:\/\/ecosupplements.be\/fr\/produit\/aura-herbals-vitamin-a-forte-mct-oil-50-ml-169-fl-oz\/#primaryimage"},"image":{"@id":"https:\/\/ecosupplements.be\/fr\/produit\/aura-herbals-vitamin-a-forte-mct-oil-50-ml-169-fl-oz\/#primaryimage"},"thumbnailUrl":"https:\/\/ecosupplements.be\/wp-content\/uploads\/2025\/08\/AURA-HERBALS-Vitamin-A-FORTE-MCT-Oil-50-ml-169-fl.-oz.jpg","datePublished":"2025-07-24T23:00:33+00:00","dateModified":"2025-08-28T01:22:06+00:00","description":"Wij hebben een ruime keuze aan producten van Vitamine A FORTE, Huile de TCM (50 ml \/ 1,69 fl. oz.) . Winkel bij Eco Supplements altijd gratis verzending boven 100\u20ac","breadcrumb":{"@id":"https:\/\/ecosupplements.be\/fr\/produit\/aura-herbals-vitamin-a-forte-mct-oil-50-ml-169-fl-oz\/#breadcrumb"},"inLanguage":"fr-FR","potentialAction":[{"@type":"ReadAction","target":["https:\/\/ecosupplements.be\/fr\/produit\/aura-herbals-vitamin-a-forte-mct-oil-50-ml-169-fl-oz\/"]}]},{"@type":"ImageObject","inLanguage":"fr-FR","@id":"https:\/\/ecosupplements.be\/fr\/produit\/aura-herbals-vitamin-a-forte-mct-oil-50-ml-169-fl-oz\/#primaryimage","url":"https:\/\/ecosupplements.be\/wp-content\/uploads\/2025\/08\/AURA-HERBALS-Vitamin-A-FORTE-MCT-Oil-50-ml-169-fl.-oz.jpg","contentUrl":"https:\/\/ecosupplements.be\/wp-content\/uploads\/2025\/08\/AURA-HERBALS-Vitamin-A-FORTE-MCT-Oil-50-ml-169-fl.-oz.jpg","width":700,"height":700},{"@type":"BreadcrumbList","@id":"https:\/\/ecosupplements.be\/fr\/produit\/aura-herbals-vitamin-a-forte-mct-oil-50-ml-169-fl-oz\/#breadcrumb","itemListElement":[{"@type":"ListItem","position":1,"name":"Home","item":"https:\/\/ecosupplements.be\/fr\/"},{"@type":"ListItem","position":2,"name":"Boutique","item":"https:\/\/ecosupplements.be\/fr\/boutique\/"},{"@type":"ListItem","position":3,"name":"Vitamine A FORTE, Huile de TCM (50 ml \/ 1,69 fl. oz.)"}]},{"@type":"WebSite","@id":"https:\/\/ecosupplements.be\/fr\/#website","url":"https:\/\/ecosupplements.be\/fr\/","name":"ECO Supplements","description":"Eco Supplements - Gezonde supplementen","publisher":{"@id":"https:\/\/ecosupplements.be\/fr\/#organization"},"potentialAction":[{"@type":"SearchAction","target":{"@type":"EntryPoint","urlTemplate":"https:\/\/ecosupplements.be\/fr\/?s={search_term_string}"},"query-input":{"@type":"PropertyValueSpecification","valueRequired":true,"valueName":"search_term_string"}}],"inLanguage":"fr-FR"},{"@type":"Organization","@id":"https:\/\/ecosupplements.be\/fr\/#organization","name":"Eco Supplements","url":"https:\/\/ecosupplements.be\/fr\/","logo":{"@type":"ImageObject","inLanguage":"fr-FR","@id":"https:\/\/ecosupplements.be\/fr\/#\/schema\/logo\/image\/","url":"https:\/\/ecosupplements.be\/wp-content\/uploads\/2022\/06\/ecosupplement-family.png","contentUrl":"https:\/\/ecosupplements.be\/wp-content\/uploads\/2022\/06\/ecosupplement-family.png","width":593,"height":374,"caption":"Eco Supplements"},"image":{"@id":"https:\/\/ecosupplements.be\/fr\/#\/schema\/logo\/image\/"}}]},"product_brand":"Aura Herbals","product_price_amount":"7.63","product_price_currency":"EUR","og_availability":"instock","product_availability":"instock","product_retailer_item_id":"5902479611877","product_condition":"new"},"_links":{"self":[{"href":"https:\/\/ecosupplements.be\/fr\/wp-json\/wp\/v2\/product\/299637","targetHints":{"allow":["GET"]}}],"collection":[{"href":"https:\/\/ecosupplements.be\/fr\/wp-json\/wp\/v2\/product"}],"about":[{"href":"https:\/\/ecosupplements.be\/fr\/wp-json\/wp\/v2\/types\/product"}],"replies":[{"embeddable":true,"href":"https:\/\/ecosupplements.be\/fr\/wp-json\/wp\/v2\/comments?post=299637"}],"wp:featuredmedia":[{"embeddable":true,"href":"https:\/\/ecosupplements.be\/fr\/wp-json\/wp\/v2\/media\/273780"}],"wp:attachment":[{"href":"https:\/\/ecosupplements.be\/fr\/wp-json\/wp\/v2\/media?parent=299637"}],"wp:term":[{"taxonomy":"product_brand","embeddable":true,"href":"https:\/\/ecosupplements.be\/fr\/wp-json\/wp\/v2\/product_brand?post=299637"},{"taxonomy":"product_cat","embeddable":true,"href":"https:\/\/ecosupplements.be\/fr\/wp-json\/wp\/v2\/product_cat?post=299637"},{"taxonomy":"product_tag","embeddable":true,"href":"https:\/\/ecosupplements.be\/fr\/wp-json\/wp\/v2\/product_tag?post=299637"}],"curies":[{"name":"wp","href":"https:\/\/api.w.org\/{rel}","templated":true}]}}