{"id":299664,"date":"2025-07-25T00:30:26","date_gmt":"2025-07-24T23:30:26","guid":{"rendered":"https:\/\/ecosupplements.be\/product\/aura-herbals-vitamin-d3-k2-zinc-selenium-90-tabs\/"},"modified":"2025-08-28T02:22:34","modified_gmt":"2025-08-28T01:22:34","slug":"aura-herbals-vitamin-d3-k2-zinc-selenium-90-tabs","status":"publish","type":"product","link":"https:\/\/ecosupplements.be\/fr\/produit\/aura-herbals-vitamin-d3-k2-zinc-selenium-90-tabs\/","title":{"rendered":"AURA HERBALS Vitamine D3 + K2 + Zinc + S\u00e9l\u00e9nium (90 comprim\u00e9s)"},"content":{"rendered":"<h2>AURA HERBALS Vitamin D3 + K2 + Zinc + Selenium (90 tabs)<\/h2>\n<p>D\u00e9couvrez AURA HERBALS Vitamin D3 + K2 + Zinc + Selenium, un produit con\u00e7u avec des ingr\u00e9dients de haute qualit\u00e9 pour s&#8217;int\u00e9grer harmonieusement \u00e0 votre quotidien.Chaque comprim\u00e9 est formul\u00e9 \u00e0 partir de composants soigneusement s\u00e9lectionn\u00e9s pour leur puret\u00e9 et leur origine naturelle.<\/p>\n<h3>Ingr\u00e9dients principaux<\/h3>\n<ul>\n<li>Vitamine D3 extraite de la lanoline<\/li>\n<li>Vitamine K2 MK-7 issue du natto<\/li>\n<li>Zinc sous forme de gluconate<\/li>\n<li>S\u00e9l\u00e9nium obtenu \u00e0 partir de levures naturelles<\/li>\n<\/ul>\n<h3>Contenu et emballage<\/h3>\n<p>Ce produit est pr\u00e9sent\u00e9 dans un emballage contenant 90 comprim\u00e9s, con\u00e7u pour une utilisation facile et pratique.<\/p>\n<h3>Utilisation recommand\u00e9e<\/h3>\n<p>Pour une int\u00e9gration simple dans votre routine quotidienne, il est conseill\u00e9 de prendre un comprim\u00e9 par jour avec un verre d&#8217;eau.<\/p>\n<h4>Caract\u00e9ristiques pratiques :<\/h4>\n<ul>\n<li>Format compact facile \u00e0 transporter.<\/li>\n<li>Comprim\u00e9s faciles \u00e0 consommer au quotidien.<\/li>\n<\/ul>\n<p>Ce compl\u00e9ment alimentaire est une excellente option pour ceux qui appr\u00e9cient les produits issus d&#8217;ingr\u00e9dients naturels. Il s&#8217;inscrit parfaitement dans le cadre d&#8217;un mode de vie \u00e9quilibr\u00e9 sans pr\u00e9tendre substituer une alimentation vari\u00e9e. Pour maintenir sa qualit\u00e9 optimale, conservez le produit dans un endroit frais et sec, hors de port\u00e9e des enfants.<\/p>\n","protected":false},"excerpt":{"rendered":"<p>AURA HERBALS Vitamin D3 + K2 + Zinc + Selenium (90 tabs) D\u00e9couvrez AURA HERBALS Vitamin D3 + K2 + Zinc + Selenium, un produit con\u00e7u avec des ingr\u00e9dients de haute qualit\u00e9 pour s&#8217;int\u00e9grer harmonieusement \u00e0 votre quotidien.Chaque comprim\u00e9 est formul\u00e9 \u00e0 partir de composants soigneusement s\u00e9lectionn\u00e9s pour leur puret\u00e9 et leur origine naturelle. Ingr\u00e9dients [&#8230;]\n","protected":false},"featured_media":273807,"comment_status":"closed","ping_status":"open","template":"","meta":[],"product_brand":[5338],"product_cat":[5053,5059],"product_tag":[],"class_list":{"0":"post-299664","1":"product","2":"type-product","3":"status-publish","4":"has-post-thumbnail","6":"product_brand-aura-herbals-2","7":"product_cat-vitamines-et-mineraux","8":"product_cat-vitamines-simples","10":"first","11":"instock","12":"taxable","13":"shipping-taxable","14":"purchasable","15":"product-type-simple"},"yoast_head":"<!-- This site is optimized with the Yoast SEO Premium plugin v27.3 (Yoast SEO v27.3) - https:\/\/yoast.com\/product\/yoast-seo-premium-wordpress\/ -->\n<title>AURA HERBALS Vitamine D3 + K2 + Zinc + S\u00e9l\u00e9nium (90 comprim\u00e9s) - ECO Supplements<\/title>\n<meta name=\"description\" content=\"Wij hebben een ruime keuze aan producten van AURA HERBALS Vitamine D3 + K2 + Zinc + S\u00e9l\u00e9nium (90 comprim\u00e9s) . Winkel bij Eco Supplements altijd gratis verzending boven 100\u20ac\" \/>\n<meta name=\"robots\" content=\"index, follow, max-snippet:-1, max-image-preview:large, max-video-preview:-1\" \/>\n<link rel=\"canonical\" href=\"https:\/\/ecosupplements.be\/fr\/produit\/aura-herbals-vitamin-d3-k2-zinc-selenium-90-tabs\/\" \/>\n<meta property=\"og:locale\" content=\"fr_FR\" \/>\n<meta property=\"og:type\" content=\"article\" \/>\n<meta property=\"og:title\" content=\"AURA HERBALS Vitamine D3 + K2 + Zinc + S\u00e9l\u00e9nium (90 comprim\u00e9s)\" \/>\n<meta property=\"og:description\" content=\"Wij hebben een ruime keuze aan producten van AURA HERBALS Vitamine D3 + K2 + Zinc + S\u00e9l\u00e9nium (90 comprim\u00e9s) . Winkel bij Eco Supplements altijd gratis verzending boven 100\u20ac\" \/>\n<meta property=\"og:url\" content=\"https:\/\/ecosupplements.be\/fr\/produit\/aura-herbals-vitamin-d3-k2-zinc-selenium-90-tabs\/\" \/>\n<meta property=\"og:site_name\" content=\"ECO Supplements\" \/>\n<meta property=\"article:modified_time\" content=\"2025-08-28T01:22:34+00:00\" \/>\n<meta property=\"og:image\" content=\"https:\/\/ecosupplements.be\/wp-content\/uploads\/2025\/08\/Aura-Herbals-AURA-HERBALS-Vitamin-D3-K2-Zinc-Selenium-90-tabs.jpg\" \/>\n\t<meta property=\"og:image:width\" content=\"1080\" \/>\n\t<meta property=\"og:image:height\" content=\"1080\" \/>\n\t<meta property=\"og:image:type\" content=\"image\/jpeg\" \/>\n<meta name=\"twitter:card\" content=\"summary_large_image\" \/>\n<meta name=\"twitter:label1\" content=\"Prix\" \/>\n\t<meta name=\"twitter:data1\" content=\"8.49&nbsp;&euro;\" \/>\n\t<meta name=\"twitter:label2\" content=\"Disponibilit\u00e9\" \/>\n\t<meta name=\"twitter:data2\" content=\"En stock\" \/>\n<script type=\"application\/ld+json\" class=\"yoast-schema-graph\">{\"@context\":\"https:\\\/\\\/schema.org\",\"@graph\":[{\"@type\":[\"WebPage\",\"ItemPage\"],\"@id\":\"https:\\\/\\\/ecosupplements.be\\\/fr\\\/produit\\\/aura-herbals-vitamin-d3-k2-zinc-selenium-90-tabs\\\/\",\"url\":\"https:\\\/\\\/ecosupplements.be\\\/fr\\\/produit\\\/aura-herbals-vitamin-d3-k2-zinc-selenium-90-tabs\\\/\",\"name\":\"AURA HERBALS Vitamine D3 + K2 + Zinc + S\u00e9l\u00e9nium (90 comprim\u00e9s) - ECO Supplements\",\"isPartOf\":{\"@id\":\"https:\\\/\\\/ecosupplements.be\\\/fr\\\/#website\"},\"primaryImageOfPage\":{\"@id\":\"https:\\\/\\\/ecosupplements.be\\\/fr\\\/produit\\\/aura-herbals-vitamin-d3-k2-zinc-selenium-90-tabs\\\/#primaryimage\"},\"image\":{\"@id\":\"https:\\\/\\\/ecosupplements.be\\\/fr\\\/produit\\\/aura-herbals-vitamin-d3-k2-zinc-selenium-90-tabs\\\/#primaryimage\"},\"thumbnailUrl\":\"https:\\\/\\\/ecosupplements.be\\\/wp-content\\\/uploads\\\/2025\\\/08\\\/AURA-HERBALS-Vitamin-D3-K2-Zinc-Selenium-90-tabs.jpg\",\"datePublished\":\"2025-07-24T23:30:26+00:00\",\"dateModified\":\"2025-08-28T01:22:34+00:00\",\"description\":\"Wij hebben een ruime keuze aan producten van AURA HERBALS Vitamine D3 + K2 + Zinc + S\u00e9l\u00e9nium (90 comprim\u00e9s) . Winkel bij Eco Supplements altijd gratis verzending boven 100\u20ac\",\"breadcrumb\":{\"@id\":\"https:\\\/\\\/ecosupplements.be\\\/fr\\\/produit\\\/aura-herbals-vitamin-d3-k2-zinc-selenium-90-tabs\\\/#breadcrumb\"},\"inLanguage\":\"fr-FR\",\"potentialAction\":[{\"@type\":\"ReadAction\",\"target\":[\"https:\\\/\\\/ecosupplements.be\\\/fr\\\/produit\\\/aura-herbals-vitamin-d3-k2-zinc-selenium-90-tabs\\\/\"]}]},{\"@type\":\"ImageObject\",\"inLanguage\":\"fr-FR\",\"@id\":\"https:\\\/\\\/ecosupplements.be\\\/fr\\\/produit\\\/aura-herbals-vitamin-d3-k2-zinc-selenium-90-tabs\\\/#primaryimage\",\"url\":\"https:\\\/\\\/ecosupplements.be\\\/wp-content\\\/uploads\\\/2025\\\/08\\\/AURA-HERBALS-Vitamin-D3-K2-Zinc-Selenium-90-tabs.jpg\",\"contentUrl\":\"https:\\\/\\\/ecosupplements.be\\\/wp-content\\\/uploads\\\/2025\\\/08\\\/AURA-HERBALS-Vitamin-D3-K2-Zinc-Selenium-90-tabs.jpg\",\"width\":1080,\"height\":1080},{\"@type\":\"BreadcrumbList\",\"@id\":\"https:\\\/\\\/ecosupplements.be\\\/fr\\\/produit\\\/aura-herbals-vitamin-d3-k2-zinc-selenium-90-tabs\\\/#breadcrumb\",\"itemListElement\":[{\"@type\":\"ListItem\",\"position\":1,\"name\":\"Home\",\"item\":\"https:\\\/\\\/ecosupplements.be\\\/fr\\\/\"},{\"@type\":\"ListItem\",\"position\":2,\"name\":\"Boutique\",\"item\":\"https:\\\/\\\/ecosupplements.be\\\/fr\\\/boutique\\\/\"},{\"@type\":\"ListItem\",\"position\":3,\"name\":\"AURA HERBALS Vitamine D3 + K2 + Zinc + S\u00e9l\u00e9nium (90 comprim\u00e9s)\"}]},{\"@type\":\"WebSite\",\"@id\":\"https:\\\/\\\/ecosupplements.be\\\/fr\\\/#website\",\"url\":\"https:\\\/\\\/ecosupplements.be\\\/fr\\\/\",\"name\":\"ECO Supplements\",\"description\":\"Eco Supplements - Gezonde supplementen\",\"publisher\":{\"@id\":\"https:\\\/\\\/ecosupplements.be\\\/fr\\\/#organization\"},\"potentialAction\":[{\"@type\":\"SearchAction\",\"target\":{\"@type\":\"EntryPoint\",\"urlTemplate\":\"https:\\\/\\\/ecosupplements.be\\\/fr\\\/?s={search_term_string}\"},\"query-input\":{\"@type\":\"PropertyValueSpecification\",\"valueRequired\":true,\"valueName\":\"search_term_string\"}}],\"inLanguage\":\"fr-FR\"},{\"@type\":\"Organization\",\"@id\":\"https:\\\/\\\/ecosupplements.be\\\/fr\\\/#organization\",\"name\":\"Eco Supplements\",\"url\":\"https:\\\/\\\/ecosupplements.be\\\/fr\\\/\",\"logo\":{\"@type\":\"ImageObject\",\"inLanguage\":\"fr-FR\",\"@id\":\"https:\\\/\\\/ecosupplements.be\\\/fr\\\/#\\\/schema\\\/logo\\\/image\\\/\",\"url\":\"https:\\\/\\\/ecosupplements.be\\\/wp-content\\\/uploads\\\/2022\\\/06\\\/ecosupplement-family.png\",\"contentUrl\":\"https:\\\/\\\/ecosupplements.be\\\/wp-content\\\/uploads\\\/2022\\\/06\\\/ecosupplement-family.png\",\"width\":593,\"height\":374,\"caption\":\"Eco Supplements\"},\"image\":{\"@id\":\"https:\\\/\\\/ecosupplements.be\\\/fr\\\/#\\\/schema\\\/logo\\\/image\\\/\"}}]}<\/script>\n<meta property=\"product:brand\" content=\"Aura Herbals\" \/>\n<meta property=\"product:price:amount\" content=\"8.49\" \/>\n<meta property=\"product:price:currency\" content=\"EUR\" \/>\n<meta property=\"og:availability\" content=\"instock\" \/>\n<meta property=\"product:availability\" content=\"instock\" \/>\n<meta property=\"product:retailer_item_id\" content=\"5902479611297\" \/>\n<meta property=\"product:condition\" content=\"new\" \/>\n<!-- \/ Yoast SEO Premium plugin. -->","yoast_head_json":{"title":"AURA HERBALS Vitamine D3 + K2 + Zinc + S\u00e9l\u00e9nium (90 comprim\u00e9s) - ECO Supplements","description":"Wij hebben een ruime keuze aan producten van AURA HERBALS Vitamine D3 + K2 + Zinc + S\u00e9l\u00e9nium (90 comprim\u00e9s) . Winkel bij Eco Supplements altijd gratis verzending boven 100\u20ac","robots":{"index":"index","follow":"follow","max-snippet":"max-snippet:-1","max-image-preview":"max-image-preview:large","max-video-preview":"max-video-preview:-1"},"canonical":"https:\/\/ecosupplements.be\/fr\/produit\/aura-herbals-vitamin-d3-k2-zinc-selenium-90-tabs\/","og_locale":"fr_FR","og_type":"article","og_title":"AURA HERBALS Vitamine D3 + K2 + Zinc + S\u00e9l\u00e9nium (90 comprim\u00e9s)","og_description":"Wij hebben een ruime keuze aan producten van AURA HERBALS Vitamine D3 + K2 + Zinc + S\u00e9l\u00e9nium (90 comprim\u00e9s) . Winkel bij Eco Supplements altijd gratis verzending boven 100\u20ac","og_url":"https:\/\/ecosupplements.be\/fr\/produit\/aura-herbals-vitamin-d3-k2-zinc-selenium-90-tabs\/","og_site_name":"ECO Supplements","article_modified_time":"2025-08-28T01:22:34+00:00","og_image":[{"width":1080,"height":1080,"url":"https:\/\/ecosupplements.be\/wp-content\/uploads\/2025\/08\/Aura-Herbals-AURA-HERBALS-Vitamin-D3-K2-Zinc-Selenium-90-tabs.jpg","type":"image\/jpeg"}],"twitter_card":"summary_large_image","twitter_misc":{"Prix":"8.49&nbsp;&euro;","Disponibilit\u00e9":"En stock"},"schema":{"@context":"https:\/\/schema.org","@graph":[{"@type":["WebPage","ItemPage"],"@id":"https:\/\/ecosupplements.be\/fr\/produit\/aura-herbals-vitamin-d3-k2-zinc-selenium-90-tabs\/","url":"https:\/\/ecosupplements.be\/fr\/produit\/aura-herbals-vitamin-d3-k2-zinc-selenium-90-tabs\/","name":"AURA HERBALS Vitamine D3 + K2 + Zinc + S\u00e9l\u00e9nium (90 comprim\u00e9s) - ECO Supplements","isPartOf":{"@id":"https:\/\/ecosupplements.be\/fr\/#website"},"primaryImageOfPage":{"@id":"https:\/\/ecosupplements.be\/fr\/produit\/aura-herbals-vitamin-d3-k2-zinc-selenium-90-tabs\/#primaryimage"},"image":{"@id":"https:\/\/ecosupplements.be\/fr\/produit\/aura-herbals-vitamin-d3-k2-zinc-selenium-90-tabs\/#primaryimage"},"thumbnailUrl":"https:\/\/ecosupplements.be\/wp-content\/uploads\/2025\/08\/AURA-HERBALS-Vitamin-D3-K2-Zinc-Selenium-90-tabs.jpg","datePublished":"2025-07-24T23:30:26+00:00","dateModified":"2025-08-28T01:22:34+00:00","description":"Wij hebben een ruime keuze aan producten van AURA HERBALS Vitamine D3 + K2 + Zinc + S\u00e9l\u00e9nium (90 comprim\u00e9s) . Winkel bij Eco Supplements altijd gratis verzending boven 100\u20ac","breadcrumb":{"@id":"https:\/\/ecosupplements.be\/fr\/produit\/aura-herbals-vitamin-d3-k2-zinc-selenium-90-tabs\/#breadcrumb"},"inLanguage":"fr-FR","potentialAction":[{"@type":"ReadAction","target":["https:\/\/ecosupplements.be\/fr\/produit\/aura-herbals-vitamin-d3-k2-zinc-selenium-90-tabs\/"]}]},{"@type":"ImageObject","inLanguage":"fr-FR","@id":"https:\/\/ecosupplements.be\/fr\/produit\/aura-herbals-vitamin-d3-k2-zinc-selenium-90-tabs\/#primaryimage","url":"https:\/\/ecosupplements.be\/wp-content\/uploads\/2025\/08\/AURA-HERBALS-Vitamin-D3-K2-Zinc-Selenium-90-tabs.jpg","contentUrl":"https:\/\/ecosupplements.be\/wp-content\/uploads\/2025\/08\/AURA-HERBALS-Vitamin-D3-K2-Zinc-Selenium-90-tabs.jpg","width":1080,"height":1080},{"@type":"BreadcrumbList","@id":"https:\/\/ecosupplements.be\/fr\/produit\/aura-herbals-vitamin-d3-k2-zinc-selenium-90-tabs\/#breadcrumb","itemListElement":[{"@type":"ListItem","position":1,"name":"Home","item":"https:\/\/ecosupplements.be\/fr\/"},{"@type":"ListItem","position":2,"name":"Boutique","item":"https:\/\/ecosupplements.be\/fr\/boutique\/"},{"@type":"ListItem","position":3,"name":"AURA HERBALS Vitamine D3 + K2 + Zinc + S\u00e9l\u00e9nium (90 comprim\u00e9s)"}]},{"@type":"WebSite","@id":"https:\/\/ecosupplements.be\/fr\/#website","url":"https:\/\/ecosupplements.be\/fr\/","name":"ECO Supplements","description":"Eco Supplements - Gezonde supplementen","publisher":{"@id":"https:\/\/ecosupplements.be\/fr\/#organization"},"potentialAction":[{"@type":"SearchAction","target":{"@type":"EntryPoint","urlTemplate":"https:\/\/ecosupplements.be\/fr\/?s={search_term_string}"},"query-input":{"@type":"PropertyValueSpecification","valueRequired":true,"valueName":"search_term_string"}}],"inLanguage":"fr-FR"},{"@type":"Organization","@id":"https:\/\/ecosupplements.be\/fr\/#organization","name":"Eco Supplements","url":"https:\/\/ecosupplements.be\/fr\/","logo":{"@type":"ImageObject","inLanguage":"fr-FR","@id":"https:\/\/ecosupplements.be\/fr\/#\/schema\/logo\/image\/","url":"https:\/\/ecosupplements.be\/wp-content\/uploads\/2022\/06\/ecosupplement-family.png","contentUrl":"https:\/\/ecosupplements.be\/wp-content\/uploads\/2022\/06\/ecosupplement-family.png","width":593,"height":374,"caption":"Eco Supplements"},"image":{"@id":"https:\/\/ecosupplements.be\/fr\/#\/schema\/logo\/image\/"}}]},"product_brand":"Aura Herbals","product_price_amount":"8.49","product_price_currency":"EUR","og_availability":"instock","product_availability":"instock","product_retailer_item_id":"5902479611297","product_condition":"new"},"_links":{"self":[{"href":"https:\/\/ecosupplements.be\/fr\/wp-json\/wp\/v2\/product\/299664","targetHints":{"allow":["GET"]}}],"collection":[{"href":"https:\/\/ecosupplements.be\/fr\/wp-json\/wp\/v2\/product"}],"about":[{"href":"https:\/\/ecosupplements.be\/fr\/wp-json\/wp\/v2\/types\/product"}],"replies":[{"embeddable":true,"href":"https:\/\/ecosupplements.be\/fr\/wp-json\/wp\/v2\/comments?post=299664"}],"wp:featuredmedia":[{"embeddable":true,"href":"https:\/\/ecosupplements.be\/fr\/wp-json\/wp\/v2\/media\/273807"}],"wp:attachment":[{"href":"https:\/\/ecosupplements.be\/fr\/wp-json\/wp\/v2\/media?parent=299664"}],"wp:term":[{"taxonomy":"product_brand","embeddable":true,"href":"https:\/\/ecosupplements.be\/fr\/wp-json\/wp\/v2\/product_brand?post=299664"},{"taxonomy":"product_cat","embeddable":true,"href":"https:\/\/ecosupplements.be\/fr\/wp-json\/wp\/v2\/product_cat?post=299664"},{"taxonomy":"product_tag","embeddable":true,"href":"https:\/\/ecosupplements.be\/fr\/wp-json\/wp\/v2\/product_tag?post=299664"}],"curies":[{"name":"wp","href":"https:\/\/api.w.org\/{rel}","templated":true}]}}