{"id":299694,"date":"2025-07-25T01:15:13","date_gmt":"2025-07-25T00:15:13","guid":{"rendered":"https:\/\/ecosupplements.be\/product\/aura-herbals-vitamin-d3-400-iu-baby-30-ml-1-fl-oz\/"},"modified":"2025-08-28T02:23:05","modified_gmt":"2025-08-28T01:23:05","slug":"aura-herbals-vitamin-d3-400-iu-baby-30-ml-1-fl-oz","status":"publish","type":"product","link":"https:\/\/ecosupplements.be\/fr\/produit\/aura-herbals-vitamin-d3-400-iu-baby-30-ml-1-fl-oz\/","title":{"rendered":"AURA HERBALS Vitamine D3 400 UI B\u00e9b\u00e9 (30 ml \/ 1 fl. oz.)"},"content":{"rendered":"<div id=\"description\">\n<h2>AURA HERBALS Vitamin D3 400 IU Baby &#8211; 30 ml<\/h2>\n<p>Optez pour la simplicit\u00e9 avec AURA HERBALS Vitamin D3 400 IU Baby, con\u00e7u pour s&#8217;int\u00e9grer harmonieusement dans le quotidien.Ce produit est pr\u00e9sent\u00e9 dans un flacon de 30 ml, facile \u00e0 utiliser au quotidien.<\/p>\n<h4>Ingr\u00e9dients principaux<\/h4>\n<p>Ce compl\u00e9ment contient de la vitamine D3 obtenue \u00e0 partir de lanoline,m\u00e9lang\u00e9e \u00e0 de l&#8217;huile d&#8217;olive de haute qualit\u00e9 et un extrait naturel de romarin servant d&#8217;antioxydant. Ces composants sont choisis pour leur puret\u00e9 et leur origine naturelle.<\/p>\n<h4>Utilisation<\/h4>\n<p>La dose recommand\u00e9e est simple : ajoutez cinq gouttes \u00e0 une petite quantit\u00e9 de liquide, m\u00e9langez et c&#8217;est pr\u00eat. chaque portion d\u00e9livre pr\u00e9cis\u00e9ment ce qui est n\u00e9cessaire pour une utilisation quotidienne sans soucis.<\/p>\n<h4>Caract\u00e9ristiques pratiques<\/h4>\n<ul>\n<li><strong>Format pratique :<\/strong> Flacon compte-gouttes facile \u00e0 manipuler.<\/li>\n<li><strong>Taille :<\/strong> Contient environ 900 gouttes, soit suffisamment pour plusieurs mois d&#8217;utilisation r\u00e9guli\u00e8re.<\/li>\n<\/ul>\n<p>Ce produit est un choix parfait pour ceux qui appr\u00e9cient les ingr\u00e9dients naturels dans un mode de vie actif et \u00e9quilibr\u00e9.Il se marie bien avec une alimentation vari\u00e9e et \u00e9quilibr\u00e9e tout en \u00e9tant simple \u00e0 int\u00e9grer dans votre routine quotidienne.<\/p>\n<\/p><\/div>\n","protected":false},"excerpt":{"rendered":"<p>AURA HERBALS Vitamin D3 400 IU Baby &#8211; 30 ml Optez pour la simplicit\u00e9 avec AURA HERBALS Vitamin D3 400 IU Baby, con\u00e7u pour s&#8217;int\u00e9grer harmonieusement dans le quotidien.Ce produit est pr\u00e9sent\u00e9 dans un flacon de 30 ml, facile \u00e0 utiliser au quotidien. Ingr\u00e9dients principaux Ce compl\u00e9ment contient de la vitamine D3 obtenue \u00e0 partir [&#8230;]\n","protected":false},"featured_media":273837,"comment_status":"closed","ping_status":"open","template":"","meta":[],"product_brand":[5338],"product_cat":[5053,5059],"product_tag":[],"class_list":{"0":"post-299694","1":"product","2":"type-product","3":"status-publish","4":"has-post-thumbnail","6":"product_brand-aura-herbals-2","7":"product_cat-vitamines-et-mineraux","8":"product_cat-vitamines-simples","10":"first","11":"instock","12":"taxable","13":"shipping-taxable","14":"purchasable","15":"product-type-simple"},"yoast_head":"<!-- This site is optimized with the Yoast SEO Premium plugin v27.5 (Yoast SEO v27.5) - https:\/\/yoast.com\/product\/yoast-seo-premium-wordpress\/ -->\n<title>AURA HERBALS Vitamine D3 400 UI B\u00e9b\u00e9 (30 ml \/ 1 fl. oz.) - ECO Supplements<\/title>\n<meta name=\"description\" content=\"Wij hebben een ruime keuze aan producten van AURA HERBALS Vitamine D3 400 UI B\u00e9b\u00e9 (30 ml \/ 1 fl. oz.) . Winkel bij Eco Supplements altijd gratis verzending boven 100\u20ac\" \/>\n<meta name=\"robots\" content=\"index, follow, max-snippet:-1, max-image-preview:large, max-video-preview:-1\" \/>\n<link rel=\"canonical\" href=\"https:\/\/ecosupplements.be\/fr\/produit\/aura-herbals-vitamin-d3-400-iu-baby-30-ml-1-fl-oz\/\" \/>\n<meta property=\"og:locale\" content=\"fr_FR\" \/>\n<meta property=\"og:type\" content=\"article\" \/>\n<meta property=\"og:title\" content=\"AURA HERBALS Vitamine D3 400 UI B\u00e9b\u00e9 (30 ml \/ 1 fl. oz.)\" \/>\n<meta property=\"og:description\" content=\"Wij hebben een ruime keuze aan producten van AURA HERBALS Vitamine D3 400 UI B\u00e9b\u00e9 (30 ml \/ 1 fl. oz.) . Winkel bij Eco Supplements altijd gratis verzending boven 100\u20ac\" \/>\n<meta property=\"og:url\" content=\"https:\/\/ecosupplements.be\/fr\/produit\/aura-herbals-vitamin-d3-400-iu-baby-30-ml-1-fl-oz\/\" \/>\n<meta property=\"og:site_name\" content=\"ECO Supplements\" \/>\n<meta property=\"article:modified_time\" content=\"2025-08-28T01:23:05+00:00\" \/>\n<meta property=\"og:image\" content=\"https:\/\/ecosupplements.be\/wp-content\/uploads\/2025\/08\/Aura-Herbals-AURA-HERBALS-Vitamin-D3-400-IU-Baby-30-ml-1-fl.-oz.jpg\" \/>\n\t<meta property=\"og:image:width\" content=\"700\" \/>\n\t<meta property=\"og:image:height\" content=\"700\" \/>\n\t<meta property=\"og:image:type\" content=\"image\/jpeg\" \/>\n<meta name=\"twitter:card\" content=\"summary_large_image\" \/>\n<meta name=\"twitter:label1\" content=\"Prix\" \/>\n\t<meta name=\"twitter:data1\" content=\"4.79&nbsp;&euro;\" \/>\n\t<meta name=\"twitter:label2\" content=\"Disponibilit\u00e9\" \/>\n\t<meta name=\"twitter:data2\" content=\"En stock\" \/>\n<script type=\"application\/ld+json\" class=\"yoast-schema-graph\">{\"@context\":\"https:\\\/\\\/schema.org\",\"@graph\":[{\"@type\":[\"WebPage\",\"ItemPage\"],\"@id\":\"https:\\\/\\\/ecosupplements.be\\\/fr\\\/produit\\\/aura-herbals-vitamin-d3-400-iu-baby-30-ml-1-fl-oz\\\/\",\"url\":\"https:\\\/\\\/ecosupplements.be\\\/fr\\\/produit\\\/aura-herbals-vitamin-d3-400-iu-baby-30-ml-1-fl-oz\\\/\",\"name\":\"AURA HERBALS Vitamine D3 400 UI B\u00e9b\u00e9 (30 ml \\\/ 1 fl. oz.) - ECO Supplements\",\"isPartOf\":{\"@id\":\"https:\\\/\\\/ecosupplements.be\\\/fr\\\/#website\"},\"primaryImageOfPage\":{\"@id\":\"https:\\\/\\\/ecosupplements.be\\\/fr\\\/produit\\\/aura-herbals-vitamin-d3-400-iu-baby-30-ml-1-fl-oz\\\/#primaryimage\"},\"image\":{\"@id\":\"https:\\\/\\\/ecosupplements.be\\\/fr\\\/produit\\\/aura-herbals-vitamin-d3-400-iu-baby-30-ml-1-fl-oz\\\/#primaryimage\"},\"thumbnailUrl\":\"https:\\\/\\\/ecosupplements.be\\\/wp-content\\\/uploads\\\/2025\\\/08\\\/AURA-HERBALS-Vitamin-D3-400-IU-Baby-30-ml-1-fl.-oz.jpg\",\"datePublished\":\"2025-07-25T00:15:13+00:00\",\"dateModified\":\"2025-08-28T01:23:05+00:00\",\"description\":\"Wij hebben een ruime keuze aan producten van AURA HERBALS Vitamine D3 400 UI B\u00e9b\u00e9 (30 ml \\\/ 1 fl. oz.) . Winkel bij Eco Supplements altijd gratis verzending boven 100\u20ac\",\"breadcrumb\":{\"@id\":\"https:\\\/\\\/ecosupplements.be\\\/fr\\\/produit\\\/aura-herbals-vitamin-d3-400-iu-baby-30-ml-1-fl-oz\\\/#breadcrumb\"},\"inLanguage\":\"fr-FR\",\"potentialAction\":[{\"@type\":\"ReadAction\",\"target\":[\"https:\\\/\\\/ecosupplements.be\\\/fr\\\/produit\\\/aura-herbals-vitamin-d3-400-iu-baby-30-ml-1-fl-oz\\\/\"]}]},{\"@type\":\"ImageObject\",\"inLanguage\":\"fr-FR\",\"@id\":\"https:\\\/\\\/ecosupplements.be\\\/fr\\\/produit\\\/aura-herbals-vitamin-d3-400-iu-baby-30-ml-1-fl-oz\\\/#primaryimage\",\"url\":\"https:\\\/\\\/ecosupplements.be\\\/wp-content\\\/uploads\\\/2025\\\/08\\\/AURA-HERBALS-Vitamin-D3-400-IU-Baby-30-ml-1-fl.-oz.jpg\",\"contentUrl\":\"https:\\\/\\\/ecosupplements.be\\\/wp-content\\\/uploads\\\/2025\\\/08\\\/AURA-HERBALS-Vitamin-D3-400-IU-Baby-30-ml-1-fl.-oz.jpg\",\"width\":700,\"height\":700},{\"@type\":\"BreadcrumbList\",\"@id\":\"https:\\\/\\\/ecosupplements.be\\\/fr\\\/produit\\\/aura-herbals-vitamin-d3-400-iu-baby-30-ml-1-fl-oz\\\/#breadcrumb\",\"itemListElement\":[{\"@type\":\"ListItem\",\"position\":1,\"name\":\"Home\",\"item\":\"https:\\\/\\\/ecosupplements.be\\\/fr\\\/\"},{\"@type\":\"ListItem\",\"position\":2,\"name\":\"Boutique\",\"item\":\"https:\\\/\\\/ecosupplements.be\\\/fr\\\/boutique\\\/\"},{\"@type\":\"ListItem\",\"position\":3,\"name\":\"AURA HERBALS Vitamine D3 400 UI B\u00e9b\u00e9 (30 ml \\\/ 1 fl. oz.)\"}]},{\"@type\":\"WebSite\",\"@id\":\"https:\\\/\\\/ecosupplements.be\\\/fr\\\/#website\",\"url\":\"https:\\\/\\\/ecosupplements.be\\\/fr\\\/\",\"name\":\"ECO Supplements\",\"description\":\"Eco Supplements - Gezonde supplementen\",\"publisher\":{\"@id\":\"https:\\\/\\\/ecosupplements.be\\\/fr\\\/#organization\"},\"potentialAction\":[{\"@type\":\"SearchAction\",\"target\":{\"@type\":\"EntryPoint\",\"urlTemplate\":\"https:\\\/\\\/ecosupplements.be\\\/fr\\\/?s={search_term_string}\"},\"query-input\":{\"@type\":\"PropertyValueSpecification\",\"valueRequired\":true,\"valueName\":\"search_term_string\"}}],\"inLanguage\":\"fr-FR\"},{\"@type\":\"Organization\",\"@id\":\"https:\\\/\\\/ecosupplements.be\\\/fr\\\/#organization\",\"name\":\"Eco Supplements\",\"url\":\"https:\\\/\\\/ecosupplements.be\\\/fr\\\/\",\"logo\":{\"@type\":\"ImageObject\",\"inLanguage\":\"fr-FR\",\"@id\":\"https:\\\/\\\/ecosupplements.be\\\/fr\\\/#\\\/schema\\\/logo\\\/image\\\/\",\"url\":\"https:\\\/\\\/ecosupplements.be\\\/wp-content\\\/uploads\\\/2022\\\/06\\\/ecosupplement-family.png\",\"contentUrl\":\"https:\\\/\\\/ecosupplements.be\\\/wp-content\\\/uploads\\\/2022\\\/06\\\/ecosupplement-family.png\",\"width\":593,\"height\":374,\"caption\":\"Eco Supplements\"},\"image\":{\"@id\":\"https:\\\/\\\/ecosupplements.be\\\/fr\\\/#\\\/schema\\\/logo\\\/image\\\/\"}}]}<\/script>\n<meta property=\"product:brand\" content=\"Aura Herbals\" \/>\n<meta property=\"product:price:amount\" content=\"4.79\" \/>\n<meta property=\"product:price:currency\" content=\"EUR\" \/>\n<meta property=\"og:availability\" content=\"instock\" \/>\n<meta property=\"product:availability\" content=\"instock\" \/>\n<meta property=\"product:retailer_item_id\" content=\"5902479610658\" \/>\n<meta property=\"product:condition\" content=\"new\" \/>\n<!-- \/ Yoast SEO Premium plugin. -->","yoast_head_json":{"title":"AURA HERBALS Vitamine D3 400 UI B\u00e9b\u00e9 (30 ml \/ 1 fl. oz.) - ECO Supplements","description":"Wij hebben een ruime keuze aan producten van AURA HERBALS Vitamine D3 400 UI B\u00e9b\u00e9 (30 ml \/ 1 fl. oz.) . Winkel bij Eco Supplements altijd gratis verzending boven 100\u20ac","robots":{"index":"index","follow":"follow","max-snippet":"max-snippet:-1","max-image-preview":"max-image-preview:large","max-video-preview":"max-video-preview:-1"},"canonical":"https:\/\/ecosupplements.be\/fr\/produit\/aura-herbals-vitamin-d3-400-iu-baby-30-ml-1-fl-oz\/","og_locale":"fr_FR","og_type":"article","og_title":"AURA HERBALS Vitamine D3 400 UI B\u00e9b\u00e9 (30 ml \/ 1 fl. oz.)","og_description":"Wij hebben een ruime keuze aan producten van AURA HERBALS Vitamine D3 400 UI B\u00e9b\u00e9 (30 ml \/ 1 fl. oz.) . Winkel bij Eco Supplements altijd gratis verzending boven 100\u20ac","og_url":"https:\/\/ecosupplements.be\/fr\/produit\/aura-herbals-vitamin-d3-400-iu-baby-30-ml-1-fl-oz\/","og_site_name":"ECO Supplements","article_modified_time":"2025-08-28T01:23:05+00:00","og_image":[{"width":700,"height":700,"url":"https:\/\/ecosupplements.be\/wp-content\/uploads\/2025\/08\/Aura-Herbals-AURA-HERBALS-Vitamin-D3-400-IU-Baby-30-ml-1-fl.-oz.jpg","type":"image\/jpeg"}],"twitter_card":"summary_large_image","twitter_misc":{"Prix":"4.79&nbsp;&euro;","Disponibilit\u00e9":"En stock"},"schema":{"@context":"https:\/\/schema.org","@graph":[{"@type":["WebPage","ItemPage"],"@id":"https:\/\/ecosupplements.be\/fr\/produit\/aura-herbals-vitamin-d3-400-iu-baby-30-ml-1-fl-oz\/","url":"https:\/\/ecosupplements.be\/fr\/produit\/aura-herbals-vitamin-d3-400-iu-baby-30-ml-1-fl-oz\/","name":"AURA HERBALS Vitamine D3 400 UI B\u00e9b\u00e9 (30 ml \/ 1 fl. oz.) - ECO Supplements","isPartOf":{"@id":"https:\/\/ecosupplements.be\/fr\/#website"},"primaryImageOfPage":{"@id":"https:\/\/ecosupplements.be\/fr\/produit\/aura-herbals-vitamin-d3-400-iu-baby-30-ml-1-fl-oz\/#primaryimage"},"image":{"@id":"https:\/\/ecosupplements.be\/fr\/produit\/aura-herbals-vitamin-d3-400-iu-baby-30-ml-1-fl-oz\/#primaryimage"},"thumbnailUrl":"https:\/\/ecosupplements.be\/wp-content\/uploads\/2025\/08\/AURA-HERBALS-Vitamin-D3-400-IU-Baby-30-ml-1-fl.-oz.jpg","datePublished":"2025-07-25T00:15:13+00:00","dateModified":"2025-08-28T01:23:05+00:00","description":"Wij hebben een ruime keuze aan producten van AURA HERBALS Vitamine D3 400 UI B\u00e9b\u00e9 (30 ml \/ 1 fl. oz.) . Winkel bij Eco Supplements altijd gratis verzending boven 100\u20ac","breadcrumb":{"@id":"https:\/\/ecosupplements.be\/fr\/produit\/aura-herbals-vitamin-d3-400-iu-baby-30-ml-1-fl-oz\/#breadcrumb"},"inLanguage":"fr-FR","potentialAction":[{"@type":"ReadAction","target":["https:\/\/ecosupplements.be\/fr\/produit\/aura-herbals-vitamin-d3-400-iu-baby-30-ml-1-fl-oz\/"]}]},{"@type":"ImageObject","inLanguage":"fr-FR","@id":"https:\/\/ecosupplements.be\/fr\/produit\/aura-herbals-vitamin-d3-400-iu-baby-30-ml-1-fl-oz\/#primaryimage","url":"https:\/\/ecosupplements.be\/wp-content\/uploads\/2025\/08\/AURA-HERBALS-Vitamin-D3-400-IU-Baby-30-ml-1-fl.-oz.jpg","contentUrl":"https:\/\/ecosupplements.be\/wp-content\/uploads\/2025\/08\/AURA-HERBALS-Vitamin-D3-400-IU-Baby-30-ml-1-fl.-oz.jpg","width":700,"height":700},{"@type":"BreadcrumbList","@id":"https:\/\/ecosupplements.be\/fr\/produit\/aura-herbals-vitamin-d3-400-iu-baby-30-ml-1-fl-oz\/#breadcrumb","itemListElement":[{"@type":"ListItem","position":1,"name":"Home","item":"https:\/\/ecosupplements.be\/fr\/"},{"@type":"ListItem","position":2,"name":"Boutique","item":"https:\/\/ecosupplements.be\/fr\/boutique\/"},{"@type":"ListItem","position":3,"name":"AURA HERBALS Vitamine D3 400 UI B\u00e9b\u00e9 (30 ml \/ 1 fl. oz.)"}]},{"@type":"WebSite","@id":"https:\/\/ecosupplements.be\/fr\/#website","url":"https:\/\/ecosupplements.be\/fr\/","name":"ECO Supplements","description":"Eco Supplements - Gezonde supplementen","publisher":{"@id":"https:\/\/ecosupplements.be\/fr\/#organization"},"potentialAction":[{"@type":"SearchAction","target":{"@type":"EntryPoint","urlTemplate":"https:\/\/ecosupplements.be\/fr\/?s={search_term_string}"},"query-input":{"@type":"PropertyValueSpecification","valueRequired":true,"valueName":"search_term_string"}}],"inLanguage":"fr-FR"},{"@type":"Organization","@id":"https:\/\/ecosupplements.be\/fr\/#organization","name":"Eco Supplements","url":"https:\/\/ecosupplements.be\/fr\/","logo":{"@type":"ImageObject","inLanguage":"fr-FR","@id":"https:\/\/ecosupplements.be\/fr\/#\/schema\/logo\/image\/","url":"https:\/\/ecosupplements.be\/wp-content\/uploads\/2022\/06\/ecosupplement-family.png","contentUrl":"https:\/\/ecosupplements.be\/wp-content\/uploads\/2022\/06\/ecosupplement-family.png","width":593,"height":374,"caption":"Eco Supplements"},"image":{"@id":"https:\/\/ecosupplements.be\/fr\/#\/schema\/logo\/image\/"}}]},"product_brand":"Aura Herbals","product_price_amount":"4.79","product_price_currency":"EUR","og_availability":"instock","product_availability":"instock","product_retailer_item_id":"5902479610658","product_condition":"new"},"_links":{"self":[{"href":"https:\/\/ecosupplements.be\/fr\/wp-json\/wp\/v2\/product\/299694","targetHints":{"allow":["GET"]}}],"collection":[{"href":"https:\/\/ecosupplements.be\/fr\/wp-json\/wp\/v2\/product"}],"about":[{"href":"https:\/\/ecosupplements.be\/fr\/wp-json\/wp\/v2\/types\/product"}],"replies":[{"embeddable":true,"href":"https:\/\/ecosupplements.be\/fr\/wp-json\/wp\/v2\/comments?post=299694"}],"wp:featuredmedia":[{"embeddable":true,"href":"https:\/\/ecosupplements.be\/fr\/wp-json\/wp\/v2\/media\/273837"}],"wp:attachment":[{"href":"https:\/\/ecosupplements.be\/fr\/wp-json\/wp\/v2\/media?parent=299694"}],"wp:term":[{"taxonomy":"product_brand","embeddable":true,"href":"https:\/\/ecosupplements.be\/fr\/wp-json\/wp\/v2\/product_brand?post=299694"},{"taxonomy":"product_cat","embeddable":true,"href":"https:\/\/ecosupplements.be\/fr\/wp-json\/wp\/v2\/product_cat?post=299694"},{"taxonomy":"product_tag","embeddable":true,"href":"https:\/\/ecosupplements.be\/fr\/wp-json\/wp\/v2\/product_tag?post=299694"}],"curies":[{"name":"wp","href":"https:\/\/api.w.org\/{rel}","templated":true}]}}