{"id":299700,"date":"2025-07-25T01:15:13","date_gmt":"2025-07-25T00:15:13","guid":{"rendered":"https:\/\/ecosupplements.be\/product\/aura-herbals-vitamin-d3-2000-iu-forte-30-ml-1-fl-oz\/"},"modified":"2025-08-28T02:23:12","modified_gmt":"2025-08-28T01:23:12","slug":"aura-herbals-vitamin-d3-2000-iu-forte-30-ml-1-fl-oz","status":"publish","type":"product","link":"https:\/\/ecosupplements.be\/fr\/produit\/aura-herbals-vitamin-d3-2000-iu-forte-30-ml-1-fl-oz\/","title":{"rendered":"Vitamine D3 AURA HERBALS, 2000 UI FORTE (30 ml \/ 1 fl. oz.)"},"content":{"rendered":"<div id=\"description\">\n<div>\n        <strong>AURA HERBALS Vitamin D3,2000 IU FORTE (30 ml \/ 1 fl. oz.)<\/strong><\/p>\n<p>        D\u00e9couvrez un choix naturel pour les amateurs de qualit\u00e9 avec notre vitamin D3, pr\u00e9sent\u00e9e dans un format pratique de 30 ml. Ce produit est con\u00e7u pour s&#8217;int\u00e9grer facilement \u00e0 votre quotidien.\n    <\/p><\/div>\n<div>\n<h4>Ingr\u00e9dients principaux<\/h4>\n<p>Notre formule contient de l&#8217;huile d&#8217;olive et un extrait de romarin comme antioxydant, enrichie en cholecalciferol (Vitamin D3) obtenue \u00e0 partir de lanoline.<\/p>\n<h4>Utilisation<\/h4>\n<p>La dose journali\u00e8re recommand\u00e9e est d&#8217;une goutte par jour. Avant utilisation, bien agiter le flacon. Mesurez une goutte avec une cuill\u00e8re et consommez directement.<\/p>\n<h4>Caract\u00e9ristiques pratiques<\/h4>\n<p>Ce produit se pr\u00e9sente sous forme liquide dans un flacon compte-gouttes pour une utilisation ais\u00e9e et pr\u00e9cise.<\/p>\n<h4>Contenu et emballage<\/h4>\n<p>Ce flacon contient 30 ml, soit environ 900 gouttes, chacune fournissant 2000 IU de Vitamin D3.<\/p>\n<p>        \u00a0<\/p>\n<h4>Conservation<\/h4>\n<p>        \u00a0<\/p>\n<p>Gardez le produit dans un endroit sec et frais pour maintenir sa qualit\u00e9 optimale.<\/p>\n<p>        \u00a0<\/p>\n<h5>Note importante:<\/h5>\n<p>        \u00a0<\/p>\n<p>Ce compl\u00e9ment alimentaire ne doit pas \u00eatre utilis\u00e9 comme substitut \u00e0 une alimentation vari\u00e9e. Il est important d&#8217;adopter un r\u00e9gime alimentaire \u00e9quilibr\u00e9 ainsi qu&#8217;un mode de vie sain. Ne convient pas aux personnes allergiques \u00e0 l&#8217;un des composants du produit.<\/p>\n<\/p><\/div>\n<\/div>\n","protected":false},"excerpt":{"rendered":"<p>AURA HERBALS Vitamin D3,2000 IU FORTE (30 ml \/ 1 fl. oz.) D\u00e9couvrez un choix naturel pour les amateurs de qualit\u00e9 avec notre vitamin D3, pr\u00e9sent\u00e9e dans un format pratique de 30 ml. Ce produit est con\u00e7u pour s&#8217;int\u00e9grer facilement \u00e0 votre quotidien. Ingr\u00e9dients principaux Notre formule contient de l&#8217;huile d&#8217;olive et un extrait de [&#8230;]\n","protected":false},"featured_media":273843,"comment_status":"closed","ping_status":"open","template":"","meta":[],"product_brand":[5338],"product_cat":[5053,5059],"product_tag":[],"class_list":{"0":"post-299700","1":"product","2":"type-product","3":"status-publish","4":"has-post-thumbnail","6":"product_brand-aura-herbals-2","7":"product_cat-vitamines-et-mineraux","8":"product_cat-vitamines-simples","10":"first","11":"instock","12":"taxable","13":"shipping-taxable","14":"purchasable","15":"product-type-simple"},"yoast_head":"<!-- This site is optimized with the Yoast SEO Premium plugin v27.3 (Yoast SEO v27.3) - https:\/\/yoast.com\/product\/yoast-seo-premium-wordpress\/ -->\n<title>Vitamine D3 AURA HERBALS, 2000 UI FORTE (30 ml \/ 1 fl. oz.) - ECO Supplements<\/title>\n<meta name=\"description\" content=\"Wij hebben een ruime keuze aan producten van Vitamine D3 AURA HERBALS, 2000 UI FORTE (30 ml \/ 1 fl. oz.) . Winkel bij Eco Supplements altijd gratis verzending boven 100\u20ac\" \/>\n<meta name=\"robots\" content=\"index, follow, max-snippet:-1, max-image-preview:large, max-video-preview:-1\" \/>\n<link rel=\"canonical\" href=\"https:\/\/ecosupplements.be\/fr\/produit\/aura-herbals-vitamin-d3-2000-iu-forte-30-ml-1-fl-oz\/\" \/>\n<meta property=\"og:locale\" content=\"fr_FR\" \/>\n<meta property=\"og:type\" content=\"article\" \/>\n<meta property=\"og:title\" content=\"Vitamine D3 AURA HERBALS, 2000 UI FORTE (30 ml \/ 1 fl. oz.)\" \/>\n<meta property=\"og:description\" content=\"Wij hebben een ruime keuze aan producten van Vitamine D3 AURA HERBALS, 2000 UI FORTE (30 ml \/ 1 fl. oz.) . Winkel bij Eco Supplements altijd gratis verzending boven 100\u20ac\" \/>\n<meta property=\"og:url\" content=\"https:\/\/ecosupplements.be\/fr\/produit\/aura-herbals-vitamin-d3-2000-iu-forte-30-ml-1-fl-oz\/\" \/>\n<meta property=\"og:site_name\" content=\"ECO Supplements\" \/>\n<meta property=\"article:modified_time\" content=\"2025-08-28T01:23:12+00:00\" \/>\n<meta property=\"og:image\" content=\"https:\/\/ecosupplements.be\/wp-content\/uploads\/2025\/08\/Aura-Herbals-AURA-HERBALS-Vitamin-D3-2000-IU-FORTE-30-ml-1-fl.-oz.jpg\" \/>\n\t<meta property=\"og:image:width\" content=\"1080\" \/>\n\t<meta property=\"og:image:height\" content=\"1080\" \/>\n\t<meta property=\"og:image:type\" content=\"image\/jpeg\" \/>\n<meta name=\"twitter:card\" content=\"summary_large_image\" \/>\n<meta name=\"twitter:label1\" content=\"Prix\" \/>\n\t<meta name=\"twitter:data1\" content=\"5.65&nbsp;&euro;\" \/>\n\t<meta name=\"twitter:label2\" content=\"Disponibilit\u00e9\" \/>\n\t<meta name=\"twitter:data2\" content=\"En stock\" \/>\n<script type=\"application\/ld+json\" class=\"yoast-schema-graph\">{\"@context\":\"https:\\\/\\\/schema.org\",\"@graph\":[{\"@type\":[\"WebPage\",\"ItemPage\"],\"@id\":\"https:\\\/\\\/ecosupplements.be\\\/fr\\\/produit\\\/aura-herbals-vitamin-d3-2000-iu-forte-30-ml-1-fl-oz\\\/\",\"url\":\"https:\\\/\\\/ecosupplements.be\\\/fr\\\/produit\\\/aura-herbals-vitamin-d3-2000-iu-forte-30-ml-1-fl-oz\\\/\",\"name\":\"Vitamine D3 AURA HERBALS, 2000 UI FORTE (30 ml \\\/ 1 fl. oz.) - ECO Supplements\",\"isPartOf\":{\"@id\":\"https:\\\/\\\/ecosupplements.be\\\/fr\\\/#website\"},\"primaryImageOfPage\":{\"@id\":\"https:\\\/\\\/ecosupplements.be\\\/fr\\\/produit\\\/aura-herbals-vitamin-d3-2000-iu-forte-30-ml-1-fl-oz\\\/#primaryimage\"},\"image\":{\"@id\":\"https:\\\/\\\/ecosupplements.be\\\/fr\\\/produit\\\/aura-herbals-vitamin-d3-2000-iu-forte-30-ml-1-fl-oz\\\/#primaryimage\"},\"thumbnailUrl\":\"https:\\\/\\\/ecosupplements.be\\\/wp-content\\\/uploads\\\/2025\\\/08\\\/AURA-HERBALS-Vitamin-D3-2000-IU-FORTE-30-ml-1-fl.-oz.jpg\",\"datePublished\":\"2025-07-25T00:15:13+00:00\",\"dateModified\":\"2025-08-28T01:23:12+00:00\",\"description\":\"Wij hebben een ruime keuze aan producten van Vitamine D3 AURA HERBALS, 2000 UI FORTE (30 ml \\\/ 1 fl. oz.) . Winkel bij Eco Supplements altijd gratis verzending boven 100\u20ac\",\"breadcrumb\":{\"@id\":\"https:\\\/\\\/ecosupplements.be\\\/fr\\\/produit\\\/aura-herbals-vitamin-d3-2000-iu-forte-30-ml-1-fl-oz\\\/#breadcrumb\"},\"inLanguage\":\"fr-FR\",\"potentialAction\":[{\"@type\":\"ReadAction\",\"target\":[\"https:\\\/\\\/ecosupplements.be\\\/fr\\\/produit\\\/aura-herbals-vitamin-d3-2000-iu-forte-30-ml-1-fl-oz\\\/\"]}]},{\"@type\":\"ImageObject\",\"inLanguage\":\"fr-FR\",\"@id\":\"https:\\\/\\\/ecosupplements.be\\\/fr\\\/produit\\\/aura-herbals-vitamin-d3-2000-iu-forte-30-ml-1-fl-oz\\\/#primaryimage\",\"url\":\"https:\\\/\\\/ecosupplements.be\\\/wp-content\\\/uploads\\\/2025\\\/08\\\/AURA-HERBALS-Vitamin-D3-2000-IU-FORTE-30-ml-1-fl.-oz.jpg\",\"contentUrl\":\"https:\\\/\\\/ecosupplements.be\\\/wp-content\\\/uploads\\\/2025\\\/08\\\/AURA-HERBALS-Vitamin-D3-2000-IU-FORTE-30-ml-1-fl.-oz.jpg\",\"width\":1080,\"height\":1080},{\"@type\":\"BreadcrumbList\",\"@id\":\"https:\\\/\\\/ecosupplements.be\\\/fr\\\/produit\\\/aura-herbals-vitamin-d3-2000-iu-forte-30-ml-1-fl-oz\\\/#breadcrumb\",\"itemListElement\":[{\"@type\":\"ListItem\",\"position\":1,\"name\":\"Home\",\"item\":\"https:\\\/\\\/ecosupplements.be\\\/fr\\\/\"},{\"@type\":\"ListItem\",\"position\":2,\"name\":\"Boutique\",\"item\":\"https:\\\/\\\/ecosupplements.be\\\/fr\\\/boutique\\\/\"},{\"@type\":\"ListItem\",\"position\":3,\"name\":\"Vitamine D3 AURA HERBALS, 2000 UI FORTE (30 ml \\\/ 1 fl. oz.)\"}]},{\"@type\":\"WebSite\",\"@id\":\"https:\\\/\\\/ecosupplements.be\\\/fr\\\/#website\",\"url\":\"https:\\\/\\\/ecosupplements.be\\\/fr\\\/\",\"name\":\"ECO Supplements\",\"description\":\"Eco Supplements - Gezonde supplementen\",\"publisher\":{\"@id\":\"https:\\\/\\\/ecosupplements.be\\\/fr\\\/#organization\"},\"potentialAction\":[{\"@type\":\"SearchAction\",\"target\":{\"@type\":\"EntryPoint\",\"urlTemplate\":\"https:\\\/\\\/ecosupplements.be\\\/fr\\\/?s={search_term_string}\"},\"query-input\":{\"@type\":\"PropertyValueSpecification\",\"valueRequired\":true,\"valueName\":\"search_term_string\"}}],\"inLanguage\":\"fr-FR\"},{\"@type\":\"Organization\",\"@id\":\"https:\\\/\\\/ecosupplements.be\\\/fr\\\/#organization\",\"name\":\"Eco Supplements\",\"url\":\"https:\\\/\\\/ecosupplements.be\\\/fr\\\/\",\"logo\":{\"@type\":\"ImageObject\",\"inLanguage\":\"fr-FR\",\"@id\":\"https:\\\/\\\/ecosupplements.be\\\/fr\\\/#\\\/schema\\\/logo\\\/image\\\/\",\"url\":\"https:\\\/\\\/ecosupplements.be\\\/wp-content\\\/uploads\\\/2022\\\/06\\\/ecosupplement-family.png\",\"contentUrl\":\"https:\\\/\\\/ecosupplements.be\\\/wp-content\\\/uploads\\\/2022\\\/06\\\/ecosupplement-family.png\",\"width\":593,\"height\":374,\"caption\":\"Eco Supplements\"},\"image\":{\"@id\":\"https:\\\/\\\/ecosupplements.be\\\/fr\\\/#\\\/schema\\\/logo\\\/image\\\/\"}}]}<\/script>\n<meta property=\"product:brand\" content=\"Aura Herbals\" \/>\n<meta property=\"product:price:amount\" content=\"5.65\" \/>\n<meta property=\"product:price:currency\" content=\"EUR\" \/>\n<meta property=\"og:availability\" content=\"instock\" \/>\n<meta property=\"product:availability\" content=\"instock\" \/>\n<meta property=\"product:retailer_item_id\" content=\"5902479610337\" \/>\n<meta property=\"product:condition\" content=\"new\" \/>\n<!-- \/ Yoast SEO Premium plugin. -->","yoast_head_json":{"title":"Vitamine D3 AURA HERBALS, 2000 UI FORTE (30 ml \/ 1 fl. oz.) - ECO Supplements","description":"Wij hebben een ruime keuze aan producten van Vitamine D3 AURA HERBALS, 2000 UI FORTE (30 ml \/ 1 fl. oz.) . Winkel bij Eco Supplements altijd gratis verzending boven 100\u20ac","robots":{"index":"index","follow":"follow","max-snippet":"max-snippet:-1","max-image-preview":"max-image-preview:large","max-video-preview":"max-video-preview:-1"},"canonical":"https:\/\/ecosupplements.be\/fr\/produit\/aura-herbals-vitamin-d3-2000-iu-forte-30-ml-1-fl-oz\/","og_locale":"fr_FR","og_type":"article","og_title":"Vitamine D3 AURA HERBALS, 2000 UI FORTE (30 ml \/ 1 fl. oz.)","og_description":"Wij hebben een ruime keuze aan producten van Vitamine D3 AURA HERBALS, 2000 UI FORTE (30 ml \/ 1 fl. oz.) . Winkel bij Eco Supplements altijd gratis verzending boven 100\u20ac","og_url":"https:\/\/ecosupplements.be\/fr\/produit\/aura-herbals-vitamin-d3-2000-iu-forte-30-ml-1-fl-oz\/","og_site_name":"ECO Supplements","article_modified_time":"2025-08-28T01:23:12+00:00","og_image":[{"width":1080,"height":1080,"url":"https:\/\/ecosupplements.be\/wp-content\/uploads\/2025\/08\/Aura-Herbals-AURA-HERBALS-Vitamin-D3-2000-IU-FORTE-30-ml-1-fl.-oz.jpg","type":"image\/jpeg"}],"twitter_card":"summary_large_image","twitter_misc":{"Prix":"5.65&nbsp;&euro;","Disponibilit\u00e9":"En stock"},"schema":{"@context":"https:\/\/schema.org","@graph":[{"@type":["WebPage","ItemPage"],"@id":"https:\/\/ecosupplements.be\/fr\/produit\/aura-herbals-vitamin-d3-2000-iu-forte-30-ml-1-fl-oz\/","url":"https:\/\/ecosupplements.be\/fr\/produit\/aura-herbals-vitamin-d3-2000-iu-forte-30-ml-1-fl-oz\/","name":"Vitamine D3 AURA HERBALS, 2000 UI FORTE (30 ml \/ 1 fl. oz.) - ECO Supplements","isPartOf":{"@id":"https:\/\/ecosupplements.be\/fr\/#website"},"primaryImageOfPage":{"@id":"https:\/\/ecosupplements.be\/fr\/produit\/aura-herbals-vitamin-d3-2000-iu-forte-30-ml-1-fl-oz\/#primaryimage"},"image":{"@id":"https:\/\/ecosupplements.be\/fr\/produit\/aura-herbals-vitamin-d3-2000-iu-forte-30-ml-1-fl-oz\/#primaryimage"},"thumbnailUrl":"https:\/\/ecosupplements.be\/wp-content\/uploads\/2025\/08\/AURA-HERBALS-Vitamin-D3-2000-IU-FORTE-30-ml-1-fl.-oz.jpg","datePublished":"2025-07-25T00:15:13+00:00","dateModified":"2025-08-28T01:23:12+00:00","description":"Wij hebben een ruime keuze aan producten van Vitamine D3 AURA HERBALS, 2000 UI FORTE (30 ml \/ 1 fl. oz.) . Winkel bij Eco Supplements altijd gratis verzending boven 100\u20ac","breadcrumb":{"@id":"https:\/\/ecosupplements.be\/fr\/produit\/aura-herbals-vitamin-d3-2000-iu-forte-30-ml-1-fl-oz\/#breadcrumb"},"inLanguage":"fr-FR","potentialAction":[{"@type":"ReadAction","target":["https:\/\/ecosupplements.be\/fr\/produit\/aura-herbals-vitamin-d3-2000-iu-forte-30-ml-1-fl-oz\/"]}]},{"@type":"ImageObject","inLanguage":"fr-FR","@id":"https:\/\/ecosupplements.be\/fr\/produit\/aura-herbals-vitamin-d3-2000-iu-forte-30-ml-1-fl-oz\/#primaryimage","url":"https:\/\/ecosupplements.be\/wp-content\/uploads\/2025\/08\/AURA-HERBALS-Vitamin-D3-2000-IU-FORTE-30-ml-1-fl.-oz.jpg","contentUrl":"https:\/\/ecosupplements.be\/wp-content\/uploads\/2025\/08\/AURA-HERBALS-Vitamin-D3-2000-IU-FORTE-30-ml-1-fl.-oz.jpg","width":1080,"height":1080},{"@type":"BreadcrumbList","@id":"https:\/\/ecosupplements.be\/fr\/produit\/aura-herbals-vitamin-d3-2000-iu-forte-30-ml-1-fl-oz\/#breadcrumb","itemListElement":[{"@type":"ListItem","position":1,"name":"Home","item":"https:\/\/ecosupplements.be\/fr\/"},{"@type":"ListItem","position":2,"name":"Boutique","item":"https:\/\/ecosupplements.be\/fr\/boutique\/"},{"@type":"ListItem","position":3,"name":"Vitamine D3 AURA HERBALS, 2000 UI FORTE (30 ml \/ 1 fl. oz.)"}]},{"@type":"WebSite","@id":"https:\/\/ecosupplements.be\/fr\/#website","url":"https:\/\/ecosupplements.be\/fr\/","name":"ECO Supplements","description":"Eco Supplements - Gezonde supplementen","publisher":{"@id":"https:\/\/ecosupplements.be\/fr\/#organization"},"potentialAction":[{"@type":"SearchAction","target":{"@type":"EntryPoint","urlTemplate":"https:\/\/ecosupplements.be\/fr\/?s={search_term_string}"},"query-input":{"@type":"PropertyValueSpecification","valueRequired":true,"valueName":"search_term_string"}}],"inLanguage":"fr-FR"},{"@type":"Organization","@id":"https:\/\/ecosupplements.be\/fr\/#organization","name":"Eco Supplements","url":"https:\/\/ecosupplements.be\/fr\/","logo":{"@type":"ImageObject","inLanguage":"fr-FR","@id":"https:\/\/ecosupplements.be\/fr\/#\/schema\/logo\/image\/","url":"https:\/\/ecosupplements.be\/wp-content\/uploads\/2022\/06\/ecosupplement-family.png","contentUrl":"https:\/\/ecosupplements.be\/wp-content\/uploads\/2022\/06\/ecosupplement-family.png","width":593,"height":374,"caption":"Eco Supplements"},"image":{"@id":"https:\/\/ecosupplements.be\/fr\/#\/schema\/logo\/image\/"}}]},"product_brand":"Aura Herbals","product_price_amount":"5.65","product_price_currency":"EUR","og_availability":"instock","product_availability":"instock","product_retailer_item_id":"5902479610337","product_condition":"new"},"_links":{"self":[{"href":"https:\/\/ecosupplements.be\/fr\/wp-json\/wp\/v2\/product\/299700","targetHints":{"allow":["GET"]}}],"collection":[{"href":"https:\/\/ecosupplements.be\/fr\/wp-json\/wp\/v2\/product"}],"about":[{"href":"https:\/\/ecosupplements.be\/fr\/wp-json\/wp\/v2\/types\/product"}],"replies":[{"embeddable":true,"href":"https:\/\/ecosupplements.be\/fr\/wp-json\/wp\/v2\/comments?post=299700"}],"wp:featuredmedia":[{"embeddable":true,"href":"https:\/\/ecosupplements.be\/fr\/wp-json\/wp\/v2\/media\/273843"}],"wp:attachment":[{"href":"https:\/\/ecosupplements.be\/fr\/wp-json\/wp\/v2\/media?parent=299700"}],"wp:term":[{"taxonomy":"product_brand","embeddable":true,"href":"https:\/\/ecosupplements.be\/fr\/wp-json\/wp\/v2\/product_brand?post=299700"},{"taxonomy":"product_cat","embeddable":true,"href":"https:\/\/ecosupplements.be\/fr\/wp-json\/wp\/v2\/product_cat?post=299700"},{"taxonomy":"product_tag","embeddable":true,"href":"https:\/\/ecosupplements.be\/fr\/wp-json\/wp\/v2\/product_tag?post=299700"}],"curies":[{"name":"wp","href":"https:\/\/api.w.org\/{rel}","templated":true}]}}