{"id":299718,"date":"2025-07-25T01:45:12","date_gmt":"2025-07-25T00:45:12","guid":{"rendered":"https:\/\/ecosupplements.be\/product\/aura-herbals-vitamin-k2mk7-100-mcg-vegan-50-ml-169-fl-oz\/"},"modified":"2025-08-28T02:23:33","modified_gmt":"2025-08-28T01:23:33","slug":"aura-herbals-vitamin-k2mk7-100-mcg-vegan-50-ml-169-fl-oz","status":"publish","type":"product","link":"https:\/\/ecosupplements.be\/fr\/produit\/aura-herbals-vitamin-k2mk7-100-mcg-vegan-50-ml-169-fl-oz\/","title":{"rendered":"AURA HERBALS Vitamine K2mk7, 100 mcg V\u00e9gane (50 ml \/ 1,69 fl. oz.)"},"content":{"rendered":"<p><strong>Nom du produit :<\/strong> AURA HERBALS Vitamin K2mk7, 100 mcg Vegan (50 ml \/ 1,69 fl. oz.)<\/p>\n<p><strong>Ingr\u00e9dients principaux :<\/strong> Huile MCT de noix de coco, menaquinone (MenaQ7\u00ae, vitamine K issue de pois chiches), antioxydant : m\u00e9lange de tocoph\u00e9rols.<\/p>\n<p><strong>Contenu et emballage :<\/strong> Flacon de 50 ml.<\/p>\n<p><strong>Utilisation :<\/strong> Bien agiter avant usage. Mesurer la dose recommand\u00e9e et ajouter \u00e0 l&#8217;eau, au jus ou \u00e0 un autre liquide froid.<\/p>\n<p>Ce produit est une option pratique pour ceux qui appr\u00e9cient les ingr\u00e9dients naturels dans leur quotidien.L&#8217;huile MCT issue de la noix de coco est reconnue pour sa puret\u00e9 \u00e9lev\u00e9e et son go\u00fbt neutre,tandis que la vitamine K extraite des pois chiches garantit une origine naturelle et respectueuse des pr\u00e9f\u00e9rences v\u00e9ganes.<\/p>\n<p>L&#8217;emballage pratique permet une utilisation facile au quotidien, id\u00e9al pour int\u00e9grer sans effort dans votre routine. Le flacon assure \u00e9galement une conservation optimale des propri\u00e9t\u00e9s du produit dans un environnement sec et frais.<\/p>\n<p><em>Note : Ce compl\u00e9ment alimentaire ne doit pas \u00eatre utilis\u00e9 comme substitut d&#8217;un r\u00e9gime alimentaire vari\u00e9. Il est important d&#8217;adopter un mode de vie \u00e9quilibr\u00e9 et actif.<\/em><\/p>\n","protected":false},"excerpt":{"rendered":"<p>Nom du produit : AURA HERBALS Vitamin K2mk7, 100 mcg Vegan (50 ml \/ 1,69 fl. oz.) Ingr\u00e9dients principaux : Huile MCT de noix de coco, menaquinone (MenaQ7\u00ae, vitamine K issue de pois chiches), antioxydant : m\u00e9lange de tocoph\u00e9rols. Contenu et emballage : Flacon de 50 ml. Utilisation : Bien agiter avant usage. Mesurer la [&#8230;]\n","protected":false},"featured_media":273861,"comment_status":"closed","ping_status":"open","template":"","meta":[],"product_brand":[5338],"product_cat":[5053,5059],"product_tag":[],"class_list":{"0":"post-299718","1":"product","2":"type-product","3":"status-publish","4":"has-post-thumbnail","6":"product_brand-aura-herbals-2","7":"product_cat-vitamines-et-mineraux","8":"product_cat-vitamines-simples","10":"first","11":"instock","12":"taxable","13":"shipping-taxable","14":"purchasable","15":"product-type-simple"},"yoast_head":"<!-- This site is optimized with the Yoast SEO Premium plugin v27.3 (Yoast SEO v27.3) - https:\/\/yoast.com\/product\/yoast-seo-premium-wordpress\/ -->\n<title>AURA HERBALS Vitamine K2mk7, 100 mcg V\u00e9gane (50 ml \/ 1,69 fl. oz.) - ECO Supplements<\/title>\n<meta name=\"description\" content=\"Wij hebben een ruime keuze aan producten van AURA HERBALS Vitamine K2mk7, 100 mcg V\u00e9gane (50 ml \/ 1,69 fl. oz.) . Winkel bij Eco Supplements altijd gratis verzending boven 100\u20ac\" \/>\n<meta name=\"robots\" content=\"index, follow, max-snippet:-1, max-image-preview:large, max-video-preview:-1\" \/>\n<link rel=\"canonical\" href=\"https:\/\/ecosupplements.be\/fr\/produit\/aura-herbals-vitamin-k2mk7-100-mcg-vegan-50-ml-169-fl-oz\/\" \/>\n<meta property=\"og:locale\" content=\"fr_FR\" \/>\n<meta property=\"og:type\" content=\"article\" \/>\n<meta property=\"og:title\" content=\"AURA HERBALS Vitamine K2mk7, 100 mcg V\u00e9gane (50 ml \/ 1,69 fl. oz.)\" \/>\n<meta property=\"og:description\" content=\"Wij hebben een ruime keuze aan producten van AURA HERBALS Vitamine K2mk7, 100 mcg V\u00e9gane (50 ml \/ 1,69 fl. oz.) . Winkel bij Eco Supplements altijd gratis verzending boven 100\u20ac\" \/>\n<meta property=\"og:url\" content=\"https:\/\/ecosupplements.be\/fr\/produit\/aura-herbals-vitamin-k2mk7-100-mcg-vegan-50-ml-169-fl-oz\/\" \/>\n<meta property=\"og:site_name\" content=\"ECO Supplements\" \/>\n<meta property=\"article:modified_time\" content=\"2025-08-28T01:23:33+00:00\" \/>\n<meta property=\"og:image\" content=\"https:\/\/ecosupplements.be\/wp-content\/uploads\/2025\/08\/Aura-Herbals-AURA-HERBALS-Vitamin-K2mk7-100-mcg-Vegan-50-ml-169-fl.-oz.jpg\" \/>\n\t<meta property=\"og:image:width\" content=\"1024\" \/>\n\t<meta property=\"og:image:height\" content=\"1024\" \/>\n\t<meta property=\"og:image:type\" content=\"image\/jpeg\" \/>\n<meta name=\"twitter:card\" content=\"summary_large_image\" \/>\n<meta name=\"twitter:label1\" content=\"Prix\" \/>\n\t<meta name=\"twitter:data1\" content=\"14.15&nbsp;&euro;\" \/>\n\t<meta name=\"twitter:label2\" content=\"Disponibilit\u00e9\" \/>\n\t<meta name=\"twitter:data2\" content=\"En stock\" \/>\n<script type=\"application\/ld+json\" class=\"yoast-schema-graph\">{\"@context\":\"https:\\\/\\\/schema.org\",\"@graph\":[{\"@type\":[\"WebPage\",\"ItemPage\"],\"@id\":\"https:\\\/\\\/ecosupplements.be\\\/fr\\\/produit\\\/aura-herbals-vitamin-k2mk7-100-mcg-vegan-50-ml-169-fl-oz\\\/\",\"url\":\"https:\\\/\\\/ecosupplements.be\\\/fr\\\/produit\\\/aura-herbals-vitamin-k2mk7-100-mcg-vegan-50-ml-169-fl-oz\\\/\",\"name\":\"AURA HERBALS Vitamine K2mk7, 100 mcg V\u00e9gane (50 ml \\\/ 1,69 fl. oz.) - ECO Supplements\",\"isPartOf\":{\"@id\":\"https:\\\/\\\/ecosupplements.be\\\/fr\\\/#website\"},\"primaryImageOfPage\":{\"@id\":\"https:\\\/\\\/ecosupplements.be\\\/fr\\\/produit\\\/aura-herbals-vitamin-k2mk7-100-mcg-vegan-50-ml-169-fl-oz\\\/#primaryimage\"},\"image\":{\"@id\":\"https:\\\/\\\/ecosupplements.be\\\/fr\\\/produit\\\/aura-herbals-vitamin-k2mk7-100-mcg-vegan-50-ml-169-fl-oz\\\/#primaryimage\"},\"thumbnailUrl\":\"https:\\\/\\\/ecosupplements.be\\\/wp-content\\\/uploads\\\/2025\\\/08\\\/AURA-HERBALS-Vitamin-K2mk7-100-mcg-Vegan-50-ml-169-fl.-oz.jpg\",\"datePublished\":\"2025-07-25T00:45:12+00:00\",\"dateModified\":\"2025-08-28T01:23:33+00:00\",\"description\":\"Wij hebben een ruime keuze aan producten van AURA HERBALS Vitamine K2mk7, 100 mcg V\u00e9gane (50 ml \\\/ 1,69 fl. oz.) . Winkel bij Eco Supplements altijd gratis verzending boven 100\u20ac\",\"breadcrumb\":{\"@id\":\"https:\\\/\\\/ecosupplements.be\\\/fr\\\/produit\\\/aura-herbals-vitamin-k2mk7-100-mcg-vegan-50-ml-169-fl-oz\\\/#breadcrumb\"},\"inLanguage\":\"fr-FR\",\"potentialAction\":[{\"@type\":\"ReadAction\",\"target\":[\"https:\\\/\\\/ecosupplements.be\\\/fr\\\/produit\\\/aura-herbals-vitamin-k2mk7-100-mcg-vegan-50-ml-169-fl-oz\\\/\"]}]},{\"@type\":\"ImageObject\",\"inLanguage\":\"fr-FR\",\"@id\":\"https:\\\/\\\/ecosupplements.be\\\/fr\\\/produit\\\/aura-herbals-vitamin-k2mk7-100-mcg-vegan-50-ml-169-fl-oz\\\/#primaryimage\",\"url\":\"https:\\\/\\\/ecosupplements.be\\\/wp-content\\\/uploads\\\/2025\\\/08\\\/AURA-HERBALS-Vitamin-K2mk7-100-mcg-Vegan-50-ml-169-fl.-oz.jpg\",\"contentUrl\":\"https:\\\/\\\/ecosupplements.be\\\/wp-content\\\/uploads\\\/2025\\\/08\\\/AURA-HERBALS-Vitamin-K2mk7-100-mcg-Vegan-50-ml-169-fl.-oz.jpg\",\"width\":1024,\"height\":1024},{\"@type\":\"BreadcrumbList\",\"@id\":\"https:\\\/\\\/ecosupplements.be\\\/fr\\\/produit\\\/aura-herbals-vitamin-k2mk7-100-mcg-vegan-50-ml-169-fl-oz\\\/#breadcrumb\",\"itemListElement\":[{\"@type\":\"ListItem\",\"position\":1,\"name\":\"Home\",\"item\":\"https:\\\/\\\/ecosupplements.be\\\/fr\\\/\"},{\"@type\":\"ListItem\",\"position\":2,\"name\":\"Boutique\",\"item\":\"https:\\\/\\\/ecosupplements.be\\\/fr\\\/boutique\\\/\"},{\"@type\":\"ListItem\",\"position\":3,\"name\":\"AURA HERBALS Vitamine K2mk7, 100 mcg V\u00e9gane (50 ml \\\/ 1,69 fl. oz.)\"}]},{\"@type\":\"WebSite\",\"@id\":\"https:\\\/\\\/ecosupplements.be\\\/fr\\\/#website\",\"url\":\"https:\\\/\\\/ecosupplements.be\\\/fr\\\/\",\"name\":\"ECO Supplements\",\"description\":\"Eco Supplements - Gezonde supplementen\",\"publisher\":{\"@id\":\"https:\\\/\\\/ecosupplements.be\\\/fr\\\/#organization\"},\"potentialAction\":[{\"@type\":\"SearchAction\",\"target\":{\"@type\":\"EntryPoint\",\"urlTemplate\":\"https:\\\/\\\/ecosupplements.be\\\/fr\\\/?s={search_term_string}\"},\"query-input\":{\"@type\":\"PropertyValueSpecification\",\"valueRequired\":true,\"valueName\":\"search_term_string\"}}],\"inLanguage\":\"fr-FR\"},{\"@type\":\"Organization\",\"@id\":\"https:\\\/\\\/ecosupplements.be\\\/fr\\\/#organization\",\"name\":\"Eco Supplements\",\"url\":\"https:\\\/\\\/ecosupplements.be\\\/fr\\\/\",\"logo\":{\"@type\":\"ImageObject\",\"inLanguage\":\"fr-FR\",\"@id\":\"https:\\\/\\\/ecosupplements.be\\\/fr\\\/#\\\/schema\\\/logo\\\/image\\\/\",\"url\":\"https:\\\/\\\/ecosupplements.be\\\/wp-content\\\/uploads\\\/2022\\\/06\\\/ecosupplement-family.png\",\"contentUrl\":\"https:\\\/\\\/ecosupplements.be\\\/wp-content\\\/uploads\\\/2022\\\/06\\\/ecosupplement-family.png\",\"width\":593,\"height\":374,\"caption\":\"Eco Supplements\"},\"image\":{\"@id\":\"https:\\\/\\\/ecosupplements.be\\\/fr\\\/#\\\/schema\\\/logo\\\/image\\\/\"}}]}<\/script>\n<meta property=\"product:brand\" content=\"Aura Herbals\" \/>\n<meta property=\"product:price:amount\" content=\"14.15\" \/>\n<meta property=\"product:price:currency\" content=\"EUR\" \/>\n<meta property=\"og:availability\" content=\"instock\" \/>\n<meta property=\"product:availability\" content=\"instock\" \/>\n<meta property=\"product:retailer_item_id\" content=\"5902479613420\" \/>\n<meta property=\"product:condition\" content=\"new\" \/>\n<!-- \/ Yoast SEO Premium plugin. -->","yoast_head_json":{"title":"AURA HERBALS Vitamine K2mk7, 100 mcg V\u00e9gane (50 ml \/ 1,69 fl. oz.) - ECO Supplements","description":"Wij hebben een ruime keuze aan producten van AURA HERBALS Vitamine K2mk7, 100 mcg V\u00e9gane (50 ml \/ 1,69 fl. oz.) . Winkel bij Eco Supplements altijd gratis verzending boven 100\u20ac","robots":{"index":"index","follow":"follow","max-snippet":"max-snippet:-1","max-image-preview":"max-image-preview:large","max-video-preview":"max-video-preview:-1"},"canonical":"https:\/\/ecosupplements.be\/fr\/produit\/aura-herbals-vitamin-k2mk7-100-mcg-vegan-50-ml-169-fl-oz\/","og_locale":"fr_FR","og_type":"article","og_title":"AURA HERBALS Vitamine K2mk7, 100 mcg V\u00e9gane (50 ml \/ 1,69 fl. oz.)","og_description":"Wij hebben een ruime keuze aan producten van AURA HERBALS Vitamine K2mk7, 100 mcg V\u00e9gane (50 ml \/ 1,69 fl. oz.) . Winkel bij Eco Supplements altijd gratis verzending boven 100\u20ac","og_url":"https:\/\/ecosupplements.be\/fr\/produit\/aura-herbals-vitamin-k2mk7-100-mcg-vegan-50-ml-169-fl-oz\/","og_site_name":"ECO Supplements","article_modified_time":"2025-08-28T01:23:33+00:00","og_image":[{"width":1024,"height":1024,"url":"https:\/\/ecosupplements.be\/wp-content\/uploads\/2025\/08\/Aura-Herbals-AURA-HERBALS-Vitamin-K2mk7-100-mcg-Vegan-50-ml-169-fl.-oz.jpg","type":"image\/jpeg"}],"twitter_card":"summary_large_image","twitter_misc":{"Prix":"14.15&nbsp;&euro;","Disponibilit\u00e9":"En stock"},"schema":{"@context":"https:\/\/schema.org","@graph":[{"@type":["WebPage","ItemPage"],"@id":"https:\/\/ecosupplements.be\/fr\/produit\/aura-herbals-vitamin-k2mk7-100-mcg-vegan-50-ml-169-fl-oz\/","url":"https:\/\/ecosupplements.be\/fr\/produit\/aura-herbals-vitamin-k2mk7-100-mcg-vegan-50-ml-169-fl-oz\/","name":"AURA HERBALS Vitamine K2mk7, 100 mcg V\u00e9gane (50 ml \/ 1,69 fl. oz.) - ECO Supplements","isPartOf":{"@id":"https:\/\/ecosupplements.be\/fr\/#website"},"primaryImageOfPage":{"@id":"https:\/\/ecosupplements.be\/fr\/produit\/aura-herbals-vitamin-k2mk7-100-mcg-vegan-50-ml-169-fl-oz\/#primaryimage"},"image":{"@id":"https:\/\/ecosupplements.be\/fr\/produit\/aura-herbals-vitamin-k2mk7-100-mcg-vegan-50-ml-169-fl-oz\/#primaryimage"},"thumbnailUrl":"https:\/\/ecosupplements.be\/wp-content\/uploads\/2025\/08\/AURA-HERBALS-Vitamin-K2mk7-100-mcg-Vegan-50-ml-169-fl.-oz.jpg","datePublished":"2025-07-25T00:45:12+00:00","dateModified":"2025-08-28T01:23:33+00:00","description":"Wij hebben een ruime keuze aan producten van AURA HERBALS Vitamine K2mk7, 100 mcg V\u00e9gane (50 ml \/ 1,69 fl. oz.) . Winkel bij Eco Supplements altijd gratis verzending boven 100\u20ac","breadcrumb":{"@id":"https:\/\/ecosupplements.be\/fr\/produit\/aura-herbals-vitamin-k2mk7-100-mcg-vegan-50-ml-169-fl-oz\/#breadcrumb"},"inLanguage":"fr-FR","potentialAction":[{"@type":"ReadAction","target":["https:\/\/ecosupplements.be\/fr\/produit\/aura-herbals-vitamin-k2mk7-100-mcg-vegan-50-ml-169-fl-oz\/"]}]},{"@type":"ImageObject","inLanguage":"fr-FR","@id":"https:\/\/ecosupplements.be\/fr\/produit\/aura-herbals-vitamin-k2mk7-100-mcg-vegan-50-ml-169-fl-oz\/#primaryimage","url":"https:\/\/ecosupplements.be\/wp-content\/uploads\/2025\/08\/AURA-HERBALS-Vitamin-K2mk7-100-mcg-Vegan-50-ml-169-fl.-oz.jpg","contentUrl":"https:\/\/ecosupplements.be\/wp-content\/uploads\/2025\/08\/AURA-HERBALS-Vitamin-K2mk7-100-mcg-Vegan-50-ml-169-fl.-oz.jpg","width":1024,"height":1024},{"@type":"BreadcrumbList","@id":"https:\/\/ecosupplements.be\/fr\/produit\/aura-herbals-vitamin-k2mk7-100-mcg-vegan-50-ml-169-fl-oz\/#breadcrumb","itemListElement":[{"@type":"ListItem","position":1,"name":"Home","item":"https:\/\/ecosupplements.be\/fr\/"},{"@type":"ListItem","position":2,"name":"Boutique","item":"https:\/\/ecosupplements.be\/fr\/boutique\/"},{"@type":"ListItem","position":3,"name":"AURA HERBALS Vitamine K2mk7, 100 mcg V\u00e9gane (50 ml \/ 1,69 fl. oz.)"}]},{"@type":"WebSite","@id":"https:\/\/ecosupplements.be\/fr\/#website","url":"https:\/\/ecosupplements.be\/fr\/","name":"ECO Supplements","description":"Eco Supplements - Gezonde supplementen","publisher":{"@id":"https:\/\/ecosupplements.be\/fr\/#organization"},"potentialAction":[{"@type":"SearchAction","target":{"@type":"EntryPoint","urlTemplate":"https:\/\/ecosupplements.be\/fr\/?s={search_term_string}"},"query-input":{"@type":"PropertyValueSpecification","valueRequired":true,"valueName":"search_term_string"}}],"inLanguage":"fr-FR"},{"@type":"Organization","@id":"https:\/\/ecosupplements.be\/fr\/#organization","name":"Eco Supplements","url":"https:\/\/ecosupplements.be\/fr\/","logo":{"@type":"ImageObject","inLanguage":"fr-FR","@id":"https:\/\/ecosupplements.be\/fr\/#\/schema\/logo\/image\/","url":"https:\/\/ecosupplements.be\/wp-content\/uploads\/2022\/06\/ecosupplement-family.png","contentUrl":"https:\/\/ecosupplements.be\/wp-content\/uploads\/2022\/06\/ecosupplement-family.png","width":593,"height":374,"caption":"Eco Supplements"},"image":{"@id":"https:\/\/ecosupplements.be\/fr\/#\/schema\/logo\/image\/"}}]},"product_brand":"Aura Herbals","product_price_amount":"14.15","product_price_currency":"EUR","og_availability":"instock","product_availability":"instock","product_retailer_item_id":"5902479613420","product_condition":"new"},"_links":{"self":[{"href":"https:\/\/ecosupplements.be\/fr\/wp-json\/wp\/v2\/product\/299718","targetHints":{"allow":["GET"]}}],"collection":[{"href":"https:\/\/ecosupplements.be\/fr\/wp-json\/wp\/v2\/product"}],"about":[{"href":"https:\/\/ecosupplements.be\/fr\/wp-json\/wp\/v2\/types\/product"}],"replies":[{"embeddable":true,"href":"https:\/\/ecosupplements.be\/fr\/wp-json\/wp\/v2\/comments?post=299718"}],"wp:featuredmedia":[{"embeddable":true,"href":"https:\/\/ecosupplements.be\/fr\/wp-json\/wp\/v2\/media\/273861"}],"wp:attachment":[{"href":"https:\/\/ecosupplements.be\/fr\/wp-json\/wp\/v2\/media?parent=299718"}],"wp:term":[{"taxonomy":"product_brand","embeddable":true,"href":"https:\/\/ecosupplements.be\/fr\/wp-json\/wp\/v2\/product_brand?post=299718"},{"taxonomy":"product_cat","embeddable":true,"href":"https:\/\/ecosupplements.be\/fr\/wp-json\/wp\/v2\/product_cat?post=299718"},{"taxonomy":"product_tag","embeddable":true,"href":"https:\/\/ecosupplements.be\/fr\/wp-json\/wp\/v2\/product_tag?post=299718"}],"curies":[{"name":"wp","href":"https:\/\/api.w.org\/{rel}","templated":true}]}}