{"id":299784,"date":"2025-07-25T02:01:20","date_gmt":"2025-07-25T01:01:20","guid":{"rendered":"https:\/\/ecosupplements.be\/product\/aurospirul-haritaki-powder-100-g-3527-oz\/"},"modified":"2025-08-28T02:24:53","modified_gmt":"2025-08-28T01:24:53","slug":"aurospirul-haritaki-powder-100-g-3527-oz","status":"publish","type":"product","link":"https:\/\/ecosupplements.be\/fr\/produit\/aurospirul-haritaki-powder-100-g-3527-oz\/","title":{"rendered":"Poudre d&#8217;Haritaki AUROSPIRUL (100 g \/ 3,527 oz.)"},"content":{"rendered":"<p><strong>Nom du produit :<\/strong> AUROSPIRUL Haritaki Powder (100 g \/ 3,527 oz.)<\/p>\n<p><strong>Ingr\u00e9dients principaux :<\/strong> Poudre de Haritaki (Terminalia chebula) 100g. un ingr\u00e9dient reconnu pour sa puret\u00e9 et son origine naturelle.<\/p>\n<p><strong>Contenu et emballage :<\/strong> le produit est conditionn\u00e9 dans un emballage pratique qui pr\u00e9serve la fra\u00eecheur et la qualit\u00e9 de la poudre.Chaque paquet contient 100 grammes de poudre.<\/p>\n<p><strong>utilisation :<\/strong> Il est recommand\u00e9 d&#8217;utiliser jusqu&#8217;\u00e0 3g de poudre par jour, \u00e0 consommer pendant ou apr\u00e8s les repas selon votre convenance.<\/p>\n<p>Ce produit se distingue par sa simplicit\u00e9 d&#8217;utilisation quotidienne et s&#8217;int\u00e8gre facilement \u00e0 votre routine alimentaire. Sa texture fine assure une incorporation ais\u00e9e dans diverses pr\u00e9parations culinaires ou boissons.<\/p>\n<p>AUROSPIRUL Haritaki Powder est un choix parfait pour ceux qui appr\u00e9cient les ingr\u00e9dients naturels dans un mode de vie actif. Ce produit compl\u00e8te harmonieusement une alimentation \u00e9quilibr\u00e9e sans pr\u00e9tendre substituer \u00e0 celle-ci.<\/p>\n<p><strong>Caract\u00e9ristiques pratiques :<\/strong> Facile \u00e0 doser gr\u00e2ce \u00e0 sa texture fine, ce produit peut \u00eatre int\u00e9gr\u00e9 discr\u00e8tement dans vos repas ou boissons pr\u00e9f\u00e9r\u00e9s, ajoutant ainsi une touche naturelle sans alt\u00e9rer le go\u00fbt original de vos plats.<\/p>\n","protected":false},"excerpt":{"rendered":"<p>Nom du produit : AUROSPIRUL Haritaki Powder (100 g \/ 3,527 oz.) Ingr\u00e9dients principaux : Poudre de Haritaki (Terminalia chebula) 100g. un ingr\u00e9dient reconnu pour sa puret\u00e9 et son origine naturelle. Contenu et emballage : le produit est conditionn\u00e9 dans un emballage pratique qui pr\u00e9serve la fra\u00eecheur et la qualit\u00e9 de la poudre.Chaque paquet contient [&#8230;]\n","protected":false},"featured_media":273927,"comment_status":"closed","ping_status":"open","template":"","meta":[],"product_brand":[5339],"product_cat":[5053],"product_tag":[],"class_list":{"0":"post-299784","1":"product","2":"type-product","3":"status-publish","4":"has-post-thumbnail","6":"product_brand-aurospirul-2","7":"product_cat-vitamines-et-mineraux","9":"first","10":"instock","11":"taxable","12":"shipping-taxable","13":"purchasable","14":"product-type-simple"},"yoast_head":"<!-- This site is optimized with the Yoast SEO Premium plugin v27.3 (Yoast SEO v27.3) - https:\/\/yoast.com\/product\/yoast-seo-premium-wordpress\/ -->\n<title>Poudre d&#039;Haritaki AUROSPIRUL (100 g \/ 3,527 oz.) - ECO Supplements<\/title>\n<meta name=\"description\" content=\"Wij hebben een ruime keuze aan producten van Poudre d&#039;Haritaki AUROSPIRUL (100 g \/ 3,527 oz.) . Winkel bij Eco Supplements altijd gratis verzending boven 100\u20ac\" \/>\n<meta name=\"robots\" content=\"index, follow, max-snippet:-1, max-image-preview:large, max-video-preview:-1\" \/>\n<link rel=\"canonical\" href=\"https:\/\/ecosupplements.be\/fr\/produit\/aurospirul-haritaki-powder-100-g-3527-oz\/\" \/>\n<meta property=\"og:locale\" content=\"fr_FR\" \/>\n<meta property=\"og:type\" content=\"article\" \/>\n<meta property=\"og:title\" content=\"Poudre d&#039;Haritaki AUROSPIRUL (100 g \/ 3,527 oz.)\" \/>\n<meta property=\"og:description\" content=\"Wij hebben een ruime keuze aan producten van Poudre d&#039;Haritaki AUROSPIRUL (100 g \/ 3,527 oz.) . Winkel bij Eco Supplements altijd gratis verzending boven 100\u20ac\" \/>\n<meta property=\"og:url\" content=\"https:\/\/ecosupplements.be\/fr\/produit\/aurospirul-haritaki-powder-100-g-3527-oz\/\" \/>\n<meta property=\"og:site_name\" content=\"ECO Supplements\" \/>\n<meta property=\"article:modified_time\" content=\"2025-08-28T01:24:53+00:00\" \/>\n<meta property=\"og:image\" content=\"https:\/\/ecosupplements.be\/wp-content\/uploads\/2025\/08\/Aurospirul-AUROSPIRUL-Haritaki-Powder-100-g-3527-oz.jpg\" \/>\n\t<meta property=\"og:image:width\" content=\"1080\" \/>\n\t<meta property=\"og:image:height\" content=\"1080\" \/>\n\t<meta property=\"og:image:type\" content=\"image\/jpeg\" \/>\n<meta name=\"twitter:card\" content=\"summary_large_image\" \/>\n<meta name=\"twitter:label1\" content=\"Prix\" \/>\n\t<meta name=\"twitter:data1\" content=\"17.71&nbsp;&euro;\" \/>\n\t<meta name=\"twitter:label2\" content=\"Disponibilit\u00e9\" \/>\n\t<meta name=\"twitter:data2\" content=\"En stock\" \/>\n<script type=\"application\/ld+json\" class=\"yoast-schema-graph\">{\"@context\":\"https:\\\/\\\/schema.org\",\"@graph\":[{\"@type\":[\"WebPage\",\"ItemPage\"],\"@id\":\"https:\\\/\\\/ecosupplements.be\\\/fr\\\/produit\\\/aurospirul-haritaki-powder-100-g-3527-oz\\\/\",\"url\":\"https:\\\/\\\/ecosupplements.be\\\/fr\\\/produit\\\/aurospirul-haritaki-powder-100-g-3527-oz\\\/\",\"name\":\"Poudre d'Haritaki AUROSPIRUL (100 g \\\/ 3,527 oz.) - ECO Supplements\",\"isPartOf\":{\"@id\":\"https:\\\/\\\/ecosupplements.be\\\/fr\\\/#website\"},\"primaryImageOfPage\":{\"@id\":\"https:\\\/\\\/ecosupplements.be\\\/fr\\\/produit\\\/aurospirul-haritaki-powder-100-g-3527-oz\\\/#primaryimage\"},\"image\":{\"@id\":\"https:\\\/\\\/ecosupplements.be\\\/fr\\\/produit\\\/aurospirul-haritaki-powder-100-g-3527-oz\\\/#primaryimage\"},\"thumbnailUrl\":\"https:\\\/\\\/ecosupplements.be\\\/wp-content\\\/uploads\\\/2025\\\/08\\\/AUROSPIRUL-Haritaki-Powder-100-g-3527-oz.jpg\",\"datePublished\":\"2025-07-25T01:01:20+00:00\",\"dateModified\":\"2025-08-28T01:24:53+00:00\",\"description\":\"Wij hebben een ruime keuze aan producten van Poudre d'Haritaki AUROSPIRUL (100 g \\\/ 3,527 oz.) . Winkel bij Eco Supplements altijd gratis verzending boven 100\u20ac\",\"breadcrumb\":{\"@id\":\"https:\\\/\\\/ecosupplements.be\\\/fr\\\/produit\\\/aurospirul-haritaki-powder-100-g-3527-oz\\\/#breadcrumb\"},\"inLanguage\":\"fr-FR\",\"potentialAction\":[{\"@type\":\"ReadAction\",\"target\":[\"https:\\\/\\\/ecosupplements.be\\\/fr\\\/produit\\\/aurospirul-haritaki-powder-100-g-3527-oz\\\/\"]}]},{\"@type\":\"ImageObject\",\"inLanguage\":\"fr-FR\",\"@id\":\"https:\\\/\\\/ecosupplements.be\\\/fr\\\/produit\\\/aurospirul-haritaki-powder-100-g-3527-oz\\\/#primaryimage\",\"url\":\"https:\\\/\\\/ecosupplements.be\\\/wp-content\\\/uploads\\\/2025\\\/08\\\/AUROSPIRUL-Haritaki-Powder-100-g-3527-oz.jpg\",\"contentUrl\":\"https:\\\/\\\/ecosupplements.be\\\/wp-content\\\/uploads\\\/2025\\\/08\\\/AUROSPIRUL-Haritaki-Powder-100-g-3527-oz.jpg\",\"width\":1080,\"height\":1080},{\"@type\":\"BreadcrumbList\",\"@id\":\"https:\\\/\\\/ecosupplements.be\\\/fr\\\/produit\\\/aurospirul-haritaki-powder-100-g-3527-oz\\\/#breadcrumb\",\"itemListElement\":[{\"@type\":\"ListItem\",\"position\":1,\"name\":\"Home\",\"item\":\"https:\\\/\\\/ecosupplements.be\\\/fr\\\/\"},{\"@type\":\"ListItem\",\"position\":2,\"name\":\"Boutique\",\"item\":\"https:\\\/\\\/ecosupplements.be\\\/fr\\\/boutique\\\/\"},{\"@type\":\"ListItem\",\"position\":3,\"name\":\"Poudre d&#8217;Haritaki AUROSPIRUL (100 g \\\/ 3,527 oz.)\"}]},{\"@type\":\"WebSite\",\"@id\":\"https:\\\/\\\/ecosupplements.be\\\/fr\\\/#website\",\"url\":\"https:\\\/\\\/ecosupplements.be\\\/fr\\\/\",\"name\":\"ECO Supplements\",\"description\":\"Eco Supplements - Gezonde supplementen\",\"publisher\":{\"@id\":\"https:\\\/\\\/ecosupplements.be\\\/fr\\\/#organization\"},\"potentialAction\":[{\"@type\":\"SearchAction\",\"target\":{\"@type\":\"EntryPoint\",\"urlTemplate\":\"https:\\\/\\\/ecosupplements.be\\\/fr\\\/?s={search_term_string}\"},\"query-input\":{\"@type\":\"PropertyValueSpecification\",\"valueRequired\":true,\"valueName\":\"search_term_string\"}}],\"inLanguage\":\"fr-FR\"},{\"@type\":\"Organization\",\"@id\":\"https:\\\/\\\/ecosupplements.be\\\/fr\\\/#organization\",\"name\":\"Eco Supplements\",\"url\":\"https:\\\/\\\/ecosupplements.be\\\/fr\\\/\",\"logo\":{\"@type\":\"ImageObject\",\"inLanguage\":\"fr-FR\",\"@id\":\"https:\\\/\\\/ecosupplements.be\\\/fr\\\/#\\\/schema\\\/logo\\\/image\\\/\",\"url\":\"https:\\\/\\\/ecosupplements.be\\\/wp-content\\\/uploads\\\/2022\\\/06\\\/ecosupplement-family.png\",\"contentUrl\":\"https:\\\/\\\/ecosupplements.be\\\/wp-content\\\/uploads\\\/2022\\\/06\\\/ecosupplement-family.png\",\"width\":593,\"height\":374,\"caption\":\"Eco Supplements\"},\"image\":{\"@id\":\"https:\\\/\\\/ecosupplements.be\\\/fr\\\/#\\\/schema\\\/logo\\\/image\\\/\"}}]}<\/script>\n<meta property=\"product:brand\" content=\"Aurospirul\" \/>\n<meta property=\"product:price:amount\" content=\"17.71\" \/>\n<meta property=\"product:price:currency\" content=\"EUR\" \/>\n<meta property=\"og:availability\" content=\"instock\" \/>\n<meta property=\"product:availability\" content=\"instock\" \/>\n<meta property=\"product:retailer_item_id\" content=\"0730490942886\" \/>\n<meta property=\"product:condition\" content=\"new\" \/>\n<!-- \/ Yoast SEO Premium plugin. -->","yoast_head_json":{"title":"Poudre d'Haritaki AUROSPIRUL (100 g \/ 3,527 oz.) - ECO Supplements","description":"Wij hebben een ruime keuze aan producten van Poudre d'Haritaki AUROSPIRUL (100 g \/ 3,527 oz.) . Winkel bij Eco Supplements altijd gratis verzending boven 100\u20ac","robots":{"index":"index","follow":"follow","max-snippet":"max-snippet:-1","max-image-preview":"max-image-preview:large","max-video-preview":"max-video-preview:-1"},"canonical":"https:\/\/ecosupplements.be\/fr\/produit\/aurospirul-haritaki-powder-100-g-3527-oz\/","og_locale":"fr_FR","og_type":"article","og_title":"Poudre d'Haritaki AUROSPIRUL (100 g \/ 3,527 oz.)","og_description":"Wij hebben een ruime keuze aan producten van Poudre d'Haritaki AUROSPIRUL (100 g \/ 3,527 oz.) . Winkel bij Eco Supplements altijd gratis verzending boven 100\u20ac","og_url":"https:\/\/ecosupplements.be\/fr\/produit\/aurospirul-haritaki-powder-100-g-3527-oz\/","og_site_name":"ECO Supplements","article_modified_time":"2025-08-28T01:24:53+00:00","og_image":[{"width":1080,"height":1080,"url":"https:\/\/ecosupplements.be\/wp-content\/uploads\/2025\/08\/Aurospirul-AUROSPIRUL-Haritaki-Powder-100-g-3527-oz.jpg","type":"image\/jpeg"}],"twitter_card":"summary_large_image","twitter_misc":{"Prix":"17.71&nbsp;&euro;","Disponibilit\u00e9":"En stock"},"schema":{"@context":"https:\/\/schema.org","@graph":[{"@type":["WebPage","ItemPage"],"@id":"https:\/\/ecosupplements.be\/fr\/produit\/aurospirul-haritaki-powder-100-g-3527-oz\/","url":"https:\/\/ecosupplements.be\/fr\/produit\/aurospirul-haritaki-powder-100-g-3527-oz\/","name":"Poudre d'Haritaki AUROSPIRUL (100 g \/ 3,527 oz.) - ECO Supplements","isPartOf":{"@id":"https:\/\/ecosupplements.be\/fr\/#website"},"primaryImageOfPage":{"@id":"https:\/\/ecosupplements.be\/fr\/produit\/aurospirul-haritaki-powder-100-g-3527-oz\/#primaryimage"},"image":{"@id":"https:\/\/ecosupplements.be\/fr\/produit\/aurospirul-haritaki-powder-100-g-3527-oz\/#primaryimage"},"thumbnailUrl":"https:\/\/ecosupplements.be\/wp-content\/uploads\/2025\/08\/AUROSPIRUL-Haritaki-Powder-100-g-3527-oz.jpg","datePublished":"2025-07-25T01:01:20+00:00","dateModified":"2025-08-28T01:24:53+00:00","description":"Wij hebben een ruime keuze aan producten van Poudre d'Haritaki AUROSPIRUL (100 g \/ 3,527 oz.) . Winkel bij Eco Supplements altijd gratis verzending boven 100\u20ac","breadcrumb":{"@id":"https:\/\/ecosupplements.be\/fr\/produit\/aurospirul-haritaki-powder-100-g-3527-oz\/#breadcrumb"},"inLanguage":"fr-FR","potentialAction":[{"@type":"ReadAction","target":["https:\/\/ecosupplements.be\/fr\/produit\/aurospirul-haritaki-powder-100-g-3527-oz\/"]}]},{"@type":"ImageObject","inLanguage":"fr-FR","@id":"https:\/\/ecosupplements.be\/fr\/produit\/aurospirul-haritaki-powder-100-g-3527-oz\/#primaryimage","url":"https:\/\/ecosupplements.be\/wp-content\/uploads\/2025\/08\/AUROSPIRUL-Haritaki-Powder-100-g-3527-oz.jpg","contentUrl":"https:\/\/ecosupplements.be\/wp-content\/uploads\/2025\/08\/AUROSPIRUL-Haritaki-Powder-100-g-3527-oz.jpg","width":1080,"height":1080},{"@type":"BreadcrumbList","@id":"https:\/\/ecosupplements.be\/fr\/produit\/aurospirul-haritaki-powder-100-g-3527-oz\/#breadcrumb","itemListElement":[{"@type":"ListItem","position":1,"name":"Home","item":"https:\/\/ecosupplements.be\/fr\/"},{"@type":"ListItem","position":2,"name":"Boutique","item":"https:\/\/ecosupplements.be\/fr\/boutique\/"},{"@type":"ListItem","position":3,"name":"Poudre d&#8217;Haritaki AUROSPIRUL (100 g \/ 3,527 oz.)"}]},{"@type":"WebSite","@id":"https:\/\/ecosupplements.be\/fr\/#website","url":"https:\/\/ecosupplements.be\/fr\/","name":"ECO Supplements","description":"Eco Supplements - Gezonde supplementen","publisher":{"@id":"https:\/\/ecosupplements.be\/fr\/#organization"},"potentialAction":[{"@type":"SearchAction","target":{"@type":"EntryPoint","urlTemplate":"https:\/\/ecosupplements.be\/fr\/?s={search_term_string}"},"query-input":{"@type":"PropertyValueSpecification","valueRequired":true,"valueName":"search_term_string"}}],"inLanguage":"fr-FR"},{"@type":"Organization","@id":"https:\/\/ecosupplements.be\/fr\/#organization","name":"Eco Supplements","url":"https:\/\/ecosupplements.be\/fr\/","logo":{"@type":"ImageObject","inLanguage":"fr-FR","@id":"https:\/\/ecosupplements.be\/fr\/#\/schema\/logo\/image\/","url":"https:\/\/ecosupplements.be\/wp-content\/uploads\/2022\/06\/ecosupplement-family.png","contentUrl":"https:\/\/ecosupplements.be\/wp-content\/uploads\/2022\/06\/ecosupplement-family.png","width":593,"height":374,"caption":"Eco Supplements"},"image":{"@id":"https:\/\/ecosupplements.be\/fr\/#\/schema\/logo\/image\/"}}]},"product_brand":"Aurospirul","product_price_amount":"17.71","product_price_currency":"EUR","og_availability":"instock","product_availability":"instock","product_retailer_item_id":"0730490942886","product_condition":"new"},"_links":{"self":[{"href":"https:\/\/ecosupplements.be\/fr\/wp-json\/wp\/v2\/product\/299784","targetHints":{"allow":["GET"]}}],"collection":[{"href":"https:\/\/ecosupplements.be\/fr\/wp-json\/wp\/v2\/product"}],"about":[{"href":"https:\/\/ecosupplements.be\/fr\/wp-json\/wp\/v2\/types\/product"}],"replies":[{"embeddable":true,"href":"https:\/\/ecosupplements.be\/fr\/wp-json\/wp\/v2\/comments?post=299784"}],"wp:featuredmedia":[{"embeddable":true,"href":"https:\/\/ecosupplements.be\/fr\/wp-json\/wp\/v2\/media\/273927"}],"wp:attachment":[{"href":"https:\/\/ecosupplements.be\/fr\/wp-json\/wp\/v2\/media?parent=299784"}],"wp:term":[{"taxonomy":"product_brand","embeddable":true,"href":"https:\/\/ecosupplements.be\/fr\/wp-json\/wp\/v2\/product_brand?post=299784"},{"taxonomy":"product_cat","embeddable":true,"href":"https:\/\/ecosupplements.be\/fr\/wp-json\/wp\/v2\/product_cat?post=299784"},{"taxonomy":"product_tag","embeddable":true,"href":"https:\/\/ecosupplements.be\/fr\/wp-json\/wp\/v2\/product_tag?post=299784"}],"curies":[{"name":"wp","href":"https:\/\/api.w.org\/{rel}","templated":true}]}}