{"id":299823,"date":"2025-07-25T02:15:46","date_gmt":"2025-07-25T01:15:46","guid":{"rendered":"https:\/\/ecosupplements.be\/product\/aurospirul-shankapushpi-100-caps\/"},"modified":"2025-08-28T02:25:42","modified_gmt":"2025-08-28T01:25:42","slug":"aurospirul-shankapushpi-100-caps","status":"publish","type":"product","link":"https:\/\/ecosupplements.be\/fr\/produit\/aurospirul-shankapushpi-100-caps\/","title":{"rendered":"AUROSPIRUL Shankapushpi (100 g\u00e9lules)"},"content":{"rendered":"<p><strong>Nom du produit :<\/strong> AUROSPIRUL Shankapushpi (100 caps)<\/p>\n<p><strong>Ingr\u00e9dients principaux :<\/strong> Extrait de Shankapushpi (Convolvulus pluricaulis), cellulose v\u00e9g\u00e9tale (capsule).<\/p>\n<p><strong>Contenu et emballage :<\/strong> Bo\u00eete contenant 100 capsules.<\/p>\n<p><strong>Utilisation :<\/strong> Consommer 2 \u00e0 6 capsules par jour, pendant ou apr\u00e8s les repas. Ne pas d\u00e9passer la dose journali\u00e8re recommand\u00e9e.<\/p>\n<p>Ce produit est un choix parfait pour ceux qui appr\u00e9cient les ingr\u00e9dients naturels dans un mode de vie sain. Les capsules sont fabriqu\u00e9es \u00e0 partir de cellulose v\u00e9g\u00e9tale, offrant une option pratique pour le quotidien. Le format en capsule facilite l&#8217;int\u00e9gration de ce produit dans votre routine quotidienne sans complication.<\/p>\n<p>AUROSPIRUL Shankapushpi est \u00e9labor\u00e9 avec des ingr\u00e9dients d&#8217;origine naturelle et de grande puret\u00e9, assurant une qualit\u00e9 sup\u00e9rieure sans compromis sur le go\u00fbt ou la texture.<\/p>\n<p>Ce compl\u00e9ment simple peut \u00eatre int\u00e9gr\u00e9 facilement dans un r\u00e9gime alimentaire \u00e9quilibr\u00e9, contribuant ainsi \u00e0 maintenir un style de vie actif et dynamique.<\/p>\n","protected":false},"excerpt":{"rendered":"<p>Nom du produit : AUROSPIRUL Shankapushpi (100 caps) Ingr\u00e9dients principaux : Extrait de Shankapushpi (Convolvulus pluricaulis), cellulose v\u00e9g\u00e9tale (capsule). Contenu et emballage : Bo\u00eete contenant 100 capsules. Utilisation : Consommer 2 \u00e0 6 capsules par jour, pendant ou apr\u00e8s les repas. Ne pas d\u00e9passer la dose journali\u00e8re recommand\u00e9e. Ce produit est un choix parfait pour [&#8230;]\n","protected":false},"featured_media":273966,"comment_status":"closed","ping_status":"open","template":"","meta":[],"product_brand":[5339],"product_cat":[5053],"product_tag":[],"class_list":{"0":"post-299823","1":"product","2":"type-product","3":"status-publish","4":"has-post-thumbnail","6":"product_brand-aurospirul-2","7":"product_cat-vitamines-et-mineraux","9":"first","10":"instock","11":"taxable","12":"shipping-taxable","13":"purchasable","14":"product-type-simple"},"yoast_head":"<!-- This site is optimized with the Yoast SEO Premium plugin v27.3 (Yoast SEO v27.3) - https:\/\/yoast.com\/product\/yoast-seo-premium-wordpress\/ -->\n<title>AUROSPIRUL Shankapushpi (100 g\u00e9lules) - ECO Supplements<\/title>\n<meta name=\"description\" content=\"Wij hebben een ruime keuze aan producten van AUROSPIRUL Shankapushpi (100 g\u00e9lules) . Winkel bij Eco Supplements altijd gratis verzending boven 100\u20ac\" \/>\n<meta name=\"robots\" content=\"index, follow, max-snippet:-1, max-image-preview:large, max-video-preview:-1\" \/>\n<link rel=\"canonical\" href=\"https:\/\/ecosupplements.be\/fr\/produit\/aurospirul-shankapushpi-100-caps\/\" \/>\n<meta property=\"og:locale\" content=\"fr_FR\" \/>\n<meta property=\"og:type\" content=\"article\" \/>\n<meta property=\"og:title\" content=\"AUROSPIRUL Shankapushpi (100 g\u00e9lules)\" \/>\n<meta property=\"og:description\" content=\"Wij hebben een ruime keuze aan producten van AUROSPIRUL Shankapushpi (100 g\u00e9lules) . Winkel bij Eco Supplements altijd gratis verzending boven 100\u20ac\" \/>\n<meta property=\"og:url\" content=\"https:\/\/ecosupplements.be\/fr\/produit\/aurospirul-shankapushpi-100-caps\/\" \/>\n<meta property=\"og:site_name\" content=\"ECO Supplements\" \/>\n<meta property=\"article:modified_time\" content=\"2025-08-28T01:25:42+00:00\" \/>\n<meta property=\"og:image\" content=\"https:\/\/ecosupplements.be\/wp-content\/uploads\/2025\/08\/Aurospirul-AUROSPIRUL-Shankapushpi-100-caps.jpg\" \/>\n\t<meta property=\"og:image:width\" content=\"1080\" \/>\n\t<meta property=\"og:image:height\" content=\"1080\" \/>\n\t<meta property=\"og:image:type\" content=\"image\/jpeg\" \/>\n<meta name=\"twitter:card\" content=\"summary_large_image\" \/>\n<meta name=\"twitter:label1\" content=\"Prix\" \/>\n\t<meta name=\"twitter:data1\" content=\"17.71&nbsp;&euro;\" \/>\n\t<meta name=\"twitter:label2\" content=\"Disponibilit\u00e9\" \/>\n\t<meta name=\"twitter:data2\" content=\"En stock\" \/>\n<script type=\"application\/ld+json\" class=\"yoast-schema-graph\">{\"@context\":\"https:\\\/\\\/schema.org\",\"@graph\":[{\"@type\":[\"WebPage\",\"ItemPage\"],\"@id\":\"https:\\\/\\\/ecosupplements.be\\\/fr\\\/produit\\\/aurospirul-shankapushpi-100-caps\\\/\",\"url\":\"https:\\\/\\\/ecosupplements.be\\\/fr\\\/produit\\\/aurospirul-shankapushpi-100-caps\\\/\",\"name\":\"AUROSPIRUL Shankapushpi (100 g\u00e9lules) - ECO Supplements\",\"isPartOf\":{\"@id\":\"https:\\\/\\\/ecosupplements.be\\\/fr\\\/#website\"},\"primaryImageOfPage\":{\"@id\":\"https:\\\/\\\/ecosupplements.be\\\/fr\\\/produit\\\/aurospirul-shankapushpi-100-caps\\\/#primaryimage\"},\"image\":{\"@id\":\"https:\\\/\\\/ecosupplements.be\\\/fr\\\/produit\\\/aurospirul-shankapushpi-100-caps\\\/#primaryimage\"},\"thumbnailUrl\":\"https:\\\/\\\/ecosupplements.be\\\/wp-content\\\/uploads\\\/2025\\\/08\\\/AUROSPIRUL-Shankapushpi-100-caps.jpg\",\"datePublished\":\"2025-07-25T01:15:46+00:00\",\"dateModified\":\"2025-08-28T01:25:42+00:00\",\"description\":\"Wij hebben een ruime keuze aan producten van AUROSPIRUL Shankapushpi (100 g\u00e9lules) . Winkel bij Eco Supplements altijd gratis verzending boven 100\u20ac\",\"breadcrumb\":{\"@id\":\"https:\\\/\\\/ecosupplements.be\\\/fr\\\/produit\\\/aurospirul-shankapushpi-100-caps\\\/#breadcrumb\"},\"inLanguage\":\"fr-FR\",\"potentialAction\":[{\"@type\":\"ReadAction\",\"target\":[\"https:\\\/\\\/ecosupplements.be\\\/fr\\\/produit\\\/aurospirul-shankapushpi-100-caps\\\/\"]}]},{\"@type\":\"ImageObject\",\"inLanguage\":\"fr-FR\",\"@id\":\"https:\\\/\\\/ecosupplements.be\\\/fr\\\/produit\\\/aurospirul-shankapushpi-100-caps\\\/#primaryimage\",\"url\":\"https:\\\/\\\/ecosupplements.be\\\/wp-content\\\/uploads\\\/2025\\\/08\\\/AUROSPIRUL-Shankapushpi-100-caps.jpg\",\"contentUrl\":\"https:\\\/\\\/ecosupplements.be\\\/wp-content\\\/uploads\\\/2025\\\/08\\\/AUROSPIRUL-Shankapushpi-100-caps.jpg\",\"width\":1080,\"height\":1080},{\"@type\":\"BreadcrumbList\",\"@id\":\"https:\\\/\\\/ecosupplements.be\\\/fr\\\/produit\\\/aurospirul-shankapushpi-100-caps\\\/#breadcrumb\",\"itemListElement\":[{\"@type\":\"ListItem\",\"position\":1,\"name\":\"Home\",\"item\":\"https:\\\/\\\/ecosupplements.be\\\/fr\\\/\"},{\"@type\":\"ListItem\",\"position\":2,\"name\":\"Boutique\",\"item\":\"https:\\\/\\\/ecosupplements.be\\\/fr\\\/boutique\\\/\"},{\"@type\":\"ListItem\",\"position\":3,\"name\":\"AUROSPIRUL Shankapushpi (100 g\u00e9lules)\"}]},{\"@type\":\"WebSite\",\"@id\":\"https:\\\/\\\/ecosupplements.be\\\/fr\\\/#website\",\"url\":\"https:\\\/\\\/ecosupplements.be\\\/fr\\\/\",\"name\":\"ECO Supplements\",\"description\":\"Eco Supplements - Gezonde supplementen\",\"publisher\":{\"@id\":\"https:\\\/\\\/ecosupplements.be\\\/fr\\\/#organization\"},\"potentialAction\":[{\"@type\":\"SearchAction\",\"target\":{\"@type\":\"EntryPoint\",\"urlTemplate\":\"https:\\\/\\\/ecosupplements.be\\\/fr\\\/?s={search_term_string}\"},\"query-input\":{\"@type\":\"PropertyValueSpecification\",\"valueRequired\":true,\"valueName\":\"search_term_string\"}}],\"inLanguage\":\"fr-FR\"},{\"@type\":\"Organization\",\"@id\":\"https:\\\/\\\/ecosupplements.be\\\/fr\\\/#organization\",\"name\":\"Eco Supplements\",\"url\":\"https:\\\/\\\/ecosupplements.be\\\/fr\\\/\",\"logo\":{\"@type\":\"ImageObject\",\"inLanguage\":\"fr-FR\",\"@id\":\"https:\\\/\\\/ecosupplements.be\\\/fr\\\/#\\\/schema\\\/logo\\\/image\\\/\",\"url\":\"https:\\\/\\\/ecosupplements.be\\\/wp-content\\\/uploads\\\/2022\\\/06\\\/ecosupplement-family.png\",\"contentUrl\":\"https:\\\/\\\/ecosupplements.be\\\/wp-content\\\/uploads\\\/2022\\\/06\\\/ecosupplement-family.png\",\"width\":593,\"height\":374,\"caption\":\"Eco Supplements\"},\"image\":{\"@id\":\"https:\\\/\\\/ecosupplements.be\\\/fr\\\/#\\\/schema\\\/logo\\\/image\\\/\"}}]}<\/script>\n<meta property=\"product:brand\" content=\"Aurospirul\" \/>\n<meta property=\"product:price:amount\" content=\"17.71\" \/>\n<meta property=\"product:price:currency\" content=\"EUR\" \/>\n<meta property=\"og:availability\" content=\"instock\" \/>\n<meta property=\"product:availability\" content=\"instock\" \/>\n<meta property=\"product:retailer_item_id\" content=\"0730490942831\" \/>\n<meta property=\"product:condition\" content=\"new\" \/>\n<!-- \/ Yoast SEO Premium plugin. -->","yoast_head_json":{"title":"AUROSPIRUL Shankapushpi (100 g\u00e9lules) - ECO Supplements","description":"Wij hebben een ruime keuze aan producten van AUROSPIRUL Shankapushpi (100 g\u00e9lules) . Winkel bij Eco Supplements altijd gratis verzending boven 100\u20ac","robots":{"index":"index","follow":"follow","max-snippet":"max-snippet:-1","max-image-preview":"max-image-preview:large","max-video-preview":"max-video-preview:-1"},"canonical":"https:\/\/ecosupplements.be\/fr\/produit\/aurospirul-shankapushpi-100-caps\/","og_locale":"fr_FR","og_type":"article","og_title":"AUROSPIRUL Shankapushpi (100 g\u00e9lules)","og_description":"Wij hebben een ruime keuze aan producten van AUROSPIRUL Shankapushpi (100 g\u00e9lules) . Winkel bij Eco Supplements altijd gratis verzending boven 100\u20ac","og_url":"https:\/\/ecosupplements.be\/fr\/produit\/aurospirul-shankapushpi-100-caps\/","og_site_name":"ECO Supplements","article_modified_time":"2025-08-28T01:25:42+00:00","og_image":[{"width":1080,"height":1080,"url":"https:\/\/ecosupplements.be\/wp-content\/uploads\/2025\/08\/Aurospirul-AUROSPIRUL-Shankapushpi-100-caps.jpg","type":"image\/jpeg"}],"twitter_card":"summary_large_image","twitter_misc":{"Prix":"17.71&nbsp;&euro;","Disponibilit\u00e9":"En stock"},"schema":{"@context":"https:\/\/schema.org","@graph":[{"@type":["WebPage","ItemPage"],"@id":"https:\/\/ecosupplements.be\/fr\/produit\/aurospirul-shankapushpi-100-caps\/","url":"https:\/\/ecosupplements.be\/fr\/produit\/aurospirul-shankapushpi-100-caps\/","name":"AUROSPIRUL Shankapushpi (100 g\u00e9lules) - ECO Supplements","isPartOf":{"@id":"https:\/\/ecosupplements.be\/fr\/#website"},"primaryImageOfPage":{"@id":"https:\/\/ecosupplements.be\/fr\/produit\/aurospirul-shankapushpi-100-caps\/#primaryimage"},"image":{"@id":"https:\/\/ecosupplements.be\/fr\/produit\/aurospirul-shankapushpi-100-caps\/#primaryimage"},"thumbnailUrl":"https:\/\/ecosupplements.be\/wp-content\/uploads\/2025\/08\/AUROSPIRUL-Shankapushpi-100-caps.jpg","datePublished":"2025-07-25T01:15:46+00:00","dateModified":"2025-08-28T01:25:42+00:00","description":"Wij hebben een ruime keuze aan producten van AUROSPIRUL Shankapushpi (100 g\u00e9lules) . Winkel bij Eco Supplements altijd gratis verzending boven 100\u20ac","breadcrumb":{"@id":"https:\/\/ecosupplements.be\/fr\/produit\/aurospirul-shankapushpi-100-caps\/#breadcrumb"},"inLanguage":"fr-FR","potentialAction":[{"@type":"ReadAction","target":["https:\/\/ecosupplements.be\/fr\/produit\/aurospirul-shankapushpi-100-caps\/"]}]},{"@type":"ImageObject","inLanguage":"fr-FR","@id":"https:\/\/ecosupplements.be\/fr\/produit\/aurospirul-shankapushpi-100-caps\/#primaryimage","url":"https:\/\/ecosupplements.be\/wp-content\/uploads\/2025\/08\/AUROSPIRUL-Shankapushpi-100-caps.jpg","contentUrl":"https:\/\/ecosupplements.be\/wp-content\/uploads\/2025\/08\/AUROSPIRUL-Shankapushpi-100-caps.jpg","width":1080,"height":1080},{"@type":"BreadcrumbList","@id":"https:\/\/ecosupplements.be\/fr\/produit\/aurospirul-shankapushpi-100-caps\/#breadcrumb","itemListElement":[{"@type":"ListItem","position":1,"name":"Home","item":"https:\/\/ecosupplements.be\/fr\/"},{"@type":"ListItem","position":2,"name":"Boutique","item":"https:\/\/ecosupplements.be\/fr\/boutique\/"},{"@type":"ListItem","position":3,"name":"AUROSPIRUL Shankapushpi (100 g\u00e9lules)"}]},{"@type":"WebSite","@id":"https:\/\/ecosupplements.be\/fr\/#website","url":"https:\/\/ecosupplements.be\/fr\/","name":"ECO Supplements","description":"Eco Supplements - Gezonde supplementen","publisher":{"@id":"https:\/\/ecosupplements.be\/fr\/#organization"},"potentialAction":[{"@type":"SearchAction","target":{"@type":"EntryPoint","urlTemplate":"https:\/\/ecosupplements.be\/fr\/?s={search_term_string}"},"query-input":{"@type":"PropertyValueSpecification","valueRequired":true,"valueName":"search_term_string"}}],"inLanguage":"fr-FR"},{"@type":"Organization","@id":"https:\/\/ecosupplements.be\/fr\/#organization","name":"Eco Supplements","url":"https:\/\/ecosupplements.be\/fr\/","logo":{"@type":"ImageObject","inLanguage":"fr-FR","@id":"https:\/\/ecosupplements.be\/fr\/#\/schema\/logo\/image\/","url":"https:\/\/ecosupplements.be\/wp-content\/uploads\/2022\/06\/ecosupplement-family.png","contentUrl":"https:\/\/ecosupplements.be\/wp-content\/uploads\/2022\/06\/ecosupplement-family.png","width":593,"height":374,"caption":"Eco Supplements"},"image":{"@id":"https:\/\/ecosupplements.be\/fr\/#\/schema\/logo\/image\/"}}]},"product_brand":"Aurospirul","product_price_amount":"17.71","product_price_currency":"EUR","og_availability":"instock","product_availability":"instock","product_retailer_item_id":"0730490942831","product_condition":"new"},"_links":{"self":[{"href":"https:\/\/ecosupplements.be\/fr\/wp-json\/wp\/v2\/product\/299823","targetHints":{"allow":["GET"]}}],"collection":[{"href":"https:\/\/ecosupplements.be\/fr\/wp-json\/wp\/v2\/product"}],"about":[{"href":"https:\/\/ecosupplements.be\/fr\/wp-json\/wp\/v2\/types\/product"}],"replies":[{"embeddable":true,"href":"https:\/\/ecosupplements.be\/fr\/wp-json\/wp\/v2\/comments?post=299823"}],"wp:featuredmedia":[{"embeddable":true,"href":"https:\/\/ecosupplements.be\/fr\/wp-json\/wp\/v2\/media\/273966"}],"wp:attachment":[{"href":"https:\/\/ecosupplements.be\/fr\/wp-json\/wp\/v2\/media?parent=299823"}],"wp:term":[{"taxonomy":"product_brand","embeddable":true,"href":"https:\/\/ecosupplements.be\/fr\/wp-json\/wp\/v2\/product_brand?post=299823"},{"taxonomy":"product_cat","embeddable":true,"href":"https:\/\/ecosupplements.be\/fr\/wp-json\/wp\/v2\/product_cat?post=299823"},{"taxonomy":"product_tag","embeddable":true,"href":"https:\/\/ecosupplements.be\/fr\/wp-json\/wp\/v2\/product_tag?post=299823"}],"curies":[{"name":"wp","href":"https:\/\/api.w.org\/{rel}","templated":true}]}}