{"id":299976,"date":"2025-07-25T02:45:46","date_gmt":"2025-07-25T01:45:46","guid":{"rendered":"https:\/\/ecosupplements.be\/product\/cha-da-saude-borututu-70-g-2469-oz\/"},"modified":"2025-08-28T02:28:46","modified_gmt":"2025-08-28T01:28:46","slug":"cha-da-saude-borututu-70-g-2469-oz","status":"publish","type":"product","link":"https:\/\/ecosupplements.be\/fr\/produit\/cha-da-saude-borututu-70-g-2469-oz\/","title":{"rendered":"Th\u00e9 de sant\u00e9 Borututu (70 g \/ 2,469 oz.)"},"content":{"rendered":"<h2>CHA DA SAUDE Borututu (70 g \/ 2,469 oz.)<\/h2>\n<p>D\u00e9couvrez le <strong>CHA DA SAUDE Borututu<\/strong>, un produit naturel qui met en avant la puret\u00e9 et l&#8217;authenticit\u00e9 de ses composants. Ce produit est conditionn\u00e9 dans un emballage contenant 70 grammes de racine s\u00e9ch\u00e9e de Borututu (<em>Cochlospermum angolensis<\/em>), connue pour sa richesse en composants actifs tels que les quinones, cat\u00e9chines, ph\u00e9nols et bioflavono\u00efdes.<\/p>\n<p><strong>Ingr\u00e9dients principaux :<\/strong> Racine de Borututu (<em>cochlospermum angolensis<\/em>) naturelle et pure.<\/p>\n<p><strong>Contenu et emballage :<\/strong> Le paquet contient 70 g du produit sous forme s\u00e9ch\u00e9e.<\/p>\n<p><strong>Utilisation recommand\u00e9e :<\/strong> pour pr\u00e9parer une infusion,utilisez 2,5 g (environ une cuill\u00e8re \u00e0 soupe) de racines s\u00e9ch\u00e9es pour une tasse d&#8217;eau bouillante. Laissez infuser pendant environ 45 minutes. Il est conseill\u00e9 de consommer une tasse deux fois par jour &#8211; le matin une heure avant le petit-d\u00e9jeuner et le soir juste avant le coucher. Pour un usage r\u00e9gulier, il est recommand\u00e9 d&#8217;utiliser ce produit pendant au moins deux mois, deux fois par an.<\/p>\n<p><strong>Modes pratiques :<\/strong> Ce produit peut \u00e9galement \u00eatre pr\u00e9par\u00e9 dans un thermos pour \u00eatre consomm\u00e9 tout au long de la journ\u00e9e.<\/p>\n<p><strong>Suggestions de conservation :<\/strong> Conservez dans un endroit sec \u00e0 temp\u00e9rature ambiante et hors de port\u00e9e des enfants.<\/p>\n<div class=\"rte\">\n<p><b>Fabriqu\u00e9 par:<\/b>&nbsp;BORUTUTU CHA DE SAUDE LDA, Portugal<\/p>\n<\/div>\n","protected":false},"excerpt":{"rendered":"<p>CHA DA SAUDE Borututu (70 g \/ 2,469 oz.) D\u00e9couvrez le CHA DA SAUDE Borututu, un produit naturel qui met en avant la puret\u00e9 et l&#8217;authenticit\u00e9 de ses composants. Ce produit est conditionn\u00e9 dans un emballage contenant 70 grammes de racine s\u00e9ch\u00e9e de Borututu (Cochlospermum angolensis), connue pour sa richesse en composants actifs tels que [&#8230;]\n","protected":false},"featured_media":274119,"comment_status":"closed","ping_status":"open","template":"","meta":[],"product_brand":[5344],"product_cat":[5052,5094,5053],"product_tag":[],"class_list":{"0":"post-299976","1":"product","2":"type-product","3":"status-publish","4":"has-post-thumbnail","6":"product_brand-cha-da-saude-2","7":"product_cat-sante-et-bien-etre","8":"product_cat-supplements-a-base-de-plantes","9":"product_cat-vitamines-et-mineraux","11":"first","12":"instock","13":"taxable","14":"shipping-taxable","15":"purchasable","16":"product-type-simple"},"yoast_head":"<!-- This site is optimized with the Yoast SEO Premium plugin v27.3 (Yoast SEO v27.3) - https:\/\/yoast.com\/product\/yoast-seo-premium-wordpress\/ -->\n<title>Th\u00e9 de sant\u00e9 Borututu (70 g \/ 2,469 oz.) - ECO Supplements<\/title>\n<meta name=\"description\" content=\"Wij hebben een ruime keuze aan producten van Th\u00e9 de sant\u00e9 Borututu (70 g \/ 2,469 oz.) . Winkel bij Eco Supplements altijd gratis verzending boven 100\u20ac\" \/>\n<meta name=\"robots\" content=\"index, follow, max-snippet:-1, max-image-preview:large, max-video-preview:-1\" \/>\n<link rel=\"canonical\" href=\"https:\/\/ecosupplements.be\/fr\/produit\/cha-da-saude-borututu-70-g-2469-oz\/\" \/>\n<meta property=\"og:locale\" content=\"fr_FR\" \/>\n<meta property=\"og:type\" content=\"article\" \/>\n<meta property=\"og:title\" content=\"Th\u00e9 de sant\u00e9 Borututu (70 g \/ 2,469 oz.)\" \/>\n<meta property=\"og:description\" content=\"Wij hebben een ruime keuze aan producten van Th\u00e9 de sant\u00e9 Borututu (70 g \/ 2,469 oz.) . Winkel bij Eco Supplements altijd gratis verzending boven 100\u20ac\" \/>\n<meta property=\"og:url\" content=\"https:\/\/ecosupplements.be\/fr\/produit\/cha-da-saude-borututu-70-g-2469-oz\/\" \/>\n<meta property=\"og:site_name\" content=\"ECO Supplements\" \/>\n<meta property=\"article:modified_time\" content=\"2025-08-28T01:28:46+00:00\" \/>\n<meta property=\"og:image\" content=\"https:\/\/ecosupplements.be\/wp-content\/uploads\/2025\/08\/Cha-da-Saude-CHA-DA-SAUDE-Borututu-70-g-2469-oz.jpg\" \/>\n\t<meta property=\"og:image:width\" content=\"600\" \/>\n\t<meta property=\"og:image:height\" content=\"600\" \/>\n\t<meta property=\"og:image:type\" content=\"image\/jpeg\" \/>\n<meta name=\"twitter:card\" content=\"summary_large_image\" \/>\n<meta name=\"twitter:label1\" content=\"Prix\" \/>\n\t<meta name=\"twitter:data1\" content=\"8.94&nbsp;&euro;\" \/>\n\t<meta name=\"twitter:label2\" content=\"Disponibilit\u00e9\" \/>\n\t<meta name=\"twitter:data2\" content=\"En stock\" \/>\n<script type=\"application\/ld+json\" class=\"yoast-schema-graph\">{\"@context\":\"https:\\\/\\\/schema.org\",\"@graph\":[{\"@type\":[\"WebPage\",\"ItemPage\"],\"@id\":\"https:\\\/\\\/ecosupplements.be\\\/fr\\\/produit\\\/cha-da-saude-borututu-70-g-2469-oz\\\/\",\"url\":\"https:\\\/\\\/ecosupplements.be\\\/fr\\\/produit\\\/cha-da-saude-borututu-70-g-2469-oz\\\/\",\"name\":\"Th\u00e9 de sant\u00e9 Borututu (70 g \\\/ 2,469 oz.) - ECO Supplements\",\"isPartOf\":{\"@id\":\"https:\\\/\\\/ecosupplements.be\\\/fr\\\/#website\"},\"primaryImageOfPage\":{\"@id\":\"https:\\\/\\\/ecosupplements.be\\\/fr\\\/produit\\\/cha-da-saude-borututu-70-g-2469-oz\\\/#primaryimage\"},\"image\":{\"@id\":\"https:\\\/\\\/ecosupplements.be\\\/fr\\\/produit\\\/cha-da-saude-borututu-70-g-2469-oz\\\/#primaryimage\"},\"thumbnailUrl\":\"https:\\\/\\\/ecosupplements.be\\\/wp-content\\\/uploads\\\/2025\\\/08\\\/CHA-DA-SAUDE-Borututu-70-g-2469-oz.jpg\",\"datePublished\":\"2025-07-25T01:45:46+00:00\",\"dateModified\":\"2025-08-28T01:28:46+00:00\",\"description\":\"Wij hebben een ruime keuze aan producten van Th\u00e9 de sant\u00e9 Borututu (70 g \\\/ 2,469 oz.) . Winkel bij Eco Supplements altijd gratis verzending boven 100\u20ac\",\"breadcrumb\":{\"@id\":\"https:\\\/\\\/ecosupplements.be\\\/fr\\\/produit\\\/cha-da-saude-borututu-70-g-2469-oz\\\/#breadcrumb\"},\"inLanguage\":\"fr-FR\",\"potentialAction\":[{\"@type\":\"ReadAction\",\"target\":[\"https:\\\/\\\/ecosupplements.be\\\/fr\\\/produit\\\/cha-da-saude-borututu-70-g-2469-oz\\\/\"]}]},{\"@type\":\"ImageObject\",\"inLanguage\":\"fr-FR\",\"@id\":\"https:\\\/\\\/ecosupplements.be\\\/fr\\\/produit\\\/cha-da-saude-borututu-70-g-2469-oz\\\/#primaryimage\",\"url\":\"https:\\\/\\\/ecosupplements.be\\\/wp-content\\\/uploads\\\/2025\\\/08\\\/CHA-DA-SAUDE-Borututu-70-g-2469-oz.jpg\",\"contentUrl\":\"https:\\\/\\\/ecosupplements.be\\\/wp-content\\\/uploads\\\/2025\\\/08\\\/CHA-DA-SAUDE-Borututu-70-g-2469-oz.jpg\",\"width\":600,\"height\":600},{\"@type\":\"BreadcrumbList\",\"@id\":\"https:\\\/\\\/ecosupplements.be\\\/fr\\\/produit\\\/cha-da-saude-borututu-70-g-2469-oz\\\/#breadcrumb\",\"itemListElement\":[{\"@type\":\"ListItem\",\"position\":1,\"name\":\"Home\",\"item\":\"https:\\\/\\\/ecosupplements.be\\\/fr\\\/\"},{\"@type\":\"ListItem\",\"position\":2,\"name\":\"Boutique\",\"item\":\"https:\\\/\\\/ecosupplements.be\\\/fr\\\/boutique\\\/\"},{\"@type\":\"ListItem\",\"position\":3,\"name\":\"Th\u00e9 de sant\u00e9 Borututu (70 g \\\/ 2,469 oz.)\"}]},{\"@type\":\"WebSite\",\"@id\":\"https:\\\/\\\/ecosupplements.be\\\/fr\\\/#website\",\"url\":\"https:\\\/\\\/ecosupplements.be\\\/fr\\\/\",\"name\":\"ECO Supplements\",\"description\":\"Eco Supplements - Gezonde supplementen\",\"publisher\":{\"@id\":\"https:\\\/\\\/ecosupplements.be\\\/fr\\\/#organization\"},\"potentialAction\":[{\"@type\":\"SearchAction\",\"target\":{\"@type\":\"EntryPoint\",\"urlTemplate\":\"https:\\\/\\\/ecosupplements.be\\\/fr\\\/?s={search_term_string}\"},\"query-input\":{\"@type\":\"PropertyValueSpecification\",\"valueRequired\":true,\"valueName\":\"search_term_string\"}}],\"inLanguage\":\"fr-FR\"},{\"@type\":\"Organization\",\"@id\":\"https:\\\/\\\/ecosupplements.be\\\/fr\\\/#organization\",\"name\":\"Eco Supplements\",\"url\":\"https:\\\/\\\/ecosupplements.be\\\/fr\\\/\",\"logo\":{\"@type\":\"ImageObject\",\"inLanguage\":\"fr-FR\",\"@id\":\"https:\\\/\\\/ecosupplements.be\\\/fr\\\/#\\\/schema\\\/logo\\\/image\\\/\",\"url\":\"https:\\\/\\\/ecosupplements.be\\\/wp-content\\\/uploads\\\/2022\\\/06\\\/ecosupplement-family.png\",\"contentUrl\":\"https:\\\/\\\/ecosupplements.be\\\/wp-content\\\/uploads\\\/2022\\\/06\\\/ecosupplement-family.png\",\"width\":593,\"height\":374,\"caption\":\"Eco Supplements\"},\"image\":{\"@id\":\"https:\\\/\\\/ecosupplements.be\\\/fr\\\/#\\\/schema\\\/logo\\\/image\\\/\"}}]}<\/script>\n<meta property=\"product:brand\" content=\"Cha da Saude\" \/>\n<meta property=\"product:price:amount\" content=\"8.94\" \/>\n<meta property=\"product:price:currency\" content=\"EUR\" \/>\n<meta property=\"og:availability\" content=\"instock\" \/>\n<meta property=\"product:availability\" content=\"instock\" \/>\n<meta property=\"product:retailer_item_id\" content=\"5907688752014\" \/>\n<meta property=\"product:condition\" content=\"new\" \/>\n<!-- \/ Yoast SEO Premium plugin. -->","yoast_head_json":{"title":"Th\u00e9 de sant\u00e9 Borututu (70 g \/ 2,469 oz.) - ECO Supplements","description":"Wij hebben een ruime keuze aan producten van Th\u00e9 de sant\u00e9 Borututu (70 g \/ 2,469 oz.) . Winkel bij Eco Supplements altijd gratis verzending boven 100\u20ac","robots":{"index":"index","follow":"follow","max-snippet":"max-snippet:-1","max-image-preview":"max-image-preview:large","max-video-preview":"max-video-preview:-1"},"canonical":"https:\/\/ecosupplements.be\/fr\/produit\/cha-da-saude-borututu-70-g-2469-oz\/","og_locale":"fr_FR","og_type":"article","og_title":"Th\u00e9 de sant\u00e9 Borututu (70 g \/ 2,469 oz.)","og_description":"Wij hebben een ruime keuze aan producten van Th\u00e9 de sant\u00e9 Borututu (70 g \/ 2,469 oz.) . Winkel bij Eco Supplements altijd gratis verzending boven 100\u20ac","og_url":"https:\/\/ecosupplements.be\/fr\/produit\/cha-da-saude-borututu-70-g-2469-oz\/","og_site_name":"ECO Supplements","article_modified_time":"2025-08-28T01:28:46+00:00","og_image":[{"width":600,"height":600,"url":"https:\/\/ecosupplements.be\/wp-content\/uploads\/2025\/08\/Cha-da-Saude-CHA-DA-SAUDE-Borututu-70-g-2469-oz.jpg","type":"image\/jpeg"}],"twitter_card":"summary_large_image","twitter_misc":{"Prix":"8.94&nbsp;&euro;","Disponibilit\u00e9":"En stock"},"schema":{"@context":"https:\/\/schema.org","@graph":[{"@type":["WebPage","ItemPage"],"@id":"https:\/\/ecosupplements.be\/fr\/produit\/cha-da-saude-borututu-70-g-2469-oz\/","url":"https:\/\/ecosupplements.be\/fr\/produit\/cha-da-saude-borututu-70-g-2469-oz\/","name":"Th\u00e9 de sant\u00e9 Borututu (70 g \/ 2,469 oz.) - ECO Supplements","isPartOf":{"@id":"https:\/\/ecosupplements.be\/fr\/#website"},"primaryImageOfPage":{"@id":"https:\/\/ecosupplements.be\/fr\/produit\/cha-da-saude-borututu-70-g-2469-oz\/#primaryimage"},"image":{"@id":"https:\/\/ecosupplements.be\/fr\/produit\/cha-da-saude-borututu-70-g-2469-oz\/#primaryimage"},"thumbnailUrl":"https:\/\/ecosupplements.be\/wp-content\/uploads\/2025\/08\/CHA-DA-SAUDE-Borututu-70-g-2469-oz.jpg","datePublished":"2025-07-25T01:45:46+00:00","dateModified":"2025-08-28T01:28:46+00:00","description":"Wij hebben een ruime keuze aan producten van Th\u00e9 de sant\u00e9 Borututu (70 g \/ 2,469 oz.) . Winkel bij Eco Supplements altijd gratis verzending boven 100\u20ac","breadcrumb":{"@id":"https:\/\/ecosupplements.be\/fr\/produit\/cha-da-saude-borututu-70-g-2469-oz\/#breadcrumb"},"inLanguage":"fr-FR","potentialAction":[{"@type":"ReadAction","target":["https:\/\/ecosupplements.be\/fr\/produit\/cha-da-saude-borututu-70-g-2469-oz\/"]}]},{"@type":"ImageObject","inLanguage":"fr-FR","@id":"https:\/\/ecosupplements.be\/fr\/produit\/cha-da-saude-borututu-70-g-2469-oz\/#primaryimage","url":"https:\/\/ecosupplements.be\/wp-content\/uploads\/2025\/08\/CHA-DA-SAUDE-Borututu-70-g-2469-oz.jpg","contentUrl":"https:\/\/ecosupplements.be\/wp-content\/uploads\/2025\/08\/CHA-DA-SAUDE-Borututu-70-g-2469-oz.jpg","width":600,"height":600},{"@type":"BreadcrumbList","@id":"https:\/\/ecosupplements.be\/fr\/produit\/cha-da-saude-borututu-70-g-2469-oz\/#breadcrumb","itemListElement":[{"@type":"ListItem","position":1,"name":"Home","item":"https:\/\/ecosupplements.be\/fr\/"},{"@type":"ListItem","position":2,"name":"Boutique","item":"https:\/\/ecosupplements.be\/fr\/boutique\/"},{"@type":"ListItem","position":3,"name":"Th\u00e9 de sant\u00e9 Borututu (70 g \/ 2,469 oz.)"}]},{"@type":"WebSite","@id":"https:\/\/ecosupplements.be\/fr\/#website","url":"https:\/\/ecosupplements.be\/fr\/","name":"ECO Supplements","description":"Eco Supplements - Gezonde supplementen","publisher":{"@id":"https:\/\/ecosupplements.be\/fr\/#organization"},"potentialAction":[{"@type":"SearchAction","target":{"@type":"EntryPoint","urlTemplate":"https:\/\/ecosupplements.be\/fr\/?s={search_term_string}"},"query-input":{"@type":"PropertyValueSpecification","valueRequired":true,"valueName":"search_term_string"}}],"inLanguage":"fr-FR"},{"@type":"Organization","@id":"https:\/\/ecosupplements.be\/fr\/#organization","name":"Eco Supplements","url":"https:\/\/ecosupplements.be\/fr\/","logo":{"@type":"ImageObject","inLanguage":"fr-FR","@id":"https:\/\/ecosupplements.be\/fr\/#\/schema\/logo\/image\/","url":"https:\/\/ecosupplements.be\/wp-content\/uploads\/2022\/06\/ecosupplement-family.png","contentUrl":"https:\/\/ecosupplements.be\/wp-content\/uploads\/2022\/06\/ecosupplement-family.png","width":593,"height":374,"caption":"Eco Supplements"},"image":{"@id":"https:\/\/ecosupplements.be\/fr\/#\/schema\/logo\/image\/"}}]},"product_brand":"Cha da Saude","product_price_amount":"8.94","product_price_currency":"EUR","og_availability":"instock","product_availability":"instock","product_retailer_item_id":"5907688752014","product_condition":"new"},"_links":{"self":[{"href":"https:\/\/ecosupplements.be\/fr\/wp-json\/wp\/v2\/product\/299976","targetHints":{"allow":["GET"]}}],"collection":[{"href":"https:\/\/ecosupplements.be\/fr\/wp-json\/wp\/v2\/product"}],"about":[{"href":"https:\/\/ecosupplements.be\/fr\/wp-json\/wp\/v2\/types\/product"}],"replies":[{"embeddable":true,"href":"https:\/\/ecosupplements.be\/fr\/wp-json\/wp\/v2\/comments?post=299976"}],"wp:featuredmedia":[{"embeddable":true,"href":"https:\/\/ecosupplements.be\/fr\/wp-json\/wp\/v2\/media\/274119"}],"wp:attachment":[{"href":"https:\/\/ecosupplements.be\/fr\/wp-json\/wp\/v2\/media?parent=299976"}],"wp:term":[{"taxonomy":"product_brand","embeddable":true,"href":"https:\/\/ecosupplements.be\/fr\/wp-json\/wp\/v2\/product_brand?post=299976"},{"taxonomy":"product_cat","embeddable":true,"href":"https:\/\/ecosupplements.be\/fr\/wp-json\/wp\/v2\/product_cat?post=299976"},{"taxonomy":"product_tag","embeddable":true,"href":"https:\/\/ecosupplements.be\/fr\/wp-json\/wp\/v2\/product_tag?post=299976"}],"curies":[{"name":"wp","href":"https:\/\/api.w.org\/{rel}","templated":true}]}}