{"id":299988,"date":"2025-07-25T02:45:57","date_gmt":"2025-07-25T01:45:57","guid":{"rendered":"https:\/\/ecosupplements.be\/product\/cyanotech-co-bioastin-astaxanthin-12-mg-25-caps\/"},"modified":"2025-08-28T02:29:02","modified_gmt":"2025-08-28T01:29:02","slug":"cyanotech-co-bioastin-astaxanthin-12-mg-25-caps","status":"publish","type":"product","link":"https:\/\/ecosupplements.be\/fr\/produit\/cyanotech-co-bioastin-astaxanthin-12-mg-25-caps\/","title":{"rendered":"CYANOTECH CO BioAstin &#8211; astaxanthine, 12 mg (25 g\u00e9lules)"},"content":{"rendered":"<h2 class=\"title\">CYANOTECH CO Bioastin &#8211; astaxanthine, 12 mg (25 capsules)<\/h2>\n<div class=\"rte\">\n<p><strong>Ingr\u00e9dients principaux :<\/strong> Extrait d&#8217;algue <em>Haematococcus Pluvialis<\/em>, huile de carthame non OGM comme support, capsule : g\u00e9latine (sans ESB), glyc\u00e9rine ; antioxydant : tocoph\u00e9rols naturels. Contient des carot\u00e9no\u00efdes naturels tels que la lut\u00e9ine.<\/p>\n<p><strong>Contenu et emballage :<\/strong> Bo\u00eete de 25 capsules, poids net 17,5 g.<\/p>\n<p>L&#8217;astaxanthine est un pigment naturel issu des algues <em>Haematococcus Pluvialis<\/em>,connu pour sa couleur vibrante. Ce produit est fabriqu\u00e9 avec une technologie avanc\u00e9e sur la c\u00f4te de Kona \u00e0 Hawa\u00ef, garantissant une puret\u00e9 exceptionnelle et une qualit\u00e9 sup\u00e9rieure sans contaminants.<\/p>\n<p><strong>Utilisation recommand\u00e9e :<\/strong> Prendre une capsule par jour avec un repas.<\/p>\n<p><strong>Modes de conservation :<\/strong> Conserver dans un endroit frais et sec, \u00e0 l&#8217;abri de la lumi\u00e8re directe du soleil et hors de port\u00e9e des enfants.<\/p>\n<p>CYANOTECH CO s&#8217;engage dans la production durable d&#8217;extrait d&#8217;algue en utilisant des bassins ferm\u00e9s pour minimiser les contaminations environnementales. Chaque lot est rigoureusement test\u00e9 pour assurer sa puret\u00e9 et son efficacit\u00e9.<\/p>\n<\/div>\n","protected":false},"excerpt":{"rendered":"<p>CYANOTECH CO Bioastin &#8211; astaxanthine, 12 mg (25 capsules) Ingr\u00e9dients principaux : Extrait d&#8217;algue Haematococcus Pluvialis, huile de carthame non OGM comme support, capsule : g\u00e9latine (sans ESB), glyc\u00e9rine ; antioxydant : tocoph\u00e9rols naturels. Contient des carot\u00e9no\u00efdes naturels tels que la lut\u00e9ine. Contenu et emballage : Bo\u00eete de 25 capsules, poids net 17,5 g. L&#8217;astaxanthine [&#8230;]\n","protected":false},"featured_media":274131,"comment_status":"closed","ping_status":"open","template":"","meta":[],"product_brand":[5345],"product_cat":[5053],"product_tag":[],"class_list":{"0":"post-299988","1":"product","2":"type-product","3":"status-publish","4":"has-post-thumbnail","6":"product_brand-cyanotech-co-2","7":"product_cat-vitamines-et-mineraux","9":"first","10":"instock","11":"taxable","12":"shipping-taxable","13":"purchasable","14":"product-type-simple"},"yoast_head":"<!-- This site is optimized with the Yoast SEO Premium plugin v27.3 (Yoast SEO v27.3) - https:\/\/yoast.com\/product\/yoast-seo-premium-wordpress\/ -->\n<title>CYANOTECH CO BioAstin - astaxanthine, 12 mg (25 g\u00e9lules) - ECO Supplements<\/title>\n<meta name=\"description\" content=\"Wij hebben een ruime keuze aan producten van CYANOTECH CO BioAstin - astaxanthine, 12 mg (25 g\u00e9lules) . Winkel bij Eco Supplements altijd gratis verzending boven 100\u20ac\" \/>\n<meta name=\"robots\" content=\"index, follow, max-snippet:-1, max-image-preview:large, max-video-preview:-1\" \/>\n<link rel=\"canonical\" href=\"https:\/\/ecosupplements.be\/fr\/produit\/cyanotech-co-bioastin-astaxanthin-12-mg-25-caps\/\" \/>\n<meta property=\"og:locale\" content=\"fr_FR\" \/>\n<meta property=\"og:type\" content=\"article\" \/>\n<meta property=\"og:title\" content=\"CYANOTECH CO BioAstin - astaxanthine, 12 mg (25 g\u00e9lules)\" \/>\n<meta property=\"og:description\" content=\"Wij hebben een ruime keuze aan producten van CYANOTECH CO BioAstin - astaxanthine, 12 mg (25 g\u00e9lules) . Winkel bij Eco Supplements altijd gratis verzending boven 100\u20ac\" \/>\n<meta property=\"og:url\" content=\"https:\/\/ecosupplements.be\/fr\/produit\/cyanotech-co-bioastin-astaxanthin-12-mg-25-caps\/\" \/>\n<meta property=\"og:site_name\" content=\"ECO Supplements\" \/>\n<meta property=\"article:modified_time\" content=\"2025-08-28T01:29:02+00:00\" \/>\n<meta property=\"og:image\" content=\"https:\/\/ecosupplements.be\/wp-content\/uploads\/2025\/08\/Cyanotech-Co-CYANOTECH-CO-Bioastin-astaxanthin-12-mg-25-caps.jpg\" \/>\n\t<meta property=\"og:image:width\" content=\"600\" \/>\n\t<meta property=\"og:image:height\" content=\"600\" \/>\n\t<meta property=\"og:image:type\" content=\"image\/jpeg\" \/>\n<meta name=\"twitter:card\" content=\"summary_large_image\" \/>\n<meta name=\"twitter:label1\" content=\"Prix\" \/>\n\t<meta name=\"twitter:data1\" content=\"25.05&nbsp;&euro;\" \/>\n\t<meta name=\"twitter:label2\" content=\"Disponibilit\u00e9\" \/>\n\t<meta name=\"twitter:data2\" content=\"En stock\" \/>\n<script type=\"application\/ld+json\" class=\"yoast-schema-graph\">{\"@context\":\"https:\\\/\\\/schema.org\",\"@graph\":[{\"@type\":[\"WebPage\",\"ItemPage\"],\"@id\":\"https:\\\/\\\/ecosupplements.be\\\/fr\\\/produit\\\/cyanotech-co-bioastin-astaxanthin-12-mg-25-caps\\\/\",\"url\":\"https:\\\/\\\/ecosupplements.be\\\/fr\\\/produit\\\/cyanotech-co-bioastin-astaxanthin-12-mg-25-caps\\\/\",\"name\":\"CYANOTECH CO BioAstin - astaxanthine, 12 mg (25 g\u00e9lules) - ECO Supplements\",\"isPartOf\":{\"@id\":\"https:\\\/\\\/ecosupplements.be\\\/fr\\\/#website\"},\"primaryImageOfPage\":{\"@id\":\"https:\\\/\\\/ecosupplements.be\\\/fr\\\/produit\\\/cyanotech-co-bioastin-astaxanthin-12-mg-25-caps\\\/#primaryimage\"},\"image\":{\"@id\":\"https:\\\/\\\/ecosupplements.be\\\/fr\\\/produit\\\/cyanotech-co-bioastin-astaxanthin-12-mg-25-caps\\\/#primaryimage\"},\"thumbnailUrl\":\"https:\\\/\\\/ecosupplements.be\\\/wp-content\\\/uploads\\\/2025\\\/08\\\/CYANOTECH-CO-Bioastin-astaxanthin-12-mg-25-caps.jpg\",\"datePublished\":\"2025-07-25T01:45:57+00:00\",\"dateModified\":\"2025-08-28T01:29:02+00:00\",\"description\":\"Wij hebben een ruime keuze aan producten van CYANOTECH CO BioAstin - astaxanthine, 12 mg (25 g\u00e9lules) . Winkel bij Eco Supplements altijd gratis verzending boven 100\u20ac\",\"breadcrumb\":{\"@id\":\"https:\\\/\\\/ecosupplements.be\\\/fr\\\/produit\\\/cyanotech-co-bioastin-astaxanthin-12-mg-25-caps\\\/#breadcrumb\"},\"inLanguage\":\"fr-FR\",\"potentialAction\":[{\"@type\":\"ReadAction\",\"target\":[\"https:\\\/\\\/ecosupplements.be\\\/fr\\\/produit\\\/cyanotech-co-bioastin-astaxanthin-12-mg-25-caps\\\/\"]}]},{\"@type\":\"ImageObject\",\"inLanguage\":\"fr-FR\",\"@id\":\"https:\\\/\\\/ecosupplements.be\\\/fr\\\/produit\\\/cyanotech-co-bioastin-astaxanthin-12-mg-25-caps\\\/#primaryimage\",\"url\":\"https:\\\/\\\/ecosupplements.be\\\/wp-content\\\/uploads\\\/2025\\\/08\\\/CYANOTECH-CO-Bioastin-astaxanthin-12-mg-25-caps.jpg\",\"contentUrl\":\"https:\\\/\\\/ecosupplements.be\\\/wp-content\\\/uploads\\\/2025\\\/08\\\/CYANOTECH-CO-Bioastin-astaxanthin-12-mg-25-caps.jpg\",\"width\":600,\"height\":600},{\"@type\":\"BreadcrumbList\",\"@id\":\"https:\\\/\\\/ecosupplements.be\\\/fr\\\/produit\\\/cyanotech-co-bioastin-astaxanthin-12-mg-25-caps\\\/#breadcrumb\",\"itemListElement\":[{\"@type\":\"ListItem\",\"position\":1,\"name\":\"Home\",\"item\":\"https:\\\/\\\/ecosupplements.be\\\/fr\\\/\"},{\"@type\":\"ListItem\",\"position\":2,\"name\":\"Boutique\",\"item\":\"https:\\\/\\\/ecosupplements.be\\\/fr\\\/boutique\\\/\"},{\"@type\":\"ListItem\",\"position\":3,\"name\":\"CYANOTECH CO BioAstin &#8211; astaxanthine, 12 mg (25 g\u00e9lules)\"}]},{\"@type\":\"WebSite\",\"@id\":\"https:\\\/\\\/ecosupplements.be\\\/fr\\\/#website\",\"url\":\"https:\\\/\\\/ecosupplements.be\\\/fr\\\/\",\"name\":\"ECO Supplements\",\"description\":\"Eco Supplements - Gezonde supplementen\",\"publisher\":{\"@id\":\"https:\\\/\\\/ecosupplements.be\\\/fr\\\/#organization\"},\"potentialAction\":[{\"@type\":\"SearchAction\",\"target\":{\"@type\":\"EntryPoint\",\"urlTemplate\":\"https:\\\/\\\/ecosupplements.be\\\/fr\\\/?s={search_term_string}\"},\"query-input\":{\"@type\":\"PropertyValueSpecification\",\"valueRequired\":true,\"valueName\":\"search_term_string\"}}],\"inLanguage\":\"fr-FR\"},{\"@type\":\"Organization\",\"@id\":\"https:\\\/\\\/ecosupplements.be\\\/fr\\\/#organization\",\"name\":\"Eco Supplements\",\"url\":\"https:\\\/\\\/ecosupplements.be\\\/fr\\\/\",\"logo\":{\"@type\":\"ImageObject\",\"inLanguage\":\"fr-FR\",\"@id\":\"https:\\\/\\\/ecosupplements.be\\\/fr\\\/#\\\/schema\\\/logo\\\/image\\\/\",\"url\":\"https:\\\/\\\/ecosupplements.be\\\/wp-content\\\/uploads\\\/2022\\\/06\\\/ecosupplement-family.png\",\"contentUrl\":\"https:\\\/\\\/ecosupplements.be\\\/wp-content\\\/uploads\\\/2022\\\/06\\\/ecosupplement-family.png\",\"width\":593,\"height\":374,\"caption\":\"Eco Supplements\"},\"image\":{\"@id\":\"https:\\\/\\\/ecosupplements.be\\\/fr\\\/#\\\/schema\\\/logo\\\/image\\\/\"}}]}<\/script>\n<meta property=\"product:brand\" content=\"Cyanotech Co\" \/>\n<meta property=\"product:price:amount\" content=\"25.05\" \/>\n<meta property=\"product:price:currency\" content=\"EUR\" \/>\n<meta property=\"og:availability\" content=\"instock\" \/>\n<meta property=\"product:availability\" content=\"instock\" \/>\n<meta property=\"product:retailer_item_id\" content=\"732894035171\" \/>\n<meta property=\"product:condition\" content=\"new\" \/>\n<!-- \/ Yoast SEO Premium plugin. -->","yoast_head_json":{"title":"CYANOTECH CO BioAstin - astaxanthine, 12 mg (25 g\u00e9lules) - ECO Supplements","description":"Wij hebben een ruime keuze aan producten van CYANOTECH CO BioAstin - astaxanthine, 12 mg (25 g\u00e9lules) . Winkel bij Eco Supplements altijd gratis verzending boven 100\u20ac","robots":{"index":"index","follow":"follow","max-snippet":"max-snippet:-1","max-image-preview":"max-image-preview:large","max-video-preview":"max-video-preview:-1"},"canonical":"https:\/\/ecosupplements.be\/fr\/produit\/cyanotech-co-bioastin-astaxanthin-12-mg-25-caps\/","og_locale":"fr_FR","og_type":"article","og_title":"CYANOTECH CO BioAstin - astaxanthine, 12 mg (25 g\u00e9lules)","og_description":"Wij hebben een ruime keuze aan producten van CYANOTECH CO BioAstin - astaxanthine, 12 mg (25 g\u00e9lules) . Winkel bij Eco Supplements altijd gratis verzending boven 100\u20ac","og_url":"https:\/\/ecosupplements.be\/fr\/produit\/cyanotech-co-bioastin-astaxanthin-12-mg-25-caps\/","og_site_name":"ECO Supplements","article_modified_time":"2025-08-28T01:29:02+00:00","og_image":[{"width":600,"height":600,"url":"https:\/\/ecosupplements.be\/wp-content\/uploads\/2025\/08\/Cyanotech-Co-CYANOTECH-CO-Bioastin-astaxanthin-12-mg-25-caps.jpg","type":"image\/jpeg"}],"twitter_card":"summary_large_image","twitter_misc":{"Prix":"25.05&nbsp;&euro;","Disponibilit\u00e9":"En stock"},"schema":{"@context":"https:\/\/schema.org","@graph":[{"@type":["WebPage","ItemPage"],"@id":"https:\/\/ecosupplements.be\/fr\/produit\/cyanotech-co-bioastin-astaxanthin-12-mg-25-caps\/","url":"https:\/\/ecosupplements.be\/fr\/produit\/cyanotech-co-bioastin-astaxanthin-12-mg-25-caps\/","name":"CYANOTECH CO BioAstin - astaxanthine, 12 mg (25 g\u00e9lules) - ECO Supplements","isPartOf":{"@id":"https:\/\/ecosupplements.be\/fr\/#website"},"primaryImageOfPage":{"@id":"https:\/\/ecosupplements.be\/fr\/produit\/cyanotech-co-bioastin-astaxanthin-12-mg-25-caps\/#primaryimage"},"image":{"@id":"https:\/\/ecosupplements.be\/fr\/produit\/cyanotech-co-bioastin-astaxanthin-12-mg-25-caps\/#primaryimage"},"thumbnailUrl":"https:\/\/ecosupplements.be\/wp-content\/uploads\/2025\/08\/CYANOTECH-CO-Bioastin-astaxanthin-12-mg-25-caps.jpg","datePublished":"2025-07-25T01:45:57+00:00","dateModified":"2025-08-28T01:29:02+00:00","description":"Wij hebben een ruime keuze aan producten van CYANOTECH CO BioAstin - astaxanthine, 12 mg (25 g\u00e9lules) . Winkel bij Eco Supplements altijd gratis verzending boven 100\u20ac","breadcrumb":{"@id":"https:\/\/ecosupplements.be\/fr\/produit\/cyanotech-co-bioastin-astaxanthin-12-mg-25-caps\/#breadcrumb"},"inLanguage":"fr-FR","potentialAction":[{"@type":"ReadAction","target":["https:\/\/ecosupplements.be\/fr\/produit\/cyanotech-co-bioastin-astaxanthin-12-mg-25-caps\/"]}]},{"@type":"ImageObject","inLanguage":"fr-FR","@id":"https:\/\/ecosupplements.be\/fr\/produit\/cyanotech-co-bioastin-astaxanthin-12-mg-25-caps\/#primaryimage","url":"https:\/\/ecosupplements.be\/wp-content\/uploads\/2025\/08\/CYANOTECH-CO-Bioastin-astaxanthin-12-mg-25-caps.jpg","contentUrl":"https:\/\/ecosupplements.be\/wp-content\/uploads\/2025\/08\/CYANOTECH-CO-Bioastin-astaxanthin-12-mg-25-caps.jpg","width":600,"height":600},{"@type":"BreadcrumbList","@id":"https:\/\/ecosupplements.be\/fr\/produit\/cyanotech-co-bioastin-astaxanthin-12-mg-25-caps\/#breadcrumb","itemListElement":[{"@type":"ListItem","position":1,"name":"Home","item":"https:\/\/ecosupplements.be\/fr\/"},{"@type":"ListItem","position":2,"name":"Boutique","item":"https:\/\/ecosupplements.be\/fr\/boutique\/"},{"@type":"ListItem","position":3,"name":"CYANOTECH CO BioAstin &#8211; astaxanthine, 12 mg (25 g\u00e9lules)"}]},{"@type":"WebSite","@id":"https:\/\/ecosupplements.be\/fr\/#website","url":"https:\/\/ecosupplements.be\/fr\/","name":"ECO Supplements","description":"Eco Supplements - Gezonde supplementen","publisher":{"@id":"https:\/\/ecosupplements.be\/fr\/#organization"},"potentialAction":[{"@type":"SearchAction","target":{"@type":"EntryPoint","urlTemplate":"https:\/\/ecosupplements.be\/fr\/?s={search_term_string}"},"query-input":{"@type":"PropertyValueSpecification","valueRequired":true,"valueName":"search_term_string"}}],"inLanguage":"fr-FR"},{"@type":"Organization","@id":"https:\/\/ecosupplements.be\/fr\/#organization","name":"Eco Supplements","url":"https:\/\/ecosupplements.be\/fr\/","logo":{"@type":"ImageObject","inLanguage":"fr-FR","@id":"https:\/\/ecosupplements.be\/fr\/#\/schema\/logo\/image\/","url":"https:\/\/ecosupplements.be\/wp-content\/uploads\/2022\/06\/ecosupplement-family.png","contentUrl":"https:\/\/ecosupplements.be\/wp-content\/uploads\/2022\/06\/ecosupplement-family.png","width":593,"height":374,"caption":"Eco Supplements"},"image":{"@id":"https:\/\/ecosupplements.be\/fr\/#\/schema\/logo\/image\/"}}]},"product_brand":"Cyanotech Co","product_price_amount":"25.05","product_price_currency":"EUR","og_availability":"instock","product_availability":"instock","product_retailer_item_id":"732894035171","product_condition":"new"},"_links":{"self":[{"href":"https:\/\/ecosupplements.be\/fr\/wp-json\/wp\/v2\/product\/299988","targetHints":{"allow":["GET"]}}],"collection":[{"href":"https:\/\/ecosupplements.be\/fr\/wp-json\/wp\/v2\/product"}],"about":[{"href":"https:\/\/ecosupplements.be\/fr\/wp-json\/wp\/v2\/types\/product"}],"replies":[{"embeddable":true,"href":"https:\/\/ecosupplements.be\/fr\/wp-json\/wp\/v2\/comments?post=299988"}],"wp:featuredmedia":[{"embeddable":true,"href":"https:\/\/ecosupplements.be\/fr\/wp-json\/wp\/v2\/media\/274131"}],"wp:attachment":[{"href":"https:\/\/ecosupplements.be\/fr\/wp-json\/wp\/v2\/media?parent=299988"}],"wp:term":[{"taxonomy":"product_brand","embeddable":true,"href":"https:\/\/ecosupplements.be\/fr\/wp-json\/wp\/v2\/product_brand?post=299988"},{"taxonomy":"product_cat","embeddable":true,"href":"https:\/\/ecosupplements.be\/fr\/wp-json\/wp\/v2\/product_cat?post=299988"},{"taxonomy":"product_tag","embeddable":true,"href":"https:\/\/ecosupplements.be\/fr\/wp-json\/wp\/v2\/product_tag?post=299988"}],"curies":[{"name":"wp","href":"https:\/\/api.w.org\/{rel}","templated":true}]}}