{"id":299994,"date":"2025-07-25T02:46:07","date_gmt":"2025-07-25T01:46:07","guid":{"rendered":"https:\/\/ecosupplements.be\/product\/cyanotech-co-bioastin-astaxanthin-4-mg-120-caps\/"},"modified":"2025-08-28T02:29:08","modified_gmt":"2025-08-28T01:29:08","slug":"cyanotech-co-bioastin-astaxanthin-4-mg-120-caps","status":"publish","type":"product","link":"https:\/\/ecosupplements.be\/fr\/produit\/cyanotech-co-bioastin-astaxanthin-4-mg-120-caps\/","title":{"rendered":"CYANOTECH CO BioAstin &#8211; astaxanthine, 4 mg (120 g\u00e9lules)"},"content":{"rendered":"<h2 class=\"title\">CYANOTECH CO Bioastin &#8211; astaxanthine, 4 mg (120 capsules)<\/h2>\n<div class=\"rte\">\n<p><strong>Ingr\u00e9dients principaux :<\/strong> Extrait d&#8217;algue <em>Haematococcus Pluvialis<\/em>, huile de carthame non OGM comme support, enveloppe de la capsule : g\u00e9latine (sans ESB), glyc\u00e9rine ; antioxydant : tocoph\u00e9rols naturels. Contient des carot\u00e9no\u00efdes naturels.<\/p>\n<p><strong>Contenu et emballage :<\/strong> Chaque paquet contient 120 capsules.<\/p>\n<p><strong>Utilisation recommand\u00e9e :<\/strong> Prendre une capsule deux \u00e0 trois fois par jour lors des repas.<\/p>\n<p>Ce produit est un choix parfait pour ceux qui appr\u00e9cient les ingr\u00e9dients naturels dans un mode de vie actif. L&#8217;extrait d&#8217;<em>Haematococcus Pluvialis<\/em>,une algue connue pour sa richesse en pigments naturels,est cultiv\u00e9 dans un environnement contr\u00f4l\u00e9 pour assurer sa puret\u00e9 et sa qualit\u00e9. La technologie avanc\u00e9e utilis\u00e9e dans la production garantit que chaque capsule offre la m\u00eame qualit\u00e9 constante sans impuret\u00e9s biologiques ou environnementales.<\/p>\n<p>L&#8217;emballage pratique permet une utilisation facile au quotidien, int\u00e9grant sans effort ce produit \u00e0 votre routine alimentaire r\u00e9guli\u00e8re. Un compl\u00e9ment simple pour un usage quotidien qui s&#8217;inscrit harmonieusement dans votre qu\u00eate d&#8217;un style de vie \u00e9quilibr\u00e9 et dynamique.<\/p>\n<\/div>\n","protected":false},"excerpt":{"rendered":"<p>CYANOTECH CO Bioastin &#8211; astaxanthine, 4 mg (120 capsules) Ingr\u00e9dients principaux : Extrait d&#8217;algue Haematococcus Pluvialis, huile de carthame non OGM comme support, enveloppe de la capsule : g\u00e9latine (sans ESB), glyc\u00e9rine ; antioxydant : tocoph\u00e9rols naturels. Contient des carot\u00e9no\u00efdes naturels. Contenu et emballage : Chaque paquet contient 120 capsules. Utilisation recommand\u00e9e : Prendre une [&#8230;]\n","protected":false},"featured_media":274137,"comment_status":"closed","ping_status":"open","template":"","meta":[],"product_brand":[5345],"product_cat":[5053],"product_tag":[],"class_list":{"0":"post-299994","1":"product","2":"type-product","3":"status-publish","4":"has-post-thumbnail","6":"product_brand-cyanotech-co-2","7":"product_cat-vitamines-et-mineraux","9":"first","10":"instock","11":"taxable","12":"shipping-taxable","13":"purchasable","14":"product-type-simple"},"yoast_head":"<!-- This site is optimized with the Yoast SEO Premium plugin v27.5 (Yoast SEO v27.5) - https:\/\/yoast.com\/product\/yoast-seo-premium-wordpress\/ -->\n<title>CYANOTECH CO BioAstin - astaxanthine, 4 mg (120 g\u00e9lules) - ECO Supplements<\/title>\n<meta name=\"description\" content=\"Wij hebben een ruime keuze aan producten van CYANOTECH CO BioAstin - astaxanthine, 4 mg (120 g\u00e9lules) . Winkel bij Eco Supplements altijd gratis verzending boven 100\u20ac\" \/>\n<meta name=\"robots\" content=\"index, follow, max-snippet:-1, max-image-preview:large, max-video-preview:-1\" \/>\n<link rel=\"canonical\" href=\"https:\/\/ecosupplements.be\/fr\/produit\/cyanotech-co-bioastin-astaxanthin-4-mg-120-caps\/\" \/>\n<meta property=\"og:locale\" content=\"fr_FR\" \/>\n<meta property=\"og:type\" content=\"article\" \/>\n<meta property=\"og:title\" content=\"CYANOTECH CO BioAstin - astaxanthine, 4 mg (120 g\u00e9lules)\" \/>\n<meta property=\"og:description\" content=\"Wij hebben een ruime keuze aan producten van CYANOTECH CO BioAstin - astaxanthine, 4 mg (120 g\u00e9lules) . Winkel bij Eco Supplements altijd gratis verzending boven 100\u20ac\" \/>\n<meta property=\"og:url\" content=\"https:\/\/ecosupplements.be\/fr\/produit\/cyanotech-co-bioastin-astaxanthin-4-mg-120-caps\/\" \/>\n<meta property=\"og:site_name\" content=\"ECO Supplements\" \/>\n<meta property=\"article:modified_time\" content=\"2025-08-28T01:29:08+00:00\" \/>\n<meta property=\"og:image\" content=\"https:\/\/ecosupplements.be\/wp-content\/uploads\/2025\/08\/Cyanotech-Co-CYANOTECH-CO-Bioastin-astaxanthin-4-mg-120-caps.jpg\" \/>\n\t<meta property=\"og:image:width\" content=\"425\" \/>\n\t<meta property=\"og:image:height\" content=\"881\" \/>\n\t<meta property=\"og:image:type\" content=\"image\/jpeg\" \/>\n<meta name=\"twitter:card\" content=\"summary_large_image\" \/>\n<meta name=\"twitter:label1\" content=\"Prix\" \/>\n\t<meta name=\"twitter:data1\" content=\"47.86&nbsp;&euro;\" \/>\n\t<meta name=\"twitter:label2\" content=\"Disponibilit\u00e9\" \/>\n\t<meta name=\"twitter:data2\" content=\"En stock\" \/>\n<script type=\"application\/ld+json\" class=\"yoast-schema-graph\">{\"@context\":\"https:\\\/\\\/schema.org\",\"@graph\":[{\"@type\":[\"WebPage\",\"ItemPage\"],\"@id\":\"https:\\\/\\\/ecosupplements.be\\\/fr\\\/produit\\\/cyanotech-co-bioastin-astaxanthin-4-mg-120-caps\\\/\",\"url\":\"https:\\\/\\\/ecosupplements.be\\\/fr\\\/produit\\\/cyanotech-co-bioastin-astaxanthin-4-mg-120-caps\\\/\",\"name\":\"CYANOTECH CO BioAstin - astaxanthine, 4 mg (120 g\u00e9lules) - ECO Supplements\",\"isPartOf\":{\"@id\":\"https:\\\/\\\/ecosupplements.be\\\/fr\\\/#website\"},\"primaryImageOfPage\":{\"@id\":\"https:\\\/\\\/ecosupplements.be\\\/fr\\\/produit\\\/cyanotech-co-bioastin-astaxanthin-4-mg-120-caps\\\/#primaryimage\"},\"image\":{\"@id\":\"https:\\\/\\\/ecosupplements.be\\\/fr\\\/produit\\\/cyanotech-co-bioastin-astaxanthin-4-mg-120-caps\\\/#primaryimage\"},\"thumbnailUrl\":\"https:\\\/\\\/ecosupplements.be\\\/wp-content\\\/uploads\\\/2025\\\/08\\\/CYANOTECH-CO-Bioastin-astaxanthin-4-mg-120-caps.jpg\",\"datePublished\":\"2025-07-25T01:46:07+00:00\",\"dateModified\":\"2025-08-28T01:29:08+00:00\",\"description\":\"Wij hebben een ruime keuze aan producten van CYANOTECH CO BioAstin - astaxanthine, 4 mg (120 g\u00e9lules) . Winkel bij Eco Supplements altijd gratis verzending boven 100\u20ac\",\"breadcrumb\":{\"@id\":\"https:\\\/\\\/ecosupplements.be\\\/fr\\\/produit\\\/cyanotech-co-bioastin-astaxanthin-4-mg-120-caps\\\/#breadcrumb\"},\"inLanguage\":\"fr-FR\",\"potentialAction\":[{\"@type\":\"ReadAction\",\"target\":[\"https:\\\/\\\/ecosupplements.be\\\/fr\\\/produit\\\/cyanotech-co-bioastin-astaxanthin-4-mg-120-caps\\\/\"]}]},{\"@type\":\"ImageObject\",\"inLanguage\":\"fr-FR\",\"@id\":\"https:\\\/\\\/ecosupplements.be\\\/fr\\\/produit\\\/cyanotech-co-bioastin-astaxanthin-4-mg-120-caps\\\/#primaryimage\",\"url\":\"https:\\\/\\\/ecosupplements.be\\\/wp-content\\\/uploads\\\/2025\\\/08\\\/CYANOTECH-CO-Bioastin-astaxanthin-4-mg-120-caps.jpg\",\"contentUrl\":\"https:\\\/\\\/ecosupplements.be\\\/wp-content\\\/uploads\\\/2025\\\/08\\\/CYANOTECH-CO-Bioastin-astaxanthin-4-mg-120-caps.jpg\",\"width\":425,\"height\":881},{\"@type\":\"BreadcrumbList\",\"@id\":\"https:\\\/\\\/ecosupplements.be\\\/fr\\\/produit\\\/cyanotech-co-bioastin-astaxanthin-4-mg-120-caps\\\/#breadcrumb\",\"itemListElement\":[{\"@type\":\"ListItem\",\"position\":1,\"name\":\"Home\",\"item\":\"https:\\\/\\\/ecosupplements.be\\\/fr\\\/\"},{\"@type\":\"ListItem\",\"position\":2,\"name\":\"Boutique\",\"item\":\"https:\\\/\\\/ecosupplements.be\\\/fr\\\/boutique\\\/\"},{\"@type\":\"ListItem\",\"position\":3,\"name\":\"CYANOTECH CO BioAstin &#8211; astaxanthine, 4 mg (120 g\u00e9lules)\"}]},{\"@type\":\"WebSite\",\"@id\":\"https:\\\/\\\/ecosupplements.be\\\/fr\\\/#website\",\"url\":\"https:\\\/\\\/ecosupplements.be\\\/fr\\\/\",\"name\":\"ECO Supplements\",\"description\":\"Eco Supplements - Gezonde supplementen\",\"publisher\":{\"@id\":\"https:\\\/\\\/ecosupplements.be\\\/fr\\\/#organization\"},\"potentialAction\":[{\"@type\":\"SearchAction\",\"target\":{\"@type\":\"EntryPoint\",\"urlTemplate\":\"https:\\\/\\\/ecosupplements.be\\\/fr\\\/?s={search_term_string}\"},\"query-input\":{\"@type\":\"PropertyValueSpecification\",\"valueRequired\":true,\"valueName\":\"search_term_string\"}}],\"inLanguage\":\"fr-FR\"},{\"@type\":\"Organization\",\"@id\":\"https:\\\/\\\/ecosupplements.be\\\/fr\\\/#organization\",\"name\":\"Eco Supplements\",\"url\":\"https:\\\/\\\/ecosupplements.be\\\/fr\\\/\",\"logo\":{\"@type\":\"ImageObject\",\"inLanguage\":\"fr-FR\",\"@id\":\"https:\\\/\\\/ecosupplements.be\\\/fr\\\/#\\\/schema\\\/logo\\\/image\\\/\",\"url\":\"https:\\\/\\\/ecosupplements.be\\\/wp-content\\\/uploads\\\/2022\\\/06\\\/ecosupplement-family.png\",\"contentUrl\":\"https:\\\/\\\/ecosupplements.be\\\/wp-content\\\/uploads\\\/2022\\\/06\\\/ecosupplement-family.png\",\"width\":593,\"height\":374,\"caption\":\"Eco Supplements\"},\"image\":{\"@id\":\"https:\\\/\\\/ecosupplements.be\\\/fr\\\/#\\\/schema\\\/logo\\\/image\\\/\"}}]}<\/script>\n<meta property=\"product:brand\" content=\"Cyanotech Co\" \/>\n<meta property=\"product:price:amount\" content=\"47.86\" \/>\n<meta property=\"product:price:currency\" content=\"EUR\" \/>\n<meta property=\"og:availability\" content=\"instock\" \/>\n<meta property=\"product:availability\" content=\"instock\" \/>\n<meta property=\"product:retailer_item_id\" content=\"732894035133\" \/>\n<meta property=\"product:condition\" content=\"new\" \/>\n<!-- \/ Yoast SEO Premium plugin. -->","yoast_head_json":{"title":"CYANOTECH CO BioAstin - astaxanthine, 4 mg (120 g\u00e9lules) - ECO Supplements","description":"Wij hebben een ruime keuze aan producten van CYANOTECH CO BioAstin - astaxanthine, 4 mg (120 g\u00e9lules) . Winkel bij Eco Supplements altijd gratis verzending boven 100\u20ac","robots":{"index":"index","follow":"follow","max-snippet":"max-snippet:-1","max-image-preview":"max-image-preview:large","max-video-preview":"max-video-preview:-1"},"canonical":"https:\/\/ecosupplements.be\/fr\/produit\/cyanotech-co-bioastin-astaxanthin-4-mg-120-caps\/","og_locale":"fr_FR","og_type":"article","og_title":"CYANOTECH CO BioAstin - astaxanthine, 4 mg (120 g\u00e9lules)","og_description":"Wij hebben een ruime keuze aan producten van CYANOTECH CO BioAstin - astaxanthine, 4 mg (120 g\u00e9lules) . Winkel bij Eco Supplements altijd gratis verzending boven 100\u20ac","og_url":"https:\/\/ecosupplements.be\/fr\/produit\/cyanotech-co-bioastin-astaxanthin-4-mg-120-caps\/","og_site_name":"ECO Supplements","article_modified_time":"2025-08-28T01:29:08+00:00","og_image":[{"width":425,"height":881,"url":"https:\/\/ecosupplements.be\/wp-content\/uploads\/2025\/08\/Cyanotech-Co-CYANOTECH-CO-Bioastin-astaxanthin-4-mg-120-caps.jpg","type":"image\/jpeg"}],"twitter_card":"summary_large_image","twitter_misc":{"Prix":"47.86&nbsp;&euro;","Disponibilit\u00e9":"En stock"},"schema":{"@context":"https:\/\/schema.org","@graph":[{"@type":["WebPage","ItemPage"],"@id":"https:\/\/ecosupplements.be\/fr\/produit\/cyanotech-co-bioastin-astaxanthin-4-mg-120-caps\/","url":"https:\/\/ecosupplements.be\/fr\/produit\/cyanotech-co-bioastin-astaxanthin-4-mg-120-caps\/","name":"CYANOTECH CO BioAstin - astaxanthine, 4 mg (120 g\u00e9lules) - ECO Supplements","isPartOf":{"@id":"https:\/\/ecosupplements.be\/fr\/#website"},"primaryImageOfPage":{"@id":"https:\/\/ecosupplements.be\/fr\/produit\/cyanotech-co-bioastin-astaxanthin-4-mg-120-caps\/#primaryimage"},"image":{"@id":"https:\/\/ecosupplements.be\/fr\/produit\/cyanotech-co-bioastin-astaxanthin-4-mg-120-caps\/#primaryimage"},"thumbnailUrl":"https:\/\/ecosupplements.be\/wp-content\/uploads\/2025\/08\/CYANOTECH-CO-Bioastin-astaxanthin-4-mg-120-caps.jpg","datePublished":"2025-07-25T01:46:07+00:00","dateModified":"2025-08-28T01:29:08+00:00","description":"Wij hebben een ruime keuze aan producten van CYANOTECH CO BioAstin - astaxanthine, 4 mg (120 g\u00e9lules) . Winkel bij Eco Supplements altijd gratis verzending boven 100\u20ac","breadcrumb":{"@id":"https:\/\/ecosupplements.be\/fr\/produit\/cyanotech-co-bioastin-astaxanthin-4-mg-120-caps\/#breadcrumb"},"inLanguage":"fr-FR","potentialAction":[{"@type":"ReadAction","target":["https:\/\/ecosupplements.be\/fr\/produit\/cyanotech-co-bioastin-astaxanthin-4-mg-120-caps\/"]}]},{"@type":"ImageObject","inLanguage":"fr-FR","@id":"https:\/\/ecosupplements.be\/fr\/produit\/cyanotech-co-bioastin-astaxanthin-4-mg-120-caps\/#primaryimage","url":"https:\/\/ecosupplements.be\/wp-content\/uploads\/2025\/08\/CYANOTECH-CO-Bioastin-astaxanthin-4-mg-120-caps.jpg","contentUrl":"https:\/\/ecosupplements.be\/wp-content\/uploads\/2025\/08\/CYANOTECH-CO-Bioastin-astaxanthin-4-mg-120-caps.jpg","width":425,"height":881},{"@type":"BreadcrumbList","@id":"https:\/\/ecosupplements.be\/fr\/produit\/cyanotech-co-bioastin-astaxanthin-4-mg-120-caps\/#breadcrumb","itemListElement":[{"@type":"ListItem","position":1,"name":"Home","item":"https:\/\/ecosupplements.be\/fr\/"},{"@type":"ListItem","position":2,"name":"Boutique","item":"https:\/\/ecosupplements.be\/fr\/boutique\/"},{"@type":"ListItem","position":3,"name":"CYANOTECH CO BioAstin &#8211; astaxanthine, 4 mg (120 g\u00e9lules)"}]},{"@type":"WebSite","@id":"https:\/\/ecosupplements.be\/fr\/#website","url":"https:\/\/ecosupplements.be\/fr\/","name":"ECO Supplements","description":"Eco Supplements - Gezonde supplementen","publisher":{"@id":"https:\/\/ecosupplements.be\/fr\/#organization"},"potentialAction":[{"@type":"SearchAction","target":{"@type":"EntryPoint","urlTemplate":"https:\/\/ecosupplements.be\/fr\/?s={search_term_string}"},"query-input":{"@type":"PropertyValueSpecification","valueRequired":true,"valueName":"search_term_string"}}],"inLanguage":"fr-FR"},{"@type":"Organization","@id":"https:\/\/ecosupplements.be\/fr\/#organization","name":"Eco Supplements","url":"https:\/\/ecosupplements.be\/fr\/","logo":{"@type":"ImageObject","inLanguage":"fr-FR","@id":"https:\/\/ecosupplements.be\/fr\/#\/schema\/logo\/image\/","url":"https:\/\/ecosupplements.be\/wp-content\/uploads\/2022\/06\/ecosupplement-family.png","contentUrl":"https:\/\/ecosupplements.be\/wp-content\/uploads\/2022\/06\/ecosupplement-family.png","width":593,"height":374,"caption":"Eco Supplements"},"image":{"@id":"https:\/\/ecosupplements.be\/fr\/#\/schema\/logo\/image\/"}}]},"product_brand":"Cyanotech Co","product_price_amount":"47.86","product_price_currency":"EUR","og_availability":"instock","product_availability":"instock","product_retailer_item_id":"732894035133","product_condition":"new"},"_links":{"self":[{"href":"https:\/\/ecosupplements.be\/fr\/wp-json\/wp\/v2\/product\/299994","targetHints":{"allow":["GET"]}}],"collection":[{"href":"https:\/\/ecosupplements.be\/fr\/wp-json\/wp\/v2\/product"}],"about":[{"href":"https:\/\/ecosupplements.be\/fr\/wp-json\/wp\/v2\/types\/product"}],"replies":[{"embeddable":true,"href":"https:\/\/ecosupplements.be\/fr\/wp-json\/wp\/v2\/comments?post=299994"}],"wp:featuredmedia":[{"embeddable":true,"href":"https:\/\/ecosupplements.be\/fr\/wp-json\/wp\/v2\/media\/274137"}],"wp:attachment":[{"href":"https:\/\/ecosupplements.be\/fr\/wp-json\/wp\/v2\/media?parent=299994"}],"wp:term":[{"taxonomy":"product_brand","embeddable":true,"href":"https:\/\/ecosupplements.be\/fr\/wp-json\/wp\/v2\/product_brand?post=299994"},{"taxonomy":"product_cat","embeddable":true,"href":"https:\/\/ecosupplements.be\/fr\/wp-json\/wp\/v2\/product_cat?post=299994"},{"taxonomy":"product_tag","embeddable":true,"href":"https:\/\/ecosupplements.be\/fr\/wp-json\/wp\/v2\/product_tag?post=299994"}],"curies":[{"name":"wp","href":"https:\/\/api.w.org\/{rel}","templated":true}]}}