{"id":299997,"date":"2025-07-25T02:46:07","date_gmt":"2025-07-25T01:46:07","guid":{"rendered":"https:\/\/ecosupplements.be\/product\/cyanotech-co-bioastin-astaxanthin-4-mg-60-caps\/"},"modified":"2025-08-28T02:29:11","modified_gmt":"2025-08-28T01:29:11","slug":"cyanotech-co-bioastin-astaxanthin-4-mg-60-caps","status":"publish","type":"product","link":"https:\/\/ecosupplements.be\/fr\/produit\/cyanotech-co-bioastin-astaxanthin-4-mg-60-caps\/","title":{"rendered":"Bioastin &#8211; Astaxanthine, 4 mg (60 g\u00e9lules)"},"content":{"rendered":"<h2 class=\"title\">CYANOTECH CO Bioastin &#8211; astaxanthine, 4 mg (60 capsules)<\/h2>\n<div class=\"rte\">\n<p><strong>Ingr\u00e9dients principaux :<\/strong> Extrait d&#8217;algue <em>Haematococcus Pluvialis<\/em>, huile de carthame (non-OGM), enveloppe de la capsule : g\u00e9latine (sans ESB), glyc\u00e9rine; antioxydant : tocoph\u00e9rols naturels.Contient des carot\u00e9no\u00efdes naturellement pr\u00e9sents tels que la lut\u00e9ine.<\/p>\n<p><strong>Contenu et emballage :<\/strong> Bo\u00eete contenant 60 capsules pour un poids net de 42 g.<\/p>\n<p><strong>Utilisation recommand\u00e9e :<\/strong> Prendre une capsule deux \u00e0 trois fois par jour lors des repas.<\/p>\n<p>Ce produit est fabriqu\u00e9 \u00e0 partir d&#8217;<em>Haematococcus Pluvialis<\/em>, une algue connue pour sa richesse en astaxanthine, un pigment naturel. CYANOTECH CO utilise des technologies avanc\u00e9es et une localisation privil\u00e9gi\u00e9e sur la c\u00f4te de Kona \u00e0 Hawa\u00ef,garantissant ainsi un produit final pur et de haute qualit\u00e9.<\/p>\n<p>L&#8217;astaxanthine contenue dans Bioastin provient d&#8217;une source durable et est extraite sans solvants chimiques, assurant ainsi l&#8217;int\u00e9grit\u00e9 et la puret\u00e9 du composant. Ce processus rigoureux permet d&#8217;obtenir un extrait concentr\u00e9 qui conserve toutes les qualit\u00e9s originelles de l&#8217;algue.<\/p>\n<p>Ce compl\u00e9ment alimentaire se pr\u00e9sente sous forme de capsules faciles \u00e0 consommer, int\u00e9grables dans votre routine quotidienne sans effort.Il s&#8217;agit d&#8217;un choix id\u00e9al pour ceux qui appr\u00e9cient les produits issus de sources naturelles et responsables.<\/p>\n<\/div>\n","protected":false},"excerpt":{"rendered":"<p>CYANOTECH CO Bioastin &#8211; astaxanthine, 4 mg (60 capsules) Ingr\u00e9dients principaux : Extrait d&#8217;algue Haematococcus Pluvialis, huile de carthame (non-OGM), enveloppe de la capsule : g\u00e9latine (sans ESB), glyc\u00e9rine; antioxydant : tocoph\u00e9rols naturels.Contient des carot\u00e9no\u00efdes naturellement pr\u00e9sents tels que la lut\u00e9ine. Contenu et emballage : Bo\u00eete contenant 60 capsules pour un poids net de 42 [&#8230;]\n","protected":false},"featured_media":274140,"comment_status":"closed","ping_status":"open","template":"","meta":[],"product_brand":[5345],"product_cat":[5053],"product_tag":[],"class_list":{"0":"post-299997","1":"product","2":"type-product","3":"status-publish","4":"has-post-thumbnail","6":"product_brand-cyanotech-co-2","7":"product_cat-vitamines-et-mineraux","9":"first","10":"instock","11":"taxable","12":"shipping-taxable","13":"purchasable","14":"product-type-simple"},"yoast_head":"<!-- This site is optimized with the Yoast SEO Premium plugin v27.3 (Yoast SEO v27.3) - https:\/\/yoast.com\/product\/yoast-seo-premium-wordpress\/ -->\n<title>Bioastin - Astaxanthine, 4 mg (60 g\u00e9lules) - ECO Supplements<\/title>\n<meta name=\"description\" content=\"Wij hebben een ruime keuze aan producten van Bioastin - Astaxanthine, 4 mg (60 g\u00e9lules) . Winkel bij Eco Supplements altijd gratis verzending boven 100\u20ac\" \/>\n<meta name=\"robots\" content=\"index, follow, max-snippet:-1, max-image-preview:large, max-video-preview:-1\" \/>\n<link rel=\"canonical\" href=\"https:\/\/ecosupplements.be\/fr\/produit\/cyanotech-co-bioastin-astaxanthin-4-mg-60-caps\/\" \/>\n<meta property=\"og:locale\" content=\"fr_FR\" \/>\n<meta property=\"og:type\" content=\"article\" \/>\n<meta property=\"og:title\" content=\"Bioastin - Astaxanthine, 4 mg (60 g\u00e9lules)\" \/>\n<meta property=\"og:description\" content=\"Wij hebben een ruime keuze aan producten van Bioastin - Astaxanthine, 4 mg (60 g\u00e9lules) . Winkel bij Eco Supplements altijd gratis verzending boven 100\u20ac\" \/>\n<meta property=\"og:url\" content=\"https:\/\/ecosupplements.be\/fr\/produit\/cyanotech-co-bioastin-astaxanthin-4-mg-60-caps\/\" \/>\n<meta property=\"og:site_name\" content=\"ECO Supplements\" \/>\n<meta property=\"article:modified_time\" content=\"2025-08-28T01:29:11+00:00\" \/>\n<meta property=\"og:image\" content=\"https:\/\/ecosupplements.be\/wp-content\/uploads\/2025\/08\/Cyanotech-Co-CYANOTECH-CO-Bioastin-astaxanthin-4-mg-60-caps.jpg\" \/>\n\t<meta property=\"og:image:width\" content=\"600\" \/>\n\t<meta property=\"og:image:height\" content=\"600\" \/>\n\t<meta property=\"og:image:type\" content=\"image\/jpeg\" \/>\n<meta name=\"twitter:card\" content=\"summary_large_image\" \/>\n<meta name=\"twitter:label1\" content=\"Prix\" \/>\n\t<meta name=\"twitter:data1\" content=\"26.54&nbsp;&euro;\" \/>\n\t<meta name=\"twitter:label2\" content=\"Disponibilit\u00e9\" \/>\n\t<meta name=\"twitter:data2\" content=\"En stock\" \/>\n<script type=\"application\/ld+json\" class=\"yoast-schema-graph\">{\"@context\":\"https:\\\/\\\/schema.org\",\"@graph\":[{\"@type\":[\"WebPage\",\"ItemPage\"],\"@id\":\"https:\\\/\\\/ecosupplements.be\\\/fr\\\/produit\\\/cyanotech-co-bioastin-astaxanthin-4-mg-60-caps\\\/\",\"url\":\"https:\\\/\\\/ecosupplements.be\\\/fr\\\/produit\\\/cyanotech-co-bioastin-astaxanthin-4-mg-60-caps\\\/\",\"name\":\"Bioastin - Astaxanthine, 4 mg (60 g\u00e9lules) - ECO Supplements\",\"isPartOf\":{\"@id\":\"https:\\\/\\\/ecosupplements.be\\\/fr\\\/#website\"},\"primaryImageOfPage\":{\"@id\":\"https:\\\/\\\/ecosupplements.be\\\/fr\\\/produit\\\/cyanotech-co-bioastin-astaxanthin-4-mg-60-caps\\\/#primaryimage\"},\"image\":{\"@id\":\"https:\\\/\\\/ecosupplements.be\\\/fr\\\/produit\\\/cyanotech-co-bioastin-astaxanthin-4-mg-60-caps\\\/#primaryimage\"},\"thumbnailUrl\":\"https:\\\/\\\/ecosupplements.be\\\/wp-content\\\/uploads\\\/2025\\\/08\\\/CYANOTECH-CO-Bioastin-astaxanthin-4-mg-60-caps.jpg\",\"datePublished\":\"2025-07-25T01:46:07+00:00\",\"dateModified\":\"2025-08-28T01:29:11+00:00\",\"description\":\"Wij hebben een ruime keuze aan producten van Bioastin - Astaxanthine, 4 mg (60 g\u00e9lules) . Winkel bij Eco Supplements altijd gratis verzending boven 100\u20ac\",\"breadcrumb\":{\"@id\":\"https:\\\/\\\/ecosupplements.be\\\/fr\\\/produit\\\/cyanotech-co-bioastin-astaxanthin-4-mg-60-caps\\\/#breadcrumb\"},\"inLanguage\":\"fr-FR\",\"potentialAction\":[{\"@type\":\"ReadAction\",\"target\":[\"https:\\\/\\\/ecosupplements.be\\\/fr\\\/produit\\\/cyanotech-co-bioastin-astaxanthin-4-mg-60-caps\\\/\"]}]},{\"@type\":\"ImageObject\",\"inLanguage\":\"fr-FR\",\"@id\":\"https:\\\/\\\/ecosupplements.be\\\/fr\\\/produit\\\/cyanotech-co-bioastin-astaxanthin-4-mg-60-caps\\\/#primaryimage\",\"url\":\"https:\\\/\\\/ecosupplements.be\\\/wp-content\\\/uploads\\\/2025\\\/08\\\/CYANOTECH-CO-Bioastin-astaxanthin-4-mg-60-caps.jpg\",\"contentUrl\":\"https:\\\/\\\/ecosupplements.be\\\/wp-content\\\/uploads\\\/2025\\\/08\\\/CYANOTECH-CO-Bioastin-astaxanthin-4-mg-60-caps.jpg\",\"width\":600,\"height\":600},{\"@type\":\"BreadcrumbList\",\"@id\":\"https:\\\/\\\/ecosupplements.be\\\/fr\\\/produit\\\/cyanotech-co-bioastin-astaxanthin-4-mg-60-caps\\\/#breadcrumb\",\"itemListElement\":[{\"@type\":\"ListItem\",\"position\":1,\"name\":\"Home\",\"item\":\"https:\\\/\\\/ecosupplements.be\\\/fr\\\/\"},{\"@type\":\"ListItem\",\"position\":2,\"name\":\"Boutique\",\"item\":\"https:\\\/\\\/ecosupplements.be\\\/fr\\\/boutique\\\/\"},{\"@type\":\"ListItem\",\"position\":3,\"name\":\"Bioastin &#8211; Astaxanthine, 4 mg (60 g\u00e9lules)\"}]},{\"@type\":\"WebSite\",\"@id\":\"https:\\\/\\\/ecosupplements.be\\\/fr\\\/#website\",\"url\":\"https:\\\/\\\/ecosupplements.be\\\/fr\\\/\",\"name\":\"ECO Supplements\",\"description\":\"Eco Supplements - Gezonde supplementen\",\"publisher\":{\"@id\":\"https:\\\/\\\/ecosupplements.be\\\/fr\\\/#organization\"},\"potentialAction\":[{\"@type\":\"SearchAction\",\"target\":{\"@type\":\"EntryPoint\",\"urlTemplate\":\"https:\\\/\\\/ecosupplements.be\\\/fr\\\/?s={search_term_string}\"},\"query-input\":{\"@type\":\"PropertyValueSpecification\",\"valueRequired\":true,\"valueName\":\"search_term_string\"}}],\"inLanguage\":\"fr-FR\"},{\"@type\":\"Organization\",\"@id\":\"https:\\\/\\\/ecosupplements.be\\\/fr\\\/#organization\",\"name\":\"Eco Supplements\",\"url\":\"https:\\\/\\\/ecosupplements.be\\\/fr\\\/\",\"logo\":{\"@type\":\"ImageObject\",\"inLanguage\":\"fr-FR\",\"@id\":\"https:\\\/\\\/ecosupplements.be\\\/fr\\\/#\\\/schema\\\/logo\\\/image\\\/\",\"url\":\"https:\\\/\\\/ecosupplements.be\\\/wp-content\\\/uploads\\\/2022\\\/06\\\/ecosupplement-family.png\",\"contentUrl\":\"https:\\\/\\\/ecosupplements.be\\\/wp-content\\\/uploads\\\/2022\\\/06\\\/ecosupplement-family.png\",\"width\":593,\"height\":374,\"caption\":\"Eco Supplements\"},\"image\":{\"@id\":\"https:\\\/\\\/ecosupplements.be\\\/fr\\\/#\\\/schema\\\/logo\\\/image\\\/\"}}]}<\/script>\n<meta property=\"product:brand\" content=\"Cyanotech Co\" \/>\n<meta property=\"product:price:amount\" content=\"26.54\" \/>\n<meta property=\"product:price:currency\" content=\"EUR\" \/>\n<meta property=\"og:availability\" content=\"instock\" \/>\n<meta property=\"product:availability\" content=\"instock\" \/>\n<meta property=\"product:retailer_item_id\" content=\"732894035089\" \/>\n<meta property=\"product:condition\" content=\"new\" \/>\n<!-- \/ Yoast SEO Premium plugin. -->","yoast_head_json":{"title":"Bioastin - Astaxanthine, 4 mg (60 g\u00e9lules) - ECO Supplements","description":"Wij hebben een ruime keuze aan producten van Bioastin - Astaxanthine, 4 mg (60 g\u00e9lules) . Winkel bij Eco Supplements altijd gratis verzending boven 100\u20ac","robots":{"index":"index","follow":"follow","max-snippet":"max-snippet:-1","max-image-preview":"max-image-preview:large","max-video-preview":"max-video-preview:-1"},"canonical":"https:\/\/ecosupplements.be\/fr\/produit\/cyanotech-co-bioastin-astaxanthin-4-mg-60-caps\/","og_locale":"fr_FR","og_type":"article","og_title":"Bioastin - Astaxanthine, 4 mg (60 g\u00e9lules)","og_description":"Wij hebben een ruime keuze aan producten van Bioastin - Astaxanthine, 4 mg (60 g\u00e9lules) . Winkel bij Eco Supplements altijd gratis verzending boven 100\u20ac","og_url":"https:\/\/ecosupplements.be\/fr\/produit\/cyanotech-co-bioastin-astaxanthin-4-mg-60-caps\/","og_site_name":"ECO Supplements","article_modified_time":"2025-08-28T01:29:11+00:00","og_image":[{"width":600,"height":600,"url":"https:\/\/ecosupplements.be\/wp-content\/uploads\/2025\/08\/Cyanotech-Co-CYANOTECH-CO-Bioastin-astaxanthin-4-mg-60-caps.jpg","type":"image\/jpeg"}],"twitter_card":"summary_large_image","twitter_misc":{"Prix":"26.54&nbsp;&euro;","Disponibilit\u00e9":"En stock"},"schema":{"@context":"https:\/\/schema.org","@graph":[{"@type":["WebPage","ItemPage"],"@id":"https:\/\/ecosupplements.be\/fr\/produit\/cyanotech-co-bioastin-astaxanthin-4-mg-60-caps\/","url":"https:\/\/ecosupplements.be\/fr\/produit\/cyanotech-co-bioastin-astaxanthin-4-mg-60-caps\/","name":"Bioastin - Astaxanthine, 4 mg (60 g\u00e9lules) - ECO Supplements","isPartOf":{"@id":"https:\/\/ecosupplements.be\/fr\/#website"},"primaryImageOfPage":{"@id":"https:\/\/ecosupplements.be\/fr\/produit\/cyanotech-co-bioastin-astaxanthin-4-mg-60-caps\/#primaryimage"},"image":{"@id":"https:\/\/ecosupplements.be\/fr\/produit\/cyanotech-co-bioastin-astaxanthin-4-mg-60-caps\/#primaryimage"},"thumbnailUrl":"https:\/\/ecosupplements.be\/wp-content\/uploads\/2025\/08\/CYANOTECH-CO-Bioastin-astaxanthin-4-mg-60-caps.jpg","datePublished":"2025-07-25T01:46:07+00:00","dateModified":"2025-08-28T01:29:11+00:00","description":"Wij hebben een ruime keuze aan producten van Bioastin - Astaxanthine, 4 mg (60 g\u00e9lules) . Winkel bij Eco Supplements altijd gratis verzending boven 100\u20ac","breadcrumb":{"@id":"https:\/\/ecosupplements.be\/fr\/produit\/cyanotech-co-bioastin-astaxanthin-4-mg-60-caps\/#breadcrumb"},"inLanguage":"fr-FR","potentialAction":[{"@type":"ReadAction","target":["https:\/\/ecosupplements.be\/fr\/produit\/cyanotech-co-bioastin-astaxanthin-4-mg-60-caps\/"]}]},{"@type":"ImageObject","inLanguage":"fr-FR","@id":"https:\/\/ecosupplements.be\/fr\/produit\/cyanotech-co-bioastin-astaxanthin-4-mg-60-caps\/#primaryimage","url":"https:\/\/ecosupplements.be\/wp-content\/uploads\/2025\/08\/CYANOTECH-CO-Bioastin-astaxanthin-4-mg-60-caps.jpg","contentUrl":"https:\/\/ecosupplements.be\/wp-content\/uploads\/2025\/08\/CYANOTECH-CO-Bioastin-astaxanthin-4-mg-60-caps.jpg","width":600,"height":600},{"@type":"BreadcrumbList","@id":"https:\/\/ecosupplements.be\/fr\/produit\/cyanotech-co-bioastin-astaxanthin-4-mg-60-caps\/#breadcrumb","itemListElement":[{"@type":"ListItem","position":1,"name":"Home","item":"https:\/\/ecosupplements.be\/fr\/"},{"@type":"ListItem","position":2,"name":"Boutique","item":"https:\/\/ecosupplements.be\/fr\/boutique\/"},{"@type":"ListItem","position":3,"name":"Bioastin &#8211; Astaxanthine, 4 mg (60 g\u00e9lules)"}]},{"@type":"WebSite","@id":"https:\/\/ecosupplements.be\/fr\/#website","url":"https:\/\/ecosupplements.be\/fr\/","name":"ECO Supplements","description":"Eco Supplements - Gezonde supplementen","publisher":{"@id":"https:\/\/ecosupplements.be\/fr\/#organization"},"potentialAction":[{"@type":"SearchAction","target":{"@type":"EntryPoint","urlTemplate":"https:\/\/ecosupplements.be\/fr\/?s={search_term_string}"},"query-input":{"@type":"PropertyValueSpecification","valueRequired":true,"valueName":"search_term_string"}}],"inLanguage":"fr-FR"},{"@type":"Organization","@id":"https:\/\/ecosupplements.be\/fr\/#organization","name":"Eco Supplements","url":"https:\/\/ecosupplements.be\/fr\/","logo":{"@type":"ImageObject","inLanguage":"fr-FR","@id":"https:\/\/ecosupplements.be\/fr\/#\/schema\/logo\/image\/","url":"https:\/\/ecosupplements.be\/wp-content\/uploads\/2022\/06\/ecosupplement-family.png","contentUrl":"https:\/\/ecosupplements.be\/wp-content\/uploads\/2022\/06\/ecosupplement-family.png","width":593,"height":374,"caption":"Eco Supplements"},"image":{"@id":"https:\/\/ecosupplements.be\/fr\/#\/schema\/logo\/image\/"}}]},"product_brand":"Cyanotech Co","product_price_amount":"26.54","product_price_currency":"EUR","og_availability":"instock","product_availability":"instock","product_retailer_item_id":"732894035089","product_condition":"new"},"_links":{"self":[{"href":"https:\/\/ecosupplements.be\/fr\/wp-json\/wp\/v2\/product\/299997","targetHints":{"allow":["GET"]}}],"collection":[{"href":"https:\/\/ecosupplements.be\/fr\/wp-json\/wp\/v2\/product"}],"about":[{"href":"https:\/\/ecosupplements.be\/fr\/wp-json\/wp\/v2\/types\/product"}],"replies":[{"embeddable":true,"href":"https:\/\/ecosupplements.be\/fr\/wp-json\/wp\/v2\/comments?post=299997"}],"wp:featuredmedia":[{"embeddable":true,"href":"https:\/\/ecosupplements.be\/fr\/wp-json\/wp\/v2\/media\/274140"}],"wp:attachment":[{"href":"https:\/\/ecosupplements.be\/fr\/wp-json\/wp\/v2\/media?parent=299997"}],"wp:term":[{"taxonomy":"product_brand","embeddable":true,"href":"https:\/\/ecosupplements.be\/fr\/wp-json\/wp\/v2\/product_brand?post=299997"},{"taxonomy":"product_cat","embeddable":true,"href":"https:\/\/ecosupplements.be\/fr\/wp-json\/wp\/v2\/product_cat?post=299997"},{"taxonomy":"product_tag","embeddable":true,"href":"https:\/\/ecosupplements.be\/fr\/wp-json\/wp\/v2\/product_tag?post=299997"}],"curies":[{"name":"wp","href":"https:\/\/api.w.org\/{rel}","templated":true}]}}