{"id":300003,"date":"2025-07-25T03:00:30","date_gmt":"2025-07-25T02:00:30","guid":{"rendered":"https:\/\/ecosupplements.be\/product\/cyanotech-co-bioastin-supreme-astaxanthin-6-mg-60-caps\/"},"modified":"2025-08-28T02:29:17","modified_gmt":"2025-08-28T01:29:17","slug":"cyanotech-co-bioastin-supreme-astaxanthin-6-mg-60-caps","status":"publish","type":"product","link":"https:\/\/ecosupplements.be\/fr\/produit\/cyanotech-co-bioastin-supreme-astaxanthin-6-mg-60-caps\/","title":{"rendered":"Bioastin Supr\u00eame de CYANOTECH CO &#8211; astaxanthine, 6 mg (60 g\u00e9lules)"},"content":{"rendered":"<h2 class=\"title\">CYANOTECH CO Bioastin supreme &#8211; astaxanthine, 6 mg (60 capsules)<\/h2>\n<div class=\"rte\">\n<p><strong>Ingr\u00e9dients principaux :<\/strong> Huile d&#8217;olive extra vierge, extrait d&#8217;algues <em>Haematococcus Pluvialis<\/em>, amidon de ma\u00efs non OGM, colorant naturel issu des algues marines, capsule \u00e0 base de glyc\u00e9rine v\u00e9g\u00e9tale et sorbitol, support : huile de tournesol; antioxydant : tocoph\u00e9rols naturels.<\/p>\n<p>Ce produit contient des carot\u00e9no\u00efdes naturels dont l&#8217;astaxanthine.<\/p>\n<table>\n<tbody>\n<tr>\n<td colspan=\"3\"><strong>Dose journali\u00e8re recommand\u00e9e :<\/strong> 2 capsules<\/td>\n<\/tr>\n<tr>\n<td colspan=\"3\"><strong>Contenu de l&#8217;emballage :<\/strong> 60 capsules (Poids net : 48.3 g)<\/td>\n<\/tr>\n<\/tbody>\n<\/table>\n<p><strong>Description du produit :<\/strong><\/p>\n<ul style=\"list-style-type:disc\">\n        <!-- description neutre et g\u00e9n\u00e9rale --><br \/>\n        <!-- \u00c9viter les all\u00e9gations m\u00e9dicales ou th\u00e9rapeutiques --><br \/>\n        <!-- Mettre en avant la qualit\u00e9 et le style de vie --><br \/>\n        <!-- D\u00e9crire les ingr\u00e9dients sans faire d'all\u00e9gations sant\u00e9 --><\/p>\n<li>BioAstin\u00ae Supreme est un choix parfait pour ceux qui appr\u00e9cient les ingr\u00e9dients naturels dans un mode de vie actif.<\/li>\n<li>Fabriqu\u00e9 avec une technologie avanc\u00e9e sur la c\u00f4te Kona \u00e0 Hawa\u00ef, ce produit est exempt de GMO, gluten, lactose ainsi que sans conservateurs ou solvants chimiques.<\/li>\n<li>L&#8217;extraction par dioxyde de carbone supercritique assure une puret\u00e9 maximale et une qualit\u00e9 sup\u00e9rieure du concentr\u00e9 d&#8217;astaxanthine naturelle obtenue \u00e0 partir des algues Haematococcus pluvialis.<\/li>\n<li>Ce compl\u00e9ment alimentaire se pr\u00e9sente sous forme de capsules faciles \u00e0 consommer avec vos repas quotidiens. Il est recommand\u00e9 d&#8217;en prendre deux par jour pendant le repas pour int\u00e9grer facilement ce produit dans votre routine quotidienne.<\/li>\n<li>A conserver dans un endroit frais et sec pour maintenir sa qualit\u00e9 optimale. Ne pas d\u00e9passer la dose journali\u00e8re recommand\u00e9e. Ce compl\u00e9ment alimentaire ne remplace pas une alimentation vari\u00e9e et \u00e9quilibr\u00e9e ni un mode de vie sain.<\/li>\n<\/ul>\n<p><strong>Fabricant:<\/strong> Cyanotech Co., Hawa\u00ef, USA<br \/>\n<strong>distributeur:<\/strong> Nutrex Hawaii, USA<\/p>\n<\/div>\n","protected":false},"excerpt":{"rendered":"<p>CYANOTECH CO Bioastin supreme &#8211; astaxanthine, 6 mg (60 capsules) Ingr\u00e9dients principaux : Huile d&#8217;olive extra vierge, extrait d&#8217;algues Haematococcus Pluvialis, amidon de ma\u00efs non OGM, colorant naturel issu des algues marines, capsule \u00e0 base de glyc\u00e9rine v\u00e9g\u00e9tale et sorbitol, support : huile de tournesol; antioxydant : tocoph\u00e9rols naturels. Ce produit contient des carot\u00e9no\u00efdes naturels [&#8230;]\n","protected":false},"featured_media":274146,"comment_status":"closed","ping_status":"open","template":"","meta":[],"product_brand":[5345],"product_cat":[5053],"product_tag":[],"class_list":{"0":"post-300003","1":"product","2":"type-product","3":"status-publish","4":"has-post-thumbnail","6":"product_brand-cyanotech-co-2","7":"product_cat-vitamines-et-mineraux","9":"first","10":"instock","11":"taxable","12":"shipping-taxable","13":"purchasable","14":"product-type-simple"},"yoast_head":"<!-- This site is optimized with the Yoast SEO Premium plugin v27.3 (Yoast SEO v27.3) - https:\/\/yoast.com\/product\/yoast-seo-premium-wordpress\/ -->\n<title>Bioastin Supr\u00eame de CYANOTECH CO - astaxanthine, 6 mg (60 g\u00e9lules) - ECO Supplements<\/title>\n<meta name=\"description\" content=\"Wij hebben een ruime keuze aan producten van Bioastin Supr\u00eame de CYANOTECH CO - astaxanthine, 6 mg (60 g\u00e9lules) . Winkel bij Eco Supplements altijd gratis verzending boven 100\u20ac\" \/>\n<meta name=\"robots\" content=\"index, follow, max-snippet:-1, max-image-preview:large, max-video-preview:-1\" \/>\n<link rel=\"canonical\" href=\"https:\/\/ecosupplements.be\/fr\/produit\/cyanotech-co-bioastin-supreme-astaxanthin-6-mg-60-caps\/\" \/>\n<meta property=\"og:locale\" content=\"fr_FR\" \/>\n<meta property=\"og:type\" content=\"article\" \/>\n<meta property=\"og:title\" content=\"Bioastin Supr\u00eame de CYANOTECH CO - astaxanthine, 6 mg (60 g\u00e9lules)\" \/>\n<meta property=\"og:description\" content=\"Wij hebben een ruime keuze aan producten van Bioastin Supr\u00eame de CYANOTECH CO - astaxanthine, 6 mg (60 g\u00e9lules) . Winkel bij Eco Supplements altijd gratis verzending boven 100\u20ac\" \/>\n<meta property=\"og:url\" content=\"https:\/\/ecosupplements.be\/fr\/produit\/cyanotech-co-bioastin-supreme-astaxanthin-6-mg-60-caps\/\" \/>\n<meta property=\"og:site_name\" content=\"ECO Supplements\" \/>\n<meta property=\"article:modified_time\" content=\"2025-08-28T01:29:17+00:00\" \/>\n<meta property=\"og:image\" content=\"https:\/\/ecosupplements.be\/wp-content\/uploads\/2025\/08\/Cyanotech-Co-CYANOTECH-CO-Bioastin-Supreme-astaxanthin-6-mg-60-caps.jpg\" \/>\n\t<meta property=\"og:image:width\" content=\"436\" \/>\n\t<meta property=\"og:image:height\" content=\"904\" \/>\n\t<meta property=\"og:image:type\" content=\"image\/jpeg\" \/>\n<meta name=\"twitter:card\" content=\"summary_large_image\" \/>\n<meta name=\"twitter:label1\" content=\"Prix\" \/>\n\t<meta name=\"twitter:data1\" content=\"34.06&nbsp;&euro;\" \/>\n\t<meta name=\"twitter:label2\" content=\"Disponibilit\u00e9\" \/>\n\t<meta name=\"twitter:data2\" content=\"En stock\" \/>\n<script type=\"application\/ld+json\" class=\"yoast-schema-graph\">{\"@context\":\"https:\\\/\\\/schema.org\",\"@graph\":[{\"@type\":[\"WebPage\",\"ItemPage\"],\"@id\":\"https:\\\/\\\/ecosupplements.be\\\/fr\\\/produit\\\/cyanotech-co-bioastin-supreme-astaxanthin-6-mg-60-caps\\\/\",\"url\":\"https:\\\/\\\/ecosupplements.be\\\/fr\\\/produit\\\/cyanotech-co-bioastin-supreme-astaxanthin-6-mg-60-caps\\\/\",\"name\":\"Bioastin Supr\u00eame de CYANOTECH CO - astaxanthine, 6 mg (60 g\u00e9lules) - ECO Supplements\",\"isPartOf\":{\"@id\":\"https:\\\/\\\/ecosupplements.be\\\/fr\\\/#website\"},\"primaryImageOfPage\":{\"@id\":\"https:\\\/\\\/ecosupplements.be\\\/fr\\\/produit\\\/cyanotech-co-bioastin-supreme-astaxanthin-6-mg-60-caps\\\/#primaryimage\"},\"image\":{\"@id\":\"https:\\\/\\\/ecosupplements.be\\\/fr\\\/produit\\\/cyanotech-co-bioastin-supreme-astaxanthin-6-mg-60-caps\\\/#primaryimage\"},\"thumbnailUrl\":\"https:\\\/\\\/ecosupplements.be\\\/wp-content\\\/uploads\\\/2025\\\/08\\\/CYANOTECH-CO-Bioastin-Supreme-astaxanthin-6-mg-60-caps.jpg\",\"datePublished\":\"2025-07-25T02:00:30+00:00\",\"dateModified\":\"2025-08-28T01:29:17+00:00\",\"description\":\"Wij hebben een ruime keuze aan producten van Bioastin Supr\u00eame de CYANOTECH CO - astaxanthine, 6 mg (60 g\u00e9lules) . Winkel bij Eco Supplements altijd gratis verzending boven 100\u20ac\",\"breadcrumb\":{\"@id\":\"https:\\\/\\\/ecosupplements.be\\\/fr\\\/produit\\\/cyanotech-co-bioastin-supreme-astaxanthin-6-mg-60-caps\\\/#breadcrumb\"},\"inLanguage\":\"fr-FR\",\"potentialAction\":[{\"@type\":\"ReadAction\",\"target\":[\"https:\\\/\\\/ecosupplements.be\\\/fr\\\/produit\\\/cyanotech-co-bioastin-supreme-astaxanthin-6-mg-60-caps\\\/\"]}]},{\"@type\":\"ImageObject\",\"inLanguage\":\"fr-FR\",\"@id\":\"https:\\\/\\\/ecosupplements.be\\\/fr\\\/produit\\\/cyanotech-co-bioastin-supreme-astaxanthin-6-mg-60-caps\\\/#primaryimage\",\"url\":\"https:\\\/\\\/ecosupplements.be\\\/wp-content\\\/uploads\\\/2025\\\/08\\\/CYANOTECH-CO-Bioastin-Supreme-astaxanthin-6-mg-60-caps.jpg\",\"contentUrl\":\"https:\\\/\\\/ecosupplements.be\\\/wp-content\\\/uploads\\\/2025\\\/08\\\/CYANOTECH-CO-Bioastin-Supreme-astaxanthin-6-mg-60-caps.jpg\",\"width\":436,\"height\":904},{\"@type\":\"BreadcrumbList\",\"@id\":\"https:\\\/\\\/ecosupplements.be\\\/fr\\\/produit\\\/cyanotech-co-bioastin-supreme-astaxanthin-6-mg-60-caps\\\/#breadcrumb\",\"itemListElement\":[{\"@type\":\"ListItem\",\"position\":1,\"name\":\"Home\",\"item\":\"https:\\\/\\\/ecosupplements.be\\\/fr\\\/\"},{\"@type\":\"ListItem\",\"position\":2,\"name\":\"Boutique\",\"item\":\"https:\\\/\\\/ecosupplements.be\\\/fr\\\/boutique\\\/\"},{\"@type\":\"ListItem\",\"position\":3,\"name\":\"Bioastin Supr\u00eame de CYANOTECH CO &#8211; astaxanthine, 6 mg (60 g\u00e9lules)\"}]},{\"@type\":\"WebSite\",\"@id\":\"https:\\\/\\\/ecosupplements.be\\\/fr\\\/#website\",\"url\":\"https:\\\/\\\/ecosupplements.be\\\/fr\\\/\",\"name\":\"ECO Supplements\",\"description\":\"Eco Supplements - Gezonde supplementen\",\"publisher\":{\"@id\":\"https:\\\/\\\/ecosupplements.be\\\/fr\\\/#organization\"},\"potentialAction\":[{\"@type\":\"SearchAction\",\"target\":{\"@type\":\"EntryPoint\",\"urlTemplate\":\"https:\\\/\\\/ecosupplements.be\\\/fr\\\/?s={search_term_string}\"},\"query-input\":{\"@type\":\"PropertyValueSpecification\",\"valueRequired\":true,\"valueName\":\"search_term_string\"}}],\"inLanguage\":\"fr-FR\"},{\"@type\":\"Organization\",\"@id\":\"https:\\\/\\\/ecosupplements.be\\\/fr\\\/#organization\",\"name\":\"Eco Supplements\",\"url\":\"https:\\\/\\\/ecosupplements.be\\\/fr\\\/\",\"logo\":{\"@type\":\"ImageObject\",\"inLanguage\":\"fr-FR\",\"@id\":\"https:\\\/\\\/ecosupplements.be\\\/fr\\\/#\\\/schema\\\/logo\\\/image\\\/\",\"url\":\"https:\\\/\\\/ecosupplements.be\\\/wp-content\\\/uploads\\\/2022\\\/06\\\/ecosupplement-family.png\",\"contentUrl\":\"https:\\\/\\\/ecosupplements.be\\\/wp-content\\\/uploads\\\/2022\\\/06\\\/ecosupplement-family.png\",\"width\":593,\"height\":374,\"caption\":\"Eco Supplements\"},\"image\":{\"@id\":\"https:\\\/\\\/ecosupplements.be\\\/fr\\\/#\\\/schema\\\/logo\\\/image\\\/\"}}]}<\/script>\n<meta property=\"product:brand\" content=\"Cyanotech Co\" \/>\n<meta property=\"product:price:amount\" content=\"34.06\" \/>\n<meta property=\"product:price:currency\" content=\"EUR\" \/>\n<meta property=\"og:availability\" content=\"instock\" \/>\n<meta property=\"product:availability\" content=\"instock\" \/>\n<meta property=\"product:retailer_item_id\" content=\"732894035126\" \/>\n<meta property=\"product:condition\" content=\"new\" \/>\n<!-- \/ Yoast SEO Premium plugin. -->","yoast_head_json":{"title":"Bioastin Supr\u00eame de CYANOTECH CO - astaxanthine, 6 mg (60 g\u00e9lules) - ECO Supplements","description":"Wij hebben een ruime keuze aan producten van Bioastin Supr\u00eame de CYANOTECH CO - astaxanthine, 6 mg (60 g\u00e9lules) . Winkel bij Eco Supplements altijd gratis verzending boven 100\u20ac","robots":{"index":"index","follow":"follow","max-snippet":"max-snippet:-1","max-image-preview":"max-image-preview:large","max-video-preview":"max-video-preview:-1"},"canonical":"https:\/\/ecosupplements.be\/fr\/produit\/cyanotech-co-bioastin-supreme-astaxanthin-6-mg-60-caps\/","og_locale":"fr_FR","og_type":"article","og_title":"Bioastin Supr\u00eame de CYANOTECH CO - astaxanthine, 6 mg (60 g\u00e9lules)","og_description":"Wij hebben een ruime keuze aan producten van Bioastin Supr\u00eame de CYANOTECH CO - astaxanthine, 6 mg (60 g\u00e9lules) . Winkel bij Eco Supplements altijd gratis verzending boven 100\u20ac","og_url":"https:\/\/ecosupplements.be\/fr\/produit\/cyanotech-co-bioastin-supreme-astaxanthin-6-mg-60-caps\/","og_site_name":"ECO Supplements","article_modified_time":"2025-08-28T01:29:17+00:00","og_image":[{"width":436,"height":904,"url":"https:\/\/ecosupplements.be\/wp-content\/uploads\/2025\/08\/Cyanotech-Co-CYANOTECH-CO-Bioastin-Supreme-astaxanthin-6-mg-60-caps.jpg","type":"image\/jpeg"}],"twitter_card":"summary_large_image","twitter_misc":{"Prix":"34.06&nbsp;&euro;","Disponibilit\u00e9":"En stock"},"schema":{"@context":"https:\/\/schema.org","@graph":[{"@type":["WebPage","ItemPage"],"@id":"https:\/\/ecosupplements.be\/fr\/produit\/cyanotech-co-bioastin-supreme-astaxanthin-6-mg-60-caps\/","url":"https:\/\/ecosupplements.be\/fr\/produit\/cyanotech-co-bioastin-supreme-astaxanthin-6-mg-60-caps\/","name":"Bioastin Supr\u00eame de CYANOTECH CO - astaxanthine, 6 mg (60 g\u00e9lules) - ECO Supplements","isPartOf":{"@id":"https:\/\/ecosupplements.be\/fr\/#website"},"primaryImageOfPage":{"@id":"https:\/\/ecosupplements.be\/fr\/produit\/cyanotech-co-bioastin-supreme-astaxanthin-6-mg-60-caps\/#primaryimage"},"image":{"@id":"https:\/\/ecosupplements.be\/fr\/produit\/cyanotech-co-bioastin-supreme-astaxanthin-6-mg-60-caps\/#primaryimage"},"thumbnailUrl":"https:\/\/ecosupplements.be\/wp-content\/uploads\/2025\/08\/CYANOTECH-CO-Bioastin-Supreme-astaxanthin-6-mg-60-caps.jpg","datePublished":"2025-07-25T02:00:30+00:00","dateModified":"2025-08-28T01:29:17+00:00","description":"Wij hebben een ruime keuze aan producten van Bioastin Supr\u00eame de CYANOTECH CO - astaxanthine, 6 mg (60 g\u00e9lules) . Winkel bij Eco Supplements altijd gratis verzending boven 100\u20ac","breadcrumb":{"@id":"https:\/\/ecosupplements.be\/fr\/produit\/cyanotech-co-bioastin-supreme-astaxanthin-6-mg-60-caps\/#breadcrumb"},"inLanguage":"fr-FR","potentialAction":[{"@type":"ReadAction","target":["https:\/\/ecosupplements.be\/fr\/produit\/cyanotech-co-bioastin-supreme-astaxanthin-6-mg-60-caps\/"]}]},{"@type":"ImageObject","inLanguage":"fr-FR","@id":"https:\/\/ecosupplements.be\/fr\/produit\/cyanotech-co-bioastin-supreme-astaxanthin-6-mg-60-caps\/#primaryimage","url":"https:\/\/ecosupplements.be\/wp-content\/uploads\/2025\/08\/CYANOTECH-CO-Bioastin-Supreme-astaxanthin-6-mg-60-caps.jpg","contentUrl":"https:\/\/ecosupplements.be\/wp-content\/uploads\/2025\/08\/CYANOTECH-CO-Bioastin-Supreme-astaxanthin-6-mg-60-caps.jpg","width":436,"height":904},{"@type":"BreadcrumbList","@id":"https:\/\/ecosupplements.be\/fr\/produit\/cyanotech-co-bioastin-supreme-astaxanthin-6-mg-60-caps\/#breadcrumb","itemListElement":[{"@type":"ListItem","position":1,"name":"Home","item":"https:\/\/ecosupplements.be\/fr\/"},{"@type":"ListItem","position":2,"name":"Boutique","item":"https:\/\/ecosupplements.be\/fr\/boutique\/"},{"@type":"ListItem","position":3,"name":"Bioastin Supr\u00eame de CYANOTECH CO &#8211; astaxanthine, 6 mg (60 g\u00e9lules)"}]},{"@type":"WebSite","@id":"https:\/\/ecosupplements.be\/fr\/#website","url":"https:\/\/ecosupplements.be\/fr\/","name":"ECO Supplements","description":"Eco Supplements - Gezonde supplementen","publisher":{"@id":"https:\/\/ecosupplements.be\/fr\/#organization"},"potentialAction":[{"@type":"SearchAction","target":{"@type":"EntryPoint","urlTemplate":"https:\/\/ecosupplements.be\/fr\/?s={search_term_string}"},"query-input":{"@type":"PropertyValueSpecification","valueRequired":true,"valueName":"search_term_string"}}],"inLanguage":"fr-FR"},{"@type":"Organization","@id":"https:\/\/ecosupplements.be\/fr\/#organization","name":"Eco Supplements","url":"https:\/\/ecosupplements.be\/fr\/","logo":{"@type":"ImageObject","inLanguage":"fr-FR","@id":"https:\/\/ecosupplements.be\/fr\/#\/schema\/logo\/image\/","url":"https:\/\/ecosupplements.be\/wp-content\/uploads\/2022\/06\/ecosupplement-family.png","contentUrl":"https:\/\/ecosupplements.be\/wp-content\/uploads\/2022\/06\/ecosupplement-family.png","width":593,"height":374,"caption":"Eco Supplements"},"image":{"@id":"https:\/\/ecosupplements.be\/fr\/#\/schema\/logo\/image\/"}}]},"product_brand":"Cyanotech Co","product_price_amount":"34.06","product_price_currency":"EUR","og_availability":"instock","product_availability":"instock","product_retailer_item_id":"732894035126","product_condition":"new"},"_links":{"self":[{"href":"https:\/\/ecosupplements.be\/fr\/wp-json\/wp\/v2\/product\/300003","targetHints":{"allow":["GET"]}}],"collection":[{"href":"https:\/\/ecosupplements.be\/fr\/wp-json\/wp\/v2\/product"}],"about":[{"href":"https:\/\/ecosupplements.be\/fr\/wp-json\/wp\/v2\/types\/product"}],"replies":[{"embeddable":true,"href":"https:\/\/ecosupplements.be\/fr\/wp-json\/wp\/v2\/comments?post=300003"}],"wp:featuredmedia":[{"embeddable":true,"href":"https:\/\/ecosupplements.be\/fr\/wp-json\/wp\/v2\/media\/274146"}],"wp:attachment":[{"href":"https:\/\/ecosupplements.be\/fr\/wp-json\/wp\/v2\/media?parent=300003"}],"wp:term":[{"taxonomy":"product_brand","embeddable":true,"href":"https:\/\/ecosupplements.be\/fr\/wp-json\/wp\/v2\/product_brand?post=300003"},{"taxonomy":"product_cat","embeddable":true,"href":"https:\/\/ecosupplements.be\/fr\/wp-json\/wp\/v2\/product_cat?post=300003"},{"taxonomy":"product_tag","embeddable":true,"href":"https:\/\/ecosupplements.be\/fr\/wp-json\/wp\/v2\/product_tag?post=300003"}],"curies":[{"name":"wp","href":"https:\/\/api.w.org\/{rel}","templated":true}]}}