{"id":300012,"date":"2025-07-25T03:00:30","date_gmt":"2025-07-25T02:00:30","guid":{"rendered":"https:\/\/ecosupplements.be\/product\/cyanotech-co-hawaiian-spirulina-1000-mg-180-tabs\/"},"modified":"2025-08-28T02:29:26","modified_gmt":"2025-08-28T01:29:26","slug":"cyanotech-co-hawaiian-spirulina-1000-mg-180-tabs","status":"publish","type":"product","link":"https:\/\/ecosupplements.be\/fr\/produit\/cyanotech-co-hawaiian-spirulina-1000-mg-180-tabs\/","title":{"rendered":"Spiruline hawa\u00efenne CYANOTECH CO, 1000 mg (180 comprim\u00e9s)"},"content":{"rendered":"<h2 class=\"title\">CYANOTECH CO Hawaiian Spirulina, 1000 mg (180 tabs)<\/h2>\n<div class=\"rte\">\n<p><strong>Ingr\u00e9dients principaux<\/strong> : Spiruline hawa\u00efenne (<em>Arthrospira platensis<\/em>), anti-agglom\u00e9rant : dioxyde de silicium, inuline de chicor\u00e9e (0,1 %), st\u00e9arate de magn\u00e9sium (0,1 %).<\/p>\n<p>Ce produit est compos\u00e9 exclusivement d&#8217;ingr\u00e9dients naturels. la spiruline utilis\u00e9e provient des eaux pures et riches en nutriments d&#8217;Hawa\u00ef, offrant une qualit\u00e9 exceptionnelle gr\u00e2ce \u00e0 un environnement optimal pour sa culture.<\/p>\n<p><strong>Contenu et emballage<\/strong>: Chaque bo\u00eete contient 180 comprim\u00e9s de spiruline.<\/p>\n<p><strong>Utilisation recommand\u00e9e<\/strong>: Prendre trois comprim\u00e9s par jour avec un verre d&#8217;eau.<\/p>\n<h3>Caract\u00e9ristiques du produit :<\/h3>\n<ul>\n<li>Fabriqu\u00e9 dans un environnement respectueux qui pr\u00e9serve la puret\u00e9 et l&#8217;int\u00e9grit\u00e9 des ingr\u00e9dients naturels.<\/li>\n<li>L&#8217;emballage est con\u00e7u pour maintenir la fra\u00eecheur et prot\u00e9ger le produit contre les \u00e9l\u00e9ments ext\u00e9rieurs.<\/li>\n<li>Aucun pesticide ou herbicide n&#8217;est utilis\u00e9 durant le processus de culture. <\/li>\n<li>Sans utilisation de produits chimiques dans le processus de s\u00e9chage et tabletage, pr\u00e9servant ainsi les qualit\u00e9s nutritionnelles initiales.<\/li>\n<\/ul>\n<p>Ce compl\u00e9ment alimentaire s&#8217;int\u00e8gre parfaitement dans une routine quotidienne pour ceux qui appr\u00e9cient les produits naturels hauts en qualit\u00e9. Il est conseill\u00e9 de conserver ce produit dans un endroit frais et sec pour maintenir sa qualit\u00e9 optimale. ne pas d\u00e9passer la dose journali\u00e8re recommand\u00e9e.Ce produit n&#8217;est pas destin\u00e9 \u00e0 substituer une alimentation vari\u00e9e.<\/p>\n<p><strong>Fabricant\/Distributeur<\/strong>: Cyanotech Corporation\/Nutrex Hawaii, USA<\/p>\n<p>Note: Ce compl\u00e9ment alimentaire ne doit pas \u00eatre utilis\u00e9 comme substitut \u00e0 une alimentation diversifi\u00e9e et \u00e9quilibr\u00e9e ni \u00e0 un mode de vie sain.<\/p>\n<\/div>\n","protected":false},"excerpt":{"rendered":"<p>CYANOTECH CO Hawaiian Spirulina, 1000 mg (180 tabs) Ingr\u00e9dients principaux : Spiruline hawa\u00efenne (Arthrospira platensis), anti-agglom\u00e9rant : dioxyde de silicium, inuline de chicor\u00e9e (0,1 %), st\u00e9arate de magn\u00e9sium (0,1 %). Ce produit est compos\u00e9 exclusivement d&#8217;ingr\u00e9dients naturels. la spiruline utilis\u00e9e provient des eaux pures et riches en nutriments d&#8217;Hawa\u00ef, offrant une qualit\u00e9 exceptionnelle gr\u00e2ce \u00e0 [&#8230;]\n","protected":false},"featured_media":274155,"comment_status":"closed","ping_status":"open","template":"","meta":[],"product_brand":[5345],"product_cat":[5171,5053],"product_tag":[],"class_list":{"0":"post-300012","1":"product","2":"type-product","3":"status-publish","4":"has-post-thumbnail","6":"product_brand-cyanotech-co-2","7":"product_cat-superaliments","8":"product_cat-vitamines-et-mineraux","10":"first","11":"instock","12":"taxable","13":"shipping-taxable","14":"purchasable","15":"product-type-simple"},"yoast_head":"<!-- This site is optimized with the Yoast SEO Premium plugin v27.3 (Yoast SEO v27.3) - https:\/\/yoast.com\/product\/yoast-seo-premium-wordpress\/ -->\n<title>Spiruline hawa\u00efenne CYANOTECH CO, 1000 mg (180 comprim\u00e9s) - ECO Supplements<\/title>\n<meta name=\"description\" content=\"Wij hebben een ruime keuze aan producten van Spiruline hawa\u00efenne CYANOTECH CO, 1000 mg (180 comprim\u00e9s) . Winkel bij Eco Supplements altijd gratis verzending boven 100\u20ac\" \/>\n<meta name=\"robots\" content=\"index, follow, max-snippet:-1, max-image-preview:large, max-video-preview:-1\" \/>\n<link rel=\"canonical\" href=\"https:\/\/ecosupplements.be\/fr\/produit\/cyanotech-co-hawaiian-spirulina-1000-mg-180-tabs\/\" \/>\n<meta property=\"og:locale\" content=\"fr_FR\" \/>\n<meta property=\"og:type\" content=\"article\" \/>\n<meta property=\"og:title\" content=\"Spiruline hawa\u00efenne CYANOTECH CO, 1000 mg (180 comprim\u00e9s)\" \/>\n<meta property=\"og:description\" content=\"Wij hebben een ruime keuze aan producten van Spiruline hawa\u00efenne CYANOTECH CO, 1000 mg (180 comprim\u00e9s) . Winkel bij Eco Supplements altijd gratis verzending boven 100\u20ac\" \/>\n<meta property=\"og:url\" content=\"https:\/\/ecosupplements.be\/fr\/produit\/cyanotech-co-hawaiian-spirulina-1000-mg-180-tabs\/\" \/>\n<meta property=\"og:site_name\" content=\"ECO Supplements\" \/>\n<meta property=\"article:modified_time\" content=\"2025-08-28T01:29:26+00:00\" \/>\n<meta property=\"og:image\" content=\"https:\/\/ecosupplements.be\/wp-content\/uploads\/2025\/08\/Cyanotech-Co-CYANOTECH-CO-Hawaiian-Spirulina-1000-mg-180-tabs.jpg\" \/>\n\t<meta property=\"og:image:width\" content=\"485\" \/>\n\t<meta property=\"og:image:height\" content=\"859\" \/>\n\t<meta property=\"og:image:type\" content=\"image\/jpeg\" \/>\n<meta name=\"twitter:card\" content=\"summary_large_image\" \/>\n<meta name=\"twitter:label1\" content=\"Prix\" \/>\n\t<meta name=\"twitter:data1\" content=\"37.27&nbsp;&euro;\" \/>\n\t<meta name=\"twitter:label2\" content=\"Disponibilit\u00e9\" \/>\n\t<meta name=\"twitter:data2\" content=\"En stock\" \/>\n<script type=\"application\/ld+json\" class=\"yoast-schema-graph\">{\"@context\":\"https:\\\/\\\/schema.org\",\"@graph\":[{\"@type\":[\"WebPage\",\"ItemPage\"],\"@id\":\"https:\\\/\\\/ecosupplements.be\\\/fr\\\/produit\\\/cyanotech-co-hawaiian-spirulina-1000-mg-180-tabs\\\/\",\"url\":\"https:\\\/\\\/ecosupplements.be\\\/fr\\\/produit\\\/cyanotech-co-hawaiian-spirulina-1000-mg-180-tabs\\\/\",\"name\":\"Spiruline hawa\u00efenne CYANOTECH CO, 1000 mg (180 comprim\u00e9s) - ECO Supplements\",\"isPartOf\":{\"@id\":\"https:\\\/\\\/ecosupplements.be\\\/fr\\\/#website\"},\"primaryImageOfPage\":{\"@id\":\"https:\\\/\\\/ecosupplements.be\\\/fr\\\/produit\\\/cyanotech-co-hawaiian-spirulina-1000-mg-180-tabs\\\/#primaryimage\"},\"image\":{\"@id\":\"https:\\\/\\\/ecosupplements.be\\\/fr\\\/produit\\\/cyanotech-co-hawaiian-spirulina-1000-mg-180-tabs\\\/#primaryimage\"},\"thumbnailUrl\":\"https:\\\/\\\/ecosupplements.be\\\/wp-content\\\/uploads\\\/2025\\\/08\\\/CYANOTECH-CO-Hawaiian-Spirulina-1000-mg-180-tabs.jpg\",\"datePublished\":\"2025-07-25T02:00:30+00:00\",\"dateModified\":\"2025-08-28T01:29:26+00:00\",\"description\":\"Wij hebben een ruime keuze aan producten van Spiruline hawa\u00efenne CYANOTECH CO, 1000 mg (180 comprim\u00e9s) . Winkel bij Eco Supplements altijd gratis verzending boven 100\u20ac\",\"breadcrumb\":{\"@id\":\"https:\\\/\\\/ecosupplements.be\\\/fr\\\/produit\\\/cyanotech-co-hawaiian-spirulina-1000-mg-180-tabs\\\/#breadcrumb\"},\"inLanguage\":\"fr-FR\",\"potentialAction\":[{\"@type\":\"ReadAction\",\"target\":[\"https:\\\/\\\/ecosupplements.be\\\/fr\\\/produit\\\/cyanotech-co-hawaiian-spirulina-1000-mg-180-tabs\\\/\"]}]},{\"@type\":\"ImageObject\",\"inLanguage\":\"fr-FR\",\"@id\":\"https:\\\/\\\/ecosupplements.be\\\/fr\\\/produit\\\/cyanotech-co-hawaiian-spirulina-1000-mg-180-tabs\\\/#primaryimage\",\"url\":\"https:\\\/\\\/ecosupplements.be\\\/wp-content\\\/uploads\\\/2025\\\/08\\\/CYANOTECH-CO-Hawaiian-Spirulina-1000-mg-180-tabs.jpg\",\"contentUrl\":\"https:\\\/\\\/ecosupplements.be\\\/wp-content\\\/uploads\\\/2025\\\/08\\\/CYANOTECH-CO-Hawaiian-Spirulina-1000-mg-180-tabs.jpg\",\"width\":485,\"height\":859},{\"@type\":\"BreadcrumbList\",\"@id\":\"https:\\\/\\\/ecosupplements.be\\\/fr\\\/produit\\\/cyanotech-co-hawaiian-spirulina-1000-mg-180-tabs\\\/#breadcrumb\",\"itemListElement\":[{\"@type\":\"ListItem\",\"position\":1,\"name\":\"Home\",\"item\":\"https:\\\/\\\/ecosupplements.be\\\/fr\\\/\"},{\"@type\":\"ListItem\",\"position\":2,\"name\":\"Boutique\",\"item\":\"https:\\\/\\\/ecosupplements.be\\\/fr\\\/boutique\\\/\"},{\"@type\":\"ListItem\",\"position\":3,\"name\":\"Spiruline hawa\u00efenne CYANOTECH CO, 1000 mg (180 comprim\u00e9s)\"}]},{\"@type\":\"WebSite\",\"@id\":\"https:\\\/\\\/ecosupplements.be\\\/fr\\\/#website\",\"url\":\"https:\\\/\\\/ecosupplements.be\\\/fr\\\/\",\"name\":\"ECO Supplements\",\"description\":\"Eco Supplements - Gezonde supplementen\",\"publisher\":{\"@id\":\"https:\\\/\\\/ecosupplements.be\\\/fr\\\/#organization\"},\"potentialAction\":[{\"@type\":\"SearchAction\",\"target\":{\"@type\":\"EntryPoint\",\"urlTemplate\":\"https:\\\/\\\/ecosupplements.be\\\/fr\\\/?s={search_term_string}\"},\"query-input\":{\"@type\":\"PropertyValueSpecification\",\"valueRequired\":true,\"valueName\":\"search_term_string\"}}],\"inLanguage\":\"fr-FR\"},{\"@type\":\"Organization\",\"@id\":\"https:\\\/\\\/ecosupplements.be\\\/fr\\\/#organization\",\"name\":\"Eco Supplements\",\"url\":\"https:\\\/\\\/ecosupplements.be\\\/fr\\\/\",\"logo\":{\"@type\":\"ImageObject\",\"inLanguage\":\"fr-FR\",\"@id\":\"https:\\\/\\\/ecosupplements.be\\\/fr\\\/#\\\/schema\\\/logo\\\/image\\\/\",\"url\":\"https:\\\/\\\/ecosupplements.be\\\/wp-content\\\/uploads\\\/2022\\\/06\\\/ecosupplement-family.png\",\"contentUrl\":\"https:\\\/\\\/ecosupplements.be\\\/wp-content\\\/uploads\\\/2022\\\/06\\\/ecosupplement-family.png\",\"width\":593,\"height\":374,\"caption\":\"Eco Supplements\"},\"image\":{\"@id\":\"https:\\\/\\\/ecosupplements.be\\\/fr\\\/#\\\/schema\\\/logo\\\/image\\\/\"}}]}<\/script>\n<meta property=\"product:brand\" content=\"Cyanotech Co\" \/>\n<meta property=\"product:price:amount\" content=\"37.27\" \/>\n<meta property=\"product:price:currency\" content=\"EUR\" \/>\n<meta property=\"og:availability\" content=\"instock\" \/>\n<meta property=\"product:availability\" content=\"instock\" \/>\n<meta property=\"product:retailer_item_id\" content=\"732894010062\" \/>\n<meta property=\"product:condition\" content=\"new\" \/>\n<!-- \/ Yoast SEO Premium plugin. -->","yoast_head_json":{"title":"Spiruline hawa\u00efenne CYANOTECH CO, 1000 mg (180 comprim\u00e9s) - ECO Supplements","description":"Wij hebben een ruime keuze aan producten van Spiruline hawa\u00efenne CYANOTECH CO, 1000 mg (180 comprim\u00e9s) . Winkel bij Eco Supplements altijd gratis verzending boven 100\u20ac","robots":{"index":"index","follow":"follow","max-snippet":"max-snippet:-1","max-image-preview":"max-image-preview:large","max-video-preview":"max-video-preview:-1"},"canonical":"https:\/\/ecosupplements.be\/fr\/produit\/cyanotech-co-hawaiian-spirulina-1000-mg-180-tabs\/","og_locale":"fr_FR","og_type":"article","og_title":"Spiruline hawa\u00efenne CYANOTECH CO, 1000 mg (180 comprim\u00e9s)","og_description":"Wij hebben een ruime keuze aan producten van Spiruline hawa\u00efenne CYANOTECH CO, 1000 mg (180 comprim\u00e9s) . Winkel bij Eco Supplements altijd gratis verzending boven 100\u20ac","og_url":"https:\/\/ecosupplements.be\/fr\/produit\/cyanotech-co-hawaiian-spirulina-1000-mg-180-tabs\/","og_site_name":"ECO Supplements","article_modified_time":"2025-08-28T01:29:26+00:00","og_image":[{"width":485,"height":859,"url":"https:\/\/ecosupplements.be\/wp-content\/uploads\/2025\/08\/Cyanotech-Co-CYANOTECH-CO-Hawaiian-Spirulina-1000-mg-180-tabs.jpg","type":"image\/jpeg"}],"twitter_card":"summary_large_image","twitter_misc":{"Prix":"37.27&nbsp;&euro;","Disponibilit\u00e9":"En stock"},"schema":{"@context":"https:\/\/schema.org","@graph":[{"@type":["WebPage","ItemPage"],"@id":"https:\/\/ecosupplements.be\/fr\/produit\/cyanotech-co-hawaiian-spirulina-1000-mg-180-tabs\/","url":"https:\/\/ecosupplements.be\/fr\/produit\/cyanotech-co-hawaiian-spirulina-1000-mg-180-tabs\/","name":"Spiruline hawa\u00efenne CYANOTECH CO, 1000 mg (180 comprim\u00e9s) - ECO Supplements","isPartOf":{"@id":"https:\/\/ecosupplements.be\/fr\/#website"},"primaryImageOfPage":{"@id":"https:\/\/ecosupplements.be\/fr\/produit\/cyanotech-co-hawaiian-spirulina-1000-mg-180-tabs\/#primaryimage"},"image":{"@id":"https:\/\/ecosupplements.be\/fr\/produit\/cyanotech-co-hawaiian-spirulina-1000-mg-180-tabs\/#primaryimage"},"thumbnailUrl":"https:\/\/ecosupplements.be\/wp-content\/uploads\/2025\/08\/CYANOTECH-CO-Hawaiian-Spirulina-1000-mg-180-tabs.jpg","datePublished":"2025-07-25T02:00:30+00:00","dateModified":"2025-08-28T01:29:26+00:00","description":"Wij hebben een ruime keuze aan producten van Spiruline hawa\u00efenne CYANOTECH CO, 1000 mg (180 comprim\u00e9s) . Winkel bij Eco Supplements altijd gratis verzending boven 100\u20ac","breadcrumb":{"@id":"https:\/\/ecosupplements.be\/fr\/produit\/cyanotech-co-hawaiian-spirulina-1000-mg-180-tabs\/#breadcrumb"},"inLanguage":"fr-FR","potentialAction":[{"@type":"ReadAction","target":["https:\/\/ecosupplements.be\/fr\/produit\/cyanotech-co-hawaiian-spirulina-1000-mg-180-tabs\/"]}]},{"@type":"ImageObject","inLanguage":"fr-FR","@id":"https:\/\/ecosupplements.be\/fr\/produit\/cyanotech-co-hawaiian-spirulina-1000-mg-180-tabs\/#primaryimage","url":"https:\/\/ecosupplements.be\/wp-content\/uploads\/2025\/08\/CYANOTECH-CO-Hawaiian-Spirulina-1000-mg-180-tabs.jpg","contentUrl":"https:\/\/ecosupplements.be\/wp-content\/uploads\/2025\/08\/CYANOTECH-CO-Hawaiian-Spirulina-1000-mg-180-tabs.jpg","width":485,"height":859},{"@type":"BreadcrumbList","@id":"https:\/\/ecosupplements.be\/fr\/produit\/cyanotech-co-hawaiian-spirulina-1000-mg-180-tabs\/#breadcrumb","itemListElement":[{"@type":"ListItem","position":1,"name":"Home","item":"https:\/\/ecosupplements.be\/fr\/"},{"@type":"ListItem","position":2,"name":"Boutique","item":"https:\/\/ecosupplements.be\/fr\/boutique\/"},{"@type":"ListItem","position":3,"name":"Spiruline hawa\u00efenne CYANOTECH CO, 1000 mg (180 comprim\u00e9s)"}]},{"@type":"WebSite","@id":"https:\/\/ecosupplements.be\/fr\/#website","url":"https:\/\/ecosupplements.be\/fr\/","name":"ECO Supplements","description":"Eco Supplements - Gezonde supplementen","publisher":{"@id":"https:\/\/ecosupplements.be\/fr\/#organization"},"potentialAction":[{"@type":"SearchAction","target":{"@type":"EntryPoint","urlTemplate":"https:\/\/ecosupplements.be\/fr\/?s={search_term_string}"},"query-input":{"@type":"PropertyValueSpecification","valueRequired":true,"valueName":"search_term_string"}}],"inLanguage":"fr-FR"},{"@type":"Organization","@id":"https:\/\/ecosupplements.be\/fr\/#organization","name":"Eco Supplements","url":"https:\/\/ecosupplements.be\/fr\/","logo":{"@type":"ImageObject","inLanguage":"fr-FR","@id":"https:\/\/ecosupplements.be\/fr\/#\/schema\/logo\/image\/","url":"https:\/\/ecosupplements.be\/wp-content\/uploads\/2022\/06\/ecosupplement-family.png","contentUrl":"https:\/\/ecosupplements.be\/wp-content\/uploads\/2022\/06\/ecosupplement-family.png","width":593,"height":374,"caption":"Eco Supplements"},"image":{"@id":"https:\/\/ecosupplements.be\/fr\/#\/schema\/logo\/image\/"}}]},"product_brand":"Cyanotech Co","product_price_amount":"37.27","product_price_currency":"EUR","og_availability":"instock","product_availability":"instock","product_retailer_item_id":"732894010062","product_condition":"new"},"_links":{"self":[{"href":"https:\/\/ecosupplements.be\/fr\/wp-json\/wp\/v2\/product\/300012","targetHints":{"allow":["GET"]}}],"collection":[{"href":"https:\/\/ecosupplements.be\/fr\/wp-json\/wp\/v2\/product"}],"about":[{"href":"https:\/\/ecosupplements.be\/fr\/wp-json\/wp\/v2\/types\/product"}],"replies":[{"embeddable":true,"href":"https:\/\/ecosupplements.be\/fr\/wp-json\/wp\/v2\/comments?post=300012"}],"wp:featuredmedia":[{"embeddable":true,"href":"https:\/\/ecosupplements.be\/fr\/wp-json\/wp\/v2\/media\/274155"}],"wp:attachment":[{"href":"https:\/\/ecosupplements.be\/fr\/wp-json\/wp\/v2\/media?parent=300012"}],"wp:term":[{"taxonomy":"product_brand","embeddable":true,"href":"https:\/\/ecosupplements.be\/fr\/wp-json\/wp\/v2\/product_brand?post=300012"},{"taxonomy":"product_cat","embeddable":true,"href":"https:\/\/ecosupplements.be\/fr\/wp-json\/wp\/v2\/product_cat?post=300012"},{"taxonomy":"product_tag","embeddable":true,"href":"https:\/\/ecosupplements.be\/fr\/wp-json\/wp\/v2\/product_tag?post=300012"}],"curies":[{"name":"wp","href":"https:\/\/api.w.org\/{rel}","templated":true}]}}