{"id":300015,"date":"2025-07-25T03:00:41","date_gmt":"2025-07-25T02:00:41","guid":{"rendered":"https:\/\/ecosupplements.be\/product\/dr-enzmann-mse-mito-d-ribose-powder-200-g-7055-oz\/"},"modified":"2025-08-28T02:29:31","modified_gmt":"2025-08-28T01:29:31","slug":"dr-enzmann-mse-mito-d-ribose-powder-200-g-7055-oz","status":"publish","type":"product","link":"https:\/\/ecosupplements.be\/fr\/produit\/dr-enzmann-mse-mito-d-ribose-powder-200-g-7055-oz\/","title":{"rendered":"Dr. Enzmann Mito-D-Ribose en poudre (200 g \/ 7,055 oz.)"},"content":{"rendered":"<p><strong>nom du produit :<\/strong> DR. ENZMANN MSE Mito-D-Ribose, Poudre (200 g \/ 7,055 oz.)<\/p>\n<p><strong>Ingr\u00e9dients principaux :<\/strong> D-ribose \u00e0 100%<\/p>\n<p>Cette poudre de haute puret\u00e9 est compos\u00e9e exclusivement de D-ribose, un composant d&#8217;origine naturelle. Elle se distingue par sa qualit\u00e9 irr\u00e9prochable et son format pratique qui s&#8217;int\u00e8gre facilement dans le quotidien.<\/p>\n<p><strong>Contenu et emballage :<\/strong> Le produit est conditionn\u00e9 dans un emballage contenant 200 grammes de poudre.<\/p>\n<p><strong>Utilisation :<\/strong> Il est recommand\u00e9 d&#8217;utiliser une cuill\u00e8re \u00e0 caf\u00e9 par jour pendant le repas, accompagn\u00e9e d&#8217;une quantit\u00e9 suffisante d&#8217;eau.<\/p>\n<p>Ce produit se pr\u00e9sente sous forme de poudre fine, ce qui facilite son utilisation au quotidien. Son go\u00fbt neutre permet une incorporation ais\u00e9e dans diverses pr\u00e9parations alimentaires sans alt\u00e9rer leur saveur originale.<\/p>\n<p><em>&#8220;Un choix parfait pour ceux qui appr\u00e9cient les ingr\u00e9dients naturels dans un mode de vie sain.&#8221;<\/em><\/p>\n<p><strong>Modes de conservation :<\/strong> Conserver dans un endroit frais et sec, hors de port\u00e9e des enfants.<\/p>\n","protected":false},"excerpt":{"rendered":"<p>nom du produit : DR. ENZMANN MSE Mito-D-Ribose, Poudre (200 g \/ 7,055 oz.) Ingr\u00e9dients principaux : D-ribose \u00e0 100% Cette poudre de haute puret\u00e9 est compos\u00e9e exclusivement de D-ribose, un composant d&#8217;origine naturelle. Elle se distingue par sa qualit\u00e9 irr\u00e9prochable et son format pratique qui s&#8217;int\u00e8gre facilement dans le quotidien. Contenu et emballage : [&#8230;]\n","protected":false},"featured_media":274158,"comment_status":"closed","ping_status":"open","template":"","meta":[],"product_brand":[5346],"product_cat":[5053],"product_tag":[],"class_list":{"0":"post-300015","1":"product","2":"type-product","3":"status-publish","4":"has-post-thumbnail","6":"product_brand-dr-enzmann-mse-2","7":"product_cat-vitamines-et-mineraux","9":"first","10":"instock","11":"taxable","12":"shipping-taxable","13":"purchasable","14":"product-type-simple"},"yoast_head":"<!-- This site is optimized with the Yoast SEO Premium plugin v27.3 (Yoast SEO v27.3) - https:\/\/yoast.com\/product\/yoast-seo-premium-wordpress\/ -->\n<title>Dr. Enzmann Mito-D-Ribose en poudre (200 g \/ 7,055 oz.) - ECO Supplements<\/title>\n<meta name=\"description\" content=\"Wij hebben een ruime keuze aan producten van Dr. Enzmann Mito-D-Ribose en poudre (200 g \/ 7,055 oz.) . Winkel bij Eco Supplements altijd gratis verzending boven 100\u20ac\" \/>\n<meta name=\"robots\" content=\"index, follow, max-snippet:-1, max-image-preview:large, max-video-preview:-1\" \/>\n<link rel=\"canonical\" href=\"https:\/\/ecosupplements.be\/fr\/produit\/dr-enzmann-mse-mito-d-ribose-powder-200-g-7055-oz\/\" \/>\n<meta property=\"og:locale\" content=\"fr_FR\" \/>\n<meta property=\"og:type\" content=\"article\" \/>\n<meta property=\"og:title\" content=\"Dr. Enzmann Mito-D-Ribose en poudre (200 g \/ 7,055 oz.)\" \/>\n<meta property=\"og:description\" content=\"Wij hebben een ruime keuze aan producten van Dr. Enzmann Mito-D-Ribose en poudre (200 g \/ 7,055 oz.) . Winkel bij Eco Supplements altijd gratis verzending boven 100\u20ac\" \/>\n<meta property=\"og:url\" content=\"https:\/\/ecosupplements.be\/fr\/produit\/dr-enzmann-mse-mito-d-ribose-powder-200-g-7055-oz\/\" \/>\n<meta property=\"og:site_name\" content=\"ECO Supplements\" \/>\n<meta property=\"article:modified_time\" content=\"2025-08-28T01:29:31+00:00\" \/>\n<meta property=\"og:image\" content=\"https:\/\/ecosupplements.be\/wp-content\/uploads\/2025\/08\/Dr.-Enzmann-MSE-DR.-ENZMANN-MSE-Mito-D-Ribose-Powder-200-g-7055-oz.jpg\" \/>\n\t<meta property=\"og:image:width\" content=\"430\" \/>\n\t<meta property=\"og:image:height\" content=\"500\" \/>\n\t<meta property=\"og:image:type\" content=\"image\/jpeg\" \/>\n<meta name=\"twitter:card\" content=\"summary_large_image\" \/>\n<meta name=\"twitter:label1\" content=\"Prix\" \/>\n\t<meta name=\"twitter:data1\" content=\"59.96&nbsp;&euro;\" \/>\n\t<meta name=\"twitter:label2\" content=\"Disponibilit\u00e9\" \/>\n\t<meta name=\"twitter:data2\" content=\"En stock\" \/>\n<script type=\"application\/ld+json\" class=\"yoast-schema-graph\">{\"@context\":\"https:\\\/\\\/schema.org\",\"@graph\":[{\"@type\":[\"WebPage\",\"ItemPage\"],\"@id\":\"https:\\\/\\\/ecosupplements.be\\\/fr\\\/produit\\\/dr-enzmann-mse-mito-d-ribose-powder-200-g-7055-oz\\\/\",\"url\":\"https:\\\/\\\/ecosupplements.be\\\/fr\\\/produit\\\/dr-enzmann-mse-mito-d-ribose-powder-200-g-7055-oz\\\/\",\"name\":\"Dr. Enzmann Mito-D-Ribose en poudre (200 g \\\/ 7,055 oz.) - ECO Supplements\",\"isPartOf\":{\"@id\":\"https:\\\/\\\/ecosupplements.be\\\/fr\\\/#website\"},\"primaryImageOfPage\":{\"@id\":\"https:\\\/\\\/ecosupplements.be\\\/fr\\\/produit\\\/dr-enzmann-mse-mito-d-ribose-powder-200-g-7055-oz\\\/#primaryimage\"},\"image\":{\"@id\":\"https:\\\/\\\/ecosupplements.be\\\/fr\\\/produit\\\/dr-enzmann-mse-mito-d-ribose-powder-200-g-7055-oz\\\/#primaryimage\"},\"thumbnailUrl\":\"https:\\\/\\\/ecosupplements.be\\\/wp-content\\\/uploads\\\/2025\\\/08\\\/DR.-ENZMANN-MSE-Mito-D-Ribose-Powder-200-g-7055-oz.jpg\",\"datePublished\":\"2025-07-25T02:00:41+00:00\",\"dateModified\":\"2025-08-28T01:29:31+00:00\",\"description\":\"Wij hebben een ruime keuze aan producten van Dr. Enzmann Mito-D-Ribose en poudre (200 g \\\/ 7,055 oz.) . Winkel bij Eco Supplements altijd gratis verzending boven 100\u20ac\",\"breadcrumb\":{\"@id\":\"https:\\\/\\\/ecosupplements.be\\\/fr\\\/produit\\\/dr-enzmann-mse-mito-d-ribose-powder-200-g-7055-oz\\\/#breadcrumb\"},\"inLanguage\":\"fr-FR\",\"potentialAction\":[{\"@type\":\"ReadAction\",\"target\":[\"https:\\\/\\\/ecosupplements.be\\\/fr\\\/produit\\\/dr-enzmann-mse-mito-d-ribose-powder-200-g-7055-oz\\\/\"]}]},{\"@type\":\"ImageObject\",\"inLanguage\":\"fr-FR\",\"@id\":\"https:\\\/\\\/ecosupplements.be\\\/fr\\\/produit\\\/dr-enzmann-mse-mito-d-ribose-powder-200-g-7055-oz\\\/#primaryimage\",\"url\":\"https:\\\/\\\/ecosupplements.be\\\/wp-content\\\/uploads\\\/2025\\\/08\\\/DR.-ENZMANN-MSE-Mito-D-Ribose-Powder-200-g-7055-oz.jpg\",\"contentUrl\":\"https:\\\/\\\/ecosupplements.be\\\/wp-content\\\/uploads\\\/2025\\\/08\\\/DR.-ENZMANN-MSE-Mito-D-Ribose-Powder-200-g-7055-oz.jpg\",\"width\":430,\"height\":500},{\"@type\":\"BreadcrumbList\",\"@id\":\"https:\\\/\\\/ecosupplements.be\\\/fr\\\/produit\\\/dr-enzmann-mse-mito-d-ribose-powder-200-g-7055-oz\\\/#breadcrumb\",\"itemListElement\":[{\"@type\":\"ListItem\",\"position\":1,\"name\":\"Home\",\"item\":\"https:\\\/\\\/ecosupplements.be\\\/fr\\\/\"},{\"@type\":\"ListItem\",\"position\":2,\"name\":\"Boutique\",\"item\":\"https:\\\/\\\/ecosupplements.be\\\/fr\\\/boutique\\\/\"},{\"@type\":\"ListItem\",\"position\":3,\"name\":\"Dr. Enzmann Mito-D-Ribose en poudre (200 g \\\/ 7,055 oz.)\"}]},{\"@type\":\"WebSite\",\"@id\":\"https:\\\/\\\/ecosupplements.be\\\/fr\\\/#website\",\"url\":\"https:\\\/\\\/ecosupplements.be\\\/fr\\\/\",\"name\":\"ECO Supplements\",\"description\":\"Eco Supplements - Gezonde supplementen\",\"publisher\":{\"@id\":\"https:\\\/\\\/ecosupplements.be\\\/fr\\\/#organization\"},\"potentialAction\":[{\"@type\":\"SearchAction\",\"target\":{\"@type\":\"EntryPoint\",\"urlTemplate\":\"https:\\\/\\\/ecosupplements.be\\\/fr\\\/?s={search_term_string}\"},\"query-input\":{\"@type\":\"PropertyValueSpecification\",\"valueRequired\":true,\"valueName\":\"search_term_string\"}}],\"inLanguage\":\"fr-FR\"},{\"@type\":\"Organization\",\"@id\":\"https:\\\/\\\/ecosupplements.be\\\/fr\\\/#organization\",\"name\":\"Eco Supplements\",\"url\":\"https:\\\/\\\/ecosupplements.be\\\/fr\\\/\",\"logo\":{\"@type\":\"ImageObject\",\"inLanguage\":\"fr-FR\",\"@id\":\"https:\\\/\\\/ecosupplements.be\\\/fr\\\/#\\\/schema\\\/logo\\\/image\\\/\",\"url\":\"https:\\\/\\\/ecosupplements.be\\\/wp-content\\\/uploads\\\/2022\\\/06\\\/ecosupplement-family.png\",\"contentUrl\":\"https:\\\/\\\/ecosupplements.be\\\/wp-content\\\/uploads\\\/2022\\\/06\\\/ecosupplement-family.png\",\"width\":593,\"height\":374,\"caption\":\"Eco Supplements\"},\"image\":{\"@id\":\"https:\\\/\\\/ecosupplements.be\\\/fr\\\/#\\\/schema\\\/logo\\\/image\\\/\"}}]}<\/script>\n<meta property=\"product:brand\" content=\"Dr. Enzmann MSE\" \/>\n<meta property=\"product:price:amount\" content=\"59.96\" \/>\n<meta property=\"product:price:currency\" content=\"EUR\" \/>\n<meta property=\"og:availability\" content=\"instock\" \/>\n<meta property=\"product:availability\" content=\"instock\" \/>\n<meta property=\"product:retailer_item_id\" content=\"5906642021159\" \/>\n<meta property=\"product:condition\" content=\"new\" \/>\n<!-- \/ Yoast SEO Premium plugin. -->","yoast_head_json":{"title":"Dr. Enzmann Mito-D-Ribose en poudre (200 g \/ 7,055 oz.) - ECO Supplements","description":"Wij hebben een ruime keuze aan producten van Dr. Enzmann Mito-D-Ribose en poudre (200 g \/ 7,055 oz.) . Winkel bij Eco Supplements altijd gratis verzending boven 100\u20ac","robots":{"index":"index","follow":"follow","max-snippet":"max-snippet:-1","max-image-preview":"max-image-preview:large","max-video-preview":"max-video-preview:-1"},"canonical":"https:\/\/ecosupplements.be\/fr\/produit\/dr-enzmann-mse-mito-d-ribose-powder-200-g-7055-oz\/","og_locale":"fr_FR","og_type":"article","og_title":"Dr. Enzmann Mito-D-Ribose en poudre (200 g \/ 7,055 oz.)","og_description":"Wij hebben een ruime keuze aan producten van Dr. Enzmann Mito-D-Ribose en poudre (200 g \/ 7,055 oz.) . Winkel bij Eco Supplements altijd gratis verzending boven 100\u20ac","og_url":"https:\/\/ecosupplements.be\/fr\/produit\/dr-enzmann-mse-mito-d-ribose-powder-200-g-7055-oz\/","og_site_name":"ECO Supplements","article_modified_time":"2025-08-28T01:29:31+00:00","og_image":[{"width":430,"height":500,"url":"https:\/\/ecosupplements.be\/wp-content\/uploads\/2025\/08\/Dr.-Enzmann-MSE-DR.-ENZMANN-MSE-Mito-D-Ribose-Powder-200-g-7055-oz.jpg","type":"image\/jpeg"}],"twitter_card":"summary_large_image","twitter_misc":{"Prix":"59.96&nbsp;&euro;","Disponibilit\u00e9":"En stock"},"schema":{"@context":"https:\/\/schema.org","@graph":[{"@type":["WebPage","ItemPage"],"@id":"https:\/\/ecosupplements.be\/fr\/produit\/dr-enzmann-mse-mito-d-ribose-powder-200-g-7055-oz\/","url":"https:\/\/ecosupplements.be\/fr\/produit\/dr-enzmann-mse-mito-d-ribose-powder-200-g-7055-oz\/","name":"Dr. Enzmann Mito-D-Ribose en poudre (200 g \/ 7,055 oz.) - ECO Supplements","isPartOf":{"@id":"https:\/\/ecosupplements.be\/fr\/#website"},"primaryImageOfPage":{"@id":"https:\/\/ecosupplements.be\/fr\/produit\/dr-enzmann-mse-mito-d-ribose-powder-200-g-7055-oz\/#primaryimage"},"image":{"@id":"https:\/\/ecosupplements.be\/fr\/produit\/dr-enzmann-mse-mito-d-ribose-powder-200-g-7055-oz\/#primaryimage"},"thumbnailUrl":"https:\/\/ecosupplements.be\/wp-content\/uploads\/2025\/08\/DR.-ENZMANN-MSE-Mito-D-Ribose-Powder-200-g-7055-oz.jpg","datePublished":"2025-07-25T02:00:41+00:00","dateModified":"2025-08-28T01:29:31+00:00","description":"Wij hebben een ruime keuze aan producten van Dr. Enzmann Mito-D-Ribose en poudre (200 g \/ 7,055 oz.) . Winkel bij Eco Supplements altijd gratis verzending boven 100\u20ac","breadcrumb":{"@id":"https:\/\/ecosupplements.be\/fr\/produit\/dr-enzmann-mse-mito-d-ribose-powder-200-g-7055-oz\/#breadcrumb"},"inLanguage":"fr-FR","potentialAction":[{"@type":"ReadAction","target":["https:\/\/ecosupplements.be\/fr\/produit\/dr-enzmann-mse-mito-d-ribose-powder-200-g-7055-oz\/"]}]},{"@type":"ImageObject","inLanguage":"fr-FR","@id":"https:\/\/ecosupplements.be\/fr\/produit\/dr-enzmann-mse-mito-d-ribose-powder-200-g-7055-oz\/#primaryimage","url":"https:\/\/ecosupplements.be\/wp-content\/uploads\/2025\/08\/DR.-ENZMANN-MSE-Mito-D-Ribose-Powder-200-g-7055-oz.jpg","contentUrl":"https:\/\/ecosupplements.be\/wp-content\/uploads\/2025\/08\/DR.-ENZMANN-MSE-Mito-D-Ribose-Powder-200-g-7055-oz.jpg","width":430,"height":500},{"@type":"BreadcrumbList","@id":"https:\/\/ecosupplements.be\/fr\/produit\/dr-enzmann-mse-mito-d-ribose-powder-200-g-7055-oz\/#breadcrumb","itemListElement":[{"@type":"ListItem","position":1,"name":"Home","item":"https:\/\/ecosupplements.be\/fr\/"},{"@type":"ListItem","position":2,"name":"Boutique","item":"https:\/\/ecosupplements.be\/fr\/boutique\/"},{"@type":"ListItem","position":3,"name":"Dr. Enzmann Mito-D-Ribose en poudre (200 g \/ 7,055 oz.)"}]},{"@type":"WebSite","@id":"https:\/\/ecosupplements.be\/fr\/#website","url":"https:\/\/ecosupplements.be\/fr\/","name":"ECO Supplements","description":"Eco Supplements - Gezonde supplementen","publisher":{"@id":"https:\/\/ecosupplements.be\/fr\/#organization"},"potentialAction":[{"@type":"SearchAction","target":{"@type":"EntryPoint","urlTemplate":"https:\/\/ecosupplements.be\/fr\/?s={search_term_string}"},"query-input":{"@type":"PropertyValueSpecification","valueRequired":true,"valueName":"search_term_string"}}],"inLanguage":"fr-FR"},{"@type":"Organization","@id":"https:\/\/ecosupplements.be\/fr\/#organization","name":"Eco Supplements","url":"https:\/\/ecosupplements.be\/fr\/","logo":{"@type":"ImageObject","inLanguage":"fr-FR","@id":"https:\/\/ecosupplements.be\/fr\/#\/schema\/logo\/image\/","url":"https:\/\/ecosupplements.be\/wp-content\/uploads\/2022\/06\/ecosupplement-family.png","contentUrl":"https:\/\/ecosupplements.be\/wp-content\/uploads\/2022\/06\/ecosupplement-family.png","width":593,"height":374,"caption":"Eco Supplements"},"image":{"@id":"https:\/\/ecosupplements.be\/fr\/#\/schema\/logo\/image\/"}}]},"product_brand":"Dr. Enzmann MSE","product_price_amount":"59.96","product_price_currency":"EUR","og_availability":"instock","product_availability":"instock","product_retailer_item_id":"5906642021159","product_condition":"new"},"_links":{"self":[{"href":"https:\/\/ecosupplements.be\/fr\/wp-json\/wp\/v2\/product\/300015","targetHints":{"allow":["GET"]}}],"collection":[{"href":"https:\/\/ecosupplements.be\/fr\/wp-json\/wp\/v2\/product"}],"about":[{"href":"https:\/\/ecosupplements.be\/fr\/wp-json\/wp\/v2\/types\/product"}],"replies":[{"embeddable":true,"href":"https:\/\/ecosupplements.be\/fr\/wp-json\/wp\/v2\/comments?post=300015"}],"wp:featuredmedia":[{"embeddable":true,"href":"https:\/\/ecosupplements.be\/fr\/wp-json\/wp\/v2\/media\/274158"}],"wp:attachment":[{"href":"https:\/\/ecosupplements.be\/fr\/wp-json\/wp\/v2\/media?parent=300015"}],"wp:term":[{"taxonomy":"product_brand","embeddable":true,"href":"https:\/\/ecosupplements.be\/fr\/wp-json\/wp\/v2\/product_brand?post=300015"},{"taxonomy":"product_cat","embeddable":true,"href":"https:\/\/ecosupplements.be\/fr\/wp-json\/wp\/v2\/product_cat?post=300015"},{"taxonomy":"product_tag","embeddable":true,"href":"https:\/\/ecosupplements.be\/fr\/wp-json\/wp\/v2\/product_tag?post=300015"}],"curies":[{"name":"wp","href":"https:\/\/api.w.org\/{rel}","templated":true}]}}