{"id":300045,"date":"2025-07-25T03:01:02","date_gmt":"2025-07-25T02:01:02","guid":{"rendered":"https:\/\/ecosupplements.be\/product\/dr-enzmann-mse-cynkomit-mse-60-caps\/"},"modified":"2025-08-28T02:30:09","modified_gmt":"2025-08-28T01:30:09","slug":"dr-enzmann-mse-cynkomit-mse-60-caps","status":"publish","type":"product","link":"https:\/\/ecosupplements.be\/fr\/produit\/dr-enzmann-mse-cynkomit-mse-60-caps\/","title":{"rendered":"Dr. Enzmann Cynkomit (60 g\u00e9lules)"},"content":{"rendered":"<h2>DR. ENZMANN MSE Cynkomit MSE (60 caps)<\/h2>\n<p>D\u00e9couvrez DR. ENZMANN MSE Cynkomit MSE, un choix parfait pour ceux qui appr\u00e9cient les ingr\u00e9dients de haute qualit\u00e9 dans leur quotidien. Ce produit est con\u00e7u pour s&#8217;int\u00e9grer facilement \u00e0 votre routine journali\u00e8re gr\u00e2ce \u00e0 son format pratique de 60 capsules.<\/p>\n<h3>Ingr\u00e9dients principaux<\/h3>\n<p>Ce compl\u00e9ment contient du zinc sous forme de diglycinate, connu pour sa grande puret\u00e9 et son origine naturelle. Les autres composants incluent la maltodextrine, l&#8217;hydroxypropylm\u00e9thylcellulose utilis\u00e9e comme agent d&#8217;enrobage, la gomme gellan comme \u00e9paississant et la cellulose microcristalline comme agent de remplissage. Les sels magn\u00e9siens d&#8217;acides gras et le dioxyde de silicium servent d&#8217;agents anti-agglom\u00e9rants.<\/p>\n<h3>Utilisation<\/h3>\n<p>La dose recommand\u00e9e est d&#8217;une capsule par jour, id\u00e9alement consomm\u00e9e avant ou pendant un repas avec suffisamment d&#8217;eau.<\/p>\n<h3>caract\u00e9ristiques pratiques<\/h3>\n<p>Ce produit se distingue par sa facilit\u00e9 d&#8217;utilisation au quotidien et son emballage con\u00e7u pour une conservation optimale. Il est recommand\u00e9 de garder le flacon bien ferm\u00e9 dans un endroit sec et frais, hors de port\u00e9e des enfants.<\/p>\n<p><strong>Note:<\/strong> Il est important de ne pas d\u00e9passer la dose journali\u00e8re recommand\u00e9e. Les compl\u00e9ments alimentaires ne doivent pas \u00eatre utilis\u00e9s comme substitut \u00e0 une alimentation vari\u00e9e et \u00e9quilibr\u00e9e ni \u00e0 un mode de vie sain.<\/p>\n<p>Avec DR. ENZMANN MSE cynkomit MSE, int\u00e9grez simplement des \u00e9l\u00e9ments naturels dans votre routine tout en maintenant un style de vie actif sans compromis sur la qualit\u00e9.<\/p>\n","protected":false},"excerpt":{"rendered":"<p>DR. ENZMANN MSE Cynkomit MSE (60 caps) D\u00e9couvrez DR. ENZMANN MSE Cynkomit MSE, un choix parfait pour ceux qui appr\u00e9cient les ingr\u00e9dients de haute qualit\u00e9 dans leur quotidien. Ce produit est con\u00e7u pour s&#8217;int\u00e9grer facilement \u00e0 votre routine journali\u00e8re gr\u00e2ce \u00e0 son format pratique de 60 capsules. Ingr\u00e9dients principaux Ce compl\u00e9ment contient du zinc sous [&#8230;]\n","protected":false},"featured_media":274188,"comment_status":"closed","ping_status":"open","template":"","meta":[],"product_brand":[5346],"product_cat":[5064,5053],"product_tag":[],"class_list":{"0":"post-300045","1":"product","2":"type-product","3":"status-publish","4":"has-post-thumbnail","6":"product_brand-dr-enzmann-mse-2","7":"product_cat-mineraux-simples","8":"product_cat-vitamines-et-mineraux","10":"first","11":"instock","12":"taxable","13":"shipping-taxable","14":"purchasable","15":"product-type-simple"},"yoast_head":"<!-- This site is optimized with the Yoast SEO Premium plugin v27.5 (Yoast SEO v27.5) - https:\/\/yoast.com\/product\/yoast-seo-premium-wordpress\/ -->\n<title>Dr. Enzmann Cynkomit (60 g\u00e9lules) - ECO Supplements<\/title>\n<meta name=\"description\" content=\"Wij hebben een ruime keuze aan producten van Dr. Enzmann Cynkomit (60 g\u00e9lules) . Winkel bij Eco Supplements altijd gratis verzending boven 100\u20ac\" \/>\n<meta name=\"robots\" content=\"index, follow, max-snippet:-1, max-image-preview:large, max-video-preview:-1\" \/>\n<link rel=\"canonical\" href=\"https:\/\/ecosupplements.be\/fr\/produit\/dr-enzmann-mse-cynkomit-mse-60-caps\/\" \/>\n<meta property=\"og:locale\" content=\"fr_FR\" \/>\n<meta property=\"og:type\" content=\"article\" \/>\n<meta property=\"og:title\" content=\"Dr. Enzmann Cynkomit (60 g\u00e9lules)\" \/>\n<meta property=\"og:description\" content=\"Wij hebben een ruime keuze aan producten van Dr. Enzmann Cynkomit (60 g\u00e9lules) . Winkel bij Eco Supplements altijd gratis verzending boven 100\u20ac\" \/>\n<meta property=\"og:url\" content=\"https:\/\/ecosupplements.be\/fr\/produit\/dr-enzmann-mse-cynkomit-mse-60-caps\/\" \/>\n<meta property=\"og:site_name\" content=\"ECO Supplements\" \/>\n<meta property=\"article:modified_time\" content=\"2025-08-28T01:30:09+00:00\" \/>\n<meta property=\"og:image\" content=\"https:\/\/ecosupplements.be\/wp-content\/uploads\/2025\/08\/Dr.-Enzmann-MSE-DR.-ENZMANN-MSE-Cynkomit-MSE-60-caps.jpg\" \/>\n\t<meta property=\"og:image:width\" content=\"1080\" \/>\n\t<meta property=\"og:image:height\" content=\"1527\" \/>\n\t<meta property=\"og:image:type\" content=\"image\/jpeg\" \/>\n<meta name=\"twitter:card\" content=\"summary_large_image\" \/>\n<meta name=\"twitter:label1\" content=\"Prix\" \/>\n\t<meta name=\"twitter:data1\" content=\"33.55&nbsp;&euro;\" \/>\n\t<meta name=\"twitter:label2\" content=\"Disponibilit\u00e9\" \/>\n\t<meta name=\"twitter:data2\" content=\"En stock\" \/>\n<script type=\"application\/ld+json\" class=\"yoast-schema-graph\">{\"@context\":\"https:\\\/\\\/schema.org\",\"@graph\":[{\"@type\":[\"WebPage\",\"ItemPage\"],\"@id\":\"https:\\\/\\\/ecosupplements.be\\\/fr\\\/produit\\\/dr-enzmann-mse-cynkomit-mse-60-caps\\\/\",\"url\":\"https:\\\/\\\/ecosupplements.be\\\/fr\\\/produit\\\/dr-enzmann-mse-cynkomit-mse-60-caps\\\/\",\"name\":\"Dr. Enzmann Cynkomit (60 g\u00e9lules) - ECO Supplements\",\"isPartOf\":{\"@id\":\"https:\\\/\\\/ecosupplements.be\\\/fr\\\/#website\"},\"primaryImageOfPage\":{\"@id\":\"https:\\\/\\\/ecosupplements.be\\\/fr\\\/produit\\\/dr-enzmann-mse-cynkomit-mse-60-caps\\\/#primaryimage\"},\"image\":{\"@id\":\"https:\\\/\\\/ecosupplements.be\\\/fr\\\/produit\\\/dr-enzmann-mse-cynkomit-mse-60-caps\\\/#primaryimage\"},\"thumbnailUrl\":\"https:\\\/\\\/ecosupplements.be\\\/wp-content\\\/uploads\\\/2025\\\/08\\\/DR.-ENZMANN-MSE-Cynkomit-MSE-60-caps.jpg\",\"datePublished\":\"2025-07-25T02:01:02+00:00\",\"dateModified\":\"2025-08-28T01:30:09+00:00\",\"description\":\"Wij hebben een ruime keuze aan producten van Dr. Enzmann Cynkomit (60 g\u00e9lules) . Winkel bij Eco Supplements altijd gratis verzending boven 100\u20ac\",\"breadcrumb\":{\"@id\":\"https:\\\/\\\/ecosupplements.be\\\/fr\\\/produit\\\/dr-enzmann-mse-cynkomit-mse-60-caps\\\/#breadcrumb\"},\"inLanguage\":\"fr-FR\",\"potentialAction\":[{\"@type\":\"ReadAction\",\"target\":[\"https:\\\/\\\/ecosupplements.be\\\/fr\\\/produit\\\/dr-enzmann-mse-cynkomit-mse-60-caps\\\/\"]}]},{\"@type\":\"ImageObject\",\"inLanguage\":\"fr-FR\",\"@id\":\"https:\\\/\\\/ecosupplements.be\\\/fr\\\/produit\\\/dr-enzmann-mse-cynkomit-mse-60-caps\\\/#primaryimage\",\"url\":\"https:\\\/\\\/ecosupplements.be\\\/wp-content\\\/uploads\\\/2025\\\/08\\\/DR.-ENZMANN-MSE-Cynkomit-MSE-60-caps.jpg\",\"contentUrl\":\"https:\\\/\\\/ecosupplements.be\\\/wp-content\\\/uploads\\\/2025\\\/08\\\/DR.-ENZMANN-MSE-Cynkomit-MSE-60-caps.jpg\",\"width\":1080,\"height\":1527},{\"@type\":\"BreadcrumbList\",\"@id\":\"https:\\\/\\\/ecosupplements.be\\\/fr\\\/produit\\\/dr-enzmann-mse-cynkomit-mse-60-caps\\\/#breadcrumb\",\"itemListElement\":[{\"@type\":\"ListItem\",\"position\":1,\"name\":\"Home\",\"item\":\"https:\\\/\\\/ecosupplements.be\\\/fr\\\/\"},{\"@type\":\"ListItem\",\"position\":2,\"name\":\"Boutique\",\"item\":\"https:\\\/\\\/ecosupplements.be\\\/fr\\\/boutique\\\/\"},{\"@type\":\"ListItem\",\"position\":3,\"name\":\"Dr. Enzmann Cynkomit (60 g\u00e9lules)\"}]},{\"@type\":\"WebSite\",\"@id\":\"https:\\\/\\\/ecosupplements.be\\\/fr\\\/#website\",\"url\":\"https:\\\/\\\/ecosupplements.be\\\/fr\\\/\",\"name\":\"ECO Supplements\",\"description\":\"Eco Supplements - Gezonde supplementen\",\"publisher\":{\"@id\":\"https:\\\/\\\/ecosupplements.be\\\/fr\\\/#organization\"},\"potentialAction\":[{\"@type\":\"SearchAction\",\"target\":{\"@type\":\"EntryPoint\",\"urlTemplate\":\"https:\\\/\\\/ecosupplements.be\\\/fr\\\/?s={search_term_string}\"},\"query-input\":{\"@type\":\"PropertyValueSpecification\",\"valueRequired\":true,\"valueName\":\"search_term_string\"}}],\"inLanguage\":\"fr-FR\"},{\"@type\":\"Organization\",\"@id\":\"https:\\\/\\\/ecosupplements.be\\\/fr\\\/#organization\",\"name\":\"Eco Supplements\",\"url\":\"https:\\\/\\\/ecosupplements.be\\\/fr\\\/\",\"logo\":{\"@type\":\"ImageObject\",\"inLanguage\":\"fr-FR\",\"@id\":\"https:\\\/\\\/ecosupplements.be\\\/fr\\\/#\\\/schema\\\/logo\\\/image\\\/\",\"url\":\"https:\\\/\\\/ecosupplements.be\\\/wp-content\\\/uploads\\\/2022\\\/06\\\/ecosupplement-family.png\",\"contentUrl\":\"https:\\\/\\\/ecosupplements.be\\\/wp-content\\\/uploads\\\/2022\\\/06\\\/ecosupplement-family.png\",\"width\":593,\"height\":374,\"caption\":\"Eco Supplements\"},\"image\":{\"@id\":\"https:\\\/\\\/ecosupplements.be\\\/fr\\\/#\\\/schema\\\/logo\\\/image\\\/\"}}]}<\/script>\n<meta property=\"product:brand\" content=\"Dr. Enzmann MSE\" \/>\n<meta property=\"product:price:amount\" content=\"33.55\" \/>\n<meta property=\"product:price:currency\" content=\"EUR\" \/>\n<meta property=\"og:availability\" content=\"instock\" \/>\n<meta property=\"product:availability\" content=\"instock\" \/>\n<meta property=\"product:retailer_item_id\" content=\"5906642020145\" \/>\n<meta property=\"product:condition\" content=\"new\" \/>\n<!-- \/ Yoast SEO Premium plugin. -->","yoast_head_json":{"title":"Dr. Enzmann Cynkomit (60 g\u00e9lules) - ECO Supplements","description":"Wij hebben een ruime keuze aan producten van Dr. Enzmann Cynkomit (60 g\u00e9lules) . Winkel bij Eco Supplements altijd gratis verzending boven 100\u20ac","robots":{"index":"index","follow":"follow","max-snippet":"max-snippet:-1","max-image-preview":"max-image-preview:large","max-video-preview":"max-video-preview:-1"},"canonical":"https:\/\/ecosupplements.be\/fr\/produit\/dr-enzmann-mse-cynkomit-mse-60-caps\/","og_locale":"fr_FR","og_type":"article","og_title":"Dr. Enzmann Cynkomit (60 g\u00e9lules)","og_description":"Wij hebben een ruime keuze aan producten van Dr. Enzmann Cynkomit (60 g\u00e9lules) . Winkel bij Eco Supplements altijd gratis verzending boven 100\u20ac","og_url":"https:\/\/ecosupplements.be\/fr\/produit\/dr-enzmann-mse-cynkomit-mse-60-caps\/","og_site_name":"ECO Supplements","article_modified_time":"2025-08-28T01:30:09+00:00","og_image":[{"width":1080,"height":1527,"url":"https:\/\/ecosupplements.be\/wp-content\/uploads\/2025\/08\/Dr.-Enzmann-MSE-DR.-ENZMANN-MSE-Cynkomit-MSE-60-caps.jpg","type":"image\/jpeg"}],"twitter_card":"summary_large_image","twitter_misc":{"Prix":"33.55&nbsp;&euro;","Disponibilit\u00e9":"En stock"},"schema":{"@context":"https:\/\/schema.org","@graph":[{"@type":["WebPage","ItemPage"],"@id":"https:\/\/ecosupplements.be\/fr\/produit\/dr-enzmann-mse-cynkomit-mse-60-caps\/","url":"https:\/\/ecosupplements.be\/fr\/produit\/dr-enzmann-mse-cynkomit-mse-60-caps\/","name":"Dr. Enzmann Cynkomit (60 g\u00e9lules) - ECO Supplements","isPartOf":{"@id":"https:\/\/ecosupplements.be\/fr\/#website"},"primaryImageOfPage":{"@id":"https:\/\/ecosupplements.be\/fr\/produit\/dr-enzmann-mse-cynkomit-mse-60-caps\/#primaryimage"},"image":{"@id":"https:\/\/ecosupplements.be\/fr\/produit\/dr-enzmann-mse-cynkomit-mse-60-caps\/#primaryimage"},"thumbnailUrl":"https:\/\/ecosupplements.be\/wp-content\/uploads\/2025\/08\/DR.-ENZMANN-MSE-Cynkomit-MSE-60-caps.jpg","datePublished":"2025-07-25T02:01:02+00:00","dateModified":"2025-08-28T01:30:09+00:00","description":"Wij hebben een ruime keuze aan producten van Dr. Enzmann Cynkomit (60 g\u00e9lules) . Winkel bij Eco Supplements altijd gratis verzending boven 100\u20ac","breadcrumb":{"@id":"https:\/\/ecosupplements.be\/fr\/produit\/dr-enzmann-mse-cynkomit-mse-60-caps\/#breadcrumb"},"inLanguage":"fr-FR","potentialAction":[{"@type":"ReadAction","target":["https:\/\/ecosupplements.be\/fr\/produit\/dr-enzmann-mse-cynkomit-mse-60-caps\/"]}]},{"@type":"ImageObject","inLanguage":"fr-FR","@id":"https:\/\/ecosupplements.be\/fr\/produit\/dr-enzmann-mse-cynkomit-mse-60-caps\/#primaryimage","url":"https:\/\/ecosupplements.be\/wp-content\/uploads\/2025\/08\/DR.-ENZMANN-MSE-Cynkomit-MSE-60-caps.jpg","contentUrl":"https:\/\/ecosupplements.be\/wp-content\/uploads\/2025\/08\/DR.-ENZMANN-MSE-Cynkomit-MSE-60-caps.jpg","width":1080,"height":1527},{"@type":"BreadcrumbList","@id":"https:\/\/ecosupplements.be\/fr\/produit\/dr-enzmann-mse-cynkomit-mse-60-caps\/#breadcrumb","itemListElement":[{"@type":"ListItem","position":1,"name":"Home","item":"https:\/\/ecosupplements.be\/fr\/"},{"@type":"ListItem","position":2,"name":"Boutique","item":"https:\/\/ecosupplements.be\/fr\/boutique\/"},{"@type":"ListItem","position":3,"name":"Dr. Enzmann Cynkomit (60 g\u00e9lules)"}]},{"@type":"WebSite","@id":"https:\/\/ecosupplements.be\/fr\/#website","url":"https:\/\/ecosupplements.be\/fr\/","name":"ECO Supplements","description":"Eco Supplements - Gezonde supplementen","publisher":{"@id":"https:\/\/ecosupplements.be\/fr\/#organization"},"potentialAction":[{"@type":"SearchAction","target":{"@type":"EntryPoint","urlTemplate":"https:\/\/ecosupplements.be\/fr\/?s={search_term_string}"},"query-input":{"@type":"PropertyValueSpecification","valueRequired":true,"valueName":"search_term_string"}}],"inLanguage":"fr-FR"},{"@type":"Organization","@id":"https:\/\/ecosupplements.be\/fr\/#organization","name":"Eco Supplements","url":"https:\/\/ecosupplements.be\/fr\/","logo":{"@type":"ImageObject","inLanguage":"fr-FR","@id":"https:\/\/ecosupplements.be\/fr\/#\/schema\/logo\/image\/","url":"https:\/\/ecosupplements.be\/wp-content\/uploads\/2022\/06\/ecosupplement-family.png","contentUrl":"https:\/\/ecosupplements.be\/wp-content\/uploads\/2022\/06\/ecosupplement-family.png","width":593,"height":374,"caption":"Eco Supplements"},"image":{"@id":"https:\/\/ecosupplements.be\/fr\/#\/schema\/logo\/image\/"}}]},"product_brand":"Dr. Enzmann MSE","product_price_amount":"33.55","product_price_currency":"EUR","og_availability":"instock","product_availability":"instock","product_retailer_item_id":"5906642020145","product_condition":"new"},"_links":{"self":[{"href":"https:\/\/ecosupplements.be\/fr\/wp-json\/wp\/v2\/product\/300045","targetHints":{"allow":["GET"]}}],"collection":[{"href":"https:\/\/ecosupplements.be\/fr\/wp-json\/wp\/v2\/product"}],"about":[{"href":"https:\/\/ecosupplements.be\/fr\/wp-json\/wp\/v2\/types\/product"}],"replies":[{"embeddable":true,"href":"https:\/\/ecosupplements.be\/fr\/wp-json\/wp\/v2\/comments?post=300045"}],"wp:featuredmedia":[{"embeddable":true,"href":"https:\/\/ecosupplements.be\/fr\/wp-json\/wp\/v2\/media\/274188"}],"wp:attachment":[{"href":"https:\/\/ecosupplements.be\/fr\/wp-json\/wp\/v2\/media?parent=300045"}],"wp:term":[{"taxonomy":"product_brand","embeddable":true,"href":"https:\/\/ecosupplements.be\/fr\/wp-json\/wp\/v2\/product_brand?post=300045"},{"taxonomy":"product_cat","embeddable":true,"href":"https:\/\/ecosupplements.be\/fr\/wp-json\/wp\/v2\/product_cat?post=300045"},{"taxonomy":"product_tag","embeddable":true,"href":"https:\/\/ecosupplements.be\/fr\/wp-json\/wp\/v2\/product_tag?post=300045"}],"curies":[{"name":"wp","href":"https:\/\/api.w.org\/{rel}","templated":true}]}}