{"id":300057,"date":"2025-07-25T03:01:13","date_gmt":"2025-07-25T02:01:13","guid":{"rendered":"https:\/\/ecosupplements.be\/product\/dr-enzmann-mse-enzomega-60-caps\/"},"modified":"2025-08-28T02:30:22","modified_gmt":"2025-08-28T01:30:22","slug":"dr-enzmann-mse-enzomega-60-caps","status":"publish","type":"product","link":"https:\/\/ecosupplements.be\/fr\/produit\/dr-enzmann-mse-enzomega-60-caps\/","title":{"rendered":"Dr. Enzmann MSE EnzOmega (60 g\u00e9lules)"},"content":{"rendered":"<p><strong>Nom du produit :<\/strong> DR. ENZMANN MSE EnzOmega (60 caps)<\/p>\n<p><strong>Ingr\u00e9dients principaux :<\/strong> Ce produit contient un concentr\u00e9 d&#8217;huile de poisson provenant des anchois et des sardines, enrichi en vitamine E comme antioxydant naturel. La capsule est compos\u00e9e de g\u00e9latine, avec du glyc\u00e9rol pour maintenir l&#8217;humidit\u00e9 et de l&#8217;eau purifi\u00e9e.<\/p>\n<p><strong>Contenu et emballage :<\/strong> Le produit est disponible en paquet de 60 capsules,facilitant son utilisation r\u00e9guli\u00e8re.<\/p>\n<p><strong>Utilisation :<\/strong> Il est recommand\u00e9 de consommer 1 \u00e0 2 capsules par jour, id\u00e9alement lors des repas et accompagn\u00e9es d&#8217;une quantit\u00e9 suffisante d&#8217;eau.<\/p>\n<p><strong>Caract\u00e9ristiques pratiques :<\/strong> Les capsules sont con\u00e7ues pour \u00eatre faciles \u00e0 avaler et pratiques \u00e0 int\u00e9grer dans votre routine quotidienne sans perturber vos activit\u00e9s habituelles.<\/p>\n<p>Ce compl\u00e9ment alimentaire se distingue par sa composition pure et naturelle. Il constitue un choix parfait pour ceux qui appr\u00e9cient les ingr\u00e9dients naturels dans un mode de vie actif. Son emballage pratique assure une conservation optimale du produit.<\/p>\n","protected":false},"excerpt":{"rendered":"<p>Nom du produit : DR. ENZMANN MSE EnzOmega (60 caps) Ingr\u00e9dients principaux : Ce produit contient un concentr\u00e9 d&#8217;huile de poisson provenant des anchois et des sardines, enrichi en vitamine E comme antioxydant naturel. La capsule est compos\u00e9e de g\u00e9latine, avec du glyc\u00e9rol pour maintenir l&#8217;humidit\u00e9 et de l&#8217;eau purifi\u00e9e. Contenu et emballage : Le [&#8230;]\n","protected":false},"featured_media":274200,"comment_status":"closed","ping_status":"open","template":"","meta":[],"product_brand":[5346],"product_cat":[5082,5053],"product_tag":[],"class_list":{"0":"post-300057","1":"product","2":"type-product","3":"status-publish","4":"has-post-thumbnail","6":"product_brand-dr-enzmann-mse-2","7":"product_cat-omegas-efa-cla-huiles","8":"product_cat-vitamines-et-mineraux","10":"first","11":"instock","12":"taxable","13":"shipping-taxable","14":"purchasable","15":"product-type-simple"},"yoast_head":"<!-- This site is optimized with the Yoast SEO Premium plugin v27.3 (Yoast SEO v27.3) - https:\/\/yoast.com\/product\/yoast-seo-premium-wordpress\/ -->\n<title>Dr. Enzmann MSE EnzOmega (60 g\u00e9lules) - ECO Supplements<\/title>\n<meta name=\"description\" content=\"Wij hebben een ruime keuze aan producten van Dr. Enzmann MSE EnzOmega (60 g\u00e9lules) . Winkel bij Eco Supplements altijd gratis verzending boven 100\u20ac\" \/>\n<meta name=\"robots\" content=\"index, follow, max-snippet:-1, max-image-preview:large, max-video-preview:-1\" \/>\n<link rel=\"canonical\" href=\"https:\/\/ecosupplements.be\/fr\/produit\/dr-enzmann-mse-enzomega-60-caps\/\" \/>\n<meta property=\"og:locale\" content=\"fr_FR\" \/>\n<meta property=\"og:type\" content=\"article\" \/>\n<meta property=\"og:title\" content=\"Dr. Enzmann MSE EnzOmega (60 g\u00e9lules)\" \/>\n<meta property=\"og:description\" content=\"Wij hebben een ruime keuze aan producten van Dr. Enzmann MSE EnzOmega (60 g\u00e9lules) . Winkel bij Eco Supplements altijd gratis verzending boven 100\u20ac\" \/>\n<meta property=\"og:url\" content=\"https:\/\/ecosupplements.be\/fr\/produit\/dr-enzmann-mse-enzomega-60-caps\/\" \/>\n<meta property=\"og:site_name\" content=\"ECO Supplements\" \/>\n<meta property=\"article:modified_time\" content=\"2025-08-28T01:30:22+00:00\" \/>\n<meta property=\"og:image\" content=\"https:\/\/ecosupplements.be\/wp-content\/uploads\/2025\/08\/Dr.-Enzmann-MSE-DR.-ENZMANN-MSE-EnzOmega-60-caps.jpg\" \/>\n\t<meta property=\"og:image:width\" content=\"500\" \/>\n\t<meta property=\"og:image:height\" content=\"500\" \/>\n\t<meta property=\"og:image:type\" content=\"image\/jpeg\" \/>\n<meta name=\"twitter:card\" content=\"summary_large_image\" \/>\n<meta name=\"twitter:label1\" content=\"Prix\" \/>\n\t<meta name=\"twitter:data1\" content=\"44.38&nbsp;&euro;\" \/>\n\t<meta name=\"twitter:label2\" content=\"Disponibilit\u00e9\" \/>\n\t<meta name=\"twitter:data2\" content=\"En stock\" \/>\n<script type=\"application\/ld+json\" class=\"yoast-schema-graph\">{\"@context\":\"https:\\\/\\\/schema.org\",\"@graph\":[{\"@type\":[\"WebPage\",\"ItemPage\"],\"@id\":\"https:\\\/\\\/ecosupplements.be\\\/fr\\\/produit\\\/dr-enzmann-mse-enzomega-60-caps\\\/\",\"url\":\"https:\\\/\\\/ecosupplements.be\\\/fr\\\/produit\\\/dr-enzmann-mse-enzomega-60-caps\\\/\",\"name\":\"Dr. Enzmann MSE EnzOmega (60 g\u00e9lules) - ECO Supplements\",\"isPartOf\":{\"@id\":\"https:\\\/\\\/ecosupplements.be\\\/fr\\\/#website\"},\"primaryImageOfPage\":{\"@id\":\"https:\\\/\\\/ecosupplements.be\\\/fr\\\/produit\\\/dr-enzmann-mse-enzomega-60-caps\\\/#primaryimage\"},\"image\":{\"@id\":\"https:\\\/\\\/ecosupplements.be\\\/fr\\\/produit\\\/dr-enzmann-mse-enzomega-60-caps\\\/#primaryimage\"},\"thumbnailUrl\":\"https:\\\/\\\/ecosupplements.be\\\/wp-content\\\/uploads\\\/2025\\\/08\\\/DR.-ENZMANN-MSE-EnzOmega-60-caps.jpg\",\"datePublished\":\"2025-07-25T02:01:13+00:00\",\"dateModified\":\"2025-08-28T01:30:22+00:00\",\"description\":\"Wij hebben een ruime keuze aan producten van Dr. Enzmann MSE EnzOmega (60 g\u00e9lules) . Winkel bij Eco Supplements altijd gratis verzending boven 100\u20ac\",\"breadcrumb\":{\"@id\":\"https:\\\/\\\/ecosupplements.be\\\/fr\\\/produit\\\/dr-enzmann-mse-enzomega-60-caps\\\/#breadcrumb\"},\"inLanguage\":\"fr-FR\",\"potentialAction\":[{\"@type\":\"ReadAction\",\"target\":[\"https:\\\/\\\/ecosupplements.be\\\/fr\\\/produit\\\/dr-enzmann-mse-enzomega-60-caps\\\/\"]}]},{\"@type\":\"ImageObject\",\"inLanguage\":\"fr-FR\",\"@id\":\"https:\\\/\\\/ecosupplements.be\\\/fr\\\/produit\\\/dr-enzmann-mse-enzomega-60-caps\\\/#primaryimage\",\"url\":\"https:\\\/\\\/ecosupplements.be\\\/wp-content\\\/uploads\\\/2025\\\/08\\\/DR.-ENZMANN-MSE-EnzOmega-60-caps.jpg\",\"contentUrl\":\"https:\\\/\\\/ecosupplements.be\\\/wp-content\\\/uploads\\\/2025\\\/08\\\/DR.-ENZMANN-MSE-EnzOmega-60-caps.jpg\",\"width\":500,\"height\":500},{\"@type\":\"BreadcrumbList\",\"@id\":\"https:\\\/\\\/ecosupplements.be\\\/fr\\\/produit\\\/dr-enzmann-mse-enzomega-60-caps\\\/#breadcrumb\",\"itemListElement\":[{\"@type\":\"ListItem\",\"position\":1,\"name\":\"Home\",\"item\":\"https:\\\/\\\/ecosupplements.be\\\/fr\\\/\"},{\"@type\":\"ListItem\",\"position\":2,\"name\":\"Boutique\",\"item\":\"https:\\\/\\\/ecosupplements.be\\\/fr\\\/boutique\\\/\"},{\"@type\":\"ListItem\",\"position\":3,\"name\":\"Dr. Enzmann MSE EnzOmega (60 g\u00e9lules)\"}]},{\"@type\":\"WebSite\",\"@id\":\"https:\\\/\\\/ecosupplements.be\\\/fr\\\/#website\",\"url\":\"https:\\\/\\\/ecosupplements.be\\\/fr\\\/\",\"name\":\"ECO Supplements\",\"description\":\"Eco Supplements - Gezonde supplementen\",\"publisher\":{\"@id\":\"https:\\\/\\\/ecosupplements.be\\\/fr\\\/#organization\"},\"potentialAction\":[{\"@type\":\"SearchAction\",\"target\":{\"@type\":\"EntryPoint\",\"urlTemplate\":\"https:\\\/\\\/ecosupplements.be\\\/fr\\\/?s={search_term_string}\"},\"query-input\":{\"@type\":\"PropertyValueSpecification\",\"valueRequired\":true,\"valueName\":\"search_term_string\"}}],\"inLanguage\":\"fr-FR\"},{\"@type\":\"Organization\",\"@id\":\"https:\\\/\\\/ecosupplements.be\\\/fr\\\/#organization\",\"name\":\"Eco Supplements\",\"url\":\"https:\\\/\\\/ecosupplements.be\\\/fr\\\/\",\"logo\":{\"@type\":\"ImageObject\",\"inLanguage\":\"fr-FR\",\"@id\":\"https:\\\/\\\/ecosupplements.be\\\/fr\\\/#\\\/schema\\\/logo\\\/image\\\/\",\"url\":\"https:\\\/\\\/ecosupplements.be\\\/wp-content\\\/uploads\\\/2022\\\/06\\\/ecosupplement-family.png\",\"contentUrl\":\"https:\\\/\\\/ecosupplements.be\\\/wp-content\\\/uploads\\\/2022\\\/06\\\/ecosupplement-family.png\",\"width\":593,\"height\":374,\"caption\":\"Eco Supplements\"},\"image\":{\"@id\":\"https:\\\/\\\/ecosupplements.be\\\/fr\\\/#\\\/schema\\\/logo\\\/image\\\/\"}}]}<\/script>\n<meta property=\"product:brand\" content=\"Dr. Enzmann MSE\" \/>\n<meta property=\"product:price:amount\" content=\"44.38\" \/>\n<meta property=\"product:price:currency\" content=\"EUR\" \/>\n<meta property=\"og:availability\" content=\"instock\" \/>\n<meta property=\"product:availability\" content=\"instock\" \/>\n<meta property=\"product:retailer_item_id\" content=\"5906642020237\" \/>\n<meta property=\"product:condition\" content=\"new\" \/>\n<!-- \/ Yoast SEO Premium plugin. -->","yoast_head_json":{"title":"Dr. Enzmann MSE EnzOmega (60 g\u00e9lules) - ECO Supplements","description":"Wij hebben een ruime keuze aan producten van Dr. Enzmann MSE EnzOmega (60 g\u00e9lules) . Winkel bij Eco Supplements altijd gratis verzending boven 100\u20ac","robots":{"index":"index","follow":"follow","max-snippet":"max-snippet:-1","max-image-preview":"max-image-preview:large","max-video-preview":"max-video-preview:-1"},"canonical":"https:\/\/ecosupplements.be\/fr\/produit\/dr-enzmann-mse-enzomega-60-caps\/","og_locale":"fr_FR","og_type":"article","og_title":"Dr. Enzmann MSE EnzOmega (60 g\u00e9lules)","og_description":"Wij hebben een ruime keuze aan producten van Dr. Enzmann MSE EnzOmega (60 g\u00e9lules) . Winkel bij Eco Supplements altijd gratis verzending boven 100\u20ac","og_url":"https:\/\/ecosupplements.be\/fr\/produit\/dr-enzmann-mse-enzomega-60-caps\/","og_site_name":"ECO Supplements","article_modified_time":"2025-08-28T01:30:22+00:00","og_image":[{"width":500,"height":500,"url":"https:\/\/ecosupplements.be\/wp-content\/uploads\/2025\/08\/Dr.-Enzmann-MSE-DR.-ENZMANN-MSE-EnzOmega-60-caps.jpg","type":"image\/jpeg"}],"twitter_card":"summary_large_image","twitter_misc":{"Prix":"44.38&nbsp;&euro;","Disponibilit\u00e9":"En stock"},"schema":{"@context":"https:\/\/schema.org","@graph":[{"@type":["WebPage","ItemPage"],"@id":"https:\/\/ecosupplements.be\/fr\/produit\/dr-enzmann-mse-enzomega-60-caps\/","url":"https:\/\/ecosupplements.be\/fr\/produit\/dr-enzmann-mse-enzomega-60-caps\/","name":"Dr. Enzmann MSE EnzOmega (60 g\u00e9lules) - ECO Supplements","isPartOf":{"@id":"https:\/\/ecosupplements.be\/fr\/#website"},"primaryImageOfPage":{"@id":"https:\/\/ecosupplements.be\/fr\/produit\/dr-enzmann-mse-enzomega-60-caps\/#primaryimage"},"image":{"@id":"https:\/\/ecosupplements.be\/fr\/produit\/dr-enzmann-mse-enzomega-60-caps\/#primaryimage"},"thumbnailUrl":"https:\/\/ecosupplements.be\/wp-content\/uploads\/2025\/08\/DR.-ENZMANN-MSE-EnzOmega-60-caps.jpg","datePublished":"2025-07-25T02:01:13+00:00","dateModified":"2025-08-28T01:30:22+00:00","description":"Wij hebben een ruime keuze aan producten van Dr. Enzmann MSE EnzOmega (60 g\u00e9lules) . Winkel bij Eco Supplements altijd gratis verzending boven 100\u20ac","breadcrumb":{"@id":"https:\/\/ecosupplements.be\/fr\/produit\/dr-enzmann-mse-enzomega-60-caps\/#breadcrumb"},"inLanguage":"fr-FR","potentialAction":[{"@type":"ReadAction","target":["https:\/\/ecosupplements.be\/fr\/produit\/dr-enzmann-mse-enzomega-60-caps\/"]}]},{"@type":"ImageObject","inLanguage":"fr-FR","@id":"https:\/\/ecosupplements.be\/fr\/produit\/dr-enzmann-mse-enzomega-60-caps\/#primaryimage","url":"https:\/\/ecosupplements.be\/wp-content\/uploads\/2025\/08\/DR.-ENZMANN-MSE-EnzOmega-60-caps.jpg","contentUrl":"https:\/\/ecosupplements.be\/wp-content\/uploads\/2025\/08\/DR.-ENZMANN-MSE-EnzOmega-60-caps.jpg","width":500,"height":500},{"@type":"BreadcrumbList","@id":"https:\/\/ecosupplements.be\/fr\/produit\/dr-enzmann-mse-enzomega-60-caps\/#breadcrumb","itemListElement":[{"@type":"ListItem","position":1,"name":"Home","item":"https:\/\/ecosupplements.be\/fr\/"},{"@type":"ListItem","position":2,"name":"Boutique","item":"https:\/\/ecosupplements.be\/fr\/boutique\/"},{"@type":"ListItem","position":3,"name":"Dr. Enzmann MSE EnzOmega (60 g\u00e9lules)"}]},{"@type":"WebSite","@id":"https:\/\/ecosupplements.be\/fr\/#website","url":"https:\/\/ecosupplements.be\/fr\/","name":"ECO Supplements","description":"Eco Supplements - Gezonde supplementen","publisher":{"@id":"https:\/\/ecosupplements.be\/fr\/#organization"},"potentialAction":[{"@type":"SearchAction","target":{"@type":"EntryPoint","urlTemplate":"https:\/\/ecosupplements.be\/fr\/?s={search_term_string}"},"query-input":{"@type":"PropertyValueSpecification","valueRequired":true,"valueName":"search_term_string"}}],"inLanguage":"fr-FR"},{"@type":"Organization","@id":"https:\/\/ecosupplements.be\/fr\/#organization","name":"Eco Supplements","url":"https:\/\/ecosupplements.be\/fr\/","logo":{"@type":"ImageObject","inLanguage":"fr-FR","@id":"https:\/\/ecosupplements.be\/fr\/#\/schema\/logo\/image\/","url":"https:\/\/ecosupplements.be\/wp-content\/uploads\/2022\/06\/ecosupplement-family.png","contentUrl":"https:\/\/ecosupplements.be\/wp-content\/uploads\/2022\/06\/ecosupplement-family.png","width":593,"height":374,"caption":"Eco Supplements"},"image":{"@id":"https:\/\/ecosupplements.be\/fr\/#\/schema\/logo\/image\/"}}]},"product_brand":"Dr. Enzmann MSE","product_price_amount":"44.38","product_price_currency":"EUR","og_availability":"instock","product_availability":"instock","product_retailer_item_id":"5906642020237","product_condition":"new"},"_links":{"self":[{"href":"https:\/\/ecosupplements.be\/fr\/wp-json\/wp\/v2\/product\/300057","targetHints":{"allow":["GET"]}}],"collection":[{"href":"https:\/\/ecosupplements.be\/fr\/wp-json\/wp\/v2\/product"}],"about":[{"href":"https:\/\/ecosupplements.be\/fr\/wp-json\/wp\/v2\/types\/product"}],"replies":[{"embeddable":true,"href":"https:\/\/ecosupplements.be\/fr\/wp-json\/wp\/v2\/comments?post=300057"}],"wp:featuredmedia":[{"embeddable":true,"href":"https:\/\/ecosupplements.be\/fr\/wp-json\/wp\/v2\/media\/274200"}],"wp:attachment":[{"href":"https:\/\/ecosupplements.be\/fr\/wp-json\/wp\/v2\/media?parent=300057"}],"wp:term":[{"taxonomy":"product_brand","embeddable":true,"href":"https:\/\/ecosupplements.be\/fr\/wp-json\/wp\/v2\/product_brand?post=300057"},{"taxonomy":"product_cat","embeddable":true,"href":"https:\/\/ecosupplements.be\/fr\/wp-json\/wp\/v2\/product_cat?post=300057"},{"taxonomy":"product_tag","embeddable":true,"href":"https:\/\/ecosupplements.be\/fr\/wp-json\/wp\/v2\/product_tag?post=300057"}],"curies":[{"name":"wp","href":"https:\/\/api.w.org\/{rel}","templated":true}]}}