{"id":300108,"date":"2025-07-25T03:15:34","date_gmt":"2025-07-25T02:15:34","guid":{"rendered":"https:\/\/ecosupplements.be\/product\/dr-enzmann-mse-mythoskin-q10-liposomen-creme-50-ml-169-fl-oz\/"},"modified":"2025-08-28T02:31:21","modified_gmt":"2025-08-28T01:31:21","slug":"dr-enzmann-mse-mythoskin-q10-liposomen-creme-50-ml-169-fl-oz","status":"publish","type":"product","link":"https:\/\/ecosupplements.be\/fr\/produit\/dr-enzmann-mse-mythoskin-q10-liposomen-creme-50-ml-169-fl-oz\/","title":{"rendered":"Cr\u00e8me liposomale Q10 MythoSkin du Dr. Enzmann (50 ml \/ 1,69 fl. oz.)"},"content":{"rendered":"<h2>DR. ENZMANN MSE MythoSkin Q10 Liposomen Creme (50 ml \/ 1,69 fl. oz.)<\/h2>\n<p>D\u00e9couvrez la cr\u00e8me MythoSkin Q10 de DR. ENZMANN MSE, con\u00e7ue pour int\u00e9grer harmonieusement dans votre routine quotidienne de soin. Ce produit est pr\u00e9sent\u00e9 dans un emballage pratique de 50 ml, id\u00e9al pour une utilisation r\u00e9guli\u00e8re.<\/p>\n<p><strong>Ingr\u00e9dients principaux :<\/strong> Cette cr\u00e8me contient de l&#8217;eau, de l&#8217;huile de Carthamus Tinctorius (carthame), des phospholipides et du coenzyme Q10 (Ubiquinone), tous reconnus pour leur grande puret\u00e9 et leur origine naturelle.<\/p>\n<p><strong>Utilisation :<\/strong> Appliquez une couche fine sur la peau propre, massez d\u00e9licatement jusqu&#8217;\u00e0 absorption compl\u00e8te. Recommand\u00e9e pour une application au moins deux fois par jour.<\/p>\n<p>Ce produit est un choix parfait pour ceux qui appr\u00e9cient les ingr\u00e9dients naturels et recherchent une solution simple et pratique \u00e0 int\u00e9grer dans un mode de vie actif sans compromettre la qualit\u00e9.<\/p>\n<p>Veuillez noter qu&#8217;il est conseill\u00e9 d&#8217;\u00e9viter le contact direct avec les yeux et de conserver le produit \u00e0 l&#8217;abri de la lumi\u00e8re directe ainsi que hors de port\u00e9e des enfants.<\/p>\n","protected":false},"excerpt":{"rendered":"<p>DR. ENZMANN MSE MythoSkin Q10 Liposomen Creme (50 ml \/ 1,69 fl. oz.) D\u00e9couvrez la cr\u00e8me MythoSkin Q10 de DR. ENZMANN MSE, con\u00e7ue pour int\u00e9grer harmonieusement dans votre routine quotidienne de soin. Ce produit est pr\u00e9sent\u00e9 dans un emballage pratique de 50 ml, id\u00e9al pour une utilisation r\u00e9guli\u00e8re. Ingr\u00e9dients principaux : Cette cr\u00e8me contient de [&#8230;]\n","protected":false},"featured_media":274251,"comment_status":"closed","ping_status":"open","template":"","meta":[],"product_brand":[5346],"product_cat":[5155],"product_tag":[],"class_list":{"0":"post-300108","1":"product","2":"type-product","3":"status-publish","4":"has-post-thumbnail","6":"product_brand-dr-enzmann-mse-2","7":"product_cat-cosmetiques","9":"first","10":"instock","11":"taxable","12":"shipping-taxable","13":"purchasable","14":"product-type-simple"},"yoast_head":"<!-- This site is optimized with the Yoast SEO Premium plugin v27.3 (Yoast SEO v27.3) - https:\/\/yoast.com\/product\/yoast-seo-premium-wordpress\/ -->\n<title>Cr\u00e8me liposomale Q10 MythoSkin du Dr. Enzmann (50 ml \/ 1,69 fl. oz.) - ECO Supplements<\/title>\n<meta name=\"description\" content=\"Wij hebben een ruime keuze aan producten van Cr\u00e8me liposomale Q10 MythoSkin du Dr. Enzmann (50 ml \/ 1,69 fl. oz.) . Winkel bij Eco Supplements altijd gratis verzending boven 100\u20ac\" \/>\n<meta name=\"robots\" content=\"index, follow, max-snippet:-1, max-image-preview:large, max-video-preview:-1\" \/>\n<link rel=\"canonical\" href=\"https:\/\/ecosupplements.be\/fr\/produit\/dr-enzmann-mse-mythoskin-q10-liposomen-creme-50-ml-169-fl-oz\/\" \/>\n<meta property=\"og:locale\" content=\"fr_FR\" \/>\n<meta property=\"og:type\" content=\"article\" \/>\n<meta property=\"og:title\" content=\"Cr\u00e8me liposomale Q10 MythoSkin du Dr. Enzmann (50 ml \/ 1,69 fl. oz.)\" \/>\n<meta property=\"og:description\" content=\"Wij hebben een ruime keuze aan producten van Cr\u00e8me liposomale Q10 MythoSkin du Dr. Enzmann (50 ml \/ 1,69 fl. oz.) . Winkel bij Eco Supplements altijd gratis verzending boven 100\u20ac\" \/>\n<meta property=\"og:url\" content=\"https:\/\/ecosupplements.be\/fr\/produit\/dr-enzmann-mse-mythoskin-q10-liposomen-creme-50-ml-169-fl-oz\/\" \/>\n<meta property=\"og:site_name\" content=\"ECO Supplements\" \/>\n<meta property=\"article:modified_time\" content=\"2025-08-28T01:31:21+00:00\" \/>\n<meta property=\"og:image\" content=\"https:\/\/ecosupplements.be\/wp-content\/uploads\/2025\/08\/Dr.-Enzmann-MSE-DR.-ENZMANN-MSE-MythoSkin-Q10-Liposomen-Creme-50-ml-169-fl.-oz.jpg\" \/>\n\t<meta property=\"og:image:width\" content=\"800\" \/>\n\t<meta property=\"og:image:height\" content=\"800\" \/>\n\t<meta property=\"og:image:type\" content=\"image\/jpeg\" \/>\n<meta name=\"twitter:card\" content=\"summary_large_image\" \/>\n<meta name=\"twitter:label1\" content=\"Prix\" \/>\n\t<meta name=\"twitter:data1\" content=\"63.62&nbsp;&euro;\" \/>\n\t<meta name=\"twitter:label2\" content=\"Disponibilit\u00e9\" \/>\n\t<meta name=\"twitter:data2\" content=\"En stock\" \/>\n<script type=\"application\/ld+json\" class=\"yoast-schema-graph\">{\"@context\":\"https:\\\/\\\/schema.org\",\"@graph\":[{\"@type\":[\"WebPage\",\"ItemPage\"],\"@id\":\"https:\\\/\\\/ecosupplements.be\\\/fr\\\/produit\\\/dr-enzmann-mse-mythoskin-q10-liposomen-creme-50-ml-169-fl-oz\\\/\",\"url\":\"https:\\\/\\\/ecosupplements.be\\\/fr\\\/produit\\\/dr-enzmann-mse-mythoskin-q10-liposomen-creme-50-ml-169-fl-oz\\\/\",\"name\":\"Cr\u00e8me liposomale Q10 MythoSkin du Dr. Enzmann (50 ml \\\/ 1,69 fl. oz.) - ECO Supplements\",\"isPartOf\":{\"@id\":\"https:\\\/\\\/ecosupplements.be\\\/fr\\\/#website\"},\"primaryImageOfPage\":{\"@id\":\"https:\\\/\\\/ecosupplements.be\\\/fr\\\/produit\\\/dr-enzmann-mse-mythoskin-q10-liposomen-creme-50-ml-169-fl-oz\\\/#primaryimage\"},\"image\":{\"@id\":\"https:\\\/\\\/ecosupplements.be\\\/fr\\\/produit\\\/dr-enzmann-mse-mythoskin-q10-liposomen-creme-50-ml-169-fl-oz\\\/#primaryimage\"},\"thumbnailUrl\":\"https:\\\/\\\/ecosupplements.be\\\/wp-content\\\/uploads\\\/2025\\\/08\\\/DR.-ENZMANN-MSE-MythoSkin-Q10-Liposomen-Creme-50-ml-169-fl.-oz.jpg\",\"datePublished\":\"2025-07-25T02:15:34+00:00\",\"dateModified\":\"2025-08-28T01:31:21+00:00\",\"description\":\"Wij hebben een ruime keuze aan producten van Cr\u00e8me liposomale Q10 MythoSkin du Dr. Enzmann (50 ml \\\/ 1,69 fl. oz.) . Winkel bij Eco Supplements altijd gratis verzending boven 100\u20ac\",\"breadcrumb\":{\"@id\":\"https:\\\/\\\/ecosupplements.be\\\/fr\\\/produit\\\/dr-enzmann-mse-mythoskin-q10-liposomen-creme-50-ml-169-fl-oz\\\/#breadcrumb\"},\"inLanguage\":\"fr-FR\",\"potentialAction\":[{\"@type\":\"ReadAction\",\"target\":[\"https:\\\/\\\/ecosupplements.be\\\/fr\\\/produit\\\/dr-enzmann-mse-mythoskin-q10-liposomen-creme-50-ml-169-fl-oz\\\/\"]}]},{\"@type\":\"ImageObject\",\"inLanguage\":\"fr-FR\",\"@id\":\"https:\\\/\\\/ecosupplements.be\\\/fr\\\/produit\\\/dr-enzmann-mse-mythoskin-q10-liposomen-creme-50-ml-169-fl-oz\\\/#primaryimage\",\"url\":\"https:\\\/\\\/ecosupplements.be\\\/wp-content\\\/uploads\\\/2025\\\/08\\\/DR.-ENZMANN-MSE-MythoSkin-Q10-Liposomen-Creme-50-ml-169-fl.-oz.jpg\",\"contentUrl\":\"https:\\\/\\\/ecosupplements.be\\\/wp-content\\\/uploads\\\/2025\\\/08\\\/DR.-ENZMANN-MSE-MythoSkin-Q10-Liposomen-Creme-50-ml-169-fl.-oz.jpg\",\"width\":800,\"height\":800},{\"@type\":\"BreadcrumbList\",\"@id\":\"https:\\\/\\\/ecosupplements.be\\\/fr\\\/produit\\\/dr-enzmann-mse-mythoskin-q10-liposomen-creme-50-ml-169-fl-oz\\\/#breadcrumb\",\"itemListElement\":[{\"@type\":\"ListItem\",\"position\":1,\"name\":\"Home\",\"item\":\"https:\\\/\\\/ecosupplements.be\\\/fr\\\/\"},{\"@type\":\"ListItem\",\"position\":2,\"name\":\"Boutique\",\"item\":\"https:\\\/\\\/ecosupplements.be\\\/fr\\\/boutique\\\/\"},{\"@type\":\"ListItem\",\"position\":3,\"name\":\"Cr\u00e8me liposomale Q10 MythoSkin du Dr. Enzmann (50 ml \\\/ 1,69 fl. oz.)\"}]},{\"@type\":\"WebSite\",\"@id\":\"https:\\\/\\\/ecosupplements.be\\\/fr\\\/#website\",\"url\":\"https:\\\/\\\/ecosupplements.be\\\/fr\\\/\",\"name\":\"ECO Supplements\",\"description\":\"Eco Supplements - Gezonde supplementen\",\"publisher\":{\"@id\":\"https:\\\/\\\/ecosupplements.be\\\/fr\\\/#organization\"},\"potentialAction\":[{\"@type\":\"SearchAction\",\"target\":{\"@type\":\"EntryPoint\",\"urlTemplate\":\"https:\\\/\\\/ecosupplements.be\\\/fr\\\/?s={search_term_string}\"},\"query-input\":{\"@type\":\"PropertyValueSpecification\",\"valueRequired\":true,\"valueName\":\"search_term_string\"}}],\"inLanguage\":\"fr-FR\"},{\"@type\":\"Organization\",\"@id\":\"https:\\\/\\\/ecosupplements.be\\\/fr\\\/#organization\",\"name\":\"Eco Supplements\",\"url\":\"https:\\\/\\\/ecosupplements.be\\\/fr\\\/\",\"logo\":{\"@type\":\"ImageObject\",\"inLanguage\":\"fr-FR\",\"@id\":\"https:\\\/\\\/ecosupplements.be\\\/fr\\\/#\\\/schema\\\/logo\\\/image\\\/\",\"url\":\"https:\\\/\\\/ecosupplements.be\\\/wp-content\\\/uploads\\\/2022\\\/06\\\/ecosupplement-family.png\",\"contentUrl\":\"https:\\\/\\\/ecosupplements.be\\\/wp-content\\\/uploads\\\/2022\\\/06\\\/ecosupplement-family.png\",\"width\":593,\"height\":374,\"caption\":\"Eco Supplements\"},\"image\":{\"@id\":\"https:\\\/\\\/ecosupplements.be\\\/fr\\\/#\\\/schema\\\/logo\\\/image\\\/\"}}]}<\/script>\n<meta property=\"product:brand\" content=\"Dr. Enzmann MSE\" \/>\n<meta property=\"product:price:amount\" content=\"63.62\" \/>\n<meta property=\"product:price:currency\" content=\"EUR\" \/>\n<meta property=\"og:availability\" content=\"instock\" \/>\n<meta property=\"product:availability\" content=\"instock\" \/>\n<meta property=\"product:retailer_item_id\" content=\"5906642020480\" \/>\n<meta property=\"product:condition\" content=\"new\" \/>\n<!-- \/ Yoast SEO Premium plugin. -->","yoast_head_json":{"title":"Cr\u00e8me liposomale Q10 MythoSkin du Dr. Enzmann (50 ml \/ 1,69 fl. oz.) - ECO Supplements","description":"Wij hebben een ruime keuze aan producten van Cr\u00e8me liposomale Q10 MythoSkin du Dr. Enzmann (50 ml \/ 1,69 fl. oz.) . Winkel bij Eco Supplements altijd gratis verzending boven 100\u20ac","robots":{"index":"index","follow":"follow","max-snippet":"max-snippet:-1","max-image-preview":"max-image-preview:large","max-video-preview":"max-video-preview:-1"},"canonical":"https:\/\/ecosupplements.be\/fr\/produit\/dr-enzmann-mse-mythoskin-q10-liposomen-creme-50-ml-169-fl-oz\/","og_locale":"fr_FR","og_type":"article","og_title":"Cr\u00e8me liposomale Q10 MythoSkin du Dr. Enzmann (50 ml \/ 1,69 fl. oz.)","og_description":"Wij hebben een ruime keuze aan producten van Cr\u00e8me liposomale Q10 MythoSkin du Dr. Enzmann (50 ml \/ 1,69 fl. oz.) . Winkel bij Eco Supplements altijd gratis verzending boven 100\u20ac","og_url":"https:\/\/ecosupplements.be\/fr\/produit\/dr-enzmann-mse-mythoskin-q10-liposomen-creme-50-ml-169-fl-oz\/","og_site_name":"ECO Supplements","article_modified_time":"2025-08-28T01:31:21+00:00","og_image":[{"width":800,"height":800,"url":"https:\/\/ecosupplements.be\/wp-content\/uploads\/2025\/08\/Dr.-Enzmann-MSE-DR.-ENZMANN-MSE-MythoSkin-Q10-Liposomen-Creme-50-ml-169-fl.-oz.jpg","type":"image\/jpeg"}],"twitter_card":"summary_large_image","twitter_misc":{"Prix":"63.62&nbsp;&euro;","Disponibilit\u00e9":"En stock"},"schema":{"@context":"https:\/\/schema.org","@graph":[{"@type":["WebPage","ItemPage"],"@id":"https:\/\/ecosupplements.be\/fr\/produit\/dr-enzmann-mse-mythoskin-q10-liposomen-creme-50-ml-169-fl-oz\/","url":"https:\/\/ecosupplements.be\/fr\/produit\/dr-enzmann-mse-mythoskin-q10-liposomen-creme-50-ml-169-fl-oz\/","name":"Cr\u00e8me liposomale Q10 MythoSkin du Dr. Enzmann (50 ml \/ 1,69 fl. oz.) - ECO Supplements","isPartOf":{"@id":"https:\/\/ecosupplements.be\/fr\/#website"},"primaryImageOfPage":{"@id":"https:\/\/ecosupplements.be\/fr\/produit\/dr-enzmann-mse-mythoskin-q10-liposomen-creme-50-ml-169-fl-oz\/#primaryimage"},"image":{"@id":"https:\/\/ecosupplements.be\/fr\/produit\/dr-enzmann-mse-mythoskin-q10-liposomen-creme-50-ml-169-fl-oz\/#primaryimage"},"thumbnailUrl":"https:\/\/ecosupplements.be\/wp-content\/uploads\/2025\/08\/DR.-ENZMANN-MSE-MythoSkin-Q10-Liposomen-Creme-50-ml-169-fl.-oz.jpg","datePublished":"2025-07-25T02:15:34+00:00","dateModified":"2025-08-28T01:31:21+00:00","description":"Wij hebben een ruime keuze aan producten van Cr\u00e8me liposomale Q10 MythoSkin du Dr. Enzmann (50 ml \/ 1,69 fl. oz.) . Winkel bij Eco Supplements altijd gratis verzending boven 100\u20ac","breadcrumb":{"@id":"https:\/\/ecosupplements.be\/fr\/produit\/dr-enzmann-mse-mythoskin-q10-liposomen-creme-50-ml-169-fl-oz\/#breadcrumb"},"inLanguage":"fr-FR","potentialAction":[{"@type":"ReadAction","target":["https:\/\/ecosupplements.be\/fr\/produit\/dr-enzmann-mse-mythoskin-q10-liposomen-creme-50-ml-169-fl-oz\/"]}]},{"@type":"ImageObject","inLanguage":"fr-FR","@id":"https:\/\/ecosupplements.be\/fr\/produit\/dr-enzmann-mse-mythoskin-q10-liposomen-creme-50-ml-169-fl-oz\/#primaryimage","url":"https:\/\/ecosupplements.be\/wp-content\/uploads\/2025\/08\/DR.-ENZMANN-MSE-MythoSkin-Q10-Liposomen-Creme-50-ml-169-fl.-oz.jpg","contentUrl":"https:\/\/ecosupplements.be\/wp-content\/uploads\/2025\/08\/DR.-ENZMANN-MSE-MythoSkin-Q10-Liposomen-Creme-50-ml-169-fl.-oz.jpg","width":800,"height":800},{"@type":"BreadcrumbList","@id":"https:\/\/ecosupplements.be\/fr\/produit\/dr-enzmann-mse-mythoskin-q10-liposomen-creme-50-ml-169-fl-oz\/#breadcrumb","itemListElement":[{"@type":"ListItem","position":1,"name":"Home","item":"https:\/\/ecosupplements.be\/fr\/"},{"@type":"ListItem","position":2,"name":"Boutique","item":"https:\/\/ecosupplements.be\/fr\/boutique\/"},{"@type":"ListItem","position":3,"name":"Cr\u00e8me liposomale Q10 MythoSkin du Dr. Enzmann (50 ml \/ 1,69 fl. oz.)"}]},{"@type":"WebSite","@id":"https:\/\/ecosupplements.be\/fr\/#website","url":"https:\/\/ecosupplements.be\/fr\/","name":"ECO Supplements","description":"Eco Supplements - Gezonde supplementen","publisher":{"@id":"https:\/\/ecosupplements.be\/fr\/#organization"},"potentialAction":[{"@type":"SearchAction","target":{"@type":"EntryPoint","urlTemplate":"https:\/\/ecosupplements.be\/fr\/?s={search_term_string}"},"query-input":{"@type":"PropertyValueSpecification","valueRequired":true,"valueName":"search_term_string"}}],"inLanguage":"fr-FR"},{"@type":"Organization","@id":"https:\/\/ecosupplements.be\/fr\/#organization","name":"Eco Supplements","url":"https:\/\/ecosupplements.be\/fr\/","logo":{"@type":"ImageObject","inLanguage":"fr-FR","@id":"https:\/\/ecosupplements.be\/fr\/#\/schema\/logo\/image\/","url":"https:\/\/ecosupplements.be\/wp-content\/uploads\/2022\/06\/ecosupplement-family.png","contentUrl":"https:\/\/ecosupplements.be\/wp-content\/uploads\/2022\/06\/ecosupplement-family.png","width":593,"height":374,"caption":"Eco Supplements"},"image":{"@id":"https:\/\/ecosupplements.be\/fr\/#\/schema\/logo\/image\/"}}]},"product_brand":"Dr. Enzmann MSE","product_price_amount":"63.62","product_price_currency":"EUR","og_availability":"instock","product_availability":"instock","product_retailer_item_id":"5906642020480","product_condition":"new"},"_links":{"self":[{"href":"https:\/\/ecosupplements.be\/fr\/wp-json\/wp\/v2\/product\/300108","targetHints":{"allow":["GET"]}}],"collection":[{"href":"https:\/\/ecosupplements.be\/fr\/wp-json\/wp\/v2\/product"}],"about":[{"href":"https:\/\/ecosupplements.be\/fr\/wp-json\/wp\/v2\/types\/product"}],"replies":[{"embeddable":true,"href":"https:\/\/ecosupplements.be\/fr\/wp-json\/wp\/v2\/comments?post=300108"}],"wp:featuredmedia":[{"embeddable":true,"href":"https:\/\/ecosupplements.be\/fr\/wp-json\/wp\/v2\/media\/274251"}],"wp:attachment":[{"href":"https:\/\/ecosupplements.be\/fr\/wp-json\/wp\/v2\/media?parent=300108"}],"wp:term":[{"taxonomy":"product_brand","embeddable":true,"href":"https:\/\/ecosupplements.be\/fr\/wp-json\/wp\/v2\/product_brand?post=300108"},{"taxonomy":"product_cat","embeddable":true,"href":"https:\/\/ecosupplements.be\/fr\/wp-json\/wp\/v2\/product_cat?post=300108"},{"taxonomy":"product_tag","embeddable":true,"href":"https:\/\/ecosupplements.be\/fr\/wp-json\/wp\/v2\/product_tag?post=300108"}],"curies":[{"name":"wp","href":"https:\/\/api.w.org\/{rel}","templated":true}]}}