{"id":300123,"date":"2025-07-25T03:15:57","date_gmt":"2025-07-25T02:15:57","guid":{"rendered":"https:\/\/ecosupplements.be\/product\/dr-enzmann-mse-quinomit-q10-fluid-50-ml-169-fl-oz\/"},"modified":"2025-08-28T02:31:38","modified_gmt":"2025-08-28T01:31:38","slug":"dr-enzmann-mse-quinomit-q10-fluid-50-ml-169-fl-oz","status":"publish","type":"product","link":"https:\/\/ecosupplements.be\/fr\/produit\/dr-enzmann-mse-quinomit-q10-fluid-50-ml-169-fl-oz\/","title":{"rendered":"Fluide QuinoMit Q10 du Dr. Enzmann MSE (50 ml \/ 1,69 fl. oz.)"},"content":{"rendered":"<h2>DR. ENZMANN MSE QuinoMit Q10 fluid (50 ml \/ 1,69 fl. oz.)<\/h2>\n<p>D\u00e9couvrez DR. ENZMANN MSE QuinoMit Q10 fluid, un choix parfait pour ceux qui appr\u00e9cient les ingr\u00e9dients naturels dans un mode de vie sain. Ce produit est formul\u00e9 avec une combinaison de coenzyme Q10 Ubichinol et de niacinamide, tous deux reconnus pour leur grande puret\u00e9 et leur origine naturelle.<\/p>\n<p><strong>Ingr\u00e9dients principaux :<\/strong><\/p>\n<ul>\n<li>Coenzyme Q10 Ubichinol : 32,5 mg<\/li>\n<li>Niacinamide : 6,5 mg<\/li>\n<\/ul>\n<p><strong>Utilisation :<\/strong> Pour une utilisation quotidienne optimale, appliquez cinq pressions compl\u00e8tes de la pompe directement sur la langue une fois par jour et laissez absorber. avant la premi\u00e8re utilisation,pompez plusieurs fois jusqu&#8217;\u00e0 l&#8217;obtention d&#8217;une premi\u00e8re goutte.<\/p>\n<p>Ce produit se pr\u00e9sente dans un emballage pratique \u00e9quip\u00e9 d&#8217;une pompe pour une utilisation facile et pr\u00e9cise au quotidien.<\/p>\n<p><strong>Caract\u00e9ristiques pratiques :<\/strong><\/p>\n<ul>\n<li>Format fluide facile \u00e0 utiliser<\/li>\n<li>Goutte \u00e0 goutte contr\u00f4l\u00e9 par une pompe pour une dose pr\u00e9cise<\/li>\n<\/ul>\n<p>Faites le choix d&#8217;un style de vie \u00e9quilibr\u00e9 avec DR.ENZMANN MSE QuinoMit Q10 fluid &#8211; Un compl\u00e9ment simple pour un usage quotidien sans substituer \u00e0 une alimentation vari\u00e9e et \u00e9quilibr\u00e9e.<\/p>\n<p><strong>Modes de conservation :<\/strong> Conservez ce produit hors de port\u00e9e des enfants dans son emballage ferm\u00e9, dans un endroit sec et frais.<\/p>\n<p>Note: Ne d\u00e9passez pas la dose journali\u00e8re recommand\u00e9e indiqu\u00e9e. Ce suppl\u00e9ment ne doit pas \u00eatre utilis\u00e9 comme substitut \u00e0 une alimentation diversifi\u00e9e.<\/p>\n","protected":false},"excerpt":{"rendered":"<p>DR. ENZMANN MSE QuinoMit Q10 fluid (50 ml \/ 1,69 fl. oz.) D\u00e9couvrez DR. ENZMANN MSE QuinoMit Q10 fluid, un choix parfait pour ceux qui appr\u00e9cient les ingr\u00e9dients naturels dans un mode de vie sain. Ce produit est formul\u00e9 avec une combinaison de coenzyme Q10 Ubichinol et de niacinamide, tous deux reconnus pour leur grande [&#8230;]\n","protected":false},"featured_media":274266,"comment_status":"closed","ping_status":"open","template":"","meta":[],"product_brand":[5346],"product_cat":[5053],"product_tag":[],"class_list":{"0":"post-300123","1":"product","2":"type-product","3":"status-publish","4":"has-post-thumbnail","6":"product_brand-dr-enzmann-mse-2","7":"product_cat-vitamines-et-mineraux","9":"first","10":"instock","11":"taxable","12":"shipping-taxable","13":"purchasable","14":"product-type-simple"},"yoast_head":"<!-- This site is optimized with the Yoast SEO Premium plugin v27.3 (Yoast SEO v27.3) - https:\/\/yoast.com\/product\/yoast-seo-premium-wordpress\/ -->\n<title>Fluide QuinoMit Q10 du Dr. Enzmann MSE (50 ml \/ 1,69 fl. oz.) - ECO Supplements<\/title>\n<meta name=\"description\" content=\"Wij hebben een ruime keuze aan producten van Fluide QuinoMit Q10 du Dr. Enzmann MSE (50 ml \/ 1,69 fl. oz.) . Winkel bij Eco Supplements altijd gratis verzending boven 100\u20ac\" \/>\n<meta name=\"robots\" content=\"index, follow, max-snippet:-1, max-image-preview:large, max-video-preview:-1\" \/>\n<link rel=\"canonical\" href=\"https:\/\/ecosupplements.be\/fr\/produit\/dr-enzmann-mse-quinomit-q10-fluid-50-ml-169-fl-oz\/\" \/>\n<meta property=\"og:locale\" content=\"fr_FR\" \/>\n<meta property=\"og:type\" content=\"article\" \/>\n<meta property=\"og:title\" content=\"Fluide QuinoMit Q10 du Dr. Enzmann MSE (50 ml \/ 1,69 fl. oz.)\" \/>\n<meta property=\"og:description\" content=\"Wij hebben een ruime keuze aan producten van Fluide QuinoMit Q10 du Dr. Enzmann MSE (50 ml \/ 1,69 fl. oz.) . Winkel bij Eco Supplements altijd gratis verzending boven 100\u20ac\" \/>\n<meta property=\"og:url\" content=\"https:\/\/ecosupplements.be\/fr\/produit\/dr-enzmann-mse-quinomit-q10-fluid-50-ml-169-fl-oz\/\" \/>\n<meta property=\"og:site_name\" content=\"ECO Supplements\" \/>\n<meta property=\"article:modified_time\" content=\"2025-08-28T01:31:38+00:00\" \/>\n<meta property=\"og:image\" content=\"https:\/\/ecosupplements.be\/wp-content\/uploads\/2025\/08\/Dr.-Enzmann-MSE-DR.-ENZMANN-MSE-QuinoMit-Q10-fluid-50-ml-169-fl.-oz.jpg\" \/>\n\t<meta property=\"og:image:width\" content=\"1080\" \/>\n\t<meta property=\"og:image:height\" content=\"1543\" \/>\n\t<meta property=\"og:image:type\" content=\"image\/jpeg\" \/>\n<meta name=\"twitter:card\" content=\"summary_large_image\" \/>\n<meta name=\"twitter:label1\" content=\"Prix\" \/>\n\t<meta name=\"twitter:data1\" content=\"162.37&nbsp;&euro;\" \/>\n\t<meta name=\"twitter:label2\" content=\"Disponibilit\u00e9\" \/>\n\t<meta name=\"twitter:data2\" content=\"En stock\" \/>\n<script type=\"application\/ld+json\" class=\"yoast-schema-graph\">{\"@context\":\"https:\\\/\\\/schema.org\",\"@graph\":[{\"@type\":[\"WebPage\",\"ItemPage\"],\"@id\":\"https:\\\/\\\/ecosupplements.be\\\/fr\\\/produit\\\/dr-enzmann-mse-quinomit-q10-fluid-50-ml-169-fl-oz\\\/\",\"url\":\"https:\\\/\\\/ecosupplements.be\\\/fr\\\/produit\\\/dr-enzmann-mse-quinomit-q10-fluid-50-ml-169-fl-oz\\\/\",\"name\":\"Fluide QuinoMit Q10 du Dr. Enzmann MSE (50 ml \\\/ 1,69 fl. oz.) - ECO Supplements\",\"isPartOf\":{\"@id\":\"https:\\\/\\\/ecosupplements.be\\\/fr\\\/#website\"},\"primaryImageOfPage\":{\"@id\":\"https:\\\/\\\/ecosupplements.be\\\/fr\\\/produit\\\/dr-enzmann-mse-quinomit-q10-fluid-50-ml-169-fl-oz\\\/#primaryimage\"},\"image\":{\"@id\":\"https:\\\/\\\/ecosupplements.be\\\/fr\\\/produit\\\/dr-enzmann-mse-quinomit-q10-fluid-50-ml-169-fl-oz\\\/#primaryimage\"},\"thumbnailUrl\":\"https:\\\/\\\/ecosupplements.be\\\/wp-content\\\/uploads\\\/2025\\\/08\\\/DR.-ENZMANN-MSE-QuinoMit-Q10-fluid-50-ml-169-fl.-oz.jpg\",\"datePublished\":\"2025-07-25T02:15:57+00:00\",\"dateModified\":\"2025-08-28T01:31:38+00:00\",\"description\":\"Wij hebben een ruime keuze aan producten van Fluide QuinoMit Q10 du Dr. Enzmann MSE (50 ml \\\/ 1,69 fl. oz.) . Winkel bij Eco Supplements altijd gratis verzending boven 100\u20ac\",\"breadcrumb\":{\"@id\":\"https:\\\/\\\/ecosupplements.be\\\/fr\\\/produit\\\/dr-enzmann-mse-quinomit-q10-fluid-50-ml-169-fl-oz\\\/#breadcrumb\"},\"inLanguage\":\"fr-FR\",\"potentialAction\":[{\"@type\":\"ReadAction\",\"target\":[\"https:\\\/\\\/ecosupplements.be\\\/fr\\\/produit\\\/dr-enzmann-mse-quinomit-q10-fluid-50-ml-169-fl-oz\\\/\"]}]},{\"@type\":\"ImageObject\",\"inLanguage\":\"fr-FR\",\"@id\":\"https:\\\/\\\/ecosupplements.be\\\/fr\\\/produit\\\/dr-enzmann-mse-quinomit-q10-fluid-50-ml-169-fl-oz\\\/#primaryimage\",\"url\":\"https:\\\/\\\/ecosupplements.be\\\/wp-content\\\/uploads\\\/2025\\\/08\\\/DR.-ENZMANN-MSE-QuinoMit-Q10-fluid-50-ml-169-fl.-oz.jpg\",\"contentUrl\":\"https:\\\/\\\/ecosupplements.be\\\/wp-content\\\/uploads\\\/2025\\\/08\\\/DR.-ENZMANN-MSE-QuinoMit-Q10-fluid-50-ml-169-fl.-oz.jpg\",\"width\":1080,\"height\":1543},{\"@type\":\"BreadcrumbList\",\"@id\":\"https:\\\/\\\/ecosupplements.be\\\/fr\\\/produit\\\/dr-enzmann-mse-quinomit-q10-fluid-50-ml-169-fl-oz\\\/#breadcrumb\",\"itemListElement\":[{\"@type\":\"ListItem\",\"position\":1,\"name\":\"Home\",\"item\":\"https:\\\/\\\/ecosupplements.be\\\/fr\\\/\"},{\"@type\":\"ListItem\",\"position\":2,\"name\":\"Boutique\",\"item\":\"https:\\\/\\\/ecosupplements.be\\\/fr\\\/boutique\\\/\"},{\"@type\":\"ListItem\",\"position\":3,\"name\":\"Fluide QuinoMit Q10 du Dr. Enzmann MSE (50 ml \\\/ 1,69 fl. oz.)\"}]},{\"@type\":\"WebSite\",\"@id\":\"https:\\\/\\\/ecosupplements.be\\\/fr\\\/#website\",\"url\":\"https:\\\/\\\/ecosupplements.be\\\/fr\\\/\",\"name\":\"ECO Supplements\",\"description\":\"Eco Supplements - Gezonde supplementen\",\"publisher\":{\"@id\":\"https:\\\/\\\/ecosupplements.be\\\/fr\\\/#organization\"},\"potentialAction\":[{\"@type\":\"SearchAction\",\"target\":{\"@type\":\"EntryPoint\",\"urlTemplate\":\"https:\\\/\\\/ecosupplements.be\\\/fr\\\/?s={search_term_string}\"},\"query-input\":{\"@type\":\"PropertyValueSpecification\",\"valueRequired\":true,\"valueName\":\"search_term_string\"}}],\"inLanguage\":\"fr-FR\"},{\"@type\":\"Organization\",\"@id\":\"https:\\\/\\\/ecosupplements.be\\\/fr\\\/#organization\",\"name\":\"Eco Supplements\",\"url\":\"https:\\\/\\\/ecosupplements.be\\\/fr\\\/\",\"logo\":{\"@type\":\"ImageObject\",\"inLanguage\":\"fr-FR\",\"@id\":\"https:\\\/\\\/ecosupplements.be\\\/fr\\\/#\\\/schema\\\/logo\\\/image\\\/\",\"url\":\"https:\\\/\\\/ecosupplements.be\\\/wp-content\\\/uploads\\\/2022\\\/06\\\/ecosupplement-family.png\",\"contentUrl\":\"https:\\\/\\\/ecosupplements.be\\\/wp-content\\\/uploads\\\/2022\\\/06\\\/ecosupplement-family.png\",\"width\":593,\"height\":374,\"caption\":\"Eco Supplements\"},\"image\":{\"@id\":\"https:\\\/\\\/ecosupplements.be\\\/fr\\\/#\\\/schema\\\/logo\\\/image\\\/\"}}]}<\/script>\n<meta property=\"product:brand\" content=\"Dr. Enzmann MSE\" \/>\n<meta property=\"product:price:amount\" content=\"162.37\" \/>\n<meta property=\"product:price:currency\" content=\"EUR\" \/>\n<meta property=\"og:availability\" content=\"instock\" \/>\n<meta property=\"product:availability\" content=\"instock\" \/>\n<meta property=\"product:retailer_item_id\" content=\"5906642020633\" \/>\n<meta property=\"product:condition\" content=\"new\" \/>\n<!-- \/ Yoast SEO Premium plugin. -->","yoast_head_json":{"title":"Fluide QuinoMit Q10 du Dr. Enzmann MSE (50 ml \/ 1,69 fl. oz.) - ECO Supplements","description":"Wij hebben een ruime keuze aan producten van Fluide QuinoMit Q10 du Dr. Enzmann MSE (50 ml \/ 1,69 fl. oz.) . Winkel bij Eco Supplements altijd gratis verzending boven 100\u20ac","robots":{"index":"index","follow":"follow","max-snippet":"max-snippet:-1","max-image-preview":"max-image-preview:large","max-video-preview":"max-video-preview:-1"},"canonical":"https:\/\/ecosupplements.be\/fr\/produit\/dr-enzmann-mse-quinomit-q10-fluid-50-ml-169-fl-oz\/","og_locale":"fr_FR","og_type":"article","og_title":"Fluide QuinoMit Q10 du Dr. Enzmann MSE (50 ml \/ 1,69 fl. oz.)","og_description":"Wij hebben een ruime keuze aan producten van Fluide QuinoMit Q10 du Dr. Enzmann MSE (50 ml \/ 1,69 fl. oz.) . Winkel bij Eco Supplements altijd gratis verzending boven 100\u20ac","og_url":"https:\/\/ecosupplements.be\/fr\/produit\/dr-enzmann-mse-quinomit-q10-fluid-50-ml-169-fl-oz\/","og_site_name":"ECO Supplements","article_modified_time":"2025-08-28T01:31:38+00:00","og_image":[{"width":1080,"height":1543,"url":"https:\/\/ecosupplements.be\/wp-content\/uploads\/2025\/08\/Dr.-Enzmann-MSE-DR.-ENZMANN-MSE-QuinoMit-Q10-fluid-50-ml-169-fl.-oz.jpg","type":"image\/jpeg"}],"twitter_card":"summary_large_image","twitter_misc":{"Prix":"162.37&nbsp;&euro;","Disponibilit\u00e9":"En stock"},"schema":{"@context":"https:\/\/schema.org","@graph":[{"@type":["WebPage","ItemPage"],"@id":"https:\/\/ecosupplements.be\/fr\/produit\/dr-enzmann-mse-quinomit-q10-fluid-50-ml-169-fl-oz\/","url":"https:\/\/ecosupplements.be\/fr\/produit\/dr-enzmann-mse-quinomit-q10-fluid-50-ml-169-fl-oz\/","name":"Fluide QuinoMit Q10 du Dr. Enzmann MSE (50 ml \/ 1,69 fl. oz.) - ECO Supplements","isPartOf":{"@id":"https:\/\/ecosupplements.be\/fr\/#website"},"primaryImageOfPage":{"@id":"https:\/\/ecosupplements.be\/fr\/produit\/dr-enzmann-mse-quinomit-q10-fluid-50-ml-169-fl-oz\/#primaryimage"},"image":{"@id":"https:\/\/ecosupplements.be\/fr\/produit\/dr-enzmann-mse-quinomit-q10-fluid-50-ml-169-fl-oz\/#primaryimage"},"thumbnailUrl":"https:\/\/ecosupplements.be\/wp-content\/uploads\/2025\/08\/DR.-ENZMANN-MSE-QuinoMit-Q10-fluid-50-ml-169-fl.-oz.jpg","datePublished":"2025-07-25T02:15:57+00:00","dateModified":"2025-08-28T01:31:38+00:00","description":"Wij hebben een ruime keuze aan producten van Fluide QuinoMit Q10 du Dr. Enzmann MSE (50 ml \/ 1,69 fl. oz.) . Winkel bij Eco Supplements altijd gratis verzending boven 100\u20ac","breadcrumb":{"@id":"https:\/\/ecosupplements.be\/fr\/produit\/dr-enzmann-mse-quinomit-q10-fluid-50-ml-169-fl-oz\/#breadcrumb"},"inLanguage":"fr-FR","potentialAction":[{"@type":"ReadAction","target":["https:\/\/ecosupplements.be\/fr\/produit\/dr-enzmann-mse-quinomit-q10-fluid-50-ml-169-fl-oz\/"]}]},{"@type":"ImageObject","inLanguage":"fr-FR","@id":"https:\/\/ecosupplements.be\/fr\/produit\/dr-enzmann-mse-quinomit-q10-fluid-50-ml-169-fl-oz\/#primaryimage","url":"https:\/\/ecosupplements.be\/wp-content\/uploads\/2025\/08\/DR.-ENZMANN-MSE-QuinoMit-Q10-fluid-50-ml-169-fl.-oz.jpg","contentUrl":"https:\/\/ecosupplements.be\/wp-content\/uploads\/2025\/08\/DR.-ENZMANN-MSE-QuinoMit-Q10-fluid-50-ml-169-fl.-oz.jpg","width":1080,"height":1543},{"@type":"BreadcrumbList","@id":"https:\/\/ecosupplements.be\/fr\/produit\/dr-enzmann-mse-quinomit-q10-fluid-50-ml-169-fl-oz\/#breadcrumb","itemListElement":[{"@type":"ListItem","position":1,"name":"Home","item":"https:\/\/ecosupplements.be\/fr\/"},{"@type":"ListItem","position":2,"name":"Boutique","item":"https:\/\/ecosupplements.be\/fr\/boutique\/"},{"@type":"ListItem","position":3,"name":"Fluide QuinoMit Q10 du Dr. Enzmann MSE (50 ml \/ 1,69 fl. oz.)"}]},{"@type":"WebSite","@id":"https:\/\/ecosupplements.be\/fr\/#website","url":"https:\/\/ecosupplements.be\/fr\/","name":"ECO Supplements","description":"Eco Supplements - Gezonde supplementen","publisher":{"@id":"https:\/\/ecosupplements.be\/fr\/#organization"},"potentialAction":[{"@type":"SearchAction","target":{"@type":"EntryPoint","urlTemplate":"https:\/\/ecosupplements.be\/fr\/?s={search_term_string}"},"query-input":{"@type":"PropertyValueSpecification","valueRequired":true,"valueName":"search_term_string"}}],"inLanguage":"fr-FR"},{"@type":"Organization","@id":"https:\/\/ecosupplements.be\/fr\/#organization","name":"Eco Supplements","url":"https:\/\/ecosupplements.be\/fr\/","logo":{"@type":"ImageObject","inLanguage":"fr-FR","@id":"https:\/\/ecosupplements.be\/fr\/#\/schema\/logo\/image\/","url":"https:\/\/ecosupplements.be\/wp-content\/uploads\/2022\/06\/ecosupplement-family.png","contentUrl":"https:\/\/ecosupplements.be\/wp-content\/uploads\/2022\/06\/ecosupplement-family.png","width":593,"height":374,"caption":"Eco Supplements"},"image":{"@id":"https:\/\/ecosupplements.be\/fr\/#\/schema\/logo\/image\/"}}]},"product_brand":"Dr. Enzmann MSE","product_price_amount":"162.37","product_price_currency":"EUR","og_availability":"instock","product_availability":"instock","product_retailer_item_id":"5906642020633","product_condition":"new"},"_links":{"self":[{"href":"https:\/\/ecosupplements.be\/fr\/wp-json\/wp\/v2\/product\/300123","targetHints":{"allow":["GET"]}}],"collection":[{"href":"https:\/\/ecosupplements.be\/fr\/wp-json\/wp\/v2\/product"}],"about":[{"href":"https:\/\/ecosupplements.be\/fr\/wp-json\/wp\/v2\/types\/product"}],"replies":[{"embeddable":true,"href":"https:\/\/ecosupplements.be\/fr\/wp-json\/wp\/v2\/comments?post=300123"}],"wp:featuredmedia":[{"embeddable":true,"href":"https:\/\/ecosupplements.be\/fr\/wp-json\/wp\/v2\/media\/274266"}],"wp:attachment":[{"href":"https:\/\/ecosupplements.be\/fr\/wp-json\/wp\/v2\/media?parent=300123"}],"wp:term":[{"taxonomy":"product_brand","embeddable":true,"href":"https:\/\/ecosupplements.be\/fr\/wp-json\/wp\/v2\/product_brand?post=300123"},{"taxonomy":"product_cat","embeddable":true,"href":"https:\/\/ecosupplements.be\/fr\/wp-json\/wp\/v2\/product_cat?post=300123"},{"taxonomy":"product_tag","embeddable":true,"href":"https:\/\/ecosupplements.be\/fr\/wp-json\/wp\/v2\/product_tag?post=300123"}],"curies":[{"name":"wp","href":"https:\/\/api.w.org\/{rel}","templated":true}]}}