{"id":300144,"date":"2025-07-25T03:16:08","date_gmt":"2025-07-25T02:16:08","guid":{"rendered":"https:\/\/ecosupplements.be\/product\/dr-enzmann-mse-selenium-mse-120-tabs\/"},"modified":"2025-08-28T02:32:02","modified_gmt":"2025-08-28T01:32:02","slug":"dr-enzmann-mse-selenium-mse-120-tabs","status":"publish","type":"product","link":"https:\/\/ecosupplements.be\/fr\/produit\/dr-enzmann-mse-selenium-mse-120-tabs\/","title":{"rendered":"S\u00e9l\u00e9nium MSE du Dr. Enzmann (120 comprim\u00e9s)"},"content":{"rendered":"<h2>DR. ENZMANN MSE Selenium MSE (120 tabs)<\/h2>\n<p>D\u00e9couvrez DR. ENZMANN MSE Selenium, un produit con\u00e7u avec des ingr\u00e9dients de haute qualit\u00e9 pour s&#8217;int\u00e9grer naturellement \u00e0 votre quotidien.Chaque comprim\u00e9 contient de la Spirulina Platensis enrichie en s\u00e9l\u00e9nium organique, offrant une composition pure et naturelle.<\/p>\n<p><strong>Ingr\u00e9dients principaux :<\/strong> Spirulina Platensis, s\u00e9l\u00e9nium organique.<\/p>\n<table border=\"1\">\n<tbody>\n<tr>\n<td><strong>Composition par tablette<\/strong><\/td>\n<td>Spirulina Platensis : 500 mg<br \/>S\u00e9l\u00e9nium organique : 50 mcg<\/td>\n<\/tr>\n<\/tbody>\n<\/table>\n<p><strong>Utilisation :<\/strong> Prendre une tablette par jour avec un repas, accompagn\u00e9e d&#8217;une quantit\u00e9 suffisante d&#8217;eau.<\/p>\n<p>Ce produit est pr\u00e9sent\u00e9 dans un emballage pratique contenant 120 comprim\u00e9s, con\u00e7u pour \u00eatre facile \u00e0 utiliser au quotidien.<\/p>\n<p><strong>Note :<\/strong> Ne pas d\u00e9passer la dose journali\u00e8re recommand\u00e9e. Ce compl\u00e9ment alimentaire ne doit pas \u00eatre utilis\u00e9 comme substitut \u00e0 une alimentation vari\u00e9e et \u00e9quilibr\u00e9e ni \u00e0 un mode de vie sain.<\/p>\n<p><strong>Conservation :<\/strong> Conserver dans un endroit sec et frais, hors de port\u00e9e des enfants.<\/p>\n<p>Avec DR. ENZMANN MSE Selenium, optez pour un choix naturel qui compl\u00e8te votre routine quotidienne sans effort.<\/p>\n","protected":false},"excerpt":{"rendered":"<p>DR. ENZMANN MSE Selenium MSE (120 tabs) D\u00e9couvrez DR. ENZMANN MSE Selenium, un produit con\u00e7u avec des ingr\u00e9dients de haute qualit\u00e9 pour s&#8217;int\u00e9grer naturellement \u00e0 votre quotidien.Chaque comprim\u00e9 contient de la Spirulina Platensis enrichie en s\u00e9l\u00e9nium organique, offrant une composition pure et naturelle. Ingr\u00e9dients principaux : Spirulina Platensis, s\u00e9l\u00e9nium organique. Composition par tablette Spirulina Platensis [&#8230;]\n","protected":false},"featured_media":274287,"comment_status":"closed","ping_status":"open","template":"","meta":[],"product_brand":[5346],"product_cat":[5064,5053],"product_tag":[],"class_list":{"0":"post-300144","1":"product","2":"type-product","3":"status-publish","4":"has-post-thumbnail","6":"product_brand-dr-enzmann-mse-2","7":"product_cat-mineraux-simples","8":"product_cat-vitamines-et-mineraux","10":"first","11":"instock","12":"taxable","13":"shipping-taxable","14":"purchasable","15":"product-type-simple"},"yoast_head":"<!-- This site is optimized with the Yoast SEO Premium plugin v27.3 (Yoast SEO v27.3) - https:\/\/yoast.com\/product\/yoast-seo-premium-wordpress\/ -->\n<title>S\u00e9l\u00e9nium MSE du Dr. Enzmann (120 comprim\u00e9s) - ECO Supplements<\/title>\n<meta name=\"description\" content=\"Wij hebben een ruime keuze aan producten van S\u00e9l\u00e9nium MSE du Dr. Enzmann (120 comprim\u00e9s) . Winkel bij Eco Supplements altijd gratis verzending boven 100\u20ac\" \/>\n<meta name=\"robots\" content=\"index, follow, max-snippet:-1, max-image-preview:large, max-video-preview:-1\" \/>\n<link rel=\"canonical\" href=\"https:\/\/ecosupplements.be\/fr\/produit\/dr-enzmann-mse-selenium-mse-120-tabs\/\" \/>\n<meta property=\"og:locale\" content=\"fr_FR\" \/>\n<meta property=\"og:type\" content=\"article\" \/>\n<meta property=\"og:title\" content=\"S\u00e9l\u00e9nium MSE du Dr. Enzmann (120 comprim\u00e9s)\" \/>\n<meta property=\"og:description\" content=\"Wij hebben een ruime keuze aan producten van S\u00e9l\u00e9nium MSE du Dr. Enzmann (120 comprim\u00e9s) . Winkel bij Eco Supplements altijd gratis verzending boven 100\u20ac\" \/>\n<meta property=\"og:url\" content=\"https:\/\/ecosupplements.be\/fr\/produit\/dr-enzmann-mse-selenium-mse-120-tabs\/\" \/>\n<meta property=\"og:site_name\" content=\"ECO Supplements\" \/>\n<meta property=\"article:modified_time\" content=\"2025-08-28T01:32:02+00:00\" \/>\n<meta property=\"og:image\" content=\"https:\/\/ecosupplements.be\/wp-content\/uploads\/2025\/08\/Dr.-Enzmann-MSE-DR.-ENZMANN-MSE-Selenium-MSE-120-tabs.jpg\" \/>\n\t<meta property=\"og:image:width\" content=\"1080\" \/>\n\t<meta property=\"og:image:height\" content=\"1527\" \/>\n\t<meta property=\"og:image:type\" content=\"image\/jpeg\" \/>\n<meta name=\"twitter:card\" content=\"summary_large_image\" \/>\n<meta name=\"twitter:label1\" content=\"Prix\" \/>\n\t<meta name=\"twitter:data1\" content=\"37.13&nbsp;&euro;\" \/>\n\t<meta name=\"twitter:label2\" content=\"Disponibilit\u00e9\" \/>\n\t<meta name=\"twitter:data2\" content=\"En stock\" \/>\n<script type=\"application\/ld+json\" class=\"yoast-schema-graph\">{\"@context\":\"https:\\\/\\\/schema.org\",\"@graph\":[{\"@type\":[\"WebPage\",\"ItemPage\"],\"@id\":\"https:\\\/\\\/ecosupplements.be\\\/fr\\\/produit\\\/dr-enzmann-mse-selenium-mse-120-tabs\\\/\",\"url\":\"https:\\\/\\\/ecosupplements.be\\\/fr\\\/produit\\\/dr-enzmann-mse-selenium-mse-120-tabs\\\/\",\"name\":\"S\u00e9l\u00e9nium MSE du Dr. Enzmann (120 comprim\u00e9s) - ECO Supplements\",\"isPartOf\":{\"@id\":\"https:\\\/\\\/ecosupplements.be\\\/fr\\\/#website\"},\"primaryImageOfPage\":{\"@id\":\"https:\\\/\\\/ecosupplements.be\\\/fr\\\/produit\\\/dr-enzmann-mse-selenium-mse-120-tabs\\\/#primaryimage\"},\"image\":{\"@id\":\"https:\\\/\\\/ecosupplements.be\\\/fr\\\/produit\\\/dr-enzmann-mse-selenium-mse-120-tabs\\\/#primaryimage\"},\"thumbnailUrl\":\"https:\\\/\\\/ecosupplements.be\\\/wp-content\\\/uploads\\\/2025\\\/08\\\/DR.-ENZMANN-MSE-Selenium-MSE-120-tabs.jpg\",\"datePublished\":\"2025-07-25T02:16:08+00:00\",\"dateModified\":\"2025-08-28T01:32:02+00:00\",\"description\":\"Wij hebben een ruime keuze aan producten van S\u00e9l\u00e9nium MSE du Dr. Enzmann (120 comprim\u00e9s) . Winkel bij Eco Supplements altijd gratis verzending boven 100\u20ac\",\"breadcrumb\":{\"@id\":\"https:\\\/\\\/ecosupplements.be\\\/fr\\\/produit\\\/dr-enzmann-mse-selenium-mse-120-tabs\\\/#breadcrumb\"},\"inLanguage\":\"fr-FR\",\"potentialAction\":[{\"@type\":\"ReadAction\",\"target\":[\"https:\\\/\\\/ecosupplements.be\\\/fr\\\/produit\\\/dr-enzmann-mse-selenium-mse-120-tabs\\\/\"]}]},{\"@type\":\"ImageObject\",\"inLanguage\":\"fr-FR\",\"@id\":\"https:\\\/\\\/ecosupplements.be\\\/fr\\\/produit\\\/dr-enzmann-mse-selenium-mse-120-tabs\\\/#primaryimage\",\"url\":\"https:\\\/\\\/ecosupplements.be\\\/wp-content\\\/uploads\\\/2025\\\/08\\\/DR.-ENZMANN-MSE-Selenium-MSE-120-tabs.jpg\",\"contentUrl\":\"https:\\\/\\\/ecosupplements.be\\\/wp-content\\\/uploads\\\/2025\\\/08\\\/DR.-ENZMANN-MSE-Selenium-MSE-120-tabs.jpg\",\"width\":1080,\"height\":1527},{\"@type\":\"BreadcrumbList\",\"@id\":\"https:\\\/\\\/ecosupplements.be\\\/fr\\\/produit\\\/dr-enzmann-mse-selenium-mse-120-tabs\\\/#breadcrumb\",\"itemListElement\":[{\"@type\":\"ListItem\",\"position\":1,\"name\":\"Home\",\"item\":\"https:\\\/\\\/ecosupplements.be\\\/fr\\\/\"},{\"@type\":\"ListItem\",\"position\":2,\"name\":\"Boutique\",\"item\":\"https:\\\/\\\/ecosupplements.be\\\/fr\\\/boutique\\\/\"},{\"@type\":\"ListItem\",\"position\":3,\"name\":\"S\u00e9l\u00e9nium MSE du Dr. Enzmann (120 comprim\u00e9s)\"}]},{\"@type\":\"WebSite\",\"@id\":\"https:\\\/\\\/ecosupplements.be\\\/fr\\\/#website\",\"url\":\"https:\\\/\\\/ecosupplements.be\\\/fr\\\/\",\"name\":\"ECO Supplements\",\"description\":\"Eco Supplements - Gezonde supplementen\",\"publisher\":{\"@id\":\"https:\\\/\\\/ecosupplements.be\\\/fr\\\/#organization\"},\"potentialAction\":[{\"@type\":\"SearchAction\",\"target\":{\"@type\":\"EntryPoint\",\"urlTemplate\":\"https:\\\/\\\/ecosupplements.be\\\/fr\\\/?s={search_term_string}\"},\"query-input\":{\"@type\":\"PropertyValueSpecification\",\"valueRequired\":true,\"valueName\":\"search_term_string\"}}],\"inLanguage\":\"fr-FR\"},{\"@type\":\"Organization\",\"@id\":\"https:\\\/\\\/ecosupplements.be\\\/fr\\\/#organization\",\"name\":\"Eco Supplements\",\"url\":\"https:\\\/\\\/ecosupplements.be\\\/fr\\\/\",\"logo\":{\"@type\":\"ImageObject\",\"inLanguage\":\"fr-FR\",\"@id\":\"https:\\\/\\\/ecosupplements.be\\\/fr\\\/#\\\/schema\\\/logo\\\/image\\\/\",\"url\":\"https:\\\/\\\/ecosupplements.be\\\/wp-content\\\/uploads\\\/2022\\\/06\\\/ecosupplement-family.png\",\"contentUrl\":\"https:\\\/\\\/ecosupplements.be\\\/wp-content\\\/uploads\\\/2022\\\/06\\\/ecosupplement-family.png\",\"width\":593,\"height\":374,\"caption\":\"Eco Supplements\"},\"image\":{\"@id\":\"https:\\\/\\\/ecosupplements.be\\\/fr\\\/#\\\/schema\\\/logo\\\/image\\\/\"}}]}<\/script>\n<meta property=\"product:brand\" content=\"Dr. Enzmann MSE\" \/>\n<meta property=\"product:price:amount\" content=\"37.13\" \/>\n<meta property=\"product:price:currency\" content=\"EUR\" \/>\n<meta property=\"og:availability\" content=\"instock\" \/>\n<meta property=\"product:availability\" content=\"instock\" \/>\n<meta property=\"product:retailer_item_id\" content=\"5906642020701\" \/>\n<meta property=\"product:condition\" content=\"new\" \/>\n<!-- \/ Yoast SEO Premium plugin. -->","yoast_head_json":{"title":"S\u00e9l\u00e9nium MSE du Dr. Enzmann (120 comprim\u00e9s) - ECO Supplements","description":"Wij hebben een ruime keuze aan producten van S\u00e9l\u00e9nium MSE du Dr. Enzmann (120 comprim\u00e9s) . Winkel bij Eco Supplements altijd gratis verzending boven 100\u20ac","robots":{"index":"index","follow":"follow","max-snippet":"max-snippet:-1","max-image-preview":"max-image-preview:large","max-video-preview":"max-video-preview:-1"},"canonical":"https:\/\/ecosupplements.be\/fr\/produit\/dr-enzmann-mse-selenium-mse-120-tabs\/","og_locale":"fr_FR","og_type":"article","og_title":"S\u00e9l\u00e9nium MSE du Dr. Enzmann (120 comprim\u00e9s)","og_description":"Wij hebben een ruime keuze aan producten van S\u00e9l\u00e9nium MSE du Dr. Enzmann (120 comprim\u00e9s) . Winkel bij Eco Supplements altijd gratis verzending boven 100\u20ac","og_url":"https:\/\/ecosupplements.be\/fr\/produit\/dr-enzmann-mse-selenium-mse-120-tabs\/","og_site_name":"ECO Supplements","article_modified_time":"2025-08-28T01:32:02+00:00","og_image":[{"width":1080,"height":1527,"url":"https:\/\/ecosupplements.be\/wp-content\/uploads\/2025\/08\/Dr.-Enzmann-MSE-DR.-ENZMANN-MSE-Selenium-MSE-120-tabs.jpg","type":"image\/jpeg"}],"twitter_card":"summary_large_image","twitter_misc":{"Prix":"37.13&nbsp;&euro;","Disponibilit\u00e9":"En stock"},"schema":{"@context":"https:\/\/schema.org","@graph":[{"@type":["WebPage","ItemPage"],"@id":"https:\/\/ecosupplements.be\/fr\/produit\/dr-enzmann-mse-selenium-mse-120-tabs\/","url":"https:\/\/ecosupplements.be\/fr\/produit\/dr-enzmann-mse-selenium-mse-120-tabs\/","name":"S\u00e9l\u00e9nium MSE du Dr. Enzmann (120 comprim\u00e9s) - ECO Supplements","isPartOf":{"@id":"https:\/\/ecosupplements.be\/fr\/#website"},"primaryImageOfPage":{"@id":"https:\/\/ecosupplements.be\/fr\/produit\/dr-enzmann-mse-selenium-mse-120-tabs\/#primaryimage"},"image":{"@id":"https:\/\/ecosupplements.be\/fr\/produit\/dr-enzmann-mse-selenium-mse-120-tabs\/#primaryimage"},"thumbnailUrl":"https:\/\/ecosupplements.be\/wp-content\/uploads\/2025\/08\/DR.-ENZMANN-MSE-Selenium-MSE-120-tabs.jpg","datePublished":"2025-07-25T02:16:08+00:00","dateModified":"2025-08-28T01:32:02+00:00","description":"Wij hebben een ruime keuze aan producten van S\u00e9l\u00e9nium MSE du Dr. Enzmann (120 comprim\u00e9s) . Winkel bij Eco Supplements altijd gratis verzending boven 100\u20ac","breadcrumb":{"@id":"https:\/\/ecosupplements.be\/fr\/produit\/dr-enzmann-mse-selenium-mse-120-tabs\/#breadcrumb"},"inLanguage":"fr-FR","potentialAction":[{"@type":"ReadAction","target":["https:\/\/ecosupplements.be\/fr\/produit\/dr-enzmann-mse-selenium-mse-120-tabs\/"]}]},{"@type":"ImageObject","inLanguage":"fr-FR","@id":"https:\/\/ecosupplements.be\/fr\/produit\/dr-enzmann-mse-selenium-mse-120-tabs\/#primaryimage","url":"https:\/\/ecosupplements.be\/wp-content\/uploads\/2025\/08\/DR.-ENZMANN-MSE-Selenium-MSE-120-tabs.jpg","contentUrl":"https:\/\/ecosupplements.be\/wp-content\/uploads\/2025\/08\/DR.-ENZMANN-MSE-Selenium-MSE-120-tabs.jpg","width":1080,"height":1527},{"@type":"BreadcrumbList","@id":"https:\/\/ecosupplements.be\/fr\/produit\/dr-enzmann-mse-selenium-mse-120-tabs\/#breadcrumb","itemListElement":[{"@type":"ListItem","position":1,"name":"Home","item":"https:\/\/ecosupplements.be\/fr\/"},{"@type":"ListItem","position":2,"name":"Boutique","item":"https:\/\/ecosupplements.be\/fr\/boutique\/"},{"@type":"ListItem","position":3,"name":"S\u00e9l\u00e9nium MSE du Dr. Enzmann (120 comprim\u00e9s)"}]},{"@type":"WebSite","@id":"https:\/\/ecosupplements.be\/fr\/#website","url":"https:\/\/ecosupplements.be\/fr\/","name":"ECO Supplements","description":"Eco Supplements - Gezonde supplementen","publisher":{"@id":"https:\/\/ecosupplements.be\/fr\/#organization"},"potentialAction":[{"@type":"SearchAction","target":{"@type":"EntryPoint","urlTemplate":"https:\/\/ecosupplements.be\/fr\/?s={search_term_string}"},"query-input":{"@type":"PropertyValueSpecification","valueRequired":true,"valueName":"search_term_string"}}],"inLanguage":"fr-FR"},{"@type":"Organization","@id":"https:\/\/ecosupplements.be\/fr\/#organization","name":"Eco Supplements","url":"https:\/\/ecosupplements.be\/fr\/","logo":{"@type":"ImageObject","inLanguage":"fr-FR","@id":"https:\/\/ecosupplements.be\/fr\/#\/schema\/logo\/image\/","url":"https:\/\/ecosupplements.be\/wp-content\/uploads\/2022\/06\/ecosupplement-family.png","contentUrl":"https:\/\/ecosupplements.be\/wp-content\/uploads\/2022\/06\/ecosupplement-family.png","width":593,"height":374,"caption":"Eco Supplements"},"image":{"@id":"https:\/\/ecosupplements.be\/fr\/#\/schema\/logo\/image\/"}}]},"product_brand":"Dr. Enzmann MSE","product_price_amount":"37.13","product_price_currency":"EUR","og_availability":"instock","product_availability":"instock","product_retailer_item_id":"5906642020701","product_condition":"new"},"_links":{"self":[{"href":"https:\/\/ecosupplements.be\/fr\/wp-json\/wp\/v2\/product\/300144","targetHints":{"allow":["GET"]}}],"collection":[{"href":"https:\/\/ecosupplements.be\/fr\/wp-json\/wp\/v2\/product"}],"about":[{"href":"https:\/\/ecosupplements.be\/fr\/wp-json\/wp\/v2\/types\/product"}],"replies":[{"embeddable":true,"href":"https:\/\/ecosupplements.be\/fr\/wp-json\/wp\/v2\/comments?post=300144"}],"wp:featuredmedia":[{"embeddable":true,"href":"https:\/\/ecosupplements.be\/fr\/wp-json\/wp\/v2\/media\/274287"}],"wp:attachment":[{"href":"https:\/\/ecosupplements.be\/fr\/wp-json\/wp\/v2\/media?parent=300144"}],"wp:term":[{"taxonomy":"product_brand","embeddable":true,"href":"https:\/\/ecosupplements.be\/fr\/wp-json\/wp\/v2\/product_brand?post=300144"},{"taxonomy":"product_cat","embeddable":true,"href":"https:\/\/ecosupplements.be\/fr\/wp-json\/wp\/v2\/product_cat?post=300144"},{"taxonomy":"product_tag","embeddable":true,"href":"https:\/\/ecosupplements.be\/fr\/wp-json\/wp\/v2\/product_tag?post=300144"}],"curies":[{"name":"wp","href":"https:\/\/api.w.org\/{rel}","templated":true}]}}