{"id":300159,"date":"2025-07-25T03:30:36","date_gmt":"2025-07-25T02:30:36","guid":{"rendered":"https:\/\/ecosupplements.be\/product\/dr-enzmann-mse-vitamin-b3-mse-50-mg-180-caps\/"},"modified":"2025-08-28T02:32:18","modified_gmt":"2025-08-28T01:32:18","slug":"dr-enzmann-mse-vitamin-b3-mse-50-mg-180-caps","status":"publish","type":"product","link":"https:\/\/ecosupplements.be\/fr\/produit\/dr-enzmann-mse-vitamin-b3-mse-50-mg-180-caps\/","title":{"rendered":"Dr. Enzmann Vitamine B3, 50 mg (180 g\u00e9lules)"},"content":{"rendered":"<h1>DR. ENZMANN MSE Vitamin B3 MSE, 50 mg (180 caps)<\/h1>\n<p>D\u00e9couvrez DR. ENZMANN MSE Vitamin B3, un choix parfait pour ceux qui appr\u00e9cient les ingr\u00e9dients naturels dans un mode de vie sain. Chaque capsule contient 50 mg de niacine (amid kwasu nikotynowego), une composition soigneusement s\u00e9lectionn\u00e9e pour sa grande puret\u00e9.<\/p>\n<p><strong>Ingr\u00e9dients :<\/strong> Lactose,niacine (amid kwasu nikotynowego),agents d&#8217;enrobage : hydroxypropylm\u00e9thylcellulose,anti-agglom\u00e9rants : sels de magn\u00e9sium d&#8217;acides gras et dioxyde de silicium.<\/p>\n<table border=\"3\">\n<tbody>\n<tr class=\"tablehead\">\n<td><b>Composant<\/b><\/td>\n<td><b>Quantit\u00e9 par capsule<\/b><\/td>\n<\/tr>\n<tr>\n<td>Niacine<br \/>(Amid kwasu nikotynowego)<\/td>\n<td>50 mg<\/td>\n<\/tr>\n<\/tbody>\n<\/table>\n<p><strong>utilisation :<\/strong> Prendre une capsule par jour, de pr\u00e9f\u00e9rence avec un repas et accompagn\u00e9e d&#8217;une quantit\u00e9 suffisante d&#8217;eau.<\/p>\n<p>ce produit est pr\u00e9sent\u00e9 dans un emballage pratique contenant 180 capsules,con\u00e7u pour \u00eatre facile \u00e0 utiliser au quotidien.<\/p>\n<p><strong>Mise en garde :<\/strong> Ne pas d\u00e9passer la dose journali\u00e8re recommand\u00e9e. Ce compl\u00e9ment alimentaire ne doit pas \u00eatre utilis\u00e9 comme substitut \u00e0 une alimentation vari\u00e9e. ne pas utiliser en cas d&#8217;allergie \u00e0 l&#8217;un des composants du produit. Il est vital de maintenir un mode de vie \u00e9quilibr\u00e9 et une alimentation diversifi\u00e9e.<\/p>\n<p><strong>Conservation :<\/strong> Conserver le produit ferm\u00e9, dans un endroit sec et frais, hors de port\u00e9e des enfants.<\/p>\n<p>Avec DR. ENZMANN MSE Vitamin B3, int\u00e9grez simplement la qualit\u00e9 au c\u0153ur de votre quotidien sans compromis sur le style ou le bien-\u00eatre g\u00e9n\u00e9ral.<\/p>\n","protected":false},"excerpt":{"rendered":"<p>DR. ENZMANN MSE Vitamin B3 MSE, 50 mg (180 caps) D\u00e9couvrez DR. ENZMANN MSE Vitamin B3, un choix parfait pour ceux qui appr\u00e9cient les ingr\u00e9dients naturels dans un mode de vie sain. Chaque capsule contient 50 mg de niacine (amid kwasu nikotynowego), une composition soigneusement s\u00e9lectionn\u00e9e pour sa grande puret\u00e9. Ingr\u00e9dients : Lactose,niacine (amid kwasu [&#8230;]\n","protected":false},"featured_media":274302,"comment_status":"closed","ping_status":"open","template":"","meta":[],"product_brand":[5346],"product_cat":[5053,5059],"product_tag":[],"class_list":{"0":"post-300159","1":"product","2":"type-product","3":"status-publish","4":"has-post-thumbnail","6":"product_brand-dr-enzmann-mse-2","7":"product_cat-vitamines-et-mineraux","8":"product_cat-vitamines-simples","10":"first","11":"instock","12":"taxable","13":"shipping-taxable","14":"purchasable","15":"product-type-simple"},"yoast_head":"<!-- This site is optimized with the Yoast SEO Premium plugin v27.3 (Yoast SEO v27.3) - https:\/\/yoast.com\/product\/yoast-seo-premium-wordpress\/ -->\n<title>Dr. Enzmann Vitamine B3, 50 mg (180 g\u00e9lules) - ECO Supplements<\/title>\n<meta name=\"description\" content=\"Wij hebben een ruime keuze aan producten van Dr. Enzmann Vitamine B3, 50 mg (180 g\u00e9lules) . Winkel bij Eco Supplements altijd gratis verzending boven 100\u20ac\" \/>\n<meta name=\"robots\" content=\"index, follow, max-snippet:-1, max-image-preview:large, max-video-preview:-1\" \/>\n<link rel=\"canonical\" href=\"https:\/\/ecosupplements.be\/fr\/produit\/dr-enzmann-mse-vitamin-b3-mse-50-mg-180-caps\/\" \/>\n<meta property=\"og:locale\" content=\"fr_FR\" \/>\n<meta property=\"og:type\" content=\"article\" \/>\n<meta property=\"og:title\" content=\"Dr. Enzmann Vitamine B3, 50 mg (180 g\u00e9lules)\" \/>\n<meta property=\"og:description\" content=\"Wij hebben een ruime keuze aan producten van Dr. Enzmann Vitamine B3, 50 mg (180 g\u00e9lules) . Winkel bij Eco Supplements altijd gratis verzending boven 100\u20ac\" \/>\n<meta property=\"og:url\" content=\"https:\/\/ecosupplements.be\/fr\/produit\/dr-enzmann-mse-vitamin-b3-mse-50-mg-180-caps\/\" \/>\n<meta property=\"og:site_name\" content=\"ECO Supplements\" \/>\n<meta property=\"article:modified_time\" content=\"2025-08-28T01:32:18+00:00\" \/>\n<meta property=\"og:image\" content=\"https:\/\/ecosupplements.be\/wp-content\/uploads\/2025\/08\/Dr.-Enzmann-MSE-DR.-ENZMANN-MSE-Vitamin-B3-MSE-50-mg-180-caps.jpg\" \/>\n\t<meta property=\"og:image:width\" content=\"1080\" \/>\n\t<meta property=\"og:image:height\" content=\"1527\" \/>\n\t<meta property=\"og:image:type\" content=\"image\/jpeg\" \/>\n<meta name=\"twitter:card\" content=\"summary_large_image\" \/>\n<meta name=\"twitter:label1\" content=\"Prix\" \/>\n\t<meta name=\"twitter:data1\" content=\"29.26&nbsp;&euro;\" \/>\n\t<meta name=\"twitter:label2\" content=\"Disponibilit\u00e9\" \/>\n\t<meta name=\"twitter:data2\" content=\"En stock\" \/>\n<script type=\"application\/ld+json\" class=\"yoast-schema-graph\">{\"@context\":\"https:\\\/\\\/schema.org\",\"@graph\":[{\"@type\":[\"WebPage\",\"ItemPage\"],\"@id\":\"https:\\\/\\\/ecosupplements.be\\\/fr\\\/produit\\\/dr-enzmann-mse-vitamin-b3-mse-50-mg-180-caps\\\/\",\"url\":\"https:\\\/\\\/ecosupplements.be\\\/fr\\\/produit\\\/dr-enzmann-mse-vitamin-b3-mse-50-mg-180-caps\\\/\",\"name\":\"Dr. Enzmann Vitamine B3, 50 mg (180 g\u00e9lules) - ECO Supplements\",\"isPartOf\":{\"@id\":\"https:\\\/\\\/ecosupplements.be\\\/fr\\\/#website\"},\"primaryImageOfPage\":{\"@id\":\"https:\\\/\\\/ecosupplements.be\\\/fr\\\/produit\\\/dr-enzmann-mse-vitamin-b3-mse-50-mg-180-caps\\\/#primaryimage\"},\"image\":{\"@id\":\"https:\\\/\\\/ecosupplements.be\\\/fr\\\/produit\\\/dr-enzmann-mse-vitamin-b3-mse-50-mg-180-caps\\\/#primaryimage\"},\"thumbnailUrl\":\"https:\\\/\\\/ecosupplements.be\\\/wp-content\\\/uploads\\\/2025\\\/08\\\/DR.-ENZMANN-MSE-Vitamin-B3-MSE-50-mg-180-caps.jpg\",\"datePublished\":\"2025-07-25T02:30:36+00:00\",\"dateModified\":\"2025-08-28T01:32:18+00:00\",\"description\":\"Wij hebben een ruime keuze aan producten van Dr. Enzmann Vitamine B3, 50 mg (180 g\u00e9lules) . Winkel bij Eco Supplements altijd gratis verzending boven 100\u20ac\",\"breadcrumb\":{\"@id\":\"https:\\\/\\\/ecosupplements.be\\\/fr\\\/produit\\\/dr-enzmann-mse-vitamin-b3-mse-50-mg-180-caps\\\/#breadcrumb\"},\"inLanguage\":\"fr-FR\",\"potentialAction\":[{\"@type\":\"ReadAction\",\"target\":[\"https:\\\/\\\/ecosupplements.be\\\/fr\\\/produit\\\/dr-enzmann-mse-vitamin-b3-mse-50-mg-180-caps\\\/\"]}]},{\"@type\":\"ImageObject\",\"inLanguage\":\"fr-FR\",\"@id\":\"https:\\\/\\\/ecosupplements.be\\\/fr\\\/produit\\\/dr-enzmann-mse-vitamin-b3-mse-50-mg-180-caps\\\/#primaryimage\",\"url\":\"https:\\\/\\\/ecosupplements.be\\\/wp-content\\\/uploads\\\/2025\\\/08\\\/DR.-ENZMANN-MSE-Vitamin-B3-MSE-50-mg-180-caps.jpg\",\"contentUrl\":\"https:\\\/\\\/ecosupplements.be\\\/wp-content\\\/uploads\\\/2025\\\/08\\\/DR.-ENZMANN-MSE-Vitamin-B3-MSE-50-mg-180-caps.jpg\",\"width\":1080,\"height\":1527},{\"@type\":\"BreadcrumbList\",\"@id\":\"https:\\\/\\\/ecosupplements.be\\\/fr\\\/produit\\\/dr-enzmann-mse-vitamin-b3-mse-50-mg-180-caps\\\/#breadcrumb\",\"itemListElement\":[{\"@type\":\"ListItem\",\"position\":1,\"name\":\"Home\",\"item\":\"https:\\\/\\\/ecosupplements.be\\\/fr\\\/\"},{\"@type\":\"ListItem\",\"position\":2,\"name\":\"Boutique\",\"item\":\"https:\\\/\\\/ecosupplements.be\\\/fr\\\/boutique\\\/\"},{\"@type\":\"ListItem\",\"position\":3,\"name\":\"Dr. Enzmann Vitamine B3, 50 mg (180 g\u00e9lules)\"}]},{\"@type\":\"WebSite\",\"@id\":\"https:\\\/\\\/ecosupplements.be\\\/fr\\\/#website\",\"url\":\"https:\\\/\\\/ecosupplements.be\\\/fr\\\/\",\"name\":\"ECO Supplements\",\"description\":\"Eco Supplements - Gezonde supplementen\",\"publisher\":{\"@id\":\"https:\\\/\\\/ecosupplements.be\\\/fr\\\/#organization\"},\"potentialAction\":[{\"@type\":\"SearchAction\",\"target\":{\"@type\":\"EntryPoint\",\"urlTemplate\":\"https:\\\/\\\/ecosupplements.be\\\/fr\\\/?s={search_term_string}\"},\"query-input\":{\"@type\":\"PropertyValueSpecification\",\"valueRequired\":true,\"valueName\":\"search_term_string\"}}],\"inLanguage\":\"fr-FR\"},{\"@type\":\"Organization\",\"@id\":\"https:\\\/\\\/ecosupplements.be\\\/fr\\\/#organization\",\"name\":\"Eco Supplements\",\"url\":\"https:\\\/\\\/ecosupplements.be\\\/fr\\\/\",\"logo\":{\"@type\":\"ImageObject\",\"inLanguage\":\"fr-FR\",\"@id\":\"https:\\\/\\\/ecosupplements.be\\\/fr\\\/#\\\/schema\\\/logo\\\/image\\\/\",\"url\":\"https:\\\/\\\/ecosupplements.be\\\/wp-content\\\/uploads\\\/2022\\\/06\\\/ecosupplement-family.png\",\"contentUrl\":\"https:\\\/\\\/ecosupplements.be\\\/wp-content\\\/uploads\\\/2022\\\/06\\\/ecosupplement-family.png\",\"width\":593,\"height\":374,\"caption\":\"Eco Supplements\"},\"image\":{\"@id\":\"https:\\\/\\\/ecosupplements.be\\\/fr\\\/#\\\/schema\\\/logo\\\/image\\\/\"}}]}<\/script>\n<meta property=\"product:brand\" content=\"Dr. Enzmann MSE\" \/>\n<meta property=\"product:price:amount\" content=\"29.26\" \/>\n<meta property=\"product:price:currency\" content=\"EUR\" \/>\n<meta property=\"og:availability\" content=\"instock\" \/>\n<meta property=\"product:availability\" content=\"instock\" \/>\n<meta property=\"product:retailer_item_id\" content=\"5906642020756\" \/>\n<meta property=\"product:condition\" content=\"new\" \/>\n<!-- \/ Yoast SEO Premium plugin. -->","yoast_head_json":{"title":"Dr. Enzmann Vitamine B3, 50 mg (180 g\u00e9lules) - ECO Supplements","description":"Wij hebben een ruime keuze aan producten van Dr. Enzmann Vitamine B3, 50 mg (180 g\u00e9lules) . Winkel bij Eco Supplements altijd gratis verzending boven 100\u20ac","robots":{"index":"index","follow":"follow","max-snippet":"max-snippet:-1","max-image-preview":"max-image-preview:large","max-video-preview":"max-video-preview:-1"},"canonical":"https:\/\/ecosupplements.be\/fr\/produit\/dr-enzmann-mse-vitamin-b3-mse-50-mg-180-caps\/","og_locale":"fr_FR","og_type":"article","og_title":"Dr. Enzmann Vitamine B3, 50 mg (180 g\u00e9lules)","og_description":"Wij hebben een ruime keuze aan producten van Dr. Enzmann Vitamine B3, 50 mg (180 g\u00e9lules) . Winkel bij Eco Supplements altijd gratis verzending boven 100\u20ac","og_url":"https:\/\/ecosupplements.be\/fr\/produit\/dr-enzmann-mse-vitamin-b3-mse-50-mg-180-caps\/","og_site_name":"ECO Supplements","article_modified_time":"2025-08-28T01:32:18+00:00","og_image":[{"width":1080,"height":1527,"url":"https:\/\/ecosupplements.be\/wp-content\/uploads\/2025\/08\/Dr.-Enzmann-MSE-DR.-ENZMANN-MSE-Vitamin-B3-MSE-50-mg-180-caps.jpg","type":"image\/jpeg"}],"twitter_card":"summary_large_image","twitter_misc":{"Prix":"29.26&nbsp;&euro;","Disponibilit\u00e9":"En stock"},"schema":{"@context":"https:\/\/schema.org","@graph":[{"@type":["WebPage","ItemPage"],"@id":"https:\/\/ecosupplements.be\/fr\/produit\/dr-enzmann-mse-vitamin-b3-mse-50-mg-180-caps\/","url":"https:\/\/ecosupplements.be\/fr\/produit\/dr-enzmann-mse-vitamin-b3-mse-50-mg-180-caps\/","name":"Dr. Enzmann Vitamine B3, 50 mg (180 g\u00e9lules) - ECO Supplements","isPartOf":{"@id":"https:\/\/ecosupplements.be\/fr\/#website"},"primaryImageOfPage":{"@id":"https:\/\/ecosupplements.be\/fr\/produit\/dr-enzmann-mse-vitamin-b3-mse-50-mg-180-caps\/#primaryimage"},"image":{"@id":"https:\/\/ecosupplements.be\/fr\/produit\/dr-enzmann-mse-vitamin-b3-mse-50-mg-180-caps\/#primaryimage"},"thumbnailUrl":"https:\/\/ecosupplements.be\/wp-content\/uploads\/2025\/08\/DR.-ENZMANN-MSE-Vitamin-B3-MSE-50-mg-180-caps.jpg","datePublished":"2025-07-25T02:30:36+00:00","dateModified":"2025-08-28T01:32:18+00:00","description":"Wij hebben een ruime keuze aan producten van Dr. Enzmann Vitamine B3, 50 mg (180 g\u00e9lules) . Winkel bij Eco Supplements altijd gratis verzending boven 100\u20ac","breadcrumb":{"@id":"https:\/\/ecosupplements.be\/fr\/produit\/dr-enzmann-mse-vitamin-b3-mse-50-mg-180-caps\/#breadcrumb"},"inLanguage":"fr-FR","potentialAction":[{"@type":"ReadAction","target":["https:\/\/ecosupplements.be\/fr\/produit\/dr-enzmann-mse-vitamin-b3-mse-50-mg-180-caps\/"]}]},{"@type":"ImageObject","inLanguage":"fr-FR","@id":"https:\/\/ecosupplements.be\/fr\/produit\/dr-enzmann-mse-vitamin-b3-mse-50-mg-180-caps\/#primaryimage","url":"https:\/\/ecosupplements.be\/wp-content\/uploads\/2025\/08\/DR.-ENZMANN-MSE-Vitamin-B3-MSE-50-mg-180-caps.jpg","contentUrl":"https:\/\/ecosupplements.be\/wp-content\/uploads\/2025\/08\/DR.-ENZMANN-MSE-Vitamin-B3-MSE-50-mg-180-caps.jpg","width":1080,"height":1527},{"@type":"BreadcrumbList","@id":"https:\/\/ecosupplements.be\/fr\/produit\/dr-enzmann-mse-vitamin-b3-mse-50-mg-180-caps\/#breadcrumb","itemListElement":[{"@type":"ListItem","position":1,"name":"Home","item":"https:\/\/ecosupplements.be\/fr\/"},{"@type":"ListItem","position":2,"name":"Boutique","item":"https:\/\/ecosupplements.be\/fr\/boutique\/"},{"@type":"ListItem","position":3,"name":"Dr. Enzmann Vitamine B3, 50 mg (180 g\u00e9lules)"}]},{"@type":"WebSite","@id":"https:\/\/ecosupplements.be\/fr\/#website","url":"https:\/\/ecosupplements.be\/fr\/","name":"ECO Supplements","description":"Eco Supplements - Gezonde supplementen","publisher":{"@id":"https:\/\/ecosupplements.be\/fr\/#organization"},"potentialAction":[{"@type":"SearchAction","target":{"@type":"EntryPoint","urlTemplate":"https:\/\/ecosupplements.be\/fr\/?s={search_term_string}"},"query-input":{"@type":"PropertyValueSpecification","valueRequired":true,"valueName":"search_term_string"}}],"inLanguage":"fr-FR"},{"@type":"Organization","@id":"https:\/\/ecosupplements.be\/fr\/#organization","name":"Eco Supplements","url":"https:\/\/ecosupplements.be\/fr\/","logo":{"@type":"ImageObject","inLanguage":"fr-FR","@id":"https:\/\/ecosupplements.be\/fr\/#\/schema\/logo\/image\/","url":"https:\/\/ecosupplements.be\/wp-content\/uploads\/2022\/06\/ecosupplement-family.png","contentUrl":"https:\/\/ecosupplements.be\/wp-content\/uploads\/2022\/06\/ecosupplement-family.png","width":593,"height":374,"caption":"Eco Supplements"},"image":{"@id":"https:\/\/ecosupplements.be\/fr\/#\/schema\/logo\/image\/"}}]},"product_brand":"Dr. Enzmann MSE","product_price_amount":"29.26","product_price_currency":"EUR","og_availability":"instock","product_availability":"instock","product_retailer_item_id":"5906642020756","product_condition":"new"},"_links":{"self":[{"href":"https:\/\/ecosupplements.be\/fr\/wp-json\/wp\/v2\/product\/300159","targetHints":{"allow":["GET"]}}],"collection":[{"href":"https:\/\/ecosupplements.be\/fr\/wp-json\/wp\/v2\/product"}],"about":[{"href":"https:\/\/ecosupplements.be\/fr\/wp-json\/wp\/v2\/types\/product"}],"replies":[{"embeddable":true,"href":"https:\/\/ecosupplements.be\/fr\/wp-json\/wp\/v2\/comments?post=300159"}],"wp:featuredmedia":[{"embeddable":true,"href":"https:\/\/ecosupplements.be\/fr\/wp-json\/wp\/v2\/media\/274302"}],"wp:attachment":[{"href":"https:\/\/ecosupplements.be\/fr\/wp-json\/wp\/v2\/media?parent=300159"}],"wp:term":[{"taxonomy":"product_brand","embeddable":true,"href":"https:\/\/ecosupplements.be\/fr\/wp-json\/wp\/v2\/product_brand?post=300159"},{"taxonomy":"product_cat","embeddable":true,"href":"https:\/\/ecosupplements.be\/fr\/wp-json\/wp\/v2\/product_cat?post=300159"},{"taxonomy":"product_tag","embeddable":true,"href":"https:\/\/ecosupplements.be\/fr\/wp-json\/wp\/v2\/product_tag?post=300159"}],"curies":[{"name":"wp","href":"https:\/\/api.w.org\/{rel}","templated":true}]}}