{"id":300183,"date":"2025-07-25T03:30:57","date_gmt":"2025-07-25T02:30:57","guid":{"rendered":"https:\/\/ecosupplements.be\/product\/dr-mercola-d-mannoza-with-cranberry-60-caps\/"},"modified":"2025-08-28T02:32:47","modified_gmt":"2025-08-28T01:32:47","slug":"dr-mercola-d-mannoza-with-cranberry-60-caps","status":"publish","type":"product","link":"https:\/\/ecosupplements.be\/fr\/produit\/dr-mercola-d-mannoza-with-cranberry-60-caps\/","title":{"rendered":"Dr. Mercola D-mannose avec canneberge (60 g\u00e9lules)"},"content":{"rendered":"<h2 class=\"title\">DR. MERCOLA D-mannoza with cranberry (60 caps)<\/h2>\n<div class=\"rte\">\n<p><strong>Ingr\u00e9dients principaux :<\/strong> D-mannoza,extrait de cranberry,maltodextrine biologique,cellulose microcristalline (agent de charge),enveloppes de riz biologiques,acide citrique,capsule : hydroxypropylm\u00e9thylcellulose.<\/p>\n<p><strong>Contenu et emballage :<\/strong> chaque bo\u00eete contient 60 capsules.<\/p>\n<p><strong>Dosage recommand\u00e9 :<\/strong> Prendre deux capsules par jour.<\/p>\n<p>Ce produit combine des ingr\u00e9dients d&#8217;origine naturelle soigneusement s\u00e9lectionn\u00e9s pour leur grande puret\u00e9. La formulation en capsules facilite son utilisation quotidienne et s&#8217;int\u00e8gre ais\u00e9ment dans un mode de vie actif et \u00e9quilibr\u00e9.<\/p>\n<p>L&#8217;extrait de cranberry utilis\u00e9 est reconnu pour sa qualit\u00e9 sup\u00e9rieure. Les capsules sont con\u00e7ues sans ar\u00f4mes artificiels ni conservateurs, mettant en avant le choix d&#8217;une composition respectueuse et naturelle.<\/p>\n<p><strong>Conservation :<\/strong> Conserver dans un endroit frais et sec \u00e0 l&#8217;abri de la lumi\u00e8re directe du soleil. Garder hors de port\u00e9e des enfants.<\/p>\n<p><strong>Note :<\/strong> Ne pas d\u00e9passer la dose journali\u00e8re recommand\u00e9e. Ce produit est un compl\u00e9ment alimentaire et ne doit pas \u00eatre utilis\u00e9 comme substitut \u00e0 une alimentation vari\u00e9e et \u00e9quilibr\u00e9e ni \u00e0 un mode de vie sain. Ne convient pas aux femmes enceintes ou allaitantes, ni aux enfants ou adolescents sous 18 ans sans avis m\u00e9dical.<\/P><\/p>\n<\/div>\n","protected":false},"excerpt":{"rendered":"<p>DR. MERCOLA D-mannoza with cranberry (60 caps) Ingr\u00e9dients principaux : D-mannoza,extrait de cranberry,maltodextrine biologique,cellulose microcristalline (agent de charge),enveloppes de riz biologiques,acide citrique,capsule : hydroxypropylm\u00e9thylcellulose. Contenu et emballage : chaque bo\u00eete contient 60 capsules. Dosage recommand\u00e9 : Prendre deux capsules par jour. Ce produit combine des ingr\u00e9dients d&#8217;origine naturelle soigneusement s\u00e9lectionn\u00e9s pour leur grande puret\u00e9. La [&#8230;]\n","protected":false},"featured_media":274326,"comment_status":"closed","ping_status":"open","template":"","meta":[],"product_brand":[5347],"product_cat":[5053],"product_tag":[],"class_list":{"0":"post-300183","1":"product","2":"type-product","3":"status-publish","4":"has-post-thumbnail","6":"product_brand-dr-mercola-2","7":"product_cat-vitamines-et-mineraux","9":"first","10":"instock","11":"taxable","12":"shipping-taxable","13":"purchasable","14":"product-type-simple"},"yoast_head":"<!-- This site is optimized with the Yoast SEO Premium plugin v27.3 (Yoast SEO v27.3) - https:\/\/yoast.com\/product\/yoast-seo-premium-wordpress\/ -->\n<title>Dr. Mercola D-mannose avec canneberge (60 g\u00e9lules) - ECO Supplements<\/title>\n<meta name=\"description\" content=\"Wij hebben een ruime keuze aan producten van Dr. Mercola D-mannose avec canneberge (60 g\u00e9lules) . Winkel bij Eco Supplements altijd gratis verzending boven 100\u20ac\" \/>\n<meta name=\"robots\" content=\"index, follow, max-snippet:-1, max-image-preview:large, max-video-preview:-1\" \/>\n<link rel=\"canonical\" href=\"https:\/\/ecosupplements.be\/fr\/produit\/dr-mercola-d-mannoza-with-cranberry-60-caps\/\" \/>\n<meta property=\"og:locale\" content=\"fr_FR\" \/>\n<meta property=\"og:type\" content=\"article\" \/>\n<meta property=\"og:title\" content=\"Dr. Mercola D-mannose avec canneberge (60 g\u00e9lules)\" \/>\n<meta property=\"og:description\" content=\"Wij hebben een ruime keuze aan producten van Dr. Mercola D-mannose avec canneberge (60 g\u00e9lules) . Winkel bij Eco Supplements altijd gratis verzending boven 100\u20ac\" \/>\n<meta property=\"og:url\" content=\"https:\/\/ecosupplements.be\/fr\/produit\/dr-mercola-d-mannoza-with-cranberry-60-caps\/\" \/>\n<meta property=\"og:site_name\" content=\"ECO Supplements\" \/>\n<meta property=\"article:modified_time\" content=\"2025-08-28T01:32:47+00:00\" \/>\n<meta property=\"og:image\" content=\"https:\/\/ecosupplements.be\/wp-content\/uploads\/2025\/08\/Dr.-Mercola-DR.-MERCOLA-D-mannoza-with-cranberry-60-caps.jpg\" \/>\n\t<meta property=\"og:image:width\" content=\"1080\" \/>\n\t<meta property=\"og:image:height\" content=\"1080\" \/>\n\t<meta property=\"og:image:type\" content=\"image\/jpeg\" \/>\n<meta name=\"twitter:card\" content=\"summary_large_image\" \/>\n<meta name=\"twitter:label1\" content=\"Prix\" \/>\n\t<meta name=\"twitter:data1\" content=\"34.28&nbsp;&euro;\" \/>\n\t<meta name=\"twitter:label2\" content=\"Disponibilit\u00e9\" \/>\n\t<meta name=\"twitter:data2\" content=\"En stock\" \/>\n<script type=\"application\/ld+json\" class=\"yoast-schema-graph\">{\"@context\":\"https:\\\/\\\/schema.org\",\"@graph\":[{\"@type\":[\"WebPage\",\"ItemPage\"],\"@id\":\"https:\\\/\\\/ecosupplements.be\\\/fr\\\/produit\\\/dr-mercola-d-mannoza-with-cranberry-60-caps\\\/\",\"url\":\"https:\\\/\\\/ecosupplements.be\\\/fr\\\/produit\\\/dr-mercola-d-mannoza-with-cranberry-60-caps\\\/\",\"name\":\"Dr. Mercola D-mannose avec canneberge (60 g\u00e9lules) - ECO Supplements\",\"isPartOf\":{\"@id\":\"https:\\\/\\\/ecosupplements.be\\\/fr\\\/#website\"},\"primaryImageOfPage\":{\"@id\":\"https:\\\/\\\/ecosupplements.be\\\/fr\\\/produit\\\/dr-mercola-d-mannoza-with-cranberry-60-caps\\\/#primaryimage\"},\"image\":{\"@id\":\"https:\\\/\\\/ecosupplements.be\\\/fr\\\/produit\\\/dr-mercola-d-mannoza-with-cranberry-60-caps\\\/#primaryimage\"},\"thumbnailUrl\":\"https:\\\/\\\/ecosupplements.be\\\/wp-content\\\/uploads\\\/2025\\\/08\\\/DR.-MERCOLA-D-mannoza-with-cranberry-60-caps.jpg\",\"datePublished\":\"2025-07-25T02:30:57+00:00\",\"dateModified\":\"2025-08-28T01:32:47+00:00\",\"description\":\"Wij hebben een ruime keuze aan producten van Dr. Mercola D-mannose avec canneberge (60 g\u00e9lules) . Winkel bij Eco Supplements altijd gratis verzending boven 100\u20ac\",\"breadcrumb\":{\"@id\":\"https:\\\/\\\/ecosupplements.be\\\/fr\\\/produit\\\/dr-mercola-d-mannoza-with-cranberry-60-caps\\\/#breadcrumb\"},\"inLanguage\":\"fr-FR\",\"potentialAction\":[{\"@type\":\"ReadAction\",\"target\":[\"https:\\\/\\\/ecosupplements.be\\\/fr\\\/produit\\\/dr-mercola-d-mannoza-with-cranberry-60-caps\\\/\"]}]},{\"@type\":\"ImageObject\",\"inLanguage\":\"fr-FR\",\"@id\":\"https:\\\/\\\/ecosupplements.be\\\/fr\\\/produit\\\/dr-mercola-d-mannoza-with-cranberry-60-caps\\\/#primaryimage\",\"url\":\"https:\\\/\\\/ecosupplements.be\\\/wp-content\\\/uploads\\\/2025\\\/08\\\/DR.-MERCOLA-D-mannoza-with-cranberry-60-caps.jpg\",\"contentUrl\":\"https:\\\/\\\/ecosupplements.be\\\/wp-content\\\/uploads\\\/2025\\\/08\\\/DR.-MERCOLA-D-mannoza-with-cranberry-60-caps.jpg\",\"width\":1080,\"height\":1080},{\"@type\":\"BreadcrumbList\",\"@id\":\"https:\\\/\\\/ecosupplements.be\\\/fr\\\/produit\\\/dr-mercola-d-mannoza-with-cranberry-60-caps\\\/#breadcrumb\",\"itemListElement\":[{\"@type\":\"ListItem\",\"position\":1,\"name\":\"Home\",\"item\":\"https:\\\/\\\/ecosupplements.be\\\/fr\\\/\"},{\"@type\":\"ListItem\",\"position\":2,\"name\":\"Boutique\",\"item\":\"https:\\\/\\\/ecosupplements.be\\\/fr\\\/boutique\\\/\"},{\"@type\":\"ListItem\",\"position\":3,\"name\":\"Dr. Mercola D-mannose avec canneberge (60 g\u00e9lules)\"}]},{\"@type\":\"WebSite\",\"@id\":\"https:\\\/\\\/ecosupplements.be\\\/fr\\\/#website\",\"url\":\"https:\\\/\\\/ecosupplements.be\\\/fr\\\/\",\"name\":\"ECO Supplements\",\"description\":\"Eco Supplements - Gezonde supplementen\",\"publisher\":{\"@id\":\"https:\\\/\\\/ecosupplements.be\\\/fr\\\/#organization\"},\"potentialAction\":[{\"@type\":\"SearchAction\",\"target\":{\"@type\":\"EntryPoint\",\"urlTemplate\":\"https:\\\/\\\/ecosupplements.be\\\/fr\\\/?s={search_term_string}\"},\"query-input\":{\"@type\":\"PropertyValueSpecification\",\"valueRequired\":true,\"valueName\":\"search_term_string\"}}],\"inLanguage\":\"fr-FR\"},{\"@type\":\"Organization\",\"@id\":\"https:\\\/\\\/ecosupplements.be\\\/fr\\\/#organization\",\"name\":\"Eco Supplements\",\"url\":\"https:\\\/\\\/ecosupplements.be\\\/fr\\\/\",\"logo\":{\"@type\":\"ImageObject\",\"inLanguage\":\"fr-FR\",\"@id\":\"https:\\\/\\\/ecosupplements.be\\\/fr\\\/#\\\/schema\\\/logo\\\/image\\\/\",\"url\":\"https:\\\/\\\/ecosupplements.be\\\/wp-content\\\/uploads\\\/2022\\\/06\\\/ecosupplement-family.png\",\"contentUrl\":\"https:\\\/\\\/ecosupplements.be\\\/wp-content\\\/uploads\\\/2022\\\/06\\\/ecosupplement-family.png\",\"width\":593,\"height\":374,\"caption\":\"Eco Supplements\"},\"image\":{\"@id\":\"https:\\\/\\\/ecosupplements.be\\\/fr\\\/#\\\/schema\\\/logo\\\/image\\\/\"}}]}<\/script>\n<meta property=\"product:brand\" content=\"Dr. Mercola\" \/>\n<meta property=\"product:price:amount\" content=\"34.28\" \/>\n<meta property=\"product:price:currency\" content=\"EUR\" \/>\n<meta property=\"og:availability\" content=\"instock\" \/>\n<meta property=\"product:availability\" content=\"instock\" \/>\n<meta property=\"product:retailer_item_id\" content=\"813006010528\" \/>\n<meta property=\"product:condition\" content=\"new\" \/>\n<!-- \/ Yoast SEO Premium plugin. -->","yoast_head_json":{"title":"Dr. Mercola D-mannose avec canneberge (60 g\u00e9lules) - ECO Supplements","description":"Wij hebben een ruime keuze aan producten van Dr. Mercola D-mannose avec canneberge (60 g\u00e9lules) . Winkel bij Eco Supplements altijd gratis verzending boven 100\u20ac","robots":{"index":"index","follow":"follow","max-snippet":"max-snippet:-1","max-image-preview":"max-image-preview:large","max-video-preview":"max-video-preview:-1"},"canonical":"https:\/\/ecosupplements.be\/fr\/produit\/dr-mercola-d-mannoza-with-cranberry-60-caps\/","og_locale":"fr_FR","og_type":"article","og_title":"Dr. Mercola D-mannose avec canneberge (60 g\u00e9lules)","og_description":"Wij hebben een ruime keuze aan producten van Dr. Mercola D-mannose avec canneberge (60 g\u00e9lules) . Winkel bij Eco Supplements altijd gratis verzending boven 100\u20ac","og_url":"https:\/\/ecosupplements.be\/fr\/produit\/dr-mercola-d-mannoza-with-cranberry-60-caps\/","og_site_name":"ECO Supplements","article_modified_time":"2025-08-28T01:32:47+00:00","og_image":[{"width":1080,"height":1080,"url":"https:\/\/ecosupplements.be\/wp-content\/uploads\/2025\/08\/Dr.-Mercola-DR.-MERCOLA-D-mannoza-with-cranberry-60-caps.jpg","type":"image\/jpeg"}],"twitter_card":"summary_large_image","twitter_misc":{"Prix":"34.28&nbsp;&euro;","Disponibilit\u00e9":"En stock"},"schema":{"@context":"https:\/\/schema.org","@graph":[{"@type":["WebPage","ItemPage"],"@id":"https:\/\/ecosupplements.be\/fr\/produit\/dr-mercola-d-mannoza-with-cranberry-60-caps\/","url":"https:\/\/ecosupplements.be\/fr\/produit\/dr-mercola-d-mannoza-with-cranberry-60-caps\/","name":"Dr. Mercola D-mannose avec canneberge (60 g\u00e9lules) - ECO Supplements","isPartOf":{"@id":"https:\/\/ecosupplements.be\/fr\/#website"},"primaryImageOfPage":{"@id":"https:\/\/ecosupplements.be\/fr\/produit\/dr-mercola-d-mannoza-with-cranberry-60-caps\/#primaryimage"},"image":{"@id":"https:\/\/ecosupplements.be\/fr\/produit\/dr-mercola-d-mannoza-with-cranberry-60-caps\/#primaryimage"},"thumbnailUrl":"https:\/\/ecosupplements.be\/wp-content\/uploads\/2025\/08\/DR.-MERCOLA-D-mannoza-with-cranberry-60-caps.jpg","datePublished":"2025-07-25T02:30:57+00:00","dateModified":"2025-08-28T01:32:47+00:00","description":"Wij hebben een ruime keuze aan producten van Dr. Mercola D-mannose avec canneberge (60 g\u00e9lules) . Winkel bij Eco Supplements altijd gratis verzending boven 100\u20ac","breadcrumb":{"@id":"https:\/\/ecosupplements.be\/fr\/produit\/dr-mercola-d-mannoza-with-cranberry-60-caps\/#breadcrumb"},"inLanguage":"fr-FR","potentialAction":[{"@type":"ReadAction","target":["https:\/\/ecosupplements.be\/fr\/produit\/dr-mercola-d-mannoza-with-cranberry-60-caps\/"]}]},{"@type":"ImageObject","inLanguage":"fr-FR","@id":"https:\/\/ecosupplements.be\/fr\/produit\/dr-mercola-d-mannoza-with-cranberry-60-caps\/#primaryimage","url":"https:\/\/ecosupplements.be\/wp-content\/uploads\/2025\/08\/DR.-MERCOLA-D-mannoza-with-cranberry-60-caps.jpg","contentUrl":"https:\/\/ecosupplements.be\/wp-content\/uploads\/2025\/08\/DR.-MERCOLA-D-mannoza-with-cranberry-60-caps.jpg","width":1080,"height":1080},{"@type":"BreadcrumbList","@id":"https:\/\/ecosupplements.be\/fr\/produit\/dr-mercola-d-mannoza-with-cranberry-60-caps\/#breadcrumb","itemListElement":[{"@type":"ListItem","position":1,"name":"Home","item":"https:\/\/ecosupplements.be\/fr\/"},{"@type":"ListItem","position":2,"name":"Boutique","item":"https:\/\/ecosupplements.be\/fr\/boutique\/"},{"@type":"ListItem","position":3,"name":"Dr. Mercola D-mannose avec canneberge (60 g\u00e9lules)"}]},{"@type":"WebSite","@id":"https:\/\/ecosupplements.be\/fr\/#website","url":"https:\/\/ecosupplements.be\/fr\/","name":"ECO Supplements","description":"Eco Supplements - Gezonde supplementen","publisher":{"@id":"https:\/\/ecosupplements.be\/fr\/#organization"},"potentialAction":[{"@type":"SearchAction","target":{"@type":"EntryPoint","urlTemplate":"https:\/\/ecosupplements.be\/fr\/?s={search_term_string}"},"query-input":{"@type":"PropertyValueSpecification","valueRequired":true,"valueName":"search_term_string"}}],"inLanguage":"fr-FR"},{"@type":"Organization","@id":"https:\/\/ecosupplements.be\/fr\/#organization","name":"Eco Supplements","url":"https:\/\/ecosupplements.be\/fr\/","logo":{"@type":"ImageObject","inLanguage":"fr-FR","@id":"https:\/\/ecosupplements.be\/fr\/#\/schema\/logo\/image\/","url":"https:\/\/ecosupplements.be\/wp-content\/uploads\/2022\/06\/ecosupplement-family.png","contentUrl":"https:\/\/ecosupplements.be\/wp-content\/uploads\/2022\/06\/ecosupplement-family.png","width":593,"height":374,"caption":"Eco Supplements"},"image":{"@id":"https:\/\/ecosupplements.be\/fr\/#\/schema\/logo\/image\/"}}]},"product_brand":"Dr. Mercola","product_price_amount":"34.28","product_price_currency":"EUR","og_availability":"instock","product_availability":"instock","product_retailer_item_id":"813006010528","product_condition":"new"},"_links":{"self":[{"href":"https:\/\/ecosupplements.be\/fr\/wp-json\/wp\/v2\/product\/300183","targetHints":{"allow":["GET"]}}],"collection":[{"href":"https:\/\/ecosupplements.be\/fr\/wp-json\/wp\/v2\/product"}],"about":[{"href":"https:\/\/ecosupplements.be\/fr\/wp-json\/wp\/v2\/types\/product"}],"replies":[{"embeddable":true,"href":"https:\/\/ecosupplements.be\/fr\/wp-json\/wp\/v2\/comments?post=300183"}],"wp:featuredmedia":[{"embeddable":true,"href":"https:\/\/ecosupplements.be\/fr\/wp-json\/wp\/v2\/media\/274326"}],"wp:attachment":[{"href":"https:\/\/ecosupplements.be\/fr\/wp-json\/wp\/v2\/media?parent=300183"}],"wp:term":[{"taxonomy":"product_brand","embeddable":true,"href":"https:\/\/ecosupplements.be\/fr\/wp-json\/wp\/v2\/product_brand?post=300183"},{"taxonomy":"product_cat","embeddable":true,"href":"https:\/\/ecosupplements.be\/fr\/wp-json\/wp\/v2\/product_cat?post=300183"},{"taxonomy":"product_tag","embeddable":true,"href":"https:\/\/ecosupplements.be\/fr\/wp-json\/wp\/v2\/product_tag?post=300183"}],"curies":[{"name":"wp","href":"https:\/\/api.w.org\/{rel}","templated":true}]}}