{"id":300189,"date":"2025-07-25T03:30:57","date_gmt":"2025-07-25T02:30:57","guid":{"rendered":"https:\/\/ecosupplements.be\/product\/dr-mercola-hair-skin-and-nails-30-caps\/"},"modified":"2025-08-28T02:32:53","modified_gmt":"2025-08-28T01:32:53","slug":"dr-mercola-hair-skin-and-nails-30-caps","status":"publish","type":"product","link":"https:\/\/ecosupplements.be\/fr\/produit\/dr-mercola-hair-skin-and-nails-30-caps\/","title":{"rendered":"Dr. Mercola Cheveux, Peau et Ongles (30 g\u00e9lules)"},"content":{"rendered":"<h2>DR. MERCOLA Hair,skin and Nails (30 caps)<\/h2>\n<p>D\u00e9couvrez DR. MERCOLA Hair, Skin and Nails, un choix parfait pour ceux qui appr\u00e9cient les ingr\u00e9dients naturels dans un mode de vie sain. Ce produit est con\u00e7u pour \u00eatre int\u00e9gr\u00e9 facilement \u00e0 votre routine quotidienne.<\/p>\n<h3>Ingr\u00e9dients principaux<\/h3>\n<ul>\n<li>Biotine<\/li>\n<li>K\u00e9ratine<\/li>\n<li>Acide hyaluronique<\/li>\n<li>Capsule : hydroxypropylm\u00e9thylcellulose<\/li>\n<li>Enveloppe de riz<\/li>\n<\/ul>\n<h3>Contenu et emballage<\/h3>\n<p>Ce produit est pr\u00e9sent\u00e9 sous forme de capsules, avec un emballage contenant 30 unit\u00e9s.<\/p>\n<h3>Utilisation recommand\u00e9e<\/h3>\n<p>Pour une utilisation optimale, il est conseill\u00e9 de prendre une capsule par jour lors d&#8217;un repas, accompagn\u00e9e d&#8217;une quantit\u00e9 suffisante d&#8217;eau.<\/p>\n<h4>Caract\u00e9ristiques pratiques :<\/h4>\n<p>Ces capsules sont faciles \u00e0 utiliser et peuvent \u00eatre prises n&#8217;importe o\u00f9, s&#8217;int\u00e9grant ais\u00e9ment \u00e0 votre emploi du temps charg\u00e9.<\/p>\n<p><strong>Note :<\/strong> Conserver le produit dans son emballage original \u00e0 temp\u00e9rature ambiante et hors de port\u00e9e des enfants. Il est vital de ne pas d\u00e9passer la dose journali\u00e8re recommand\u00e9e. Les compl\u00e9ments alimentaires ne doivent pas \u00eatre utilis\u00e9s comme substitut d&#8217;une alimentation vari\u00e9e et \u00e9quilibr\u00e9e ni d&#8217;un mode de vie sain.<\/p>\n<p>Fabriqu\u00e9 par Dr Mercola aux \u00c9tats-Unis, ce produit allie qualit\u00e9 sup\u00e9rieure et ingr\u00e9dients soigneusement s\u00e9lectionn\u00e9s pour leur puret\u00e9.&lt;\/p<\/p>\n","protected":false},"excerpt":{"rendered":"<p>DR. MERCOLA Hair,skin and Nails (30 caps) D\u00e9couvrez DR. MERCOLA Hair, Skin and Nails, un choix parfait pour ceux qui appr\u00e9cient les ingr\u00e9dients naturels dans un mode de vie sain. Ce produit est con\u00e7u pour \u00eatre int\u00e9gr\u00e9 facilement \u00e0 votre routine quotidienne. Ingr\u00e9dients principaux Biotine K\u00e9ratine Acide hyaluronique Capsule : hydroxypropylm\u00e9thylcellulose Enveloppe de riz Contenu [&#8230;]\n","protected":false},"featured_media":274332,"comment_status":"closed","ping_status":"open","template":"","meta":[],"product_brand":[5347],"product_cat":[5053],"product_tag":[],"class_list":{"0":"post-300189","1":"product","2":"type-product","3":"status-publish","4":"has-post-thumbnail","6":"product_brand-dr-mercola-2","7":"product_cat-vitamines-et-mineraux","9":"first","10":"instock","11":"taxable","12":"shipping-taxable","13":"purchasable","14":"product-type-simple"},"yoast_head":"<!-- This site is optimized with the Yoast SEO Premium plugin v27.5 (Yoast SEO v27.5) - https:\/\/yoast.com\/product\/yoast-seo-premium-wordpress\/ -->\n<title>Dr. Mercola Cheveux, Peau et Ongles (30 g\u00e9lules) - ECO Supplements<\/title>\n<meta name=\"description\" content=\"Wij hebben een ruime keuze aan producten van Dr. Mercola Cheveux, Peau et Ongles (30 g\u00e9lules) . Winkel bij Eco Supplements altijd gratis verzending boven 100\u20ac\" \/>\n<meta name=\"robots\" content=\"index, follow, max-snippet:-1, max-image-preview:large, max-video-preview:-1\" \/>\n<link rel=\"canonical\" href=\"https:\/\/ecosupplements.be\/fr\/produit\/dr-mercola-hair-skin-and-nails-30-caps\/\" \/>\n<meta property=\"og:locale\" content=\"fr_FR\" \/>\n<meta property=\"og:type\" content=\"article\" \/>\n<meta property=\"og:title\" content=\"Dr. Mercola Cheveux, Peau et Ongles (30 g\u00e9lules)\" \/>\n<meta property=\"og:description\" content=\"Wij hebben een ruime keuze aan producten van Dr. Mercola Cheveux, Peau et Ongles (30 g\u00e9lules) . Winkel bij Eco Supplements altijd gratis verzending boven 100\u20ac\" \/>\n<meta property=\"og:url\" content=\"https:\/\/ecosupplements.be\/fr\/produit\/dr-mercola-hair-skin-and-nails-30-caps\/\" \/>\n<meta property=\"og:site_name\" content=\"ECO Supplements\" \/>\n<meta property=\"article:modified_time\" content=\"2025-08-28T01:32:53+00:00\" \/>\n<meta property=\"og:image\" content=\"https:\/\/ecosupplements.be\/wp-content\/uploads\/2025\/08\/Dr.-Mercola-DR.-MERCOLA-Hair-Skin-and-Nails-30-caps.jpg\" \/>\n\t<meta property=\"og:image:width\" content=\"522\" \/>\n\t<meta property=\"og:image:height\" content=\"938\" \/>\n\t<meta property=\"og:image:type\" content=\"image\/jpeg\" \/>\n<meta name=\"twitter:card\" content=\"summary_large_image\" \/>\n<meta name=\"twitter:label1\" content=\"Prix\" \/>\n\t<meta name=\"twitter:data1\" content=\"44.83&nbsp;&euro;\" \/>\n\t<meta name=\"twitter:label2\" content=\"Disponibilit\u00e9\" \/>\n\t<meta name=\"twitter:data2\" content=\"En stock\" \/>\n<script type=\"application\/ld+json\" class=\"yoast-schema-graph\">{\"@context\":\"https:\\\/\\\/schema.org\",\"@graph\":[{\"@type\":[\"WebPage\",\"ItemPage\"],\"@id\":\"https:\\\/\\\/ecosupplements.be\\\/fr\\\/produit\\\/dr-mercola-hair-skin-and-nails-30-caps\\\/\",\"url\":\"https:\\\/\\\/ecosupplements.be\\\/fr\\\/produit\\\/dr-mercola-hair-skin-and-nails-30-caps\\\/\",\"name\":\"Dr. Mercola Cheveux, Peau et Ongles (30 g\u00e9lules) - ECO Supplements\",\"isPartOf\":{\"@id\":\"https:\\\/\\\/ecosupplements.be\\\/fr\\\/#website\"},\"primaryImageOfPage\":{\"@id\":\"https:\\\/\\\/ecosupplements.be\\\/fr\\\/produit\\\/dr-mercola-hair-skin-and-nails-30-caps\\\/#primaryimage\"},\"image\":{\"@id\":\"https:\\\/\\\/ecosupplements.be\\\/fr\\\/produit\\\/dr-mercola-hair-skin-and-nails-30-caps\\\/#primaryimage\"},\"thumbnailUrl\":\"https:\\\/\\\/ecosupplements.be\\\/wp-content\\\/uploads\\\/2025\\\/08\\\/DR.-MERCOLA-Hair-Skin-and-Nails-30-caps.jpg\",\"datePublished\":\"2025-07-25T02:30:57+00:00\",\"dateModified\":\"2025-08-28T01:32:53+00:00\",\"description\":\"Wij hebben een ruime keuze aan producten van Dr. Mercola Cheveux, Peau et Ongles (30 g\u00e9lules) . Winkel bij Eco Supplements altijd gratis verzending boven 100\u20ac\",\"breadcrumb\":{\"@id\":\"https:\\\/\\\/ecosupplements.be\\\/fr\\\/produit\\\/dr-mercola-hair-skin-and-nails-30-caps\\\/#breadcrumb\"},\"inLanguage\":\"fr-FR\",\"potentialAction\":[{\"@type\":\"ReadAction\",\"target\":[\"https:\\\/\\\/ecosupplements.be\\\/fr\\\/produit\\\/dr-mercola-hair-skin-and-nails-30-caps\\\/\"]}]},{\"@type\":\"ImageObject\",\"inLanguage\":\"fr-FR\",\"@id\":\"https:\\\/\\\/ecosupplements.be\\\/fr\\\/produit\\\/dr-mercola-hair-skin-and-nails-30-caps\\\/#primaryimage\",\"url\":\"https:\\\/\\\/ecosupplements.be\\\/wp-content\\\/uploads\\\/2025\\\/08\\\/DR.-MERCOLA-Hair-Skin-and-Nails-30-caps.jpg\",\"contentUrl\":\"https:\\\/\\\/ecosupplements.be\\\/wp-content\\\/uploads\\\/2025\\\/08\\\/DR.-MERCOLA-Hair-Skin-and-Nails-30-caps.jpg\",\"width\":522,\"height\":938},{\"@type\":\"BreadcrumbList\",\"@id\":\"https:\\\/\\\/ecosupplements.be\\\/fr\\\/produit\\\/dr-mercola-hair-skin-and-nails-30-caps\\\/#breadcrumb\",\"itemListElement\":[{\"@type\":\"ListItem\",\"position\":1,\"name\":\"Home\",\"item\":\"https:\\\/\\\/ecosupplements.be\\\/fr\\\/\"},{\"@type\":\"ListItem\",\"position\":2,\"name\":\"Boutique\",\"item\":\"https:\\\/\\\/ecosupplements.be\\\/fr\\\/boutique\\\/\"},{\"@type\":\"ListItem\",\"position\":3,\"name\":\"Dr. Mercola Cheveux, Peau et Ongles (30 g\u00e9lules)\"}]},{\"@type\":\"WebSite\",\"@id\":\"https:\\\/\\\/ecosupplements.be\\\/fr\\\/#website\",\"url\":\"https:\\\/\\\/ecosupplements.be\\\/fr\\\/\",\"name\":\"ECO Supplements\",\"description\":\"Eco Supplements - Gezonde supplementen\",\"publisher\":{\"@id\":\"https:\\\/\\\/ecosupplements.be\\\/fr\\\/#organization\"},\"potentialAction\":[{\"@type\":\"SearchAction\",\"target\":{\"@type\":\"EntryPoint\",\"urlTemplate\":\"https:\\\/\\\/ecosupplements.be\\\/fr\\\/?s={search_term_string}\"},\"query-input\":{\"@type\":\"PropertyValueSpecification\",\"valueRequired\":true,\"valueName\":\"search_term_string\"}}],\"inLanguage\":\"fr-FR\"},{\"@type\":\"Organization\",\"@id\":\"https:\\\/\\\/ecosupplements.be\\\/fr\\\/#organization\",\"name\":\"Eco Supplements\",\"url\":\"https:\\\/\\\/ecosupplements.be\\\/fr\\\/\",\"logo\":{\"@type\":\"ImageObject\",\"inLanguage\":\"fr-FR\",\"@id\":\"https:\\\/\\\/ecosupplements.be\\\/fr\\\/#\\\/schema\\\/logo\\\/image\\\/\",\"url\":\"https:\\\/\\\/ecosupplements.be\\\/wp-content\\\/uploads\\\/2022\\\/06\\\/ecosupplement-family.png\",\"contentUrl\":\"https:\\\/\\\/ecosupplements.be\\\/wp-content\\\/uploads\\\/2022\\\/06\\\/ecosupplement-family.png\",\"width\":593,\"height\":374,\"caption\":\"Eco Supplements\"},\"image\":{\"@id\":\"https:\\\/\\\/ecosupplements.be\\\/fr\\\/#\\\/schema\\\/logo\\\/image\\\/\"}}]}<\/script>\n<meta property=\"product:brand\" content=\"Dr. Mercola\" \/>\n<meta property=\"product:price:amount\" content=\"44.83\" \/>\n<meta property=\"product:price:currency\" content=\"EUR\" \/>\n<meta property=\"og:availability\" content=\"instock\" \/>\n<meta property=\"product:availability\" content=\"instock\" \/>\n<meta property=\"product:retailer_item_id\" content=\"810487032940\" \/>\n<meta property=\"product:condition\" content=\"new\" \/>\n<!-- \/ Yoast SEO Premium plugin. -->","yoast_head_json":{"title":"Dr. Mercola Cheveux, Peau et Ongles (30 g\u00e9lules) - ECO Supplements","description":"Wij hebben een ruime keuze aan producten van Dr. Mercola Cheveux, Peau et Ongles (30 g\u00e9lules) . Winkel bij Eco Supplements altijd gratis verzending boven 100\u20ac","robots":{"index":"index","follow":"follow","max-snippet":"max-snippet:-1","max-image-preview":"max-image-preview:large","max-video-preview":"max-video-preview:-1"},"canonical":"https:\/\/ecosupplements.be\/fr\/produit\/dr-mercola-hair-skin-and-nails-30-caps\/","og_locale":"fr_FR","og_type":"article","og_title":"Dr. Mercola Cheveux, Peau et Ongles (30 g\u00e9lules)","og_description":"Wij hebben een ruime keuze aan producten van Dr. Mercola Cheveux, Peau et Ongles (30 g\u00e9lules) . Winkel bij Eco Supplements altijd gratis verzending boven 100\u20ac","og_url":"https:\/\/ecosupplements.be\/fr\/produit\/dr-mercola-hair-skin-and-nails-30-caps\/","og_site_name":"ECO Supplements","article_modified_time":"2025-08-28T01:32:53+00:00","og_image":[{"width":522,"height":938,"url":"https:\/\/ecosupplements.be\/wp-content\/uploads\/2025\/08\/Dr.-Mercola-DR.-MERCOLA-Hair-Skin-and-Nails-30-caps.jpg","type":"image\/jpeg"}],"twitter_card":"summary_large_image","twitter_misc":{"Prix":"44.83&nbsp;&euro;","Disponibilit\u00e9":"En stock"},"schema":{"@context":"https:\/\/schema.org","@graph":[{"@type":["WebPage","ItemPage"],"@id":"https:\/\/ecosupplements.be\/fr\/produit\/dr-mercola-hair-skin-and-nails-30-caps\/","url":"https:\/\/ecosupplements.be\/fr\/produit\/dr-mercola-hair-skin-and-nails-30-caps\/","name":"Dr. Mercola Cheveux, Peau et Ongles (30 g\u00e9lules) - ECO Supplements","isPartOf":{"@id":"https:\/\/ecosupplements.be\/fr\/#website"},"primaryImageOfPage":{"@id":"https:\/\/ecosupplements.be\/fr\/produit\/dr-mercola-hair-skin-and-nails-30-caps\/#primaryimage"},"image":{"@id":"https:\/\/ecosupplements.be\/fr\/produit\/dr-mercola-hair-skin-and-nails-30-caps\/#primaryimage"},"thumbnailUrl":"https:\/\/ecosupplements.be\/wp-content\/uploads\/2025\/08\/DR.-MERCOLA-Hair-Skin-and-Nails-30-caps.jpg","datePublished":"2025-07-25T02:30:57+00:00","dateModified":"2025-08-28T01:32:53+00:00","description":"Wij hebben een ruime keuze aan producten van Dr. Mercola Cheveux, Peau et Ongles (30 g\u00e9lules) . Winkel bij Eco Supplements altijd gratis verzending boven 100\u20ac","breadcrumb":{"@id":"https:\/\/ecosupplements.be\/fr\/produit\/dr-mercola-hair-skin-and-nails-30-caps\/#breadcrumb"},"inLanguage":"fr-FR","potentialAction":[{"@type":"ReadAction","target":["https:\/\/ecosupplements.be\/fr\/produit\/dr-mercola-hair-skin-and-nails-30-caps\/"]}]},{"@type":"ImageObject","inLanguage":"fr-FR","@id":"https:\/\/ecosupplements.be\/fr\/produit\/dr-mercola-hair-skin-and-nails-30-caps\/#primaryimage","url":"https:\/\/ecosupplements.be\/wp-content\/uploads\/2025\/08\/DR.-MERCOLA-Hair-Skin-and-Nails-30-caps.jpg","contentUrl":"https:\/\/ecosupplements.be\/wp-content\/uploads\/2025\/08\/DR.-MERCOLA-Hair-Skin-and-Nails-30-caps.jpg","width":522,"height":938},{"@type":"BreadcrumbList","@id":"https:\/\/ecosupplements.be\/fr\/produit\/dr-mercola-hair-skin-and-nails-30-caps\/#breadcrumb","itemListElement":[{"@type":"ListItem","position":1,"name":"Home","item":"https:\/\/ecosupplements.be\/fr\/"},{"@type":"ListItem","position":2,"name":"Boutique","item":"https:\/\/ecosupplements.be\/fr\/boutique\/"},{"@type":"ListItem","position":3,"name":"Dr. Mercola Cheveux, Peau et Ongles (30 g\u00e9lules)"}]},{"@type":"WebSite","@id":"https:\/\/ecosupplements.be\/fr\/#website","url":"https:\/\/ecosupplements.be\/fr\/","name":"ECO Supplements","description":"Eco Supplements - Gezonde supplementen","publisher":{"@id":"https:\/\/ecosupplements.be\/fr\/#organization"},"potentialAction":[{"@type":"SearchAction","target":{"@type":"EntryPoint","urlTemplate":"https:\/\/ecosupplements.be\/fr\/?s={search_term_string}"},"query-input":{"@type":"PropertyValueSpecification","valueRequired":true,"valueName":"search_term_string"}}],"inLanguage":"fr-FR"},{"@type":"Organization","@id":"https:\/\/ecosupplements.be\/fr\/#organization","name":"Eco Supplements","url":"https:\/\/ecosupplements.be\/fr\/","logo":{"@type":"ImageObject","inLanguage":"fr-FR","@id":"https:\/\/ecosupplements.be\/fr\/#\/schema\/logo\/image\/","url":"https:\/\/ecosupplements.be\/wp-content\/uploads\/2022\/06\/ecosupplement-family.png","contentUrl":"https:\/\/ecosupplements.be\/wp-content\/uploads\/2022\/06\/ecosupplement-family.png","width":593,"height":374,"caption":"Eco Supplements"},"image":{"@id":"https:\/\/ecosupplements.be\/fr\/#\/schema\/logo\/image\/"}}]},"product_brand":"Dr. Mercola","product_price_amount":"44.83","product_price_currency":"EUR","og_availability":"instock","product_availability":"instock","product_retailer_item_id":"810487032940","product_condition":"new"},"_links":{"self":[{"href":"https:\/\/ecosupplements.be\/fr\/wp-json\/wp\/v2\/product\/300189","targetHints":{"allow":["GET"]}}],"collection":[{"href":"https:\/\/ecosupplements.be\/fr\/wp-json\/wp\/v2\/product"}],"about":[{"href":"https:\/\/ecosupplements.be\/fr\/wp-json\/wp\/v2\/types\/product"}],"replies":[{"embeddable":true,"href":"https:\/\/ecosupplements.be\/fr\/wp-json\/wp\/v2\/comments?post=300189"}],"wp:featuredmedia":[{"embeddable":true,"href":"https:\/\/ecosupplements.be\/fr\/wp-json\/wp\/v2\/media\/274332"}],"wp:attachment":[{"href":"https:\/\/ecosupplements.be\/fr\/wp-json\/wp\/v2\/media?parent=300189"}],"wp:term":[{"taxonomy":"product_brand","embeddable":true,"href":"https:\/\/ecosupplements.be\/fr\/wp-json\/wp\/v2\/product_brand?post=300189"},{"taxonomy":"product_cat","embeddable":true,"href":"https:\/\/ecosupplements.be\/fr\/wp-json\/wp\/v2\/product_cat?post=300189"},{"taxonomy":"product_tag","embeddable":true,"href":"https:\/\/ecosupplements.be\/fr\/wp-json\/wp\/v2\/product_tag?post=300189"}],"curies":[{"name":"wp","href":"https:\/\/api.w.org\/{rel}","templated":true}]}}