{"id":300234,"date":"2025-07-25T03:45:24","date_gmt":"2025-07-25T02:45:24","guid":{"rendered":"https:\/\/ecosupplements.be\/product\/dr-mercola-liposomal-vitamin-c-60-caps\/"},"modified":"2025-08-28T02:33:37","modified_gmt":"2025-08-28T01:33:37","slug":"dr-mercola-liposomal-vitamin-c-60-caps","status":"publish","type":"product","link":"https:\/\/ecosupplements.be\/fr\/produit\/dr-mercola-liposomal-vitamin-c-60-caps\/","title":{"rendered":"DR. MERCOLA Liposomal Vitamin C (60 caps)"},"content":{"rendered":"<h2 class=\"title\">WITAMINA C Liposomalna (dr Mercola) (60 kapsu\u0142ek (Licaps\u00ae)<\/h2>\n<div class=\"rte\">\n<table width=\"502\" cellspacing=\"0\" cellpadding=\"0\" border=\"1\">\n<tbody>\n<tr>\n<td colspan=\"3\" width=\"518\">\n<p><strong>Sk\u0142adniki suplementu diety:\u00a0<\/strong>witamina C (kwas L-askorbinowy)<strong>,\u00a0<\/strong>substancje pomocnicze: lecytyna s\u0142onecznikowa, tr\u00f3jglicerydy o \u015bredniej d\u0142ugo\u015bci \u0142a\u0144cucha, substancja stabilizuj\u0105ca &#8211; celuloza ro\u015blinna, no\u015bnik &#8211; wosk pszczeli, barwnik &#8211; ekstrakt z papryki<\/p>\n<p><strong>Porcja dzienna:<\/strong>\u00a02 kapsu\u0142ki (Licaps<span>\u00ae<\/span>)<\/p>\n<p><strong>Opakowanie zawiera:<\/strong>\u00a060 kapsu\u0142ek (waga netto: 58,8 g)<\/p>\n<\/td>\n<\/tr>\n<tr>\n<td colspan=\"2\" width=\"329\">\n<p><strong>Ilo\u015b\u0107 w porcji dziennej (2 kapsu\u0142ki)<br \/><\/strong><\/p>\n<\/td>\n<td width=\"95\">\n<p align=\"center\"><strong>%RWS*<\/strong><\/p>\n<\/td>\n<\/tr>\n<tr>\n<td width=\"329\">Witamina C (L-kwas askorbinowy 99%)<\/td>\n<td width=\"94\" valign=\"top\">\n<p align=\"center\">1 000 mg<\/p>\n<\/td>\n<td width=\"95\" valign=\"top\">\n<p align=\"center\">1 250%<\/p>\n<\/td>\n<\/tr>\n<\/tbody>\n<\/table>\n<p>* Referencyjne Warto\u015bci Spo\u017cycia<\/p>\n<p>Dzia\u0142anie\u00a0 witaminy C:<\/p>\n<ul>\n<li>pomaga w utrzymaniu prawid\u0142owego funkcjonowania uk\u0142adu odporno\u015bciowego w trakcie intensywnych \u0107wicze\u0144 fizycznych i po nich<\/li>\n<li>pomaga w prawid\u0142owej produkcji kolagenu w celu zapewnienia prawid\u0142owego funkcjonowania naczy\u0144 krwiono\u015bnych<\/li>\n<li>pomaga w prawid\u0142owej produkcji kolagenu w celu zapewnienia prawid\u0142owego funkcjonowania ko\u015bci<\/li>\n<li>pomaga w prawid\u0142owej produkcji kolagenu w celu zapewnienia prawid\u0142owego funkcjonowania chrz\u0105stki, dzi\u0105se\u0142, sk\u00f3ry i z\u0119b\u00f3w<\/li>\n<li>przyczynia si\u0119 do utrzymania prawid\u0142owego metabolizmu energetycznego<\/li>\n<li>pomaga w prawid\u0142owym funkcjonowaniu uk\u0142adu nerwowego\u00a0\u00a0\u00a0<\/li>\n<li>pomaga w utrzymaniu prawid\u0142owych funkcji psychologicznych<\/li>\n<li>pomaga w prawid\u0142owym funkcjonowaniu uk\u0142adu odporno\u015bciowego<\/li>\n<li>pomaga w ochronie kom\u00f3rek przed stresem oksydacyjnym<\/li>\n<li>przyczynia si\u0119 do zmniejszenia uczucia zm\u0119czenia i znu\u017cenia<\/li>\n<li>pomaga w regeneracji zredukowanej formy witaminy E<\/li>\n<li>zwi\u0119ksza przyswajanie \u017celaza<\/li>\n<\/ul>\n<p>Witamina C zalecana jest osobom prowadz\u0105cym intensywny i stresuj\u0105cy tryb \u017cycia. Produkt przeznaczony jest tak\u017ce dla os\u00f3b aktywnych fizycznie oraz pal\u0105cych papierosy. Suplement diety, korzystnie wp\u0142ywa na odporno\u015b\u0107 organizmu, szczeg\u00f3lnie polecany w okresie jesienno-zimowym.<\/p>\n<p><strong>Spos\u00f3b u\u017cycia<\/strong>: 2 kapsu\u0142ki dziennie podczas posi\u0142ku.<\/p>\n<p><strong>Spos\u00f3b przechowywania<\/strong>: przechowywa\u0107 w zamkni\u0119tym opakowaniu w\u00a0 ch\u0142odnym, suchym miejscu,\u00a0 niedost\u0119pnym dla ma\u0142ych dzieci.<\/p>\n<p><strong>Uwagi<\/strong>: nie nale\u017cy przekracza\u0107 zalecanej porcji dziennej. Suplement diety, nie mo\u017ce by\u0107 stosowany jako substytut zr\u00f3\u017cnicowanej diety i zdrowego trybu \u017cycia. Utrzymanie prawid\u0142owego stanu zdrowia wymaga zr\u00f3wnowa\u017conego od\u017cywiania i prowadzenia zdrowego trybu \u017cycia.\u00a0<br \/>Nale\u017cy prowadzi\u0107 zdrowy tryb \u017cycia i prawid\u0142owo si\u0119 od\u017cywia\u0107.<\/p>\n<p><strong>Informacja dla alergik\u00f3w:\u00a0<\/strong>nie zawiera mleka, przetwor\u00f3w mlecznych, jajek, ryb, skorupiak\u00f3w, orzech\u00f3w, soi, pszenicy i glutenu<\/p>\n<\/p><\/div>\n","protected":false},"excerpt":{"rendered":"<p>WITAMINA C Liposomalna (dr Mercola) (60 kapsu\u0142ek (Licaps\u00ae) Sk\u0142adniki suplementu diety:\u00a0witamina C (kwas L-askorbinowy),\u00a0substancje pomocnicze: lecytyna s\u0142onecznikowa, tr\u00f3jglicerydy o \u015bredniej d\u0142ugo\u015bci \u0142a\u0144cucha, substancja stabilizuj\u0105ca &#8211; celuloza ro\u015blinna, no\u015bnik &#8211; wosk pszczeli, barwnik &#8211; ekstrakt z papryki Porcja dzienna:\u00a02 kapsu\u0142ki (Licaps\u00ae) Opakowanie zawiera:\u00a060 kapsu\u0142ek (waga netto: 58,8 g) Ilo\u015b\u0107 w porcji dziennej (2 kapsu\u0142ki) %RWS* Witamina [&#8230;]\n","protected":false},"featured_media":274377,"comment_status":"closed","ping_status":"open","template":"","meta":[],"product_brand":[5347],"product_cat":[5053,5059],"product_tag":[],"class_list":{"0":"post-300234","1":"product","2":"type-product","3":"status-publish","4":"has-post-thumbnail","6":"product_brand-dr-mercola-2","7":"product_cat-vitamines-et-mineraux","8":"product_cat-vitamines-simples","10":"first","11":"instock","12":"taxable","13":"shipping-taxable","14":"purchasable","15":"product-type-simple"},"yoast_head":"<!-- This site is optimized with the Yoast SEO Premium plugin v27.3 (Yoast SEO v27.3) - https:\/\/yoast.com\/product\/yoast-seo-premium-wordpress\/ -->\n<title>DR. MERCOLA Liposomal Vitamin C (60 caps) - ECO Supplements<\/title>\n<meta name=\"description\" content=\"Wij hebben een ruime keuze aan producten van DR. MERCOLA Liposomal Vitamin C (60 caps) . Winkel bij Eco Supplements altijd gratis verzending boven 100\u20ac\" \/>\n<meta name=\"robots\" content=\"index, follow, max-snippet:-1, max-image-preview:large, max-video-preview:-1\" \/>\n<link rel=\"canonical\" href=\"https:\/\/ecosupplements.be\/fr\/produit\/dr-mercola-liposomal-vitamin-c-60-caps\/\" \/>\n<meta property=\"og:locale\" content=\"fr_FR\" \/>\n<meta property=\"og:type\" content=\"article\" \/>\n<meta property=\"og:title\" content=\"DR. MERCOLA Liposomal Vitamin C (60 caps)\" \/>\n<meta property=\"og:description\" content=\"Wij hebben een ruime keuze aan producten van DR. MERCOLA Liposomal Vitamin C (60 caps) . Winkel bij Eco Supplements altijd gratis verzending boven 100\u20ac\" \/>\n<meta property=\"og:url\" content=\"https:\/\/ecosupplements.be\/fr\/produit\/dr-mercola-liposomal-vitamin-c-60-caps\/\" \/>\n<meta property=\"og:site_name\" content=\"ECO Supplements\" \/>\n<meta property=\"article:modified_time\" content=\"2025-08-28T01:33:37+00:00\" \/>\n<meta property=\"og:image\" content=\"https:\/\/ecosupplements.be\/wp-content\/uploads\/2025\/08\/Dr.-Mercola-DR.-MERCOLA-Liposomal-Vitamin-C-60-caps.jpg\" \/>\n\t<meta property=\"og:image:width\" content=\"800\" \/>\n\t<meta property=\"og:image:height\" content=\"800\" \/>\n\t<meta property=\"og:image:type\" content=\"image\/jpeg\" \/>\n<meta name=\"twitter:card\" content=\"summary_large_image\" \/>\n<meta name=\"twitter:label1\" content=\"Prix\" \/>\n\t<meta name=\"twitter:data1\" content=\"27.46&nbsp;&euro;\" \/>\n\t<meta name=\"twitter:label2\" content=\"Disponibilit\u00e9\" \/>\n\t<meta name=\"twitter:data2\" content=\"En stock\" \/>\n<script type=\"application\/ld+json\" class=\"yoast-schema-graph\">{\"@context\":\"https:\\\/\\\/schema.org\",\"@graph\":[{\"@type\":[\"WebPage\",\"ItemPage\"],\"@id\":\"https:\\\/\\\/ecosupplements.be\\\/fr\\\/produit\\\/dr-mercola-liposomal-vitamin-c-60-caps\\\/\",\"url\":\"https:\\\/\\\/ecosupplements.be\\\/fr\\\/produit\\\/dr-mercola-liposomal-vitamin-c-60-caps\\\/\",\"name\":\"DR. MERCOLA Liposomal Vitamin C (60 caps) - ECO Supplements\",\"isPartOf\":{\"@id\":\"https:\\\/\\\/ecosupplements.be\\\/fr\\\/#website\"},\"primaryImageOfPage\":{\"@id\":\"https:\\\/\\\/ecosupplements.be\\\/fr\\\/produit\\\/dr-mercola-liposomal-vitamin-c-60-caps\\\/#primaryimage\"},\"image\":{\"@id\":\"https:\\\/\\\/ecosupplements.be\\\/fr\\\/produit\\\/dr-mercola-liposomal-vitamin-c-60-caps\\\/#primaryimage\"},\"thumbnailUrl\":\"https:\\\/\\\/ecosupplements.be\\\/wp-content\\\/uploads\\\/2025\\\/08\\\/DR.-MERCOLA-Liposomal-Vitamin-C-60-caps.jpg\",\"datePublished\":\"2025-07-25T02:45:24+00:00\",\"dateModified\":\"2025-08-28T01:33:37+00:00\",\"description\":\"Wij hebben een ruime keuze aan producten van DR. MERCOLA Liposomal Vitamin C (60 caps) . Winkel bij Eco Supplements altijd gratis verzending boven 100\u20ac\",\"breadcrumb\":{\"@id\":\"https:\\\/\\\/ecosupplements.be\\\/fr\\\/produit\\\/dr-mercola-liposomal-vitamin-c-60-caps\\\/#breadcrumb\"},\"inLanguage\":\"fr-FR\",\"potentialAction\":[{\"@type\":\"ReadAction\",\"target\":[\"https:\\\/\\\/ecosupplements.be\\\/fr\\\/produit\\\/dr-mercola-liposomal-vitamin-c-60-caps\\\/\"]}]},{\"@type\":\"ImageObject\",\"inLanguage\":\"fr-FR\",\"@id\":\"https:\\\/\\\/ecosupplements.be\\\/fr\\\/produit\\\/dr-mercola-liposomal-vitamin-c-60-caps\\\/#primaryimage\",\"url\":\"https:\\\/\\\/ecosupplements.be\\\/wp-content\\\/uploads\\\/2025\\\/08\\\/DR.-MERCOLA-Liposomal-Vitamin-C-60-caps.jpg\",\"contentUrl\":\"https:\\\/\\\/ecosupplements.be\\\/wp-content\\\/uploads\\\/2025\\\/08\\\/DR.-MERCOLA-Liposomal-Vitamin-C-60-caps.jpg\",\"width\":800,\"height\":800},{\"@type\":\"BreadcrumbList\",\"@id\":\"https:\\\/\\\/ecosupplements.be\\\/fr\\\/produit\\\/dr-mercola-liposomal-vitamin-c-60-caps\\\/#breadcrumb\",\"itemListElement\":[{\"@type\":\"ListItem\",\"position\":1,\"name\":\"Home\",\"item\":\"https:\\\/\\\/ecosupplements.be\\\/fr\\\/\"},{\"@type\":\"ListItem\",\"position\":2,\"name\":\"Boutique\",\"item\":\"https:\\\/\\\/ecosupplements.be\\\/fr\\\/boutique\\\/\"},{\"@type\":\"ListItem\",\"position\":3,\"name\":\"DR. MERCOLA Liposomal Vitamin C (60 caps)\"}]},{\"@type\":\"WebSite\",\"@id\":\"https:\\\/\\\/ecosupplements.be\\\/fr\\\/#website\",\"url\":\"https:\\\/\\\/ecosupplements.be\\\/fr\\\/\",\"name\":\"ECO Supplements\",\"description\":\"Eco Supplements - Gezonde supplementen\",\"publisher\":{\"@id\":\"https:\\\/\\\/ecosupplements.be\\\/fr\\\/#organization\"},\"potentialAction\":[{\"@type\":\"SearchAction\",\"target\":{\"@type\":\"EntryPoint\",\"urlTemplate\":\"https:\\\/\\\/ecosupplements.be\\\/fr\\\/?s={search_term_string}\"},\"query-input\":{\"@type\":\"PropertyValueSpecification\",\"valueRequired\":true,\"valueName\":\"search_term_string\"}}],\"inLanguage\":\"fr-FR\"},{\"@type\":\"Organization\",\"@id\":\"https:\\\/\\\/ecosupplements.be\\\/fr\\\/#organization\",\"name\":\"Eco Supplements\",\"url\":\"https:\\\/\\\/ecosupplements.be\\\/fr\\\/\",\"logo\":{\"@type\":\"ImageObject\",\"inLanguage\":\"fr-FR\",\"@id\":\"https:\\\/\\\/ecosupplements.be\\\/fr\\\/#\\\/schema\\\/logo\\\/image\\\/\",\"url\":\"https:\\\/\\\/ecosupplements.be\\\/wp-content\\\/uploads\\\/2022\\\/06\\\/ecosupplement-family.png\",\"contentUrl\":\"https:\\\/\\\/ecosupplements.be\\\/wp-content\\\/uploads\\\/2022\\\/06\\\/ecosupplement-family.png\",\"width\":593,\"height\":374,\"caption\":\"Eco Supplements\"},\"image\":{\"@id\":\"https:\\\/\\\/ecosupplements.be\\\/fr\\\/#\\\/schema\\\/logo\\\/image\\\/\"}}]}<\/script>\n<meta property=\"product:brand\" content=\"Dr. Mercola\" \/>\n<meta property=\"product:price:amount\" content=\"27.46\" \/>\n<meta property=\"product:price:currency\" content=\"EUR\" \/>\n<meta property=\"og:availability\" content=\"instock\" \/>\n<meta property=\"product:availability\" content=\"instock\" \/>\n<meta property=\"product:retailer_item_id\" content=\"813006014991\" \/>\n<meta property=\"product:condition\" content=\"new\" \/>\n<!-- \/ Yoast SEO Premium plugin. -->","yoast_head_json":{"title":"DR. MERCOLA Liposomal Vitamin C (60 caps) - ECO Supplements","description":"Wij hebben een ruime keuze aan producten van DR. MERCOLA Liposomal Vitamin C (60 caps) . Winkel bij Eco Supplements altijd gratis verzending boven 100\u20ac","robots":{"index":"index","follow":"follow","max-snippet":"max-snippet:-1","max-image-preview":"max-image-preview:large","max-video-preview":"max-video-preview:-1"},"canonical":"https:\/\/ecosupplements.be\/fr\/produit\/dr-mercola-liposomal-vitamin-c-60-caps\/","og_locale":"fr_FR","og_type":"article","og_title":"DR. MERCOLA Liposomal Vitamin C (60 caps)","og_description":"Wij hebben een ruime keuze aan producten van DR. MERCOLA Liposomal Vitamin C (60 caps) . Winkel bij Eco Supplements altijd gratis verzending boven 100\u20ac","og_url":"https:\/\/ecosupplements.be\/fr\/produit\/dr-mercola-liposomal-vitamin-c-60-caps\/","og_site_name":"ECO Supplements","article_modified_time":"2025-08-28T01:33:37+00:00","og_image":[{"width":800,"height":800,"url":"https:\/\/ecosupplements.be\/wp-content\/uploads\/2025\/08\/Dr.-Mercola-DR.-MERCOLA-Liposomal-Vitamin-C-60-caps.jpg","type":"image\/jpeg"}],"twitter_card":"summary_large_image","twitter_misc":{"Prix":"27.46&nbsp;&euro;","Disponibilit\u00e9":"En stock"},"schema":{"@context":"https:\/\/schema.org","@graph":[{"@type":["WebPage","ItemPage"],"@id":"https:\/\/ecosupplements.be\/fr\/produit\/dr-mercola-liposomal-vitamin-c-60-caps\/","url":"https:\/\/ecosupplements.be\/fr\/produit\/dr-mercola-liposomal-vitamin-c-60-caps\/","name":"DR. MERCOLA Liposomal Vitamin C (60 caps) - ECO Supplements","isPartOf":{"@id":"https:\/\/ecosupplements.be\/fr\/#website"},"primaryImageOfPage":{"@id":"https:\/\/ecosupplements.be\/fr\/produit\/dr-mercola-liposomal-vitamin-c-60-caps\/#primaryimage"},"image":{"@id":"https:\/\/ecosupplements.be\/fr\/produit\/dr-mercola-liposomal-vitamin-c-60-caps\/#primaryimage"},"thumbnailUrl":"https:\/\/ecosupplements.be\/wp-content\/uploads\/2025\/08\/DR.-MERCOLA-Liposomal-Vitamin-C-60-caps.jpg","datePublished":"2025-07-25T02:45:24+00:00","dateModified":"2025-08-28T01:33:37+00:00","description":"Wij hebben een ruime keuze aan producten van DR. MERCOLA Liposomal Vitamin C (60 caps) . Winkel bij Eco Supplements altijd gratis verzending boven 100\u20ac","breadcrumb":{"@id":"https:\/\/ecosupplements.be\/fr\/produit\/dr-mercola-liposomal-vitamin-c-60-caps\/#breadcrumb"},"inLanguage":"fr-FR","potentialAction":[{"@type":"ReadAction","target":["https:\/\/ecosupplements.be\/fr\/produit\/dr-mercola-liposomal-vitamin-c-60-caps\/"]}]},{"@type":"ImageObject","inLanguage":"fr-FR","@id":"https:\/\/ecosupplements.be\/fr\/produit\/dr-mercola-liposomal-vitamin-c-60-caps\/#primaryimage","url":"https:\/\/ecosupplements.be\/wp-content\/uploads\/2025\/08\/DR.-MERCOLA-Liposomal-Vitamin-C-60-caps.jpg","contentUrl":"https:\/\/ecosupplements.be\/wp-content\/uploads\/2025\/08\/DR.-MERCOLA-Liposomal-Vitamin-C-60-caps.jpg","width":800,"height":800},{"@type":"BreadcrumbList","@id":"https:\/\/ecosupplements.be\/fr\/produit\/dr-mercola-liposomal-vitamin-c-60-caps\/#breadcrumb","itemListElement":[{"@type":"ListItem","position":1,"name":"Home","item":"https:\/\/ecosupplements.be\/fr\/"},{"@type":"ListItem","position":2,"name":"Boutique","item":"https:\/\/ecosupplements.be\/fr\/boutique\/"},{"@type":"ListItem","position":3,"name":"DR. MERCOLA Liposomal Vitamin C (60 caps)"}]},{"@type":"WebSite","@id":"https:\/\/ecosupplements.be\/fr\/#website","url":"https:\/\/ecosupplements.be\/fr\/","name":"ECO Supplements","description":"Eco Supplements - Gezonde supplementen","publisher":{"@id":"https:\/\/ecosupplements.be\/fr\/#organization"},"potentialAction":[{"@type":"SearchAction","target":{"@type":"EntryPoint","urlTemplate":"https:\/\/ecosupplements.be\/fr\/?s={search_term_string}"},"query-input":{"@type":"PropertyValueSpecification","valueRequired":true,"valueName":"search_term_string"}}],"inLanguage":"fr-FR"},{"@type":"Organization","@id":"https:\/\/ecosupplements.be\/fr\/#organization","name":"Eco Supplements","url":"https:\/\/ecosupplements.be\/fr\/","logo":{"@type":"ImageObject","inLanguage":"fr-FR","@id":"https:\/\/ecosupplements.be\/fr\/#\/schema\/logo\/image\/","url":"https:\/\/ecosupplements.be\/wp-content\/uploads\/2022\/06\/ecosupplement-family.png","contentUrl":"https:\/\/ecosupplements.be\/wp-content\/uploads\/2022\/06\/ecosupplement-family.png","width":593,"height":374,"caption":"Eco Supplements"},"image":{"@id":"https:\/\/ecosupplements.be\/fr\/#\/schema\/logo\/image\/"}}]},"product_brand":"Dr. Mercola","product_price_amount":"27.46","product_price_currency":"EUR","og_availability":"instock","product_availability":"instock","product_retailer_item_id":"813006014991","product_condition":"new"},"_links":{"self":[{"href":"https:\/\/ecosupplements.be\/fr\/wp-json\/wp\/v2\/product\/300234","targetHints":{"allow":["GET"]}}],"collection":[{"href":"https:\/\/ecosupplements.be\/fr\/wp-json\/wp\/v2\/product"}],"about":[{"href":"https:\/\/ecosupplements.be\/fr\/wp-json\/wp\/v2\/types\/product"}],"replies":[{"embeddable":true,"href":"https:\/\/ecosupplements.be\/fr\/wp-json\/wp\/v2\/comments?post=300234"}],"wp:featuredmedia":[{"embeddable":true,"href":"https:\/\/ecosupplements.be\/fr\/wp-json\/wp\/v2\/media\/274377"}],"wp:attachment":[{"href":"https:\/\/ecosupplements.be\/fr\/wp-json\/wp\/v2\/media?parent=300234"}],"wp:term":[{"taxonomy":"product_brand","embeddable":true,"href":"https:\/\/ecosupplements.be\/fr\/wp-json\/wp\/v2\/product_brand?post=300234"},{"taxonomy":"product_cat","embeddable":true,"href":"https:\/\/ecosupplements.be\/fr\/wp-json\/wp\/v2\/product_cat?post=300234"},{"taxonomy":"product_tag","embeddable":true,"href":"https:\/\/ecosupplements.be\/fr\/wp-json\/wp\/v2\/product_tag?post=300234"}],"curies":[{"name":"wp","href":"https:\/\/api.w.org\/{rel}","templated":true}]}}