{"id":300237,"date":"2025-07-25T03:45:24","date_gmt":"2025-07-25T02:45:24","guid":{"rendered":"https:\/\/ecosupplements.be\/product\/dr-mercola-vitamin-d3-29-ml-098-fl-oz\/"},"modified":"2025-08-28T02:33:40","modified_gmt":"2025-08-28T01:33:40","slug":"dr-mercola-vitamin-d3-29-ml-098-fl-oz","status":"publish","type":"product","link":"https:\/\/ecosupplements.be\/fr\/produit\/dr-mercola-vitamin-d3-29-ml-098-fl-oz\/","title":{"rendered":"DR. MERCOLA Vitamin D3 (29 ml \/ 0,98 fl. oz.)"},"content":{"rendered":"<h2 class=\"title\">WITAMINA D3 1000 SUNSHINE MIST (Dr Mercola) (spray &#8211; 29 ml)<\/h2>\n<div class=\"rte\">\n<table width=\"684\" cellspacing=\"0\" cellpadding=\"0\" border=\"1\">\n<tbody>\n<tr>\n<td colspan=\"3\" width=\"518\">\n<p><strong>Sk\u0142adniki:\u00a0<\/strong>witamina D3 (cholekalcyferol), substancje pomocnicze: substancja stabilizuj\u0105ca &#8211; celuloza, tr\u00f3jglicerydy o \u015bredniej d\u0142ugo\u015bci \u0142a\u0144cucha, substancja zag\u0119szczaj\u0105ca &#8211; guma ksantanowa, regulator kwasowo\u015bci &#8211; kwas cytrynowy, substancja konserwuj\u0105ca &#8211; sorbinian potasu, substancja s\u0142odz\u0105ca \u2013 stewia, przeciwutleniacz \u2013 mieszanka tokoferoli, ekstrakt z rozmarynu, naturalne aromaty<\/p>\n<p><strong>Porcja dzienna:<\/strong>\u00a01 aplikacja<\/p>\n<p><strong>Opakowanie zawiera:<\/strong>\u00a0ok 200 aplikacji (29 ml)<\/p>\n<\/td>\n<\/tr>\n<tr>\n<td colspan=\"2\" width=\"329\">\n<p><strong>Sk\u0142ad w porcji dziennej (0,15 ml)<br \/><\/strong><\/p>\n<\/td>\n<td width=\"95\">\n<p align=\"center\"><strong>RWS*<\/strong><\/p>\n<\/td>\n<\/tr>\n<tr>\n<td width=\"329\">\n<p>Witamina D3 (cholekalcyferol) 1 000 IU<\/p>\n<\/td>\n<td width=\"94\">\n<p align=\"center\">25 mcg<\/p>\n<\/td>\n<td width=\"95\">\n<p align=\"center\">500%<\/p>\n<\/td>\n<\/tr>\n<\/tbody>\n<\/table>\n<p>* Referencyjne Warto\u015bci Spo\u017cycia<\/p>\n<p>Wykazano, \u017ce witamina D jest niezb\u0119dna dla zdrowych ko\u015bci. Aktualne badania wykazuj\u0105 jednak, \u017ce dla zachowania dobrego zdrowia potrzebuje jej ka\u017cda kom\u00f3rka organizmu. Zatem dbaj o jej odpowiednie st\u0119\u017cenie we krwi.<\/p>\n<p>Teraz mo\u017cesz przyjmowa\u0107 odpowiedni\u0105 dzienn\u0105 porcj\u0119 wit.D., kt\u00f3rej producentem jest\u00a0<span id=\"result_box\" xml_lang=\"pl\" lang=\"pl\">ameryka\u0144ski lekarz\u00a0<\/span>dr Josef Mercola.<\/p>\n<p><strong>Dzia\u0142anie wit. D:<\/strong><\/p>\n<ul>\n<li>pomaga w prawid\u0142owym wch\u0142anianiu\/wykorzystywaniu wapnia i fosforu. Wap\u0144 jest niezb\u0119dny dla prawid\u0142owego wzrostu i rozwoju ko\u015bci u dzieci,<\/li>\n<li>pomaga w utrzymaniu prawid\u0142owego poziomu wapnia we krwi,<\/li>\n<li>pomaga w utrzymaniu zdrowych ko\u015bci,<\/li>\n<li>pomaga w prawid\u0142owym funkcjonowaniu mi\u0119\u015bni,<\/li>\n<li>pomaga w utrzymaniu zdrowych z\u0119b\u00f3w,<\/li>\n<li>pomaga w prawid\u0142owym funkcjonowaniu uk\u0142adu odporno\u015bciowego,<\/li>\n<li>witamina D bierze udzia\u0142 w procesie podzia\u0142u kom\u00f3rek.<\/li>\n<\/ul>\n<p><strong>Spos\u00f3b u\u017cycia:\u00a0<\/strong>\u00a0z\u0142ama\u0107 przedni\u0105 klapk\u0119, wcisn\u0105\u0107 i przekr\u0119ci\u0107 w prawo. Dobrze wstrz\u0105\u015bnij i naci\u015bnij pompk\u0119. Jako suplement diety przyjmowa\u0107 jedn\u0105 aplikacj\u0119 (rozpylenie) dziennie.<\/p>\n<p><strong>Spos\u00f3b przechowywania:<\/strong>\u00a0Przechowywa\u0107 w zamkni\u0119tym opakowaniu w\u00a0 ch\u0142odnym, suchym miejscu,\u00a0 niedost\u0119pnym dla ma\u0142ych dzieci. Utrzymanie prawid\u0142owego stanu zdrowia wymaga zr\u00f3wnowa\u017conego od\u017cywiania i prowadzenia zdrowego trybu \u017cycia.<\/p>\n<p><strong>Uwagi:<\/strong>\u00a0Nie nale\u017cy przekracza\u0107 zalecanej porcji dziennej. Suplement diety, nie mo\u017ce by\u0107 stosowany jako substytut zr\u00f3\u017cnicowanej diety i zdrowego trybu \u017cycia. Witamina D3 zastosowana w tej formule pochodzi z we\u0142ny owczej.<\/p>\n<\/p><\/div>\n","protected":false},"excerpt":{"rendered":"<p>WITAMINA D3 1000 SUNSHINE MIST (Dr Mercola) (spray &#8211; 29 ml) Sk\u0142adniki:\u00a0witamina D3 (cholekalcyferol), substancje pomocnicze: substancja stabilizuj\u0105ca &#8211; celuloza, tr\u00f3jglicerydy o \u015bredniej d\u0142ugo\u015bci \u0142a\u0144cucha, substancja zag\u0119szczaj\u0105ca &#8211; guma ksantanowa, regulator kwasowo\u015bci &#8211; kwas cytrynowy, substancja konserwuj\u0105ca &#8211; sorbinian potasu, substancja s\u0142odz\u0105ca \u2013 stewia, przeciwutleniacz \u2013 mieszanka tokoferoli, ekstrakt z rozmarynu, naturalne aromaty Porcja dzienna:\u00a01 [&#8230;]\n","protected":false},"featured_media":274380,"comment_status":"closed","ping_status":"open","template":"","meta":[],"product_brand":[5347],"product_cat":[5053,5059],"product_tag":[],"class_list":{"0":"post-300237","1":"product","2":"type-product","3":"status-publish","4":"has-post-thumbnail","6":"product_brand-dr-mercola-2","7":"product_cat-vitamines-et-mineraux","8":"product_cat-vitamines-simples","10":"first","11":"instock","12":"taxable","13":"shipping-taxable","14":"purchasable","15":"product-type-simple"},"yoast_head":"<!-- This site is optimized with the Yoast SEO Premium plugin v27.5 (Yoast SEO v27.5) - https:\/\/yoast.com\/product\/yoast-seo-premium-wordpress\/ -->\n<title>DR. MERCOLA Vitamin D3 (29 ml \/ 0,98 fl. oz.) - ECO Supplements<\/title>\n<meta name=\"description\" content=\"Wij hebben een ruime keuze aan producten van DR. MERCOLA Vitamin D3 (29 ml \/ 0,98 fl. oz.) . Winkel bij Eco Supplements altijd gratis verzending boven 100\u20ac\" \/>\n<meta name=\"robots\" content=\"index, follow, max-snippet:-1, max-image-preview:large, max-video-preview:-1\" \/>\n<link rel=\"canonical\" href=\"https:\/\/ecosupplements.be\/fr\/produit\/dr-mercola-vitamin-d3-29-ml-098-fl-oz\/\" \/>\n<meta property=\"og:locale\" content=\"fr_FR\" \/>\n<meta property=\"og:type\" content=\"article\" \/>\n<meta property=\"og:title\" content=\"DR. MERCOLA Vitamin D3 (29 ml \/ 0,98 fl. oz.)\" \/>\n<meta property=\"og:description\" content=\"Wij hebben een ruime keuze aan producten van DR. MERCOLA Vitamin D3 (29 ml \/ 0,98 fl. oz.) . Winkel bij Eco Supplements altijd gratis verzending boven 100\u20ac\" \/>\n<meta property=\"og:url\" content=\"https:\/\/ecosupplements.be\/fr\/produit\/dr-mercola-vitamin-d3-29-ml-098-fl-oz\/\" \/>\n<meta property=\"og:site_name\" content=\"ECO Supplements\" \/>\n<meta property=\"article:modified_time\" content=\"2025-08-28T01:33:40+00:00\" \/>\n<meta property=\"og:image\" content=\"https:\/\/ecosupplements.be\/wp-content\/uploads\/2025\/08\/Dr.-Mercola-DR.-MERCOLA-Vitamin-D3-29-ml-098-fl.-oz.jpg\" \/>\n\t<meta property=\"og:image:width\" content=\"508\" \/>\n\t<meta property=\"og:image:height\" content=\"966\" \/>\n\t<meta property=\"og:image:type\" content=\"image\/jpeg\" \/>\n<meta name=\"twitter:card\" content=\"summary_large_image\" \/>\n<meta name=\"twitter:label1\" content=\"Prix\" \/>\n\t<meta name=\"twitter:data1\" content=\"24.17&nbsp;&euro;\" \/>\n\t<meta name=\"twitter:label2\" content=\"Disponibilit\u00e9\" \/>\n\t<meta name=\"twitter:data2\" content=\"En stock\" \/>\n<script type=\"application\/ld+json\" class=\"yoast-schema-graph\">{\"@context\":\"https:\\\/\\\/schema.org\",\"@graph\":[{\"@type\":[\"WebPage\",\"ItemPage\"],\"@id\":\"https:\\\/\\\/ecosupplements.be\\\/fr\\\/produit\\\/dr-mercola-vitamin-d3-29-ml-098-fl-oz\\\/\",\"url\":\"https:\\\/\\\/ecosupplements.be\\\/fr\\\/produit\\\/dr-mercola-vitamin-d3-29-ml-098-fl-oz\\\/\",\"name\":\"DR. MERCOLA Vitamin D3 (29 ml \\\/ 0,98 fl. oz.) - ECO Supplements\",\"isPartOf\":{\"@id\":\"https:\\\/\\\/ecosupplements.be\\\/fr\\\/#website\"},\"primaryImageOfPage\":{\"@id\":\"https:\\\/\\\/ecosupplements.be\\\/fr\\\/produit\\\/dr-mercola-vitamin-d3-29-ml-098-fl-oz\\\/#primaryimage\"},\"image\":{\"@id\":\"https:\\\/\\\/ecosupplements.be\\\/fr\\\/produit\\\/dr-mercola-vitamin-d3-29-ml-098-fl-oz\\\/#primaryimage\"},\"thumbnailUrl\":\"https:\\\/\\\/ecosupplements.be\\\/wp-content\\\/uploads\\\/2025\\\/08\\\/DR.-MERCOLA-Vitamin-D3-29-ml-098-fl.-oz.jpg\",\"datePublished\":\"2025-07-25T02:45:24+00:00\",\"dateModified\":\"2025-08-28T01:33:40+00:00\",\"description\":\"Wij hebben een ruime keuze aan producten van DR. MERCOLA Vitamin D3 (29 ml \\\/ 0,98 fl. oz.) . Winkel bij Eco Supplements altijd gratis verzending boven 100\u20ac\",\"breadcrumb\":{\"@id\":\"https:\\\/\\\/ecosupplements.be\\\/fr\\\/produit\\\/dr-mercola-vitamin-d3-29-ml-098-fl-oz\\\/#breadcrumb\"},\"inLanguage\":\"fr-FR\",\"potentialAction\":[{\"@type\":\"ReadAction\",\"target\":[\"https:\\\/\\\/ecosupplements.be\\\/fr\\\/produit\\\/dr-mercola-vitamin-d3-29-ml-098-fl-oz\\\/\"]}]},{\"@type\":\"ImageObject\",\"inLanguage\":\"fr-FR\",\"@id\":\"https:\\\/\\\/ecosupplements.be\\\/fr\\\/produit\\\/dr-mercola-vitamin-d3-29-ml-098-fl-oz\\\/#primaryimage\",\"url\":\"https:\\\/\\\/ecosupplements.be\\\/wp-content\\\/uploads\\\/2025\\\/08\\\/DR.-MERCOLA-Vitamin-D3-29-ml-098-fl.-oz.jpg\",\"contentUrl\":\"https:\\\/\\\/ecosupplements.be\\\/wp-content\\\/uploads\\\/2025\\\/08\\\/DR.-MERCOLA-Vitamin-D3-29-ml-098-fl.-oz.jpg\",\"width\":508,\"height\":966},{\"@type\":\"BreadcrumbList\",\"@id\":\"https:\\\/\\\/ecosupplements.be\\\/fr\\\/produit\\\/dr-mercola-vitamin-d3-29-ml-098-fl-oz\\\/#breadcrumb\",\"itemListElement\":[{\"@type\":\"ListItem\",\"position\":1,\"name\":\"Home\",\"item\":\"https:\\\/\\\/ecosupplements.be\\\/fr\\\/\"},{\"@type\":\"ListItem\",\"position\":2,\"name\":\"Boutique\",\"item\":\"https:\\\/\\\/ecosupplements.be\\\/fr\\\/boutique\\\/\"},{\"@type\":\"ListItem\",\"position\":3,\"name\":\"DR. MERCOLA Vitamin D3 (29 ml \\\/ 0,98 fl. oz.)\"}]},{\"@type\":\"WebSite\",\"@id\":\"https:\\\/\\\/ecosupplements.be\\\/fr\\\/#website\",\"url\":\"https:\\\/\\\/ecosupplements.be\\\/fr\\\/\",\"name\":\"ECO Supplements\",\"description\":\"Eco Supplements - Gezonde supplementen\",\"publisher\":{\"@id\":\"https:\\\/\\\/ecosupplements.be\\\/fr\\\/#organization\"},\"potentialAction\":[{\"@type\":\"SearchAction\",\"target\":{\"@type\":\"EntryPoint\",\"urlTemplate\":\"https:\\\/\\\/ecosupplements.be\\\/fr\\\/?s={search_term_string}\"},\"query-input\":{\"@type\":\"PropertyValueSpecification\",\"valueRequired\":true,\"valueName\":\"search_term_string\"}}],\"inLanguage\":\"fr-FR\"},{\"@type\":\"Organization\",\"@id\":\"https:\\\/\\\/ecosupplements.be\\\/fr\\\/#organization\",\"name\":\"Eco Supplements\",\"url\":\"https:\\\/\\\/ecosupplements.be\\\/fr\\\/\",\"logo\":{\"@type\":\"ImageObject\",\"inLanguage\":\"fr-FR\",\"@id\":\"https:\\\/\\\/ecosupplements.be\\\/fr\\\/#\\\/schema\\\/logo\\\/image\\\/\",\"url\":\"https:\\\/\\\/ecosupplements.be\\\/wp-content\\\/uploads\\\/2022\\\/06\\\/ecosupplement-family.png\",\"contentUrl\":\"https:\\\/\\\/ecosupplements.be\\\/wp-content\\\/uploads\\\/2022\\\/06\\\/ecosupplement-family.png\",\"width\":593,\"height\":374,\"caption\":\"Eco Supplements\"},\"image\":{\"@id\":\"https:\\\/\\\/ecosupplements.be\\\/fr\\\/#\\\/schema\\\/logo\\\/image\\\/\"}}]}<\/script>\n<meta property=\"product:brand\" content=\"Dr. Mercola\" \/>\n<meta property=\"product:price:amount\" content=\"24.17\" \/>\n<meta property=\"product:price:currency\" content=\"EUR\" \/>\n<meta property=\"og:availability\" content=\"instock\" \/>\n<meta property=\"product:availability\" content=\"instock\" \/>\n<meta property=\"product:retailer_item_id\" content=\"813006014670\" \/>\n<meta property=\"product:condition\" content=\"new\" \/>\n<!-- \/ Yoast SEO Premium plugin. -->","yoast_head_json":{"title":"DR. MERCOLA Vitamin D3 (29 ml \/ 0,98 fl. oz.) - ECO Supplements","description":"Wij hebben een ruime keuze aan producten van DR. MERCOLA Vitamin D3 (29 ml \/ 0,98 fl. oz.) . Winkel bij Eco Supplements altijd gratis verzending boven 100\u20ac","robots":{"index":"index","follow":"follow","max-snippet":"max-snippet:-1","max-image-preview":"max-image-preview:large","max-video-preview":"max-video-preview:-1"},"canonical":"https:\/\/ecosupplements.be\/fr\/produit\/dr-mercola-vitamin-d3-29-ml-098-fl-oz\/","og_locale":"fr_FR","og_type":"article","og_title":"DR. MERCOLA Vitamin D3 (29 ml \/ 0,98 fl. oz.)","og_description":"Wij hebben een ruime keuze aan producten van DR. MERCOLA Vitamin D3 (29 ml \/ 0,98 fl. oz.) . Winkel bij Eco Supplements altijd gratis verzending boven 100\u20ac","og_url":"https:\/\/ecosupplements.be\/fr\/produit\/dr-mercola-vitamin-d3-29-ml-098-fl-oz\/","og_site_name":"ECO Supplements","article_modified_time":"2025-08-28T01:33:40+00:00","og_image":[{"width":508,"height":966,"url":"https:\/\/ecosupplements.be\/wp-content\/uploads\/2025\/08\/Dr.-Mercola-DR.-MERCOLA-Vitamin-D3-29-ml-098-fl.-oz.jpg","type":"image\/jpeg"}],"twitter_card":"summary_large_image","twitter_misc":{"Prix":"24.17&nbsp;&euro;","Disponibilit\u00e9":"En stock"},"schema":{"@context":"https:\/\/schema.org","@graph":[{"@type":["WebPage","ItemPage"],"@id":"https:\/\/ecosupplements.be\/fr\/produit\/dr-mercola-vitamin-d3-29-ml-098-fl-oz\/","url":"https:\/\/ecosupplements.be\/fr\/produit\/dr-mercola-vitamin-d3-29-ml-098-fl-oz\/","name":"DR. MERCOLA Vitamin D3 (29 ml \/ 0,98 fl. oz.) - ECO Supplements","isPartOf":{"@id":"https:\/\/ecosupplements.be\/fr\/#website"},"primaryImageOfPage":{"@id":"https:\/\/ecosupplements.be\/fr\/produit\/dr-mercola-vitamin-d3-29-ml-098-fl-oz\/#primaryimage"},"image":{"@id":"https:\/\/ecosupplements.be\/fr\/produit\/dr-mercola-vitamin-d3-29-ml-098-fl-oz\/#primaryimage"},"thumbnailUrl":"https:\/\/ecosupplements.be\/wp-content\/uploads\/2025\/08\/DR.-MERCOLA-Vitamin-D3-29-ml-098-fl.-oz.jpg","datePublished":"2025-07-25T02:45:24+00:00","dateModified":"2025-08-28T01:33:40+00:00","description":"Wij hebben een ruime keuze aan producten van DR. MERCOLA Vitamin D3 (29 ml \/ 0,98 fl. oz.) . Winkel bij Eco Supplements altijd gratis verzending boven 100\u20ac","breadcrumb":{"@id":"https:\/\/ecosupplements.be\/fr\/produit\/dr-mercola-vitamin-d3-29-ml-098-fl-oz\/#breadcrumb"},"inLanguage":"fr-FR","potentialAction":[{"@type":"ReadAction","target":["https:\/\/ecosupplements.be\/fr\/produit\/dr-mercola-vitamin-d3-29-ml-098-fl-oz\/"]}]},{"@type":"ImageObject","inLanguage":"fr-FR","@id":"https:\/\/ecosupplements.be\/fr\/produit\/dr-mercola-vitamin-d3-29-ml-098-fl-oz\/#primaryimage","url":"https:\/\/ecosupplements.be\/wp-content\/uploads\/2025\/08\/DR.-MERCOLA-Vitamin-D3-29-ml-098-fl.-oz.jpg","contentUrl":"https:\/\/ecosupplements.be\/wp-content\/uploads\/2025\/08\/DR.-MERCOLA-Vitamin-D3-29-ml-098-fl.-oz.jpg","width":508,"height":966},{"@type":"BreadcrumbList","@id":"https:\/\/ecosupplements.be\/fr\/produit\/dr-mercola-vitamin-d3-29-ml-098-fl-oz\/#breadcrumb","itemListElement":[{"@type":"ListItem","position":1,"name":"Home","item":"https:\/\/ecosupplements.be\/fr\/"},{"@type":"ListItem","position":2,"name":"Boutique","item":"https:\/\/ecosupplements.be\/fr\/boutique\/"},{"@type":"ListItem","position":3,"name":"DR. MERCOLA Vitamin D3 (29 ml \/ 0,98 fl. oz.)"}]},{"@type":"WebSite","@id":"https:\/\/ecosupplements.be\/fr\/#website","url":"https:\/\/ecosupplements.be\/fr\/","name":"ECO Supplements","description":"Eco Supplements - Gezonde supplementen","publisher":{"@id":"https:\/\/ecosupplements.be\/fr\/#organization"},"potentialAction":[{"@type":"SearchAction","target":{"@type":"EntryPoint","urlTemplate":"https:\/\/ecosupplements.be\/fr\/?s={search_term_string}"},"query-input":{"@type":"PropertyValueSpecification","valueRequired":true,"valueName":"search_term_string"}}],"inLanguage":"fr-FR"},{"@type":"Organization","@id":"https:\/\/ecosupplements.be\/fr\/#organization","name":"Eco Supplements","url":"https:\/\/ecosupplements.be\/fr\/","logo":{"@type":"ImageObject","inLanguage":"fr-FR","@id":"https:\/\/ecosupplements.be\/fr\/#\/schema\/logo\/image\/","url":"https:\/\/ecosupplements.be\/wp-content\/uploads\/2022\/06\/ecosupplement-family.png","contentUrl":"https:\/\/ecosupplements.be\/wp-content\/uploads\/2022\/06\/ecosupplement-family.png","width":593,"height":374,"caption":"Eco Supplements"},"image":{"@id":"https:\/\/ecosupplements.be\/fr\/#\/schema\/logo\/image\/"}}]},"product_brand":"Dr. Mercola","product_price_amount":"24.17","product_price_currency":"EUR","og_availability":"instock","product_availability":"instock","product_retailer_item_id":"813006014670","product_condition":"new"},"_links":{"self":[{"href":"https:\/\/ecosupplements.be\/fr\/wp-json\/wp\/v2\/product\/300237","targetHints":{"allow":["GET"]}}],"collection":[{"href":"https:\/\/ecosupplements.be\/fr\/wp-json\/wp\/v2\/product"}],"about":[{"href":"https:\/\/ecosupplements.be\/fr\/wp-json\/wp\/v2\/types\/product"}],"replies":[{"embeddable":true,"href":"https:\/\/ecosupplements.be\/fr\/wp-json\/wp\/v2\/comments?post=300237"}],"wp:featuredmedia":[{"embeddable":true,"href":"https:\/\/ecosupplements.be\/fr\/wp-json\/wp\/v2\/media\/274380"}],"wp:attachment":[{"href":"https:\/\/ecosupplements.be\/fr\/wp-json\/wp\/v2\/media?parent=300237"}],"wp:term":[{"taxonomy":"product_brand","embeddable":true,"href":"https:\/\/ecosupplements.be\/fr\/wp-json\/wp\/v2\/product_brand?post=300237"},{"taxonomy":"product_cat","embeddable":true,"href":"https:\/\/ecosupplements.be\/fr\/wp-json\/wp\/v2\/product_cat?post=300237"},{"taxonomy":"product_tag","embeddable":true,"href":"https:\/\/ecosupplements.be\/fr\/wp-json\/wp\/v2\/product_tag?post=300237"}],"curies":[{"name":"wp","href":"https:\/\/api.w.org\/{rel}","templated":true}]}}