{"id":300240,"date":"2025-07-25T03:45:24","date_gmt":"2025-07-25T02:45:24","guid":{"rendered":"https:\/\/ecosupplements.be\/product\/dr-mercola-vitamin-e-30-caps\/"},"modified":"2025-08-28T02:33:43","modified_gmt":"2025-08-28T01:33:43","slug":"dr-mercola-vitamin-e-30-caps","status":"publish","type":"product","link":"https:\/\/ecosupplements.be\/fr\/produit\/dr-mercola-vitamin-e-30-caps\/","title":{"rendered":"DR. MERCOLA Vitamin E (30 caps)"},"content":{"rendered":"<h2 class=\"title\">WITAMINA E z mieszank\u0105 tokotrienoli i tokoferoli (dr Mercola) (30 kapsu\u0142ek Licaps\u00ae)<\/h2>\n<div class=\"rte\">\n<table width=\"554\">\n<tbody>\n<tr>\n<td colspan=\"3\">\n<p><strong>Sk\u0142adniki suplementu diety:\u00a0<\/strong>witamina E, no\u015bnik &#8211; tr\u00f3jglicerydy o \u015bredniej d\u0142ugo\u015bci \u0142a\u0144cucha, kapsu\u0142ka &#8211; celuloza ro\u015blinna<\/p>\n<p><strong>Porcja dzienna:<\/strong>\u00a01 kapsu\u0142ka (Licaps<span>\u00ae<\/span>)<\/p>\n<p><strong>Opakowanie zawiera:<\/strong>\u00a030 kapsu\u0142ek<\/p>\n<\/td>\n<\/tr>\n<tr>\n<td colspan=\"2\">\n<p><strong>Sk\u0142ad w porcji dziennej (1 kapsu\u0142ka)<br \/><\/strong><\/p>\n<\/td>\n<td>\n<p><strong>RWS<\/strong><\/p>\n<\/td>\n<\/tr>\n<tr>\n<td>\n<p>Witamina E (jako D-Alfa Tocoferol)<\/p>\n<\/td>\n<td>\n<p>134 mg<\/p>\n<\/td>\n<td>\n<p>893%<\/p>\n<\/td>\n<\/tr>\n<tr>\n<td>\n<p>Kompleks tokoferoli zawiera:<\/p>\n<p>Alfa-tokoferol<\/p>\n<p>Beta-tokoferol<\/p>\n<p>Gamma-tokoferol<\/p>\n<p>Delta-Tokoferol<\/p>\n<\/td>\n<td>\n<p>25 mg<\/p>\n<\/td>\n<td>\n<p>&#8211;<\/p>\n<\/td>\n<\/tr>\n<tr>\n<td>\n<p>Tokotrienole z palmy i ry\u017cu zawieraj\u0105:<\/p>\n<p>Alfa-tokotrienol<\/p>\n<p>Beta-tokotrienol<\/p>\n<p>Gamma-tokotrienol<\/p>\n<p>Delta-tokotrienol<\/p>\n<\/td>\n<td>\n<p>50 mg<\/p>\n<\/td>\n<td>\n<p>&#8211;<\/p>\n<\/td>\n<\/tr>\n<tr>\n<td colspan=\"3\">\n<p>Nie zawiera soi<\/p>\n<\/td>\n<\/tr>\n<\/tbody>\n<\/table>\n<p>* Referencyjne Warto\u015bci Spo\u017cycia<\/p>\n<p>Witamina E pomaga w ochronie kom\u00f3rek przed stresem oksydacyjnym.<\/p>\n<p>Na rynku jest mn\u00f3stwo suplement\u00f3w witaminy E. Jednak znaczna wi\u0119kszo\u015b\u0107 z nich zawiera soj\u0119 jako \u017ar\u00f3d\u0142o witaminy E.<\/p>\n<p>Szukaj\u0105c dobrej alternatywy Dr Mercola tworz\u0105c ten suplement chcia\u0142 nie tylko unikn\u0105\u0107 soi, ale r\u00f3wnie\u017c mie\u0107 pewno\u015b\u0107, \u017ce witamina E jest naturalnego pochodzenia i nie jest genetycznie modyfikowana. Dlatego wykorzysta\u0142 s\u0142onecznik jako naturalne \u017ar\u00f3d\u0142o wit.E.<\/p>\n<p>Nale\u017cy r\u00f3wnie\u017c zwr\u00f3ci\u0107 uwag\u0119, \u017ce aby odpowiednio uzupe\u0142ni\u0107 diet\u0119 nale\u017cy przyjmowa\u0107 wszystkie 8 form wit.E w odpowiednich ilo\u015bciach.<\/p>\n<p>Je\u015bli suplement wit. E zawiera tylko alfa-tokoferol (syntetyczny lub naturalny), mo\u017ce on usun\u0105\u0107 z organizmu inne tokoferole i tokotrienole.<\/p>\n<p>Jednak preparat Dr Mercoli dostarcza zr\u00f3wnowa\u017con\u0105 ilo\u015b\u0107 wszystkich czterech tokoferoli i tokotrienoli.<\/p>\n<ul>\n<li>Witamina E (jako D-Alfa Tocoferol) \u2013 134 mg<\/li>\n<\/ul>\n<ul>\n<li>Kompleks tokoferoli &#8211; 25 mg alfa-tokoferol, beta-tokoferol, gamma-tokoferol, delta-tokoferol<\/li>\n<\/ul>\n<ul>\n<li>Tokotrienole z palmy i ry\u017cu \u2013 50 mg alfa-tokotrienol, beta-tokotrienol, gamma-tokotrienol, delta-tokotrienol<\/li>\n<\/ul>\n<p> <strong>Spos\u00f3b u\u017cycia<\/strong>: 1 kapsu\u0142ka dziennie <\/p>\n<p><strong>Spos\u00f3b przechowywania<\/strong>: Przechowywa\u0107 w zamkni\u0119tym opakowaniu w temperaturze pokojowej, w miejscu niedost\u0119pnym dla ma\u0142ych dzieci.<\/p>\n<p><strong>Uwagi<\/strong>: Nie nale\u017cy przekracza\u0107 zalecanej porcji do spo\u017cycia w ci\u0105gu dnia. Suplementy diety nie mog\u0105 by\u0107 stosowane jako substytut (zamiennik) zr\u00f3\u017cnicowanej diety. Nie nale\u017cy stosowa\u0107 w przypadku nadwra\u017cliwo\u015bci na jakikolwiek sk\u0142adnik preparatu. Nale\u017cy prowadzi\u0107 zdrowy tryb \u017cycia i r\u00f3\u017cnorodnie si\u0119 od\u017cywia\u0107. Preparatu nie powinny stosowa\u0107 kobiety w ci\u0105\u017cy, karmi\u0105ce piersi\u0105 oraz dzieci i m\u0142odzie\u017c poni\u017cej 18 roku \u017cycia. Nale\u017cy prowadzi\u0107 zdrowy tryb \u017cycia i prawid\u0142owo si\u0119 od\u017cywia\u0107.\u00a0<\/p>\n<\/p><\/div>\n","protected":false},"excerpt":{"rendered":"<p>WITAMINA E z mieszank\u0105 tokotrienoli i tokoferoli (dr Mercola) (30 kapsu\u0142ek Licaps\u00ae) Sk\u0142adniki suplementu diety:\u00a0witamina E, no\u015bnik &#8211; tr\u00f3jglicerydy o \u015bredniej d\u0142ugo\u015bci \u0142a\u0144cucha, kapsu\u0142ka &#8211; celuloza ro\u015blinna Porcja dzienna:\u00a01 kapsu\u0142ka (Licaps\u00ae) Opakowanie zawiera:\u00a030 kapsu\u0142ek Sk\u0142ad w porcji dziennej (1 kapsu\u0142ka) RWS Witamina E (jako D-Alfa Tocoferol) 134 mg 893% Kompleks tokoferoli zawiera: Alfa-tokoferol Beta-tokoferol Gamma-tokoferol [&#8230;]\n","protected":false},"featured_media":274383,"comment_status":"closed","ping_status":"open","template":"","meta":[],"product_brand":[5347],"product_cat":[5053,5059],"product_tag":[],"class_list":{"0":"post-300240","1":"product","2":"type-product","3":"status-publish","4":"has-post-thumbnail","6":"product_brand-dr-mercola-2","7":"product_cat-vitamines-et-mineraux","8":"product_cat-vitamines-simples","10":"first","11":"instock","12":"taxable","13":"shipping-taxable","14":"purchasable","15":"product-type-simple"},"yoast_head":"<!-- This site is optimized with the Yoast SEO Premium plugin v27.3 (Yoast SEO v27.3) - https:\/\/yoast.com\/product\/yoast-seo-premium-wordpress\/ -->\n<title>DR. MERCOLA Vitamin E (30 caps) - ECO Supplements<\/title>\n<meta name=\"description\" content=\"Wij hebben een ruime keuze aan producten van DR. MERCOLA Vitamin E (30 caps) . Winkel bij Eco Supplements altijd gratis verzending boven 100\u20ac\" \/>\n<meta name=\"robots\" content=\"index, follow, max-snippet:-1, max-image-preview:large, max-video-preview:-1\" \/>\n<link rel=\"canonical\" href=\"https:\/\/ecosupplements.be\/fr\/produit\/dr-mercola-vitamin-e-30-caps\/\" \/>\n<meta property=\"og:locale\" content=\"fr_FR\" \/>\n<meta property=\"og:type\" content=\"article\" \/>\n<meta property=\"og:title\" content=\"DR. MERCOLA Vitamin E (30 caps)\" \/>\n<meta property=\"og:description\" content=\"Wij hebben een ruime keuze aan producten van DR. MERCOLA Vitamin E (30 caps) . Winkel bij Eco Supplements altijd gratis verzending boven 100\u20ac\" \/>\n<meta property=\"og:url\" content=\"https:\/\/ecosupplements.be\/fr\/produit\/dr-mercola-vitamin-e-30-caps\/\" \/>\n<meta property=\"og:site_name\" content=\"ECO Supplements\" \/>\n<meta property=\"article:modified_time\" content=\"2025-08-28T01:33:43+00:00\" \/>\n<meta property=\"og:image\" content=\"https:\/\/ecosupplements.be\/wp-content\/uploads\/2025\/08\/Dr.-Mercola-DR.-MERCOLA-Vitamin-E-30-caps.jpg\" \/>\n\t<meta property=\"og:image:width\" content=\"600\" \/>\n\t<meta property=\"og:image:height\" content=\"600\" \/>\n\t<meta property=\"og:image:type\" content=\"image\/jpeg\" \/>\n<meta name=\"twitter:card\" content=\"summary_large_image\" \/>\n<meta name=\"twitter:label1\" content=\"Prix\" \/>\n\t<meta name=\"twitter:data1\" content=\"40.29&nbsp;&euro;\" \/>\n\t<meta name=\"twitter:label2\" content=\"Disponibilit\u00e9\" \/>\n\t<meta name=\"twitter:data2\" content=\"En stock\" \/>\n<script type=\"application\/ld+json\" class=\"yoast-schema-graph\">{\"@context\":\"https:\\\/\\\/schema.org\",\"@graph\":[{\"@type\":[\"WebPage\",\"ItemPage\"],\"@id\":\"https:\\\/\\\/ecosupplements.be\\\/fr\\\/produit\\\/dr-mercola-vitamin-e-30-caps\\\/\",\"url\":\"https:\\\/\\\/ecosupplements.be\\\/fr\\\/produit\\\/dr-mercola-vitamin-e-30-caps\\\/\",\"name\":\"DR. MERCOLA Vitamin E (30 caps) - ECO Supplements\",\"isPartOf\":{\"@id\":\"https:\\\/\\\/ecosupplements.be\\\/fr\\\/#website\"},\"primaryImageOfPage\":{\"@id\":\"https:\\\/\\\/ecosupplements.be\\\/fr\\\/produit\\\/dr-mercola-vitamin-e-30-caps\\\/#primaryimage\"},\"image\":{\"@id\":\"https:\\\/\\\/ecosupplements.be\\\/fr\\\/produit\\\/dr-mercola-vitamin-e-30-caps\\\/#primaryimage\"},\"thumbnailUrl\":\"https:\\\/\\\/ecosupplements.be\\\/wp-content\\\/uploads\\\/2025\\\/08\\\/DR.-MERCOLA-Vitamin-E-30-caps.jpg\",\"datePublished\":\"2025-07-25T02:45:24+00:00\",\"dateModified\":\"2025-08-28T01:33:43+00:00\",\"description\":\"Wij hebben een ruime keuze aan producten van DR. MERCOLA Vitamin E (30 caps) . Winkel bij Eco Supplements altijd gratis verzending boven 100\u20ac\",\"breadcrumb\":{\"@id\":\"https:\\\/\\\/ecosupplements.be\\\/fr\\\/produit\\\/dr-mercola-vitamin-e-30-caps\\\/#breadcrumb\"},\"inLanguage\":\"fr-FR\",\"potentialAction\":[{\"@type\":\"ReadAction\",\"target\":[\"https:\\\/\\\/ecosupplements.be\\\/fr\\\/produit\\\/dr-mercola-vitamin-e-30-caps\\\/\"]}]},{\"@type\":\"ImageObject\",\"inLanguage\":\"fr-FR\",\"@id\":\"https:\\\/\\\/ecosupplements.be\\\/fr\\\/produit\\\/dr-mercola-vitamin-e-30-caps\\\/#primaryimage\",\"url\":\"https:\\\/\\\/ecosupplements.be\\\/wp-content\\\/uploads\\\/2025\\\/08\\\/DR.-MERCOLA-Vitamin-E-30-caps.jpg\",\"contentUrl\":\"https:\\\/\\\/ecosupplements.be\\\/wp-content\\\/uploads\\\/2025\\\/08\\\/DR.-MERCOLA-Vitamin-E-30-caps.jpg\",\"width\":600,\"height\":600},{\"@type\":\"BreadcrumbList\",\"@id\":\"https:\\\/\\\/ecosupplements.be\\\/fr\\\/produit\\\/dr-mercola-vitamin-e-30-caps\\\/#breadcrumb\",\"itemListElement\":[{\"@type\":\"ListItem\",\"position\":1,\"name\":\"Home\",\"item\":\"https:\\\/\\\/ecosupplements.be\\\/fr\\\/\"},{\"@type\":\"ListItem\",\"position\":2,\"name\":\"Boutique\",\"item\":\"https:\\\/\\\/ecosupplements.be\\\/fr\\\/boutique\\\/\"},{\"@type\":\"ListItem\",\"position\":3,\"name\":\"DR. MERCOLA Vitamin E (30 caps)\"}]},{\"@type\":\"WebSite\",\"@id\":\"https:\\\/\\\/ecosupplements.be\\\/fr\\\/#website\",\"url\":\"https:\\\/\\\/ecosupplements.be\\\/fr\\\/\",\"name\":\"ECO Supplements\",\"description\":\"Eco Supplements - Gezonde supplementen\",\"publisher\":{\"@id\":\"https:\\\/\\\/ecosupplements.be\\\/fr\\\/#organization\"},\"potentialAction\":[{\"@type\":\"SearchAction\",\"target\":{\"@type\":\"EntryPoint\",\"urlTemplate\":\"https:\\\/\\\/ecosupplements.be\\\/fr\\\/?s={search_term_string}\"},\"query-input\":{\"@type\":\"PropertyValueSpecification\",\"valueRequired\":true,\"valueName\":\"search_term_string\"}}],\"inLanguage\":\"fr-FR\"},{\"@type\":\"Organization\",\"@id\":\"https:\\\/\\\/ecosupplements.be\\\/fr\\\/#organization\",\"name\":\"Eco Supplements\",\"url\":\"https:\\\/\\\/ecosupplements.be\\\/fr\\\/\",\"logo\":{\"@type\":\"ImageObject\",\"inLanguage\":\"fr-FR\",\"@id\":\"https:\\\/\\\/ecosupplements.be\\\/fr\\\/#\\\/schema\\\/logo\\\/image\\\/\",\"url\":\"https:\\\/\\\/ecosupplements.be\\\/wp-content\\\/uploads\\\/2022\\\/06\\\/ecosupplement-family.png\",\"contentUrl\":\"https:\\\/\\\/ecosupplements.be\\\/wp-content\\\/uploads\\\/2022\\\/06\\\/ecosupplement-family.png\",\"width\":593,\"height\":374,\"caption\":\"Eco Supplements\"},\"image\":{\"@id\":\"https:\\\/\\\/ecosupplements.be\\\/fr\\\/#\\\/schema\\\/logo\\\/image\\\/\"}}]}<\/script>\n<meta property=\"product:brand\" content=\"Dr. Mercola\" \/>\n<meta property=\"product:price:amount\" content=\"40.29\" \/>\n<meta property=\"product:price:currency\" content=\"EUR\" \/>\n<meta property=\"og:availability\" content=\"instock\" \/>\n<meta property=\"product:availability\" content=\"instock\" \/>\n<meta property=\"product:retailer_item_id\" content=\"813006015080\" \/>\n<meta property=\"product:condition\" content=\"new\" \/>\n<!-- \/ Yoast SEO Premium plugin. -->","yoast_head_json":{"title":"DR. MERCOLA Vitamin E (30 caps) - ECO Supplements","description":"Wij hebben een ruime keuze aan producten van DR. MERCOLA Vitamin E (30 caps) . Winkel bij Eco Supplements altijd gratis verzending boven 100\u20ac","robots":{"index":"index","follow":"follow","max-snippet":"max-snippet:-1","max-image-preview":"max-image-preview:large","max-video-preview":"max-video-preview:-1"},"canonical":"https:\/\/ecosupplements.be\/fr\/produit\/dr-mercola-vitamin-e-30-caps\/","og_locale":"fr_FR","og_type":"article","og_title":"DR. MERCOLA Vitamin E (30 caps)","og_description":"Wij hebben een ruime keuze aan producten van DR. MERCOLA Vitamin E (30 caps) . Winkel bij Eco Supplements altijd gratis verzending boven 100\u20ac","og_url":"https:\/\/ecosupplements.be\/fr\/produit\/dr-mercola-vitamin-e-30-caps\/","og_site_name":"ECO Supplements","article_modified_time":"2025-08-28T01:33:43+00:00","og_image":[{"width":600,"height":600,"url":"https:\/\/ecosupplements.be\/wp-content\/uploads\/2025\/08\/Dr.-Mercola-DR.-MERCOLA-Vitamin-E-30-caps.jpg","type":"image\/jpeg"}],"twitter_card":"summary_large_image","twitter_misc":{"Prix":"40.29&nbsp;&euro;","Disponibilit\u00e9":"En stock"},"schema":{"@context":"https:\/\/schema.org","@graph":[{"@type":["WebPage","ItemPage"],"@id":"https:\/\/ecosupplements.be\/fr\/produit\/dr-mercola-vitamin-e-30-caps\/","url":"https:\/\/ecosupplements.be\/fr\/produit\/dr-mercola-vitamin-e-30-caps\/","name":"DR. MERCOLA Vitamin E (30 caps) - ECO Supplements","isPartOf":{"@id":"https:\/\/ecosupplements.be\/fr\/#website"},"primaryImageOfPage":{"@id":"https:\/\/ecosupplements.be\/fr\/produit\/dr-mercola-vitamin-e-30-caps\/#primaryimage"},"image":{"@id":"https:\/\/ecosupplements.be\/fr\/produit\/dr-mercola-vitamin-e-30-caps\/#primaryimage"},"thumbnailUrl":"https:\/\/ecosupplements.be\/wp-content\/uploads\/2025\/08\/DR.-MERCOLA-Vitamin-E-30-caps.jpg","datePublished":"2025-07-25T02:45:24+00:00","dateModified":"2025-08-28T01:33:43+00:00","description":"Wij hebben een ruime keuze aan producten van DR. MERCOLA Vitamin E (30 caps) . Winkel bij Eco Supplements altijd gratis verzending boven 100\u20ac","breadcrumb":{"@id":"https:\/\/ecosupplements.be\/fr\/produit\/dr-mercola-vitamin-e-30-caps\/#breadcrumb"},"inLanguage":"fr-FR","potentialAction":[{"@type":"ReadAction","target":["https:\/\/ecosupplements.be\/fr\/produit\/dr-mercola-vitamin-e-30-caps\/"]}]},{"@type":"ImageObject","inLanguage":"fr-FR","@id":"https:\/\/ecosupplements.be\/fr\/produit\/dr-mercola-vitamin-e-30-caps\/#primaryimage","url":"https:\/\/ecosupplements.be\/wp-content\/uploads\/2025\/08\/DR.-MERCOLA-Vitamin-E-30-caps.jpg","contentUrl":"https:\/\/ecosupplements.be\/wp-content\/uploads\/2025\/08\/DR.-MERCOLA-Vitamin-E-30-caps.jpg","width":600,"height":600},{"@type":"BreadcrumbList","@id":"https:\/\/ecosupplements.be\/fr\/produit\/dr-mercola-vitamin-e-30-caps\/#breadcrumb","itemListElement":[{"@type":"ListItem","position":1,"name":"Home","item":"https:\/\/ecosupplements.be\/fr\/"},{"@type":"ListItem","position":2,"name":"Boutique","item":"https:\/\/ecosupplements.be\/fr\/boutique\/"},{"@type":"ListItem","position":3,"name":"DR. MERCOLA Vitamin E (30 caps)"}]},{"@type":"WebSite","@id":"https:\/\/ecosupplements.be\/fr\/#website","url":"https:\/\/ecosupplements.be\/fr\/","name":"ECO Supplements","description":"Eco Supplements - Gezonde supplementen","publisher":{"@id":"https:\/\/ecosupplements.be\/fr\/#organization"},"potentialAction":[{"@type":"SearchAction","target":{"@type":"EntryPoint","urlTemplate":"https:\/\/ecosupplements.be\/fr\/?s={search_term_string}"},"query-input":{"@type":"PropertyValueSpecification","valueRequired":true,"valueName":"search_term_string"}}],"inLanguage":"fr-FR"},{"@type":"Organization","@id":"https:\/\/ecosupplements.be\/fr\/#organization","name":"Eco Supplements","url":"https:\/\/ecosupplements.be\/fr\/","logo":{"@type":"ImageObject","inLanguage":"fr-FR","@id":"https:\/\/ecosupplements.be\/fr\/#\/schema\/logo\/image\/","url":"https:\/\/ecosupplements.be\/wp-content\/uploads\/2022\/06\/ecosupplement-family.png","contentUrl":"https:\/\/ecosupplements.be\/wp-content\/uploads\/2022\/06\/ecosupplement-family.png","width":593,"height":374,"caption":"Eco Supplements"},"image":{"@id":"https:\/\/ecosupplements.be\/fr\/#\/schema\/logo\/image\/"}}]},"product_brand":"Dr. Mercola","product_price_amount":"40.29","product_price_currency":"EUR","og_availability":"instock","product_availability":"instock","product_retailer_item_id":"813006015080","product_condition":"new"},"_links":{"self":[{"href":"https:\/\/ecosupplements.be\/fr\/wp-json\/wp\/v2\/product\/300240","targetHints":{"allow":["GET"]}}],"collection":[{"href":"https:\/\/ecosupplements.be\/fr\/wp-json\/wp\/v2\/product"}],"about":[{"href":"https:\/\/ecosupplements.be\/fr\/wp-json\/wp\/v2\/types\/product"}],"replies":[{"embeddable":true,"href":"https:\/\/ecosupplements.be\/fr\/wp-json\/wp\/v2\/comments?post=300240"}],"wp:featuredmedia":[{"embeddable":true,"href":"https:\/\/ecosupplements.be\/fr\/wp-json\/wp\/v2\/media\/274383"}],"wp:attachment":[{"href":"https:\/\/ecosupplements.be\/fr\/wp-json\/wp\/v2\/media?parent=300240"}],"wp:term":[{"taxonomy":"product_brand","embeddable":true,"href":"https:\/\/ecosupplements.be\/fr\/wp-json\/wp\/v2\/product_brand?post=300240"},{"taxonomy":"product_cat","embeddable":true,"href":"https:\/\/ecosupplements.be\/fr\/wp-json\/wp\/v2\/product_cat?post=300240"},{"taxonomy":"product_tag","embeddable":true,"href":"https:\/\/ecosupplements.be\/fr\/wp-json\/wp\/v2\/product_tag?post=300240"}],"curies":[{"name":"wp","href":"https:\/\/api.w.org\/{rel}","templated":true}]}}